{"id":1037,"date":"2021-11-29T13:17:37","date_gmt":"2021-11-29T13:17:37","guid":{"rendered":"https:\/\/www.pratikmagazam.com\/?post_type=product&#038;p=1037"},"modified":"2026-01-17T12:12:44","modified_gmt":"2026-01-17T12:12:44","slug":"bagaj-gergi-ahtapot-lastigi-kancali-bisiklet-lastik-kalin-10-mm-x-120-cm-1-adet-bagaj-organizer","status":"publish","type":"product","link":"https:\/\/www.peraavm.com\/index.php\/urun\/bagaj-gergi-ahtapot-lastigi-kancali-bisiklet-lastik-kalin-10-mm-x-120-cm-1-adet-bagaj-organizer\/","title":{"rendered":"Bagaj Gergi Ahtapot Lasti\u011fi Kancal\u0131 Bisiklet Lastik Kal\u0131n 10 Mm X 120 Cm 1 Adet Bagaj Organizer"},"content":{"rendered":"<h3 class=\"detail-name\">Bagaj Gergi Ahtapot Lasti\u011fi Kancal\u0131 Bisiklet Lastik Kal\u0131n 10 Mm X 120 Cm 1 Adet Bagaj Organizer<\/h3>\n<ul class=\"detail-desc-list\">\n<li class=\"detail-desc-item\">Bagaj Gergi Ahtapot Lasti\u011fi Kancal\u0131 Bisiklet Lastik Kal\u0131n 10 Mm X 120 Cm 1 Adet Bagaj Gergi Ahtapot Lasti\u011fi Kancal\u0131 Bisiklet Lastik Kal\u0131n10 mm x 120 cm 1 ADET<\/li>\n<li class=\"detail-desc-item\">Uzunluk: 120 cm<\/li>\n<li class=\"detail-desc-item\">Kal\u0131nl\u0131k: 10 mm<\/li>\n<li class=\"detail-desc-item\">Adet: 1 ADET<\/li>\n<li class=\"detail-desc-item\">\u00c7ekme mukavemeti en az 25 kg&#8217;a kadar \u00e7\u0131kabilir<\/li>\n<li class=\"detail-desc-item\">Hava ko\u015fullar\u0131na dayan\u0131kl\u0131 askeri \u015fartname a\u011f\u0131r bungee kablolar\u0131<\/li>\n<li class=\"detail-desc-item\">Anti-pas korumas\u0131, tamamen ayarlanabilir<\/li>\n<li class=\"detail-desc-item\">Kavrama ve g\u00fcvenlik i\u00e7in her iki kancaya da kau\u00e7uk u\u00e7lar vard\u0131r<\/li>\n<li class=\"detail-desc-item\">Herhangi bir a\u00e7\u0131k hava etkinli\u011finde s\u0131rt \u00e7antan\u0131zda her zaman tutmak i\u00e7in m\u00fckemmel<\/li>\n<li class=\"detail-desc-item\">Kullan\u0131m:<\/li>\n<li class=\"detail-desc-item\">-D\u00fc\u015fen \u00f6\u011feleri \u00f6nlemek i\u00e7in sabit bisiklet, motosiklet, elektrikli otomobil arka koltuk kargo paketlemek i\u00e7in kullan\u0131labilir<\/li>\n<li class=\"detail-desc-item\">-\u00d6\u011feleri d\u00fc\u015fmesini \u00f6nlemek i\u00e7in sabit bagaj\u0131, arabalar\u0131 mal paketlemek i\u00e7in kullan\u0131labilir<\/li>\n<li class=\"detail-desc-item\">-Arac\u0131n d\u00fc\u015fen hava yolcular\u0131n\u0131n yaralanmas\u0131n\u0131 \u00f6nlemek i\u00e7in istinat minib\u00fcs\u00fcn\u00fc engellemek, mallar\u0131n ta\u015f\u0131nmas\u0131 s\u00fcrecinde ko\u00e7luk yapmak i\u00e7in kullan\u0131labilir<\/li>\n<li class=\"detail-desc-item\">-Muhafaza \u00e7it, sabit \u00e7ad\u0131r kullan\u0131labilir.<\/li>\n<li class=\"detail-desc-item\">Kamp, bal\u0131k\u00e7\u0131l\u0131k ve bagaj, spor ve paketlemek i\u00e7in uygun<\/li>\n<li class=\"detail-desc-item\">Her iki ucuda sa\u011flam kancal\u0131d\u0131r<\/li>\n<\/ul>\n","protected":false},"excerpt":{"rendered":"<h3 class=\"detail-name\">Bagaj Gergi Ahtapot Lasti\u011fi Kancal\u0131 Bisiklet Lastik Kal\u0131n 10 Mm X 120 Cm 1 Adet Bagaj Organizer<\/h3>\n<ul class=\"detail-desc-list\">\n<li class=\"detail-desc-item\">Bagaj Gergi Ahtapot Lasti\u011fi Kancal\u0131 Bisiklet Lastik Kal\u0131n 10 Mm X 120 Cm 1 Adet Bagaj Gergi Ahtapot Lasti\u011fi Kancal\u0131 Bisiklet Lastik Kal\u0131n10 mm x 120 cm 1 ADET<\/li>\n<li class=\"detail-desc-item\">Uzunluk: 120 cm<\/li>\n<li class=\"detail-desc-item\">Kal\u0131nl\u0131k: 10 mm<\/li>\n<li class=\"detail-desc-item\">Adet: 1 ADET<\/li>\n<li class=\"detail-desc-item\">\u00c7ekme mukavemeti en az 25 kg&#8217;a kadar \u00e7\u0131kabilir<\/li>\n<li class=\"detail-desc-item\">Hava ko\u015fullar\u0131na dayan\u0131kl\u0131 askeri \u015fartname a\u011f\u0131r bungee kablolar\u0131<\/li>\n<li class=\"detail-desc-item\">Anti-pas korumas\u0131, tamamen ayarlanabilir<\/li>\n<li class=\"detail-desc-item\">Kavrama ve g\u00fcvenlik i\u00e7in her iki kancaya da kau\u00e7uk u\u00e7lar vard\u0131r<\/li>\n<li class=\"detail-desc-item\">Herhangi bir a\u00e7\u0131k hava etkinli\u011finde s\u0131rt \u00e7antan\u0131zda her zaman tutmak i\u00e7in m\u00fckemmel<\/li>\n<li class=\"detail-desc-item\">Kullan\u0131m:<\/li>\n<li class=\"detail-desc-item\">-D\u00fc\u015fen \u00f6\u011feleri \u00f6nlemek i\u00e7in sabit bisiklet, motosiklet, elektrikli otomobil arka koltuk kargo paketlemek i\u00e7in kullan\u0131labilir<\/li>\n<li class=\"detail-desc-item\">-\u00d6\u011feleri d\u00fc\u015fmesini \u00f6nlemek i\u00e7in sabit bagaj\u0131, arabalar\u0131 mal paketlemek i\u00e7in kullan\u0131labilir<\/li>\n<li class=\"detail-desc-item\">-Arac\u0131n d\u00fc\u015fen hava yolcular\u0131n\u0131n yaralanmas\u0131n\u0131 \u00f6nlemek i\u00e7in istinat minib\u00fcs\u00fcn\u00fc engellemek, mallar\u0131n ta\u015f\u0131nmas\u0131 s\u00fcrecinde ko\u00e7luk yapmak i\u00e7in kullan\u0131labilir<\/li>\n<li class=\"detail-desc-item\">-Muhafaza \u00e7it, sabit \u00e7ad\u0131r kullan\u0131labilir.<\/li>\n<li class=\"detail-desc-item\">Kamp, bal\u0131k\u00e7\u0131l\u0131k ve bagaj, spor ve paketlemek i\u00e7in uygun<\/li>\n<li class=\"detail-desc-item\">Her iki ucuda sa\u011flam kancal\u0131d\u0131r<\/li>\n<\/ul>\n","protected":false},"featured_media":1038,"comment_status":"open","ping_status":"closed","template":"","meta":[],"product_brand":[],"product_cat":[46,35,15],"product_tag":[],"class_list":{"0":"post-1037","1":"product","2":"type-product","3":"status-publish","4":"has-post-thumbnail","6":"product_cat-oto-ekipmanlari","7":"product_cat-oto-ve-motor-urunleri","8":"product_cat-tum-urunler","10":"first","11":"instock","12":"sale","13":"taxable","14":"shipping-taxable","15":"purchasable","16":"product-type-simple"},"yoast_head":"<!-- This site is optimized with the Yoast SEO plugin v27.2 - https:\/\/yoast.com\/product\/yoast-seo-wordpress\/ -->\n<title>Bagaj Gergi Ahtapot Lasti\u011fi Kancal\u0131 Bisiklet Lastik Kal\u0131n 10 Mm X 120 Cm 1 Adet Bagaj Organizer |<\/title>\n<meta name=\"description\" content=\"Bagaj Gergi Ahtapot Lasti\u011fi Kancal\u0131 Bisiklet Lastik Kal\u0131n 10 Mm X 120 Cm 1 Adet Bagaj OrganizerBagaj Gergi Ahtapot Lasti\u011fi Kancal\u0131 Bisiklet Lastik Kal\u0131n 10 Mm X 120 Cm 1 Adet Bagaj Gergi Ahtapot Lasti\u011fi Kancal\u0131 Bisiklet Lastik Kal\u0131n10 mm x 120 cm 1 ADETUzunluk: 120 cmKal\u0131nl\u0131k: 10 mmAdet: 1 ADET\u00c7ekme mukavemeti en az 25 kg&#039;a kadar \u00e7\u0131kabilirHava ko\u015fullar\u0131na dayan\u0131kl\u0131 askeri \u015fartname a\u011f\u0131r bungee kablolar\u0131Anti-pas korumas\u0131, tamamen ayarlanabilirKavrama ve g\u00fcvenlik i\u00e7in her iki kancaya da kau\u00e7uk u\u00e7lar vard\u0131rHerhangi bir a\u00e7\u0131k hava etkinli\u011finde s\u0131rt \u00e7antan\u0131zda her zaman tutmak i\u00e7in m\u00fckemmelKullan\u0131m:-D\u00fc\u015fen \u00f6\u011feleri \u00f6nlemek i\u00e7in sabit bisiklet, motosiklet, elektrikli otomobil arka koltuk kargo paketlemek i\u00e7in kullan\u0131labilir-\u00d6\u011feleri d\u00fc\u015fmesini \u00f6nlemek i\u00e7in sabit bagaj\u0131, arabalar\u0131 mal paketlemek i\u00e7in kullan\u0131labilir-Arac\u0131n d\u00fc\u015fen hava yolcular\u0131n\u0131n yaralanmas\u0131n\u0131 \u00f6nlemek i\u00e7in istinat minib\u00fcs\u00fcn\u00fc engellemek, mallar\u0131n ta\u015f\u0131nmas\u0131 s\u00fcrecinde ko\u00e7luk yapmak i\u00e7in kullan\u0131labilir-Muhafaza \u00e7it, sabit \u00e7ad\u0131r kullan\u0131labilir.Kamp, bal\u0131k\u00e7\u0131l\u0131k ve bagaj, spor ve paketlemek i\u00e7in uygunHer iki ucuda sa\u011flam kancal\u0131d\u0131r\" \/>\n<meta name=\"robots\" content=\"index, follow, max-snippet:-1, max-image-preview:large, max-video-preview:-1\" \/>\n<link rel=\"canonical\" href=\"https:\/\/www.peraavm.com\/index.php\/urun\/bagaj-gergi-ahtapot-lastigi-kancali-bisiklet-lastik-kalin-10-mm-x-120-cm-1-adet-bagaj-organizer\/\" \/>\n<meta property=\"og:locale\" content=\"tr_TR\" \/>\n<meta property=\"og:type\" content=\"article\" \/>\n<meta property=\"og:title\" content=\"Bagaj Gergi Ahtapot Lasti\u011fi Kancal\u0131 Bisiklet Lastik Kal\u0131n 10 Mm X 120 Cm 1 Adet Bagaj Organizer |\" \/>\n<meta property=\"og:description\" content=\"Bagaj Gergi Ahtapot Lasti\u011fi Kancal\u0131 Bisiklet Lastik Kal\u0131n 10 Mm X 120 Cm 1 Adet Bagaj OrganizerBagaj Gergi Ahtapot Lasti\u011fi Kancal\u0131 Bisiklet Lastik Kal\u0131n 10 Mm X 120 Cm 1 Adet Bagaj Gergi Ahtapot Lasti\u011fi Kancal\u0131 Bisiklet Lastik Kal\u0131n10 mm x 120 cm 1 ADETUzunluk: 120 cmKal\u0131nl\u0131k: 10 mmAdet: 1 ADET\u00c7ekme mukavemeti en az 25 kg&#039;a kadar \u00e7\u0131kabilirHava ko\u015fullar\u0131na dayan\u0131kl\u0131 askeri \u015fartname a\u011f\u0131r bungee kablolar\u0131Anti-pas korumas\u0131, tamamen ayarlanabilirKavrama ve g\u00fcvenlik i\u00e7in her iki kancaya da kau\u00e7uk u\u00e7lar vard\u0131rHerhangi bir a\u00e7\u0131k hava etkinli\u011finde s\u0131rt \u00e7antan\u0131zda her zaman tutmak i\u00e7in m\u00fckemmelKullan\u0131m:-D\u00fc\u015fen \u00f6\u011feleri \u00f6nlemek i\u00e7in sabit bisiklet, motosiklet, elektrikli otomobil arka koltuk kargo paketlemek i\u00e7in kullan\u0131labilir-\u00d6\u011feleri d\u00fc\u015fmesini \u00f6nlemek i\u00e7in sabit bagaj\u0131, arabalar\u0131 mal paketlemek i\u00e7in kullan\u0131labilir-Arac\u0131n d\u00fc\u015fen hava yolcular\u0131n\u0131n yaralanmas\u0131n\u0131 \u00f6nlemek i\u00e7in istinat minib\u00fcs\u00fcn\u00fc engellemek, mallar\u0131n ta\u015f\u0131nmas\u0131 s\u00fcrecinde ko\u00e7luk yapmak i\u00e7in kullan\u0131labilir-Muhafaza \u00e7it, sabit \u00e7ad\u0131r kullan\u0131labilir.Kamp, bal\u0131k\u00e7\u0131l\u0131k ve bagaj, spor ve paketlemek i\u00e7in uygunHer iki ucuda sa\u011flam kancal\u0131d\u0131r\" \/>\n<meta property=\"og:url\" content=\"https:\/\/www.peraavm.com\/index.php\/urun\/bagaj-gergi-ahtapot-lastigi-kancali-bisiklet-lastik-kalin-10-mm-x-120-cm-1-adet-bagaj-organizer\/\" \/>\n<meta property=\"article:modified_time\" content=\"2026-01-17T12:12:44+00:00\" \/>\n<meta property=\"og:image\" content=\"https:\/\/www.peraavm.com\/wp-content\/uploads\/2021\/11\/23234324.jpg\" \/>\n\t<meta property=\"og:image:width\" content=\"300\" \/>\n\t<meta property=\"og:image:height\" content=\"300\" \/>\n\t<meta property=\"og:image:type\" content=\"image\/jpeg\" \/>\n<meta name=\"twitter:card\" content=\"summary_large_image\" \/>\n<meta name=\"twitter:label1\" content=\"Tahmini okuma s\u00fcresi\" \/>\n\t<meta name=\"twitter:data1\" content=\"1 dakika\" \/>\n<script type=\"application\/ld+json\" class=\"yoast-schema-graph\">{\"@context\":\"https:\/\/schema.org\",\"@graph\":[{\"@type\":\"WebPage\",\"@id\":\"https:\/\/www.peraavm.com\/index.php\/urun\/bagaj-gergi-ahtapot-lastigi-kancali-bisiklet-lastik-kalin-10-mm-x-120-cm-1-adet-bagaj-organizer\/\",\"url\":\"https:\/\/www.peraavm.com\/index.php\/urun\/bagaj-gergi-ahtapot-lastigi-kancali-bisiklet-lastik-kalin-10-mm-x-120-cm-1-adet-bagaj-organizer\/\",\"name\":\"Bagaj Gergi Ahtapot Lasti\u011fi Kancal\u0131 Bisiklet Lastik Kal\u0131n 10 Mm X 120 Cm 1 Adet Bagaj Organizer |\",\"isPartOf\":{\"@id\":\"https:\/\/www.peraavm.com\/#website\"},\"primaryImageOfPage\":{\"@id\":\"https:\/\/www.peraavm.com\/index.php\/urun\/bagaj-gergi-ahtapot-lastigi-kancali-bisiklet-lastik-kalin-10-mm-x-120-cm-1-adet-bagaj-organizer\/#primaryimage\"},\"image\":{\"@id\":\"https:\/\/www.peraavm.com\/index.php\/urun\/bagaj-gergi-ahtapot-lastigi-kancali-bisiklet-lastik-kalin-10-mm-x-120-cm-1-adet-bagaj-organizer\/#primaryimage\"},\"thumbnailUrl\":\"https:\/\/www.peraavm.com\/wp-content\/uploads\/2021\/11\/23234324.jpg\",\"datePublished\":\"2021-11-29T13:17:37+00:00\",\"dateModified\":\"2026-01-17T12:12:44+00:00\",\"description\":\"Bagaj Gergi Ahtapot Lasti\u011fi Kancal\u0131 Bisiklet Lastik Kal\u0131n 10 Mm X 120 Cm 1 Adet Bagaj OrganizerBagaj Gergi Ahtapot Lasti\u011fi Kancal\u0131 Bisiklet Lastik Kal\u0131n 10 Mm X 120 Cm 1 Adet Bagaj Gergi Ahtapot Lasti\u011fi Kancal\u0131 Bisiklet Lastik Kal\u0131n10 mm x 120 cm 1 ADETUzunluk: 120 cmKal\u0131nl\u0131k: 10 mmAdet: 1 ADET\u00c7ekme mukavemeti en az 25 kg'a kadar \u00e7\u0131kabilirHava ko\u015fullar\u0131na dayan\u0131kl\u0131 askeri \u015fartname a\u011f\u0131r bungee kablolar\u0131Anti-pas korumas\u0131, tamamen ayarlanabilirKavrama ve g\u00fcvenlik i\u00e7in her iki kancaya da kau\u00e7uk u\u00e7lar vard\u0131rHerhangi bir a\u00e7\u0131k hava etkinli\u011finde s\u0131rt \u00e7antan\u0131zda her zaman tutmak i\u00e7in m\u00fckemmelKullan\u0131m:-D\u00fc\u015fen \u00f6\u011feleri \u00f6nlemek i\u00e7in sabit bisiklet, motosiklet, elektrikli otomobil arka koltuk kargo paketlemek i\u00e7in kullan\u0131labilir-\u00d6\u011feleri d\u00fc\u015fmesini \u00f6nlemek i\u00e7in sabit bagaj\u0131, arabalar\u0131 mal paketlemek i\u00e7in kullan\u0131labilir-Arac\u0131n d\u00fc\u015fen hava yolcular\u0131n\u0131n yaralanmas\u0131n\u0131 \u00f6nlemek i\u00e7in istinat minib\u00fcs\u00fcn\u00fc engellemek, mallar\u0131n ta\u015f\u0131nmas\u0131 s\u00fcrecinde ko\u00e7luk yapmak i\u00e7in kullan\u0131labilir-Muhafaza \u00e7it, sabit \u00e7ad\u0131r kullan\u0131labilir.Kamp, bal\u0131k\u00e7\u0131l\u0131k ve bagaj, spor ve paketlemek i\u00e7in uygunHer iki ucuda sa\u011flam kancal\u0131d\u0131r\",\"breadcrumb\":{\"@id\":\"https:\/\/www.peraavm.com\/index.php\/urun\/bagaj-gergi-ahtapot-lastigi-kancali-bisiklet-lastik-kalin-10-mm-x-120-cm-1-adet-bagaj-organizer\/#breadcrumb\"},\"inLanguage\":\"tr\",\"potentialAction\":[{\"@type\":\"ReadAction\",\"target\":[\"https:\/\/www.peraavm.com\/index.php\/urun\/bagaj-gergi-ahtapot-lastigi-kancali-bisiklet-lastik-kalin-10-mm-x-120-cm-1-adet-bagaj-organizer\/\"]}]},{\"@type\":\"ImageObject\",\"inLanguage\":\"tr\",\"@id\":\"https:\/\/www.peraavm.com\/index.php\/urun\/bagaj-gergi-ahtapot-lastigi-kancali-bisiklet-lastik-kalin-10-mm-x-120-cm-1-adet-bagaj-organizer\/#primaryimage\",\"url\":\"https:\/\/www.peraavm.com\/wp-content\/uploads\/2021\/11\/23234324.jpg\",\"contentUrl\":\"https:\/\/www.peraavm.com\/wp-content\/uploads\/2021\/11\/23234324.jpg\",\"width\":300,\"height\":300},{\"@type\":\"BreadcrumbList\",\"@id\":\"https:\/\/www.peraavm.com\/index.php\/urun\/bagaj-gergi-ahtapot-lastigi-kancali-bisiklet-lastik-kalin-10-mm-x-120-cm-1-adet-bagaj-organizer\/#breadcrumb\",\"itemListElement\":[{\"@type\":\"ListItem\",\"position\":1,\"name\":\"Anasayfa\",\"item\":\"https:\/\/www.peraavm.com\/\"},{\"@type\":\"ListItem\",\"position\":2,\"name\":\"Magaza\",\"item\":\"https:\/\/www.peraavm.com\/index.php\/magaza\/\"},{\"@type\":\"ListItem\",\"position\":3,\"name\":\"Bagaj Gergi Ahtapot Lasti\u011fi Kancal\u0131 Bisiklet Lastik Kal\u0131n 10 Mm X 120 Cm 1 Adet Bagaj Organizer\"}]},{\"@type\":\"WebSite\",\"@id\":\"https:\/\/www.peraavm.com\/#website\",\"url\":\"https:\/\/www.peraavm.com\/\",\"name\":\"Pratikmagazam.com\",\"description\":\"\",\"publisher\":{\"@id\":\"https:\/\/www.peraavm.com\/#organization\"},\"potentialAction\":[{\"@type\":\"SearchAction\",\"target\":{\"@type\":\"EntryPoint\",\"urlTemplate\":\"https:\/\/www.peraavm.com\/?s={search_term_string}\"},\"query-input\":{\"@type\":\"PropertyValueSpecification\",\"valueRequired\":true,\"valueName\":\"search_term_string\"}}],\"inLanguage\":\"tr\"},{\"@type\":\"Organization\",\"@id\":\"https:\/\/www.peraavm.com\/#organization\",\"name\":\"pratikmagazam.com\",\"url\":\"https:\/\/www.peraavm.com\/\",\"logo\":{\"@type\":\"ImageObject\",\"inLanguage\":\"tr\",\"@id\":\"https:\/\/www.peraavm.com\/#\/schema\/logo\/image\/\",\"url\":\"https:\/\/www.pratikmagazam.com\/wp-content\/uploads\/2021\/11\/Ekran-Resmi-2021-11-17-08.16.13.png\",\"contentUrl\":\"https:\/\/www.pratikmagazam.com\/wp-content\/uploads\/2021\/11\/Ekran-Resmi-2021-11-17-08.16.13.png\",\"width\":477,\"height\":135,\"caption\":\"pratikmagazam.com\"},\"image\":{\"@id\":\"https:\/\/www.peraavm.com\/#\/schema\/logo\/image\/\"},\"sameAs\":[\"https:\/\/instagram.com\/pratikmagazam?utm_medium=copy_link\"]}]}<\/script>\n<!-- \/ Yoast SEO plugin. -->","yoast_head_json":{"title":"Bagaj Gergi Ahtapot Lasti\u011fi Kancal\u0131 Bisiklet Lastik Kal\u0131n 10 Mm X 120 Cm 1 Adet Bagaj Organizer |","description":"Bagaj Gergi Ahtapot Lasti\u011fi Kancal\u0131 Bisiklet Lastik Kal\u0131n 10 Mm X 120 Cm 1 Adet Bagaj OrganizerBagaj Gergi Ahtapot Lasti\u011fi Kancal\u0131 Bisiklet Lastik Kal\u0131n 10 Mm X 120 Cm 1 Adet Bagaj Gergi Ahtapot Lasti\u011fi Kancal\u0131 Bisiklet Lastik Kal\u0131n10 mm x 120 cm 1 ADETUzunluk: 120 cmKal\u0131nl\u0131k: 10 mmAdet: 1 ADET\u00c7ekme mukavemeti en az 25 kg'a kadar \u00e7\u0131kabilirHava ko\u015fullar\u0131na dayan\u0131kl\u0131 askeri \u015fartname a\u011f\u0131r bungee kablolar\u0131Anti-pas korumas\u0131, tamamen ayarlanabilirKavrama ve g\u00fcvenlik i\u00e7in her iki kancaya da kau\u00e7uk u\u00e7lar vard\u0131rHerhangi bir a\u00e7\u0131k hava etkinli\u011finde s\u0131rt \u00e7antan\u0131zda her zaman tutmak i\u00e7in m\u00fckemmelKullan\u0131m:-D\u00fc\u015fen \u00f6\u011feleri \u00f6nlemek i\u00e7in sabit bisiklet, motosiklet, elektrikli otomobil arka koltuk kargo paketlemek i\u00e7in kullan\u0131labilir-\u00d6\u011feleri d\u00fc\u015fmesini \u00f6nlemek i\u00e7in sabit bagaj\u0131, arabalar\u0131 mal paketlemek i\u00e7in kullan\u0131labilir-Arac\u0131n d\u00fc\u015fen hava yolcular\u0131n\u0131n yaralanmas\u0131n\u0131 \u00f6nlemek i\u00e7in istinat minib\u00fcs\u00fcn\u00fc engellemek, mallar\u0131n ta\u015f\u0131nmas\u0131 s\u00fcrecinde ko\u00e7luk yapmak i\u00e7in kullan\u0131labilir-Muhafaza \u00e7it, sabit \u00e7ad\u0131r kullan\u0131labilir.Kamp, bal\u0131k\u00e7\u0131l\u0131k ve bagaj, spor ve paketlemek i\u00e7in uygunHer iki ucuda sa\u011flam kancal\u0131d\u0131r","robots":{"index":"index","follow":"follow","max-snippet":"max-snippet:-1","max-image-preview":"max-image-preview:large","max-video-preview":"max-video-preview:-1"},"canonical":"https:\/\/www.peraavm.com\/index.php\/urun\/bagaj-gergi-ahtapot-lastigi-kancali-bisiklet-lastik-kalin-10-mm-x-120-cm-1-adet-bagaj-organizer\/","og_locale":"tr_TR","og_type":"article","og_title":"Bagaj Gergi Ahtapot Lasti\u011fi Kancal\u0131 Bisiklet Lastik Kal\u0131n 10 Mm X 120 Cm 1 Adet Bagaj Organizer |","og_description":"Bagaj Gergi Ahtapot Lasti\u011fi Kancal\u0131 Bisiklet Lastik Kal\u0131n 10 Mm X 120 Cm 1 Adet Bagaj OrganizerBagaj Gergi Ahtapot Lasti\u011fi Kancal\u0131 Bisiklet Lastik Kal\u0131n 10 Mm X 120 Cm 1 Adet Bagaj Gergi Ahtapot Lasti\u011fi Kancal\u0131 Bisiklet Lastik Kal\u0131n10 mm x 120 cm 1 ADETUzunluk: 120 cmKal\u0131nl\u0131k: 10 mmAdet: 1 ADET\u00c7ekme mukavemeti en az 25 kg'a kadar \u00e7\u0131kabilirHava ko\u015fullar\u0131na dayan\u0131kl\u0131 askeri \u015fartname a\u011f\u0131r bungee kablolar\u0131Anti-pas korumas\u0131, tamamen ayarlanabilirKavrama ve g\u00fcvenlik i\u00e7in her iki kancaya da kau\u00e7uk u\u00e7lar vard\u0131rHerhangi bir a\u00e7\u0131k hava etkinli\u011finde s\u0131rt \u00e7antan\u0131zda her zaman tutmak i\u00e7in m\u00fckemmelKullan\u0131m:-D\u00fc\u015fen \u00f6\u011feleri \u00f6nlemek i\u00e7in sabit bisiklet, motosiklet, elektrikli otomobil arka koltuk kargo paketlemek i\u00e7in kullan\u0131labilir-\u00d6\u011feleri d\u00fc\u015fmesini \u00f6nlemek i\u00e7in sabit bagaj\u0131, arabalar\u0131 mal paketlemek i\u00e7in kullan\u0131labilir-Arac\u0131n d\u00fc\u015fen hava yolcular\u0131n\u0131n yaralanmas\u0131n\u0131 \u00f6nlemek i\u00e7in istinat minib\u00fcs\u00fcn\u00fc engellemek, mallar\u0131n ta\u015f\u0131nmas\u0131 s\u00fcrecinde ko\u00e7luk yapmak i\u00e7in kullan\u0131labilir-Muhafaza \u00e7it, sabit \u00e7ad\u0131r kullan\u0131labilir.Kamp, bal\u0131k\u00e7\u0131l\u0131k ve bagaj, spor ve paketlemek i\u00e7in uygunHer iki ucuda sa\u011flam kancal\u0131d\u0131r","og_url":"https:\/\/www.peraavm.com\/index.php\/urun\/bagaj-gergi-ahtapot-lastigi-kancali-bisiklet-lastik-kalin-10-mm-x-120-cm-1-adet-bagaj-organizer\/","article_modified_time":"2026-01-17T12:12:44+00:00","og_image":[{"width":300,"height":300,"url":"https:\/\/www.peraavm.com\/wp-content\/uploads\/2021\/11\/23234324.jpg","type":"image\/jpeg"}],"twitter_card":"summary_large_image","twitter_misc":{"Tahmini okuma s\u00fcresi":"1 dakika"},"schema":{"@context":"https:\/\/schema.org","@graph":[{"@type":"WebPage","@id":"https:\/\/www.peraavm.com\/index.php\/urun\/bagaj-gergi-ahtapot-lastigi-kancali-bisiklet-lastik-kalin-10-mm-x-120-cm-1-adet-bagaj-organizer\/","url":"https:\/\/www.peraavm.com\/index.php\/urun\/bagaj-gergi-ahtapot-lastigi-kancali-bisiklet-lastik-kalin-10-mm-x-120-cm-1-adet-bagaj-organizer\/","name":"Bagaj Gergi Ahtapot Lasti\u011fi Kancal\u0131 Bisiklet Lastik Kal\u0131n 10 Mm X 120 Cm 1 Adet Bagaj Organizer |","isPartOf":{"@id":"https:\/\/www.peraavm.com\/#website"},"primaryImageOfPage":{"@id":"https:\/\/www.peraavm.com\/index.php\/urun\/bagaj-gergi-ahtapot-lastigi-kancali-bisiklet-lastik-kalin-10-mm-x-120-cm-1-adet-bagaj-organizer\/#primaryimage"},"image":{"@id":"https:\/\/www.peraavm.com\/index.php\/urun\/bagaj-gergi-ahtapot-lastigi-kancali-bisiklet-lastik-kalin-10-mm-x-120-cm-1-adet-bagaj-organizer\/#primaryimage"},"thumbnailUrl":"https:\/\/www.peraavm.com\/wp-content\/uploads\/2021\/11\/23234324.jpg","datePublished":"2021-11-29T13:17:37+00:00","dateModified":"2026-01-17T12:12:44+00:00","description":"Bagaj Gergi Ahtapot Lasti\u011fi Kancal\u0131 Bisiklet Lastik Kal\u0131n 10 Mm X 120 Cm 1 Adet Bagaj OrganizerBagaj Gergi Ahtapot Lasti\u011fi Kancal\u0131 Bisiklet Lastik Kal\u0131n 10 Mm X 120 Cm 1 Adet Bagaj Gergi Ahtapot Lasti\u011fi Kancal\u0131 Bisiklet Lastik Kal\u0131n10 mm x 120 cm 1 ADETUzunluk: 120 cmKal\u0131nl\u0131k: 10 mmAdet: 1 ADET\u00c7ekme mukavemeti en az 25 kg'a kadar \u00e7\u0131kabilirHava ko\u015fullar\u0131na dayan\u0131kl\u0131 askeri \u015fartname a\u011f\u0131r bungee kablolar\u0131Anti-pas korumas\u0131, tamamen ayarlanabilirKavrama ve g\u00fcvenlik i\u00e7in her iki kancaya da kau\u00e7uk u\u00e7lar vard\u0131rHerhangi bir a\u00e7\u0131k hava etkinli\u011finde s\u0131rt \u00e7antan\u0131zda her zaman tutmak i\u00e7in m\u00fckemmelKullan\u0131m:-D\u00fc\u015fen \u00f6\u011feleri \u00f6nlemek i\u00e7in sabit bisiklet, motosiklet, elektrikli otomobil arka koltuk kargo paketlemek i\u00e7in kullan\u0131labilir-\u00d6\u011feleri d\u00fc\u015fmesini \u00f6nlemek i\u00e7in sabit bagaj\u0131, arabalar\u0131 mal paketlemek i\u00e7in kullan\u0131labilir-Arac\u0131n d\u00fc\u015fen hava yolcular\u0131n\u0131n yaralanmas\u0131n\u0131 \u00f6nlemek i\u00e7in istinat minib\u00fcs\u00fcn\u00fc engellemek, mallar\u0131n ta\u015f\u0131nmas\u0131 s\u00fcrecinde ko\u00e7luk yapmak i\u00e7in kullan\u0131labilir-Muhafaza \u00e7it, sabit \u00e7ad\u0131r kullan\u0131labilir.Kamp, bal\u0131k\u00e7\u0131l\u0131k ve bagaj, spor ve paketlemek i\u00e7in uygunHer iki ucuda sa\u011flam kancal\u0131d\u0131r","breadcrumb":{"@id":"https:\/\/www.peraavm.com\/index.php\/urun\/bagaj-gergi-ahtapot-lastigi-kancali-bisiklet-lastik-kalin-10-mm-x-120-cm-1-adet-bagaj-organizer\/#breadcrumb"},"inLanguage":"tr","potentialAction":[{"@type":"ReadAction","target":["https:\/\/www.peraavm.com\/index.php\/urun\/bagaj-gergi-ahtapot-lastigi-kancali-bisiklet-lastik-kalin-10-mm-x-120-cm-1-adet-bagaj-organizer\/"]}]},{"@type":"ImageObject","inLanguage":"tr","@id":"https:\/\/www.peraavm.com\/index.php\/urun\/bagaj-gergi-ahtapot-lastigi-kancali-bisiklet-lastik-kalin-10-mm-x-120-cm-1-adet-bagaj-organizer\/#primaryimage","url":"https:\/\/www.peraavm.com\/wp-content\/uploads\/2021\/11\/23234324.jpg","contentUrl":"https:\/\/www.peraavm.com\/wp-content\/uploads\/2021\/11\/23234324.jpg","width":300,"height":300},{"@type":"BreadcrumbList","@id":"https:\/\/www.peraavm.com\/index.php\/urun\/bagaj-gergi-ahtapot-lastigi-kancali-bisiklet-lastik-kalin-10-mm-x-120-cm-1-adet-bagaj-organizer\/#breadcrumb","itemListElement":[{"@type":"ListItem","position":1,"name":"Anasayfa","item":"https:\/\/www.peraavm.com\/"},{"@type":"ListItem","position":2,"name":"Magaza","item":"https:\/\/www.peraavm.com\/index.php\/magaza\/"},{"@type":"ListItem","position":3,"name":"Bagaj Gergi Ahtapot Lasti\u011fi Kancal\u0131 Bisiklet Lastik Kal\u0131n 10 Mm X 120 Cm 1 Adet Bagaj Organizer"}]},{"@type":"WebSite","@id":"https:\/\/www.peraavm.com\/#website","url":"https:\/\/www.peraavm.com\/","name":"Pratikmagazam.com","description":"","publisher":{"@id":"https:\/\/www.peraavm.com\/#organization"},"potentialAction":[{"@type":"SearchAction","target":{"@type":"EntryPoint","urlTemplate":"https:\/\/www.peraavm.com\/?s={search_term_string}"},"query-input":{"@type":"PropertyValueSpecification","valueRequired":true,"valueName":"search_term_string"}}],"inLanguage":"tr"},{"@type":"Organization","@id":"https:\/\/www.peraavm.com\/#organization","name":"pratikmagazam.com","url":"https:\/\/www.peraavm.com\/","logo":{"@type":"ImageObject","inLanguage":"tr","@id":"https:\/\/www.peraavm.com\/#\/schema\/logo\/image\/","url":"https:\/\/www.pratikmagazam.com\/wp-content\/uploads\/2021\/11\/Ekran-Resmi-2021-11-17-08.16.13.png","contentUrl":"https:\/\/www.pratikmagazam.com\/wp-content\/uploads\/2021\/11\/Ekran-Resmi-2021-11-17-08.16.13.png","width":477,"height":135,"caption":"pratikmagazam.com"},"image":{"@id":"https:\/\/www.peraavm.com\/#\/schema\/logo\/image\/"},"sameAs":["https:\/\/instagram.com\/pratikmagazam?utm_medium=copy_link"]}]}},"_links":{"self":[{"href":"https:\/\/www.peraavm.com\/index.php\/wp-json\/wp\/v2\/product\/1037","targetHints":{"allow":["GET"]}}],"collection":[{"href":"https:\/\/www.peraavm.com\/index.php\/wp-json\/wp\/v2\/product"}],"about":[{"href":"https:\/\/www.peraavm.com\/index.php\/wp-json\/wp\/v2\/types\/product"}],"replies":[{"embeddable":true,"href":"https:\/\/www.peraavm.com\/index.php\/wp-json\/wp\/v2\/comments?post=1037"}],"wp:featuredmedia":[{"embeddable":true,"href":"https:\/\/www.peraavm.com\/index.php\/wp-json\/wp\/v2\/media\/1038"}],"wp:attachment":[{"href":"https:\/\/www.peraavm.com\/index.php\/wp-json\/wp\/v2\/media?parent=1037"}],"wp:term":[{"taxonomy":"product_brand","embeddable":true,"href":"https:\/\/www.peraavm.com\/index.php\/wp-json\/wp\/v2\/product_brand?post=1037"},{"taxonomy":"product_cat","embeddable":true,"href":"https:\/\/www.peraavm.com\/index.php\/wp-json\/wp\/v2\/product_cat?post=1037"},{"taxonomy":"product_tag","embeddable":true,"href":"https:\/\/www.peraavm.com\/index.php\/wp-json\/wp\/v2\/product_tag?post=1037"}],"curies":[{"name":"wp","href":"https:\/\/api.w.org\/{rel}","templated":true}]}}