{"id":1074,"date":"2021-11-30T07:38:29","date_gmt":"2021-11-30T07:38:29","guid":{"rendered":"https:\/\/www.pratikmagazam.com\/?post_type=product&#038;p=1074"},"modified":"2023-12-22T14:14:48","modified_gmt":"2023-12-22T14:14:48","slug":"sporcu-el-bileklik-koruyucu-agri-bandaj-destek-elastik-medikal","status":"publish","type":"product","link":"https:\/\/www.peraavm.com\/index.php\/urun\/sporcu-el-bileklik-koruyucu-agri-bandaj-destek-elastik-medikal\/","title":{"rendered":"Sporcu El Bileklik Koruyucu A\u011fr\u0131 Bandaj Destek Elastik Medikal"},"content":{"rendered":"<h3 class=\"detail-name\">Sporcu El Bileklik Koruyucu A\u011fr\u0131 Bandaj Destek Elastik Medikal<\/h3>\n<ul class=\"detail-desc-list\">\n<li class=\"detail-desc-item\">Sporcu el bilekli\u011fi 2&#8217;li sporcu parmak el bilek avu\u00e7 i\u00e7i koruyucu band<\/li>\n<li class=\"detail-desc-item\">Ba\u015f parmak destek elastik bileklik<\/li>\n<li class=\"detail-desc-item\">\u00dcr\u00fcn \u00f6zellikleri<\/li>\n<li class=\"detail-desc-item\">Parmak ve bile\u011finizi korumaya yard\u0131mc\u0131 olur<\/li>\n<li class=\"detail-desc-item\">\u00d6zellikle bilek kaslar\u0131n\u0131zda koruma sa\u011flar<\/li>\n<li class=\"detail-desc-item\">Kullan\u0131lmas\u0131 kolay olup herhangi bir spor faaliyetinizde kullan\u0131labilir<\/li>\n<li class=\"detail-desc-item\">Makinede y\u0131kanmaz so\u011fuk su ile y\u0131kay\u0131n\u0131z ve a\u00e7\u0131k havada kurutunuz.<\/li>\n<li class=\"detail-desc-item\">Polyester ve lateksten \u00fcretilmi\u015ftir<\/li>\n<li class=\"detail-desc-item\">Paket i\u00e7eri\u011fi: 2 adet elastik bilek, avu\u00e7 i\u00e7i ve ba\u015f parmak destek band\u0131<\/li>\n<\/ul>\n","protected":false},"excerpt":{"rendered":"<h3 class=\"detail-name\">Sporcu El Bileklik Koruyucu A\u011fr\u0131 Bandaj Destek Elastik Medikal<\/h3>\n<ul class=\"detail-desc-list\">\n<li class=\"detail-desc-item\">Sporcu el bilekli\u011fi 2&#8217;li sporcu parmak el bilek avu\u00e7 i\u00e7i koruyucu band<\/li>\n<li class=\"detail-desc-item\">Ba\u015f parmak destek elastik bileklik<\/li>\n<li class=\"detail-desc-item\">\u00dcr\u00fcn \u00f6zellikleri<\/li>\n<li class=\"detail-desc-item\">Parmak ve bile\u011finizi korumaya yard\u0131mc\u0131 olur<\/li>\n<li class=\"detail-desc-item\">\u00d6zellikle bilek kaslar\u0131n\u0131zda koruma sa\u011flar<\/li>\n<li class=\"detail-desc-item\">Kullan\u0131lmas\u0131 kolay olup herhangi bir spor faaliyetinizde kullan\u0131labilir<\/li>\n<li class=\"detail-desc-item\">Makinede y\u0131kanmaz so\u011fuk su ile y\u0131kay\u0131n\u0131z ve a\u00e7\u0131k havada kurutunuz.<\/li>\n<li class=\"detail-desc-item\">Polyester ve lateksten \u00fcretilmi\u015ftir<\/li>\n<li class=\"detail-desc-item\">Paket i\u00e7eri\u011fi: 2 adet elastik bilek, avu\u00e7 i\u00e7i ve ba\u015f parmak destek band\u0131<\/li>\n<\/ul>\n","protected":false},"featured_media":1075,"comment_status":"open","ping_status":"closed","template":"","meta":[],"product_brand":[],"product_cat":[31,41,15],"product_tag":[],"class_list":{"0":"post-1074","1":"product","2":"type-product","3":"status-publish","4":"has-post-thumbnail","6":"product_cat-kisisel-bakim-saglik","7":"product_cat-spor-ekipmanlari","8":"product_cat-tum-urunler","10":"first","11":"instock","12":"sale","13":"taxable","14":"shipping-taxable","15":"purchasable","16":"product-type-simple"},"yoast_head":"<!-- This site is optimized with the Yoast SEO plugin v27.2 - https:\/\/yoast.com\/product\/yoast-seo-wordpress\/ -->\n<title>Sporcu El Bileklik Koruyucu A\u011fr\u0131 Bandaj Destek Elastik Medikal |<\/title>\n<meta name=\"description\" content=\"Sporcu El Bileklik Koruyucu A\u011fr\u0131 Bandaj Destek Elastik MedikalSporcu el bilekli\u011fi 2&#039;li sporcu parmak el bilek avu\u00e7 i\u00e7i koruyucu bandBa\u015f parmak destek elastik bileklik\u00dcr\u00fcn \u00f6zellikleriParmak ve bile\u011finizi korumaya yard\u0131mc\u0131 olur\u00d6zellikle bilek kaslar\u0131n\u0131zda koruma sa\u011flarKullan\u0131lmas\u0131 kolay olup herhangi bir spor faaliyetinizde kullan\u0131labilirMakinede y\u0131kanmaz so\u011fuk su ile y\u0131kay\u0131n\u0131z ve a\u00e7\u0131k havada kurutunuz.Polyester ve lateksten \u00fcretilmi\u015ftirPaket i\u00e7eri\u011fi: 2 adet elastik bilek, avu\u00e7 i\u00e7i ve ba\u015f parmak destek band\u0131\" \/>\n<meta name=\"robots\" content=\"index, follow, max-snippet:-1, max-image-preview:large, max-video-preview:-1\" \/>\n<link rel=\"canonical\" href=\"https:\/\/www.peraavm.com\/index.php\/urun\/sporcu-el-bileklik-koruyucu-agri-bandaj-destek-elastik-medikal\/\" \/>\n<meta property=\"og:locale\" content=\"tr_TR\" \/>\n<meta property=\"og:type\" content=\"article\" \/>\n<meta property=\"og:title\" content=\"Sporcu El Bileklik Koruyucu A\u011fr\u0131 Bandaj Destek Elastik Medikal |\" \/>\n<meta property=\"og:description\" content=\"Sporcu El Bileklik Koruyucu A\u011fr\u0131 Bandaj Destek Elastik MedikalSporcu el bilekli\u011fi 2&#039;li sporcu parmak el bilek avu\u00e7 i\u00e7i koruyucu bandBa\u015f parmak destek elastik bileklik\u00dcr\u00fcn \u00f6zellikleriParmak ve bile\u011finizi korumaya yard\u0131mc\u0131 olur\u00d6zellikle bilek kaslar\u0131n\u0131zda koruma sa\u011flarKullan\u0131lmas\u0131 kolay olup herhangi bir spor faaliyetinizde kullan\u0131labilirMakinede y\u0131kanmaz so\u011fuk su ile y\u0131kay\u0131n\u0131z ve a\u00e7\u0131k havada kurutunuz.Polyester ve lateksten \u00fcretilmi\u015ftirPaket i\u00e7eri\u011fi: 2 adet elastik bilek, avu\u00e7 i\u00e7i ve ba\u015f parmak destek band\u0131\" \/>\n<meta property=\"og:url\" content=\"https:\/\/www.peraavm.com\/index.php\/urun\/sporcu-el-bileklik-koruyucu-agri-bandaj-destek-elastik-medikal\/\" \/>\n<meta property=\"article:modified_time\" content=\"2023-12-22T14:14:48+00:00\" \/>\n<meta property=\"og:image\" content=\"https:\/\/www.peraavm.com\/wp-content\/uploads\/2021\/11\/234234324-copy.jpg\" \/>\n\t<meta property=\"og:image:width\" content=\"300\" \/>\n\t<meta property=\"og:image:height\" content=\"300\" \/>\n\t<meta property=\"og:image:type\" content=\"image\/jpeg\" \/>\n<meta name=\"twitter:card\" content=\"summary_large_image\" \/>\n<meta name=\"twitter:label1\" content=\"Tahmini okuma s\u00fcresi\" \/>\n\t<meta name=\"twitter:data1\" content=\"1 dakika\" \/>\n<script type=\"application\/ld+json\" class=\"yoast-schema-graph\">{\"@context\":\"https:\/\/schema.org\",\"@graph\":[{\"@type\":\"WebPage\",\"@id\":\"https:\/\/www.peraavm.com\/index.php\/urun\/sporcu-el-bileklik-koruyucu-agri-bandaj-destek-elastik-medikal\/\",\"url\":\"https:\/\/www.peraavm.com\/index.php\/urun\/sporcu-el-bileklik-koruyucu-agri-bandaj-destek-elastik-medikal\/\",\"name\":\"Sporcu El Bileklik Koruyucu A\u011fr\u0131 Bandaj Destek Elastik Medikal |\",\"isPartOf\":{\"@id\":\"https:\/\/www.peraavm.com\/#website\"},\"primaryImageOfPage\":{\"@id\":\"https:\/\/www.peraavm.com\/index.php\/urun\/sporcu-el-bileklik-koruyucu-agri-bandaj-destek-elastik-medikal\/#primaryimage\"},\"image\":{\"@id\":\"https:\/\/www.peraavm.com\/index.php\/urun\/sporcu-el-bileklik-koruyucu-agri-bandaj-destek-elastik-medikal\/#primaryimage\"},\"thumbnailUrl\":\"https:\/\/www.peraavm.com\/wp-content\/uploads\/2021\/11\/234234324-copy.jpg\",\"datePublished\":\"2021-11-30T07:38:29+00:00\",\"dateModified\":\"2023-12-22T14:14:48+00:00\",\"description\":\"Sporcu El Bileklik Koruyucu A\u011fr\u0131 Bandaj Destek Elastik MedikalSporcu el bilekli\u011fi 2'li sporcu parmak el bilek avu\u00e7 i\u00e7i koruyucu bandBa\u015f parmak destek elastik bileklik\u00dcr\u00fcn \u00f6zellikleriParmak ve bile\u011finizi korumaya yard\u0131mc\u0131 olur\u00d6zellikle bilek kaslar\u0131n\u0131zda koruma sa\u011flarKullan\u0131lmas\u0131 kolay olup herhangi bir spor faaliyetinizde kullan\u0131labilirMakinede y\u0131kanmaz so\u011fuk su ile y\u0131kay\u0131n\u0131z ve a\u00e7\u0131k havada kurutunuz.Polyester ve lateksten \u00fcretilmi\u015ftirPaket i\u00e7eri\u011fi: 2 adet elastik bilek, avu\u00e7 i\u00e7i ve ba\u015f parmak destek band\u0131\",\"breadcrumb\":{\"@id\":\"https:\/\/www.peraavm.com\/index.php\/urun\/sporcu-el-bileklik-koruyucu-agri-bandaj-destek-elastik-medikal\/#breadcrumb\"},\"inLanguage\":\"tr\",\"potentialAction\":[{\"@type\":\"ReadAction\",\"target\":[\"https:\/\/www.peraavm.com\/index.php\/urun\/sporcu-el-bileklik-koruyucu-agri-bandaj-destek-elastik-medikal\/\"]}]},{\"@type\":\"ImageObject\",\"inLanguage\":\"tr\",\"@id\":\"https:\/\/www.peraavm.com\/index.php\/urun\/sporcu-el-bileklik-koruyucu-agri-bandaj-destek-elastik-medikal\/#primaryimage\",\"url\":\"https:\/\/www.peraavm.com\/wp-content\/uploads\/2021\/11\/234234324-copy.jpg\",\"contentUrl\":\"https:\/\/www.peraavm.com\/wp-content\/uploads\/2021\/11\/234234324-copy.jpg\",\"width\":300,\"height\":300},{\"@type\":\"BreadcrumbList\",\"@id\":\"https:\/\/www.peraavm.com\/index.php\/urun\/sporcu-el-bileklik-koruyucu-agri-bandaj-destek-elastik-medikal\/#breadcrumb\",\"itemListElement\":[{\"@type\":\"ListItem\",\"position\":1,\"name\":\"Anasayfa\",\"item\":\"https:\/\/www.peraavm.com\/\"},{\"@type\":\"ListItem\",\"position\":2,\"name\":\"Magaza\",\"item\":\"https:\/\/www.peraavm.com\/index.php\/magaza\/\"},{\"@type\":\"ListItem\",\"position\":3,\"name\":\"Sporcu El Bileklik Koruyucu A\u011fr\u0131 Bandaj Destek Elastik Medikal\"}]},{\"@type\":\"WebSite\",\"@id\":\"https:\/\/www.peraavm.com\/#website\",\"url\":\"https:\/\/www.peraavm.com\/\",\"name\":\"Pratikmagazam.com\",\"description\":\"\",\"publisher\":{\"@id\":\"https:\/\/www.peraavm.com\/#organization\"},\"potentialAction\":[{\"@type\":\"SearchAction\",\"target\":{\"@type\":\"EntryPoint\",\"urlTemplate\":\"https:\/\/www.peraavm.com\/?s={search_term_string}\"},\"query-input\":{\"@type\":\"PropertyValueSpecification\",\"valueRequired\":true,\"valueName\":\"search_term_string\"}}],\"inLanguage\":\"tr\"},{\"@type\":\"Organization\",\"@id\":\"https:\/\/www.peraavm.com\/#organization\",\"name\":\"pratikmagazam.com\",\"url\":\"https:\/\/www.peraavm.com\/\",\"logo\":{\"@type\":\"ImageObject\",\"inLanguage\":\"tr\",\"@id\":\"https:\/\/www.peraavm.com\/#\/schema\/logo\/image\/\",\"url\":\"https:\/\/www.pratikmagazam.com\/wp-content\/uploads\/2021\/11\/Ekran-Resmi-2021-11-17-08.16.13.png\",\"contentUrl\":\"https:\/\/www.pratikmagazam.com\/wp-content\/uploads\/2021\/11\/Ekran-Resmi-2021-11-17-08.16.13.png\",\"width\":477,\"height\":135,\"caption\":\"pratikmagazam.com\"},\"image\":{\"@id\":\"https:\/\/www.peraavm.com\/#\/schema\/logo\/image\/\"},\"sameAs\":[\"https:\/\/instagram.com\/pratikmagazam?utm_medium=copy_link\"]}]}<\/script>\n<!-- \/ Yoast SEO plugin. -->","yoast_head_json":{"title":"Sporcu El Bileklik Koruyucu A\u011fr\u0131 Bandaj Destek Elastik Medikal |","description":"Sporcu El Bileklik Koruyucu A\u011fr\u0131 Bandaj Destek Elastik MedikalSporcu el bilekli\u011fi 2'li sporcu parmak el bilek avu\u00e7 i\u00e7i koruyucu bandBa\u015f parmak destek elastik bileklik\u00dcr\u00fcn \u00f6zellikleriParmak ve bile\u011finizi korumaya yard\u0131mc\u0131 olur\u00d6zellikle bilek kaslar\u0131n\u0131zda koruma sa\u011flarKullan\u0131lmas\u0131 kolay olup herhangi bir spor faaliyetinizde kullan\u0131labilirMakinede y\u0131kanmaz so\u011fuk su ile y\u0131kay\u0131n\u0131z ve a\u00e7\u0131k havada kurutunuz.Polyester ve lateksten \u00fcretilmi\u015ftirPaket i\u00e7eri\u011fi: 2 adet elastik bilek, avu\u00e7 i\u00e7i ve ba\u015f parmak destek band\u0131","robots":{"index":"index","follow":"follow","max-snippet":"max-snippet:-1","max-image-preview":"max-image-preview:large","max-video-preview":"max-video-preview:-1"},"canonical":"https:\/\/www.peraavm.com\/index.php\/urun\/sporcu-el-bileklik-koruyucu-agri-bandaj-destek-elastik-medikal\/","og_locale":"tr_TR","og_type":"article","og_title":"Sporcu El Bileklik Koruyucu A\u011fr\u0131 Bandaj Destek Elastik Medikal |","og_description":"Sporcu El Bileklik Koruyucu A\u011fr\u0131 Bandaj Destek Elastik MedikalSporcu el bilekli\u011fi 2'li sporcu parmak el bilek avu\u00e7 i\u00e7i koruyucu bandBa\u015f parmak destek elastik bileklik\u00dcr\u00fcn \u00f6zellikleriParmak ve bile\u011finizi korumaya yard\u0131mc\u0131 olur\u00d6zellikle bilek kaslar\u0131n\u0131zda koruma sa\u011flarKullan\u0131lmas\u0131 kolay olup herhangi bir spor faaliyetinizde kullan\u0131labilirMakinede y\u0131kanmaz so\u011fuk su ile y\u0131kay\u0131n\u0131z ve a\u00e7\u0131k havada kurutunuz.Polyester ve lateksten \u00fcretilmi\u015ftirPaket i\u00e7eri\u011fi: 2 adet elastik bilek, avu\u00e7 i\u00e7i ve ba\u015f parmak destek band\u0131","og_url":"https:\/\/www.peraavm.com\/index.php\/urun\/sporcu-el-bileklik-koruyucu-agri-bandaj-destek-elastik-medikal\/","article_modified_time":"2023-12-22T14:14:48+00:00","og_image":[{"width":300,"height":300,"url":"https:\/\/www.peraavm.com\/wp-content\/uploads\/2021\/11\/234234324-copy.jpg","type":"image\/jpeg"}],"twitter_card":"summary_large_image","twitter_misc":{"Tahmini okuma s\u00fcresi":"1 dakika"},"schema":{"@context":"https:\/\/schema.org","@graph":[{"@type":"WebPage","@id":"https:\/\/www.peraavm.com\/index.php\/urun\/sporcu-el-bileklik-koruyucu-agri-bandaj-destek-elastik-medikal\/","url":"https:\/\/www.peraavm.com\/index.php\/urun\/sporcu-el-bileklik-koruyucu-agri-bandaj-destek-elastik-medikal\/","name":"Sporcu El Bileklik Koruyucu A\u011fr\u0131 Bandaj Destek Elastik Medikal |","isPartOf":{"@id":"https:\/\/www.peraavm.com\/#website"},"primaryImageOfPage":{"@id":"https:\/\/www.peraavm.com\/index.php\/urun\/sporcu-el-bileklik-koruyucu-agri-bandaj-destek-elastik-medikal\/#primaryimage"},"image":{"@id":"https:\/\/www.peraavm.com\/index.php\/urun\/sporcu-el-bileklik-koruyucu-agri-bandaj-destek-elastik-medikal\/#primaryimage"},"thumbnailUrl":"https:\/\/www.peraavm.com\/wp-content\/uploads\/2021\/11\/234234324-copy.jpg","datePublished":"2021-11-30T07:38:29+00:00","dateModified":"2023-12-22T14:14:48+00:00","description":"Sporcu El Bileklik Koruyucu A\u011fr\u0131 Bandaj Destek Elastik MedikalSporcu el bilekli\u011fi 2'li sporcu parmak el bilek avu\u00e7 i\u00e7i koruyucu bandBa\u015f parmak destek elastik bileklik\u00dcr\u00fcn \u00f6zellikleriParmak ve bile\u011finizi korumaya yard\u0131mc\u0131 olur\u00d6zellikle bilek kaslar\u0131n\u0131zda koruma sa\u011flarKullan\u0131lmas\u0131 kolay olup herhangi bir spor faaliyetinizde kullan\u0131labilirMakinede y\u0131kanmaz so\u011fuk su ile y\u0131kay\u0131n\u0131z ve a\u00e7\u0131k havada kurutunuz.Polyester ve lateksten \u00fcretilmi\u015ftirPaket i\u00e7eri\u011fi: 2 adet elastik bilek, avu\u00e7 i\u00e7i ve ba\u015f parmak destek band\u0131","breadcrumb":{"@id":"https:\/\/www.peraavm.com\/index.php\/urun\/sporcu-el-bileklik-koruyucu-agri-bandaj-destek-elastik-medikal\/#breadcrumb"},"inLanguage":"tr","potentialAction":[{"@type":"ReadAction","target":["https:\/\/www.peraavm.com\/index.php\/urun\/sporcu-el-bileklik-koruyucu-agri-bandaj-destek-elastik-medikal\/"]}]},{"@type":"ImageObject","inLanguage":"tr","@id":"https:\/\/www.peraavm.com\/index.php\/urun\/sporcu-el-bileklik-koruyucu-agri-bandaj-destek-elastik-medikal\/#primaryimage","url":"https:\/\/www.peraavm.com\/wp-content\/uploads\/2021\/11\/234234324-copy.jpg","contentUrl":"https:\/\/www.peraavm.com\/wp-content\/uploads\/2021\/11\/234234324-copy.jpg","width":300,"height":300},{"@type":"BreadcrumbList","@id":"https:\/\/www.peraavm.com\/index.php\/urun\/sporcu-el-bileklik-koruyucu-agri-bandaj-destek-elastik-medikal\/#breadcrumb","itemListElement":[{"@type":"ListItem","position":1,"name":"Anasayfa","item":"https:\/\/www.peraavm.com\/"},{"@type":"ListItem","position":2,"name":"Magaza","item":"https:\/\/www.peraavm.com\/index.php\/magaza\/"},{"@type":"ListItem","position":3,"name":"Sporcu El Bileklik Koruyucu A\u011fr\u0131 Bandaj Destek Elastik Medikal"}]},{"@type":"WebSite","@id":"https:\/\/www.peraavm.com\/#website","url":"https:\/\/www.peraavm.com\/","name":"Pratikmagazam.com","description":"","publisher":{"@id":"https:\/\/www.peraavm.com\/#organization"},"potentialAction":[{"@type":"SearchAction","target":{"@type":"EntryPoint","urlTemplate":"https:\/\/www.peraavm.com\/?s={search_term_string}"},"query-input":{"@type":"PropertyValueSpecification","valueRequired":true,"valueName":"search_term_string"}}],"inLanguage":"tr"},{"@type":"Organization","@id":"https:\/\/www.peraavm.com\/#organization","name":"pratikmagazam.com","url":"https:\/\/www.peraavm.com\/","logo":{"@type":"ImageObject","inLanguage":"tr","@id":"https:\/\/www.peraavm.com\/#\/schema\/logo\/image\/","url":"https:\/\/www.pratikmagazam.com\/wp-content\/uploads\/2021\/11\/Ekran-Resmi-2021-11-17-08.16.13.png","contentUrl":"https:\/\/www.pratikmagazam.com\/wp-content\/uploads\/2021\/11\/Ekran-Resmi-2021-11-17-08.16.13.png","width":477,"height":135,"caption":"pratikmagazam.com"},"image":{"@id":"https:\/\/www.peraavm.com\/#\/schema\/logo\/image\/"},"sameAs":["https:\/\/instagram.com\/pratikmagazam?utm_medium=copy_link"]}]}},"_links":{"self":[{"href":"https:\/\/www.peraavm.com\/index.php\/wp-json\/wp\/v2\/product\/1074","targetHints":{"allow":["GET"]}}],"collection":[{"href":"https:\/\/www.peraavm.com\/index.php\/wp-json\/wp\/v2\/product"}],"about":[{"href":"https:\/\/www.peraavm.com\/index.php\/wp-json\/wp\/v2\/types\/product"}],"replies":[{"embeddable":true,"href":"https:\/\/www.peraavm.com\/index.php\/wp-json\/wp\/v2\/comments?post=1074"}],"wp:featuredmedia":[{"embeddable":true,"href":"https:\/\/www.peraavm.com\/index.php\/wp-json\/wp\/v2\/media\/1075"}],"wp:attachment":[{"href":"https:\/\/www.peraavm.com\/index.php\/wp-json\/wp\/v2\/media?parent=1074"}],"wp:term":[{"taxonomy":"product_brand","embeddable":true,"href":"https:\/\/www.peraavm.com\/index.php\/wp-json\/wp\/v2\/product_brand?post=1074"},{"taxonomy":"product_cat","embeddable":true,"href":"https:\/\/www.peraavm.com\/index.php\/wp-json\/wp\/v2\/product_cat?post=1074"},{"taxonomy":"product_tag","embeddable":true,"href":"https:\/\/www.peraavm.com\/index.php\/wp-json\/wp\/v2\/product_tag?post=1074"}],"curies":[{"name":"wp","href":"https:\/\/api.w.org\/{rel}","templated":true}]}}