{"id":1153,"date":"2021-11-30T12:19:40","date_gmt":"2021-11-30T12:19:40","guid":{"rendered":"https:\/\/www.pratikmagazam.com\/?post_type=product&#038;p=1153"},"modified":"2026-01-17T19:06:54","modified_gmt":"2026-01-17T19:06:54","slug":"hang-it-dolap-kapagi-ve-cekmece-ustu-havlu-askisi","status":"publish","type":"product","link":"https:\/\/www.peraavm.com\/index.php\/urun\/hang-it-dolap-kapagi-ve-cekmece-ustu-havlu-askisi\/","title":{"rendered":"Hang It Dolap Kapa\u011f\u0131 Ve \u00c7ekmece \u00dcst\u00fc Havlu Ask\u0131s\u0131"},"content":{"rendered":"<h3 class=\"detail-name\">Hang It Dolap Kapa\u011f\u0131 Ve \u00c7ekmece \u00dcst\u00fc Havlu Ask\u0131s\u0131<\/h3>\n<ul class=\"detail-desc-list\">\n<li class=\"detail-desc-item\">Hang It Dolap Kapa\u011f\u0131 ve \u00c7ekmece \u00dcst\u00fc Havlu Ask\u0131s\u0131 Hang It Dolap Kapa\u011f\u0131 ve \u00c7ekmece \u00dcst\u00fc Havlu Ask\u0131s\u0131<\/li>\n<li class=\"detail-desc-item\">Pratik yap\u0131s\u0131 ile her boyutta mutfak dolab\u0131na uyumlu<\/li>\n<li class=\"detail-desc-item\">Pratik ve Kullan\u0131\u015fl\u0131 ask\u0131<\/li>\n<li class=\"detail-desc-item\">Her an havlular\u0131n\u0131za kolayca eri\u015febilirsiniz.<\/li>\n<li class=\"detail-desc-item\">Sadece mutfak dolaplar\u0131nda de\u011fil banyoda yer alan dolap ve \u00e7ekmecelerde de aktif bir \u015fekilde kullanabilirsiniz.<\/li>\n<li class=\"detail-desc-item\">\u0130ster oca\u011f\u0131n\u0131z\u0131n yan\u0131ndaki kapa\u011fa, ister \u00e7ekmecelerinizin \u00fczerine asabilirsiniz.<\/li>\n<li class=\"detail-desc-item\">T\u00fcm mutfak dolaplar\u0131na uyumludur.<\/li>\n<li class=\"detail-desc-item\">Sert ABS plastikten \u00fcretilmi\u015ftir<\/li>\n<li class=\"detail-desc-item\">2 cm ve daha k\u00fc\u00e7\u00fck kal\u0131nl\u0131ktaki t\u00fcm \u00e7ekmece ve dolap kapaklar\u0131na uyar.<\/li>\n<li class=\"detail-desc-item\">Dayan\u0131kl\u0131 yap\u0131s\u0131 sayesinde uzun s\u00fcreli kullan\u0131ma uygundur.<\/li>\n<li class=\"detail-desc-item\">Kullan\u0131m\u0131 kolay ve pratikitir.<\/li>\n<li class=\"detail-desc-item\">Elde y\u0131kanmas\u0131 tavsiye edilir.<\/li>\n<li class=\"detail-desc-item\">\u00dcr\u00fcn Renkleri:Hepsi birbirinden \u015f\u0131k &#8211; Mor, Ye\u015fil ,Mavi, Gri, K\u0131rm\u0131z\u0131, Turuncu<\/li>\n<li class=\"detail-desc-item\">\u00dcr\u00fcn, stok durumuna g\u00f6re asorti kar\u0131\u015f\u0131k renk olarak g\u00f6nderilecektir.<\/li>\n<li class=\"detail-desc-item\">Paket \u0130\u00e7eri\u011fi: 1 Adet Hang It Dolap Kapa\u011f\u0131 ve \u00c7ekmece \u00dcst\u00fc Havlu Ask\u0131s\u0131<\/li>\n<\/ul>\n","protected":false},"excerpt":{"rendered":"<h3 class=\"detail-name\">Hang It Dolap Kapa\u011f\u0131 Ve \u00c7ekmece \u00dcst\u00fc Havlu Ask\u0131s\u0131<\/h3>\n<ul class=\"detail-desc-list\">\n<li class=\"detail-desc-item\">Hang It Dolap Kapa\u011f\u0131 ve \u00c7ekmece \u00dcst\u00fc Havlu Ask\u0131s\u0131 Hang It Dolap Kapa\u011f\u0131 ve \u00c7ekmece \u00dcst\u00fc Havlu Ask\u0131s\u0131<\/li>\n<li class=\"detail-desc-item\">Pratik yap\u0131s\u0131 ile her boyutta mutfak dolab\u0131na uyumlu<\/li>\n<li class=\"detail-desc-item\">Pratik ve Kullan\u0131\u015fl\u0131 ask\u0131<\/li>\n<li class=\"detail-desc-item\">Her an havlular\u0131n\u0131za kolayca eri\u015febilirsiniz.<\/li>\n<li class=\"detail-desc-item\">Sadece mutfak dolaplar\u0131nda de\u011fil banyoda yer alan dolap ve \u00e7ekmecelerde de aktif bir \u015fekilde kullanabilirsiniz.<\/li>\n<li class=\"detail-desc-item\">\u0130ster oca\u011f\u0131n\u0131z\u0131n yan\u0131ndaki kapa\u011fa, ister \u00e7ekmecelerinizin \u00fczerine asabilirsiniz.<\/li>\n<li class=\"detail-desc-item\">T\u00fcm mutfak dolaplar\u0131na uyumludur.<\/li>\n<li class=\"detail-desc-item\">Sert ABS plastikten \u00fcretilmi\u015ftir<\/li>\n<li class=\"detail-desc-item\">2 cm ve daha k\u00fc\u00e7\u00fck kal\u0131nl\u0131ktaki t\u00fcm \u00e7ekmece ve dolap kapaklar\u0131na uyar.<\/li>\n<li class=\"detail-desc-item\">Dayan\u0131kl\u0131 yap\u0131s\u0131 sayesinde uzun s\u00fcreli kullan\u0131ma uygundur.<\/li>\n<li class=\"detail-desc-item\">Kullan\u0131m\u0131 kolay ve pratikitir.<\/li>\n<li class=\"detail-desc-item\">Elde y\u0131kanmas\u0131 tavsiye edilir.<\/li>\n<li class=\"detail-desc-item\">\u00dcr\u00fcn Renkleri:Hepsi birbirinden \u015f\u0131k &#8211; Mor, Ye\u015fil ,Mavi, Gri, K\u0131rm\u0131z\u0131, Turuncu<\/li>\n<li class=\"detail-desc-item\">\u00dcr\u00fcn, stok durumuna g\u00f6re asorti kar\u0131\u015f\u0131k renk olarak g\u00f6nderilecektir.<\/li>\n<li class=\"detail-desc-item\">Paket \u0130\u00e7eri\u011fi: 1 Adet Hang It Dolap Kapa\u011f\u0131 ve \u00c7ekmece \u00dcst\u00fc Havlu Ask\u0131s\u0131<\/li>\n<\/ul>\n","protected":false},"featured_media":1154,"comment_status":"open","ping_status":"closed","template":"","meta":[],"product_brand":[],"product_cat":[30,37,29,15],"product_tag":[],"class_list":{"0":"post-1153","1":"product","2":"type-product","3":"status-publish","4":"has-post-thumbnail","6":"product_cat-banyo-gerecleri","7":"product_cat-ev-gerecleri","8":"product_cat-mutfak-gerecleri","9":"product_cat-tum-urunler","11":"first","12":"instock","13":"sale","14":"taxable","15":"shipping-taxable","16":"purchasable","17":"product-type-variable"},"yoast_head":"<!-- This site is optimized with the Yoast SEO plugin v27.2 - https:\/\/yoast.com\/product\/yoast-seo-wordpress\/ -->\n<title>Hang It Dolap Kapa\u011f\u0131 Ve \u00c7ekmece \u00dcst\u00fc Havlu Ask\u0131s\u0131 |<\/title>\n<meta name=\"description\" content=\"Hang It Dolap Kapa\u011f\u0131 Ve \u00c7ekmece \u00dcst\u00fc Havlu Ask\u0131s\u0131Hang It Dolap Kapa\u011f\u0131 ve \u00c7ekmece \u00dcst\u00fc Havlu Ask\u0131s\u0131 Hang It Dolap Kapa\u011f\u0131 ve \u00c7ekmece \u00dcst\u00fc Havlu Ask\u0131s\u0131Pratik yap\u0131s\u0131 ile her boyutta mutfak dolab\u0131na uyumluPratik ve Kullan\u0131\u015fl\u0131 ask\u0131Her an havlular\u0131n\u0131za kolayca eri\u015febilirsiniz.Sadece mutfak dolaplar\u0131nda de\u011fil banyoda yer alan dolap ve \u00e7ekmecelerde de aktif bir \u015fekilde kullanabilirsiniz.\u0130ster oca\u011f\u0131n\u0131z\u0131n yan\u0131ndaki kapa\u011fa, ister \u00e7ekmecelerinizin \u00fczerine asabilirsiniz.T\u00fcm mutfak dolaplar\u0131na uyumludur.Sert ABS plastikten \u00fcretilmi\u015ftir2 cm ve daha k\u00fc\u00e7\u00fck kal\u0131nl\u0131ktaki t\u00fcm \u00e7ekmece ve dolap kapaklar\u0131na uyar.Dayan\u0131kl\u0131 yap\u0131s\u0131 sayesinde uzun s\u00fcreli kullan\u0131ma uygundur.Kullan\u0131m\u0131 kolay ve pratikitir.Elde y\u0131kanmas\u0131 tavsiye edilir.\u00a0\u00dcr\u00fcn Renkleri:Hepsi birbirinden \u015f\u0131k - Mor, Ye\u015fil ,Mavi, Gri, K\u0131rm\u0131z\u0131, Turuncu\u00dcr\u00fcn, stok durumuna g\u00f6re asorti kar\u0131\u015f\u0131k renk olarak g\u00f6nderilecektir.Paket \u0130\u00e7eri\u011fi: 1 Adet Hang It Dolap Kapa\u011f\u0131 ve \u00c7ekmece \u00dcst\u00fc Havlu Ask\u0131s\u0131\" \/>\n<meta name=\"robots\" content=\"index, follow, max-snippet:-1, max-image-preview:large, max-video-preview:-1\" \/>\n<link rel=\"canonical\" href=\"https:\/\/www.peraavm.com\/index.php\/urun\/hang-it-dolap-kapagi-ve-cekmece-ustu-havlu-askisi\/\" \/>\n<meta property=\"og:locale\" content=\"tr_TR\" \/>\n<meta property=\"og:type\" content=\"article\" \/>\n<meta property=\"og:title\" content=\"Hang It Dolap Kapa\u011f\u0131 Ve \u00c7ekmece \u00dcst\u00fc Havlu Ask\u0131s\u0131 |\" \/>\n<meta property=\"og:description\" content=\"Hang It Dolap Kapa\u011f\u0131 Ve \u00c7ekmece \u00dcst\u00fc Havlu Ask\u0131s\u0131Hang It Dolap Kapa\u011f\u0131 ve \u00c7ekmece \u00dcst\u00fc Havlu Ask\u0131s\u0131 Hang It Dolap Kapa\u011f\u0131 ve \u00c7ekmece \u00dcst\u00fc Havlu Ask\u0131s\u0131Pratik yap\u0131s\u0131 ile her boyutta mutfak dolab\u0131na uyumluPratik ve Kullan\u0131\u015fl\u0131 ask\u0131Her an havlular\u0131n\u0131za kolayca eri\u015febilirsiniz.Sadece mutfak dolaplar\u0131nda de\u011fil banyoda yer alan dolap ve \u00e7ekmecelerde de aktif bir \u015fekilde kullanabilirsiniz.\u0130ster oca\u011f\u0131n\u0131z\u0131n yan\u0131ndaki kapa\u011fa, ister \u00e7ekmecelerinizin \u00fczerine asabilirsiniz.T\u00fcm mutfak dolaplar\u0131na uyumludur.Sert ABS plastikten \u00fcretilmi\u015ftir2 cm ve daha k\u00fc\u00e7\u00fck kal\u0131nl\u0131ktaki t\u00fcm \u00e7ekmece ve dolap kapaklar\u0131na uyar.Dayan\u0131kl\u0131 yap\u0131s\u0131 sayesinde uzun s\u00fcreli kullan\u0131ma uygundur.Kullan\u0131m\u0131 kolay ve pratikitir.Elde y\u0131kanmas\u0131 tavsiye edilir.\u00a0\u00dcr\u00fcn Renkleri:Hepsi birbirinden \u015f\u0131k - Mor, Ye\u015fil ,Mavi, Gri, K\u0131rm\u0131z\u0131, Turuncu\u00dcr\u00fcn, stok durumuna g\u00f6re asorti kar\u0131\u015f\u0131k renk olarak g\u00f6nderilecektir.Paket \u0130\u00e7eri\u011fi: 1 Adet Hang It Dolap Kapa\u011f\u0131 ve \u00c7ekmece \u00dcst\u00fc Havlu Ask\u0131s\u0131\" \/>\n<meta property=\"og:url\" content=\"https:\/\/www.peraavm.com\/index.php\/urun\/hang-it-dolap-kapagi-ve-cekmece-ustu-havlu-askisi\/\" \/>\n<meta property=\"article:modified_time\" content=\"2026-01-17T19:06:54+00:00\" \/>\n<meta property=\"og:image\" content=\"https:\/\/www.peraavm.com\/wp-content\/uploads\/2021\/11\/tyrty.jpg\" \/>\n\t<meta property=\"og:image:width\" content=\"300\" \/>\n\t<meta property=\"og:image:height\" content=\"300\" \/>\n\t<meta property=\"og:image:type\" content=\"image\/jpeg\" \/>\n<meta name=\"twitter:card\" content=\"summary_large_image\" \/>\n<meta name=\"twitter:label1\" content=\"Tahmini okuma s\u00fcresi\" \/>\n\t<meta name=\"twitter:data1\" content=\"2 dakika\" \/>\n<script type=\"application\/ld+json\" class=\"yoast-schema-graph\">{\"@context\":\"https:\/\/schema.org\",\"@graph\":[{\"@type\":\"WebPage\",\"@id\":\"https:\/\/www.peraavm.com\/index.php\/urun\/hang-it-dolap-kapagi-ve-cekmece-ustu-havlu-askisi\/\",\"url\":\"https:\/\/www.peraavm.com\/index.php\/urun\/hang-it-dolap-kapagi-ve-cekmece-ustu-havlu-askisi\/\",\"name\":\"Hang It Dolap Kapa\u011f\u0131 Ve \u00c7ekmece \u00dcst\u00fc Havlu Ask\u0131s\u0131 |\",\"isPartOf\":{\"@id\":\"https:\/\/www.peraavm.com\/#website\"},\"primaryImageOfPage\":{\"@id\":\"https:\/\/www.peraavm.com\/index.php\/urun\/hang-it-dolap-kapagi-ve-cekmece-ustu-havlu-askisi\/#primaryimage\"},\"image\":{\"@id\":\"https:\/\/www.peraavm.com\/index.php\/urun\/hang-it-dolap-kapagi-ve-cekmece-ustu-havlu-askisi\/#primaryimage\"},\"thumbnailUrl\":\"https:\/\/www.peraavm.com\/wp-content\/uploads\/2021\/11\/tyrty.jpg\",\"datePublished\":\"2021-11-30T12:19:40+00:00\",\"dateModified\":\"2026-01-17T19:06:54+00:00\",\"description\":\"Hang It Dolap Kapa\u011f\u0131 Ve \u00c7ekmece \u00dcst\u00fc Havlu Ask\u0131s\u0131Hang It Dolap Kapa\u011f\u0131 ve \u00c7ekmece \u00dcst\u00fc Havlu Ask\u0131s\u0131 Hang It Dolap Kapa\u011f\u0131 ve \u00c7ekmece \u00dcst\u00fc Havlu Ask\u0131s\u0131Pratik yap\u0131s\u0131 ile her boyutta mutfak dolab\u0131na uyumluPratik ve Kullan\u0131\u015fl\u0131 ask\u0131Her an havlular\u0131n\u0131za kolayca eri\u015febilirsiniz.Sadece mutfak dolaplar\u0131nda de\u011fil banyoda yer alan dolap ve \u00e7ekmecelerde de aktif bir \u015fekilde kullanabilirsiniz.\u0130ster oca\u011f\u0131n\u0131z\u0131n yan\u0131ndaki kapa\u011fa, ister \u00e7ekmecelerinizin \u00fczerine asabilirsiniz.T\u00fcm mutfak dolaplar\u0131na uyumludur.Sert ABS plastikten \u00fcretilmi\u015ftir2 cm ve daha k\u00fc\u00e7\u00fck kal\u0131nl\u0131ktaki t\u00fcm \u00e7ekmece ve dolap kapaklar\u0131na uyar.Dayan\u0131kl\u0131 yap\u0131s\u0131 sayesinde uzun s\u00fcreli kullan\u0131ma uygundur.Kullan\u0131m\u0131 kolay ve pratikitir.Elde y\u0131kanmas\u0131 tavsiye edilir.\u00a0\u00dcr\u00fcn Renkleri:Hepsi birbirinden \u015f\u0131k - Mor, Ye\u015fil ,Mavi, Gri, K\u0131rm\u0131z\u0131, Turuncu\u00dcr\u00fcn, stok durumuna g\u00f6re asorti kar\u0131\u015f\u0131k renk olarak g\u00f6nderilecektir.Paket \u0130\u00e7eri\u011fi: 1 Adet Hang It Dolap Kapa\u011f\u0131 ve \u00c7ekmece \u00dcst\u00fc Havlu Ask\u0131s\u0131\",\"breadcrumb\":{\"@id\":\"https:\/\/www.peraavm.com\/index.php\/urun\/hang-it-dolap-kapagi-ve-cekmece-ustu-havlu-askisi\/#breadcrumb\"},\"inLanguage\":\"tr\",\"potentialAction\":[{\"@type\":\"ReadAction\",\"target\":[\"https:\/\/www.peraavm.com\/index.php\/urun\/hang-it-dolap-kapagi-ve-cekmece-ustu-havlu-askisi\/\"]}]},{\"@type\":\"ImageObject\",\"inLanguage\":\"tr\",\"@id\":\"https:\/\/www.peraavm.com\/index.php\/urun\/hang-it-dolap-kapagi-ve-cekmece-ustu-havlu-askisi\/#primaryimage\",\"url\":\"https:\/\/www.peraavm.com\/wp-content\/uploads\/2021\/11\/tyrty.jpg\",\"contentUrl\":\"https:\/\/www.peraavm.com\/wp-content\/uploads\/2021\/11\/tyrty.jpg\",\"width\":300,\"height\":300},{\"@type\":\"BreadcrumbList\",\"@id\":\"https:\/\/www.peraavm.com\/index.php\/urun\/hang-it-dolap-kapagi-ve-cekmece-ustu-havlu-askisi\/#breadcrumb\",\"itemListElement\":[{\"@type\":\"ListItem\",\"position\":1,\"name\":\"Anasayfa\",\"item\":\"https:\/\/www.peraavm.com\/\"},{\"@type\":\"ListItem\",\"position\":2,\"name\":\"Magaza\",\"item\":\"https:\/\/www.peraavm.com\/index.php\/magaza\/\"},{\"@type\":\"ListItem\",\"position\":3,\"name\":\"Hang It Dolap Kapa\u011f\u0131 Ve \u00c7ekmece \u00dcst\u00fc Havlu Ask\u0131s\u0131\"}]},{\"@type\":\"WebSite\",\"@id\":\"https:\/\/www.peraavm.com\/#website\",\"url\":\"https:\/\/www.peraavm.com\/\",\"name\":\"Pratikmagazam.com\",\"description\":\"\",\"publisher\":{\"@id\":\"https:\/\/www.peraavm.com\/#organization\"},\"potentialAction\":[{\"@type\":\"SearchAction\",\"target\":{\"@type\":\"EntryPoint\",\"urlTemplate\":\"https:\/\/www.peraavm.com\/?s={search_term_string}\"},\"query-input\":{\"@type\":\"PropertyValueSpecification\",\"valueRequired\":true,\"valueName\":\"search_term_string\"}}],\"inLanguage\":\"tr\"},{\"@type\":\"Organization\",\"@id\":\"https:\/\/www.peraavm.com\/#organization\",\"name\":\"pratikmagazam.com\",\"url\":\"https:\/\/www.peraavm.com\/\",\"logo\":{\"@type\":\"ImageObject\",\"inLanguage\":\"tr\",\"@id\":\"https:\/\/www.peraavm.com\/#\/schema\/logo\/image\/\",\"url\":\"https:\/\/www.pratikmagazam.com\/wp-content\/uploads\/2021\/11\/Ekran-Resmi-2021-11-17-08.16.13.png\",\"contentUrl\":\"https:\/\/www.pratikmagazam.com\/wp-content\/uploads\/2021\/11\/Ekran-Resmi-2021-11-17-08.16.13.png\",\"width\":477,\"height\":135,\"caption\":\"pratikmagazam.com\"},\"image\":{\"@id\":\"https:\/\/www.peraavm.com\/#\/schema\/logo\/image\/\"},\"sameAs\":[\"https:\/\/instagram.com\/pratikmagazam?utm_medium=copy_link\"]}]}<\/script>\n<!-- \/ Yoast SEO plugin. -->","yoast_head_json":{"title":"Hang It Dolap Kapa\u011f\u0131 Ve \u00c7ekmece \u00dcst\u00fc Havlu Ask\u0131s\u0131 |","description":"Hang It Dolap Kapa\u011f\u0131 Ve \u00c7ekmece \u00dcst\u00fc Havlu Ask\u0131s\u0131Hang It Dolap Kapa\u011f\u0131 ve \u00c7ekmece \u00dcst\u00fc Havlu Ask\u0131s\u0131 Hang It Dolap Kapa\u011f\u0131 ve \u00c7ekmece \u00dcst\u00fc Havlu Ask\u0131s\u0131Pratik yap\u0131s\u0131 ile her boyutta mutfak dolab\u0131na uyumluPratik ve Kullan\u0131\u015fl\u0131 ask\u0131Her an havlular\u0131n\u0131za kolayca eri\u015febilirsiniz.Sadece mutfak dolaplar\u0131nda de\u011fil banyoda yer alan dolap ve \u00e7ekmecelerde de aktif bir \u015fekilde kullanabilirsiniz.\u0130ster oca\u011f\u0131n\u0131z\u0131n yan\u0131ndaki kapa\u011fa, ister \u00e7ekmecelerinizin \u00fczerine asabilirsiniz.T\u00fcm mutfak dolaplar\u0131na uyumludur.Sert ABS plastikten \u00fcretilmi\u015ftir2 cm ve daha k\u00fc\u00e7\u00fck kal\u0131nl\u0131ktaki t\u00fcm \u00e7ekmece ve dolap kapaklar\u0131na uyar.Dayan\u0131kl\u0131 yap\u0131s\u0131 sayesinde uzun s\u00fcreli kullan\u0131ma uygundur.Kullan\u0131m\u0131 kolay ve pratikitir.Elde y\u0131kanmas\u0131 tavsiye edilir.\u00a0\u00dcr\u00fcn Renkleri:Hepsi birbirinden \u015f\u0131k - Mor, Ye\u015fil ,Mavi, Gri, K\u0131rm\u0131z\u0131, Turuncu\u00dcr\u00fcn, stok durumuna g\u00f6re asorti kar\u0131\u015f\u0131k renk olarak g\u00f6nderilecektir.Paket \u0130\u00e7eri\u011fi: 1 Adet Hang It Dolap Kapa\u011f\u0131 ve \u00c7ekmece \u00dcst\u00fc Havlu Ask\u0131s\u0131","robots":{"index":"index","follow":"follow","max-snippet":"max-snippet:-1","max-image-preview":"max-image-preview:large","max-video-preview":"max-video-preview:-1"},"canonical":"https:\/\/www.peraavm.com\/index.php\/urun\/hang-it-dolap-kapagi-ve-cekmece-ustu-havlu-askisi\/","og_locale":"tr_TR","og_type":"article","og_title":"Hang It Dolap Kapa\u011f\u0131 Ve \u00c7ekmece \u00dcst\u00fc Havlu Ask\u0131s\u0131 |","og_description":"Hang It Dolap Kapa\u011f\u0131 Ve \u00c7ekmece \u00dcst\u00fc Havlu Ask\u0131s\u0131Hang It Dolap Kapa\u011f\u0131 ve \u00c7ekmece \u00dcst\u00fc Havlu Ask\u0131s\u0131 Hang It Dolap Kapa\u011f\u0131 ve \u00c7ekmece \u00dcst\u00fc Havlu Ask\u0131s\u0131Pratik yap\u0131s\u0131 ile her boyutta mutfak dolab\u0131na uyumluPratik ve Kullan\u0131\u015fl\u0131 ask\u0131Her an havlular\u0131n\u0131za kolayca eri\u015febilirsiniz.Sadece mutfak dolaplar\u0131nda de\u011fil banyoda yer alan dolap ve \u00e7ekmecelerde de aktif bir \u015fekilde kullanabilirsiniz.\u0130ster oca\u011f\u0131n\u0131z\u0131n yan\u0131ndaki kapa\u011fa, ister \u00e7ekmecelerinizin \u00fczerine asabilirsiniz.T\u00fcm mutfak dolaplar\u0131na uyumludur.Sert ABS plastikten \u00fcretilmi\u015ftir2 cm ve daha k\u00fc\u00e7\u00fck kal\u0131nl\u0131ktaki t\u00fcm \u00e7ekmece ve dolap kapaklar\u0131na uyar.Dayan\u0131kl\u0131 yap\u0131s\u0131 sayesinde uzun s\u00fcreli kullan\u0131ma uygundur.Kullan\u0131m\u0131 kolay ve pratikitir.Elde y\u0131kanmas\u0131 tavsiye edilir.\u00a0\u00dcr\u00fcn Renkleri:Hepsi birbirinden \u015f\u0131k - Mor, Ye\u015fil ,Mavi, Gri, K\u0131rm\u0131z\u0131, Turuncu\u00dcr\u00fcn, stok durumuna g\u00f6re asorti kar\u0131\u015f\u0131k renk olarak g\u00f6nderilecektir.Paket \u0130\u00e7eri\u011fi: 1 Adet Hang It Dolap Kapa\u011f\u0131 ve \u00c7ekmece \u00dcst\u00fc Havlu Ask\u0131s\u0131","og_url":"https:\/\/www.peraavm.com\/index.php\/urun\/hang-it-dolap-kapagi-ve-cekmece-ustu-havlu-askisi\/","article_modified_time":"2026-01-17T19:06:54+00:00","og_image":[{"width":300,"height":300,"url":"https:\/\/www.peraavm.com\/wp-content\/uploads\/2021\/11\/tyrty.jpg","type":"image\/jpeg"}],"twitter_card":"summary_large_image","twitter_misc":{"Tahmini okuma s\u00fcresi":"2 dakika"},"schema":{"@context":"https:\/\/schema.org","@graph":[{"@type":"WebPage","@id":"https:\/\/www.peraavm.com\/index.php\/urun\/hang-it-dolap-kapagi-ve-cekmece-ustu-havlu-askisi\/","url":"https:\/\/www.peraavm.com\/index.php\/urun\/hang-it-dolap-kapagi-ve-cekmece-ustu-havlu-askisi\/","name":"Hang It Dolap Kapa\u011f\u0131 Ve \u00c7ekmece \u00dcst\u00fc Havlu Ask\u0131s\u0131 |","isPartOf":{"@id":"https:\/\/www.peraavm.com\/#website"},"primaryImageOfPage":{"@id":"https:\/\/www.peraavm.com\/index.php\/urun\/hang-it-dolap-kapagi-ve-cekmece-ustu-havlu-askisi\/#primaryimage"},"image":{"@id":"https:\/\/www.peraavm.com\/index.php\/urun\/hang-it-dolap-kapagi-ve-cekmece-ustu-havlu-askisi\/#primaryimage"},"thumbnailUrl":"https:\/\/www.peraavm.com\/wp-content\/uploads\/2021\/11\/tyrty.jpg","datePublished":"2021-11-30T12:19:40+00:00","dateModified":"2026-01-17T19:06:54+00:00","description":"Hang It Dolap Kapa\u011f\u0131 Ve \u00c7ekmece \u00dcst\u00fc Havlu Ask\u0131s\u0131Hang It Dolap Kapa\u011f\u0131 ve \u00c7ekmece \u00dcst\u00fc Havlu Ask\u0131s\u0131 Hang It Dolap Kapa\u011f\u0131 ve \u00c7ekmece \u00dcst\u00fc Havlu Ask\u0131s\u0131Pratik yap\u0131s\u0131 ile her boyutta mutfak dolab\u0131na uyumluPratik ve Kullan\u0131\u015fl\u0131 ask\u0131Her an havlular\u0131n\u0131za kolayca eri\u015febilirsiniz.Sadece mutfak dolaplar\u0131nda de\u011fil banyoda yer alan dolap ve \u00e7ekmecelerde de aktif bir \u015fekilde kullanabilirsiniz.\u0130ster oca\u011f\u0131n\u0131z\u0131n yan\u0131ndaki kapa\u011fa, ister \u00e7ekmecelerinizin \u00fczerine asabilirsiniz.T\u00fcm mutfak dolaplar\u0131na uyumludur.Sert ABS plastikten \u00fcretilmi\u015ftir2 cm ve daha k\u00fc\u00e7\u00fck kal\u0131nl\u0131ktaki t\u00fcm \u00e7ekmece ve dolap kapaklar\u0131na uyar.Dayan\u0131kl\u0131 yap\u0131s\u0131 sayesinde uzun s\u00fcreli kullan\u0131ma uygundur.Kullan\u0131m\u0131 kolay ve pratikitir.Elde y\u0131kanmas\u0131 tavsiye edilir.\u00a0\u00dcr\u00fcn Renkleri:Hepsi birbirinden \u015f\u0131k - Mor, Ye\u015fil ,Mavi, Gri, K\u0131rm\u0131z\u0131, Turuncu\u00dcr\u00fcn, stok durumuna g\u00f6re asorti kar\u0131\u015f\u0131k renk olarak g\u00f6nderilecektir.Paket \u0130\u00e7eri\u011fi: 1 Adet Hang It Dolap Kapa\u011f\u0131 ve \u00c7ekmece \u00dcst\u00fc Havlu Ask\u0131s\u0131","breadcrumb":{"@id":"https:\/\/www.peraavm.com\/index.php\/urun\/hang-it-dolap-kapagi-ve-cekmece-ustu-havlu-askisi\/#breadcrumb"},"inLanguage":"tr","potentialAction":[{"@type":"ReadAction","target":["https:\/\/www.peraavm.com\/index.php\/urun\/hang-it-dolap-kapagi-ve-cekmece-ustu-havlu-askisi\/"]}]},{"@type":"ImageObject","inLanguage":"tr","@id":"https:\/\/www.peraavm.com\/index.php\/urun\/hang-it-dolap-kapagi-ve-cekmece-ustu-havlu-askisi\/#primaryimage","url":"https:\/\/www.peraavm.com\/wp-content\/uploads\/2021\/11\/tyrty.jpg","contentUrl":"https:\/\/www.peraavm.com\/wp-content\/uploads\/2021\/11\/tyrty.jpg","width":300,"height":300},{"@type":"BreadcrumbList","@id":"https:\/\/www.peraavm.com\/index.php\/urun\/hang-it-dolap-kapagi-ve-cekmece-ustu-havlu-askisi\/#breadcrumb","itemListElement":[{"@type":"ListItem","position":1,"name":"Anasayfa","item":"https:\/\/www.peraavm.com\/"},{"@type":"ListItem","position":2,"name":"Magaza","item":"https:\/\/www.peraavm.com\/index.php\/magaza\/"},{"@type":"ListItem","position":3,"name":"Hang It Dolap Kapa\u011f\u0131 Ve \u00c7ekmece \u00dcst\u00fc Havlu Ask\u0131s\u0131"}]},{"@type":"WebSite","@id":"https:\/\/www.peraavm.com\/#website","url":"https:\/\/www.peraavm.com\/","name":"Pratikmagazam.com","description":"","publisher":{"@id":"https:\/\/www.peraavm.com\/#organization"},"potentialAction":[{"@type":"SearchAction","target":{"@type":"EntryPoint","urlTemplate":"https:\/\/www.peraavm.com\/?s={search_term_string}"},"query-input":{"@type":"PropertyValueSpecification","valueRequired":true,"valueName":"search_term_string"}}],"inLanguage":"tr"},{"@type":"Organization","@id":"https:\/\/www.peraavm.com\/#organization","name":"pratikmagazam.com","url":"https:\/\/www.peraavm.com\/","logo":{"@type":"ImageObject","inLanguage":"tr","@id":"https:\/\/www.peraavm.com\/#\/schema\/logo\/image\/","url":"https:\/\/www.pratikmagazam.com\/wp-content\/uploads\/2021\/11\/Ekran-Resmi-2021-11-17-08.16.13.png","contentUrl":"https:\/\/www.pratikmagazam.com\/wp-content\/uploads\/2021\/11\/Ekran-Resmi-2021-11-17-08.16.13.png","width":477,"height":135,"caption":"pratikmagazam.com"},"image":{"@id":"https:\/\/www.peraavm.com\/#\/schema\/logo\/image\/"},"sameAs":["https:\/\/instagram.com\/pratikmagazam?utm_medium=copy_link"]}]}},"_links":{"self":[{"href":"https:\/\/www.peraavm.com\/index.php\/wp-json\/wp\/v2\/product\/1153","targetHints":{"allow":["GET"]}}],"collection":[{"href":"https:\/\/www.peraavm.com\/index.php\/wp-json\/wp\/v2\/product"}],"about":[{"href":"https:\/\/www.peraavm.com\/index.php\/wp-json\/wp\/v2\/types\/product"}],"replies":[{"embeddable":true,"href":"https:\/\/www.peraavm.com\/index.php\/wp-json\/wp\/v2\/comments?post=1153"}],"wp:featuredmedia":[{"embeddable":true,"href":"https:\/\/www.peraavm.com\/index.php\/wp-json\/wp\/v2\/media\/1154"}],"wp:attachment":[{"href":"https:\/\/www.peraavm.com\/index.php\/wp-json\/wp\/v2\/media?parent=1153"}],"wp:term":[{"taxonomy":"product_brand","embeddable":true,"href":"https:\/\/www.peraavm.com\/index.php\/wp-json\/wp\/v2\/product_brand?post=1153"},{"taxonomy":"product_cat","embeddable":true,"href":"https:\/\/www.peraavm.com\/index.php\/wp-json\/wp\/v2\/product_cat?post=1153"},{"taxonomy":"product_tag","embeddable":true,"href":"https:\/\/www.peraavm.com\/index.php\/wp-json\/wp\/v2\/product_tag?post=1153"}],"curies":[{"name":"wp","href":"https:\/\/api.w.org\/{rel}","templated":true}]}}