{"id":1330,"date":"2021-12-02T08:50:11","date_gmt":"2021-12-02T08:50:11","guid":{"rendered":"https:\/\/www.pratikmagazam.com\/?post_type=product&#038;p=1330"},"modified":"2026-01-17T11:42:00","modified_gmt":"2026-01-17T11:42:00","slug":"temizlik-paspas-mop-temizlik-kovasi-seti-paspas-20-litre","status":"publish","type":"product","link":"https:\/\/www.peraavm.com\/index.php\/urun\/temizlik-paspas-mop-temizlik-kovasi-seti-paspas-20-litre\/","title":{"rendered":"Temizlik Paspas Mop Temizlik Kovas\u0131 Seti Paspas 20 Litre"},"content":{"rendered":"<p>MOBSET D\u00d6NER TEM\u0130ZL\u0130K K\u0130T\u0130 20 LT KAPAS\u0130TE %100 M\u0130KROF\u0130BER TEM\u0130ZL\u0130K BA\u015eLI\u011eI TEM\u0130ZL\u0130KTEN SONRA KURU, TEM\u0130Z VE PARLAK B\u0130R Y\u00dcZEY BIRAKIR D\u00d6NER BA\u015eLI\u011eI SAYES\u0130NDE SUYU TAM SIKAR 360 DERECE D\u00d6NEB\u0130LEN HIZLI BA\u015eLIK \u00d6ZEL OLARAK TASARLANMI\u015e SIKMA YUVASI MOBSET\u0130N SIKMA HAREKET\u0130N\u0130 KOLAYLIKLA SA\u011eLAYAN SARMAL S\u0130STEM D\u00d6NER BA\u015eLI\u011eI SAYES\u0130NDE MOB\u0130LYA ALTLARINA KOLAY ER\u0130\u015e\u0130M KOLAY \u00c7IKARILAB\u0130LEN KAFA APARATI BORUYU 2 PAR\u00c7AYA AYIRAN \u0130\u00c7 V\u0130DALAMA S\u0130STEM\u0130 SAP KISMINDAK\u0130 YUKARI-A\u015eA\u011eI Y\u00d6NLERE HAREKET EDEN K\u0130L\u0130TLEME S\u0130STEM\u0130 D\u00d6NER BA\u015eLI\u011eIN HAREKET\u0130N\u0130 A\u00c7MANIZI VE KAPATMANIZI SA\u011eLAR \u00dcR\u00dcN \u00d6L\u00c7\u00dcLER\u0130: 31x44x30cm<\/p>\n","protected":false},"excerpt":{"rendered":"<p>MOBSET D\u00d6NER TEM\u0130ZL\u0130K K\u0130T\u0130 20 LT KAPAS\u0130TE %100 M\u0130KROF\u0130BER TEM\u0130ZL\u0130K BA\u015eLI\u011eI TEM\u0130ZL\u0130KTEN SONRA KURU, TEM\u0130Z VE PARLAK B\u0130R Y\u00dcZEY BIRAKIR D\u00d6NER BA\u015eLI\u011eI SAYES\u0130NDE SUYU TAM SIKAR 360 DERECE D\u00d6NEB\u0130LEN HIZLI BA\u015eLIK \u00d6ZEL OLARAK TASARLANMI\u015e SIKMA YUVASI MOBSET\u0130N SIKMA HAREKET\u0130N\u0130 KOLAYLIKLA SA\u011eLAYAN SARMAL S\u0130STEM D\u00d6NER BA\u015eLI\u011eI SAYES\u0130NDE MOB\u0130LYA ALTLARINA KOLAY ER\u0130\u015e\u0130M KOLAY \u00c7IKARILAB\u0130LEN KAFA APARATI BORUYU 2 PAR\u00c7AYA AYIRAN \u0130\u00c7 V\u0130DALAMA S\u0130STEM\u0130 SAP KISMINDAK\u0130 YUKARI-A\u015eA\u011eI Y\u00d6NLERE HAREKET EDEN K\u0130L\u0130TLEME S\u0130STEM\u0130 D\u00d6NER BA\u015eLI\u011eIN HAREKET\u0130N\u0130 A\u00c7MANIZI VE KAPATMANIZI SA\u011eLAR \u00dcR\u00dcN \u00d6L\u00c7\u00dcLER\u0130: 31x44x30cm<\/p>\n","protected":false},"featured_media":1331,"comment_status":"open","ping_status":"closed","template":"","meta":[],"product_brand":[],"product_cat":[37,60,15],"product_tag":[],"class_list":{"0":"post-1330","1":"product","2":"type-product","3":"status-publish","4":"has-post-thumbnail","6":"product_cat-ev-gerecleri","7":"product_cat-pratik-temizlik-gerecleri","8":"product_cat-tum-urunler","10":"first","11":"instock","12":"sale","13":"taxable","14":"shipping-taxable","15":"purchasable","16":"product-type-simple"},"yoast_head":"<!-- This site is optimized with the Yoast SEO plugin v27.2 - https:\/\/yoast.com\/product\/yoast-seo-wordpress\/ -->\n<title>Temizlik Paspas Mop Temizlik Kovas\u0131 Seti Paspas 20 Litre |<\/title>\n<meta name=\"description\" content=\"MOBSET D\u00d6NER TEM\u0130ZL\u0130K K\u0130T\u0130 20 LT KAPAS\u0130TE 0 M\u0130KROF\u0130BER TEM\u0130ZL\u0130K BA\u015eLI\u011eI TEM\u0130ZL\u0130KTEN SONRA KURU, TEM\u0130Z VE PARLAK B\u0130R Y\u00dcZEY BIRAKIR D\u00d6NER BA\u015eLI\u011eI SAYES\u0130NDE SUYU TAM SIKAR 360 DERECE D\u00d6NEB\u0130LEN HIZLI BA\u015eLIK \u00d6ZEL OLARAK TASARLANMI\u015e SIKMA YUVASI MOBSET\u0130N SIKMA HAREKET\u0130N\u0130 KOLAYLIKLA SA\u011eLAYAN SARMAL S\u0130STEM D\u00d6NER BA\u015eLI\u011eI SAYES\u0130NDE MOB\u0130LYA ALTLARINA KOLAY ER\u0130\u015e\u0130M KOLAY \u00c7IKARILAB\u0130LEN KAFA APARATI BORUYU 2 PAR\u00c7AYA AYIRAN \u0130\u00c7 V\u0130DALAMA S\u0130STEM\u0130 SAP KISMINDAK\u0130 YUKARI-A\u015eA\u011eI Y\u00d6NLERE HAREKET EDEN K\u0130L\u0130TLEME S\u0130STEM\u0130 D\u00d6NER BA\u015eLI\u011eIN HAREKET\u0130N\u0130 A\u00c7MANIZI VE KAPATMANIZI SA\u011eLAR \u00dcR\u00dcN \u00d6L\u00c7\u00dcLER\u0130: 31x44x30cm\u00a0\" \/>\n<meta name=\"robots\" content=\"index, follow, max-snippet:-1, max-image-preview:large, max-video-preview:-1\" \/>\n<link rel=\"canonical\" href=\"https:\/\/www.peraavm.com\/index.php\/urun\/temizlik-paspas-mop-temizlik-kovasi-seti-paspas-20-litre\/\" \/>\n<meta property=\"og:locale\" content=\"tr_TR\" \/>\n<meta property=\"og:type\" content=\"article\" \/>\n<meta property=\"og:title\" content=\"Temizlik Paspas Mop Temizlik Kovas\u0131 Seti Paspas 20 Litre |\" \/>\n<meta property=\"og:description\" content=\"MOBSET D\u00d6NER TEM\u0130ZL\u0130K K\u0130T\u0130 20 LT KAPAS\u0130TE 0 M\u0130KROF\u0130BER TEM\u0130ZL\u0130K BA\u015eLI\u011eI TEM\u0130ZL\u0130KTEN SONRA KURU, TEM\u0130Z VE PARLAK B\u0130R Y\u00dcZEY BIRAKIR D\u00d6NER BA\u015eLI\u011eI SAYES\u0130NDE SUYU TAM SIKAR 360 DERECE D\u00d6NEB\u0130LEN HIZLI BA\u015eLIK \u00d6ZEL OLARAK TASARLANMI\u015e SIKMA YUVASI MOBSET\u0130N SIKMA HAREKET\u0130N\u0130 KOLAYLIKLA SA\u011eLAYAN SARMAL S\u0130STEM D\u00d6NER BA\u015eLI\u011eI SAYES\u0130NDE MOB\u0130LYA ALTLARINA KOLAY ER\u0130\u015e\u0130M KOLAY \u00c7IKARILAB\u0130LEN KAFA APARATI BORUYU 2 PAR\u00c7AYA AYIRAN \u0130\u00c7 V\u0130DALAMA S\u0130STEM\u0130 SAP KISMINDAK\u0130 YUKARI-A\u015eA\u011eI Y\u00d6NLERE HAREKET EDEN K\u0130L\u0130TLEME S\u0130STEM\u0130 D\u00d6NER BA\u015eLI\u011eIN HAREKET\u0130N\u0130 A\u00c7MANIZI VE KAPATMANIZI SA\u011eLAR \u00dcR\u00dcN \u00d6L\u00c7\u00dcLER\u0130: 31x44x30cm\u00a0\" \/>\n<meta property=\"og:url\" content=\"https:\/\/www.peraavm.com\/index.php\/urun\/temizlik-paspas-mop-temizlik-kovasi-seti-paspas-20-litre\/\" \/>\n<meta property=\"article:modified_time\" content=\"2026-01-17T11:42:00+00:00\" \/>\n<meta property=\"og:image\" content=\"https:\/\/www.peraavm.com\/wp-content\/uploads\/2021\/12\/234234234-8.jpg\" \/>\n\t<meta property=\"og:image:width\" content=\"300\" \/>\n\t<meta property=\"og:image:height\" content=\"300\" \/>\n\t<meta property=\"og:image:type\" content=\"image\/jpeg\" \/>\n<meta name=\"twitter:card\" content=\"summary_large_image\" \/>\n<meta name=\"twitter:label1\" content=\"Tahmini okuma s\u00fcresi\" \/>\n\t<meta name=\"twitter:data1\" content=\"1 dakika\" \/>\n<script type=\"application\/ld+json\" class=\"yoast-schema-graph\">{\"@context\":\"https:\/\/schema.org\",\"@graph\":[{\"@type\":\"WebPage\",\"@id\":\"https:\/\/www.peraavm.com\/index.php\/urun\/temizlik-paspas-mop-temizlik-kovasi-seti-paspas-20-litre\/\",\"url\":\"https:\/\/www.peraavm.com\/index.php\/urun\/temizlik-paspas-mop-temizlik-kovasi-seti-paspas-20-litre\/\",\"name\":\"Temizlik Paspas Mop Temizlik Kovas\u0131 Seti Paspas 20 Litre |\",\"isPartOf\":{\"@id\":\"https:\/\/www.peraavm.com\/#website\"},\"primaryImageOfPage\":{\"@id\":\"https:\/\/www.peraavm.com\/index.php\/urun\/temizlik-paspas-mop-temizlik-kovasi-seti-paspas-20-litre\/#primaryimage\"},\"image\":{\"@id\":\"https:\/\/www.peraavm.com\/index.php\/urun\/temizlik-paspas-mop-temizlik-kovasi-seti-paspas-20-litre\/#primaryimage\"},\"thumbnailUrl\":\"https:\/\/www.peraavm.com\/wp-content\/uploads\/2021\/12\/234234234-8.jpg\",\"datePublished\":\"2021-12-02T08:50:11+00:00\",\"dateModified\":\"2026-01-17T11:42:00+00:00\",\"description\":\"MOBSET D\u00d6NER TEM\u0130ZL\u0130K K\u0130T\u0130 20 LT KAPAS\u0130TE 0 M\u0130KROF\u0130BER TEM\u0130ZL\u0130K BA\u015eLI\u011eI TEM\u0130ZL\u0130KTEN SONRA KURU, TEM\u0130Z VE PARLAK B\u0130R Y\u00dcZEY BIRAKIR D\u00d6NER BA\u015eLI\u011eI SAYES\u0130NDE SUYU TAM SIKAR 360 DERECE D\u00d6NEB\u0130LEN HIZLI BA\u015eLIK \u00d6ZEL OLARAK TASARLANMI\u015e SIKMA YUVASI MOBSET\u0130N SIKMA HAREKET\u0130N\u0130 KOLAYLIKLA SA\u011eLAYAN SARMAL S\u0130STEM D\u00d6NER BA\u015eLI\u011eI SAYES\u0130NDE MOB\u0130LYA ALTLARINA KOLAY ER\u0130\u015e\u0130M KOLAY \u00c7IKARILAB\u0130LEN KAFA APARATI BORUYU 2 PAR\u00c7AYA AYIRAN \u0130\u00c7 V\u0130DALAMA S\u0130STEM\u0130 SAP KISMINDAK\u0130 YUKARI-A\u015eA\u011eI Y\u00d6NLERE HAREKET EDEN K\u0130L\u0130TLEME S\u0130STEM\u0130 D\u00d6NER BA\u015eLI\u011eIN HAREKET\u0130N\u0130 A\u00c7MANIZI VE KAPATMANIZI SA\u011eLAR \u00dcR\u00dcN \u00d6L\u00c7\u00dcLER\u0130: 31x44x30cm\u00a0\",\"breadcrumb\":{\"@id\":\"https:\/\/www.peraavm.com\/index.php\/urun\/temizlik-paspas-mop-temizlik-kovasi-seti-paspas-20-litre\/#breadcrumb\"},\"inLanguage\":\"tr\",\"potentialAction\":[{\"@type\":\"ReadAction\",\"target\":[\"https:\/\/www.peraavm.com\/index.php\/urun\/temizlik-paspas-mop-temizlik-kovasi-seti-paspas-20-litre\/\"]}]},{\"@type\":\"ImageObject\",\"inLanguage\":\"tr\",\"@id\":\"https:\/\/www.peraavm.com\/index.php\/urun\/temizlik-paspas-mop-temizlik-kovasi-seti-paspas-20-litre\/#primaryimage\",\"url\":\"https:\/\/www.peraavm.com\/wp-content\/uploads\/2021\/12\/234234234-8.jpg\",\"contentUrl\":\"https:\/\/www.peraavm.com\/wp-content\/uploads\/2021\/12\/234234234-8.jpg\",\"width\":300,\"height\":300},{\"@type\":\"BreadcrumbList\",\"@id\":\"https:\/\/www.peraavm.com\/index.php\/urun\/temizlik-paspas-mop-temizlik-kovasi-seti-paspas-20-litre\/#breadcrumb\",\"itemListElement\":[{\"@type\":\"ListItem\",\"position\":1,\"name\":\"Anasayfa\",\"item\":\"https:\/\/www.peraavm.com\/\"},{\"@type\":\"ListItem\",\"position\":2,\"name\":\"Magaza\",\"item\":\"https:\/\/www.peraavm.com\/index.php\/magaza\/\"},{\"@type\":\"ListItem\",\"position\":3,\"name\":\"Temizlik Paspas Mop Temizlik Kovas\u0131 Seti Paspas 20 Litre\"}]},{\"@type\":\"WebSite\",\"@id\":\"https:\/\/www.peraavm.com\/#website\",\"url\":\"https:\/\/www.peraavm.com\/\",\"name\":\"Pratikmagazam.com\",\"description\":\"\",\"publisher\":{\"@id\":\"https:\/\/www.peraavm.com\/#organization\"},\"potentialAction\":[{\"@type\":\"SearchAction\",\"target\":{\"@type\":\"EntryPoint\",\"urlTemplate\":\"https:\/\/www.peraavm.com\/?s={search_term_string}\"},\"query-input\":{\"@type\":\"PropertyValueSpecification\",\"valueRequired\":true,\"valueName\":\"search_term_string\"}}],\"inLanguage\":\"tr\"},{\"@type\":\"Organization\",\"@id\":\"https:\/\/www.peraavm.com\/#organization\",\"name\":\"pratikmagazam.com\",\"url\":\"https:\/\/www.peraavm.com\/\",\"logo\":{\"@type\":\"ImageObject\",\"inLanguage\":\"tr\",\"@id\":\"https:\/\/www.peraavm.com\/#\/schema\/logo\/image\/\",\"url\":\"https:\/\/www.pratikmagazam.com\/wp-content\/uploads\/2021\/11\/Ekran-Resmi-2021-11-17-08.16.13.png\",\"contentUrl\":\"https:\/\/www.pratikmagazam.com\/wp-content\/uploads\/2021\/11\/Ekran-Resmi-2021-11-17-08.16.13.png\",\"width\":477,\"height\":135,\"caption\":\"pratikmagazam.com\"},\"image\":{\"@id\":\"https:\/\/www.peraavm.com\/#\/schema\/logo\/image\/\"},\"sameAs\":[\"https:\/\/instagram.com\/pratikmagazam?utm_medium=copy_link\"]}]}<\/script>\n<!-- \/ Yoast SEO plugin. -->","yoast_head_json":{"title":"Temizlik Paspas Mop Temizlik Kovas\u0131 Seti Paspas 20 Litre |","description":"MOBSET D\u00d6NER TEM\u0130ZL\u0130K K\u0130T\u0130 20 LT KAPAS\u0130TE 0 M\u0130KROF\u0130BER TEM\u0130ZL\u0130K BA\u015eLI\u011eI TEM\u0130ZL\u0130KTEN SONRA KURU, TEM\u0130Z VE PARLAK B\u0130R Y\u00dcZEY BIRAKIR D\u00d6NER BA\u015eLI\u011eI SAYES\u0130NDE SUYU TAM SIKAR 360 DERECE D\u00d6NEB\u0130LEN HIZLI BA\u015eLIK \u00d6ZEL OLARAK TASARLANMI\u015e SIKMA YUVASI MOBSET\u0130N SIKMA HAREKET\u0130N\u0130 KOLAYLIKLA SA\u011eLAYAN SARMAL S\u0130STEM D\u00d6NER BA\u015eLI\u011eI SAYES\u0130NDE MOB\u0130LYA ALTLARINA KOLAY ER\u0130\u015e\u0130M KOLAY \u00c7IKARILAB\u0130LEN KAFA APARATI BORUYU 2 PAR\u00c7AYA AYIRAN \u0130\u00c7 V\u0130DALAMA S\u0130STEM\u0130 SAP KISMINDAK\u0130 YUKARI-A\u015eA\u011eI Y\u00d6NLERE HAREKET EDEN K\u0130L\u0130TLEME S\u0130STEM\u0130 D\u00d6NER BA\u015eLI\u011eIN HAREKET\u0130N\u0130 A\u00c7MANIZI VE KAPATMANIZI SA\u011eLAR \u00dcR\u00dcN \u00d6L\u00c7\u00dcLER\u0130: 31x44x30cm\u00a0","robots":{"index":"index","follow":"follow","max-snippet":"max-snippet:-1","max-image-preview":"max-image-preview:large","max-video-preview":"max-video-preview:-1"},"canonical":"https:\/\/www.peraavm.com\/index.php\/urun\/temizlik-paspas-mop-temizlik-kovasi-seti-paspas-20-litre\/","og_locale":"tr_TR","og_type":"article","og_title":"Temizlik Paspas Mop Temizlik Kovas\u0131 Seti Paspas 20 Litre |","og_description":"MOBSET D\u00d6NER TEM\u0130ZL\u0130K K\u0130T\u0130 20 LT KAPAS\u0130TE 0 M\u0130KROF\u0130BER TEM\u0130ZL\u0130K BA\u015eLI\u011eI TEM\u0130ZL\u0130KTEN SONRA KURU, TEM\u0130Z VE PARLAK B\u0130R Y\u00dcZEY BIRAKIR D\u00d6NER BA\u015eLI\u011eI SAYES\u0130NDE SUYU TAM SIKAR 360 DERECE D\u00d6NEB\u0130LEN HIZLI BA\u015eLIK \u00d6ZEL OLARAK TASARLANMI\u015e SIKMA YUVASI MOBSET\u0130N SIKMA HAREKET\u0130N\u0130 KOLAYLIKLA SA\u011eLAYAN SARMAL S\u0130STEM D\u00d6NER BA\u015eLI\u011eI SAYES\u0130NDE MOB\u0130LYA ALTLARINA KOLAY ER\u0130\u015e\u0130M KOLAY \u00c7IKARILAB\u0130LEN KAFA APARATI BORUYU 2 PAR\u00c7AYA AYIRAN \u0130\u00c7 V\u0130DALAMA S\u0130STEM\u0130 SAP KISMINDAK\u0130 YUKARI-A\u015eA\u011eI Y\u00d6NLERE HAREKET EDEN K\u0130L\u0130TLEME S\u0130STEM\u0130 D\u00d6NER BA\u015eLI\u011eIN HAREKET\u0130N\u0130 A\u00c7MANIZI VE KAPATMANIZI SA\u011eLAR \u00dcR\u00dcN \u00d6L\u00c7\u00dcLER\u0130: 31x44x30cm\u00a0","og_url":"https:\/\/www.peraavm.com\/index.php\/urun\/temizlik-paspas-mop-temizlik-kovasi-seti-paspas-20-litre\/","article_modified_time":"2026-01-17T11:42:00+00:00","og_image":[{"width":300,"height":300,"url":"https:\/\/www.peraavm.com\/wp-content\/uploads\/2021\/12\/234234234-8.jpg","type":"image\/jpeg"}],"twitter_card":"summary_large_image","twitter_misc":{"Tahmini okuma s\u00fcresi":"1 dakika"},"schema":{"@context":"https:\/\/schema.org","@graph":[{"@type":"WebPage","@id":"https:\/\/www.peraavm.com\/index.php\/urun\/temizlik-paspas-mop-temizlik-kovasi-seti-paspas-20-litre\/","url":"https:\/\/www.peraavm.com\/index.php\/urun\/temizlik-paspas-mop-temizlik-kovasi-seti-paspas-20-litre\/","name":"Temizlik Paspas Mop Temizlik Kovas\u0131 Seti Paspas 20 Litre |","isPartOf":{"@id":"https:\/\/www.peraavm.com\/#website"},"primaryImageOfPage":{"@id":"https:\/\/www.peraavm.com\/index.php\/urun\/temizlik-paspas-mop-temizlik-kovasi-seti-paspas-20-litre\/#primaryimage"},"image":{"@id":"https:\/\/www.peraavm.com\/index.php\/urun\/temizlik-paspas-mop-temizlik-kovasi-seti-paspas-20-litre\/#primaryimage"},"thumbnailUrl":"https:\/\/www.peraavm.com\/wp-content\/uploads\/2021\/12\/234234234-8.jpg","datePublished":"2021-12-02T08:50:11+00:00","dateModified":"2026-01-17T11:42:00+00:00","description":"MOBSET D\u00d6NER TEM\u0130ZL\u0130K K\u0130T\u0130 20 LT KAPAS\u0130TE 0 M\u0130KROF\u0130BER TEM\u0130ZL\u0130K BA\u015eLI\u011eI TEM\u0130ZL\u0130KTEN SONRA KURU, TEM\u0130Z VE PARLAK B\u0130R Y\u00dcZEY BIRAKIR D\u00d6NER BA\u015eLI\u011eI SAYES\u0130NDE SUYU TAM SIKAR 360 DERECE D\u00d6NEB\u0130LEN HIZLI BA\u015eLIK \u00d6ZEL OLARAK TASARLANMI\u015e SIKMA YUVASI MOBSET\u0130N SIKMA HAREKET\u0130N\u0130 KOLAYLIKLA SA\u011eLAYAN SARMAL S\u0130STEM D\u00d6NER BA\u015eLI\u011eI SAYES\u0130NDE MOB\u0130LYA ALTLARINA KOLAY ER\u0130\u015e\u0130M KOLAY \u00c7IKARILAB\u0130LEN KAFA APARATI BORUYU 2 PAR\u00c7AYA AYIRAN \u0130\u00c7 V\u0130DALAMA S\u0130STEM\u0130 SAP KISMINDAK\u0130 YUKARI-A\u015eA\u011eI Y\u00d6NLERE HAREKET EDEN K\u0130L\u0130TLEME S\u0130STEM\u0130 D\u00d6NER BA\u015eLI\u011eIN HAREKET\u0130N\u0130 A\u00c7MANIZI VE KAPATMANIZI SA\u011eLAR \u00dcR\u00dcN \u00d6L\u00c7\u00dcLER\u0130: 31x44x30cm\u00a0","breadcrumb":{"@id":"https:\/\/www.peraavm.com\/index.php\/urun\/temizlik-paspas-mop-temizlik-kovasi-seti-paspas-20-litre\/#breadcrumb"},"inLanguage":"tr","potentialAction":[{"@type":"ReadAction","target":["https:\/\/www.peraavm.com\/index.php\/urun\/temizlik-paspas-mop-temizlik-kovasi-seti-paspas-20-litre\/"]}]},{"@type":"ImageObject","inLanguage":"tr","@id":"https:\/\/www.peraavm.com\/index.php\/urun\/temizlik-paspas-mop-temizlik-kovasi-seti-paspas-20-litre\/#primaryimage","url":"https:\/\/www.peraavm.com\/wp-content\/uploads\/2021\/12\/234234234-8.jpg","contentUrl":"https:\/\/www.peraavm.com\/wp-content\/uploads\/2021\/12\/234234234-8.jpg","width":300,"height":300},{"@type":"BreadcrumbList","@id":"https:\/\/www.peraavm.com\/index.php\/urun\/temizlik-paspas-mop-temizlik-kovasi-seti-paspas-20-litre\/#breadcrumb","itemListElement":[{"@type":"ListItem","position":1,"name":"Anasayfa","item":"https:\/\/www.peraavm.com\/"},{"@type":"ListItem","position":2,"name":"Magaza","item":"https:\/\/www.peraavm.com\/index.php\/magaza\/"},{"@type":"ListItem","position":3,"name":"Temizlik Paspas Mop Temizlik Kovas\u0131 Seti Paspas 20 Litre"}]},{"@type":"WebSite","@id":"https:\/\/www.peraavm.com\/#website","url":"https:\/\/www.peraavm.com\/","name":"Pratikmagazam.com","description":"","publisher":{"@id":"https:\/\/www.peraavm.com\/#organization"},"potentialAction":[{"@type":"SearchAction","target":{"@type":"EntryPoint","urlTemplate":"https:\/\/www.peraavm.com\/?s={search_term_string}"},"query-input":{"@type":"PropertyValueSpecification","valueRequired":true,"valueName":"search_term_string"}}],"inLanguage":"tr"},{"@type":"Organization","@id":"https:\/\/www.peraavm.com\/#organization","name":"pratikmagazam.com","url":"https:\/\/www.peraavm.com\/","logo":{"@type":"ImageObject","inLanguage":"tr","@id":"https:\/\/www.peraavm.com\/#\/schema\/logo\/image\/","url":"https:\/\/www.pratikmagazam.com\/wp-content\/uploads\/2021\/11\/Ekran-Resmi-2021-11-17-08.16.13.png","contentUrl":"https:\/\/www.pratikmagazam.com\/wp-content\/uploads\/2021\/11\/Ekran-Resmi-2021-11-17-08.16.13.png","width":477,"height":135,"caption":"pratikmagazam.com"},"image":{"@id":"https:\/\/www.peraavm.com\/#\/schema\/logo\/image\/"},"sameAs":["https:\/\/instagram.com\/pratikmagazam?utm_medium=copy_link"]}]}},"_links":{"self":[{"href":"https:\/\/www.peraavm.com\/index.php\/wp-json\/wp\/v2\/product\/1330","targetHints":{"allow":["GET"]}}],"collection":[{"href":"https:\/\/www.peraavm.com\/index.php\/wp-json\/wp\/v2\/product"}],"about":[{"href":"https:\/\/www.peraavm.com\/index.php\/wp-json\/wp\/v2\/types\/product"}],"replies":[{"embeddable":true,"href":"https:\/\/www.peraavm.com\/index.php\/wp-json\/wp\/v2\/comments?post=1330"}],"wp:featuredmedia":[{"embeddable":true,"href":"https:\/\/www.peraavm.com\/index.php\/wp-json\/wp\/v2\/media\/1331"}],"wp:attachment":[{"href":"https:\/\/www.peraavm.com\/index.php\/wp-json\/wp\/v2\/media?parent=1330"}],"wp:term":[{"taxonomy":"product_brand","embeddable":true,"href":"https:\/\/www.peraavm.com\/index.php\/wp-json\/wp\/v2\/product_brand?post=1330"},{"taxonomy":"product_cat","embeddable":true,"href":"https:\/\/www.peraavm.com\/index.php\/wp-json\/wp\/v2\/product_cat?post=1330"},{"taxonomy":"product_tag","embeddable":true,"href":"https:\/\/www.peraavm.com\/index.php\/wp-json\/wp\/v2\/product_tag?post=1330"}],"curies":[{"name":"wp","href":"https:\/\/api.w.org\/{rel}","templated":true}]}}