{"id":1333,"date":"2021-12-02T08:53:28","date_gmt":"2021-12-02T08:53:28","guid":{"rendered":"https:\/\/www.pratikmagazam.com\/?post_type=product&#038;p=1333"},"modified":"2026-01-17T19:26:49","modified_gmt":"2026-01-17T19:26:49","slug":"lavabo-ve-kuvet-acici-pompa-buyuk-koruklu-vantus","status":"publish","type":"product","link":"https:\/\/www.peraavm.com\/index.php\/urun\/lavabo-ve-kuvet-acici-pompa-buyuk-koruklu-vantus\/","title":{"rendered":"Lavabo Ve K\u00fcvet A\u00e7\u0131c\u0131 Pompa B\u00fcy\u00fck K\u00f6r\u00fckl\u00fc Vantus"},"content":{"rendered":"<ul class=\"detail-desc-list\">\n<li class=\"detail-desc-item\">Lavabo Ve K\u00fcvet A\u00e7\u0131c\u0131 Pompa B\u00fcy\u00fck K\u00f6r\u00fckl\u00fc Vantus \u0130ncelemi\u015f oldu\u011funuz \u00fcr\u00fcn\u00fcn sat\u0131\u015f fiyat\u0131n\u0131 sat\u0131c\u0131 belirlemektedir.<\/li>\n<li class=\"detail-desc-item\">\u00c7ap: 13 Cm Y\u00fckseklik: 36 Cm<\/li>\n<\/ul>\n","protected":false},"excerpt":{"rendered":"<ul class=\"detail-desc-list\">\n<li class=\"detail-desc-item\">Lavabo Ve K\u00fcvet A\u00e7\u0131c\u0131 Pompa B\u00fcy\u00fck K\u00f6r\u00fckl\u00fc Vantus \u0130ncelemi\u015f oldu\u011funuz \u00fcr\u00fcn\u00fcn sat\u0131\u015f fiyat\u0131n\u0131 sat\u0131c\u0131 belirlemektedir.<\/li>\n<li class=\"detail-desc-item\">\u00c7ap: 13 Cm Y\u00fckseklik: 36 Cm<\/li>\n<\/ul>\n","protected":false},"featured_media":1334,"comment_status":"open","ping_status":"closed","template":"","meta":[],"product_brand":[],"product_cat":[37,60,15],"product_tag":[],"class_list":{"0":"post-1333","1":"product","2":"type-product","3":"status-publish","4":"has-post-thumbnail","6":"product_cat-ev-gerecleri","7":"product_cat-pratik-temizlik-gerecleri","8":"product_cat-tum-urunler","10":"first","11":"instock","12":"sale","13":"taxable","14":"shipping-taxable","15":"purchasable","16":"product-type-simple"},"yoast_head":"<!-- This site is optimized with the Yoast SEO plugin v27.2 - https:\/\/yoast.com\/product\/yoast-seo-wordpress\/ -->\n<title>Lavabo Ve K\u00fcvet A\u00e7\u0131c\u0131 Pompa B\u00fcy\u00fck K\u00f6r\u00fckl\u00fc Vantus |<\/title>\n<meta name=\"description\" content=\"Lavabo Ve K\u00fcvet A\u00e7\u0131c\u0131 Pompa B\u00fcy\u00fck K\u00f6r\u00fckl\u00fc Vantus \u0130ncelemi\u015f oldu\u011funuz \u00fcr\u00fcn\u00fcn sat\u0131\u015f fiyat\u0131n\u0131 sat\u0131c\u0131 belirlemektedir.\u00c7ap: 13 Cm Y\u00fckseklik: 36 Cm\" \/>\n<meta name=\"robots\" content=\"index, follow, max-snippet:-1, max-image-preview:large, max-video-preview:-1\" \/>\n<link rel=\"canonical\" href=\"https:\/\/www.peraavm.com\/index.php\/urun\/lavabo-ve-kuvet-acici-pompa-buyuk-koruklu-vantus\/\" \/>\n<meta property=\"og:locale\" content=\"tr_TR\" \/>\n<meta property=\"og:type\" content=\"article\" \/>\n<meta property=\"og:title\" content=\"Lavabo Ve K\u00fcvet A\u00e7\u0131c\u0131 Pompa B\u00fcy\u00fck K\u00f6r\u00fckl\u00fc Vantus |\" \/>\n<meta property=\"og:description\" content=\"Lavabo Ve K\u00fcvet A\u00e7\u0131c\u0131 Pompa B\u00fcy\u00fck K\u00f6r\u00fckl\u00fc Vantus \u0130ncelemi\u015f oldu\u011funuz \u00fcr\u00fcn\u00fcn sat\u0131\u015f fiyat\u0131n\u0131 sat\u0131c\u0131 belirlemektedir.\u00c7ap: 13 Cm Y\u00fckseklik: 36 Cm\" \/>\n<meta property=\"og:url\" content=\"https:\/\/www.peraavm.com\/index.php\/urun\/lavabo-ve-kuvet-acici-pompa-buyuk-koruklu-vantus\/\" \/>\n<meta property=\"article:modified_time\" content=\"2026-01-17T19:26:49+00:00\" \/>\n<meta property=\"og:image\" content=\"https:\/\/www.peraavm.com\/wp-content\/uploads\/2021\/12\/345345.jpg\" \/>\n\t<meta property=\"og:image:width\" content=\"300\" \/>\n\t<meta property=\"og:image:height\" content=\"300\" \/>\n\t<meta property=\"og:image:type\" content=\"image\/jpeg\" \/>\n<meta name=\"twitter:card\" content=\"summary_large_image\" \/>\n<script type=\"application\/ld+json\" class=\"yoast-schema-graph\">{\"@context\":\"https:\/\/schema.org\",\"@graph\":[{\"@type\":\"WebPage\",\"@id\":\"https:\/\/www.peraavm.com\/index.php\/urun\/lavabo-ve-kuvet-acici-pompa-buyuk-koruklu-vantus\/\",\"url\":\"https:\/\/www.peraavm.com\/index.php\/urun\/lavabo-ve-kuvet-acici-pompa-buyuk-koruklu-vantus\/\",\"name\":\"Lavabo Ve K\u00fcvet A\u00e7\u0131c\u0131 Pompa B\u00fcy\u00fck K\u00f6r\u00fckl\u00fc Vantus |\",\"isPartOf\":{\"@id\":\"https:\/\/www.peraavm.com\/#website\"},\"primaryImageOfPage\":{\"@id\":\"https:\/\/www.peraavm.com\/index.php\/urun\/lavabo-ve-kuvet-acici-pompa-buyuk-koruklu-vantus\/#primaryimage\"},\"image\":{\"@id\":\"https:\/\/www.peraavm.com\/index.php\/urun\/lavabo-ve-kuvet-acici-pompa-buyuk-koruklu-vantus\/#primaryimage\"},\"thumbnailUrl\":\"https:\/\/www.peraavm.com\/wp-content\/uploads\/2021\/12\/345345.jpg\",\"datePublished\":\"2021-12-02T08:53:28+00:00\",\"dateModified\":\"2026-01-17T19:26:49+00:00\",\"description\":\"Lavabo Ve K\u00fcvet A\u00e7\u0131c\u0131 Pompa B\u00fcy\u00fck K\u00f6r\u00fckl\u00fc Vantus \u0130ncelemi\u015f oldu\u011funuz \u00fcr\u00fcn\u00fcn sat\u0131\u015f fiyat\u0131n\u0131 sat\u0131c\u0131 belirlemektedir.\u00c7ap: 13 Cm Y\u00fckseklik: 36 Cm\",\"breadcrumb\":{\"@id\":\"https:\/\/www.peraavm.com\/index.php\/urun\/lavabo-ve-kuvet-acici-pompa-buyuk-koruklu-vantus\/#breadcrumb\"},\"inLanguage\":\"tr\",\"potentialAction\":[{\"@type\":\"ReadAction\",\"target\":[\"https:\/\/www.peraavm.com\/index.php\/urun\/lavabo-ve-kuvet-acici-pompa-buyuk-koruklu-vantus\/\"]}]},{\"@type\":\"ImageObject\",\"inLanguage\":\"tr\",\"@id\":\"https:\/\/www.peraavm.com\/index.php\/urun\/lavabo-ve-kuvet-acici-pompa-buyuk-koruklu-vantus\/#primaryimage\",\"url\":\"https:\/\/www.peraavm.com\/wp-content\/uploads\/2021\/12\/345345.jpg\",\"contentUrl\":\"https:\/\/www.peraavm.com\/wp-content\/uploads\/2021\/12\/345345.jpg\",\"width\":300,\"height\":300},{\"@type\":\"BreadcrumbList\",\"@id\":\"https:\/\/www.peraavm.com\/index.php\/urun\/lavabo-ve-kuvet-acici-pompa-buyuk-koruklu-vantus\/#breadcrumb\",\"itemListElement\":[{\"@type\":\"ListItem\",\"position\":1,\"name\":\"Anasayfa\",\"item\":\"https:\/\/www.peraavm.com\/\"},{\"@type\":\"ListItem\",\"position\":2,\"name\":\"Magaza\",\"item\":\"https:\/\/www.peraavm.com\/index.php\/magaza\/\"},{\"@type\":\"ListItem\",\"position\":3,\"name\":\"Lavabo Ve K\u00fcvet A\u00e7\u0131c\u0131 Pompa B\u00fcy\u00fck K\u00f6r\u00fckl\u00fc Vantus\"}]},{\"@type\":\"WebSite\",\"@id\":\"https:\/\/www.peraavm.com\/#website\",\"url\":\"https:\/\/www.peraavm.com\/\",\"name\":\"Pratikmagazam.com\",\"description\":\"\",\"publisher\":{\"@id\":\"https:\/\/www.peraavm.com\/#organization\"},\"potentialAction\":[{\"@type\":\"SearchAction\",\"target\":{\"@type\":\"EntryPoint\",\"urlTemplate\":\"https:\/\/www.peraavm.com\/?s={search_term_string}\"},\"query-input\":{\"@type\":\"PropertyValueSpecification\",\"valueRequired\":true,\"valueName\":\"search_term_string\"}}],\"inLanguage\":\"tr\"},{\"@type\":\"Organization\",\"@id\":\"https:\/\/www.peraavm.com\/#organization\",\"name\":\"pratikmagazam.com\",\"url\":\"https:\/\/www.peraavm.com\/\",\"logo\":{\"@type\":\"ImageObject\",\"inLanguage\":\"tr\",\"@id\":\"https:\/\/www.peraavm.com\/#\/schema\/logo\/image\/\",\"url\":\"https:\/\/www.pratikmagazam.com\/wp-content\/uploads\/2021\/11\/Ekran-Resmi-2021-11-17-08.16.13.png\",\"contentUrl\":\"https:\/\/www.pratikmagazam.com\/wp-content\/uploads\/2021\/11\/Ekran-Resmi-2021-11-17-08.16.13.png\",\"width\":477,\"height\":135,\"caption\":\"pratikmagazam.com\"},\"image\":{\"@id\":\"https:\/\/www.peraavm.com\/#\/schema\/logo\/image\/\"},\"sameAs\":[\"https:\/\/instagram.com\/pratikmagazam?utm_medium=copy_link\"]}]}<\/script>\n<!-- \/ Yoast SEO plugin. -->","yoast_head_json":{"title":"Lavabo Ve K\u00fcvet A\u00e7\u0131c\u0131 Pompa B\u00fcy\u00fck K\u00f6r\u00fckl\u00fc Vantus |","description":"Lavabo Ve K\u00fcvet A\u00e7\u0131c\u0131 Pompa B\u00fcy\u00fck K\u00f6r\u00fckl\u00fc Vantus \u0130ncelemi\u015f oldu\u011funuz \u00fcr\u00fcn\u00fcn sat\u0131\u015f fiyat\u0131n\u0131 sat\u0131c\u0131 belirlemektedir.\u00c7ap: 13 Cm Y\u00fckseklik: 36 Cm","robots":{"index":"index","follow":"follow","max-snippet":"max-snippet:-1","max-image-preview":"max-image-preview:large","max-video-preview":"max-video-preview:-1"},"canonical":"https:\/\/www.peraavm.com\/index.php\/urun\/lavabo-ve-kuvet-acici-pompa-buyuk-koruklu-vantus\/","og_locale":"tr_TR","og_type":"article","og_title":"Lavabo Ve K\u00fcvet A\u00e7\u0131c\u0131 Pompa B\u00fcy\u00fck K\u00f6r\u00fckl\u00fc Vantus |","og_description":"Lavabo Ve K\u00fcvet A\u00e7\u0131c\u0131 Pompa B\u00fcy\u00fck K\u00f6r\u00fckl\u00fc Vantus \u0130ncelemi\u015f oldu\u011funuz \u00fcr\u00fcn\u00fcn sat\u0131\u015f fiyat\u0131n\u0131 sat\u0131c\u0131 belirlemektedir.\u00c7ap: 13 Cm Y\u00fckseklik: 36 Cm","og_url":"https:\/\/www.peraavm.com\/index.php\/urun\/lavabo-ve-kuvet-acici-pompa-buyuk-koruklu-vantus\/","article_modified_time":"2026-01-17T19:26:49+00:00","og_image":[{"width":300,"height":300,"url":"https:\/\/www.peraavm.com\/wp-content\/uploads\/2021\/12\/345345.jpg","type":"image\/jpeg"}],"twitter_card":"summary_large_image","schema":{"@context":"https:\/\/schema.org","@graph":[{"@type":"WebPage","@id":"https:\/\/www.peraavm.com\/index.php\/urun\/lavabo-ve-kuvet-acici-pompa-buyuk-koruklu-vantus\/","url":"https:\/\/www.peraavm.com\/index.php\/urun\/lavabo-ve-kuvet-acici-pompa-buyuk-koruklu-vantus\/","name":"Lavabo Ve K\u00fcvet A\u00e7\u0131c\u0131 Pompa B\u00fcy\u00fck K\u00f6r\u00fckl\u00fc Vantus |","isPartOf":{"@id":"https:\/\/www.peraavm.com\/#website"},"primaryImageOfPage":{"@id":"https:\/\/www.peraavm.com\/index.php\/urun\/lavabo-ve-kuvet-acici-pompa-buyuk-koruklu-vantus\/#primaryimage"},"image":{"@id":"https:\/\/www.peraavm.com\/index.php\/urun\/lavabo-ve-kuvet-acici-pompa-buyuk-koruklu-vantus\/#primaryimage"},"thumbnailUrl":"https:\/\/www.peraavm.com\/wp-content\/uploads\/2021\/12\/345345.jpg","datePublished":"2021-12-02T08:53:28+00:00","dateModified":"2026-01-17T19:26:49+00:00","description":"Lavabo Ve K\u00fcvet A\u00e7\u0131c\u0131 Pompa B\u00fcy\u00fck K\u00f6r\u00fckl\u00fc Vantus \u0130ncelemi\u015f oldu\u011funuz \u00fcr\u00fcn\u00fcn sat\u0131\u015f fiyat\u0131n\u0131 sat\u0131c\u0131 belirlemektedir.\u00c7ap: 13 Cm Y\u00fckseklik: 36 Cm","breadcrumb":{"@id":"https:\/\/www.peraavm.com\/index.php\/urun\/lavabo-ve-kuvet-acici-pompa-buyuk-koruklu-vantus\/#breadcrumb"},"inLanguage":"tr","potentialAction":[{"@type":"ReadAction","target":["https:\/\/www.peraavm.com\/index.php\/urun\/lavabo-ve-kuvet-acici-pompa-buyuk-koruklu-vantus\/"]}]},{"@type":"ImageObject","inLanguage":"tr","@id":"https:\/\/www.peraavm.com\/index.php\/urun\/lavabo-ve-kuvet-acici-pompa-buyuk-koruklu-vantus\/#primaryimage","url":"https:\/\/www.peraavm.com\/wp-content\/uploads\/2021\/12\/345345.jpg","contentUrl":"https:\/\/www.peraavm.com\/wp-content\/uploads\/2021\/12\/345345.jpg","width":300,"height":300},{"@type":"BreadcrumbList","@id":"https:\/\/www.peraavm.com\/index.php\/urun\/lavabo-ve-kuvet-acici-pompa-buyuk-koruklu-vantus\/#breadcrumb","itemListElement":[{"@type":"ListItem","position":1,"name":"Anasayfa","item":"https:\/\/www.peraavm.com\/"},{"@type":"ListItem","position":2,"name":"Magaza","item":"https:\/\/www.peraavm.com\/index.php\/magaza\/"},{"@type":"ListItem","position":3,"name":"Lavabo Ve K\u00fcvet A\u00e7\u0131c\u0131 Pompa B\u00fcy\u00fck K\u00f6r\u00fckl\u00fc Vantus"}]},{"@type":"WebSite","@id":"https:\/\/www.peraavm.com\/#website","url":"https:\/\/www.peraavm.com\/","name":"Pratikmagazam.com","description":"","publisher":{"@id":"https:\/\/www.peraavm.com\/#organization"},"potentialAction":[{"@type":"SearchAction","target":{"@type":"EntryPoint","urlTemplate":"https:\/\/www.peraavm.com\/?s={search_term_string}"},"query-input":{"@type":"PropertyValueSpecification","valueRequired":true,"valueName":"search_term_string"}}],"inLanguage":"tr"},{"@type":"Organization","@id":"https:\/\/www.peraavm.com\/#organization","name":"pratikmagazam.com","url":"https:\/\/www.peraavm.com\/","logo":{"@type":"ImageObject","inLanguage":"tr","@id":"https:\/\/www.peraavm.com\/#\/schema\/logo\/image\/","url":"https:\/\/www.pratikmagazam.com\/wp-content\/uploads\/2021\/11\/Ekran-Resmi-2021-11-17-08.16.13.png","contentUrl":"https:\/\/www.pratikmagazam.com\/wp-content\/uploads\/2021\/11\/Ekran-Resmi-2021-11-17-08.16.13.png","width":477,"height":135,"caption":"pratikmagazam.com"},"image":{"@id":"https:\/\/www.peraavm.com\/#\/schema\/logo\/image\/"},"sameAs":["https:\/\/instagram.com\/pratikmagazam?utm_medium=copy_link"]}]}},"_links":{"self":[{"href":"https:\/\/www.peraavm.com\/index.php\/wp-json\/wp\/v2\/product\/1333","targetHints":{"allow":["GET"]}}],"collection":[{"href":"https:\/\/www.peraavm.com\/index.php\/wp-json\/wp\/v2\/product"}],"about":[{"href":"https:\/\/www.peraavm.com\/index.php\/wp-json\/wp\/v2\/types\/product"}],"replies":[{"embeddable":true,"href":"https:\/\/www.peraavm.com\/index.php\/wp-json\/wp\/v2\/comments?post=1333"}],"wp:featuredmedia":[{"embeddable":true,"href":"https:\/\/www.peraavm.com\/index.php\/wp-json\/wp\/v2\/media\/1334"}],"wp:attachment":[{"href":"https:\/\/www.peraavm.com\/index.php\/wp-json\/wp\/v2\/media?parent=1333"}],"wp:term":[{"taxonomy":"product_brand","embeddable":true,"href":"https:\/\/www.peraavm.com\/index.php\/wp-json\/wp\/v2\/product_brand?post=1333"},{"taxonomy":"product_cat","embeddable":true,"href":"https:\/\/www.peraavm.com\/index.php\/wp-json\/wp\/v2\/product_cat?post=1333"},{"taxonomy":"product_tag","embeddable":true,"href":"https:\/\/www.peraavm.com\/index.php\/wp-json\/wp\/v2\/product_tag?post=1333"}],"curies":[{"name":"wp","href":"https:\/\/api.w.org\/{rel}","templated":true}]}}