{"id":1387,"date":"2021-12-02T10:27:23","date_gmt":"2021-12-02T10:27:23","guid":{"rendered":"https:\/\/www.pratikmagazam.com\/?post_type=product&#038;p=1387"},"modified":"2023-12-22T14:15:04","modified_gmt":"2023-12-22T14:15:04","slug":"mikrofiber-temizlik-bezi-seti-30-x-40-cm-4-adetmikrofiber-temizlik-bezi-seti-30-x-40-cm-4-adet-temizlik-yapmanizi-kolaylastiracak-mikrofiber-bezler-cam-silmede-veya-toz-almada-kullanabileceginiz-mi","status":"publish","type":"product","link":"https:\/\/www.peraavm.com\/index.php\/urun\/mikrofiber-temizlik-bezi-seti-30-x-40-cm-4-adetmikrofiber-temizlik-bezi-seti-30-x-40-cm-4-adet-temizlik-yapmanizi-kolaylastiracak-mikrofiber-bezler-cam-silmede-veya-toz-almada-kullanabileceginiz-mi\/","title":{"rendered":"Mikrofiber Temizlik Bezi Seti &#8211; 30 X 40 Cm 4 Adet"},"content":{"rendered":"<ul class=\"detail-desc-list\">\n<li class=\"detail-desc-item\">Mikrofiber temizlik bezi seti &#8211; 30 x 40 cm 4 adet temizlik yapman\u0131z\u0131 kolayla\u015ft\u0131racak mikrofiber bezler! Cam silmede veya toz almada kullanabilece\u011finiz mikrofiber bezlerdir. Evde, ofiste, araban\u0131zda, mutfa\u011f\u0131n\u0131zda, banyonuzda, lavabolar\u0131n\u0131zda, camlarda, ah\u015fap y\u00fczeylerde kullanabilirsiniz. Mikrofiber teknolojisi ile \u00fcretilen bezler y\u00fczeylere zarar vermez. Kiri ve tozu i\u00e7ine hapsederek kusursuz temizlik sa\u011flar. Temizli\u011finizin k\u0131sa s\u00fcrede tamamlanmas\u0131n\u0131 sa\u011flar. Nano teknolojisi sayesinde deterjana gerek duymadan temizlik yapman\u0131z\u0131 sa\u011flar. Genel temizlik bezi olan mikrofiber bezler \u00e7ift tarafl\u0131 kullanabilir. \u00dcr\u00fcn \u00f6l\u00e7\u00fcleri: Tek bez \u00f6l\u00e7\u00fcs\u00fc: 30 x 40 cm paket i\u00e7eri\u011fi: 4 adet mikrofiber temizlik bezi<\/li>\n<\/ul>\n","protected":false},"excerpt":{"rendered":"<ul class=\"detail-desc-list\">\n<li class=\"detail-desc-item\">Mikrofiber temizlik bezi seti &#8211; 30 x 40 cm 4 adet temizlik yapman\u0131z\u0131 kolayla\u015ft\u0131racak mikrofiber bezler! Cam silmede veya toz almada kullanabilece\u011finiz mikrofiber bezlerdir. Evde, ofiste, araban\u0131zda, mutfa\u011f\u0131n\u0131zda, banyonuzda, lavabolar\u0131n\u0131zda, camlarda, ah\u015fap y\u00fczeylerde kullanabilirsiniz. Mikrofiber teknolojisi ile \u00fcretilen bezler y\u00fczeylere zarar vermez. Kiri ve tozu i\u00e7ine hapsederek kusursuz temizlik sa\u011flar. Temizli\u011finizin k\u0131sa s\u00fcrede tamamlanmas\u0131n\u0131 sa\u011flar. Nano teknolojisi sayesinde deterjana gerek duymadan temizlik yapman\u0131z\u0131 sa\u011flar. Genel temizlik bezi olan mikrofiber bezler \u00e7ift tarafl\u0131 kullanabilir. \u00dcr\u00fcn \u00f6l\u00e7\u00fcleri: Tek bez \u00f6l\u00e7\u00fcs\u00fc: 30 x 40 cm paket i\u00e7eri\u011fi: 4 adet mikrofiber temizlik bezi<\/li>\n<\/ul>\n","protected":false},"featured_media":1388,"comment_status":"open","ping_status":"closed","template":"","meta":[],"product_brand":[],"product_cat":[37,60,15],"product_tag":[],"class_list":{"0":"post-1387","1":"product","2":"type-product","3":"status-publish","4":"has-post-thumbnail","6":"product_cat-ev-gerecleri","7":"product_cat-pratik-temizlik-gerecleri","8":"product_cat-tum-urunler","10":"first","11":"instock","12":"sale","13":"taxable","14":"shipping-taxable","15":"purchasable","16":"product-type-simple"},"yoast_head":"<!-- This site is optimized with the Yoast SEO plugin v27.2 - https:\/\/yoast.com\/product\/yoast-seo-wordpress\/ -->\n<title>Mikrofiber Temizlik Bezi Seti - 30 X 40 Cm 4 Adet |<\/title>\n<meta name=\"description\" content=\"Mikrofiber temizlik bezi seti - 30 x 40 cm 4 adet temizlik yapman\u0131z\u0131 kolayla\u015ft\u0131racak mikrofiber bezler! Cam silmede veya toz almada kullanabilece\u011finiz mikrofiber bezlerdir. Evde, ofiste, araban\u0131zda, mutfa\u011f\u0131n\u0131zda, banyonuzda, lavabolar\u0131n\u0131zda, camlarda, ah\u015fap y\u00fczeylerde kullanabilirsiniz. Mikrofiber teknolojisi ile \u00fcretilen bezler y\u00fczeylere zarar vermez. Kiri ve tozu i\u00e7ine hapsederek kusursuz temizlik sa\u011flar. Temizli\u011finizin k\u0131sa s\u00fcrede tamamlanmas\u0131n\u0131 sa\u011flar. Nano teknolojisi sayesinde deterjana gerek duymadan temizlik yapman\u0131z\u0131 sa\u011flar. Genel temizlik bezi olan mikrofiber bezler \u00e7ift tarafl\u0131 kullanabilir. \u00dcr\u00fcn \u00f6l\u00e7\u00fcleri: Tek bez \u00f6l\u00e7\u00fcs\u00fc: 30 x 40 cm paket i\u00e7eri\u011fi: 4 adet mikrofiber temizlik bezi\" \/>\n<meta name=\"robots\" content=\"index, follow, max-snippet:-1, max-image-preview:large, max-video-preview:-1\" \/>\n<link rel=\"canonical\" href=\"https:\/\/www.peraavm.com\/index.php\/urun\/mikrofiber-temizlik-bezi-seti-30-x-40-cm-4-adetmikrofiber-temizlik-bezi-seti-30-x-40-cm-4-adet-temizlik-yapmanizi-kolaylastiracak-mikrofiber-bezler-cam-silmede-veya-toz-almada-kullanabileceginiz-mi\/\" \/>\n<meta property=\"og:locale\" content=\"tr_TR\" \/>\n<meta property=\"og:type\" content=\"article\" \/>\n<meta property=\"og:title\" content=\"Mikrofiber Temizlik Bezi Seti - 30 X 40 Cm 4 Adet |\" \/>\n<meta property=\"og:description\" content=\"Mikrofiber temizlik bezi seti - 30 x 40 cm 4 adet temizlik yapman\u0131z\u0131 kolayla\u015ft\u0131racak mikrofiber bezler! Cam silmede veya toz almada kullanabilece\u011finiz mikrofiber bezlerdir. Evde, ofiste, araban\u0131zda, mutfa\u011f\u0131n\u0131zda, banyonuzda, lavabolar\u0131n\u0131zda, camlarda, ah\u015fap y\u00fczeylerde kullanabilirsiniz. Mikrofiber teknolojisi ile \u00fcretilen bezler y\u00fczeylere zarar vermez. Kiri ve tozu i\u00e7ine hapsederek kusursuz temizlik sa\u011flar. Temizli\u011finizin k\u0131sa s\u00fcrede tamamlanmas\u0131n\u0131 sa\u011flar. Nano teknolojisi sayesinde deterjana gerek duymadan temizlik yapman\u0131z\u0131 sa\u011flar. Genel temizlik bezi olan mikrofiber bezler \u00e7ift tarafl\u0131 kullanabilir. \u00dcr\u00fcn \u00f6l\u00e7\u00fcleri: Tek bez \u00f6l\u00e7\u00fcs\u00fc: 30 x 40 cm paket i\u00e7eri\u011fi: 4 adet mikrofiber temizlik bezi\" \/>\n<meta property=\"og:url\" content=\"https:\/\/www.peraavm.com\/index.php\/urun\/mikrofiber-temizlik-bezi-seti-30-x-40-cm-4-adetmikrofiber-temizlik-bezi-seti-30-x-40-cm-4-adet-temizlik-yapmanizi-kolaylastiracak-mikrofiber-bezler-cam-silmede-veya-toz-almada-kullanabileceginiz-mi\/\" \/>\n<meta property=\"article:modified_time\" content=\"2023-12-22T14:15:04+00:00\" \/>\n<meta property=\"og:image\" content=\"https:\/\/www.peraavm.com\/wp-content\/uploads\/2021\/12\/234234234-10.jpg\" \/>\n\t<meta property=\"og:image:width\" content=\"300\" \/>\n\t<meta property=\"og:image:height\" content=\"300\" \/>\n\t<meta property=\"og:image:type\" content=\"image\/jpeg\" \/>\n<meta name=\"twitter:card\" content=\"summary_large_image\" \/>\n<meta name=\"twitter:label1\" content=\"Tahmini okuma s\u00fcresi\" \/>\n\t<meta name=\"twitter:data1\" content=\"1 dakika\" \/>\n<script type=\"application\/ld+json\" class=\"yoast-schema-graph\">{\"@context\":\"https:\/\/schema.org\",\"@graph\":[{\"@type\":\"WebPage\",\"@id\":\"https:\/\/www.peraavm.com\/index.php\/urun\/mikrofiber-temizlik-bezi-seti-30-x-40-cm-4-adetmikrofiber-temizlik-bezi-seti-30-x-40-cm-4-adet-temizlik-yapmanizi-kolaylastiracak-mikrofiber-bezler-cam-silmede-veya-toz-almada-kullanabileceginiz-mi\/\",\"url\":\"https:\/\/www.peraavm.com\/index.php\/urun\/mikrofiber-temizlik-bezi-seti-30-x-40-cm-4-adetmikrofiber-temizlik-bezi-seti-30-x-40-cm-4-adet-temizlik-yapmanizi-kolaylastiracak-mikrofiber-bezler-cam-silmede-veya-toz-almada-kullanabileceginiz-mi\/\",\"name\":\"Mikrofiber Temizlik Bezi Seti - 30 X 40 Cm 4 Adet |\",\"isPartOf\":{\"@id\":\"https:\/\/www.peraavm.com\/#website\"},\"primaryImageOfPage\":{\"@id\":\"https:\/\/www.peraavm.com\/index.php\/urun\/mikrofiber-temizlik-bezi-seti-30-x-40-cm-4-adetmikrofiber-temizlik-bezi-seti-30-x-40-cm-4-adet-temizlik-yapmanizi-kolaylastiracak-mikrofiber-bezler-cam-silmede-veya-toz-almada-kullanabileceginiz-mi\/#primaryimage\"},\"image\":{\"@id\":\"https:\/\/www.peraavm.com\/index.php\/urun\/mikrofiber-temizlik-bezi-seti-30-x-40-cm-4-adetmikrofiber-temizlik-bezi-seti-30-x-40-cm-4-adet-temizlik-yapmanizi-kolaylastiracak-mikrofiber-bezler-cam-silmede-veya-toz-almada-kullanabileceginiz-mi\/#primaryimage\"},\"thumbnailUrl\":\"https:\/\/www.peraavm.com\/wp-content\/uploads\/2021\/12\/234234234-10.jpg\",\"datePublished\":\"2021-12-02T10:27:23+00:00\",\"dateModified\":\"2023-12-22T14:15:04+00:00\",\"description\":\"Mikrofiber temizlik bezi seti - 30 x 40 cm 4 adet temizlik yapman\u0131z\u0131 kolayla\u015ft\u0131racak mikrofiber bezler! Cam silmede veya toz almada kullanabilece\u011finiz mikrofiber bezlerdir. Evde, ofiste, araban\u0131zda, mutfa\u011f\u0131n\u0131zda, banyonuzda, lavabolar\u0131n\u0131zda, camlarda, ah\u015fap y\u00fczeylerde kullanabilirsiniz. Mikrofiber teknolojisi ile \u00fcretilen bezler y\u00fczeylere zarar vermez. Kiri ve tozu i\u00e7ine hapsederek kusursuz temizlik sa\u011flar. Temizli\u011finizin k\u0131sa s\u00fcrede tamamlanmas\u0131n\u0131 sa\u011flar. Nano teknolojisi sayesinde deterjana gerek duymadan temizlik yapman\u0131z\u0131 sa\u011flar. Genel temizlik bezi olan mikrofiber bezler \u00e7ift tarafl\u0131 kullanabilir. \u00dcr\u00fcn \u00f6l\u00e7\u00fcleri: Tek bez \u00f6l\u00e7\u00fcs\u00fc: 30 x 40 cm paket i\u00e7eri\u011fi: 4 adet mikrofiber temizlik bezi\",\"breadcrumb\":{\"@id\":\"https:\/\/www.peraavm.com\/index.php\/urun\/mikrofiber-temizlik-bezi-seti-30-x-40-cm-4-adetmikrofiber-temizlik-bezi-seti-30-x-40-cm-4-adet-temizlik-yapmanizi-kolaylastiracak-mikrofiber-bezler-cam-silmede-veya-toz-almada-kullanabileceginiz-mi\/#breadcrumb\"},\"inLanguage\":\"tr\",\"potentialAction\":[{\"@type\":\"ReadAction\",\"target\":[\"https:\/\/www.peraavm.com\/index.php\/urun\/mikrofiber-temizlik-bezi-seti-30-x-40-cm-4-adetmikrofiber-temizlik-bezi-seti-30-x-40-cm-4-adet-temizlik-yapmanizi-kolaylastiracak-mikrofiber-bezler-cam-silmede-veya-toz-almada-kullanabileceginiz-mi\/\"]}]},{\"@type\":\"ImageObject\",\"inLanguage\":\"tr\",\"@id\":\"https:\/\/www.peraavm.com\/index.php\/urun\/mikrofiber-temizlik-bezi-seti-30-x-40-cm-4-adetmikrofiber-temizlik-bezi-seti-30-x-40-cm-4-adet-temizlik-yapmanizi-kolaylastiracak-mikrofiber-bezler-cam-silmede-veya-toz-almada-kullanabileceginiz-mi\/#primaryimage\",\"url\":\"https:\/\/www.peraavm.com\/wp-content\/uploads\/2021\/12\/234234234-10.jpg\",\"contentUrl\":\"https:\/\/www.peraavm.com\/wp-content\/uploads\/2021\/12\/234234234-10.jpg\",\"width\":300,\"height\":300},{\"@type\":\"BreadcrumbList\",\"@id\":\"https:\/\/www.peraavm.com\/index.php\/urun\/mikrofiber-temizlik-bezi-seti-30-x-40-cm-4-adetmikrofiber-temizlik-bezi-seti-30-x-40-cm-4-adet-temizlik-yapmanizi-kolaylastiracak-mikrofiber-bezler-cam-silmede-veya-toz-almada-kullanabileceginiz-mi\/#breadcrumb\",\"itemListElement\":[{\"@type\":\"ListItem\",\"position\":1,\"name\":\"Anasayfa\",\"item\":\"https:\/\/www.peraavm.com\/\"},{\"@type\":\"ListItem\",\"position\":2,\"name\":\"Magaza\",\"item\":\"https:\/\/www.peraavm.com\/index.php\/magaza\/\"},{\"@type\":\"ListItem\",\"position\":3,\"name\":\"Mikrofiber Temizlik Bezi Seti &#8211; 30 X 40 Cm 4 Adet\"}]},{\"@type\":\"WebSite\",\"@id\":\"https:\/\/www.peraavm.com\/#website\",\"url\":\"https:\/\/www.peraavm.com\/\",\"name\":\"Pratikmagazam.com\",\"description\":\"\",\"publisher\":{\"@id\":\"https:\/\/www.peraavm.com\/#organization\"},\"potentialAction\":[{\"@type\":\"SearchAction\",\"target\":{\"@type\":\"EntryPoint\",\"urlTemplate\":\"https:\/\/www.peraavm.com\/?s={search_term_string}\"},\"query-input\":{\"@type\":\"PropertyValueSpecification\",\"valueRequired\":true,\"valueName\":\"search_term_string\"}}],\"inLanguage\":\"tr\"},{\"@type\":\"Organization\",\"@id\":\"https:\/\/www.peraavm.com\/#organization\",\"name\":\"pratikmagazam.com\",\"url\":\"https:\/\/www.peraavm.com\/\",\"logo\":{\"@type\":\"ImageObject\",\"inLanguage\":\"tr\",\"@id\":\"https:\/\/www.peraavm.com\/#\/schema\/logo\/image\/\",\"url\":\"https:\/\/www.pratikmagazam.com\/wp-content\/uploads\/2021\/11\/Ekran-Resmi-2021-11-17-08.16.13.png\",\"contentUrl\":\"https:\/\/www.pratikmagazam.com\/wp-content\/uploads\/2021\/11\/Ekran-Resmi-2021-11-17-08.16.13.png\",\"width\":477,\"height\":135,\"caption\":\"pratikmagazam.com\"},\"image\":{\"@id\":\"https:\/\/www.peraavm.com\/#\/schema\/logo\/image\/\"},\"sameAs\":[\"https:\/\/instagram.com\/pratikmagazam?utm_medium=copy_link\"]}]}<\/script>\n<!-- \/ Yoast SEO plugin. -->","yoast_head_json":{"title":"Mikrofiber Temizlik Bezi Seti - 30 X 40 Cm 4 Adet |","description":"Mikrofiber temizlik bezi seti - 30 x 40 cm 4 adet temizlik yapman\u0131z\u0131 kolayla\u015ft\u0131racak mikrofiber bezler! Cam silmede veya toz almada kullanabilece\u011finiz mikrofiber bezlerdir. Evde, ofiste, araban\u0131zda, mutfa\u011f\u0131n\u0131zda, banyonuzda, lavabolar\u0131n\u0131zda, camlarda, ah\u015fap y\u00fczeylerde kullanabilirsiniz. Mikrofiber teknolojisi ile \u00fcretilen bezler y\u00fczeylere zarar vermez. Kiri ve tozu i\u00e7ine hapsederek kusursuz temizlik sa\u011flar. Temizli\u011finizin k\u0131sa s\u00fcrede tamamlanmas\u0131n\u0131 sa\u011flar. Nano teknolojisi sayesinde deterjana gerek duymadan temizlik yapman\u0131z\u0131 sa\u011flar. Genel temizlik bezi olan mikrofiber bezler \u00e7ift tarafl\u0131 kullanabilir. \u00dcr\u00fcn \u00f6l\u00e7\u00fcleri: Tek bez \u00f6l\u00e7\u00fcs\u00fc: 30 x 40 cm paket i\u00e7eri\u011fi: 4 adet mikrofiber temizlik bezi","robots":{"index":"index","follow":"follow","max-snippet":"max-snippet:-1","max-image-preview":"max-image-preview:large","max-video-preview":"max-video-preview:-1"},"canonical":"https:\/\/www.peraavm.com\/index.php\/urun\/mikrofiber-temizlik-bezi-seti-30-x-40-cm-4-adetmikrofiber-temizlik-bezi-seti-30-x-40-cm-4-adet-temizlik-yapmanizi-kolaylastiracak-mikrofiber-bezler-cam-silmede-veya-toz-almada-kullanabileceginiz-mi\/","og_locale":"tr_TR","og_type":"article","og_title":"Mikrofiber Temizlik Bezi Seti - 30 X 40 Cm 4 Adet |","og_description":"Mikrofiber temizlik bezi seti - 30 x 40 cm 4 adet temizlik yapman\u0131z\u0131 kolayla\u015ft\u0131racak mikrofiber bezler! Cam silmede veya toz almada kullanabilece\u011finiz mikrofiber bezlerdir. Evde, ofiste, araban\u0131zda, mutfa\u011f\u0131n\u0131zda, banyonuzda, lavabolar\u0131n\u0131zda, camlarda, ah\u015fap y\u00fczeylerde kullanabilirsiniz. Mikrofiber teknolojisi ile \u00fcretilen bezler y\u00fczeylere zarar vermez. Kiri ve tozu i\u00e7ine hapsederek kusursuz temizlik sa\u011flar. Temizli\u011finizin k\u0131sa s\u00fcrede tamamlanmas\u0131n\u0131 sa\u011flar. Nano teknolojisi sayesinde deterjana gerek duymadan temizlik yapman\u0131z\u0131 sa\u011flar. Genel temizlik bezi olan mikrofiber bezler \u00e7ift tarafl\u0131 kullanabilir. \u00dcr\u00fcn \u00f6l\u00e7\u00fcleri: Tek bez \u00f6l\u00e7\u00fcs\u00fc: 30 x 40 cm paket i\u00e7eri\u011fi: 4 adet mikrofiber temizlik bezi","og_url":"https:\/\/www.peraavm.com\/index.php\/urun\/mikrofiber-temizlik-bezi-seti-30-x-40-cm-4-adetmikrofiber-temizlik-bezi-seti-30-x-40-cm-4-adet-temizlik-yapmanizi-kolaylastiracak-mikrofiber-bezler-cam-silmede-veya-toz-almada-kullanabileceginiz-mi\/","article_modified_time":"2023-12-22T14:15:04+00:00","og_image":[{"width":300,"height":300,"url":"https:\/\/www.peraavm.com\/wp-content\/uploads\/2021\/12\/234234234-10.jpg","type":"image\/jpeg"}],"twitter_card":"summary_large_image","twitter_misc":{"Tahmini okuma s\u00fcresi":"1 dakika"},"schema":{"@context":"https:\/\/schema.org","@graph":[{"@type":"WebPage","@id":"https:\/\/www.peraavm.com\/index.php\/urun\/mikrofiber-temizlik-bezi-seti-30-x-40-cm-4-adetmikrofiber-temizlik-bezi-seti-30-x-40-cm-4-adet-temizlik-yapmanizi-kolaylastiracak-mikrofiber-bezler-cam-silmede-veya-toz-almada-kullanabileceginiz-mi\/","url":"https:\/\/www.peraavm.com\/index.php\/urun\/mikrofiber-temizlik-bezi-seti-30-x-40-cm-4-adetmikrofiber-temizlik-bezi-seti-30-x-40-cm-4-adet-temizlik-yapmanizi-kolaylastiracak-mikrofiber-bezler-cam-silmede-veya-toz-almada-kullanabileceginiz-mi\/","name":"Mikrofiber Temizlik Bezi Seti - 30 X 40 Cm 4 Adet |","isPartOf":{"@id":"https:\/\/www.peraavm.com\/#website"},"primaryImageOfPage":{"@id":"https:\/\/www.peraavm.com\/index.php\/urun\/mikrofiber-temizlik-bezi-seti-30-x-40-cm-4-adetmikrofiber-temizlik-bezi-seti-30-x-40-cm-4-adet-temizlik-yapmanizi-kolaylastiracak-mikrofiber-bezler-cam-silmede-veya-toz-almada-kullanabileceginiz-mi\/#primaryimage"},"image":{"@id":"https:\/\/www.peraavm.com\/index.php\/urun\/mikrofiber-temizlik-bezi-seti-30-x-40-cm-4-adetmikrofiber-temizlik-bezi-seti-30-x-40-cm-4-adet-temizlik-yapmanizi-kolaylastiracak-mikrofiber-bezler-cam-silmede-veya-toz-almada-kullanabileceginiz-mi\/#primaryimage"},"thumbnailUrl":"https:\/\/www.peraavm.com\/wp-content\/uploads\/2021\/12\/234234234-10.jpg","datePublished":"2021-12-02T10:27:23+00:00","dateModified":"2023-12-22T14:15:04+00:00","description":"Mikrofiber temizlik bezi seti - 30 x 40 cm 4 adet temizlik yapman\u0131z\u0131 kolayla\u015ft\u0131racak mikrofiber bezler! Cam silmede veya toz almada kullanabilece\u011finiz mikrofiber bezlerdir. Evde, ofiste, araban\u0131zda, mutfa\u011f\u0131n\u0131zda, banyonuzda, lavabolar\u0131n\u0131zda, camlarda, ah\u015fap y\u00fczeylerde kullanabilirsiniz. Mikrofiber teknolojisi ile \u00fcretilen bezler y\u00fczeylere zarar vermez. Kiri ve tozu i\u00e7ine hapsederek kusursuz temizlik sa\u011flar. Temizli\u011finizin k\u0131sa s\u00fcrede tamamlanmas\u0131n\u0131 sa\u011flar. Nano teknolojisi sayesinde deterjana gerek duymadan temizlik yapman\u0131z\u0131 sa\u011flar. Genel temizlik bezi olan mikrofiber bezler \u00e7ift tarafl\u0131 kullanabilir. \u00dcr\u00fcn \u00f6l\u00e7\u00fcleri: Tek bez \u00f6l\u00e7\u00fcs\u00fc: 30 x 40 cm paket i\u00e7eri\u011fi: 4 adet mikrofiber temizlik bezi","breadcrumb":{"@id":"https:\/\/www.peraavm.com\/index.php\/urun\/mikrofiber-temizlik-bezi-seti-30-x-40-cm-4-adetmikrofiber-temizlik-bezi-seti-30-x-40-cm-4-adet-temizlik-yapmanizi-kolaylastiracak-mikrofiber-bezler-cam-silmede-veya-toz-almada-kullanabileceginiz-mi\/#breadcrumb"},"inLanguage":"tr","potentialAction":[{"@type":"ReadAction","target":["https:\/\/www.peraavm.com\/index.php\/urun\/mikrofiber-temizlik-bezi-seti-30-x-40-cm-4-adetmikrofiber-temizlik-bezi-seti-30-x-40-cm-4-adet-temizlik-yapmanizi-kolaylastiracak-mikrofiber-bezler-cam-silmede-veya-toz-almada-kullanabileceginiz-mi\/"]}]},{"@type":"ImageObject","inLanguage":"tr","@id":"https:\/\/www.peraavm.com\/index.php\/urun\/mikrofiber-temizlik-bezi-seti-30-x-40-cm-4-adetmikrofiber-temizlik-bezi-seti-30-x-40-cm-4-adet-temizlik-yapmanizi-kolaylastiracak-mikrofiber-bezler-cam-silmede-veya-toz-almada-kullanabileceginiz-mi\/#primaryimage","url":"https:\/\/www.peraavm.com\/wp-content\/uploads\/2021\/12\/234234234-10.jpg","contentUrl":"https:\/\/www.peraavm.com\/wp-content\/uploads\/2021\/12\/234234234-10.jpg","width":300,"height":300},{"@type":"BreadcrumbList","@id":"https:\/\/www.peraavm.com\/index.php\/urun\/mikrofiber-temizlik-bezi-seti-30-x-40-cm-4-adetmikrofiber-temizlik-bezi-seti-30-x-40-cm-4-adet-temizlik-yapmanizi-kolaylastiracak-mikrofiber-bezler-cam-silmede-veya-toz-almada-kullanabileceginiz-mi\/#breadcrumb","itemListElement":[{"@type":"ListItem","position":1,"name":"Anasayfa","item":"https:\/\/www.peraavm.com\/"},{"@type":"ListItem","position":2,"name":"Magaza","item":"https:\/\/www.peraavm.com\/index.php\/magaza\/"},{"@type":"ListItem","position":3,"name":"Mikrofiber Temizlik Bezi Seti &#8211; 30 X 40 Cm 4 Adet"}]},{"@type":"WebSite","@id":"https:\/\/www.peraavm.com\/#website","url":"https:\/\/www.peraavm.com\/","name":"Pratikmagazam.com","description":"","publisher":{"@id":"https:\/\/www.peraavm.com\/#organization"},"potentialAction":[{"@type":"SearchAction","target":{"@type":"EntryPoint","urlTemplate":"https:\/\/www.peraavm.com\/?s={search_term_string}"},"query-input":{"@type":"PropertyValueSpecification","valueRequired":true,"valueName":"search_term_string"}}],"inLanguage":"tr"},{"@type":"Organization","@id":"https:\/\/www.peraavm.com\/#organization","name":"pratikmagazam.com","url":"https:\/\/www.peraavm.com\/","logo":{"@type":"ImageObject","inLanguage":"tr","@id":"https:\/\/www.peraavm.com\/#\/schema\/logo\/image\/","url":"https:\/\/www.pratikmagazam.com\/wp-content\/uploads\/2021\/11\/Ekran-Resmi-2021-11-17-08.16.13.png","contentUrl":"https:\/\/www.pratikmagazam.com\/wp-content\/uploads\/2021\/11\/Ekran-Resmi-2021-11-17-08.16.13.png","width":477,"height":135,"caption":"pratikmagazam.com"},"image":{"@id":"https:\/\/www.peraavm.com\/#\/schema\/logo\/image\/"},"sameAs":["https:\/\/instagram.com\/pratikmagazam?utm_medium=copy_link"]}]}},"_links":{"self":[{"href":"https:\/\/www.peraavm.com\/index.php\/wp-json\/wp\/v2\/product\/1387","targetHints":{"allow":["GET"]}}],"collection":[{"href":"https:\/\/www.peraavm.com\/index.php\/wp-json\/wp\/v2\/product"}],"about":[{"href":"https:\/\/www.peraavm.com\/index.php\/wp-json\/wp\/v2\/types\/product"}],"replies":[{"embeddable":true,"href":"https:\/\/www.peraavm.com\/index.php\/wp-json\/wp\/v2\/comments?post=1387"}],"wp:featuredmedia":[{"embeddable":true,"href":"https:\/\/www.peraavm.com\/index.php\/wp-json\/wp\/v2\/media\/1388"}],"wp:attachment":[{"href":"https:\/\/www.peraavm.com\/index.php\/wp-json\/wp\/v2\/media?parent=1387"}],"wp:term":[{"taxonomy":"product_brand","embeddable":true,"href":"https:\/\/www.peraavm.com\/index.php\/wp-json\/wp\/v2\/product_brand?post=1387"},{"taxonomy":"product_cat","embeddable":true,"href":"https:\/\/www.peraavm.com\/index.php\/wp-json\/wp\/v2\/product_cat?post=1387"},{"taxonomy":"product_tag","embeddable":true,"href":"https:\/\/www.peraavm.com\/index.php\/wp-json\/wp\/v2\/product_tag?post=1387"}],"curies":[{"name":"wp","href":"https:\/\/api.w.org\/{rel}","templated":true}]}}