{"id":1400,"date":"2021-12-02T10:47:09","date_gmt":"2021-12-02T10:47:09","guid":{"rendered":"https:\/\/www.pratikmagazam.com\/?post_type=product&#038;p=1400"},"modified":"2023-12-22T14:15:04","modified_gmt":"2023-12-22T14:15:04","slug":"organizer-seyahat-tipi-aksesuar-tasima-kabi-gozluk-dis-macunu-saklama-kutusu-asorti","status":"publish","type":"product","link":"https:\/\/www.peraavm.com\/index.php\/urun\/organizer-seyahat-tipi-aksesuar-tasima-kabi-gozluk-dis-macunu-saklama-kutusu-asorti\/","title":{"rendered":"Organizer Seyahat Tipi Aksesuar Ta\u015f\u0131ma Kab\u0131 G\u00f6zl\u00fck Di\u015f Macunu Saklama Kutusu Asorti"},"content":{"rendered":"<ul class=\"detail-desc-list\">\n<li class=\"detail-desc-item\">Sprenda Organizer Seyahat Tipi Aksesuar Ta\u015f\u0131ma Kab\u0131 G\u00f6zl\u00fck Di\u015f Macunu Saklama Kutusu Makyaj F\u0131r\u00e7as\u0131 Kutusu Asorti Kar\u0131\u015f\u0131k Renk \u00dcr\u00fcn A\u00e7\u0131klamas\u0131 Seyahatiniz i\u00e7in di\u015f f\u0131r\u00e7as\u0131 ve macunu saklama kutusu i\u015f gezisi, y\u00fcr\u00fcy\u00fc\u015f, kamp vb. i\u00e7in m\u00fckemmeldir. Seyahat s\u0131ras\u0131nda di\u015f f\u0131r\u00e7alar\u0131n\u0131 hijyenik ve temiz tutmak i\u00e7in idealdir. B\u00fcy\u00fck kapasiteli, di\u015f f\u0131r\u00e7an\u0131z\u0131, di\u015f macununuzu ve makyaj malzemelerinizi i\u00e7ine koyabilirsiniz. \u015e\u0131k tasar\u0131m, hafif ve ta\u015f\u0131mas\u0131 kolayd\u0131r. Boyut: 19.6 X 6CM Paket i\u00e7erir: 1 x di\u015f f\u0131r\u00e7as\u0131 di\u015f macunu saklama kutusu Renk: Pembe &#8211; Gri Stok durumuna g\u00f6re kar\u0131\u015f\u0131k renk g\u00f6nderilecektir.<\/li>\n<\/ul>\n","protected":false},"excerpt":{"rendered":"<ul class=\"detail-desc-list\">\n<li class=\"detail-desc-item\">Sprenda Organizer Seyahat Tipi Aksesuar Ta\u015f\u0131ma Kab\u0131 G\u00f6zl\u00fck Di\u015f Macunu Saklama Kutusu Makyaj F\u0131r\u00e7as\u0131 Kutusu Asorti Kar\u0131\u015f\u0131k Renk \u00dcr\u00fcn A\u00e7\u0131klamas\u0131 Seyahatiniz i\u00e7in di\u015f f\u0131r\u00e7as\u0131 ve macunu saklama kutusu i\u015f gezisi, y\u00fcr\u00fcy\u00fc\u015f, kamp vb. i\u00e7in m\u00fckemmeldir. Seyahat s\u0131ras\u0131nda di\u015f f\u0131r\u00e7alar\u0131n\u0131 hijyenik ve temiz tutmak i\u00e7in idealdir. B\u00fcy\u00fck kapasiteli, di\u015f f\u0131r\u00e7an\u0131z\u0131, di\u015f macununuzu ve makyaj malzemelerinizi i\u00e7ine koyabilirsiniz. \u015e\u0131k tasar\u0131m, hafif ve ta\u015f\u0131mas\u0131 kolayd\u0131r. Boyut: 19.6 X 6CM Paket i\u00e7erir: 1 x di\u015f f\u0131r\u00e7as\u0131 di\u015f macunu saklama kutusu Renk: Pembe &#8211; Gri Stok durumuna g\u00f6re kar\u0131\u015f\u0131k renk g\u00f6nderilecektir.<\/li>\n<\/ul>\n","protected":false},"featured_media":1401,"comment_status":"open","ping_status":"closed","template":"","meta":[],"product_brand":[],"product_cat":[37,38,15],"product_tag":[],"class_list":{"0":"post-1400","1":"product","2":"type-product","3":"status-publish","4":"has-post-thumbnail","6":"product_cat-ev-gerecleri","7":"product_cat-her-eve-lazim-urunler","8":"product_cat-tum-urunler","10":"first","11":"instock","12":"sale","13":"taxable","14":"shipping-taxable","15":"purchasable","16":"product-type-simple"},"yoast_head":"<!-- This site is optimized with the Yoast SEO plugin v27.2 - https:\/\/yoast.com\/product\/yoast-seo-wordpress\/ -->\n<title>Organizer Seyahat Tipi Aksesuar Ta\u015f\u0131ma Kab\u0131 G\u00f6zl\u00fck Di\u015f Macunu Saklama Kutusu Asorti |<\/title>\n<meta name=\"description\" content=\"Sprenda Organizer Seyahat Tipi Aksesuar Ta\u015f\u0131ma Kab\u0131 G\u00f6zl\u00fck Di\u015f Macunu Saklama Kutusu Makyaj F\u0131r\u00e7as\u0131 Kutusu Asorti Kar\u0131\u015f\u0131k Renk \u00dcr\u00fcn A\u00e7\u0131klamas\u0131 Seyahatiniz i\u00e7in di\u015f f\u0131r\u00e7as\u0131 ve macunu saklama kutusu i\u015f gezisi, y\u00fcr\u00fcy\u00fc\u015f, kamp vb. i\u00e7in m\u00fckemmeldir. Seyahat s\u0131ras\u0131nda di\u015f f\u0131r\u00e7alar\u0131n\u0131 hijyenik ve temiz tutmak i\u00e7in idealdir. B\u00fcy\u00fck kapasiteli, di\u015f f\u0131r\u00e7an\u0131z\u0131, di\u015f macununuzu ve makyaj malzemelerinizi i\u00e7ine koyabilirsiniz. \u015e\u0131k tasar\u0131m, hafif ve ta\u015f\u0131mas\u0131 kolayd\u0131r. Boyut: 19.6 X 6CM Paket i\u00e7erir: 1 x di\u015f f\u0131r\u00e7as\u0131 di\u015f macunu saklama kutusu Renk: Pembe - Gri Stok durumuna g\u00f6re kar\u0131\u015f\u0131k renk g\u00f6nderilecektir.\" \/>\n<meta name=\"robots\" content=\"index, follow, max-snippet:-1, max-image-preview:large, max-video-preview:-1\" \/>\n<link rel=\"canonical\" href=\"https:\/\/www.peraavm.com\/index.php\/urun\/organizer-seyahat-tipi-aksesuar-tasima-kabi-gozluk-dis-macunu-saklama-kutusu-asorti\/\" \/>\n<meta property=\"og:locale\" content=\"tr_TR\" \/>\n<meta property=\"og:type\" content=\"article\" \/>\n<meta property=\"og:title\" content=\"Organizer Seyahat Tipi Aksesuar Ta\u015f\u0131ma Kab\u0131 G\u00f6zl\u00fck Di\u015f Macunu Saklama Kutusu Asorti |\" \/>\n<meta property=\"og:description\" content=\"Sprenda Organizer Seyahat Tipi Aksesuar Ta\u015f\u0131ma Kab\u0131 G\u00f6zl\u00fck Di\u015f Macunu Saklama Kutusu Makyaj F\u0131r\u00e7as\u0131 Kutusu Asorti Kar\u0131\u015f\u0131k Renk \u00dcr\u00fcn A\u00e7\u0131klamas\u0131 Seyahatiniz i\u00e7in di\u015f f\u0131r\u00e7as\u0131 ve macunu saklama kutusu i\u015f gezisi, y\u00fcr\u00fcy\u00fc\u015f, kamp vb. i\u00e7in m\u00fckemmeldir. Seyahat s\u0131ras\u0131nda di\u015f f\u0131r\u00e7alar\u0131n\u0131 hijyenik ve temiz tutmak i\u00e7in idealdir. B\u00fcy\u00fck kapasiteli, di\u015f f\u0131r\u00e7an\u0131z\u0131, di\u015f macununuzu ve makyaj malzemelerinizi i\u00e7ine koyabilirsiniz. \u015e\u0131k tasar\u0131m, hafif ve ta\u015f\u0131mas\u0131 kolayd\u0131r. Boyut: 19.6 X 6CM Paket i\u00e7erir: 1 x di\u015f f\u0131r\u00e7as\u0131 di\u015f macunu saklama kutusu Renk: Pembe - Gri Stok durumuna g\u00f6re kar\u0131\u015f\u0131k renk g\u00f6nderilecektir.\" \/>\n<meta property=\"og:url\" content=\"https:\/\/www.peraavm.com\/index.php\/urun\/organizer-seyahat-tipi-aksesuar-tasima-kabi-gozluk-dis-macunu-saklama-kutusu-asorti\/\" \/>\n<meta property=\"article:modified_time\" content=\"2023-12-22T14:15:04+00:00\" \/>\n<meta property=\"og:image\" content=\"https:\/\/www.peraavm.com\/wp-content\/uploads\/2021\/12\/34545345.jpg\" \/>\n\t<meta property=\"og:image:width\" content=\"300\" \/>\n\t<meta property=\"og:image:height\" content=\"300\" \/>\n\t<meta property=\"og:image:type\" content=\"image\/jpeg\" \/>\n<meta name=\"twitter:card\" content=\"summary_large_image\" \/>\n<meta name=\"twitter:label1\" content=\"Tahmini okuma s\u00fcresi\" \/>\n\t<meta name=\"twitter:data1\" content=\"1 dakika\" \/>\n<script type=\"application\/ld+json\" class=\"yoast-schema-graph\">{\"@context\":\"https:\/\/schema.org\",\"@graph\":[{\"@type\":\"WebPage\",\"@id\":\"https:\/\/www.peraavm.com\/index.php\/urun\/organizer-seyahat-tipi-aksesuar-tasima-kabi-gozluk-dis-macunu-saklama-kutusu-asorti\/\",\"url\":\"https:\/\/www.peraavm.com\/index.php\/urun\/organizer-seyahat-tipi-aksesuar-tasima-kabi-gozluk-dis-macunu-saklama-kutusu-asorti\/\",\"name\":\"Organizer Seyahat Tipi Aksesuar Ta\u015f\u0131ma Kab\u0131 G\u00f6zl\u00fck Di\u015f Macunu Saklama Kutusu Asorti |\",\"isPartOf\":{\"@id\":\"https:\/\/www.peraavm.com\/#website\"},\"primaryImageOfPage\":{\"@id\":\"https:\/\/www.peraavm.com\/index.php\/urun\/organizer-seyahat-tipi-aksesuar-tasima-kabi-gozluk-dis-macunu-saklama-kutusu-asorti\/#primaryimage\"},\"image\":{\"@id\":\"https:\/\/www.peraavm.com\/index.php\/urun\/organizer-seyahat-tipi-aksesuar-tasima-kabi-gozluk-dis-macunu-saklama-kutusu-asorti\/#primaryimage\"},\"thumbnailUrl\":\"https:\/\/www.peraavm.com\/wp-content\/uploads\/2021\/12\/34545345.jpg\",\"datePublished\":\"2021-12-02T10:47:09+00:00\",\"dateModified\":\"2023-12-22T14:15:04+00:00\",\"description\":\"Sprenda Organizer Seyahat Tipi Aksesuar Ta\u015f\u0131ma Kab\u0131 G\u00f6zl\u00fck Di\u015f Macunu Saklama Kutusu Makyaj F\u0131r\u00e7as\u0131 Kutusu Asorti Kar\u0131\u015f\u0131k Renk \u00dcr\u00fcn A\u00e7\u0131klamas\u0131 Seyahatiniz i\u00e7in di\u015f f\u0131r\u00e7as\u0131 ve macunu saklama kutusu i\u015f gezisi, y\u00fcr\u00fcy\u00fc\u015f, kamp vb. i\u00e7in m\u00fckemmeldir. Seyahat s\u0131ras\u0131nda di\u015f f\u0131r\u00e7alar\u0131n\u0131 hijyenik ve temiz tutmak i\u00e7in idealdir. B\u00fcy\u00fck kapasiteli, di\u015f f\u0131r\u00e7an\u0131z\u0131, di\u015f macununuzu ve makyaj malzemelerinizi i\u00e7ine koyabilirsiniz. \u015e\u0131k tasar\u0131m, hafif ve ta\u015f\u0131mas\u0131 kolayd\u0131r. Boyut: 19.6 X 6CM Paket i\u00e7erir: 1 x di\u015f f\u0131r\u00e7as\u0131 di\u015f macunu saklama kutusu Renk: Pembe - Gri Stok durumuna g\u00f6re kar\u0131\u015f\u0131k renk g\u00f6nderilecektir.\",\"breadcrumb\":{\"@id\":\"https:\/\/www.peraavm.com\/index.php\/urun\/organizer-seyahat-tipi-aksesuar-tasima-kabi-gozluk-dis-macunu-saklama-kutusu-asorti\/#breadcrumb\"},\"inLanguage\":\"tr\",\"potentialAction\":[{\"@type\":\"ReadAction\",\"target\":[\"https:\/\/www.peraavm.com\/index.php\/urun\/organizer-seyahat-tipi-aksesuar-tasima-kabi-gozluk-dis-macunu-saklama-kutusu-asorti\/\"]}]},{\"@type\":\"ImageObject\",\"inLanguage\":\"tr\",\"@id\":\"https:\/\/www.peraavm.com\/index.php\/urun\/organizer-seyahat-tipi-aksesuar-tasima-kabi-gozluk-dis-macunu-saklama-kutusu-asorti\/#primaryimage\",\"url\":\"https:\/\/www.peraavm.com\/wp-content\/uploads\/2021\/12\/34545345.jpg\",\"contentUrl\":\"https:\/\/www.peraavm.com\/wp-content\/uploads\/2021\/12\/34545345.jpg\",\"width\":300,\"height\":300},{\"@type\":\"BreadcrumbList\",\"@id\":\"https:\/\/www.peraavm.com\/index.php\/urun\/organizer-seyahat-tipi-aksesuar-tasima-kabi-gozluk-dis-macunu-saklama-kutusu-asorti\/#breadcrumb\",\"itemListElement\":[{\"@type\":\"ListItem\",\"position\":1,\"name\":\"Anasayfa\",\"item\":\"https:\/\/www.peraavm.com\/\"},{\"@type\":\"ListItem\",\"position\":2,\"name\":\"Magaza\",\"item\":\"https:\/\/www.peraavm.com\/index.php\/magaza\/\"},{\"@type\":\"ListItem\",\"position\":3,\"name\":\"Organizer Seyahat Tipi Aksesuar Ta\u015f\u0131ma Kab\u0131 G\u00f6zl\u00fck Di\u015f Macunu Saklama Kutusu Asorti\"}]},{\"@type\":\"WebSite\",\"@id\":\"https:\/\/www.peraavm.com\/#website\",\"url\":\"https:\/\/www.peraavm.com\/\",\"name\":\"Pratikmagazam.com\",\"description\":\"\",\"publisher\":{\"@id\":\"https:\/\/www.peraavm.com\/#organization\"},\"potentialAction\":[{\"@type\":\"SearchAction\",\"target\":{\"@type\":\"EntryPoint\",\"urlTemplate\":\"https:\/\/www.peraavm.com\/?s={search_term_string}\"},\"query-input\":{\"@type\":\"PropertyValueSpecification\",\"valueRequired\":true,\"valueName\":\"search_term_string\"}}],\"inLanguage\":\"tr\"},{\"@type\":\"Organization\",\"@id\":\"https:\/\/www.peraavm.com\/#organization\",\"name\":\"pratikmagazam.com\",\"url\":\"https:\/\/www.peraavm.com\/\",\"logo\":{\"@type\":\"ImageObject\",\"inLanguage\":\"tr\",\"@id\":\"https:\/\/www.peraavm.com\/#\/schema\/logo\/image\/\",\"url\":\"https:\/\/www.pratikmagazam.com\/wp-content\/uploads\/2021\/11\/Ekran-Resmi-2021-11-17-08.16.13.png\",\"contentUrl\":\"https:\/\/www.pratikmagazam.com\/wp-content\/uploads\/2021\/11\/Ekran-Resmi-2021-11-17-08.16.13.png\",\"width\":477,\"height\":135,\"caption\":\"pratikmagazam.com\"},\"image\":{\"@id\":\"https:\/\/www.peraavm.com\/#\/schema\/logo\/image\/\"},\"sameAs\":[\"https:\/\/instagram.com\/pratikmagazam?utm_medium=copy_link\"]}]}<\/script>\n<!-- \/ Yoast SEO plugin. -->","yoast_head_json":{"title":"Organizer Seyahat Tipi Aksesuar Ta\u015f\u0131ma Kab\u0131 G\u00f6zl\u00fck Di\u015f Macunu Saklama Kutusu Asorti |","description":"Sprenda Organizer Seyahat Tipi Aksesuar Ta\u015f\u0131ma Kab\u0131 G\u00f6zl\u00fck Di\u015f Macunu Saklama Kutusu Makyaj F\u0131r\u00e7as\u0131 Kutusu Asorti Kar\u0131\u015f\u0131k Renk \u00dcr\u00fcn A\u00e7\u0131klamas\u0131 Seyahatiniz i\u00e7in di\u015f f\u0131r\u00e7as\u0131 ve macunu saklama kutusu i\u015f gezisi, y\u00fcr\u00fcy\u00fc\u015f, kamp vb. i\u00e7in m\u00fckemmeldir. Seyahat s\u0131ras\u0131nda di\u015f f\u0131r\u00e7alar\u0131n\u0131 hijyenik ve temiz tutmak i\u00e7in idealdir. B\u00fcy\u00fck kapasiteli, di\u015f f\u0131r\u00e7an\u0131z\u0131, di\u015f macununuzu ve makyaj malzemelerinizi i\u00e7ine koyabilirsiniz. \u015e\u0131k tasar\u0131m, hafif ve ta\u015f\u0131mas\u0131 kolayd\u0131r. Boyut: 19.6 X 6CM Paket i\u00e7erir: 1 x di\u015f f\u0131r\u00e7as\u0131 di\u015f macunu saklama kutusu Renk: Pembe - Gri Stok durumuna g\u00f6re kar\u0131\u015f\u0131k renk g\u00f6nderilecektir.","robots":{"index":"index","follow":"follow","max-snippet":"max-snippet:-1","max-image-preview":"max-image-preview:large","max-video-preview":"max-video-preview:-1"},"canonical":"https:\/\/www.peraavm.com\/index.php\/urun\/organizer-seyahat-tipi-aksesuar-tasima-kabi-gozluk-dis-macunu-saklama-kutusu-asorti\/","og_locale":"tr_TR","og_type":"article","og_title":"Organizer Seyahat Tipi Aksesuar Ta\u015f\u0131ma Kab\u0131 G\u00f6zl\u00fck Di\u015f Macunu Saklama Kutusu Asorti |","og_description":"Sprenda Organizer Seyahat Tipi Aksesuar Ta\u015f\u0131ma Kab\u0131 G\u00f6zl\u00fck Di\u015f Macunu Saklama Kutusu Makyaj F\u0131r\u00e7as\u0131 Kutusu Asorti Kar\u0131\u015f\u0131k Renk \u00dcr\u00fcn A\u00e7\u0131klamas\u0131 Seyahatiniz i\u00e7in di\u015f f\u0131r\u00e7as\u0131 ve macunu saklama kutusu i\u015f gezisi, y\u00fcr\u00fcy\u00fc\u015f, kamp vb. i\u00e7in m\u00fckemmeldir. Seyahat s\u0131ras\u0131nda di\u015f f\u0131r\u00e7alar\u0131n\u0131 hijyenik ve temiz tutmak i\u00e7in idealdir. B\u00fcy\u00fck kapasiteli, di\u015f f\u0131r\u00e7an\u0131z\u0131, di\u015f macununuzu ve makyaj malzemelerinizi i\u00e7ine koyabilirsiniz. \u015e\u0131k tasar\u0131m, hafif ve ta\u015f\u0131mas\u0131 kolayd\u0131r. Boyut: 19.6 X 6CM Paket i\u00e7erir: 1 x di\u015f f\u0131r\u00e7as\u0131 di\u015f macunu saklama kutusu Renk: Pembe - Gri Stok durumuna g\u00f6re kar\u0131\u015f\u0131k renk g\u00f6nderilecektir.","og_url":"https:\/\/www.peraavm.com\/index.php\/urun\/organizer-seyahat-tipi-aksesuar-tasima-kabi-gozluk-dis-macunu-saklama-kutusu-asorti\/","article_modified_time":"2023-12-22T14:15:04+00:00","og_image":[{"width":300,"height":300,"url":"https:\/\/www.peraavm.com\/wp-content\/uploads\/2021\/12\/34545345.jpg","type":"image\/jpeg"}],"twitter_card":"summary_large_image","twitter_misc":{"Tahmini okuma s\u00fcresi":"1 dakika"},"schema":{"@context":"https:\/\/schema.org","@graph":[{"@type":"WebPage","@id":"https:\/\/www.peraavm.com\/index.php\/urun\/organizer-seyahat-tipi-aksesuar-tasima-kabi-gozluk-dis-macunu-saklama-kutusu-asorti\/","url":"https:\/\/www.peraavm.com\/index.php\/urun\/organizer-seyahat-tipi-aksesuar-tasima-kabi-gozluk-dis-macunu-saklama-kutusu-asorti\/","name":"Organizer Seyahat Tipi Aksesuar Ta\u015f\u0131ma Kab\u0131 G\u00f6zl\u00fck Di\u015f Macunu Saklama Kutusu Asorti |","isPartOf":{"@id":"https:\/\/www.peraavm.com\/#website"},"primaryImageOfPage":{"@id":"https:\/\/www.peraavm.com\/index.php\/urun\/organizer-seyahat-tipi-aksesuar-tasima-kabi-gozluk-dis-macunu-saklama-kutusu-asorti\/#primaryimage"},"image":{"@id":"https:\/\/www.peraavm.com\/index.php\/urun\/organizer-seyahat-tipi-aksesuar-tasima-kabi-gozluk-dis-macunu-saklama-kutusu-asorti\/#primaryimage"},"thumbnailUrl":"https:\/\/www.peraavm.com\/wp-content\/uploads\/2021\/12\/34545345.jpg","datePublished":"2021-12-02T10:47:09+00:00","dateModified":"2023-12-22T14:15:04+00:00","description":"Sprenda Organizer Seyahat Tipi Aksesuar Ta\u015f\u0131ma Kab\u0131 G\u00f6zl\u00fck Di\u015f Macunu Saklama Kutusu Makyaj F\u0131r\u00e7as\u0131 Kutusu Asorti Kar\u0131\u015f\u0131k Renk \u00dcr\u00fcn A\u00e7\u0131klamas\u0131 Seyahatiniz i\u00e7in di\u015f f\u0131r\u00e7as\u0131 ve macunu saklama kutusu i\u015f gezisi, y\u00fcr\u00fcy\u00fc\u015f, kamp vb. i\u00e7in m\u00fckemmeldir. Seyahat s\u0131ras\u0131nda di\u015f f\u0131r\u00e7alar\u0131n\u0131 hijyenik ve temiz tutmak i\u00e7in idealdir. B\u00fcy\u00fck kapasiteli, di\u015f f\u0131r\u00e7an\u0131z\u0131, di\u015f macununuzu ve makyaj malzemelerinizi i\u00e7ine koyabilirsiniz. \u015e\u0131k tasar\u0131m, hafif ve ta\u015f\u0131mas\u0131 kolayd\u0131r. Boyut: 19.6 X 6CM Paket i\u00e7erir: 1 x di\u015f f\u0131r\u00e7as\u0131 di\u015f macunu saklama kutusu Renk: Pembe - Gri Stok durumuna g\u00f6re kar\u0131\u015f\u0131k renk g\u00f6nderilecektir.","breadcrumb":{"@id":"https:\/\/www.peraavm.com\/index.php\/urun\/organizer-seyahat-tipi-aksesuar-tasima-kabi-gozluk-dis-macunu-saklama-kutusu-asorti\/#breadcrumb"},"inLanguage":"tr","potentialAction":[{"@type":"ReadAction","target":["https:\/\/www.peraavm.com\/index.php\/urun\/organizer-seyahat-tipi-aksesuar-tasima-kabi-gozluk-dis-macunu-saklama-kutusu-asorti\/"]}]},{"@type":"ImageObject","inLanguage":"tr","@id":"https:\/\/www.peraavm.com\/index.php\/urun\/organizer-seyahat-tipi-aksesuar-tasima-kabi-gozluk-dis-macunu-saklama-kutusu-asorti\/#primaryimage","url":"https:\/\/www.peraavm.com\/wp-content\/uploads\/2021\/12\/34545345.jpg","contentUrl":"https:\/\/www.peraavm.com\/wp-content\/uploads\/2021\/12\/34545345.jpg","width":300,"height":300},{"@type":"BreadcrumbList","@id":"https:\/\/www.peraavm.com\/index.php\/urun\/organizer-seyahat-tipi-aksesuar-tasima-kabi-gozluk-dis-macunu-saklama-kutusu-asorti\/#breadcrumb","itemListElement":[{"@type":"ListItem","position":1,"name":"Anasayfa","item":"https:\/\/www.peraavm.com\/"},{"@type":"ListItem","position":2,"name":"Magaza","item":"https:\/\/www.peraavm.com\/index.php\/magaza\/"},{"@type":"ListItem","position":3,"name":"Organizer Seyahat Tipi Aksesuar Ta\u015f\u0131ma Kab\u0131 G\u00f6zl\u00fck Di\u015f Macunu Saklama Kutusu Asorti"}]},{"@type":"WebSite","@id":"https:\/\/www.peraavm.com\/#website","url":"https:\/\/www.peraavm.com\/","name":"Pratikmagazam.com","description":"","publisher":{"@id":"https:\/\/www.peraavm.com\/#organization"},"potentialAction":[{"@type":"SearchAction","target":{"@type":"EntryPoint","urlTemplate":"https:\/\/www.peraavm.com\/?s={search_term_string}"},"query-input":{"@type":"PropertyValueSpecification","valueRequired":true,"valueName":"search_term_string"}}],"inLanguage":"tr"},{"@type":"Organization","@id":"https:\/\/www.peraavm.com\/#organization","name":"pratikmagazam.com","url":"https:\/\/www.peraavm.com\/","logo":{"@type":"ImageObject","inLanguage":"tr","@id":"https:\/\/www.peraavm.com\/#\/schema\/logo\/image\/","url":"https:\/\/www.pratikmagazam.com\/wp-content\/uploads\/2021\/11\/Ekran-Resmi-2021-11-17-08.16.13.png","contentUrl":"https:\/\/www.pratikmagazam.com\/wp-content\/uploads\/2021\/11\/Ekran-Resmi-2021-11-17-08.16.13.png","width":477,"height":135,"caption":"pratikmagazam.com"},"image":{"@id":"https:\/\/www.peraavm.com\/#\/schema\/logo\/image\/"},"sameAs":["https:\/\/instagram.com\/pratikmagazam?utm_medium=copy_link"]}]}},"_links":{"self":[{"href":"https:\/\/www.peraavm.com\/index.php\/wp-json\/wp\/v2\/product\/1400","targetHints":{"allow":["GET"]}}],"collection":[{"href":"https:\/\/www.peraavm.com\/index.php\/wp-json\/wp\/v2\/product"}],"about":[{"href":"https:\/\/www.peraavm.com\/index.php\/wp-json\/wp\/v2\/types\/product"}],"replies":[{"embeddable":true,"href":"https:\/\/www.peraavm.com\/index.php\/wp-json\/wp\/v2\/comments?post=1400"}],"wp:featuredmedia":[{"embeddable":true,"href":"https:\/\/www.peraavm.com\/index.php\/wp-json\/wp\/v2\/media\/1401"}],"wp:attachment":[{"href":"https:\/\/www.peraavm.com\/index.php\/wp-json\/wp\/v2\/media?parent=1400"}],"wp:term":[{"taxonomy":"product_brand","embeddable":true,"href":"https:\/\/www.peraavm.com\/index.php\/wp-json\/wp\/v2\/product_brand?post=1400"},{"taxonomy":"product_cat","embeddable":true,"href":"https:\/\/www.peraavm.com\/index.php\/wp-json\/wp\/v2\/product_cat?post=1400"},{"taxonomy":"product_tag","embeddable":true,"href":"https:\/\/www.peraavm.com\/index.php\/wp-json\/wp\/v2\/product_tag?post=1400"}],"curies":[{"name":"wp","href":"https:\/\/api.w.org\/{rel}","templated":true}]}}