{"id":1459,"date":"2021-12-03T09:17:52","date_gmt":"2021-12-03T09:17:52","guid":{"rendered":"https:\/\/www.pratikmagazam.com\/?post_type=product&#038;p=1459"},"modified":"2026-01-17T19:34:15","modified_gmt":"2026-01-17T19:34:15","slug":"bas-cek-mikser-karistirici-paslanmaz-celik-yayli-basmali-otomatik-cirpici","status":"publish","type":"product","link":"https:\/\/www.peraavm.com\/index.php\/urun\/bas-cek-mikser-karistirici-paslanmaz-celik-yayli-basmali-otomatik-cirpici\/","title":{"rendered":"Bas \u00c7ek Mikser Kar\u0131\u015ft\u0131r\u0131c\u0131 Paslanmaz \u00c7elik Yayl\u0131 Basmal\u0131 Otomatik \u00c7\u0131rp\u0131c\u0131"},"content":{"rendered":"<ul class=\"detail-desc-list\">\n<li class=\"detail-desc-item\">1 Adet Bas \u00c7ek Mikser Kar\u0131\u015ft\u0131r\u0131c\u0131 \u00c7elik Basmal\u0131 Otomatik \u00c7\u0131rp\u0131c\u0131 \u00c7\u0131rp\u0131c\u0131 elektrik yada pile ihtiya\u00e7 duymaz. H\u0131zl\u0131 ve pratik kullan\u0131m sa\u011flar Paslanmaz \u00e7elik malzemeden \u00fcretilmi\u015ftir Dayan\u0131kl\u0131 ve uzun \u00f6m\u00fcrl\u00fc bir \u00fcr\u00fcnd\u00fcr. Kolay temizlenebilir, bula\u015f\u0131k makinesinde y\u0131kanabilir. \u00c7\u0131rp\u0131c\u0131 Ebat: 6.5 cm x 32 cm A\u011f\u0131rl\u0131k: 140 gr<\/li>\n<\/ul>\n","protected":false},"excerpt":{"rendered":"<ul class=\"detail-desc-list\">\n<li class=\"detail-desc-item\">1 Adet Bas \u00c7ek Mikser Kar\u0131\u015ft\u0131r\u0131c\u0131 \u00c7elik Basmal\u0131 Otomatik \u00c7\u0131rp\u0131c\u0131 \u00c7\u0131rp\u0131c\u0131 elektrik yada pile ihtiya\u00e7 duymaz. H\u0131zl\u0131 ve pratik kullan\u0131m sa\u011flar Paslanmaz \u00e7elik malzemeden \u00fcretilmi\u015ftir Dayan\u0131kl\u0131 ve uzun \u00f6m\u00fcrl\u00fc bir \u00fcr\u00fcnd\u00fcr. Kolay temizlenebilir, bula\u015f\u0131k makinesinde y\u0131kanabilir. \u00c7\u0131rp\u0131c\u0131 Ebat: 6.5 cm x 32 cm A\u011f\u0131rl\u0131k: 140 gr<\/li>\n<\/ul>\n","protected":false},"featured_media":1460,"comment_status":"open","ping_status":"closed","template":"","meta":[],"product_brand":[],"product_cat":[37,29,15],"product_tag":[],"class_list":{"0":"post-1459","1":"product","2":"type-product","3":"status-publish","4":"has-post-thumbnail","6":"product_cat-ev-gerecleri","7":"product_cat-mutfak-gerecleri","8":"product_cat-tum-urunler","10":"first","11":"instock","12":"sale","13":"taxable","14":"shipping-taxable","15":"purchasable","16":"product-type-simple"},"yoast_head":"<!-- This site is optimized with the Yoast SEO plugin v27.2 - https:\/\/yoast.com\/product\/yoast-seo-wordpress\/ -->\n<title>Bas \u00c7ek Mikser Kar\u0131\u015ft\u0131r\u0131c\u0131 Paslanmaz \u00c7elik Yayl\u0131 Basmal\u0131 Otomatik \u00c7\u0131rp\u0131c\u0131 |<\/title>\n<meta name=\"description\" content=\"1 Adet Bas \u00c7ek Mikser Kar\u0131\u015ft\u0131r\u0131c\u0131 \u00c7elik Basmal\u0131 Otomatik \u00c7\u0131rp\u0131c\u0131 \u00c7\u0131rp\u0131c\u0131 elektrik yada pile ihtiya\u00e7 duymaz. H\u0131zl\u0131 ve pratik kullan\u0131m sa\u011flar Paslanmaz \u00e7elik malzemeden \u00fcretilmi\u015ftir Dayan\u0131kl\u0131 ve uzun \u00f6m\u00fcrl\u00fc bir \u00fcr\u00fcnd\u00fcr. Kolay temizlenebilir, bula\u015f\u0131k makinesinde y\u0131kanabilir. \u00c7\u0131rp\u0131c\u0131 Ebat: 6.5 cm x 32 cm A\u011f\u0131rl\u0131k: 140 gr\" \/>\n<meta name=\"robots\" content=\"index, follow, max-snippet:-1, max-image-preview:large, max-video-preview:-1\" \/>\n<link rel=\"canonical\" href=\"https:\/\/www.peraavm.com\/index.php\/urun\/bas-cek-mikser-karistirici-paslanmaz-celik-yayli-basmali-otomatik-cirpici\/\" \/>\n<meta property=\"og:locale\" content=\"tr_TR\" \/>\n<meta property=\"og:type\" content=\"article\" \/>\n<meta property=\"og:title\" content=\"Bas \u00c7ek Mikser Kar\u0131\u015ft\u0131r\u0131c\u0131 Paslanmaz \u00c7elik Yayl\u0131 Basmal\u0131 Otomatik \u00c7\u0131rp\u0131c\u0131 |\" \/>\n<meta property=\"og:description\" content=\"1 Adet Bas \u00c7ek Mikser Kar\u0131\u015ft\u0131r\u0131c\u0131 \u00c7elik Basmal\u0131 Otomatik \u00c7\u0131rp\u0131c\u0131 \u00c7\u0131rp\u0131c\u0131 elektrik yada pile ihtiya\u00e7 duymaz. H\u0131zl\u0131 ve pratik kullan\u0131m sa\u011flar Paslanmaz \u00e7elik malzemeden \u00fcretilmi\u015ftir Dayan\u0131kl\u0131 ve uzun \u00f6m\u00fcrl\u00fc bir \u00fcr\u00fcnd\u00fcr. Kolay temizlenebilir, bula\u015f\u0131k makinesinde y\u0131kanabilir. \u00c7\u0131rp\u0131c\u0131 Ebat: 6.5 cm x 32 cm A\u011f\u0131rl\u0131k: 140 gr\" \/>\n<meta property=\"og:url\" content=\"https:\/\/www.peraavm.com\/index.php\/urun\/bas-cek-mikser-karistirici-paslanmaz-celik-yayli-basmali-otomatik-cirpici\/\" \/>\n<meta property=\"article:modified_time\" content=\"2026-01-17T19:34:15+00:00\" \/>\n<meta property=\"og:image\" content=\"https:\/\/www.peraavm.com\/wp-content\/uploads\/2021\/12\/234234234-20.jpg\" \/>\n\t<meta property=\"og:image:width\" content=\"300\" \/>\n\t<meta property=\"og:image:height\" content=\"300\" \/>\n\t<meta property=\"og:image:type\" content=\"image\/jpeg\" \/>\n<meta name=\"twitter:card\" content=\"summary_large_image\" \/>\n<script type=\"application\/ld+json\" class=\"yoast-schema-graph\">{\"@context\":\"https:\/\/schema.org\",\"@graph\":[{\"@type\":\"WebPage\",\"@id\":\"https:\/\/www.peraavm.com\/index.php\/urun\/bas-cek-mikser-karistirici-paslanmaz-celik-yayli-basmali-otomatik-cirpici\/\",\"url\":\"https:\/\/www.peraavm.com\/index.php\/urun\/bas-cek-mikser-karistirici-paslanmaz-celik-yayli-basmali-otomatik-cirpici\/\",\"name\":\"Bas \u00c7ek Mikser Kar\u0131\u015ft\u0131r\u0131c\u0131 Paslanmaz \u00c7elik Yayl\u0131 Basmal\u0131 Otomatik \u00c7\u0131rp\u0131c\u0131 |\",\"isPartOf\":{\"@id\":\"https:\/\/www.peraavm.com\/#website\"},\"primaryImageOfPage\":{\"@id\":\"https:\/\/www.peraavm.com\/index.php\/urun\/bas-cek-mikser-karistirici-paslanmaz-celik-yayli-basmali-otomatik-cirpici\/#primaryimage\"},\"image\":{\"@id\":\"https:\/\/www.peraavm.com\/index.php\/urun\/bas-cek-mikser-karistirici-paslanmaz-celik-yayli-basmali-otomatik-cirpici\/#primaryimage\"},\"thumbnailUrl\":\"https:\/\/www.peraavm.com\/wp-content\/uploads\/2021\/12\/234234234-20.jpg\",\"datePublished\":\"2021-12-03T09:17:52+00:00\",\"dateModified\":\"2026-01-17T19:34:15+00:00\",\"description\":\"1 Adet Bas \u00c7ek Mikser Kar\u0131\u015ft\u0131r\u0131c\u0131 \u00c7elik Basmal\u0131 Otomatik \u00c7\u0131rp\u0131c\u0131 \u00c7\u0131rp\u0131c\u0131 elektrik yada pile ihtiya\u00e7 duymaz. H\u0131zl\u0131 ve pratik kullan\u0131m sa\u011flar Paslanmaz \u00e7elik malzemeden \u00fcretilmi\u015ftir Dayan\u0131kl\u0131 ve uzun \u00f6m\u00fcrl\u00fc bir \u00fcr\u00fcnd\u00fcr. Kolay temizlenebilir, bula\u015f\u0131k makinesinde y\u0131kanabilir. \u00c7\u0131rp\u0131c\u0131 Ebat: 6.5 cm x 32 cm A\u011f\u0131rl\u0131k: 140 gr\",\"breadcrumb\":{\"@id\":\"https:\/\/www.peraavm.com\/index.php\/urun\/bas-cek-mikser-karistirici-paslanmaz-celik-yayli-basmali-otomatik-cirpici\/#breadcrumb\"},\"inLanguage\":\"tr\",\"potentialAction\":[{\"@type\":\"ReadAction\",\"target\":[\"https:\/\/www.peraavm.com\/index.php\/urun\/bas-cek-mikser-karistirici-paslanmaz-celik-yayli-basmali-otomatik-cirpici\/\"]}]},{\"@type\":\"ImageObject\",\"inLanguage\":\"tr\",\"@id\":\"https:\/\/www.peraavm.com\/index.php\/urun\/bas-cek-mikser-karistirici-paslanmaz-celik-yayli-basmali-otomatik-cirpici\/#primaryimage\",\"url\":\"https:\/\/www.peraavm.com\/wp-content\/uploads\/2021\/12\/234234234-20.jpg\",\"contentUrl\":\"https:\/\/www.peraavm.com\/wp-content\/uploads\/2021\/12\/234234234-20.jpg\",\"width\":300,\"height\":300},{\"@type\":\"BreadcrumbList\",\"@id\":\"https:\/\/www.peraavm.com\/index.php\/urun\/bas-cek-mikser-karistirici-paslanmaz-celik-yayli-basmali-otomatik-cirpici\/#breadcrumb\",\"itemListElement\":[{\"@type\":\"ListItem\",\"position\":1,\"name\":\"Anasayfa\",\"item\":\"https:\/\/www.peraavm.com\/\"},{\"@type\":\"ListItem\",\"position\":2,\"name\":\"Magaza\",\"item\":\"https:\/\/www.peraavm.com\/index.php\/magaza\/\"},{\"@type\":\"ListItem\",\"position\":3,\"name\":\"Bas \u00c7ek Mikser Kar\u0131\u015ft\u0131r\u0131c\u0131 Paslanmaz \u00c7elik Yayl\u0131 Basmal\u0131 Otomatik \u00c7\u0131rp\u0131c\u0131\"}]},{\"@type\":\"WebSite\",\"@id\":\"https:\/\/www.peraavm.com\/#website\",\"url\":\"https:\/\/www.peraavm.com\/\",\"name\":\"Pratikmagazam.com\",\"description\":\"\",\"publisher\":{\"@id\":\"https:\/\/www.peraavm.com\/#organization\"},\"potentialAction\":[{\"@type\":\"SearchAction\",\"target\":{\"@type\":\"EntryPoint\",\"urlTemplate\":\"https:\/\/www.peraavm.com\/?s={search_term_string}\"},\"query-input\":{\"@type\":\"PropertyValueSpecification\",\"valueRequired\":true,\"valueName\":\"search_term_string\"}}],\"inLanguage\":\"tr\"},{\"@type\":\"Organization\",\"@id\":\"https:\/\/www.peraavm.com\/#organization\",\"name\":\"pratikmagazam.com\",\"url\":\"https:\/\/www.peraavm.com\/\",\"logo\":{\"@type\":\"ImageObject\",\"inLanguage\":\"tr\",\"@id\":\"https:\/\/www.peraavm.com\/#\/schema\/logo\/image\/\",\"url\":\"https:\/\/www.pratikmagazam.com\/wp-content\/uploads\/2021\/11\/Ekran-Resmi-2021-11-17-08.16.13.png\",\"contentUrl\":\"https:\/\/www.pratikmagazam.com\/wp-content\/uploads\/2021\/11\/Ekran-Resmi-2021-11-17-08.16.13.png\",\"width\":477,\"height\":135,\"caption\":\"pratikmagazam.com\"},\"image\":{\"@id\":\"https:\/\/www.peraavm.com\/#\/schema\/logo\/image\/\"},\"sameAs\":[\"https:\/\/instagram.com\/pratikmagazam?utm_medium=copy_link\"]}]}<\/script>\n<!-- \/ Yoast SEO plugin. -->","yoast_head_json":{"title":"Bas \u00c7ek Mikser Kar\u0131\u015ft\u0131r\u0131c\u0131 Paslanmaz \u00c7elik Yayl\u0131 Basmal\u0131 Otomatik \u00c7\u0131rp\u0131c\u0131 |","description":"1 Adet Bas \u00c7ek Mikser Kar\u0131\u015ft\u0131r\u0131c\u0131 \u00c7elik Basmal\u0131 Otomatik \u00c7\u0131rp\u0131c\u0131 \u00c7\u0131rp\u0131c\u0131 elektrik yada pile ihtiya\u00e7 duymaz. H\u0131zl\u0131 ve pratik kullan\u0131m sa\u011flar Paslanmaz \u00e7elik malzemeden \u00fcretilmi\u015ftir Dayan\u0131kl\u0131 ve uzun \u00f6m\u00fcrl\u00fc bir \u00fcr\u00fcnd\u00fcr. Kolay temizlenebilir, bula\u015f\u0131k makinesinde y\u0131kanabilir. \u00c7\u0131rp\u0131c\u0131 Ebat: 6.5 cm x 32 cm A\u011f\u0131rl\u0131k: 140 gr","robots":{"index":"index","follow":"follow","max-snippet":"max-snippet:-1","max-image-preview":"max-image-preview:large","max-video-preview":"max-video-preview:-1"},"canonical":"https:\/\/www.peraavm.com\/index.php\/urun\/bas-cek-mikser-karistirici-paslanmaz-celik-yayli-basmali-otomatik-cirpici\/","og_locale":"tr_TR","og_type":"article","og_title":"Bas \u00c7ek Mikser Kar\u0131\u015ft\u0131r\u0131c\u0131 Paslanmaz \u00c7elik Yayl\u0131 Basmal\u0131 Otomatik \u00c7\u0131rp\u0131c\u0131 |","og_description":"1 Adet Bas \u00c7ek Mikser Kar\u0131\u015ft\u0131r\u0131c\u0131 \u00c7elik Basmal\u0131 Otomatik \u00c7\u0131rp\u0131c\u0131 \u00c7\u0131rp\u0131c\u0131 elektrik yada pile ihtiya\u00e7 duymaz. H\u0131zl\u0131 ve pratik kullan\u0131m sa\u011flar Paslanmaz \u00e7elik malzemeden \u00fcretilmi\u015ftir Dayan\u0131kl\u0131 ve uzun \u00f6m\u00fcrl\u00fc bir \u00fcr\u00fcnd\u00fcr. Kolay temizlenebilir, bula\u015f\u0131k makinesinde y\u0131kanabilir. \u00c7\u0131rp\u0131c\u0131 Ebat: 6.5 cm x 32 cm A\u011f\u0131rl\u0131k: 140 gr","og_url":"https:\/\/www.peraavm.com\/index.php\/urun\/bas-cek-mikser-karistirici-paslanmaz-celik-yayli-basmali-otomatik-cirpici\/","article_modified_time":"2026-01-17T19:34:15+00:00","og_image":[{"width":300,"height":300,"url":"https:\/\/www.peraavm.com\/wp-content\/uploads\/2021\/12\/234234234-20.jpg","type":"image\/jpeg"}],"twitter_card":"summary_large_image","schema":{"@context":"https:\/\/schema.org","@graph":[{"@type":"WebPage","@id":"https:\/\/www.peraavm.com\/index.php\/urun\/bas-cek-mikser-karistirici-paslanmaz-celik-yayli-basmali-otomatik-cirpici\/","url":"https:\/\/www.peraavm.com\/index.php\/urun\/bas-cek-mikser-karistirici-paslanmaz-celik-yayli-basmali-otomatik-cirpici\/","name":"Bas \u00c7ek Mikser Kar\u0131\u015ft\u0131r\u0131c\u0131 Paslanmaz \u00c7elik Yayl\u0131 Basmal\u0131 Otomatik \u00c7\u0131rp\u0131c\u0131 |","isPartOf":{"@id":"https:\/\/www.peraavm.com\/#website"},"primaryImageOfPage":{"@id":"https:\/\/www.peraavm.com\/index.php\/urun\/bas-cek-mikser-karistirici-paslanmaz-celik-yayli-basmali-otomatik-cirpici\/#primaryimage"},"image":{"@id":"https:\/\/www.peraavm.com\/index.php\/urun\/bas-cek-mikser-karistirici-paslanmaz-celik-yayli-basmali-otomatik-cirpici\/#primaryimage"},"thumbnailUrl":"https:\/\/www.peraavm.com\/wp-content\/uploads\/2021\/12\/234234234-20.jpg","datePublished":"2021-12-03T09:17:52+00:00","dateModified":"2026-01-17T19:34:15+00:00","description":"1 Adet Bas \u00c7ek Mikser Kar\u0131\u015ft\u0131r\u0131c\u0131 \u00c7elik Basmal\u0131 Otomatik \u00c7\u0131rp\u0131c\u0131 \u00c7\u0131rp\u0131c\u0131 elektrik yada pile ihtiya\u00e7 duymaz. H\u0131zl\u0131 ve pratik kullan\u0131m sa\u011flar Paslanmaz \u00e7elik malzemeden \u00fcretilmi\u015ftir Dayan\u0131kl\u0131 ve uzun \u00f6m\u00fcrl\u00fc bir \u00fcr\u00fcnd\u00fcr. Kolay temizlenebilir, bula\u015f\u0131k makinesinde y\u0131kanabilir. \u00c7\u0131rp\u0131c\u0131 Ebat: 6.5 cm x 32 cm A\u011f\u0131rl\u0131k: 140 gr","breadcrumb":{"@id":"https:\/\/www.peraavm.com\/index.php\/urun\/bas-cek-mikser-karistirici-paslanmaz-celik-yayli-basmali-otomatik-cirpici\/#breadcrumb"},"inLanguage":"tr","potentialAction":[{"@type":"ReadAction","target":["https:\/\/www.peraavm.com\/index.php\/urun\/bas-cek-mikser-karistirici-paslanmaz-celik-yayli-basmali-otomatik-cirpici\/"]}]},{"@type":"ImageObject","inLanguage":"tr","@id":"https:\/\/www.peraavm.com\/index.php\/urun\/bas-cek-mikser-karistirici-paslanmaz-celik-yayli-basmali-otomatik-cirpici\/#primaryimage","url":"https:\/\/www.peraavm.com\/wp-content\/uploads\/2021\/12\/234234234-20.jpg","contentUrl":"https:\/\/www.peraavm.com\/wp-content\/uploads\/2021\/12\/234234234-20.jpg","width":300,"height":300},{"@type":"BreadcrumbList","@id":"https:\/\/www.peraavm.com\/index.php\/urun\/bas-cek-mikser-karistirici-paslanmaz-celik-yayli-basmali-otomatik-cirpici\/#breadcrumb","itemListElement":[{"@type":"ListItem","position":1,"name":"Anasayfa","item":"https:\/\/www.peraavm.com\/"},{"@type":"ListItem","position":2,"name":"Magaza","item":"https:\/\/www.peraavm.com\/index.php\/magaza\/"},{"@type":"ListItem","position":3,"name":"Bas \u00c7ek Mikser Kar\u0131\u015ft\u0131r\u0131c\u0131 Paslanmaz \u00c7elik Yayl\u0131 Basmal\u0131 Otomatik \u00c7\u0131rp\u0131c\u0131"}]},{"@type":"WebSite","@id":"https:\/\/www.peraavm.com\/#website","url":"https:\/\/www.peraavm.com\/","name":"Pratikmagazam.com","description":"","publisher":{"@id":"https:\/\/www.peraavm.com\/#organization"},"potentialAction":[{"@type":"SearchAction","target":{"@type":"EntryPoint","urlTemplate":"https:\/\/www.peraavm.com\/?s={search_term_string}"},"query-input":{"@type":"PropertyValueSpecification","valueRequired":true,"valueName":"search_term_string"}}],"inLanguage":"tr"},{"@type":"Organization","@id":"https:\/\/www.peraavm.com\/#organization","name":"pratikmagazam.com","url":"https:\/\/www.peraavm.com\/","logo":{"@type":"ImageObject","inLanguage":"tr","@id":"https:\/\/www.peraavm.com\/#\/schema\/logo\/image\/","url":"https:\/\/www.pratikmagazam.com\/wp-content\/uploads\/2021\/11\/Ekran-Resmi-2021-11-17-08.16.13.png","contentUrl":"https:\/\/www.pratikmagazam.com\/wp-content\/uploads\/2021\/11\/Ekran-Resmi-2021-11-17-08.16.13.png","width":477,"height":135,"caption":"pratikmagazam.com"},"image":{"@id":"https:\/\/www.peraavm.com\/#\/schema\/logo\/image\/"},"sameAs":["https:\/\/instagram.com\/pratikmagazam?utm_medium=copy_link"]}]}},"_links":{"self":[{"href":"https:\/\/www.peraavm.com\/index.php\/wp-json\/wp\/v2\/product\/1459","targetHints":{"allow":["GET"]}}],"collection":[{"href":"https:\/\/www.peraavm.com\/index.php\/wp-json\/wp\/v2\/product"}],"about":[{"href":"https:\/\/www.peraavm.com\/index.php\/wp-json\/wp\/v2\/types\/product"}],"replies":[{"embeddable":true,"href":"https:\/\/www.peraavm.com\/index.php\/wp-json\/wp\/v2\/comments?post=1459"}],"wp:featuredmedia":[{"embeddable":true,"href":"https:\/\/www.peraavm.com\/index.php\/wp-json\/wp\/v2\/media\/1460"}],"wp:attachment":[{"href":"https:\/\/www.peraavm.com\/index.php\/wp-json\/wp\/v2\/media?parent=1459"}],"wp:term":[{"taxonomy":"product_brand","embeddable":true,"href":"https:\/\/www.peraavm.com\/index.php\/wp-json\/wp\/v2\/product_brand?post=1459"},{"taxonomy":"product_cat","embeddable":true,"href":"https:\/\/www.peraavm.com\/index.php\/wp-json\/wp\/v2\/product_cat?post=1459"},{"taxonomy":"product_tag","embeddable":true,"href":"https:\/\/www.peraavm.com\/index.php\/wp-json\/wp\/v2\/product_tag?post=1459"}],"curies":[{"name":"wp","href":"https:\/\/api.w.org\/{rel}","templated":true}]}}