{"id":1485,"date":"2021-12-03T10:09:59","date_gmt":"2021-12-03T10:09:59","guid":{"rendered":"https:\/\/www.pratikmagazam.com\/?post_type=product&#038;p=1485"},"modified":"2023-12-22T14:15:09","modified_gmt":"2023-12-22T14:15:09","slug":"evcil-hayvan-seyahat-tipi-suluk-500ml","status":"publish","type":"product","link":"https:\/\/www.peraavm.com\/index.php\/urun\/evcil-hayvan-seyahat-tipi-suluk-500ml\/","title":{"rendered":"Evcil Hayvan Seyahat Tipi Suluk 500ml"},"content":{"rendered":"<ul class=\"detail-desc-list\">\n<li class=\"detail-desc-item\">Su s\u0131zd\u0131rmaz yap\u0131s\u0131 sayesinde evcil hayvanlar\u0131n\u0131z\u0131n sa\u011fl\u0131kl\u0131 bir \u015fekilde su ihtiya\u00e7lar\u0131n\u0131 kar\u015f\u0131layabilirsiniz Yolculuklar\u0131n\u0131z ve gezintileriniz s\u0131ras\u0131nda k\u00f6peklerinizin su ihtiyac\u0131n\u0131 kar\u015f\u0131layabilece\u011finiz, pratik kullan\u0131ml\u0131, kolay ta\u015f\u0131nabilen, demonte edilerek y\u0131kanabilen, 500 ml hacimli portatif su kab\u0131d\u0131r. \u00dcr\u00fcn \u00d6zellikleri: Su i\u00e7me b\u00f6l\u00fcm\u00fc plastik malzemedendir. Asma ipi bulunmaktad\u0131r. Hacim: 500 ml<\/li>\n<\/ul>\n","protected":false},"excerpt":{"rendered":"<ul class=\"detail-desc-list\">\n<li class=\"detail-desc-item\">Su s\u0131zd\u0131rmaz yap\u0131s\u0131 sayesinde evcil hayvanlar\u0131n\u0131z\u0131n sa\u011fl\u0131kl\u0131 bir \u015fekilde su ihtiya\u00e7lar\u0131n\u0131 kar\u015f\u0131layabilirsiniz Yolculuklar\u0131n\u0131z ve gezintileriniz s\u0131ras\u0131nda k\u00f6peklerinizin su ihtiyac\u0131n\u0131 kar\u015f\u0131layabilece\u011finiz, pratik kullan\u0131ml\u0131, kolay ta\u015f\u0131nabilen, demonte edilerek y\u0131kanabilen, 500 ml hacimli portatif su kab\u0131d\u0131r. \u00dcr\u00fcn \u00d6zellikleri: Su i\u00e7me b\u00f6l\u00fcm\u00fc plastik malzemedendir. Asma ipi bulunmaktad\u0131r. Hacim: 500 ml<\/li>\n<\/ul>\n","protected":false},"featured_media":1486,"comment_status":"open","ping_status":"closed","template":"","meta":[],"product_brand":[],"product_cat":[43,15],"product_tag":[],"class_list":{"0":"post-1485","1":"product","2":"type-product","3":"status-publish","4":"has-post-thumbnail","6":"product_cat-petshop","7":"product_cat-tum-urunler","9":"first","10":"instock","11":"sale","12":"taxable","13":"shipping-taxable","14":"purchasable","15":"product-type-simple"},"yoast_head":"<!-- This site is optimized with the Yoast SEO plugin v27.2 - https:\/\/yoast.com\/product\/yoast-seo-wordpress\/ -->\n<title>Evcil Hayvan Seyahat Tipi Suluk 500ml |<\/title>\n<meta name=\"description\" content=\"Su s\u0131zd\u0131rmaz yap\u0131s\u0131 sayesinde evcil hayvanlar\u0131n\u0131z\u0131n sa\u011fl\u0131kl\u0131 bir \u015fekilde su ihtiya\u00e7lar\u0131n\u0131 kar\u015f\u0131layabilirsiniz Yolculuklar\u0131n\u0131z ve gezintileriniz s\u0131ras\u0131nda k\u00f6peklerinizin su ihtiyac\u0131n\u0131 kar\u015f\u0131layabilece\u011finiz, pratik kullan\u0131ml\u0131, kolay ta\u015f\u0131nabilen, demonte edilerek y\u0131kanabilen, 500 ml hacimli portatif su kab\u0131d\u0131r. \u00dcr\u00fcn \u00d6zellikleri: Su i\u00e7me b\u00f6l\u00fcm\u00fc plastik malzemedendir. Asma ipi bulunmaktad\u0131r. Hacim: 500 ml\" \/>\n<meta name=\"robots\" content=\"index, follow, max-snippet:-1, max-image-preview:large, max-video-preview:-1\" \/>\n<link rel=\"canonical\" href=\"https:\/\/www.peraavm.com\/index.php\/urun\/evcil-hayvan-seyahat-tipi-suluk-500ml\/\" \/>\n<meta property=\"og:locale\" content=\"tr_TR\" \/>\n<meta property=\"og:type\" content=\"article\" \/>\n<meta property=\"og:title\" content=\"Evcil Hayvan Seyahat Tipi Suluk 500ml |\" \/>\n<meta property=\"og:description\" content=\"Su s\u0131zd\u0131rmaz yap\u0131s\u0131 sayesinde evcil hayvanlar\u0131n\u0131z\u0131n sa\u011fl\u0131kl\u0131 bir \u015fekilde su ihtiya\u00e7lar\u0131n\u0131 kar\u015f\u0131layabilirsiniz Yolculuklar\u0131n\u0131z ve gezintileriniz s\u0131ras\u0131nda k\u00f6peklerinizin su ihtiyac\u0131n\u0131 kar\u015f\u0131layabilece\u011finiz, pratik kullan\u0131ml\u0131, kolay ta\u015f\u0131nabilen, demonte edilerek y\u0131kanabilen, 500 ml hacimli portatif su kab\u0131d\u0131r. \u00dcr\u00fcn \u00d6zellikleri: Su i\u00e7me b\u00f6l\u00fcm\u00fc plastik malzemedendir. Asma ipi bulunmaktad\u0131r. Hacim: 500 ml\" \/>\n<meta property=\"og:url\" content=\"https:\/\/www.peraavm.com\/index.php\/urun\/evcil-hayvan-seyahat-tipi-suluk-500ml\/\" \/>\n<meta property=\"article:modified_time\" content=\"2023-12-22T14:15:09+00:00\" \/>\n<meta property=\"og:image\" content=\"https:\/\/www.peraavm.com\/wp-content\/uploads\/2021\/12\/34534534534.jpg\" \/>\n\t<meta property=\"og:image:width\" content=\"300\" \/>\n\t<meta property=\"og:image:height\" content=\"300\" \/>\n\t<meta property=\"og:image:type\" content=\"image\/jpeg\" \/>\n<meta name=\"twitter:card\" content=\"summary_large_image\" \/>\n<meta name=\"twitter:label1\" content=\"Tahmini okuma s\u00fcresi\" \/>\n\t<meta name=\"twitter:data1\" content=\"1 dakika\" \/>\n<script type=\"application\/ld+json\" class=\"yoast-schema-graph\">{\"@context\":\"https:\/\/schema.org\",\"@graph\":[{\"@type\":\"WebPage\",\"@id\":\"https:\/\/www.peraavm.com\/index.php\/urun\/evcil-hayvan-seyahat-tipi-suluk-500ml\/\",\"url\":\"https:\/\/www.peraavm.com\/index.php\/urun\/evcil-hayvan-seyahat-tipi-suluk-500ml\/\",\"name\":\"Evcil Hayvan Seyahat Tipi Suluk 500ml |\",\"isPartOf\":{\"@id\":\"https:\/\/www.peraavm.com\/#website\"},\"primaryImageOfPage\":{\"@id\":\"https:\/\/www.peraavm.com\/index.php\/urun\/evcil-hayvan-seyahat-tipi-suluk-500ml\/#primaryimage\"},\"image\":{\"@id\":\"https:\/\/www.peraavm.com\/index.php\/urun\/evcil-hayvan-seyahat-tipi-suluk-500ml\/#primaryimage\"},\"thumbnailUrl\":\"https:\/\/www.peraavm.com\/wp-content\/uploads\/2021\/12\/34534534534.jpg\",\"datePublished\":\"2021-12-03T10:09:59+00:00\",\"dateModified\":\"2023-12-22T14:15:09+00:00\",\"description\":\"Su s\u0131zd\u0131rmaz yap\u0131s\u0131 sayesinde evcil hayvanlar\u0131n\u0131z\u0131n sa\u011fl\u0131kl\u0131 bir \u015fekilde su ihtiya\u00e7lar\u0131n\u0131 kar\u015f\u0131layabilirsiniz Yolculuklar\u0131n\u0131z ve gezintileriniz s\u0131ras\u0131nda k\u00f6peklerinizin su ihtiyac\u0131n\u0131 kar\u015f\u0131layabilece\u011finiz, pratik kullan\u0131ml\u0131, kolay ta\u015f\u0131nabilen, demonte edilerek y\u0131kanabilen, 500 ml hacimli portatif su kab\u0131d\u0131r. \u00dcr\u00fcn \u00d6zellikleri: Su i\u00e7me b\u00f6l\u00fcm\u00fc plastik malzemedendir. Asma ipi bulunmaktad\u0131r. Hacim: 500 ml\",\"breadcrumb\":{\"@id\":\"https:\/\/www.peraavm.com\/index.php\/urun\/evcil-hayvan-seyahat-tipi-suluk-500ml\/#breadcrumb\"},\"inLanguage\":\"tr\",\"potentialAction\":[{\"@type\":\"ReadAction\",\"target\":[\"https:\/\/www.peraavm.com\/index.php\/urun\/evcil-hayvan-seyahat-tipi-suluk-500ml\/\"]}]},{\"@type\":\"ImageObject\",\"inLanguage\":\"tr\",\"@id\":\"https:\/\/www.peraavm.com\/index.php\/urun\/evcil-hayvan-seyahat-tipi-suluk-500ml\/#primaryimage\",\"url\":\"https:\/\/www.peraavm.com\/wp-content\/uploads\/2021\/12\/34534534534.jpg\",\"contentUrl\":\"https:\/\/www.peraavm.com\/wp-content\/uploads\/2021\/12\/34534534534.jpg\",\"width\":300,\"height\":300},{\"@type\":\"BreadcrumbList\",\"@id\":\"https:\/\/www.peraavm.com\/index.php\/urun\/evcil-hayvan-seyahat-tipi-suluk-500ml\/#breadcrumb\",\"itemListElement\":[{\"@type\":\"ListItem\",\"position\":1,\"name\":\"Anasayfa\",\"item\":\"https:\/\/www.peraavm.com\/\"},{\"@type\":\"ListItem\",\"position\":2,\"name\":\"Magaza\",\"item\":\"https:\/\/www.peraavm.com\/index.php\/magaza\/\"},{\"@type\":\"ListItem\",\"position\":3,\"name\":\"Evcil Hayvan Seyahat Tipi Suluk 500ml\"}]},{\"@type\":\"WebSite\",\"@id\":\"https:\/\/www.peraavm.com\/#website\",\"url\":\"https:\/\/www.peraavm.com\/\",\"name\":\"Pratikmagazam.com\",\"description\":\"\",\"publisher\":{\"@id\":\"https:\/\/www.peraavm.com\/#organization\"},\"potentialAction\":[{\"@type\":\"SearchAction\",\"target\":{\"@type\":\"EntryPoint\",\"urlTemplate\":\"https:\/\/www.peraavm.com\/?s={search_term_string}\"},\"query-input\":{\"@type\":\"PropertyValueSpecification\",\"valueRequired\":true,\"valueName\":\"search_term_string\"}}],\"inLanguage\":\"tr\"},{\"@type\":\"Organization\",\"@id\":\"https:\/\/www.peraavm.com\/#organization\",\"name\":\"pratikmagazam.com\",\"url\":\"https:\/\/www.peraavm.com\/\",\"logo\":{\"@type\":\"ImageObject\",\"inLanguage\":\"tr\",\"@id\":\"https:\/\/www.peraavm.com\/#\/schema\/logo\/image\/\",\"url\":\"https:\/\/www.pratikmagazam.com\/wp-content\/uploads\/2021\/11\/Ekran-Resmi-2021-11-17-08.16.13.png\",\"contentUrl\":\"https:\/\/www.pratikmagazam.com\/wp-content\/uploads\/2021\/11\/Ekran-Resmi-2021-11-17-08.16.13.png\",\"width\":477,\"height\":135,\"caption\":\"pratikmagazam.com\"},\"image\":{\"@id\":\"https:\/\/www.peraavm.com\/#\/schema\/logo\/image\/\"},\"sameAs\":[\"https:\/\/instagram.com\/pratikmagazam?utm_medium=copy_link\"]}]}<\/script>\n<!-- \/ Yoast SEO plugin. -->","yoast_head_json":{"title":"Evcil Hayvan Seyahat Tipi Suluk 500ml |","description":"Su s\u0131zd\u0131rmaz yap\u0131s\u0131 sayesinde evcil hayvanlar\u0131n\u0131z\u0131n sa\u011fl\u0131kl\u0131 bir \u015fekilde su ihtiya\u00e7lar\u0131n\u0131 kar\u015f\u0131layabilirsiniz Yolculuklar\u0131n\u0131z ve gezintileriniz s\u0131ras\u0131nda k\u00f6peklerinizin su ihtiyac\u0131n\u0131 kar\u015f\u0131layabilece\u011finiz, pratik kullan\u0131ml\u0131, kolay ta\u015f\u0131nabilen, demonte edilerek y\u0131kanabilen, 500 ml hacimli portatif su kab\u0131d\u0131r. \u00dcr\u00fcn \u00d6zellikleri: Su i\u00e7me b\u00f6l\u00fcm\u00fc plastik malzemedendir. Asma ipi bulunmaktad\u0131r. Hacim: 500 ml","robots":{"index":"index","follow":"follow","max-snippet":"max-snippet:-1","max-image-preview":"max-image-preview:large","max-video-preview":"max-video-preview:-1"},"canonical":"https:\/\/www.peraavm.com\/index.php\/urun\/evcil-hayvan-seyahat-tipi-suluk-500ml\/","og_locale":"tr_TR","og_type":"article","og_title":"Evcil Hayvan Seyahat Tipi Suluk 500ml |","og_description":"Su s\u0131zd\u0131rmaz yap\u0131s\u0131 sayesinde evcil hayvanlar\u0131n\u0131z\u0131n sa\u011fl\u0131kl\u0131 bir \u015fekilde su ihtiya\u00e7lar\u0131n\u0131 kar\u015f\u0131layabilirsiniz Yolculuklar\u0131n\u0131z ve gezintileriniz s\u0131ras\u0131nda k\u00f6peklerinizin su ihtiyac\u0131n\u0131 kar\u015f\u0131layabilece\u011finiz, pratik kullan\u0131ml\u0131, kolay ta\u015f\u0131nabilen, demonte edilerek y\u0131kanabilen, 500 ml hacimli portatif su kab\u0131d\u0131r. \u00dcr\u00fcn \u00d6zellikleri: Su i\u00e7me b\u00f6l\u00fcm\u00fc plastik malzemedendir. Asma ipi bulunmaktad\u0131r. Hacim: 500 ml","og_url":"https:\/\/www.peraavm.com\/index.php\/urun\/evcil-hayvan-seyahat-tipi-suluk-500ml\/","article_modified_time":"2023-12-22T14:15:09+00:00","og_image":[{"width":300,"height":300,"url":"https:\/\/www.peraavm.com\/wp-content\/uploads\/2021\/12\/34534534534.jpg","type":"image\/jpeg"}],"twitter_card":"summary_large_image","twitter_misc":{"Tahmini okuma s\u00fcresi":"1 dakika"},"schema":{"@context":"https:\/\/schema.org","@graph":[{"@type":"WebPage","@id":"https:\/\/www.peraavm.com\/index.php\/urun\/evcil-hayvan-seyahat-tipi-suluk-500ml\/","url":"https:\/\/www.peraavm.com\/index.php\/urun\/evcil-hayvan-seyahat-tipi-suluk-500ml\/","name":"Evcil Hayvan Seyahat Tipi Suluk 500ml |","isPartOf":{"@id":"https:\/\/www.peraavm.com\/#website"},"primaryImageOfPage":{"@id":"https:\/\/www.peraavm.com\/index.php\/urun\/evcil-hayvan-seyahat-tipi-suluk-500ml\/#primaryimage"},"image":{"@id":"https:\/\/www.peraavm.com\/index.php\/urun\/evcil-hayvan-seyahat-tipi-suluk-500ml\/#primaryimage"},"thumbnailUrl":"https:\/\/www.peraavm.com\/wp-content\/uploads\/2021\/12\/34534534534.jpg","datePublished":"2021-12-03T10:09:59+00:00","dateModified":"2023-12-22T14:15:09+00:00","description":"Su s\u0131zd\u0131rmaz yap\u0131s\u0131 sayesinde evcil hayvanlar\u0131n\u0131z\u0131n sa\u011fl\u0131kl\u0131 bir \u015fekilde su ihtiya\u00e7lar\u0131n\u0131 kar\u015f\u0131layabilirsiniz Yolculuklar\u0131n\u0131z ve gezintileriniz s\u0131ras\u0131nda k\u00f6peklerinizin su ihtiyac\u0131n\u0131 kar\u015f\u0131layabilece\u011finiz, pratik kullan\u0131ml\u0131, kolay ta\u015f\u0131nabilen, demonte edilerek y\u0131kanabilen, 500 ml hacimli portatif su kab\u0131d\u0131r. \u00dcr\u00fcn \u00d6zellikleri: Su i\u00e7me b\u00f6l\u00fcm\u00fc plastik malzemedendir. Asma ipi bulunmaktad\u0131r. Hacim: 500 ml","breadcrumb":{"@id":"https:\/\/www.peraavm.com\/index.php\/urun\/evcil-hayvan-seyahat-tipi-suluk-500ml\/#breadcrumb"},"inLanguage":"tr","potentialAction":[{"@type":"ReadAction","target":["https:\/\/www.peraavm.com\/index.php\/urun\/evcil-hayvan-seyahat-tipi-suluk-500ml\/"]}]},{"@type":"ImageObject","inLanguage":"tr","@id":"https:\/\/www.peraavm.com\/index.php\/urun\/evcil-hayvan-seyahat-tipi-suluk-500ml\/#primaryimage","url":"https:\/\/www.peraavm.com\/wp-content\/uploads\/2021\/12\/34534534534.jpg","contentUrl":"https:\/\/www.peraavm.com\/wp-content\/uploads\/2021\/12\/34534534534.jpg","width":300,"height":300},{"@type":"BreadcrumbList","@id":"https:\/\/www.peraavm.com\/index.php\/urun\/evcil-hayvan-seyahat-tipi-suluk-500ml\/#breadcrumb","itemListElement":[{"@type":"ListItem","position":1,"name":"Anasayfa","item":"https:\/\/www.peraavm.com\/"},{"@type":"ListItem","position":2,"name":"Magaza","item":"https:\/\/www.peraavm.com\/index.php\/magaza\/"},{"@type":"ListItem","position":3,"name":"Evcil Hayvan Seyahat Tipi Suluk 500ml"}]},{"@type":"WebSite","@id":"https:\/\/www.peraavm.com\/#website","url":"https:\/\/www.peraavm.com\/","name":"Pratikmagazam.com","description":"","publisher":{"@id":"https:\/\/www.peraavm.com\/#organization"},"potentialAction":[{"@type":"SearchAction","target":{"@type":"EntryPoint","urlTemplate":"https:\/\/www.peraavm.com\/?s={search_term_string}"},"query-input":{"@type":"PropertyValueSpecification","valueRequired":true,"valueName":"search_term_string"}}],"inLanguage":"tr"},{"@type":"Organization","@id":"https:\/\/www.peraavm.com\/#organization","name":"pratikmagazam.com","url":"https:\/\/www.peraavm.com\/","logo":{"@type":"ImageObject","inLanguage":"tr","@id":"https:\/\/www.peraavm.com\/#\/schema\/logo\/image\/","url":"https:\/\/www.pratikmagazam.com\/wp-content\/uploads\/2021\/11\/Ekran-Resmi-2021-11-17-08.16.13.png","contentUrl":"https:\/\/www.pratikmagazam.com\/wp-content\/uploads\/2021\/11\/Ekran-Resmi-2021-11-17-08.16.13.png","width":477,"height":135,"caption":"pratikmagazam.com"},"image":{"@id":"https:\/\/www.peraavm.com\/#\/schema\/logo\/image\/"},"sameAs":["https:\/\/instagram.com\/pratikmagazam?utm_medium=copy_link"]}]}},"_links":{"self":[{"href":"https:\/\/www.peraavm.com\/index.php\/wp-json\/wp\/v2\/product\/1485","targetHints":{"allow":["GET"]}}],"collection":[{"href":"https:\/\/www.peraavm.com\/index.php\/wp-json\/wp\/v2\/product"}],"about":[{"href":"https:\/\/www.peraavm.com\/index.php\/wp-json\/wp\/v2\/types\/product"}],"replies":[{"embeddable":true,"href":"https:\/\/www.peraavm.com\/index.php\/wp-json\/wp\/v2\/comments?post=1485"}],"wp:featuredmedia":[{"embeddable":true,"href":"https:\/\/www.peraavm.com\/index.php\/wp-json\/wp\/v2\/media\/1486"}],"wp:attachment":[{"href":"https:\/\/www.peraavm.com\/index.php\/wp-json\/wp\/v2\/media?parent=1485"}],"wp:term":[{"taxonomy":"product_brand","embeddable":true,"href":"https:\/\/www.peraavm.com\/index.php\/wp-json\/wp\/v2\/product_brand?post=1485"},{"taxonomy":"product_cat","embeddable":true,"href":"https:\/\/www.peraavm.com\/index.php\/wp-json\/wp\/v2\/product_cat?post=1485"},{"taxonomy":"product_tag","embeddable":true,"href":"https:\/\/www.peraavm.com\/index.php\/wp-json\/wp\/v2\/product_tag?post=1485"}],"curies":[{"name":"wp","href":"https:\/\/api.w.org\/{rel}","templated":true}]}}