{"id":1804,"date":"2021-12-14T11:03:45","date_gmt":"2021-12-14T11:03:45","guid":{"rendered":"https:\/\/www.pratikmagazam.com\/?post_type=product&#038;p=1804"},"modified":"2026-01-17T11:55:22","modified_gmt":"2026-01-17T11:55:22","slug":"desenli-makarali-el-frenli-kopek-gezdirme-tasmasi-5-metre-otomatik-sik-kopek-gezdirme-tasma","status":"publish","type":"product","link":"https:\/\/www.peraavm.com\/index.php\/urun\/desenli-makarali-el-frenli-kopek-gezdirme-tasmasi-5-metre-otomatik-sik-kopek-gezdirme-tasma\/","title":{"rendered":"Desenli Makaral\u0131 El Frenli K\u00f6pek Gezdirme Tasmas\u0131 5 Metre Otomatik \u015e\u0131k K\u00f6pek Gezdirme Tasma"},"content":{"rendered":"<ul class=\"detail-desc-list\">\n<li class=\"detail-desc-item\">Desenli Makaral\u0131 El Frenli K\u00f6pek Gezdirme Tasmas\u0131 5 Metre Otomatik \u015e\u0131k K\u00f6pek Gezdirme Tasma 5 Metreye Kadar Uzayabilen Desenleri Makaral\u0131 El Frenli K\u00f6pek Gezdirme Tasmas\u0131 G\u00fcvenli ve \u015e\u0131k 5 Metre Desenli Makaral\u0131 El Frenli Otomatik K\u00f6pek Gezdirme Tasmas\u0131 Pup Style Otomatik K\u00f6pek Gezdirme Tasmas\u0131, \u015f\u0131k ve kaliteli bir \u00fcr\u00fcnd\u00fcr.<\/li>\n<li class=\"detail-desc-item\">Uzay\u0131p k\u0131salabilen mekanizma sayesinde k\u00f6pe\u011finiz i\u00e7in ergonomik ve rahatl\u0131k sa\u011flar.<\/li>\n<li class=\"detail-desc-item\">Tek el frenleme sistemi ile k\u00f6pe\u011finizi gezdirirken s\u00fcrekli dizginlemek zorunda kalmazs\u0131n\u0131z.<\/li>\n<li class=\"detail-desc-item\">Makaral\u0131 otomatik k\u00f6pek gezdirme tasmas\u0131, uzman yeti\u015ftiriciler ve k\u00f6pek yeti\u015ftiricilerin tavsiye etti\u011fi bir \u00fcr\u00fcnd\u00fcr.<\/li>\n<li class=\"detail-desc-item\">5 Metre Uzay\u0131p K\u0131salabilen K\u00f6pek Gezi Y\u00fcr\u00fcy\u00fc\u015f Tasmas\u0131 Aparat\u0131 \u00d6zellikleri: Otomatik mekanizmal\u0131 tasma, uzun \u00f6m\u00fcrl\u00fcd\u00fcr. Duraklama ve kilitleme yapabilirsiniz.<\/li>\n<li class=\"detail-desc-item\">Otomatik el freni sayesinde K\u00f6pe\u011finizi gezdirirken s\u0131k s\u0131k duraklama yapman\u0131za gerek kalmaz.<\/li>\n<li class=\"detail-desc-item\">Kay\u0131\u015f uzunlu\u011fu 5 metredir.<\/li>\n<li class=\"detail-desc-item\">\u015e\u0131k ve kalitelidir.<\/li>\n<li class=\"detail-desc-item\">K\u00f6pek Gezdirme Tasmas\u0131 \u0130\u00e7eri\u011fi: 1 Adet Pup Style Pratik Otomatik, Frenli K\u00f6pek Gezdirme Tasmas\u0131<\/li>\n<\/ul>\n","protected":false},"excerpt":{"rendered":"<p>5 Metreye Kadar Uzayabilen Desenleri Makaral\u0131 El Frenli K\u00f6pek Gezdirme Tasmas\u0131<\/p>\n","protected":false},"featured_media":1805,"comment_status":"open","ping_status":"closed","template":"","meta":[],"product_brand":[],"product_cat":[43,15],"product_tag":[],"class_list":{"0":"post-1804","1":"product","2":"type-product","3":"status-publish","4":"has-post-thumbnail","6":"product_cat-petshop","7":"product_cat-tum-urunler","9":"first","10":"instock","11":"sale","12":"taxable","13":"shipping-taxable","14":"purchasable","15":"product-type-simple"},"yoast_head":"<!-- This site is optimized with the Yoast SEO plugin v27.2 - https:\/\/yoast.com\/product\/yoast-seo-wordpress\/ -->\n<title>Desenli Makaral\u0131 El Frenli K\u00f6pek Gezdirme Tasmas\u0131 5 Metre Otomatik \u015e\u0131k K\u00f6pek Gezdirme Tasma |<\/title>\n<meta name=\"description\" content=\"Desenli Makaral\u0131 El Frenli K\u00f6pek Gezdirme Tasmas\u0131 5 Metre Otomatik \u015e\u0131k K\u00f6pek Gezdirme Tasma 5 Metreye Kadar Uzayabilen Desenleri Makaral\u0131 El Frenli K\u00f6pek Gezdirme Tasmas\u0131 G\u00fcvenli ve \u015e\u0131k 5 Metre Desenli Makaral\u0131 El Frenli Otomatik K\u00f6pek Gezdirme Tasmas\u0131 Pup Style Otomatik K\u00f6pek Gezdirme Tasmas\u0131, \u015f\u0131k ve kaliteli bir \u00fcr\u00fcnd\u00fcr.Uzay\u0131p k\u0131salabilen mekanizma sayesinde k\u00f6pe\u011finiz i\u00e7in ergonomik ve rahatl\u0131k sa\u011flar.Tek el frenleme sistemi ile k\u00f6pe\u011finizi gezdirirken s\u00fcrekli dizginlemek zorunda kalmazs\u0131n\u0131z.Makaral\u0131 otomatik k\u00f6pek gezdirme tasmas\u0131, uzman yeti\u015ftiriciler ve k\u00f6pek yeti\u015ftiricilerin tavsiye etti\u011fi bir \u00fcr\u00fcnd\u00fcr.5 Metre Uzay\u0131p K\u0131salabilen K\u00f6pek Gezi Y\u00fcr\u00fcy\u00fc\u015f Tasmas\u0131 Aparat\u0131 \u00d6zellikleri: Otomatik mekanizmal\u0131 tasma, uzun \u00f6m\u00fcrl\u00fcd\u00fcr. Duraklama ve kilitleme yapabilirsiniz.Otomatik el freni sayesinde K\u00f6pe\u011finizi gezdirirken s\u0131k s\u0131k duraklama yapman\u0131za gerek kalmaz.Kay\u0131\u015f uzunlu\u011fu 5 metredir.\u015e\u0131k ve kalitelidir.K\u00f6pek Gezdirme Tasmas\u0131 \u0130\u00e7eri\u011fi: 1 Adet Pup Style Pratik Otomatik, Frenli K\u00f6pek Gezdirme Tasmas\u0131\" \/>\n<meta name=\"robots\" content=\"index, follow, max-snippet:-1, max-image-preview:large, max-video-preview:-1\" \/>\n<link rel=\"canonical\" href=\"https:\/\/www.peraavm.com\/index.php\/urun\/desenli-makarali-el-frenli-kopek-gezdirme-tasmasi-5-metre-otomatik-sik-kopek-gezdirme-tasma\/\" \/>\n<meta property=\"og:locale\" content=\"tr_TR\" \/>\n<meta property=\"og:type\" content=\"article\" \/>\n<meta property=\"og:title\" content=\"Desenli Makaral\u0131 El Frenli K\u00f6pek Gezdirme Tasmas\u0131 5 Metre Otomatik \u015e\u0131k K\u00f6pek Gezdirme Tasma |\" \/>\n<meta property=\"og:description\" content=\"Desenli Makaral\u0131 El Frenli K\u00f6pek Gezdirme Tasmas\u0131 5 Metre Otomatik \u015e\u0131k K\u00f6pek Gezdirme Tasma 5 Metreye Kadar Uzayabilen Desenleri Makaral\u0131 El Frenli K\u00f6pek Gezdirme Tasmas\u0131 G\u00fcvenli ve \u015e\u0131k 5 Metre Desenli Makaral\u0131 El Frenli Otomatik K\u00f6pek Gezdirme Tasmas\u0131 Pup Style Otomatik K\u00f6pek Gezdirme Tasmas\u0131, \u015f\u0131k ve kaliteli bir \u00fcr\u00fcnd\u00fcr.Uzay\u0131p k\u0131salabilen mekanizma sayesinde k\u00f6pe\u011finiz i\u00e7in ergonomik ve rahatl\u0131k sa\u011flar.Tek el frenleme sistemi ile k\u00f6pe\u011finizi gezdirirken s\u00fcrekli dizginlemek zorunda kalmazs\u0131n\u0131z.Makaral\u0131 otomatik k\u00f6pek gezdirme tasmas\u0131, uzman yeti\u015ftiriciler ve k\u00f6pek yeti\u015ftiricilerin tavsiye etti\u011fi bir \u00fcr\u00fcnd\u00fcr.5 Metre Uzay\u0131p K\u0131salabilen K\u00f6pek Gezi Y\u00fcr\u00fcy\u00fc\u015f Tasmas\u0131 Aparat\u0131 \u00d6zellikleri: Otomatik mekanizmal\u0131 tasma, uzun \u00f6m\u00fcrl\u00fcd\u00fcr. Duraklama ve kilitleme yapabilirsiniz.Otomatik el freni sayesinde K\u00f6pe\u011finizi gezdirirken s\u0131k s\u0131k duraklama yapman\u0131za gerek kalmaz.Kay\u0131\u015f uzunlu\u011fu 5 metredir.\u015e\u0131k ve kalitelidir.K\u00f6pek Gezdirme Tasmas\u0131 \u0130\u00e7eri\u011fi: 1 Adet Pup Style Pratik Otomatik, Frenli K\u00f6pek Gezdirme Tasmas\u0131\" \/>\n<meta property=\"og:url\" content=\"https:\/\/www.peraavm.com\/index.php\/urun\/desenli-makarali-el-frenli-kopek-gezdirme-tasmasi-5-metre-otomatik-sik-kopek-gezdirme-tasma\/\" \/>\n<meta property=\"article:modified_time\" content=\"2026-01-17T11:55:22+00:00\" \/>\n<meta property=\"og:image\" content=\"https:\/\/www.peraavm.com\/wp-content\/uploads\/2021\/12\/234234234-33.jpg\" \/>\n\t<meta property=\"og:image:width\" content=\"300\" \/>\n\t<meta property=\"og:image:height\" content=\"300\" \/>\n\t<meta property=\"og:image:type\" content=\"image\/jpeg\" \/>\n<meta name=\"twitter:card\" content=\"summary_large_image\" \/>\n<meta name=\"twitter:label1\" content=\"Tahmini okuma s\u00fcresi\" \/>\n\t<meta name=\"twitter:data1\" content=\"1 dakika\" \/>\n<script type=\"application\/ld+json\" class=\"yoast-schema-graph\">{\"@context\":\"https:\/\/schema.org\",\"@graph\":[{\"@type\":\"WebPage\",\"@id\":\"https:\/\/www.peraavm.com\/index.php\/urun\/desenli-makarali-el-frenli-kopek-gezdirme-tasmasi-5-metre-otomatik-sik-kopek-gezdirme-tasma\/\",\"url\":\"https:\/\/www.peraavm.com\/index.php\/urun\/desenli-makarali-el-frenli-kopek-gezdirme-tasmasi-5-metre-otomatik-sik-kopek-gezdirme-tasma\/\",\"name\":\"Desenli Makaral\u0131 El Frenli K\u00f6pek Gezdirme Tasmas\u0131 5 Metre Otomatik \u015e\u0131k K\u00f6pek Gezdirme Tasma |\",\"isPartOf\":{\"@id\":\"https:\/\/www.peraavm.com\/#website\"},\"primaryImageOfPage\":{\"@id\":\"https:\/\/www.peraavm.com\/index.php\/urun\/desenli-makarali-el-frenli-kopek-gezdirme-tasmasi-5-metre-otomatik-sik-kopek-gezdirme-tasma\/#primaryimage\"},\"image\":{\"@id\":\"https:\/\/www.peraavm.com\/index.php\/urun\/desenli-makarali-el-frenli-kopek-gezdirme-tasmasi-5-metre-otomatik-sik-kopek-gezdirme-tasma\/#primaryimage\"},\"thumbnailUrl\":\"https:\/\/www.peraavm.com\/wp-content\/uploads\/2021\/12\/234234234-33.jpg\",\"datePublished\":\"2021-12-14T11:03:45+00:00\",\"dateModified\":\"2026-01-17T11:55:22+00:00\",\"description\":\"Desenli Makaral\u0131 El Frenli K\u00f6pek Gezdirme Tasmas\u0131 5 Metre Otomatik \u015e\u0131k K\u00f6pek Gezdirme Tasma 5 Metreye Kadar Uzayabilen Desenleri Makaral\u0131 El Frenli K\u00f6pek Gezdirme Tasmas\u0131 G\u00fcvenli ve \u015e\u0131k 5 Metre Desenli Makaral\u0131 El Frenli Otomatik K\u00f6pek Gezdirme Tasmas\u0131 Pup Style Otomatik K\u00f6pek Gezdirme Tasmas\u0131, \u015f\u0131k ve kaliteli bir \u00fcr\u00fcnd\u00fcr.Uzay\u0131p k\u0131salabilen mekanizma sayesinde k\u00f6pe\u011finiz i\u00e7in ergonomik ve rahatl\u0131k sa\u011flar.Tek el frenleme sistemi ile k\u00f6pe\u011finizi gezdirirken s\u00fcrekli dizginlemek zorunda kalmazs\u0131n\u0131z.Makaral\u0131 otomatik k\u00f6pek gezdirme tasmas\u0131, uzman yeti\u015ftiriciler ve k\u00f6pek yeti\u015ftiricilerin tavsiye etti\u011fi bir \u00fcr\u00fcnd\u00fcr.5 Metre Uzay\u0131p K\u0131salabilen K\u00f6pek Gezi Y\u00fcr\u00fcy\u00fc\u015f Tasmas\u0131 Aparat\u0131 \u00d6zellikleri: Otomatik mekanizmal\u0131 tasma, uzun \u00f6m\u00fcrl\u00fcd\u00fcr. Duraklama ve kilitleme yapabilirsiniz.Otomatik el freni sayesinde K\u00f6pe\u011finizi gezdirirken s\u0131k s\u0131k duraklama yapman\u0131za gerek kalmaz.Kay\u0131\u015f uzunlu\u011fu 5 metredir.\u015e\u0131k ve kalitelidir.K\u00f6pek Gezdirme Tasmas\u0131 \u0130\u00e7eri\u011fi: 1 Adet Pup Style Pratik Otomatik, Frenli K\u00f6pek Gezdirme Tasmas\u0131\",\"breadcrumb\":{\"@id\":\"https:\/\/www.peraavm.com\/index.php\/urun\/desenli-makarali-el-frenli-kopek-gezdirme-tasmasi-5-metre-otomatik-sik-kopek-gezdirme-tasma\/#breadcrumb\"},\"inLanguage\":\"tr\",\"potentialAction\":[{\"@type\":\"ReadAction\",\"target\":[\"https:\/\/www.peraavm.com\/index.php\/urun\/desenli-makarali-el-frenli-kopek-gezdirme-tasmasi-5-metre-otomatik-sik-kopek-gezdirme-tasma\/\"]}]},{\"@type\":\"ImageObject\",\"inLanguage\":\"tr\",\"@id\":\"https:\/\/www.peraavm.com\/index.php\/urun\/desenli-makarali-el-frenli-kopek-gezdirme-tasmasi-5-metre-otomatik-sik-kopek-gezdirme-tasma\/#primaryimage\",\"url\":\"https:\/\/www.peraavm.com\/wp-content\/uploads\/2021\/12\/234234234-33.jpg\",\"contentUrl\":\"https:\/\/www.peraavm.com\/wp-content\/uploads\/2021\/12\/234234234-33.jpg\",\"width\":300,\"height\":300},{\"@type\":\"BreadcrumbList\",\"@id\":\"https:\/\/www.peraavm.com\/index.php\/urun\/desenli-makarali-el-frenli-kopek-gezdirme-tasmasi-5-metre-otomatik-sik-kopek-gezdirme-tasma\/#breadcrumb\",\"itemListElement\":[{\"@type\":\"ListItem\",\"position\":1,\"name\":\"Anasayfa\",\"item\":\"https:\/\/www.peraavm.com\/\"},{\"@type\":\"ListItem\",\"position\":2,\"name\":\"Magaza\",\"item\":\"https:\/\/www.peraavm.com\/index.php\/magaza\/\"},{\"@type\":\"ListItem\",\"position\":3,\"name\":\"Desenli Makaral\u0131 El Frenli K\u00f6pek Gezdirme Tasmas\u0131 5 Metre Otomatik \u015e\u0131k K\u00f6pek Gezdirme Tasma\"}]},{\"@type\":\"WebSite\",\"@id\":\"https:\/\/www.peraavm.com\/#website\",\"url\":\"https:\/\/www.peraavm.com\/\",\"name\":\"Pratikmagazam.com\",\"description\":\"\",\"publisher\":{\"@id\":\"https:\/\/www.peraavm.com\/#organization\"},\"potentialAction\":[{\"@type\":\"SearchAction\",\"target\":{\"@type\":\"EntryPoint\",\"urlTemplate\":\"https:\/\/www.peraavm.com\/?s={search_term_string}\"},\"query-input\":{\"@type\":\"PropertyValueSpecification\",\"valueRequired\":true,\"valueName\":\"search_term_string\"}}],\"inLanguage\":\"tr\"},{\"@type\":\"Organization\",\"@id\":\"https:\/\/www.peraavm.com\/#organization\",\"name\":\"pratikmagazam.com\",\"url\":\"https:\/\/www.peraavm.com\/\",\"logo\":{\"@type\":\"ImageObject\",\"inLanguage\":\"tr\",\"@id\":\"https:\/\/www.peraavm.com\/#\/schema\/logo\/image\/\",\"url\":\"https:\/\/www.pratikmagazam.com\/wp-content\/uploads\/2021\/11\/Ekran-Resmi-2021-11-17-08.16.13.png\",\"contentUrl\":\"https:\/\/www.pratikmagazam.com\/wp-content\/uploads\/2021\/11\/Ekran-Resmi-2021-11-17-08.16.13.png\",\"width\":477,\"height\":135,\"caption\":\"pratikmagazam.com\"},\"image\":{\"@id\":\"https:\/\/www.peraavm.com\/#\/schema\/logo\/image\/\"},\"sameAs\":[\"https:\/\/instagram.com\/pratikmagazam?utm_medium=copy_link\"]}]}<\/script>\n<!-- \/ Yoast SEO plugin. -->","yoast_head_json":{"title":"Desenli Makaral\u0131 El Frenli K\u00f6pek Gezdirme Tasmas\u0131 5 Metre Otomatik \u015e\u0131k K\u00f6pek Gezdirme Tasma |","description":"Desenli Makaral\u0131 El Frenli K\u00f6pek Gezdirme Tasmas\u0131 5 Metre Otomatik \u015e\u0131k K\u00f6pek Gezdirme Tasma 5 Metreye Kadar Uzayabilen Desenleri Makaral\u0131 El Frenli K\u00f6pek Gezdirme Tasmas\u0131 G\u00fcvenli ve \u015e\u0131k 5 Metre Desenli Makaral\u0131 El Frenli Otomatik K\u00f6pek Gezdirme Tasmas\u0131 Pup Style Otomatik K\u00f6pek Gezdirme Tasmas\u0131, \u015f\u0131k ve kaliteli bir \u00fcr\u00fcnd\u00fcr.Uzay\u0131p k\u0131salabilen mekanizma sayesinde k\u00f6pe\u011finiz i\u00e7in ergonomik ve rahatl\u0131k sa\u011flar.Tek el frenleme sistemi ile k\u00f6pe\u011finizi gezdirirken s\u00fcrekli dizginlemek zorunda kalmazs\u0131n\u0131z.Makaral\u0131 otomatik k\u00f6pek gezdirme tasmas\u0131, uzman yeti\u015ftiriciler ve k\u00f6pek yeti\u015ftiricilerin tavsiye etti\u011fi bir \u00fcr\u00fcnd\u00fcr.5 Metre Uzay\u0131p K\u0131salabilen K\u00f6pek Gezi Y\u00fcr\u00fcy\u00fc\u015f Tasmas\u0131 Aparat\u0131 \u00d6zellikleri: Otomatik mekanizmal\u0131 tasma, uzun \u00f6m\u00fcrl\u00fcd\u00fcr. Duraklama ve kilitleme yapabilirsiniz.Otomatik el freni sayesinde K\u00f6pe\u011finizi gezdirirken s\u0131k s\u0131k duraklama yapman\u0131za gerek kalmaz.Kay\u0131\u015f uzunlu\u011fu 5 metredir.\u015e\u0131k ve kalitelidir.K\u00f6pek Gezdirme Tasmas\u0131 \u0130\u00e7eri\u011fi: 1 Adet Pup Style Pratik Otomatik, Frenli K\u00f6pek Gezdirme Tasmas\u0131","robots":{"index":"index","follow":"follow","max-snippet":"max-snippet:-1","max-image-preview":"max-image-preview:large","max-video-preview":"max-video-preview:-1"},"canonical":"https:\/\/www.peraavm.com\/index.php\/urun\/desenli-makarali-el-frenli-kopek-gezdirme-tasmasi-5-metre-otomatik-sik-kopek-gezdirme-tasma\/","og_locale":"tr_TR","og_type":"article","og_title":"Desenli Makaral\u0131 El Frenli K\u00f6pek Gezdirme Tasmas\u0131 5 Metre Otomatik \u015e\u0131k K\u00f6pek Gezdirme Tasma |","og_description":"Desenli Makaral\u0131 El Frenli K\u00f6pek Gezdirme Tasmas\u0131 5 Metre Otomatik \u015e\u0131k K\u00f6pek Gezdirme Tasma 5 Metreye Kadar Uzayabilen Desenleri Makaral\u0131 El Frenli K\u00f6pek Gezdirme Tasmas\u0131 G\u00fcvenli ve \u015e\u0131k 5 Metre Desenli Makaral\u0131 El Frenli Otomatik K\u00f6pek Gezdirme Tasmas\u0131 Pup Style Otomatik K\u00f6pek Gezdirme Tasmas\u0131, \u015f\u0131k ve kaliteli bir \u00fcr\u00fcnd\u00fcr.Uzay\u0131p k\u0131salabilen mekanizma sayesinde k\u00f6pe\u011finiz i\u00e7in ergonomik ve rahatl\u0131k sa\u011flar.Tek el frenleme sistemi ile k\u00f6pe\u011finizi gezdirirken s\u00fcrekli dizginlemek zorunda kalmazs\u0131n\u0131z.Makaral\u0131 otomatik k\u00f6pek gezdirme tasmas\u0131, uzman yeti\u015ftiriciler ve k\u00f6pek yeti\u015ftiricilerin tavsiye etti\u011fi bir \u00fcr\u00fcnd\u00fcr.5 Metre Uzay\u0131p K\u0131salabilen K\u00f6pek Gezi Y\u00fcr\u00fcy\u00fc\u015f Tasmas\u0131 Aparat\u0131 \u00d6zellikleri: Otomatik mekanizmal\u0131 tasma, uzun \u00f6m\u00fcrl\u00fcd\u00fcr. Duraklama ve kilitleme yapabilirsiniz.Otomatik el freni sayesinde K\u00f6pe\u011finizi gezdirirken s\u0131k s\u0131k duraklama yapman\u0131za gerek kalmaz.Kay\u0131\u015f uzunlu\u011fu 5 metredir.\u015e\u0131k ve kalitelidir.K\u00f6pek Gezdirme Tasmas\u0131 \u0130\u00e7eri\u011fi: 1 Adet Pup Style Pratik Otomatik, Frenli K\u00f6pek Gezdirme Tasmas\u0131","og_url":"https:\/\/www.peraavm.com\/index.php\/urun\/desenli-makarali-el-frenli-kopek-gezdirme-tasmasi-5-metre-otomatik-sik-kopek-gezdirme-tasma\/","article_modified_time":"2026-01-17T11:55:22+00:00","og_image":[{"width":300,"height":300,"url":"https:\/\/www.peraavm.com\/wp-content\/uploads\/2021\/12\/234234234-33.jpg","type":"image\/jpeg"}],"twitter_card":"summary_large_image","twitter_misc":{"Tahmini okuma s\u00fcresi":"1 dakika"},"schema":{"@context":"https:\/\/schema.org","@graph":[{"@type":"WebPage","@id":"https:\/\/www.peraavm.com\/index.php\/urun\/desenli-makarali-el-frenli-kopek-gezdirme-tasmasi-5-metre-otomatik-sik-kopek-gezdirme-tasma\/","url":"https:\/\/www.peraavm.com\/index.php\/urun\/desenli-makarali-el-frenli-kopek-gezdirme-tasmasi-5-metre-otomatik-sik-kopek-gezdirme-tasma\/","name":"Desenli Makaral\u0131 El Frenli K\u00f6pek Gezdirme Tasmas\u0131 5 Metre Otomatik \u015e\u0131k K\u00f6pek Gezdirme Tasma |","isPartOf":{"@id":"https:\/\/www.peraavm.com\/#website"},"primaryImageOfPage":{"@id":"https:\/\/www.peraavm.com\/index.php\/urun\/desenli-makarali-el-frenli-kopek-gezdirme-tasmasi-5-metre-otomatik-sik-kopek-gezdirme-tasma\/#primaryimage"},"image":{"@id":"https:\/\/www.peraavm.com\/index.php\/urun\/desenli-makarali-el-frenli-kopek-gezdirme-tasmasi-5-metre-otomatik-sik-kopek-gezdirme-tasma\/#primaryimage"},"thumbnailUrl":"https:\/\/www.peraavm.com\/wp-content\/uploads\/2021\/12\/234234234-33.jpg","datePublished":"2021-12-14T11:03:45+00:00","dateModified":"2026-01-17T11:55:22+00:00","description":"Desenli Makaral\u0131 El Frenli K\u00f6pek Gezdirme Tasmas\u0131 5 Metre Otomatik \u015e\u0131k K\u00f6pek Gezdirme Tasma 5 Metreye Kadar Uzayabilen Desenleri Makaral\u0131 El Frenli K\u00f6pek Gezdirme Tasmas\u0131 G\u00fcvenli ve \u015e\u0131k 5 Metre Desenli Makaral\u0131 El Frenli Otomatik K\u00f6pek Gezdirme Tasmas\u0131 Pup Style Otomatik K\u00f6pek Gezdirme Tasmas\u0131, \u015f\u0131k ve kaliteli bir \u00fcr\u00fcnd\u00fcr.Uzay\u0131p k\u0131salabilen mekanizma sayesinde k\u00f6pe\u011finiz i\u00e7in ergonomik ve rahatl\u0131k sa\u011flar.Tek el frenleme sistemi ile k\u00f6pe\u011finizi gezdirirken s\u00fcrekli dizginlemek zorunda kalmazs\u0131n\u0131z.Makaral\u0131 otomatik k\u00f6pek gezdirme tasmas\u0131, uzman yeti\u015ftiriciler ve k\u00f6pek yeti\u015ftiricilerin tavsiye etti\u011fi bir \u00fcr\u00fcnd\u00fcr.5 Metre Uzay\u0131p K\u0131salabilen K\u00f6pek Gezi Y\u00fcr\u00fcy\u00fc\u015f Tasmas\u0131 Aparat\u0131 \u00d6zellikleri: Otomatik mekanizmal\u0131 tasma, uzun \u00f6m\u00fcrl\u00fcd\u00fcr. Duraklama ve kilitleme yapabilirsiniz.Otomatik el freni sayesinde K\u00f6pe\u011finizi gezdirirken s\u0131k s\u0131k duraklama yapman\u0131za gerek kalmaz.Kay\u0131\u015f uzunlu\u011fu 5 metredir.\u015e\u0131k ve kalitelidir.K\u00f6pek Gezdirme Tasmas\u0131 \u0130\u00e7eri\u011fi: 1 Adet Pup Style Pratik Otomatik, Frenli K\u00f6pek Gezdirme Tasmas\u0131","breadcrumb":{"@id":"https:\/\/www.peraavm.com\/index.php\/urun\/desenli-makarali-el-frenli-kopek-gezdirme-tasmasi-5-metre-otomatik-sik-kopek-gezdirme-tasma\/#breadcrumb"},"inLanguage":"tr","potentialAction":[{"@type":"ReadAction","target":["https:\/\/www.peraavm.com\/index.php\/urun\/desenli-makarali-el-frenli-kopek-gezdirme-tasmasi-5-metre-otomatik-sik-kopek-gezdirme-tasma\/"]}]},{"@type":"ImageObject","inLanguage":"tr","@id":"https:\/\/www.peraavm.com\/index.php\/urun\/desenli-makarali-el-frenli-kopek-gezdirme-tasmasi-5-metre-otomatik-sik-kopek-gezdirme-tasma\/#primaryimage","url":"https:\/\/www.peraavm.com\/wp-content\/uploads\/2021\/12\/234234234-33.jpg","contentUrl":"https:\/\/www.peraavm.com\/wp-content\/uploads\/2021\/12\/234234234-33.jpg","width":300,"height":300},{"@type":"BreadcrumbList","@id":"https:\/\/www.peraavm.com\/index.php\/urun\/desenli-makarali-el-frenli-kopek-gezdirme-tasmasi-5-metre-otomatik-sik-kopek-gezdirme-tasma\/#breadcrumb","itemListElement":[{"@type":"ListItem","position":1,"name":"Anasayfa","item":"https:\/\/www.peraavm.com\/"},{"@type":"ListItem","position":2,"name":"Magaza","item":"https:\/\/www.peraavm.com\/index.php\/magaza\/"},{"@type":"ListItem","position":3,"name":"Desenli Makaral\u0131 El Frenli K\u00f6pek Gezdirme Tasmas\u0131 5 Metre Otomatik \u015e\u0131k K\u00f6pek Gezdirme Tasma"}]},{"@type":"WebSite","@id":"https:\/\/www.peraavm.com\/#website","url":"https:\/\/www.peraavm.com\/","name":"Pratikmagazam.com","description":"","publisher":{"@id":"https:\/\/www.peraavm.com\/#organization"},"potentialAction":[{"@type":"SearchAction","target":{"@type":"EntryPoint","urlTemplate":"https:\/\/www.peraavm.com\/?s={search_term_string}"},"query-input":{"@type":"PropertyValueSpecification","valueRequired":true,"valueName":"search_term_string"}}],"inLanguage":"tr"},{"@type":"Organization","@id":"https:\/\/www.peraavm.com\/#organization","name":"pratikmagazam.com","url":"https:\/\/www.peraavm.com\/","logo":{"@type":"ImageObject","inLanguage":"tr","@id":"https:\/\/www.peraavm.com\/#\/schema\/logo\/image\/","url":"https:\/\/www.pratikmagazam.com\/wp-content\/uploads\/2021\/11\/Ekran-Resmi-2021-11-17-08.16.13.png","contentUrl":"https:\/\/www.pratikmagazam.com\/wp-content\/uploads\/2021\/11\/Ekran-Resmi-2021-11-17-08.16.13.png","width":477,"height":135,"caption":"pratikmagazam.com"},"image":{"@id":"https:\/\/www.peraavm.com\/#\/schema\/logo\/image\/"},"sameAs":["https:\/\/instagram.com\/pratikmagazam?utm_medium=copy_link"]}]}},"_links":{"self":[{"href":"https:\/\/www.peraavm.com\/index.php\/wp-json\/wp\/v2\/product\/1804","targetHints":{"allow":["GET"]}}],"collection":[{"href":"https:\/\/www.peraavm.com\/index.php\/wp-json\/wp\/v2\/product"}],"about":[{"href":"https:\/\/www.peraavm.com\/index.php\/wp-json\/wp\/v2\/types\/product"}],"replies":[{"embeddable":true,"href":"https:\/\/www.peraavm.com\/index.php\/wp-json\/wp\/v2\/comments?post=1804"}],"wp:featuredmedia":[{"embeddable":true,"href":"https:\/\/www.peraavm.com\/index.php\/wp-json\/wp\/v2\/media\/1805"}],"wp:attachment":[{"href":"https:\/\/www.peraavm.com\/index.php\/wp-json\/wp\/v2\/media?parent=1804"}],"wp:term":[{"taxonomy":"product_brand","embeddable":true,"href":"https:\/\/www.peraavm.com\/index.php\/wp-json\/wp\/v2\/product_brand?post=1804"},{"taxonomy":"product_cat","embeddable":true,"href":"https:\/\/www.peraavm.com\/index.php\/wp-json\/wp\/v2\/product_cat?post=1804"},{"taxonomy":"product_tag","embeddable":true,"href":"https:\/\/www.peraavm.com\/index.php\/wp-json\/wp\/v2\/product_tag?post=1804"}],"curies":[{"name":"wp","href":"https:\/\/api.w.org\/{rel}","templated":true}]}}