{"id":1843,"date":"2021-12-24T09:29:37","date_gmt":"2021-12-24T09:29:37","guid":{"rendered":"https:\/\/www.pratikmagazam.com\/?post_type=product&#038;p=1843"},"modified":"2023-12-22T14:15:23","modified_gmt":"2023-12-22T14:15:23","slug":"ayak-bas-parmak-kemik-duzeltici-bunyon-halkus-vagus-egzersiz-lastik-bunyon","status":"publish","type":"product","link":"https:\/\/www.peraavm.com\/index.php\/urun\/ayak-bas-parmak-kemik-duzeltici-bunyon-halkus-vagus-egzersiz-lastik-bunyon\/","title":{"rendered":"Ayak Ba\u015f Parmak Kemik D\u00fczeltici Bunyon Halkus Vagus Egzersiz Lastik Bunyon"},"content":{"rendered":"<ul class=\"detail-desc-list\">\n<li class=\"detail-desc-item\">Ayak Ba\u015f Parmak Kemik D\u00fczeltici Bunyon Hallux Vagus Egzersiz Lastik Ayak Ba\u015f Parmak Kemik D\u00fczeltici Bunyon Hallux Valgus Egzersiz Lasti\u011fi A\u011fr\u0131 Giderici Egzersiz Aleti Ba\u015fparma\u011f\u0131n yana yatmas\u0131yla \u00e7\u0131k\u0131nt\u0131 ba\u015flar, gitgide y\u0131llar i\u00e7inde kemiklerin a\u00e7\u0131s\u0131n\u0131 de\u011fi\u015fir ki<\/li>\n<li class=\"detail-desc-item\">gittik\u00e7e artarak g\u00f6ze \u00e7arpan bir hal al\u0131r. Bu egzersiz lasti\u011fi ile egzersiz yaparak ilerlemesini \u00f6nledi\u011finiz gibi gerilemesini de sa\u011flars\u0131n\u0131z. Ayak parmaklar\u0131n\u0131z\u0131 egzersiz yaparak daha d\u00fczg\u00fcn hale getirmenizi sa\u011flar. Yap\u0131\u015f\u0131k, \u00e7ok yan yana bulunan parmaklar\u0131 zamanla ay\u0131r\u0131r. Egzersizin s\u00fcrekli, d\u00fczenli ve do\u011fru bi\u00e7imde yap\u0131lmas\u0131 gerekmektedir. Bu \u00fcr\u00fcn daha d\u00fcz, akl\u0131n\u0131za tak\u0131lmayan ve a\u011fr\u0131mayan ayak parmaklar\u0131na kavu\u015fman\u0131za yard\u0131mc\u0131 olur. Paket \u0130\u00e7eri\u011fi: &#8211; 1 Adet Ayak Egzersiz Lasti\u011fi<\/li>\n<\/ul>\n","protected":false},"excerpt":{"rendered":"<ul class=\"detail-desc-list\">\n<li class=\"detail-desc-item\">Ayak Ba\u015f Parmak Kemik D\u00fczeltici Bunyon Hallux Vagus Egzersiz Lastik Ayak Ba\u015f Parmak Kemik D\u00fczeltici<\/li>\n<\/ul>\n","protected":false},"featured_media":1844,"comment_status":"open","ping_status":"closed","template":"","meta":[],"product_brand":[],"product_cat":[40,31,15],"product_tag":[],"class_list":{"0":"post-1843","1":"product","2":"type-product","3":"status-publish","4":"has-post-thumbnail","6":"product_cat-ayak-bakim-urunleri","7":"product_cat-kisisel-bakim-saglik","8":"product_cat-tum-urunler","10":"first","11":"instock","12":"sale","13":"taxable","14":"shipping-taxable","15":"purchasable","16":"product-type-simple"},"yoast_head":"<!-- This site is optimized with the Yoast SEO plugin v27.2 - https:\/\/yoast.com\/product\/yoast-seo-wordpress\/ -->\n<title>Ayak Ba\u015f Parmak Kemik D\u00fczeltici Bunyon Halkus Vagus Egzersiz Lastik Bunyon |<\/title>\n<meta name=\"description\" content=\"Ayak Ba\u015f Parmak Kemik D\u00fczeltici Bunyon Hallux Vagus Egzersiz Lastik Ayak Ba\u015f Parmak Kemik D\u00fczeltici Bunyon Hallux Valgus Egzersiz Lasti\u011fi A\u011fr\u0131 Giderici Egzersiz Aleti Ba\u015fparma\u011f\u0131n yana yatmas\u0131yla \u00e7\u0131k\u0131nt\u0131 ba\u015flar, gitgide y\u0131llar i\u00e7inde kemiklerin a\u00e7\u0131s\u0131n\u0131 de\u011fi\u015fir kigittik\u00e7e artarak g\u00f6ze \u00e7arpan bir hal al\u0131r. Bu egzersiz lasti\u011fi ile egzersiz yaparak ilerlemesini \u00f6nledi\u011finiz gibi gerilemesini de sa\u011flars\u0131n\u0131z. Ayak parmaklar\u0131n\u0131z\u0131 egzersiz yaparak daha d\u00fczg\u00fcn hale getirmenizi sa\u011flar. Yap\u0131\u015f\u0131k, \u00e7ok yan yana bulunan parmaklar\u0131 zamanla ay\u0131r\u0131r. Egzersizin s\u00fcrekli, d\u00fczenli ve do\u011fru bi\u00e7imde yap\u0131lmas\u0131 gerekmektedir. Bu \u00fcr\u00fcn daha d\u00fcz, akl\u0131n\u0131za tak\u0131lmayan ve a\u011fr\u0131mayan ayak parmaklar\u0131na kavu\u015fman\u0131za yard\u0131mc\u0131 olur. Paket \u0130\u00e7eri\u011fi: - 1 Adet Ayak Egzersiz Lasti\u011fi\" \/>\n<meta name=\"robots\" content=\"index, follow, max-snippet:-1, max-image-preview:large, max-video-preview:-1\" \/>\n<link rel=\"canonical\" href=\"https:\/\/www.peraavm.com\/index.php\/urun\/ayak-bas-parmak-kemik-duzeltici-bunyon-halkus-vagus-egzersiz-lastik-bunyon\/\" \/>\n<meta property=\"og:locale\" content=\"tr_TR\" \/>\n<meta property=\"og:type\" content=\"article\" \/>\n<meta property=\"og:title\" content=\"Ayak Ba\u015f Parmak Kemik D\u00fczeltici Bunyon Halkus Vagus Egzersiz Lastik Bunyon |\" \/>\n<meta property=\"og:description\" content=\"Ayak Ba\u015f Parmak Kemik D\u00fczeltici Bunyon Hallux Vagus Egzersiz Lastik Ayak Ba\u015f Parmak Kemik D\u00fczeltici Bunyon Hallux Valgus Egzersiz Lasti\u011fi A\u011fr\u0131 Giderici Egzersiz Aleti Ba\u015fparma\u011f\u0131n yana yatmas\u0131yla \u00e7\u0131k\u0131nt\u0131 ba\u015flar, gitgide y\u0131llar i\u00e7inde kemiklerin a\u00e7\u0131s\u0131n\u0131 de\u011fi\u015fir kigittik\u00e7e artarak g\u00f6ze \u00e7arpan bir hal al\u0131r. Bu egzersiz lasti\u011fi ile egzersiz yaparak ilerlemesini \u00f6nledi\u011finiz gibi gerilemesini de sa\u011flars\u0131n\u0131z. Ayak parmaklar\u0131n\u0131z\u0131 egzersiz yaparak daha d\u00fczg\u00fcn hale getirmenizi sa\u011flar. Yap\u0131\u015f\u0131k, \u00e7ok yan yana bulunan parmaklar\u0131 zamanla ay\u0131r\u0131r. Egzersizin s\u00fcrekli, d\u00fczenli ve do\u011fru bi\u00e7imde yap\u0131lmas\u0131 gerekmektedir. Bu \u00fcr\u00fcn daha d\u00fcz, akl\u0131n\u0131za tak\u0131lmayan ve a\u011fr\u0131mayan ayak parmaklar\u0131na kavu\u015fman\u0131za yard\u0131mc\u0131 olur. Paket \u0130\u00e7eri\u011fi: - 1 Adet Ayak Egzersiz Lasti\u011fi\" \/>\n<meta property=\"og:url\" content=\"https:\/\/www.peraavm.com\/index.php\/urun\/ayak-bas-parmak-kemik-duzeltici-bunyon-halkus-vagus-egzersiz-lastik-bunyon\/\" \/>\n<meta property=\"article:modified_time\" content=\"2023-12-22T14:15:23+00:00\" \/>\n<meta property=\"og:image\" content=\"https:\/\/www.peraavm.com\/wp-content\/uploads\/2021\/12\/234234234-43.jpg\" \/>\n\t<meta property=\"og:image:width\" content=\"300\" \/>\n\t<meta property=\"og:image:height\" content=\"300\" \/>\n\t<meta property=\"og:image:type\" content=\"image\/jpeg\" \/>\n<meta name=\"twitter:card\" content=\"summary_large_image\" \/>\n<meta name=\"twitter:label1\" content=\"Tahmini okuma s\u00fcresi\" \/>\n\t<meta name=\"twitter:data1\" content=\"1 dakika\" \/>\n<script type=\"application\/ld+json\" class=\"yoast-schema-graph\">{\"@context\":\"https:\/\/schema.org\",\"@graph\":[{\"@type\":\"WebPage\",\"@id\":\"https:\/\/www.peraavm.com\/index.php\/urun\/ayak-bas-parmak-kemik-duzeltici-bunyon-halkus-vagus-egzersiz-lastik-bunyon\/\",\"url\":\"https:\/\/www.peraavm.com\/index.php\/urun\/ayak-bas-parmak-kemik-duzeltici-bunyon-halkus-vagus-egzersiz-lastik-bunyon\/\",\"name\":\"Ayak Ba\u015f Parmak Kemik D\u00fczeltici Bunyon Halkus Vagus Egzersiz Lastik Bunyon |\",\"isPartOf\":{\"@id\":\"https:\/\/www.peraavm.com\/#website\"},\"primaryImageOfPage\":{\"@id\":\"https:\/\/www.peraavm.com\/index.php\/urun\/ayak-bas-parmak-kemik-duzeltici-bunyon-halkus-vagus-egzersiz-lastik-bunyon\/#primaryimage\"},\"image\":{\"@id\":\"https:\/\/www.peraavm.com\/index.php\/urun\/ayak-bas-parmak-kemik-duzeltici-bunyon-halkus-vagus-egzersiz-lastik-bunyon\/#primaryimage\"},\"thumbnailUrl\":\"https:\/\/www.peraavm.com\/wp-content\/uploads\/2021\/12\/234234234-43.jpg\",\"datePublished\":\"2021-12-24T09:29:37+00:00\",\"dateModified\":\"2023-12-22T14:15:23+00:00\",\"description\":\"Ayak Ba\u015f Parmak Kemik D\u00fczeltici Bunyon Hallux Vagus Egzersiz Lastik Ayak Ba\u015f Parmak Kemik D\u00fczeltici Bunyon Hallux Valgus Egzersiz Lasti\u011fi A\u011fr\u0131 Giderici Egzersiz Aleti Ba\u015fparma\u011f\u0131n yana yatmas\u0131yla \u00e7\u0131k\u0131nt\u0131 ba\u015flar, gitgide y\u0131llar i\u00e7inde kemiklerin a\u00e7\u0131s\u0131n\u0131 de\u011fi\u015fir kigittik\u00e7e artarak g\u00f6ze \u00e7arpan bir hal al\u0131r. Bu egzersiz lasti\u011fi ile egzersiz yaparak ilerlemesini \u00f6nledi\u011finiz gibi gerilemesini de sa\u011flars\u0131n\u0131z. Ayak parmaklar\u0131n\u0131z\u0131 egzersiz yaparak daha d\u00fczg\u00fcn hale getirmenizi sa\u011flar. Yap\u0131\u015f\u0131k, \u00e7ok yan yana bulunan parmaklar\u0131 zamanla ay\u0131r\u0131r. Egzersizin s\u00fcrekli, d\u00fczenli ve do\u011fru bi\u00e7imde yap\u0131lmas\u0131 gerekmektedir. Bu \u00fcr\u00fcn daha d\u00fcz, akl\u0131n\u0131za tak\u0131lmayan ve a\u011fr\u0131mayan ayak parmaklar\u0131na kavu\u015fman\u0131za yard\u0131mc\u0131 olur. Paket \u0130\u00e7eri\u011fi: - 1 Adet Ayak Egzersiz Lasti\u011fi\",\"breadcrumb\":{\"@id\":\"https:\/\/www.peraavm.com\/index.php\/urun\/ayak-bas-parmak-kemik-duzeltici-bunyon-halkus-vagus-egzersiz-lastik-bunyon\/#breadcrumb\"},\"inLanguage\":\"tr\",\"potentialAction\":[{\"@type\":\"ReadAction\",\"target\":[\"https:\/\/www.peraavm.com\/index.php\/urun\/ayak-bas-parmak-kemik-duzeltici-bunyon-halkus-vagus-egzersiz-lastik-bunyon\/\"]}]},{\"@type\":\"ImageObject\",\"inLanguage\":\"tr\",\"@id\":\"https:\/\/www.peraavm.com\/index.php\/urun\/ayak-bas-parmak-kemik-duzeltici-bunyon-halkus-vagus-egzersiz-lastik-bunyon\/#primaryimage\",\"url\":\"https:\/\/www.peraavm.com\/wp-content\/uploads\/2021\/12\/234234234-43.jpg\",\"contentUrl\":\"https:\/\/www.peraavm.com\/wp-content\/uploads\/2021\/12\/234234234-43.jpg\",\"width\":300,\"height\":300},{\"@type\":\"BreadcrumbList\",\"@id\":\"https:\/\/www.peraavm.com\/index.php\/urun\/ayak-bas-parmak-kemik-duzeltici-bunyon-halkus-vagus-egzersiz-lastik-bunyon\/#breadcrumb\",\"itemListElement\":[{\"@type\":\"ListItem\",\"position\":1,\"name\":\"Anasayfa\",\"item\":\"https:\/\/www.peraavm.com\/\"},{\"@type\":\"ListItem\",\"position\":2,\"name\":\"Magaza\",\"item\":\"https:\/\/www.peraavm.com\/index.php\/magaza\/\"},{\"@type\":\"ListItem\",\"position\":3,\"name\":\"Ayak Ba\u015f Parmak Kemik D\u00fczeltici Bunyon Halkus Vagus Egzersiz Lastik Bunyon\"}]},{\"@type\":\"WebSite\",\"@id\":\"https:\/\/www.peraavm.com\/#website\",\"url\":\"https:\/\/www.peraavm.com\/\",\"name\":\"Pratikmagazam.com\",\"description\":\"\",\"publisher\":{\"@id\":\"https:\/\/www.peraavm.com\/#organization\"},\"potentialAction\":[{\"@type\":\"SearchAction\",\"target\":{\"@type\":\"EntryPoint\",\"urlTemplate\":\"https:\/\/www.peraavm.com\/?s={search_term_string}\"},\"query-input\":{\"@type\":\"PropertyValueSpecification\",\"valueRequired\":true,\"valueName\":\"search_term_string\"}}],\"inLanguage\":\"tr\"},{\"@type\":\"Organization\",\"@id\":\"https:\/\/www.peraavm.com\/#organization\",\"name\":\"pratikmagazam.com\",\"url\":\"https:\/\/www.peraavm.com\/\",\"logo\":{\"@type\":\"ImageObject\",\"inLanguage\":\"tr\",\"@id\":\"https:\/\/www.peraavm.com\/#\/schema\/logo\/image\/\",\"url\":\"https:\/\/www.pratikmagazam.com\/wp-content\/uploads\/2021\/11\/Ekran-Resmi-2021-11-17-08.16.13.png\",\"contentUrl\":\"https:\/\/www.pratikmagazam.com\/wp-content\/uploads\/2021\/11\/Ekran-Resmi-2021-11-17-08.16.13.png\",\"width\":477,\"height\":135,\"caption\":\"pratikmagazam.com\"},\"image\":{\"@id\":\"https:\/\/www.peraavm.com\/#\/schema\/logo\/image\/\"},\"sameAs\":[\"https:\/\/instagram.com\/pratikmagazam?utm_medium=copy_link\"]}]}<\/script>\n<!-- \/ Yoast SEO plugin. -->","yoast_head_json":{"title":"Ayak Ba\u015f Parmak Kemik D\u00fczeltici Bunyon Halkus Vagus Egzersiz Lastik Bunyon |","description":"Ayak Ba\u015f Parmak Kemik D\u00fczeltici Bunyon Hallux Vagus Egzersiz Lastik Ayak Ba\u015f Parmak Kemik D\u00fczeltici Bunyon Hallux Valgus Egzersiz Lasti\u011fi A\u011fr\u0131 Giderici Egzersiz Aleti Ba\u015fparma\u011f\u0131n yana yatmas\u0131yla \u00e7\u0131k\u0131nt\u0131 ba\u015flar, gitgide y\u0131llar i\u00e7inde kemiklerin a\u00e7\u0131s\u0131n\u0131 de\u011fi\u015fir kigittik\u00e7e artarak g\u00f6ze \u00e7arpan bir hal al\u0131r. Bu egzersiz lasti\u011fi ile egzersiz yaparak ilerlemesini \u00f6nledi\u011finiz gibi gerilemesini de sa\u011flars\u0131n\u0131z. Ayak parmaklar\u0131n\u0131z\u0131 egzersiz yaparak daha d\u00fczg\u00fcn hale getirmenizi sa\u011flar. Yap\u0131\u015f\u0131k, \u00e7ok yan yana bulunan parmaklar\u0131 zamanla ay\u0131r\u0131r. Egzersizin s\u00fcrekli, d\u00fczenli ve do\u011fru bi\u00e7imde yap\u0131lmas\u0131 gerekmektedir. Bu \u00fcr\u00fcn daha d\u00fcz, akl\u0131n\u0131za tak\u0131lmayan ve a\u011fr\u0131mayan ayak parmaklar\u0131na kavu\u015fman\u0131za yard\u0131mc\u0131 olur. Paket \u0130\u00e7eri\u011fi: - 1 Adet Ayak Egzersiz Lasti\u011fi","robots":{"index":"index","follow":"follow","max-snippet":"max-snippet:-1","max-image-preview":"max-image-preview:large","max-video-preview":"max-video-preview:-1"},"canonical":"https:\/\/www.peraavm.com\/index.php\/urun\/ayak-bas-parmak-kemik-duzeltici-bunyon-halkus-vagus-egzersiz-lastik-bunyon\/","og_locale":"tr_TR","og_type":"article","og_title":"Ayak Ba\u015f Parmak Kemik D\u00fczeltici Bunyon Halkus Vagus Egzersiz Lastik Bunyon |","og_description":"Ayak Ba\u015f Parmak Kemik D\u00fczeltici Bunyon Hallux Vagus Egzersiz Lastik Ayak Ba\u015f Parmak Kemik D\u00fczeltici Bunyon Hallux Valgus Egzersiz Lasti\u011fi A\u011fr\u0131 Giderici Egzersiz Aleti Ba\u015fparma\u011f\u0131n yana yatmas\u0131yla \u00e7\u0131k\u0131nt\u0131 ba\u015flar, gitgide y\u0131llar i\u00e7inde kemiklerin a\u00e7\u0131s\u0131n\u0131 de\u011fi\u015fir kigittik\u00e7e artarak g\u00f6ze \u00e7arpan bir hal al\u0131r. Bu egzersiz lasti\u011fi ile egzersiz yaparak ilerlemesini \u00f6nledi\u011finiz gibi gerilemesini de sa\u011flars\u0131n\u0131z. Ayak parmaklar\u0131n\u0131z\u0131 egzersiz yaparak daha d\u00fczg\u00fcn hale getirmenizi sa\u011flar. Yap\u0131\u015f\u0131k, \u00e7ok yan yana bulunan parmaklar\u0131 zamanla ay\u0131r\u0131r. Egzersizin s\u00fcrekli, d\u00fczenli ve do\u011fru bi\u00e7imde yap\u0131lmas\u0131 gerekmektedir. Bu \u00fcr\u00fcn daha d\u00fcz, akl\u0131n\u0131za tak\u0131lmayan ve a\u011fr\u0131mayan ayak parmaklar\u0131na kavu\u015fman\u0131za yard\u0131mc\u0131 olur. Paket \u0130\u00e7eri\u011fi: - 1 Adet Ayak Egzersiz Lasti\u011fi","og_url":"https:\/\/www.peraavm.com\/index.php\/urun\/ayak-bas-parmak-kemik-duzeltici-bunyon-halkus-vagus-egzersiz-lastik-bunyon\/","article_modified_time":"2023-12-22T14:15:23+00:00","og_image":[{"width":300,"height":300,"url":"https:\/\/www.peraavm.com\/wp-content\/uploads\/2021\/12\/234234234-43.jpg","type":"image\/jpeg"}],"twitter_card":"summary_large_image","twitter_misc":{"Tahmini okuma s\u00fcresi":"1 dakika"},"schema":{"@context":"https:\/\/schema.org","@graph":[{"@type":"WebPage","@id":"https:\/\/www.peraavm.com\/index.php\/urun\/ayak-bas-parmak-kemik-duzeltici-bunyon-halkus-vagus-egzersiz-lastik-bunyon\/","url":"https:\/\/www.peraavm.com\/index.php\/urun\/ayak-bas-parmak-kemik-duzeltici-bunyon-halkus-vagus-egzersiz-lastik-bunyon\/","name":"Ayak Ba\u015f Parmak Kemik D\u00fczeltici Bunyon Halkus Vagus Egzersiz Lastik Bunyon |","isPartOf":{"@id":"https:\/\/www.peraavm.com\/#website"},"primaryImageOfPage":{"@id":"https:\/\/www.peraavm.com\/index.php\/urun\/ayak-bas-parmak-kemik-duzeltici-bunyon-halkus-vagus-egzersiz-lastik-bunyon\/#primaryimage"},"image":{"@id":"https:\/\/www.peraavm.com\/index.php\/urun\/ayak-bas-parmak-kemik-duzeltici-bunyon-halkus-vagus-egzersiz-lastik-bunyon\/#primaryimage"},"thumbnailUrl":"https:\/\/www.peraavm.com\/wp-content\/uploads\/2021\/12\/234234234-43.jpg","datePublished":"2021-12-24T09:29:37+00:00","dateModified":"2023-12-22T14:15:23+00:00","description":"Ayak Ba\u015f Parmak Kemik D\u00fczeltici Bunyon Hallux Vagus Egzersiz Lastik Ayak Ba\u015f Parmak Kemik D\u00fczeltici Bunyon Hallux Valgus Egzersiz Lasti\u011fi A\u011fr\u0131 Giderici Egzersiz Aleti Ba\u015fparma\u011f\u0131n yana yatmas\u0131yla \u00e7\u0131k\u0131nt\u0131 ba\u015flar, gitgide y\u0131llar i\u00e7inde kemiklerin a\u00e7\u0131s\u0131n\u0131 de\u011fi\u015fir kigittik\u00e7e artarak g\u00f6ze \u00e7arpan bir hal al\u0131r. Bu egzersiz lasti\u011fi ile egzersiz yaparak ilerlemesini \u00f6nledi\u011finiz gibi gerilemesini de sa\u011flars\u0131n\u0131z. Ayak parmaklar\u0131n\u0131z\u0131 egzersiz yaparak daha d\u00fczg\u00fcn hale getirmenizi sa\u011flar. Yap\u0131\u015f\u0131k, \u00e7ok yan yana bulunan parmaklar\u0131 zamanla ay\u0131r\u0131r. Egzersizin s\u00fcrekli, d\u00fczenli ve do\u011fru bi\u00e7imde yap\u0131lmas\u0131 gerekmektedir. Bu \u00fcr\u00fcn daha d\u00fcz, akl\u0131n\u0131za tak\u0131lmayan ve a\u011fr\u0131mayan ayak parmaklar\u0131na kavu\u015fman\u0131za yard\u0131mc\u0131 olur. Paket \u0130\u00e7eri\u011fi: - 1 Adet Ayak Egzersiz Lasti\u011fi","breadcrumb":{"@id":"https:\/\/www.peraavm.com\/index.php\/urun\/ayak-bas-parmak-kemik-duzeltici-bunyon-halkus-vagus-egzersiz-lastik-bunyon\/#breadcrumb"},"inLanguage":"tr","potentialAction":[{"@type":"ReadAction","target":["https:\/\/www.peraavm.com\/index.php\/urun\/ayak-bas-parmak-kemik-duzeltici-bunyon-halkus-vagus-egzersiz-lastik-bunyon\/"]}]},{"@type":"ImageObject","inLanguage":"tr","@id":"https:\/\/www.peraavm.com\/index.php\/urun\/ayak-bas-parmak-kemik-duzeltici-bunyon-halkus-vagus-egzersiz-lastik-bunyon\/#primaryimage","url":"https:\/\/www.peraavm.com\/wp-content\/uploads\/2021\/12\/234234234-43.jpg","contentUrl":"https:\/\/www.peraavm.com\/wp-content\/uploads\/2021\/12\/234234234-43.jpg","width":300,"height":300},{"@type":"BreadcrumbList","@id":"https:\/\/www.peraavm.com\/index.php\/urun\/ayak-bas-parmak-kemik-duzeltici-bunyon-halkus-vagus-egzersiz-lastik-bunyon\/#breadcrumb","itemListElement":[{"@type":"ListItem","position":1,"name":"Anasayfa","item":"https:\/\/www.peraavm.com\/"},{"@type":"ListItem","position":2,"name":"Magaza","item":"https:\/\/www.peraavm.com\/index.php\/magaza\/"},{"@type":"ListItem","position":3,"name":"Ayak Ba\u015f Parmak Kemik D\u00fczeltici Bunyon Halkus Vagus Egzersiz Lastik Bunyon"}]},{"@type":"WebSite","@id":"https:\/\/www.peraavm.com\/#website","url":"https:\/\/www.peraavm.com\/","name":"Pratikmagazam.com","description":"","publisher":{"@id":"https:\/\/www.peraavm.com\/#organization"},"potentialAction":[{"@type":"SearchAction","target":{"@type":"EntryPoint","urlTemplate":"https:\/\/www.peraavm.com\/?s={search_term_string}"},"query-input":{"@type":"PropertyValueSpecification","valueRequired":true,"valueName":"search_term_string"}}],"inLanguage":"tr"},{"@type":"Organization","@id":"https:\/\/www.peraavm.com\/#organization","name":"pratikmagazam.com","url":"https:\/\/www.peraavm.com\/","logo":{"@type":"ImageObject","inLanguage":"tr","@id":"https:\/\/www.peraavm.com\/#\/schema\/logo\/image\/","url":"https:\/\/www.pratikmagazam.com\/wp-content\/uploads\/2021\/11\/Ekran-Resmi-2021-11-17-08.16.13.png","contentUrl":"https:\/\/www.pratikmagazam.com\/wp-content\/uploads\/2021\/11\/Ekran-Resmi-2021-11-17-08.16.13.png","width":477,"height":135,"caption":"pratikmagazam.com"},"image":{"@id":"https:\/\/www.peraavm.com\/#\/schema\/logo\/image\/"},"sameAs":["https:\/\/instagram.com\/pratikmagazam?utm_medium=copy_link"]}]}},"_links":{"self":[{"href":"https:\/\/www.peraavm.com\/index.php\/wp-json\/wp\/v2\/product\/1843","targetHints":{"allow":["GET"]}}],"collection":[{"href":"https:\/\/www.peraavm.com\/index.php\/wp-json\/wp\/v2\/product"}],"about":[{"href":"https:\/\/www.peraavm.com\/index.php\/wp-json\/wp\/v2\/types\/product"}],"replies":[{"embeddable":true,"href":"https:\/\/www.peraavm.com\/index.php\/wp-json\/wp\/v2\/comments?post=1843"}],"wp:featuredmedia":[{"embeddable":true,"href":"https:\/\/www.peraavm.com\/index.php\/wp-json\/wp\/v2\/media\/1844"}],"wp:attachment":[{"href":"https:\/\/www.peraavm.com\/index.php\/wp-json\/wp\/v2\/media?parent=1843"}],"wp:term":[{"taxonomy":"product_brand","embeddable":true,"href":"https:\/\/www.peraavm.com\/index.php\/wp-json\/wp\/v2\/product_brand?post=1843"},{"taxonomy":"product_cat","embeddable":true,"href":"https:\/\/www.peraavm.com\/index.php\/wp-json\/wp\/v2\/product_cat?post=1843"},{"taxonomy":"product_tag","embeddable":true,"href":"https:\/\/www.peraavm.com\/index.php\/wp-json\/wp\/v2\/product_tag?post=1843"}],"curies":[{"name":"wp","href":"https:\/\/api.w.org\/{rel}","templated":true}]}}