{"id":1879,"date":"2021-12-25T07:49:43","date_gmt":"2021-12-25T07:49:43","guid":{"rendered":"https:\/\/www.pratikmagazam.com\/?post_type=product&#038;p=1879"},"modified":"2023-12-22T14:15:24","modified_gmt":"2023-12-22T14:15:24","slug":"otomatik-temizlenen-tuslu-hayvan-taragi-pratik-kedi-ve-kopek-tarama-fircasi","status":"publish","type":"product","link":"https:\/\/www.peraavm.com\/index.php\/urun\/otomatik-temizlenen-tuslu-hayvan-taragi-pratik-kedi-ve-kopek-tarama-fircasi\/","title":{"rendered":"Otomatik Temizlenen Tu\u015flu Hayvan Tara\u011f\u0131 Pratik Kedi Ve K\u00f6pek Tarama F\u0131r\u00e7as\u0131"},"content":{"rendered":"<ul class=\"detail-desc-list\">\n<li class=\"detail-desc-item\">Otomatik Temizlenen Tu\u015flu Hayvan Tara\u011f\u0131 Pratik Kedi Ve K\u00f6pek Tarama F\u0131r\u00e7as\u0131 \u0130ncelemi\u015f oldu\u011funuz \u00fcr\u00fcn\u00fcn sat\u0131\u015f fiyat\u0131n\u0131 sat\u0131c\u0131 belirlemektedir.<\/li>\n<li class=\"detail-desc-item\">Sevimli dostunuzun bak\u0131m\u0131n\u0131 yaparken onun dokusundan keyif alabilece\u011fi sizin de kolayl\u0131kla temizleyebilece\u011finiz bak\u0131m f\u0131r\u00e7as\u0131yla tan\u0131\u015f\u0131n.<\/li>\n<li class=\"detail-desc-item\">Kedi ve k\u00f6pekler i\u00e7in \u00f6zel tasarlanm\u0131\u015ft\u0131r.<\/li>\n<li class=\"detail-desc-item\">Hassas deriye sahip hayvanlar i\u00e7in \u00f6zel \u00fcretilmi\u015ftir.<\/li>\n<li class=\"detail-desc-item\">\u00d6zellikle d\u00fczenli kullan\u0131mlarda ya\u015fam alanlar\u0131na d\u00f6k\u00fclen t\u00fcy miktar\u0131 ve oran\u0131n\u0131n d\u00fc\u015ft\u00fc\u011f\u00fc g\u00f6r\u00fclm\u00fc\u015ft\u00fcr.<\/li>\n<li class=\"detail-desc-item\">\u00dcr\u00fcn\u00fcn arka taraf\u0131nda bulunan d\u00fc\u011fmesine bas\u0131ld\u0131\u011f\u0131nda taran\u0131rken tarakta toplanan t\u00fcylerin kolayca taraktan al\u0131nmas\u0131 sa\u011flanmaktad\u0131r.<\/li>\n<li class=\"detail-desc-item\">Renk se\u00e7imi mevcut de\u011fildir. Stok durumuna g\u00f6re g\u00f6nderilecektir.<\/li>\n<\/ul>\n","protected":false},"excerpt":{"rendered":"<ul class=\"detail-desc-list\">\n<li class=\"detail-desc-item\">Otomatik Temizlenen Tu\u015flu Hayvan Tara\u011f\u0131 Pratik Kedi Ve K\u00f6pek Tarama F\u0131r\u00e7as\u0131 \u0130ncelemi\u015f oldu\u011funuz \u00fcr\u00fcn\u00fcn sat\u0131\u015f fiyat\u0131n\u0131 sat\u0131c\u0131 belirlemektedir.<\/li>\n<\/ul>\n","protected":false},"featured_media":1880,"comment_status":"open","ping_status":"closed","template":"","meta":[],"product_brand":[],"product_cat":[43,15],"product_tag":[],"class_list":{"0":"post-1879","1":"product","2":"type-product","3":"status-publish","4":"has-post-thumbnail","6":"product_cat-petshop","7":"product_cat-tum-urunler","9":"first","10":"instock","11":"sale","12":"taxable","13":"shipping-taxable","14":"purchasable","15":"product-type-simple"},"yoast_head":"<!-- This site is optimized with the Yoast SEO plugin v27.2 - https:\/\/yoast.com\/product\/yoast-seo-wordpress\/ -->\n<title>Otomatik Temizlenen Tu\u015flu Hayvan Tara\u011f\u0131 Pratik Kedi Ve K\u00f6pek Tarama F\u0131r\u00e7as\u0131 |<\/title>\n<meta name=\"description\" content=\"Otomatik Temizlenen Tu\u015flu Hayvan Tara\u011f\u0131 Pratik Kedi Ve K\u00f6pek Tarama F\u0131r\u00e7as\u0131 \u0130ncelemi\u015f oldu\u011funuz \u00fcr\u00fcn\u00fcn sat\u0131\u015f fiyat\u0131n\u0131 sat\u0131c\u0131 belirlemektedir.Sevimli dostunuzun bak\u0131m\u0131n\u0131 yaparken onun dokusundan keyif alabilece\u011fi sizin de kolayl\u0131kla temizleyebilece\u011finiz bak\u0131m f\u0131r\u00e7as\u0131yla tan\u0131\u015f\u0131n.Kedi ve k\u00f6pekler i\u00e7in \u00f6zel tasarlanm\u0131\u015ft\u0131r.Hassas deriye sahip hayvanlar i\u00e7in \u00f6zel \u00fcretilmi\u015ftir.\u00d6zellikle d\u00fczenli kullan\u0131mlarda ya\u015fam alanlar\u0131na d\u00f6k\u00fclen t\u00fcy miktar\u0131 ve oran\u0131n\u0131n d\u00fc\u015ft\u00fc\u011f\u00fc g\u00f6r\u00fclm\u00fc\u015ft\u00fcr.\u00dcr\u00fcn\u00fcn arka taraf\u0131nda bulunan d\u00fc\u011fmesine bas\u0131ld\u0131\u011f\u0131nda taran\u0131rken tarakta toplanan t\u00fcylerin kolayca taraktan al\u0131nmas\u0131 sa\u011flanmaktad\u0131r.Renk se\u00e7imi mevcut de\u011fildir. Stok durumuna g\u00f6re g\u00f6nderilecektir.\" \/>\n<meta name=\"robots\" content=\"index, follow, max-snippet:-1, max-image-preview:large, max-video-preview:-1\" \/>\n<link rel=\"canonical\" href=\"https:\/\/www.peraavm.com\/index.php\/urun\/otomatik-temizlenen-tuslu-hayvan-taragi-pratik-kedi-ve-kopek-tarama-fircasi\/\" \/>\n<meta property=\"og:locale\" content=\"tr_TR\" \/>\n<meta property=\"og:type\" content=\"article\" \/>\n<meta property=\"og:title\" content=\"Otomatik Temizlenen Tu\u015flu Hayvan Tara\u011f\u0131 Pratik Kedi Ve K\u00f6pek Tarama F\u0131r\u00e7as\u0131 |\" \/>\n<meta property=\"og:description\" content=\"Otomatik Temizlenen Tu\u015flu Hayvan Tara\u011f\u0131 Pratik Kedi Ve K\u00f6pek Tarama F\u0131r\u00e7as\u0131 \u0130ncelemi\u015f oldu\u011funuz \u00fcr\u00fcn\u00fcn sat\u0131\u015f fiyat\u0131n\u0131 sat\u0131c\u0131 belirlemektedir.Sevimli dostunuzun bak\u0131m\u0131n\u0131 yaparken onun dokusundan keyif alabilece\u011fi sizin de kolayl\u0131kla temizleyebilece\u011finiz bak\u0131m f\u0131r\u00e7as\u0131yla tan\u0131\u015f\u0131n.Kedi ve k\u00f6pekler i\u00e7in \u00f6zel tasarlanm\u0131\u015ft\u0131r.Hassas deriye sahip hayvanlar i\u00e7in \u00f6zel \u00fcretilmi\u015ftir.\u00d6zellikle d\u00fczenli kullan\u0131mlarda ya\u015fam alanlar\u0131na d\u00f6k\u00fclen t\u00fcy miktar\u0131 ve oran\u0131n\u0131n d\u00fc\u015ft\u00fc\u011f\u00fc g\u00f6r\u00fclm\u00fc\u015ft\u00fcr.\u00dcr\u00fcn\u00fcn arka taraf\u0131nda bulunan d\u00fc\u011fmesine bas\u0131ld\u0131\u011f\u0131nda taran\u0131rken tarakta toplanan t\u00fcylerin kolayca taraktan al\u0131nmas\u0131 sa\u011flanmaktad\u0131r.Renk se\u00e7imi mevcut de\u011fildir. Stok durumuna g\u00f6re g\u00f6nderilecektir.\" \/>\n<meta property=\"og:url\" content=\"https:\/\/www.peraavm.com\/index.php\/urun\/otomatik-temizlenen-tuslu-hayvan-taragi-pratik-kedi-ve-kopek-tarama-fircasi\/\" \/>\n<meta property=\"article:modified_time\" content=\"2023-12-22T14:15:24+00:00\" \/>\n<meta property=\"og:image\" content=\"https:\/\/www.peraavm.com\/wp-content\/uploads\/2021\/12\/234234324-11.jpg\" \/>\n\t<meta property=\"og:image:width\" content=\"300\" \/>\n\t<meta property=\"og:image:height\" content=\"300\" \/>\n\t<meta property=\"og:image:type\" content=\"image\/jpeg\" \/>\n<meta name=\"twitter:card\" content=\"summary_large_image\" \/>\n<meta name=\"twitter:label1\" content=\"Tahmini okuma s\u00fcresi\" \/>\n\t<meta name=\"twitter:data1\" content=\"1 dakika\" \/>\n<script type=\"application\/ld+json\" class=\"yoast-schema-graph\">{\"@context\":\"https:\/\/schema.org\",\"@graph\":[{\"@type\":\"WebPage\",\"@id\":\"https:\/\/www.peraavm.com\/index.php\/urun\/otomatik-temizlenen-tuslu-hayvan-taragi-pratik-kedi-ve-kopek-tarama-fircasi\/\",\"url\":\"https:\/\/www.peraavm.com\/index.php\/urun\/otomatik-temizlenen-tuslu-hayvan-taragi-pratik-kedi-ve-kopek-tarama-fircasi\/\",\"name\":\"Otomatik Temizlenen Tu\u015flu Hayvan Tara\u011f\u0131 Pratik Kedi Ve K\u00f6pek Tarama F\u0131r\u00e7as\u0131 |\",\"isPartOf\":{\"@id\":\"https:\/\/www.peraavm.com\/#website\"},\"primaryImageOfPage\":{\"@id\":\"https:\/\/www.peraavm.com\/index.php\/urun\/otomatik-temizlenen-tuslu-hayvan-taragi-pratik-kedi-ve-kopek-tarama-fircasi\/#primaryimage\"},\"image\":{\"@id\":\"https:\/\/www.peraavm.com\/index.php\/urun\/otomatik-temizlenen-tuslu-hayvan-taragi-pratik-kedi-ve-kopek-tarama-fircasi\/#primaryimage\"},\"thumbnailUrl\":\"https:\/\/www.peraavm.com\/wp-content\/uploads\/2021\/12\/234234324-11.jpg\",\"datePublished\":\"2021-12-25T07:49:43+00:00\",\"dateModified\":\"2023-12-22T14:15:24+00:00\",\"description\":\"Otomatik Temizlenen Tu\u015flu Hayvan Tara\u011f\u0131 Pratik Kedi Ve K\u00f6pek Tarama F\u0131r\u00e7as\u0131 \u0130ncelemi\u015f oldu\u011funuz \u00fcr\u00fcn\u00fcn sat\u0131\u015f fiyat\u0131n\u0131 sat\u0131c\u0131 belirlemektedir.Sevimli dostunuzun bak\u0131m\u0131n\u0131 yaparken onun dokusundan keyif alabilece\u011fi sizin de kolayl\u0131kla temizleyebilece\u011finiz bak\u0131m f\u0131r\u00e7as\u0131yla tan\u0131\u015f\u0131n.Kedi ve k\u00f6pekler i\u00e7in \u00f6zel tasarlanm\u0131\u015ft\u0131r.Hassas deriye sahip hayvanlar i\u00e7in \u00f6zel \u00fcretilmi\u015ftir.\u00d6zellikle d\u00fczenli kullan\u0131mlarda ya\u015fam alanlar\u0131na d\u00f6k\u00fclen t\u00fcy miktar\u0131 ve oran\u0131n\u0131n d\u00fc\u015ft\u00fc\u011f\u00fc g\u00f6r\u00fclm\u00fc\u015ft\u00fcr.\u00dcr\u00fcn\u00fcn arka taraf\u0131nda bulunan d\u00fc\u011fmesine bas\u0131ld\u0131\u011f\u0131nda taran\u0131rken tarakta toplanan t\u00fcylerin kolayca taraktan al\u0131nmas\u0131 sa\u011flanmaktad\u0131r.Renk se\u00e7imi mevcut de\u011fildir. Stok durumuna g\u00f6re g\u00f6nderilecektir.\",\"breadcrumb\":{\"@id\":\"https:\/\/www.peraavm.com\/index.php\/urun\/otomatik-temizlenen-tuslu-hayvan-taragi-pratik-kedi-ve-kopek-tarama-fircasi\/#breadcrumb\"},\"inLanguage\":\"tr\",\"potentialAction\":[{\"@type\":\"ReadAction\",\"target\":[\"https:\/\/www.peraavm.com\/index.php\/urun\/otomatik-temizlenen-tuslu-hayvan-taragi-pratik-kedi-ve-kopek-tarama-fircasi\/\"]}]},{\"@type\":\"ImageObject\",\"inLanguage\":\"tr\",\"@id\":\"https:\/\/www.peraavm.com\/index.php\/urun\/otomatik-temizlenen-tuslu-hayvan-taragi-pratik-kedi-ve-kopek-tarama-fircasi\/#primaryimage\",\"url\":\"https:\/\/www.peraavm.com\/wp-content\/uploads\/2021\/12\/234234324-11.jpg\",\"contentUrl\":\"https:\/\/www.peraavm.com\/wp-content\/uploads\/2021\/12\/234234324-11.jpg\",\"width\":300,\"height\":300},{\"@type\":\"BreadcrumbList\",\"@id\":\"https:\/\/www.peraavm.com\/index.php\/urun\/otomatik-temizlenen-tuslu-hayvan-taragi-pratik-kedi-ve-kopek-tarama-fircasi\/#breadcrumb\",\"itemListElement\":[{\"@type\":\"ListItem\",\"position\":1,\"name\":\"Anasayfa\",\"item\":\"https:\/\/www.peraavm.com\/\"},{\"@type\":\"ListItem\",\"position\":2,\"name\":\"Magaza\",\"item\":\"https:\/\/www.peraavm.com\/index.php\/magaza\/\"},{\"@type\":\"ListItem\",\"position\":3,\"name\":\"Otomatik Temizlenen Tu\u015flu Hayvan Tara\u011f\u0131 Pratik Kedi Ve K\u00f6pek Tarama F\u0131r\u00e7as\u0131\"}]},{\"@type\":\"WebSite\",\"@id\":\"https:\/\/www.peraavm.com\/#website\",\"url\":\"https:\/\/www.peraavm.com\/\",\"name\":\"Pratikmagazam.com\",\"description\":\"\",\"publisher\":{\"@id\":\"https:\/\/www.peraavm.com\/#organization\"},\"potentialAction\":[{\"@type\":\"SearchAction\",\"target\":{\"@type\":\"EntryPoint\",\"urlTemplate\":\"https:\/\/www.peraavm.com\/?s={search_term_string}\"},\"query-input\":{\"@type\":\"PropertyValueSpecification\",\"valueRequired\":true,\"valueName\":\"search_term_string\"}}],\"inLanguage\":\"tr\"},{\"@type\":\"Organization\",\"@id\":\"https:\/\/www.peraavm.com\/#organization\",\"name\":\"pratikmagazam.com\",\"url\":\"https:\/\/www.peraavm.com\/\",\"logo\":{\"@type\":\"ImageObject\",\"inLanguage\":\"tr\",\"@id\":\"https:\/\/www.peraavm.com\/#\/schema\/logo\/image\/\",\"url\":\"https:\/\/www.pratikmagazam.com\/wp-content\/uploads\/2021\/11\/Ekran-Resmi-2021-11-17-08.16.13.png\",\"contentUrl\":\"https:\/\/www.pratikmagazam.com\/wp-content\/uploads\/2021\/11\/Ekran-Resmi-2021-11-17-08.16.13.png\",\"width\":477,\"height\":135,\"caption\":\"pratikmagazam.com\"},\"image\":{\"@id\":\"https:\/\/www.peraavm.com\/#\/schema\/logo\/image\/\"},\"sameAs\":[\"https:\/\/instagram.com\/pratikmagazam?utm_medium=copy_link\"]}]}<\/script>\n<!-- \/ Yoast SEO plugin. -->","yoast_head_json":{"title":"Otomatik Temizlenen Tu\u015flu Hayvan Tara\u011f\u0131 Pratik Kedi Ve K\u00f6pek Tarama F\u0131r\u00e7as\u0131 |","description":"Otomatik Temizlenen Tu\u015flu Hayvan Tara\u011f\u0131 Pratik Kedi Ve K\u00f6pek Tarama F\u0131r\u00e7as\u0131 \u0130ncelemi\u015f oldu\u011funuz \u00fcr\u00fcn\u00fcn sat\u0131\u015f fiyat\u0131n\u0131 sat\u0131c\u0131 belirlemektedir.Sevimli dostunuzun bak\u0131m\u0131n\u0131 yaparken onun dokusundan keyif alabilece\u011fi sizin de kolayl\u0131kla temizleyebilece\u011finiz bak\u0131m f\u0131r\u00e7as\u0131yla tan\u0131\u015f\u0131n.Kedi ve k\u00f6pekler i\u00e7in \u00f6zel tasarlanm\u0131\u015ft\u0131r.Hassas deriye sahip hayvanlar i\u00e7in \u00f6zel \u00fcretilmi\u015ftir.\u00d6zellikle d\u00fczenli kullan\u0131mlarda ya\u015fam alanlar\u0131na d\u00f6k\u00fclen t\u00fcy miktar\u0131 ve oran\u0131n\u0131n d\u00fc\u015ft\u00fc\u011f\u00fc g\u00f6r\u00fclm\u00fc\u015ft\u00fcr.\u00dcr\u00fcn\u00fcn arka taraf\u0131nda bulunan d\u00fc\u011fmesine bas\u0131ld\u0131\u011f\u0131nda taran\u0131rken tarakta toplanan t\u00fcylerin kolayca taraktan al\u0131nmas\u0131 sa\u011flanmaktad\u0131r.Renk se\u00e7imi mevcut de\u011fildir. Stok durumuna g\u00f6re g\u00f6nderilecektir.","robots":{"index":"index","follow":"follow","max-snippet":"max-snippet:-1","max-image-preview":"max-image-preview:large","max-video-preview":"max-video-preview:-1"},"canonical":"https:\/\/www.peraavm.com\/index.php\/urun\/otomatik-temizlenen-tuslu-hayvan-taragi-pratik-kedi-ve-kopek-tarama-fircasi\/","og_locale":"tr_TR","og_type":"article","og_title":"Otomatik Temizlenen Tu\u015flu Hayvan Tara\u011f\u0131 Pratik Kedi Ve K\u00f6pek Tarama F\u0131r\u00e7as\u0131 |","og_description":"Otomatik Temizlenen Tu\u015flu Hayvan Tara\u011f\u0131 Pratik Kedi Ve K\u00f6pek Tarama F\u0131r\u00e7as\u0131 \u0130ncelemi\u015f oldu\u011funuz \u00fcr\u00fcn\u00fcn sat\u0131\u015f fiyat\u0131n\u0131 sat\u0131c\u0131 belirlemektedir.Sevimli dostunuzun bak\u0131m\u0131n\u0131 yaparken onun dokusundan keyif alabilece\u011fi sizin de kolayl\u0131kla temizleyebilece\u011finiz bak\u0131m f\u0131r\u00e7as\u0131yla tan\u0131\u015f\u0131n.Kedi ve k\u00f6pekler i\u00e7in \u00f6zel tasarlanm\u0131\u015ft\u0131r.Hassas deriye sahip hayvanlar i\u00e7in \u00f6zel \u00fcretilmi\u015ftir.\u00d6zellikle d\u00fczenli kullan\u0131mlarda ya\u015fam alanlar\u0131na d\u00f6k\u00fclen t\u00fcy miktar\u0131 ve oran\u0131n\u0131n d\u00fc\u015ft\u00fc\u011f\u00fc g\u00f6r\u00fclm\u00fc\u015ft\u00fcr.\u00dcr\u00fcn\u00fcn arka taraf\u0131nda bulunan d\u00fc\u011fmesine bas\u0131ld\u0131\u011f\u0131nda taran\u0131rken tarakta toplanan t\u00fcylerin kolayca taraktan al\u0131nmas\u0131 sa\u011flanmaktad\u0131r.Renk se\u00e7imi mevcut de\u011fildir. Stok durumuna g\u00f6re g\u00f6nderilecektir.","og_url":"https:\/\/www.peraavm.com\/index.php\/urun\/otomatik-temizlenen-tuslu-hayvan-taragi-pratik-kedi-ve-kopek-tarama-fircasi\/","article_modified_time":"2023-12-22T14:15:24+00:00","og_image":[{"width":300,"height":300,"url":"https:\/\/www.peraavm.com\/wp-content\/uploads\/2021\/12\/234234324-11.jpg","type":"image\/jpeg"}],"twitter_card":"summary_large_image","twitter_misc":{"Tahmini okuma s\u00fcresi":"1 dakika"},"schema":{"@context":"https:\/\/schema.org","@graph":[{"@type":"WebPage","@id":"https:\/\/www.peraavm.com\/index.php\/urun\/otomatik-temizlenen-tuslu-hayvan-taragi-pratik-kedi-ve-kopek-tarama-fircasi\/","url":"https:\/\/www.peraavm.com\/index.php\/urun\/otomatik-temizlenen-tuslu-hayvan-taragi-pratik-kedi-ve-kopek-tarama-fircasi\/","name":"Otomatik Temizlenen Tu\u015flu Hayvan Tara\u011f\u0131 Pratik Kedi Ve K\u00f6pek Tarama F\u0131r\u00e7as\u0131 |","isPartOf":{"@id":"https:\/\/www.peraavm.com\/#website"},"primaryImageOfPage":{"@id":"https:\/\/www.peraavm.com\/index.php\/urun\/otomatik-temizlenen-tuslu-hayvan-taragi-pratik-kedi-ve-kopek-tarama-fircasi\/#primaryimage"},"image":{"@id":"https:\/\/www.peraavm.com\/index.php\/urun\/otomatik-temizlenen-tuslu-hayvan-taragi-pratik-kedi-ve-kopek-tarama-fircasi\/#primaryimage"},"thumbnailUrl":"https:\/\/www.peraavm.com\/wp-content\/uploads\/2021\/12\/234234324-11.jpg","datePublished":"2021-12-25T07:49:43+00:00","dateModified":"2023-12-22T14:15:24+00:00","description":"Otomatik Temizlenen Tu\u015flu Hayvan Tara\u011f\u0131 Pratik Kedi Ve K\u00f6pek Tarama F\u0131r\u00e7as\u0131 \u0130ncelemi\u015f oldu\u011funuz \u00fcr\u00fcn\u00fcn sat\u0131\u015f fiyat\u0131n\u0131 sat\u0131c\u0131 belirlemektedir.Sevimli dostunuzun bak\u0131m\u0131n\u0131 yaparken onun dokusundan keyif alabilece\u011fi sizin de kolayl\u0131kla temizleyebilece\u011finiz bak\u0131m f\u0131r\u00e7as\u0131yla tan\u0131\u015f\u0131n.Kedi ve k\u00f6pekler i\u00e7in \u00f6zel tasarlanm\u0131\u015ft\u0131r.Hassas deriye sahip hayvanlar i\u00e7in \u00f6zel \u00fcretilmi\u015ftir.\u00d6zellikle d\u00fczenli kullan\u0131mlarda ya\u015fam alanlar\u0131na d\u00f6k\u00fclen t\u00fcy miktar\u0131 ve oran\u0131n\u0131n d\u00fc\u015ft\u00fc\u011f\u00fc g\u00f6r\u00fclm\u00fc\u015ft\u00fcr.\u00dcr\u00fcn\u00fcn arka taraf\u0131nda bulunan d\u00fc\u011fmesine bas\u0131ld\u0131\u011f\u0131nda taran\u0131rken tarakta toplanan t\u00fcylerin kolayca taraktan al\u0131nmas\u0131 sa\u011flanmaktad\u0131r.Renk se\u00e7imi mevcut de\u011fildir. Stok durumuna g\u00f6re g\u00f6nderilecektir.","breadcrumb":{"@id":"https:\/\/www.peraavm.com\/index.php\/urun\/otomatik-temizlenen-tuslu-hayvan-taragi-pratik-kedi-ve-kopek-tarama-fircasi\/#breadcrumb"},"inLanguage":"tr","potentialAction":[{"@type":"ReadAction","target":["https:\/\/www.peraavm.com\/index.php\/urun\/otomatik-temizlenen-tuslu-hayvan-taragi-pratik-kedi-ve-kopek-tarama-fircasi\/"]}]},{"@type":"ImageObject","inLanguage":"tr","@id":"https:\/\/www.peraavm.com\/index.php\/urun\/otomatik-temizlenen-tuslu-hayvan-taragi-pratik-kedi-ve-kopek-tarama-fircasi\/#primaryimage","url":"https:\/\/www.peraavm.com\/wp-content\/uploads\/2021\/12\/234234324-11.jpg","contentUrl":"https:\/\/www.peraavm.com\/wp-content\/uploads\/2021\/12\/234234324-11.jpg","width":300,"height":300},{"@type":"BreadcrumbList","@id":"https:\/\/www.peraavm.com\/index.php\/urun\/otomatik-temizlenen-tuslu-hayvan-taragi-pratik-kedi-ve-kopek-tarama-fircasi\/#breadcrumb","itemListElement":[{"@type":"ListItem","position":1,"name":"Anasayfa","item":"https:\/\/www.peraavm.com\/"},{"@type":"ListItem","position":2,"name":"Magaza","item":"https:\/\/www.peraavm.com\/index.php\/magaza\/"},{"@type":"ListItem","position":3,"name":"Otomatik Temizlenen Tu\u015flu Hayvan Tara\u011f\u0131 Pratik Kedi Ve K\u00f6pek Tarama F\u0131r\u00e7as\u0131"}]},{"@type":"WebSite","@id":"https:\/\/www.peraavm.com\/#website","url":"https:\/\/www.peraavm.com\/","name":"Pratikmagazam.com","description":"","publisher":{"@id":"https:\/\/www.peraavm.com\/#organization"},"potentialAction":[{"@type":"SearchAction","target":{"@type":"EntryPoint","urlTemplate":"https:\/\/www.peraavm.com\/?s={search_term_string}"},"query-input":{"@type":"PropertyValueSpecification","valueRequired":true,"valueName":"search_term_string"}}],"inLanguage":"tr"},{"@type":"Organization","@id":"https:\/\/www.peraavm.com\/#organization","name":"pratikmagazam.com","url":"https:\/\/www.peraavm.com\/","logo":{"@type":"ImageObject","inLanguage":"tr","@id":"https:\/\/www.peraavm.com\/#\/schema\/logo\/image\/","url":"https:\/\/www.pratikmagazam.com\/wp-content\/uploads\/2021\/11\/Ekran-Resmi-2021-11-17-08.16.13.png","contentUrl":"https:\/\/www.pratikmagazam.com\/wp-content\/uploads\/2021\/11\/Ekran-Resmi-2021-11-17-08.16.13.png","width":477,"height":135,"caption":"pratikmagazam.com"},"image":{"@id":"https:\/\/www.peraavm.com\/#\/schema\/logo\/image\/"},"sameAs":["https:\/\/instagram.com\/pratikmagazam?utm_medium=copy_link"]}]}},"_links":{"self":[{"href":"https:\/\/www.peraavm.com\/index.php\/wp-json\/wp\/v2\/product\/1879","targetHints":{"allow":["GET"]}}],"collection":[{"href":"https:\/\/www.peraavm.com\/index.php\/wp-json\/wp\/v2\/product"}],"about":[{"href":"https:\/\/www.peraavm.com\/index.php\/wp-json\/wp\/v2\/types\/product"}],"replies":[{"embeddable":true,"href":"https:\/\/www.peraavm.com\/index.php\/wp-json\/wp\/v2\/comments?post=1879"}],"wp:featuredmedia":[{"embeddable":true,"href":"https:\/\/www.peraavm.com\/index.php\/wp-json\/wp\/v2\/media\/1880"}],"wp:attachment":[{"href":"https:\/\/www.peraavm.com\/index.php\/wp-json\/wp\/v2\/media?parent=1879"}],"wp:term":[{"taxonomy":"product_brand","embeddable":true,"href":"https:\/\/www.peraavm.com\/index.php\/wp-json\/wp\/v2\/product_brand?post=1879"},{"taxonomy":"product_cat","embeddable":true,"href":"https:\/\/www.peraavm.com\/index.php\/wp-json\/wp\/v2\/product_cat?post=1879"},{"taxonomy":"product_tag","embeddable":true,"href":"https:\/\/www.peraavm.com\/index.php\/wp-json\/wp\/v2\/product_tag?post=1879"}],"curies":[{"name":"wp","href":"https:\/\/api.w.org\/{rel}","templated":true}]}}