{"id":1889,"date":"2021-12-25T08:15:41","date_gmt":"2021-12-25T08:15:41","guid":{"rendered":"https:\/\/www.pratikmagazam.com\/?post_type=product&#038;p=1889"},"modified":"2023-12-22T14:15:26","modified_gmt":"2023-12-22T14:15:26","slug":"kedi-oyun-oltasi-90-cm","status":"publish","type":"product","link":"https:\/\/www.peraavm.com\/index.php\/urun\/kedi-oyun-oltasi-90-cm\/","title":{"rendered":"Kedi Oyun Oltas\u0131 90 Cm"},"content":{"rendered":"","protected":false},"excerpt":{"rendered":"<ul class=\"detail-desc-list\">\n<li class=\"detail-desc-item\">Pelu\u015f kedi oyun oltas\u0131 90 cm sk87 kedi oyun oltas\u0131 renkli fig\u00fcr\u00fc ve dikkatini \u00e7ekecek \u00e7an\u0131yla kedinizin temel avlanma i\u00e7g\u00fcd\u00fclerini harekete ge\u00e7irebilmenizi sa\u011flar.<\/li>\n<\/ul>\n","protected":false},"featured_media":1890,"comment_status":"open","ping_status":"closed","template":"","meta":[],"product_brand":[],"product_cat":[43,15],"product_tag":[],"class_list":{"0":"post-1889","1":"product","2":"type-product","3":"status-publish","4":"has-post-thumbnail","6":"product_cat-petshop","7":"product_cat-tum-urunler","9":"first","10":"instock","11":"sale","12":"taxable","13":"shipping-taxable","14":"purchasable","15":"product-type-simple"},"yoast_head":"<!-- This site is optimized with the Yoast SEO plugin v27.2 - https:\/\/yoast.com\/product\/yoast-seo-wordpress\/ -->\n<title>Kedi Oyun Oltas\u0131 90 Cm |<\/title>\n<meta name=\"description\" content=\"Pelu\u015f kedi oyun oltas\u0131 90 cm sk87 kedi oyun oltas\u0131 renkli fig\u00fcr\u00fc ve dikkatini \u00e7ekecek \u00e7an\u0131yla kedinizin temel avlanma i\u00e7g\u00fcd\u00fclerini harekete ge\u00e7irebilmenizi sa\u011flar. Olta ucunda bulunan \u00e7an\u0131 kedinizin oyuncakla ilgilenmesini sa\u011flar, . Olta ucunda yumu\u015fak t\u00fcy fig\u00fcr\u00fc bulunur. \u00dcr\u00fcn \u00f6l\u00e7\u00fcleri: Olta sap\u0131: 15 cm toplam uzunluk: 90 cm paket i\u00e7eri\u011fi: 1 adet kedi oyun oltas\u0131\" \/>\n<meta name=\"robots\" content=\"index, follow, max-snippet:-1, max-image-preview:large, max-video-preview:-1\" \/>\n<link rel=\"canonical\" href=\"https:\/\/www.peraavm.com\/index.php\/urun\/kedi-oyun-oltasi-90-cm\/\" \/>\n<meta property=\"og:locale\" content=\"tr_TR\" \/>\n<meta property=\"og:type\" content=\"article\" \/>\n<meta property=\"og:title\" content=\"Kedi Oyun Oltas\u0131 90 Cm |\" \/>\n<meta property=\"og:description\" content=\"Pelu\u015f kedi oyun oltas\u0131 90 cm sk87 kedi oyun oltas\u0131 renkli fig\u00fcr\u00fc ve dikkatini \u00e7ekecek \u00e7an\u0131yla kedinizin temel avlanma i\u00e7g\u00fcd\u00fclerini harekete ge\u00e7irebilmenizi sa\u011flar. Olta ucunda bulunan \u00e7an\u0131 kedinizin oyuncakla ilgilenmesini sa\u011flar, . Olta ucunda yumu\u015fak t\u00fcy fig\u00fcr\u00fc bulunur. \u00dcr\u00fcn \u00f6l\u00e7\u00fcleri: Olta sap\u0131: 15 cm toplam uzunluk: 90 cm paket i\u00e7eri\u011fi: 1 adet kedi oyun oltas\u0131\" \/>\n<meta property=\"og:url\" content=\"https:\/\/www.peraavm.com\/index.php\/urun\/kedi-oyun-oltasi-90-cm\/\" \/>\n<meta property=\"article:modified_time\" content=\"2023-12-22T14:15:26+00:00\" \/>\n<meta property=\"og:image\" content=\"https:\/\/www.peraavm.com\/wp-content\/uploads\/2021\/12\/34543545.jpg\" \/>\n\t<meta property=\"og:image:width\" content=\"300\" \/>\n\t<meta property=\"og:image:height\" content=\"300\" \/>\n\t<meta property=\"og:image:type\" content=\"image\/jpeg\" \/>\n<meta name=\"twitter:card\" content=\"summary_large_image\" \/>\n<meta name=\"twitter:label1\" content=\"Tahmini okuma s\u00fcresi\" \/>\n\t<meta name=\"twitter:data1\" content=\"1 dakika\" \/>\n<script type=\"application\/ld+json\" class=\"yoast-schema-graph\">{\"@context\":\"https:\/\/schema.org\",\"@graph\":[{\"@type\":\"WebPage\",\"@id\":\"https:\/\/www.peraavm.com\/index.php\/urun\/kedi-oyun-oltasi-90-cm\/\",\"url\":\"https:\/\/www.peraavm.com\/index.php\/urun\/kedi-oyun-oltasi-90-cm\/\",\"name\":\"Kedi Oyun Oltas\u0131 90 Cm |\",\"isPartOf\":{\"@id\":\"https:\/\/www.peraavm.com\/#website\"},\"primaryImageOfPage\":{\"@id\":\"https:\/\/www.peraavm.com\/index.php\/urun\/kedi-oyun-oltasi-90-cm\/#primaryimage\"},\"image\":{\"@id\":\"https:\/\/www.peraavm.com\/index.php\/urun\/kedi-oyun-oltasi-90-cm\/#primaryimage\"},\"thumbnailUrl\":\"https:\/\/www.peraavm.com\/wp-content\/uploads\/2021\/12\/34543545.jpg\",\"datePublished\":\"2021-12-25T08:15:41+00:00\",\"dateModified\":\"2023-12-22T14:15:26+00:00\",\"description\":\"Pelu\u015f kedi oyun oltas\u0131 90 cm sk87 kedi oyun oltas\u0131 renkli fig\u00fcr\u00fc ve dikkatini \u00e7ekecek \u00e7an\u0131yla kedinizin temel avlanma i\u00e7g\u00fcd\u00fclerini harekete ge\u00e7irebilmenizi sa\u011flar. Olta ucunda bulunan \u00e7an\u0131 kedinizin oyuncakla ilgilenmesini sa\u011flar, . Olta ucunda yumu\u015fak t\u00fcy fig\u00fcr\u00fc bulunur. \u00dcr\u00fcn \u00f6l\u00e7\u00fcleri: Olta sap\u0131: 15 cm toplam uzunluk: 90 cm paket i\u00e7eri\u011fi: 1 adet kedi oyun oltas\u0131\",\"breadcrumb\":{\"@id\":\"https:\/\/www.peraavm.com\/index.php\/urun\/kedi-oyun-oltasi-90-cm\/#breadcrumb\"},\"inLanguage\":\"tr\",\"potentialAction\":[{\"@type\":\"ReadAction\",\"target\":[\"https:\/\/www.peraavm.com\/index.php\/urun\/kedi-oyun-oltasi-90-cm\/\"]}]},{\"@type\":\"ImageObject\",\"inLanguage\":\"tr\",\"@id\":\"https:\/\/www.peraavm.com\/index.php\/urun\/kedi-oyun-oltasi-90-cm\/#primaryimage\",\"url\":\"https:\/\/www.peraavm.com\/wp-content\/uploads\/2021\/12\/34543545.jpg\",\"contentUrl\":\"https:\/\/www.peraavm.com\/wp-content\/uploads\/2021\/12\/34543545.jpg\",\"width\":300,\"height\":300},{\"@type\":\"BreadcrumbList\",\"@id\":\"https:\/\/www.peraavm.com\/index.php\/urun\/kedi-oyun-oltasi-90-cm\/#breadcrumb\",\"itemListElement\":[{\"@type\":\"ListItem\",\"position\":1,\"name\":\"Anasayfa\",\"item\":\"https:\/\/www.peraavm.com\/\"},{\"@type\":\"ListItem\",\"position\":2,\"name\":\"Magaza\",\"item\":\"https:\/\/www.peraavm.com\/index.php\/magaza\/\"},{\"@type\":\"ListItem\",\"position\":3,\"name\":\"Kedi Oyun Oltas\u0131 90 Cm\"}]},{\"@type\":\"WebSite\",\"@id\":\"https:\/\/www.peraavm.com\/#website\",\"url\":\"https:\/\/www.peraavm.com\/\",\"name\":\"Pratikmagazam.com\",\"description\":\"\",\"publisher\":{\"@id\":\"https:\/\/www.peraavm.com\/#organization\"},\"potentialAction\":[{\"@type\":\"SearchAction\",\"target\":{\"@type\":\"EntryPoint\",\"urlTemplate\":\"https:\/\/www.peraavm.com\/?s={search_term_string}\"},\"query-input\":{\"@type\":\"PropertyValueSpecification\",\"valueRequired\":true,\"valueName\":\"search_term_string\"}}],\"inLanguage\":\"tr\"},{\"@type\":\"Organization\",\"@id\":\"https:\/\/www.peraavm.com\/#organization\",\"name\":\"pratikmagazam.com\",\"url\":\"https:\/\/www.peraavm.com\/\",\"logo\":{\"@type\":\"ImageObject\",\"inLanguage\":\"tr\",\"@id\":\"https:\/\/www.peraavm.com\/#\/schema\/logo\/image\/\",\"url\":\"https:\/\/www.pratikmagazam.com\/wp-content\/uploads\/2021\/11\/Ekran-Resmi-2021-11-17-08.16.13.png\",\"contentUrl\":\"https:\/\/www.pratikmagazam.com\/wp-content\/uploads\/2021\/11\/Ekran-Resmi-2021-11-17-08.16.13.png\",\"width\":477,\"height\":135,\"caption\":\"pratikmagazam.com\"},\"image\":{\"@id\":\"https:\/\/www.peraavm.com\/#\/schema\/logo\/image\/\"},\"sameAs\":[\"https:\/\/instagram.com\/pratikmagazam?utm_medium=copy_link\"]}]}<\/script>\n<!-- \/ Yoast SEO plugin. -->","yoast_head_json":{"title":"Kedi Oyun Oltas\u0131 90 Cm |","description":"Pelu\u015f kedi oyun oltas\u0131 90 cm sk87 kedi oyun oltas\u0131 renkli fig\u00fcr\u00fc ve dikkatini \u00e7ekecek \u00e7an\u0131yla kedinizin temel avlanma i\u00e7g\u00fcd\u00fclerini harekete ge\u00e7irebilmenizi sa\u011flar. Olta ucunda bulunan \u00e7an\u0131 kedinizin oyuncakla ilgilenmesini sa\u011flar, . Olta ucunda yumu\u015fak t\u00fcy fig\u00fcr\u00fc bulunur. \u00dcr\u00fcn \u00f6l\u00e7\u00fcleri: Olta sap\u0131: 15 cm toplam uzunluk: 90 cm paket i\u00e7eri\u011fi: 1 adet kedi oyun oltas\u0131","robots":{"index":"index","follow":"follow","max-snippet":"max-snippet:-1","max-image-preview":"max-image-preview:large","max-video-preview":"max-video-preview:-1"},"canonical":"https:\/\/www.peraavm.com\/index.php\/urun\/kedi-oyun-oltasi-90-cm\/","og_locale":"tr_TR","og_type":"article","og_title":"Kedi Oyun Oltas\u0131 90 Cm |","og_description":"Pelu\u015f kedi oyun oltas\u0131 90 cm sk87 kedi oyun oltas\u0131 renkli fig\u00fcr\u00fc ve dikkatini \u00e7ekecek \u00e7an\u0131yla kedinizin temel avlanma i\u00e7g\u00fcd\u00fclerini harekete ge\u00e7irebilmenizi sa\u011flar. Olta ucunda bulunan \u00e7an\u0131 kedinizin oyuncakla ilgilenmesini sa\u011flar, . Olta ucunda yumu\u015fak t\u00fcy fig\u00fcr\u00fc bulunur. \u00dcr\u00fcn \u00f6l\u00e7\u00fcleri: Olta sap\u0131: 15 cm toplam uzunluk: 90 cm paket i\u00e7eri\u011fi: 1 adet kedi oyun oltas\u0131","og_url":"https:\/\/www.peraavm.com\/index.php\/urun\/kedi-oyun-oltasi-90-cm\/","article_modified_time":"2023-12-22T14:15:26+00:00","og_image":[{"width":300,"height":300,"url":"https:\/\/www.peraavm.com\/wp-content\/uploads\/2021\/12\/34543545.jpg","type":"image\/jpeg"}],"twitter_card":"summary_large_image","twitter_misc":{"Tahmini okuma s\u00fcresi":"1 dakika"},"schema":{"@context":"https:\/\/schema.org","@graph":[{"@type":"WebPage","@id":"https:\/\/www.peraavm.com\/index.php\/urun\/kedi-oyun-oltasi-90-cm\/","url":"https:\/\/www.peraavm.com\/index.php\/urun\/kedi-oyun-oltasi-90-cm\/","name":"Kedi Oyun Oltas\u0131 90 Cm |","isPartOf":{"@id":"https:\/\/www.peraavm.com\/#website"},"primaryImageOfPage":{"@id":"https:\/\/www.peraavm.com\/index.php\/urun\/kedi-oyun-oltasi-90-cm\/#primaryimage"},"image":{"@id":"https:\/\/www.peraavm.com\/index.php\/urun\/kedi-oyun-oltasi-90-cm\/#primaryimage"},"thumbnailUrl":"https:\/\/www.peraavm.com\/wp-content\/uploads\/2021\/12\/34543545.jpg","datePublished":"2021-12-25T08:15:41+00:00","dateModified":"2023-12-22T14:15:26+00:00","description":"Pelu\u015f kedi oyun oltas\u0131 90 cm sk87 kedi oyun oltas\u0131 renkli fig\u00fcr\u00fc ve dikkatini \u00e7ekecek \u00e7an\u0131yla kedinizin temel avlanma i\u00e7g\u00fcd\u00fclerini harekete ge\u00e7irebilmenizi sa\u011flar. Olta ucunda bulunan \u00e7an\u0131 kedinizin oyuncakla ilgilenmesini sa\u011flar, . Olta ucunda yumu\u015fak t\u00fcy fig\u00fcr\u00fc bulunur. \u00dcr\u00fcn \u00f6l\u00e7\u00fcleri: Olta sap\u0131: 15 cm toplam uzunluk: 90 cm paket i\u00e7eri\u011fi: 1 adet kedi oyun oltas\u0131","breadcrumb":{"@id":"https:\/\/www.peraavm.com\/index.php\/urun\/kedi-oyun-oltasi-90-cm\/#breadcrumb"},"inLanguage":"tr","potentialAction":[{"@type":"ReadAction","target":["https:\/\/www.peraavm.com\/index.php\/urun\/kedi-oyun-oltasi-90-cm\/"]}]},{"@type":"ImageObject","inLanguage":"tr","@id":"https:\/\/www.peraavm.com\/index.php\/urun\/kedi-oyun-oltasi-90-cm\/#primaryimage","url":"https:\/\/www.peraavm.com\/wp-content\/uploads\/2021\/12\/34543545.jpg","contentUrl":"https:\/\/www.peraavm.com\/wp-content\/uploads\/2021\/12\/34543545.jpg","width":300,"height":300},{"@type":"BreadcrumbList","@id":"https:\/\/www.peraavm.com\/index.php\/urun\/kedi-oyun-oltasi-90-cm\/#breadcrumb","itemListElement":[{"@type":"ListItem","position":1,"name":"Anasayfa","item":"https:\/\/www.peraavm.com\/"},{"@type":"ListItem","position":2,"name":"Magaza","item":"https:\/\/www.peraavm.com\/index.php\/magaza\/"},{"@type":"ListItem","position":3,"name":"Kedi Oyun Oltas\u0131 90 Cm"}]},{"@type":"WebSite","@id":"https:\/\/www.peraavm.com\/#website","url":"https:\/\/www.peraavm.com\/","name":"Pratikmagazam.com","description":"","publisher":{"@id":"https:\/\/www.peraavm.com\/#organization"},"potentialAction":[{"@type":"SearchAction","target":{"@type":"EntryPoint","urlTemplate":"https:\/\/www.peraavm.com\/?s={search_term_string}"},"query-input":{"@type":"PropertyValueSpecification","valueRequired":true,"valueName":"search_term_string"}}],"inLanguage":"tr"},{"@type":"Organization","@id":"https:\/\/www.peraavm.com\/#organization","name":"pratikmagazam.com","url":"https:\/\/www.peraavm.com\/","logo":{"@type":"ImageObject","inLanguage":"tr","@id":"https:\/\/www.peraavm.com\/#\/schema\/logo\/image\/","url":"https:\/\/www.pratikmagazam.com\/wp-content\/uploads\/2021\/11\/Ekran-Resmi-2021-11-17-08.16.13.png","contentUrl":"https:\/\/www.pratikmagazam.com\/wp-content\/uploads\/2021\/11\/Ekran-Resmi-2021-11-17-08.16.13.png","width":477,"height":135,"caption":"pratikmagazam.com"},"image":{"@id":"https:\/\/www.peraavm.com\/#\/schema\/logo\/image\/"},"sameAs":["https:\/\/instagram.com\/pratikmagazam?utm_medium=copy_link"]}]}},"_links":{"self":[{"href":"https:\/\/www.peraavm.com\/index.php\/wp-json\/wp\/v2\/product\/1889","targetHints":{"allow":["GET"]}}],"collection":[{"href":"https:\/\/www.peraavm.com\/index.php\/wp-json\/wp\/v2\/product"}],"about":[{"href":"https:\/\/www.peraavm.com\/index.php\/wp-json\/wp\/v2\/types\/product"}],"replies":[{"embeddable":true,"href":"https:\/\/www.peraavm.com\/index.php\/wp-json\/wp\/v2\/comments?post=1889"}],"wp:featuredmedia":[{"embeddable":true,"href":"https:\/\/www.peraavm.com\/index.php\/wp-json\/wp\/v2\/media\/1890"}],"wp:attachment":[{"href":"https:\/\/www.peraavm.com\/index.php\/wp-json\/wp\/v2\/media?parent=1889"}],"wp:term":[{"taxonomy":"product_brand","embeddable":true,"href":"https:\/\/www.peraavm.com\/index.php\/wp-json\/wp\/v2\/product_brand?post=1889"},{"taxonomy":"product_cat","embeddable":true,"href":"https:\/\/www.peraavm.com\/index.php\/wp-json\/wp\/v2\/product_cat?post=1889"},{"taxonomy":"product_tag","embeddable":true,"href":"https:\/\/www.peraavm.com\/index.php\/wp-json\/wp\/v2\/product_tag?post=1889"}],"curies":[{"name":"wp","href":"https:\/\/api.w.org\/{rel}","templated":true}]}}