{"id":1976,"date":"2021-12-29T09:16:39","date_gmt":"2021-12-29T09:16:39","guid":{"rendered":"https:\/\/www.pratikmagazam.com\/?post_type=product&#038;p=1976"},"modified":"2026-01-17T11:46:44","modified_gmt":"2026-01-17T11:46:44","slug":"soyacak-silikon-sapli-tombul-celik-lazer-kesim-julien-meyve-sebze-soyacagi","status":"publish","type":"product","link":"https:\/\/www.peraavm.com\/index.php\/urun\/soyacak-silikon-sapli-tombul-celik-lazer-kesim-julien-meyve-sebze-soyacagi\/","title":{"rendered":"Soyacak Silikon Sapl\u0131 Tombul \u00c7elik Lazer Kesim Julien Meyve Sebze Soyaca\u011f\u0131"},"content":{"rendered":"<h3 class=\"detail-name\">Tombul Soyacak Silikon Sapl\u0131 Tombul \u00c7elik Lazer Kesim Julien Meyve Sebze Soyaca\u011f\u0131<\/h3>\n<ul class=\"detail-desc-list\">\n<li class=\"detail-desc-item\">Sap\u0131 silikondan imal edilmi\u015ftir.<\/li>\n<li class=\"detail-desc-item\">Eliniz kaymaz.<\/li>\n<li class=\"detail-desc-item\">\u00c7eli\u011fi paslanmazd\u0131r.<\/li>\n<li class=\"detail-desc-item\">Bula\u015f\u0131k makinesinde y\u0131kanabilir.<\/li>\n<li class=\"detail-desc-item\">Ebat: 17 cm<\/li>\n<\/ul>\n","protected":false},"excerpt":{"rendered":"<ul class=\"detail-desc-list\">\n<li class=\"detail-desc-item\">Sap\u0131 silikondan imal edilmi\u015ftir.<\/li>\n<li class=\"detail-desc-item\">Eliniz kaymaz.<\/li>\n<li class=\"detail-desc-item\">\u00c7eli\u011fi paslanmazd\u0131r.<\/li>\n<li class=\"detail-desc-item\">Bula\u015f\u0131k makinesinde y\u0131kanabilir.<\/li>\n<li class=\"detail-desc-item\">Ebat: 17 cm<\/li>\n<\/ul>\n","protected":false},"featured_media":1977,"comment_status":"open","ping_status":"closed","template":"","meta":[],"product_brand":[],"product_cat":[37,29,15],"product_tag":[],"class_list":{"0":"post-1976","1":"product","2":"type-product","3":"status-publish","4":"has-post-thumbnail","6":"product_cat-ev-gerecleri","7":"product_cat-mutfak-gerecleri","8":"product_cat-tum-urunler","10":"first","11":"instock","12":"sale","13":"taxable","14":"shipping-taxable","15":"purchasable","16":"product-type-simple"},"yoast_head":"<!-- This site is optimized with the Yoast SEO plugin v27.2 - https:\/\/yoast.com\/product\/yoast-seo-wordpress\/ -->\n<title>Soyacak Silikon Sapl\u0131 Tombul \u00c7elik Lazer Kesim Julien Meyve Sebze Soyaca\u011f\u0131 |<\/title>\n<meta name=\"description\" content=\"Tombul Soyacak Silikon Sapl\u0131 Tombul \u00c7elik Lazer Kesim Julien Meyve Sebze Soyaca\u011f\u0131Sap\u0131 silikondan imal edilmi\u015ftir.Eliniz kaymaz.\u00c7eli\u011fi paslanmazd\u0131r.Bula\u015f\u0131k makinesinde y\u0131kanabilir.Ebat: 17 cm\" \/>\n<meta name=\"robots\" content=\"index, follow, max-snippet:-1, max-image-preview:large, max-video-preview:-1\" \/>\n<link rel=\"canonical\" href=\"https:\/\/www.peraavm.com\/index.php\/urun\/soyacak-silikon-sapli-tombul-celik-lazer-kesim-julien-meyve-sebze-soyacagi\/\" \/>\n<meta property=\"og:locale\" content=\"tr_TR\" \/>\n<meta property=\"og:type\" content=\"article\" \/>\n<meta property=\"og:title\" content=\"Soyacak Silikon Sapl\u0131 Tombul \u00c7elik Lazer Kesim Julien Meyve Sebze Soyaca\u011f\u0131 |\" \/>\n<meta property=\"og:description\" content=\"Tombul Soyacak Silikon Sapl\u0131 Tombul \u00c7elik Lazer Kesim Julien Meyve Sebze Soyaca\u011f\u0131Sap\u0131 silikondan imal edilmi\u015ftir.Eliniz kaymaz.\u00c7eli\u011fi paslanmazd\u0131r.Bula\u015f\u0131k makinesinde y\u0131kanabilir.Ebat: 17 cm\" \/>\n<meta property=\"og:url\" content=\"https:\/\/www.peraavm.com\/index.php\/urun\/soyacak-silikon-sapli-tombul-celik-lazer-kesim-julien-meyve-sebze-soyacagi\/\" \/>\n<meta property=\"article:modified_time\" content=\"2026-01-17T11:46:44+00:00\" \/>\n<meta property=\"og:image\" content=\"https:\/\/www.peraavm.com\/wp-content\/uploads\/2021\/12\/qweqwewqe-1.jpg\" \/>\n\t<meta property=\"og:image:width\" content=\"300\" \/>\n\t<meta property=\"og:image:height\" content=\"300\" \/>\n\t<meta property=\"og:image:type\" content=\"image\/jpeg\" \/>\n<meta name=\"twitter:card\" content=\"summary_large_image\" \/>\n<meta name=\"twitter:label1\" content=\"Tahmini okuma s\u00fcresi\" \/>\n\t<meta name=\"twitter:data1\" content=\"1 dakika\" \/>\n<script type=\"application\/ld+json\" class=\"yoast-schema-graph\">{\"@context\":\"https:\/\/schema.org\",\"@graph\":[{\"@type\":\"WebPage\",\"@id\":\"https:\/\/www.peraavm.com\/index.php\/urun\/soyacak-silikon-sapli-tombul-celik-lazer-kesim-julien-meyve-sebze-soyacagi\/\",\"url\":\"https:\/\/www.peraavm.com\/index.php\/urun\/soyacak-silikon-sapli-tombul-celik-lazer-kesim-julien-meyve-sebze-soyacagi\/\",\"name\":\"Soyacak Silikon Sapl\u0131 Tombul \u00c7elik Lazer Kesim Julien Meyve Sebze Soyaca\u011f\u0131 |\",\"isPartOf\":{\"@id\":\"https:\/\/www.peraavm.com\/#website\"},\"primaryImageOfPage\":{\"@id\":\"https:\/\/www.peraavm.com\/index.php\/urun\/soyacak-silikon-sapli-tombul-celik-lazer-kesim-julien-meyve-sebze-soyacagi\/#primaryimage\"},\"image\":{\"@id\":\"https:\/\/www.peraavm.com\/index.php\/urun\/soyacak-silikon-sapli-tombul-celik-lazer-kesim-julien-meyve-sebze-soyacagi\/#primaryimage\"},\"thumbnailUrl\":\"https:\/\/www.peraavm.com\/wp-content\/uploads\/2021\/12\/qweqwewqe-1.jpg\",\"datePublished\":\"2021-12-29T09:16:39+00:00\",\"dateModified\":\"2026-01-17T11:46:44+00:00\",\"description\":\"Tombul Soyacak Silikon Sapl\u0131 Tombul \u00c7elik Lazer Kesim Julien Meyve Sebze Soyaca\u011f\u0131Sap\u0131 silikondan imal edilmi\u015ftir.Eliniz kaymaz.\u00c7eli\u011fi paslanmazd\u0131r.Bula\u015f\u0131k makinesinde y\u0131kanabilir.Ebat: 17 cm\",\"breadcrumb\":{\"@id\":\"https:\/\/www.peraavm.com\/index.php\/urun\/soyacak-silikon-sapli-tombul-celik-lazer-kesim-julien-meyve-sebze-soyacagi\/#breadcrumb\"},\"inLanguage\":\"tr\",\"potentialAction\":[{\"@type\":\"ReadAction\",\"target\":[\"https:\/\/www.peraavm.com\/index.php\/urun\/soyacak-silikon-sapli-tombul-celik-lazer-kesim-julien-meyve-sebze-soyacagi\/\"]}]},{\"@type\":\"ImageObject\",\"inLanguage\":\"tr\",\"@id\":\"https:\/\/www.peraavm.com\/index.php\/urun\/soyacak-silikon-sapli-tombul-celik-lazer-kesim-julien-meyve-sebze-soyacagi\/#primaryimage\",\"url\":\"https:\/\/www.peraavm.com\/wp-content\/uploads\/2021\/12\/qweqwewqe-1.jpg\",\"contentUrl\":\"https:\/\/www.peraavm.com\/wp-content\/uploads\/2021\/12\/qweqwewqe-1.jpg\",\"width\":300,\"height\":300},{\"@type\":\"BreadcrumbList\",\"@id\":\"https:\/\/www.peraavm.com\/index.php\/urun\/soyacak-silikon-sapli-tombul-celik-lazer-kesim-julien-meyve-sebze-soyacagi\/#breadcrumb\",\"itemListElement\":[{\"@type\":\"ListItem\",\"position\":1,\"name\":\"Anasayfa\",\"item\":\"https:\/\/www.peraavm.com\/\"},{\"@type\":\"ListItem\",\"position\":2,\"name\":\"Magaza\",\"item\":\"https:\/\/www.peraavm.com\/index.php\/magaza\/\"},{\"@type\":\"ListItem\",\"position\":3,\"name\":\"Soyacak Silikon Sapl\u0131 Tombul \u00c7elik Lazer Kesim Julien Meyve Sebze Soyaca\u011f\u0131\"}]},{\"@type\":\"WebSite\",\"@id\":\"https:\/\/www.peraavm.com\/#website\",\"url\":\"https:\/\/www.peraavm.com\/\",\"name\":\"Pratikmagazam.com\",\"description\":\"\",\"publisher\":{\"@id\":\"https:\/\/www.peraavm.com\/#organization\"},\"potentialAction\":[{\"@type\":\"SearchAction\",\"target\":{\"@type\":\"EntryPoint\",\"urlTemplate\":\"https:\/\/www.peraavm.com\/?s={search_term_string}\"},\"query-input\":{\"@type\":\"PropertyValueSpecification\",\"valueRequired\":true,\"valueName\":\"search_term_string\"}}],\"inLanguage\":\"tr\"},{\"@type\":\"Organization\",\"@id\":\"https:\/\/www.peraavm.com\/#organization\",\"name\":\"pratikmagazam.com\",\"url\":\"https:\/\/www.peraavm.com\/\",\"logo\":{\"@type\":\"ImageObject\",\"inLanguage\":\"tr\",\"@id\":\"https:\/\/www.peraavm.com\/#\/schema\/logo\/image\/\",\"url\":\"https:\/\/www.pratikmagazam.com\/wp-content\/uploads\/2021\/11\/Ekran-Resmi-2021-11-17-08.16.13.png\",\"contentUrl\":\"https:\/\/www.pratikmagazam.com\/wp-content\/uploads\/2021\/11\/Ekran-Resmi-2021-11-17-08.16.13.png\",\"width\":477,\"height\":135,\"caption\":\"pratikmagazam.com\"},\"image\":{\"@id\":\"https:\/\/www.peraavm.com\/#\/schema\/logo\/image\/\"},\"sameAs\":[\"https:\/\/instagram.com\/pratikmagazam?utm_medium=copy_link\"]}]}<\/script>\n<!-- \/ Yoast SEO plugin. -->","yoast_head_json":{"title":"Soyacak Silikon Sapl\u0131 Tombul \u00c7elik Lazer Kesim Julien Meyve Sebze Soyaca\u011f\u0131 |","description":"Tombul Soyacak Silikon Sapl\u0131 Tombul \u00c7elik Lazer Kesim Julien Meyve Sebze Soyaca\u011f\u0131Sap\u0131 silikondan imal edilmi\u015ftir.Eliniz kaymaz.\u00c7eli\u011fi paslanmazd\u0131r.Bula\u015f\u0131k makinesinde y\u0131kanabilir.Ebat: 17 cm","robots":{"index":"index","follow":"follow","max-snippet":"max-snippet:-1","max-image-preview":"max-image-preview:large","max-video-preview":"max-video-preview:-1"},"canonical":"https:\/\/www.peraavm.com\/index.php\/urun\/soyacak-silikon-sapli-tombul-celik-lazer-kesim-julien-meyve-sebze-soyacagi\/","og_locale":"tr_TR","og_type":"article","og_title":"Soyacak Silikon Sapl\u0131 Tombul \u00c7elik Lazer Kesim Julien Meyve Sebze Soyaca\u011f\u0131 |","og_description":"Tombul Soyacak Silikon Sapl\u0131 Tombul \u00c7elik Lazer Kesim Julien Meyve Sebze Soyaca\u011f\u0131Sap\u0131 silikondan imal edilmi\u015ftir.Eliniz kaymaz.\u00c7eli\u011fi paslanmazd\u0131r.Bula\u015f\u0131k makinesinde y\u0131kanabilir.Ebat: 17 cm","og_url":"https:\/\/www.peraavm.com\/index.php\/urun\/soyacak-silikon-sapli-tombul-celik-lazer-kesim-julien-meyve-sebze-soyacagi\/","article_modified_time":"2026-01-17T11:46:44+00:00","og_image":[{"width":300,"height":300,"url":"https:\/\/www.peraavm.com\/wp-content\/uploads\/2021\/12\/qweqwewqe-1.jpg","type":"image\/jpeg"}],"twitter_card":"summary_large_image","twitter_misc":{"Tahmini okuma s\u00fcresi":"1 dakika"},"schema":{"@context":"https:\/\/schema.org","@graph":[{"@type":"WebPage","@id":"https:\/\/www.peraavm.com\/index.php\/urun\/soyacak-silikon-sapli-tombul-celik-lazer-kesim-julien-meyve-sebze-soyacagi\/","url":"https:\/\/www.peraavm.com\/index.php\/urun\/soyacak-silikon-sapli-tombul-celik-lazer-kesim-julien-meyve-sebze-soyacagi\/","name":"Soyacak Silikon Sapl\u0131 Tombul \u00c7elik Lazer Kesim Julien Meyve Sebze Soyaca\u011f\u0131 |","isPartOf":{"@id":"https:\/\/www.peraavm.com\/#website"},"primaryImageOfPage":{"@id":"https:\/\/www.peraavm.com\/index.php\/urun\/soyacak-silikon-sapli-tombul-celik-lazer-kesim-julien-meyve-sebze-soyacagi\/#primaryimage"},"image":{"@id":"https:\/\/www.peraavm.com\/index.php\/urun\/soyacak-silikon-sapli-tombul-celik-lazer-kesim-julien-meyve-sebze-soyacagi\/#primaryimage"},"thumbnailUrl":"https:\/\/www.peraavm.com\/wp-content\/uploads\/2021\/12\/qweqwewqe-1.jpg","datePublished":"2021-12-29T09:16:39+00:00","dateModified":"2026-01-17T11:46:44+00:00","description":"Tombul Soyacak Silikon Sapl\u0131 Tombul \u00c7elik Lazer Kesim Julien Meyve Sebze Soyaca\u011f\u0131Sap\u0131 silikondan imal edilmi\u015ftir.Eliniz kaymaz.\u00c7eli\u011fi paslanmazd\u0131r.Bula\u015f\u0131k makinesinde y\u0131kanabilir.Ebat: 17 cm","breadcrumb":{"@id":"https:\/\/www.peraavm.com\/index.php\/urun\/soyacak-silikon-sapli-tombul-celik-lazer-kesim-julien-meyve-sebze-soyacagi\/#breadcrumb"},"inLanguage":"tr","potentialAction":[{"@type":"ReadAction","target":["https:\/\/www.peraavm.com\/index.php\/urun\/soyacak-silikon-sapli-tombul-celik-lazer-kesim-julien-meyve-sebze-soyacagi\/"]}]},{"@type":"ImageObject","inLanguage":"tr","@id":"https:\/\/www.peraavm.com\/index.php\/urun\/soyacak-silikon-sapli-tombul-celik-lazer-kesim-julien-meyve-sebze-soyacagi\/#primaryimage","url":"https:\/\/www.peraavm.com\/wp-content\/uploads\/2021\/12\/qweqwewqe-1.jpg","contentUrl":"https:\/\/www.peraavm.com\/wp-content\/uploads\/2021\/12\/qweqwewqe-1.jpg","width":300,"height":300},{"@type":"BreadcrumbList","@id":"https:\/\/www.peraavm.com\/index.php\/urun\/soyacak-silikon-sapli-tombul-celik-lazer-kesim-julien-meyve-sebze-soyacagi\/#breadcrumb","itemListElement":[{"@type":"ListItem","position":1,"name":"Anasayfa","item":"https:\/\/www.peraavm.com\/"},{"@type":"ListItem","position":2,"name":"Magaza","item":"https:\/\/www.peraavm.com\/index.php\/magaza\/"},{"@type":"ListItem","position":3,"name":"Soyacak Silikon Sapl\u0131 Tombul \u00c7elik Lazer Kesim Julien Meyve Sebze Soyaca\u011f\u0131"}]},{"@type":"WebSite","@id":"https:\/\/www.peraavm.com\/#website","url":"https:\/\/www.peraavm.com\/","name":"Pratikmagazam.com","description":"","publisher":{"@id":"https:\/\/www.peraavm.com\/#organization"},"potentialAction":[{"@type":"SearchAction","target":{"@type":"EntryPoint","urlTemplate":"https:\/\/www.peraavm.com\/?s={search_term_string}"},"query-input":{"@type":"PropertyValueSpecification","valueRequired":true,"valueName":"search_term_string"}}],"inLanguage":"tr"},{"@type":"Organization","@id":"https:\/\/www.peraavm.com\/#organization","name":"pratikmagazam.com","url":"https:\/\/www.peraavm.com\/","logo":{"@type":"ImageObject","inLanguage":"tr","@id":"https:\/\/www.peraavm.com\/#\/schema\/logo\/image\/","url":"https:\/\/www.pratikmagazam.com\/wp-content\/uploads\/2021\/11\/Ekran-Resmi-2021-11-17-08.16.13.png","contentUrl":"https:\/\/www.pratikmagazam.com\/wp-content\/uploads\/2021\/11\/Ekran-Resmi-2021-11-17-08.16.13.png","width":477,"height":135,"caption":"pratikmagazam.com"},"image":{"@id":"https:\/\/www.peraavm.com\/#\/schema\/logo\/image\/"},"sameAs":["https:\/\/instagram.com\/pratikmagazam?utm_medium=copy_link"]}]}},"_links":{"self":[{"href":"https:\/\/www.peraavm.com\/index.php\/wp-json\/wp\/v2\/product\/1976","targetHints":{"allow":["GET"]}}],"collection":[{"href":"https:\/\/www.peraavm.com\/index.php\/wp-json\/wp\/v2\/product"}],"about":[{"href":"https:\/\/www.peraavm.com\/index.php\/wp-json\/wp\/v2\/types\/product"}],"replies":[{"embeddable":true,"href":"https:\/\/www.peraavm.com\/index.php\/wp-json\/wp\/v2\/comments?post=1976"}],"wp:featuredmedia":[{"embeddable":true,"href":"https:\/\/www.peraavm.com\/index.php\/wp-json\/wp\/v2\/media\/1977"}],"wp:attachment":[{"href":"https:\/\/www.peraavm.com\/index.php\/wp-json\/wp\/v2\/media?parent=1976"}],"wp:term":[{"taxonomy":"product_brand","embeddable":true,"href":"https:\/\/www.peraavm.com\/index.php\/wp-json\/wp\/v2\/product_brand?post=1976"},{"taxonomy":"product_cat","embeddable":true,"href":"https:\/\/www.peraavm.com\/index.php\/wp-json\/wp\/v2\/product_cat?post=1976"},{"taxonomy":"product_tag","embeddable":true,"href":"https:\/\/www.peraavm.com\/index.php\/wp-json\/wp\/v2\/product_tag?post=1976"}],"curies":[{"name":"wp","href":"https:\/\/api.w.org\/{rel}","templated":true}]}}