{"id":2009,"date":"2021-12-29T10:45:25","date_gmt":"2021-12-29T10:45:25","guid":{"rendered":"https:\/\/www.pratikmagazam.com\/?post_type=product&#038;p=2009"},"modified":"2026-01-17T11:32:12","modified_gmt":"2026-01-17T11:32:12","slug":"renkli-kedi-kopek-isirma-topu-sesli-dikenli-top-tasarimi-dis-kasimaya-yardimci-kopek-isirma-sesli","status":"publish","type":"product","link":"https:\/\/www.peraavm.com\/index.php\/urun\/renkli-kedi-kopek-isirma-topu-sesli-dikenli-top-tasarimi-dis-kasimaya-yardimci-kopek-isirma-sesli\/","title":{"rendered":"Renkli Kedi K\u00f6pek Is\u0131rma Topu Sesli Dikenli Top Tasar\u0131m\u0131 Di\u015f Ka\u015f\u0131maya Yard\u0131mc\u0131 K\u00f6pek Is\u0131rma Sesli"},"content":{"rendered":"<p>Dikenli top tasar\u0131m\u0131 ile di\u015f ka\u015f\u0131maya yard\u0131mc\u0131 Dayan\u0131kl\u0131 malzemeden yap\u0131lm\u0131\u015f, di\u015f temizli\u011fi i\u00e7in \u0131s\u0131rmaya dayan\u0131kl\u0131 ve etkilidir. Sesler \u00e7\u0131kar\u0131r ve dikkat \u00e7ekmesi i\u00e7in idealdir.<\/p>\n","protected":false},"excerpt":{"rendered":"<p>Dikenli top tasar\u0131m\u0131 ile di\u015f ka\u015f\u0131maya yard\u0131mc\u0131 Dayan\u0131kl\u0131 malzemeden yap\u0131lm\u0131\u015f, di\u015f temizli\u011fi i\u00e7in \u0131s\u0131rmaya dayan\u0131kl\u0131 ve etkilidir.<\/p>\n","protected":false},"featured_media":2010,"comment_status":"open","ping_status":"closed","template":"","meta":[],"product_brand":[],"product_cat":[43,15],"product_tag":[],"class_list":{"0":"post-2009","1":"product","2":"type-product","3":"status-publish","4":"has-post-thumbnail","6":"product_cat-petshop","7":"product_cat-tum-urunler","9":"first","10":"instock","11":"sale","12":"taxable","13":"shipping-taxable","14":"purchasable","15":"product-type-simple"},"yoast_head":"<!-- This site is optimized with the Yoast SEO plugin v27.2 - https:\/\/yoast.com\/product\/yoast-seo-wordpress\/ -->\n<title>Renkli Kedi K\u00f6pek Is\u0131rma Topu Sesli Dikenli Top Tasar\u0131m\u0131 Di\u015f Ka\u015f\u0131maya Yard\u0131mc\u0131 K\u00f6pek Is\u0131rma Sesli |<\/title>\n<meta name=\"description\" content=\"Dikenli top tasar\u0131m\u0131 ile di\u015f ka\u015f\u0131maya yard\u0131mc\u0131 Dayan\u0131kl\u0131 malzemeden yap\u0131lm\u0131\u015f, di\u015f temizli\u011fi i\u00e7in \u0131s\u0131rmaya dayan\u0131kl\u0131 ve etkilidir. Sesler \u00e7\u0131kar\u0131r ve dikkat \u00e7ekmesi i\u00e7in idealdir.\" \/>\n<meta name=\"robots\" content=\"index, follow, max-snippet:-1, max-image-preview:large, max-video-preview:-1\" \/>\n<link rel=\"canonical\" href=\"https:\/\/www.peraavm.com\/index.php\/urun\/renkli-kedi-kopek-isirma-topu-sesli-dikenli-top-tasarimi-dis-kasimaya-yardimci-kopek-isirma-sesli\/\" \/>\n<meta property=\"og:locale\" content=\"tr_TR\" \/>\n<meta property=\"og:type\" content=\"article\" \/>\n<meta property=\"og:title\" content=\"Renkli Kedi K\u00f6pek Is\u0131rma Topu Sesli Dikenli Top Tasar\u0131m\u0131 Di\u015f Ka\u015f\u0131maya Yard\u0131mc\u0131 K\u00f6pek Is\u0131rma Sesli |\" \/>\n<meta property=\"og:description\" content=\"Dikenli top tasar\u0131m\u0131 ile di\u015f ka\u015f\u0131maya yard\u0131mc\u0131 Dayan\u0131kl\u0131 malzemeden yap\u0131lm\u0131\u015f, di\u015f temizli\u011fi i\u00e7in \u0131s\u0131rmaya dayan\u0131kl\u0131 ve etkilidir. Sesler \u00e7\u0131kar\u0131r ve dikkat \u00e7ekmesi i\u00e7in idealdir.\" \/>\n<meta property=\"og:url\" content=\"https:\/\/www.peraavm.com\/index.php\/urun\/renkli-kedi-kopek-isirma-topu-sesli-dikenli-top-tasarimi-dis-kasimaya-yardimci-kopek-isirma-sesli\/\" \/>\n<meta property=\"article:modified_time\" content=\"2026-01-17T11:32:12+00:00\" \/>\n<meta property=\"og:image\" content=\"https:\/\/www.peraavm.com\/wp-content\/uploads\/2021\/12\/234234234-49.jpg\" \/>\n\t<meta property=\"og:image:width\" content=\"300\" \/>\n\t<meta property=\"og:image:height\" content=\"300\" \/>\n\t<meta property=\"og:image:type\" content=\"image\/jpeg\" \/>\n<meta name=\"twitter:card\" content=\"summary_large_image\" \/>\n<script type=\"application\/ld+json\" class=\"yoast-schema-graph\">{\"@context\":\"https:\/\/schema.org\",\"@graph\":[{\"@type\":\"WebPage\",\"@id\":\"https:\/\/www.peraavm.com\/index.php\/urun\/renkli-kedi-kopek-isirma-topu-sesli-dikenli-top-tasarimi-dis-kasimaya-yardimci-kopek-isirma-sesli\/\",\"url\":\"https:\/\/www.peraavm.com\/index.php\/urun\/renkli-kedi-kopek-isirma-topu-sesli-dikenli-top-tasarimi-dis-kasimaya-yardimci-kopek-isirma-sesli\/\",\"name\":\"Renkli Kedi K\u00f6pek Is\u0131rma Topu Sesli Dikenli Top Tasar\u0131m\u0131 Di\u015f Ka\u015f\u0131maya Yard\u0131mc\u0131 K\u00f6pek Is\u0131rma Sesli |\",\"isPartOf\":{\"@id\":\"https:\/\/www.peraavm.com\/#website\"},\"primaryImageOfPage\":{\"@id\":\"https:\/\/www.peraavm.com\/index.php\/urun\/renkli-kedi-kopek-isirma-topu-sesli-dikenli-top-tasarimi-dis-kasimaya-yardimci-kopek-isirma-sesli\/#primaryimage\"},\"image\":{\"@id\":\"https:\/\/www.peraavm.com\/index.php\/urun\/renkli-kedi-kopek-isirma-topu-sesli-dikenli-top-tasarimi-dis-kasimaya-yardimci-kopek-isirma-sesli\/#primaryimage\"},\"thumbnailUrl\":\"https:\/\/www.peraavm.com\/wp-content\/uploads\/2021\/12\/234234234-49.jpg\",\"datePublished\":\"2021-12-29T10:45:25+00:00\",\"dateModified\":\"2026-01-17T11:32:12+00:00\",\"description\":\"Dikenli top tasar\u0131m\u0131 ile di\u015f ka\u015f\u0131maya yard\u0131mc\u0131 Dayan\u0131kl\u0131 malzemeden yap\u0131lm\u0131\u015f, di\u015f temizli\u011fi i\u00e7in \u0131s\u0131rmaya dayan\u0131kl\u0131 ve etkilidir. Sesler \u00e7\u0131kar\u0131r ve dikkat \u00e7ekmesi i\u00e7in idealdir.\",\"breadcrumb\":{\"@id\":\"https:\/\/www.peraavm.com\/index.php\/urun\/renkli-kedi-kopek-isirma-topu-sesli-dikenli-top-tasarimi-dis-kasimaya-yardimci-kopek-isirma-sesli\/#breadcrumb\"},\"inLanguage\":\"tr\",\"potentialAction\":[{\"@type\":\"ReadAction\",\"target\":[\"https:\/\/www.peraavm.com\/index.php\/urun\/renkli-kedi-kopek-isirma-topu-sesli-dikenli-top-tasarimi-dis-kasimaya-yardimci-kopek-isirma-sesli\/\"]}]},{\"@type\":\"ImageObject\",\"inLanguage\":\"tr\",\"@id\":\"https:\/\/www.peraavm.com\/index.php\/urun\/renkli-kedi-kopek-isirma-topu-sesli-dikenli-top-tasarimi-dis-kasimaya-yardimci-kopek-isirma-sesli\/#primaryimage\",\"url\":\"https:\/\/www.peraavm.com\/wp-content\/uploads\/2021\/12\/234234234-49.jpg\",\"contentUrl\":\"https:\/\/www.peraavm.com\/wp-content\/uploads\/2021\/12\/234234234-49.jpg\",\"width\":300,\"height\":300},{\"@type\":\"BreadcrumbList\",\"@id\":\"https:\/\/www.peraavm.com\/index.php\/urun\/renkli-kedi-kopek-isirma-topu-sesli-dikenli-top-tasarimi-dis-kasimaya-yardimci-kopek-isirma-sesli\/#breadcrumb\",\"itemListElement\":[{\"@type\":\"ListItem\",\"position\":1,\"name\":\"Anasayfa\",\"item\":\"https:\/\/www.peraavm.com\/\"},{\"@type\":\"ListItem\",\"position\":2,\"name\":\"Magaza\",\"item\":\"https:\/\/www.peraavm.com\/index.php\/magaza\/\"},{\"@type\":\"ListItem\",\"position\":3,\"name\":\"Renkli Kedi K\u00f6pek Is\u0131rma Topu Sesli Dikenli Top Tasar\u0131m\u0131 Di\u015f Ka\u015f\u0131maya Yard\u0131mc\u0131 K\u00f6pek Is\u0131rma Sesli\"}]},{\"@type\":\"WebSite\",\"@id\":\"https:\/\/www.peraavm.com\/#website\",\"url\":\"https:\/\/www.peraavm.com\/\",\"name\":\"Pratikmagazam.com\",\"description\":\"\",\"publisher\":{\"@id\":\"https:\/\/www.peraavm.com\/#organization\"},\"potentialAction\":[{\"@type\":\"SearchAction\",\"target\":{\"@type\":\"EntryPoint\",\"urlTemplate\":\"https:\/\/www.peraavm.com\/?s={search_term_string}\"},\"query-input\":{\"@type\":\"PropertyValueSpecification\",\"valueRequired\":true,\"valueName\":\"search_term_string\"}}],\"inLanguage\":\"tr\"},{\"@type\":\"Organization\",\"@id\":\"https:\/\/www.peraavm.com\/#organization\",\"name\":\"pratikmagazam.com\",\"url\":\"https:\/\/www.peraavm.com\/\",\"logo\":{\"@type\":\"ImageObject\",\"inLanguage\":\"tr\",\"@id\":\"https:\/\/www.peraavm.com\/#\/schema\/logo\/image\/\",\"url\":\"https:\/\/www.pratikmagazam.com\/wp-content\/uploads\/2021\/11\/Ekran-Resmi-2021-11-17-08.16.13.png\",\"contentUrl\":\"https:\/\/www.pratikmagazam.com\/wp-content\/uploads\/2021\/11\/Ekran-Resmi-2021-11-17-08.16.13.png\",\"width\":477,\"height\":135,\"caption\":\"pratikmagazam.com\"},\"image\":{\"@id\":\"https:\/\/www.peraavm.com\/#\/schema\/logo\/image\/\"},\"sameAs\":[\"https:\/\/instagram.com\/pratikmagazam?utm_medium=copy_link\"]}]}<\/script>\n<!-- \/ Yoast SEO plugin. -->","yoast_head_json":{"title":"Renkli Kedi K\u00f6pek Is\u0131rma Topu Sesli Dikenli Top Tasar\u0131m\u0131 Di\u015f Ka\u015f\u0131maya Yard\u0131mc\u0131 K\u00f6pek Is\u0131rma Sesli |","description":"Dikenli top tasar\u0131m\u0131 ile di\u015f ka\u015f\u0131maya yard\u0131mc\u0131 Dayan\u0131kl\u0131 malzemeden yap\u0131lm\u0131\u015f, di\u015f temizli\u011fi i\u00e7in \u0131s\u0131rmaya dayan\u0131kl\u0131 ve etkilidir. Sesler \u00e7\u0131kar\u0131r ve dikkat \u00e7ekmesi i\u00e7in idealdir.","robots":{"index":"index","follow":"follow","max-snippet":"max-snippet:-1","max-image-preview":"max-image-preview:large","max-video-preview":"max-video-preview:-1"},"canonical":"https:\/\/www.peraavm.com\/index.php\/urun\/renkli-kedi-kopek-isirma-topu-sesli-dikenli-top-tasarimi-dis-kasimaya-yardimci-kopek-isirma-sesli\/","og_locale":"tr_TR","og_type":"article","og_title":"Renkli Kedi K\u00f6pek Is\u0131rma Topu Sesli Dikenli Top Tasar\u0131m\u0131 Di\u015f Ka\u015f\u0131maya Yard\u0131mc\u0131 K\u00f6pek Is\u0131rma Sesli |","og_description":"Dikenli top tasar\u0131m\u0131 ile di\u015f ka\u015f\u0131maya yard\u0131mc\u0131 Dayan\u0131kl\u0131 malzemeden yap\u0131lm\u0131\u015f, di\u015f temizli\u011fi i\u00e7in \u0131s\u0131rmaya dayan\u0131kl\u0131 ve etkilidir. Sesler \u00e7\u0131kar\u0131r ve dikkat \u00e7ekmesi i\u00e7in idealdir.","og_url":"https:\/\/www.peraavm.com\/index.php\/urun\/renkli-kedi-kopek-isirma-topu-sesli-dikenli-top-tasarimi-dis-kasimaya-yardimci-kopek-isirma-sesli\/","article_modified_time":"2026-01-17T11:32:12+00:00","og_image":[{"width":300,"height":300,"url":"https:\/\/www.peraavm.com\/wp-content\/uploads\/2021\/12\/234234234-49.jpg","type":"image\/jpeg"}],"twitter_card":"summary_large_image","schema":{"@context":"https:\/\/schema.org","@graph":[{"@type":"WebPage","@id":"https:\/\/www.peraavm.com\/index.php\/urun\/renkli-kedi-kopek-isirma-topu-sesli-dikenli-top-tasarimi-dis-kasimaya-yardimci-kopek-isirma-sesli\/","url":"https:\/\/www.peraavm.com\/index.php\/urun\/renkli-kedi-kopek-isirma-topu-sesli-dikenli-top-tasarimi-dis-kasimaya-yardimci-kopek-isirma-sesli\/","name":"Renkli Kedi K\u00f6pek Is\u0131rma Topu Sesli Dikenli Top Tasar\u0131m\u0131 Di\u015f Ka\u015f\u0131maya Yard\u0131mc\u0131 K\u00f6pek Is\u0131rma Sesli |","isPartOf":{"@id":"https:\/\/www.peraavm.com\/#website"},"primaryImageOfPage":{"@id":"https:\/\/www.peraavm.com\/index.php\/urun\/renkli-kedi-kopek-isirma-topu-sesli-dikenli-top-tasarimi-dis-kasimaya-yardimci-kopek-isirma-sesli\/#primaryimage"},"image":{"@id":"https:\/\/www.peraavm.com\/index.php\/urun\/renkli-kedi-kopek-isirma-topu-sesli-dikenli-top-tasarimi-dis-kasimaya-yardimci-kopek-isirma-sesli\/#primaryimage"},"thumbnailUrl":"https:\/\/www.peraavm.com\/wp-content\/uploads\/2021\/12\/234234234-49.jpg","datePublished":"2021-12-29T10:45:25+00:00","dateModified":"2026-01-17T11:32:12+00:00","description":"Dikenli top tasar\u0131m\u0131 ile di\u015f ka\u015f\u0131maya yard\u0131mc\u0131 Dayan\u0131kl\u0131 malzemeden yap\u0131lm\u0131\u015f, di\u015f temizli\u011fi i\u00e7in \u0131s\u0131rmaya dayan\u0131kl\u0131 ve etkilidir. Sesler \u00e7\u0131kar\u0131r ve dikkat \u00e7ekmesi i\u00e7in idealdir.","breadcrumb":{"@id":"https:\/\/www.peraavm.com\/index.php\/urun\/renkli-kedi-kopek-isirma-topu-sesli-dikenli-top-tasarimi-dis-kasimaya-yardimci-kopek-isirma-sesli\/#breadcrumb"},"inLanguage":"tr","potentialAction":[{"@type":"ReadAction","target":["https:\/\/www.peraavm.com\/index.php\/urun\/renkli-kedi-kopek-isirma-topu-sesli-dikenli-top-tasarimi-dis-kasimaya-yardimci-kopek-isirma-sesli\/"]}]},{"@type":"ImageObject","inLanguage":"tr","@id":"https:\/\/www.peraavm.com\/index.php\/urun\/renkli-kedi-kopek-isirma-topu-sesli-dikenli-top-tasarimi-dis-kasimaya-yardimci-kopek-isirma-sesli\/#primaryimage","url":"https:\/\/www.peraavm.com\/wp-content\/uploads\/2021\/12\/234234234-49.jpg","contentUrl":"https:\/\/www.peraavm.com\/wp-content\/uploads\/2021\/12\/234234234-49.jpg","width":300,"height":300},{"@type":"BreadcrumbList","@id":"https:\/\/www.peraavm.com\/index.php\/urun\/renkli-kedi-kopek-isirma-topu-sesli-dikenli-top-tasarimi-dis-kasimaya-yardimci-kopek-isirma-sesli\/#breadcrumb","itemListElement":[{"@type":"ListItem","position":1,"name":"Anasayfa","item":"https:\/\/www.peraavm.com\/"},{"@type":"ListItem","position":2,"name":"Magaza","item":"https:\/\/www.peraavm.com\/index.php\/magaza\/"},{"@type":"ListItem","position":3,"name":"Renkli Kedi K\u00f6pek Is\u0131rma Topu Sesli Dikenli Top Tasar\u0131m\u0131 Di\u015f Ka\u015f\u0131maya Yard\u0131mc\u0131 K\u00f6pek Is\u0131rma Sesli"}]},{"@type":"WebSite","@id":"https:\/\/www.peraavm.com\/#website","url":"https:\/\/www.peraavm.com\/","name":"Pratikmagazam.com","description":"","publisher":{"@id":"https:\/\/www.peraavm.com\/#organization"},"potentialAction":[{"@type":"SearchAction","target":{"@type":"EntryPoint","urlTemplate":"https:\/\/www.peraavm.com\/?s={search_term_string}"},"query-input":{"@type":"PropertyValueSpecification","valueRequired":true,"valueName":"search_term_string"}}],"inLanguage":"tr"},{"@type":"Organization","@id":"https:\/\/www.peraavm.com\/#organization","name":"pratikmagazam.com","url":"https:\/\/www.peraavm.com\/","logo":{"@type":"ImageObject","inLanguage":"tr","@id":"https:\/\/www.peraavm.com\/#\/schema\/logo\/image\/","url":"https:\/\/www.pratikmagazam.com\/wp-content\/uploads\/2021\/11\/Ekran-Resmi-2021-11-17-08.16.13.png","contentUrl":"https:\/\/www.pratikmagazam.com\/wp-content\/uploads\/2021\/11\/Ekran-Resmi-2021-11-17-08.16.13.png","width":477,"height":135,"caption":"pratikmagazam.com"},"image":{"@id":"https:\/\/www.peraavm.com\/#\/schema\/logo\/image\/"},"sameAs":["https:\/\/instagram.com\/pratikmagazam?utm_medium=copy_link"]}]}},"_links":{"self":[{"href":"https:\/\/www.peraavm.com\/index.php\/wp-json\/wp\/v2\/product\/2009","targetHints":{"allow":["GET"]}}],"collection":[{"href":"https:\/\/www.peraavm.com\/index.php\/wp-json\/wp\/v2\/product"}],"about":[{"href":"https:\/\/www.peraavm.com\/index.php\/wp-json\/wp\/v2\/types\/product"}],"replies":[{"embeddable":true,"href":"https:\/\/www.peraavm.com\/index.php\/wp-json\/wp\/v2\/comments?post=2009"}],"wp:featuredmedia":[{"embeddable":true,"href":"https:\/\/www.peraavm.com\/index.php\/wp-json\/wp\/v2\/media\/2010"}],"wp:attachment":[{"href":"https:\/\/www.peraavm.com\/index.php\/wp-json\/wp\/v2\/media?parent=2009"}],"wp:term":[{"taxonomy":"product_brand","embeddable":true,"href":"https:\/\/www.peraavm.com\/index.php\/wp-json\/wp\/v2\/product_brand?post=2009"},{"taxonomy":"product_cat","embeddable":true,"href":"https:\/\/www.peraavm.com\/index.php\/wp-json\/wp\/v2\/product_cat?post=2009"},{"taxonomy":"product_tag","embeddable":true,"href":"https:\/\/www.peraavm.com\/index.php\/wp-json\/wp\/v2\/product_tag?post=2009"}],"curies":[{"name":"wp","href":"https:\/\/api.w.org\/{rel}","templated":true}]}}