{"id":2058,"date":"2021-12-31T08:56:33","date_gmt":"2021-12-31T08:56:33","guid":{"rendered":"https:\/\/www.pratikmagazam.com\/?post_type=product&#038;p=2058"},"modified":"2026-01-17T11:30:10","modified_gmt":"2026-01-17T11:30:10","slug":"sekilli-sebze-ve-meyve-dilimleyici-tirtikli-pratik-patates-dilimleme","status":"publish","type":"product","link":"https:\/\/www.peraavm.com\/index.php\/urun\/sekilli-sebze-ve-meyve-dilimleyici-tirtikli-pratik-patates-dilimleme\/","title":{"rendered":"\u015eekilli Sebze Ve Meyve Dilimleyici T\u0131rt\u0131kl\u0131 Pratik Patates Dilimleme"},"content":{"rendered":"<ul class=\"detail-desc-list\">\n<li class=\"detail-desc-item\">\u015eekilli Sebze Ve Meyve Dilimleyici T\u0131rt\u0131kl\u0131 Pratik Patates Dilimleme \u015eekilli sebze ve meyve dilimleyici ile h\u0131zl\u0131 ve kolayca \u015fekilli harika dilimler elde edin&#8230;<\/li>\n<li class=\"detail-desc-item\">\u00dcr\u00fcn \u00f6zellikleri:<\/li>\n<li class=\"detail-desc-item\">\u00dcr\u00fcnle h\u0131zl\u0131 ve pratik bir \u015fekilde harika dilimler \u00e7\u0131karabilirsiniz.<\/li>\n<li class=\"detail-desc-item\">\u00dcr\u00fcn kesinlikle paslanma kararma yapmaz.<\/li>\n<li class=\"detail-desc-item\">Olduk\u00e7a sa\u011fl\u0131kl\u0131 maddelerden \u00fcretilmi\u015ftir.<\/li>\n<li class=\"detail-desc-item\">Paket i\u00e7eri\u011fi: 1 adet \u015fekilli sebze ve meyve dilimleyici<\/li>\n<li class=\"detail-desc-item\">Stoklar\u0131m\u0131zda bulunan renklerden kar\u0131\u015f\u0131k olarak g\u00f6nderilecektir.<\/li>\n<li class=\"detail-desc-item\">Tutma k\u0131sm\u0131 plastik malzemeden imal edilmi\u015ftir.<\/li>\n<li class=\"detail-desc-item\">Keskin yap\u0131s\u0131yla sert sebze ve meyveleri de kolayca dilimleyecektir.<\/li>\n<li class=\"detail-desc-item\">Paket \u0130\u00e7eri\u011fi:<\/li>\n<li class=\"detail-desc-item\">1 adet T\u0131rt\u0131kl\u0131 Patates Cips Yapma Aparat\u0131 Chips Chopper.<\/li>\n<\/ul>\n","protected":false},"excerpt":{"rendered":"<ul class=\"detail-desc-list\">\n<li class=\"detail-desc-item\">\u015eekilli Sebze Ve Meyve Dilimleyici T\u0131rt\u0131kl\u0131 Pratik Patates Dilimleme \u015eekilli sebze ve meyve dilimleyici ile h\u0131zl\u0131 ve kolayca \u015fekilli harika dilimler elde edin&#8230;<\/li>\n<li class=\"detail-desc-item\">\u00dcr\u00fcn \u00f6zellikleri:<\/li>\n<li class=\"detail-desc-item\">\u00dcr\u00fcnle h\u0131zl\u0131 ve pratik bir \u015fekilde harika dilimler \u00e7\u0131karabilirsiniz.<\/li>\n<li class=\"detail-desc-item\">\u00dcr\u00fcn kesinlikle paslanma kararma yapmaz.<\/li>\n<li class=\"detail-desc-item\">Olduk\u00e7a sa\u011fl\u0131kl\u0131 maddelerden \u00fcretilmi\u015ftir.<\/li>\n<li class=\"detail-desc-item\">Paket i\u00e7eri\u011fi: 1 adet \u015fekilli sebze ve meyve dilimleyici<\/li>\n<li class=\"detail-desc-item\">Stoklar\u0131m\u0131zda bulunan renklerden kar\u0131\u015f\u0131k olarak g\u00f6nderilecektir.<\/li>\n<li class=\"detail-desc-item\">Tutma k\u0131sm\u0131 plastik malzemeden imal edilmi\u015ftir.<\/li>\n<li class=\"detail-desc-item\">Keskin yap\u0131s\u0131yla sert sebze ve meyveleri de kolayca dilimleyecektir.<\/li>\n<li class=\"detail-desc-item\">Paket \u0130\u00e7eri\u011fi:<\/li>\n<li class=\"detail-desc-item\">1 adet T\u0131rt\u0131kl\u0131 Patates Cips Yapma Aparat\u0131 Chips Chopper.<\/li>\n<\/ul>\n","protected":false},"featured_media":2059,"comment_status":"open","ping_status":"closed","template":"","meta":[],"product_brand":[],"product_cat":[37,29,15],"product_tag":[],"class_list":{"0":"post-2058","1":"product","2":"type-product","3":"status-publish","4":"has-post-thumbnail","6":"product_cat-ev-gerecleri","7":"product_cat-mutfak-gerecleri","8":"product_cat-tum-urunler","10":"first","11":"instock","12":"sale","13":"taxable","14":"shipping-taxable","15":"purchasable","16":"product-type-simple"},"yoast_head":"<!-- This site is optimized with the Yoast SEO plugin v27.2 - https:\/\/yoast.com\/product\/yoast-seo-wordpress\/ -->\n<title>\u015eekilli Sebze Ve Meyve Dilimleyici T\u0131rt\u0131kl\u0131 Pratik Patates Dilimleme |<\/title>\n<meta name=\"description\" content=\"\u015eekilli Sebze Ve Meyve Dilimleyici T\u0131rt\u0131kl\u0131 Pratik Patates Dilimleme \u015eekilli sebze ve meyve dilimleyici ile h\u0131zl\u0131 ve kolayca \u015fekilli harika dilimler elde edin...\u00dcr\u00fcn \u00f6zellikleri:\u00dcr\u00fcnle h\u0131zl\u0131 ve pratik bir \u015fekilde harika dilimler \u00e7\u0131karabilirsiniz.\u00dcr\u00fcn kesinlikle paslanma kararma yapmaz.Olduk\u00e7a sa\u011fl\u0131kl\u0131 maddelerden \u00fcretilmi\u015ftir.Paket i\u00e7eri\u011fi: 1 adet \u015fekilli sebze ve meyve dilimleyiciStoklar\u0131m\u0131zda bulunan renklerden kar\u0131\u015f\u0131k olarak g\u00f6nderilecektir.Tutma k\u0131sm\u0131 plastik malzemeden imal edilmi\u015ftir.Keskin yap\u0131s\u0131yla sert sebze ve meyveleri de kolayca dilimleyecektir.Paket \u0130\u00e7eri\u011fi:1 adet T\u0131rt\u0131kl\u0131 Patates Cips Yapma Aparat\u0131 Chips Chopper.\" \/>\n<meta name=\"robots\" content=\"index, follow, max-snippet:-1, max-image-preview:large, max-video-preview:-1\" \/>\n<link rel=\"canonical\" href=\"https:\/\/www.peraavm.com\/index.php\/urun\/sekilli-sebze-ve-meyve-dilimleyici-tirtikli-pratik-patates-dilimleme\/\" \/>\n<meta property=\"og:locale\" content=\"tr_TR\" \/>\n<meta property=\"og:type\" content=\"article\" \/>\n<meta property=\"og:title\" content=\"\u015eekilli Sebze Ve Meyve Dilimleyici T\u0131rt\u0131kl\u0131 Pratik Patates Dilimleme |\" \/>\n<meta property=\"og:description\" content=\"\u015eekilli Sebze Ve Meyve Dilimleyici T\u0131rt\u0131kl\u0131 Pratik Patates Dilimleme \u015eekilli sebze ve meyve dilimleyici ile h\u0131zl\u0131 ve kolayca \u015fekilli harika dilimler elde edin...\u00dcr\u00fcn \u00f6zellikleri:\u00dcr\u00fcnle h\u0131zl\u0131 ve pratik bir \u015fekilde harika dilimler \u00e7\u0131karabilirsiniz.\u00dcr\u00fcn kesinlikle paslanma kararma yapmaz.Olduk\u00e7a sa\u011fl\u0131kl\u0131 maddelerden \u00fcretilmi\u015ftir.Paket i\u00e7eri\u011fi: 1 adet \u015fekilli sebze ve meyve dilimleyiciStoklar\u0131m\u0131zda bulunan renklerden kar\u0131\u015f\u0131k olarak g\u00f6nderilecektir.Tutma k\u0131sm\u0131 plastik malzemeden imal edilmi\u015ftir.Keskin yap\u0131s\u0131yla sert sebze ve meyveleri de kolayca dilimleyecektir.Paket \u0130\u00e7eri\u011fi:1 adet T\u0131rt\u0131kl\u0131 Patates Cips Yapma Aparat\u0131 Chips Chopper.\" \/>\n<meta property=\"og:url\" content=\"https:\/\/www.peraavm.com\/index.php\/urun\/sekilli-sebze-ve-meyve-dilimleyici-tirtikli-pratik-patates-dilimleme\/\" \/>\n<meta property=\"article:modified_time\" content=\"2026-01-17T11:30:10+00:00\" \/>\n<meta property=\"og:image\" content=\"https:\/\/www.peraavm.com\/wp-content\/uploads\/2021\/12\/234234-2.jpg\" \/>\n\t<meta property=\"og:image:width\" content=\"300\" \/>\n\t<meta property=\"og:image:height\" content=\"300\" \/>\n\t<meta property=\"og:image:type\" content=\"image\/jpeg\" \/>\n<meta name=\"twitter:card\" content=\"summary_large_image\" \/>\n<meta name=\"twitter:label1\" content=\"Tahmini okuma s\u00fcresi\" \/>\n\t<meta name=\"twitter:data1\" content=\"1 dakika\" \/>\n<script type=\"application\/ld+json\" class=\"yoast-schema-graph\">{\"@context\":\"https:\/\/schema.org\",\"@graph\":[{\"@type\":\"WebPage\",\"@id\":\"https:\/\/www.peraavm.com\/index.php\/urun\/sekilli-sebze-ve-meyve-dilimleyici-tirtikli-pratik-patates-dilimleme\/\",\"url\":\"https:\/\/www.peraavm.com\/index.php\/urun\/sekilli-sebze-ve-meyve-dilimleyici-tirtikli-pratik-patates-dilimleme\/\",\"name\":\"\u015eekilli Sebze Ve Meyve Dilimleyici T\u0131rt\u0131kl\u0131 Pratik Patates Dilimleme |\",\"isPartOf\":{\"@id\":\"https:\/\/www.peraavm.com\/#website\"},\"primaryImageOfPage\":{\"@id\":\"https:\/\/www.peraavm.com\/index.php\/urun\/sekilli-sebze-ve-meyve-dilimleyici-tirtikli-pratik-patates-dilimleme\/#primaryimage\"},\"image\":{\"@id\":\"https:\/\/www.peraavm.com\/index.php\/urun\/sekilli-sebze-ve-meyve-dilimleyici-tirtikli-pratik-patates-dilimleme\/#primaryimage\"},\"thumbnailUrl\":\"https:\/\/www.peraavm.com\/wp-content\/uploads\/2021\/12\/234234-2.jpg\",\"datePublished\":\"2021-12-31T08:56:33+00:00\",\"dateModified\":\"2026-01-17T11:30:10+00:00\",\"description\":\"\u015eekilli Sebze Ve Meyve Dilimleyici T\u0131rt\u0131kl\u0131 Pratik Patates Dilimleme \u015eekilli sebze ve meyve dilimleyici ile h\u0131zl\u0131 ve kolayca \u015fekilli harika dilimler elde edin...\u00dcr\u00fcn \u00f6zellikleri:\u00dcr\u00fcnle h\u0131zl\u0131 ve pratik bir \u015fekilde harika dilimler \u00e7\u0131karabilirsiniz.\u00dcr\u00fcn kesinlikle paslanma kararma yapmaz.Olduk\u00e7a sa\u011fl\u0131kl\u0131 maddelerden \u00fcretilmi\u015ftir.Paket i\u00e7eri\u011fi: 1 adet \u015fekilli sebze ve meyve dilimleyiciStoklar\u0131m\u0131zda bulunan renklerden kar\u0131\u015f\u0131k olarak g\u00f6nderilecektir.Tutma k\u0131sm\u0131 plastik malzemeden imal edilmi\u015ftir.Keskin yap\u0131s\u0131yla sert sebze ve meyveleri de kolayca dilimleyecektir.Paket \u0130\u00e7eri\u011fi:1 adet T\u0131rt\u0131kl\u0131 Patates Cips Yapma Aparat\u0131 Chips Chopper.\",\"breadcrumb\":{\"@id\":\"https:\/\/www.peraavm.com\/index.php\/urun\/sekilli-sebze-ve-meyve-dilimleyici-tirtikli-pratik-patates-dilimleme\/#breadcrumb\"},\"inLanguage\":\"tr\",\"potentialAction\":[{\"@type\":\"ReadAction\",\"target\":[\"https:\/\/www.peraavm.com\/index.php\/urun\/sekilli-sebze-ve-meyve-dilimleyici-tirtikli-pratik-patates-dilimleme\/\"]}]},{\"@type\":\"ImageObject\",\"inLanguage\":\"tr\",\"@id\":\"https:\/\/www.peraavm.com\/index.php\/urun\/sekilli-sebze-ve-meyve-dilimleyici-tirtikli-pratik-patates-dilimleme\/#primaryimage\",\"url\":\"https:\/\/www.peraavm.com\/wp-content\/uploads\/2021\/12\/234234-2.jpg\",\"contentUrl\":\"https:\/\/www.peraavm.com\/wp-content\/uploads\/2021\/12\/234234-2.jpg\",\"width\":300,\"height\":300},{\"@type\":\"BreadcrumbList\",\"@id\":\"https:\/\/www.peraavm.com\/index.php\/urun\/sekilli-sebze-ve-meyve-dilimleyici-tirtikli-pratik-patates-dilimleme\/#breadcrumb\",\"itemListElement\":[{\"@type\":\"ListItem\",\"position\":1,\"name\":\"Anasayfa\",\"item\":\"https:\/\/www.peraavm.com\/\"},{\"@type\":\"ListItem\",\"position\":2,\"name\":\"Magaza\",\"item\":\"https:\/\/www.peraavm.com\/index.php\/magaza\/\"},{\"@type\":\"ListItem\",\"position\":3,\"name\":\"\u015eekilli Sebze Ve Meyve Dilimleyici T\u0131rt\u0131kl\u0131 Pratik Patates Dilimleme\"}]},{\"@type\":\"WebSite\",\"@id\":\"https:\/\/www.peraavm.com\/#website\",\"url\":\"https:\/\/www.peraavm.com\/\",\"name\":\"Pratikmagazam.com\",\"description\":\"\",\"publisher\":{\"@id\":\"https:\/\/www.peraavm.com\/#organization\"},\"potentialAction\":[{\"@type\":\"SearchAction\",\"target\":{\"@type\":\"EntryPoint\",\"urlTemplate\":\"https:\/\/www.peraavm.com\/?s={search_term_string}\"},\"query-input\":{\"@type\":\"PropertyValueSpecification\",\"valueRequired\":true,\"valueName\":\"search_term_string\"}}],\"inLanguage\":\"tr\"},{\"@type\":\"Organization\",\"@id\":\"https:\/\/www.peraavm.com\/#organization\",\"name\":\"pratikmagazam.com\",\"url\":\"https:\/\/www.peraavm.com\/\",\"logo\":{\"@type\":\"ImageObject\",\"inLanguage\":\"tr\",\"@id\":\"https:\/\/www.peraavm.com\/#\/schema\/logo\/image\/\",\"url\":\"https:\/\/www.pratikmagazam.com\/wp-content\/uploads\/2021\/11\/Ekran-Resmi-2021-11-17-08.16.13.png\",\"contentUrl\":\"https:\/\/www.pratikmagazam.com\/wp-content\/uploads\/2021\/11\/Ekran-Resmi-2021-11-17-08.16.13.png\",\"width\":477,\"height\":135,\"caption\":\"pratikmagazam.com\"},\"image\":{\"@id\":\"https:\/\/www.peraavm.com\/#\/schema\/logo\/image\/\"},\"sameAs\":[\"https:\/\/instagram.com\/pratikmagazam?utm_medium=copy_link\"]}]}<\/script>\n<!-- \/ Yoast SEO plugin. -->","yoast_head_json":{"title":"\u015eekilli Sebze Ve Meyve Dilimleyici T\u0131rt\u0131kl\u0131 Pratik Patates Dilimleme |","description":"\u015eekilli Sebze Ve Meyve Dilimleyici T\u0131rt\u0131kl\u0131 Pratik Patates Dilimleme \u015eekilli sebze ve meyve dilimleyici ile h\u0131zl\u0131 ve kolayca \u015fekilli harika dilimler elde edin...\u00dcr\u00fcn \u00f6zellikleri:\u00dcr\u00fcnle h\u0131zl\u0131 ve pratik bir \u015fekilde harika dilimler \u00e7\u0131karabilirsiniz.\u00dcr\u00fcn kesinlikle paslanma kararma yapmaz.Olduk\u00e7a sa\u011fl\u0131kl\u0131 maddelerden \u00fcretilmi\u015ftir.Paket i\u00e7eri\u011fi: 1 adet \u015fekilli sebze ve meyve dilimleyiciStoklar\u0131m\u0131zda bulunan renklerden kar\u0131\u015f\u0131k olarak g\u00f6nderilecektir.Tutma k\u0131sm\u0131 plastik malzemeden imal edilmi\u015ftir.Keskin yap\u0131s\u0131yla sert sebze ve meyveleri de kolayca dilimleyecektir.Paket \u0130\u00e7eri\u011fi:1 adet T\u0131rt\u0131kl\u0131 Patates Cips Yapma Aparat\u0131 Chips Chopper.","robots":{"index":"index","follow":"follow","max-snippet":"max-snippet:-1","max-image-preview":"max-image-preview:large","max-video-preview":"max-video-preview:-1"},"canonical":"https:\/\/www.peraavm.com\/index.php\/urun\/sekilli-sebze-ve-meyve-dilimleyici-tirtikli-pratik-patates-dilimleme\/","og_locale":"tr_TR","og_type":"article","og_title":"\u015eekilli Sebze Ve Meyve Dilimleyici T\u0131rt\u0131kl\u0131 Pratik Patates Dilimleme |","og_description":"\u015eekilli Sebze Ve Meyve Dilimleyici T\u0131rt\u0131kl\u0131 Pratik Patates Dilimleme \u015eekilli sebze ve meyve dilimleyici ile h\u0131zl\u0131 ve kolayca \u015fekilli harika dilimler elde edin...\u00dcr\u00fcn \u00f6zellikleri:\u00dcr\u00fcnle h\u0131zl\u0131 ve pratik bir \u015fekilde harika dilimler \u00e7\u0131karabilirsiniz.\u00dcr\u00fcn kesinlikle paslanma kararma yapmaz.Olduk\u00e7a sa\u011fl\u0131kl\u0131 maddelerden \u00fcretilmi\u015ftir.Paket i\u00e7eri\u011fi: 1 adet \u015fekilli sebze ve meyve dilimleyiciStoklar\u0131m\u0131zda bulunan renklerden kar\u0131\u015f\u0131k olarak g\u00f6nderilecektir.Tutma k\u0131sm\u0131 plastik malzemeden imal edilmi\u015ftir.Keskin yap\u0131s\u0131yla sert sebze ve meyveleri de kolayca dilimleyecektir.Paket \u0130\u00e7eri\u011fi:1 adet T\u0131rt\u0131kl\u0131 Patates Cips Yapma Aparat\u0131 Chips Chopper.","og_url":"https:\/\/www.peraavm.com\/index.php\/urun\/sekilli-sebze-ve-meyve-dilimleyici-tirtikli-pratik-patates-dilimleme\/","article_modified_time":"2026-01-17T11:30:10+00:00","og_image":[{"width":300,"height":300,"url":"https:\/\/www.peraavm.com\/wp-content\/uploads\/2021\/12\/234234-2.jpg","type":"image\/jpeg"}],"twitter_card":"summary_large_image","twitter_misc":{"Tahmini okuma s\u00fcresi":"1 dakika"},"schema":{"@context":"https:\/\/schema.org","@graph":[{"@type":"WebPage","@id":"https:\/\/www.peraavm.com\/index.php\/urun\/sekilli-sebze-ve-meyve-dilimleyici-tirtikli-pratik-patates-dilimleme\/","url":"https:\/\/www.peraavm.com\/index.php\/urun\/sekilli-sebze-ve-meyve-dilimleyici-tirtikli-pratik-patates-dilimleme\/","name":"\u015eekilli Sebze Ve Meyve Dilimleyici T\u0131rt\u0131kl\u0131 Pratik Patates Dilimleme |","isPartOf":{"@id":"https:\/\/www.peraavm.com\/#website"},"primaryImageOfPage":{"@id":"https:\/\/www.peraavm.com\/index.php\/urun\/sekilli-sebze-ve-meyve-dilimleyici-tirtikli-pratik-patates-dilimleme\/#primaryimage"},"image":{"@id":"https:\/\/www.peraavm.com\/index.php\/urun\/sekilli-sebze-ve-meyve-dilimleyici-tirtikli-pratik-patates-dilimleme\/#primaryimage"},"thumbnailUrl":"https:\/\/www.peraavm.com\/wp-content\/uploads\/2021\/12\/234234-2.jpg","datePublished":"2021-12-31T08:56:33+00:00","dateModified":"2026-01-17T11:30:10+00:00","description":"\u015eekilli Sebze Ve Meyve Dilimleyici T\u0131rt\u0131kl\u0131 Pratik Patates Dilimleme \u015eekilli sebze ve meyve dilimleyici ile h\u0131zl\u0131 ve kolayca \u015fekilli harika dilimler elde edin...\u00dcr\u00fcn \u00f6zellikleri:\u00dcr\u00fcnle h\u0131zl\u0131 ve pratik bir \u015fekilde harika dilimler \u00e7\u0131karabilirsiniz.\u00dcr\u00fcn kesinlikle paslanma kararma yapmaz.Olduk\u00e7a sa\u011fl\u0131kl\u0131 maddelerden \u00fcretilmi\u015ftir.Paket i\u00e7eri\u011fi: 1 adet \u015fekilli sebze ve meyve dilimleyiciStoklar\u0131m\u0131zda bulunan renklerden kar\u0131\u015f\u0131k olarak g\u00f6nderilecektir.Tutma k\u0131sm\u0131 plastik malzemeden imal edilmi\u015ftir.Keskin yap\u0131s\u0131yla sert sebze ve meyveleri de kolayca dilimleyecektir.Paket \u0130\u00e7eri\u011fi:1 adet T\u0131rt\u0131kl\u0131 Patates Cips Yapma Aparat\u0131 Chips Chopper.","breadcrumb":{"@id":"https:\/\/www.peraavm.com\/index.php\/urun\/sekilli-sebze-ve-meyve-dilimleyici-tirtikli-pratik-patates-dilimleme\/#breadcrumb"},"inLanguage":"tr","potentialAction":[{"@type":"ReadAction","target":["https:\/\/www.peraavm.com\/index.php\/urun\/sekilli-sebze-ve-meyve-dilimleyici-tirtikli-pratik-patates-dilimleme\/"]}]},{"@type":"ImageObject","inLanguage":"tr","@id":"https:\/\/www.peraavm.com\/index.php\/urun\/sekilli-sebze-ve-meyve-dilimleyici-tirtikli-pratik-patates-dilimleme\/#primaryimage","url":"https:\/\/www.peraavm.com\/wp-content\/uploads\/2021\/12\/234234-2.jpg","contentUrl":"https:\/\/www.peraavm.com\/wp-content\/uploads\/2021\/12\/234234-2.jpg","width":300,"height":300},{"@type":"BreadcrumbList","@id":"https:\/\/www.peraavm.com\/index.php\/urun\/sekilli-sebze-ve-meyve-dilimleyici-tirtikli-pratik-patates-dilimleme\/#breadcrumb","itemListElement":[{"@type":"ListItem","position":1,"name":"Anasayfa","item":"https:\/\/www.peraavm.com\/"},{"@type":"ListItem","position":2,"name":"Magaza","item":"https:\/\/www.peraavm.com\/index.php\/magaza\/"},{"@type":"ListItem","position":3,"name":"\u015eekilli Sebze Ve Meyve Dilimleyici T\u0131rt\u0131kl\u0131 Pratik Patates Dilimleme"}]},{"@type":"WebSite","@id":"https:\/\/www.peraavm.com\/#website","url":"https:\/\/www.peraavm.com\/","name":"Pratikmagazam.com","description":"","publisher":{"@id":"https:\/\/www.peraavm.com\/#organization"},"potentialAction":[{"@type":"SearchAction","target":{"@type":"EntryPoint","urlTemplate":"https:\/\/www.peraavm.com\/?s={search_term_string}"},"query-input":{"@type":"PropertyValueSpecification","valueRequired":true,"valueName":"search_term_string"}}],"inLanguage":"tr"},{"@type":"Organization","@id":"https:\/\/www.peraavm.com\/#organization","name":"pratikmagazam.com","url":"https:\/\/www.peraavm.com\/","logo":{"@type":"ImageObject","inLanguage":"tr","@id":"https:\/\/www.peraavm.com\/#\/schema\/logo\/image\/","url":"https:\/\/www.pratikmagazam.com\/wp-content\/uploads\/2021\/11\/Ekran-Resmi-2021-11-17-08.16.13.png","contentUrl":"https:\/\/www.pratikmagazam.com\/wp-content\/uploads\/2021\/11\/Ekran-Resmi-2021-11-17-08.16.13.png","width":477,"height":135,"caption":"pratikmagazam.com"},"image":{"@id":"https:\/\/www.peraavm.com\/#\/schema\/logo\/image\/"},"sameAs":["https:\/\/instagram.com\/pratikmagazam?utm_medium=copy_link"]}]}},"_links":{"self":[{"href":"https:\/\/www.peraavm.com\/index.php\/wp-json\/wp\/v2\/product\/2058","targetHints":{"allow":["GET"]}}],"collection":[{"href":"https:\/\/www.peraavm.com\/index.php\/wp-json\/wp\/v2\/product"}],"about":[{"href":"https:\/\/www.peraavm.com\/index.php\/wp-json\/wp\/v2\/types\/product"}],"replies":[{"embeddable":true,"href":"https:\/\/www.peraavm.com\/index.php\/wp-json\/wp\/v2\/comments?post=2058"}],"wp:featuredmedia":[{"embeddable":true,"href":"https:\/\/www.peraavm.com\/index.php\/wp-json\/wp\/v2\/media\/2059"}],"wp:attachment":[{"href":"https:\/\/www.peraavm.com\/index.php\/wp-json\/wp\/v2\/media?parent=2058"}],"wp:term":[{"taxonomy":"product_brand","embeddable":true,"href":"https:\/\/www.peraavm.com\/index.php\/wp-json\/wp\/v2\/product_brand?post=2058"},{"taxonomy":"product_cat","embeddable":true,"href":"https:\/\/www.peraavm.com\/index.php\/wp-json\/wp\/v2\/product_cat?post=2058"},{"taxonomy":"product_tag","embeddable":true,"href":"https:\/\/www.peraavm.com\/index.php\/wp-json\/wp\/v2\/product_tag?post=2058"}],"curies":[{"name":"wp","href":"https:\/\/api.w.org\/{rel}","templated":true}]}}