{"id":2100,"date":"2022-01-03T12:30:28","date_gmt":"2022-01-03T12:30:28","guid":{"rendered":"https:\/\/www.pratikmagazam.com\/?post_type=product&#038;p=2100"},"modified":"2023-12-22T14:15:36","modified_gmt":"2023-12-22T14:15:36","slug":"mermer-desenli-cam-sivi-sabunluk","status":"publish","type":"product","link":"https:\/\/www.peraavm.com\/index.php\/urun\/mermer-desenli-cam-sivi-sabunluk\/","title":{"rendered":"Mermer Desenli Cam S\u0131v\u0131 Sabunluk"},"content":{"rendered":"<ul class=\"detail-desc-list\">\n<li class=\"detail-desc-item\">Mermer desenin g\u00f6z al\u0131c\u0131l\u0131 formuyla beraber bu s\u0131v\u0131 sabunluk modeli ile banyonuzun tarz\u0131n\u0131 yenileyebilirsiniz. Kaliteli ve uygun fiyatl\u0131 sabunluk modelleri ile banyonuzda hijyeni sa\u011flay\u0131n.. \u2022. Mermer desenli sabunluk \u00fcr\u00fcn \u00f6zellikleri \u2022 malzeme : Cam \u2022. Y\u00fckseklik : 18cm<\/li>\n<\/ul>\n","protected":false},"excerpt":{"rendered":"<ul class=\"detail-desc-list\">\n<li class=\"detail-desc-item\">Mermer desenin g\u00f6z al\u0131c\u0131l\u0131 formuyla beraber bu s\u0131v\u0131 sabunluk modeli ile banyonuzun tarz\u0131n\u0131 yenileyebilirsiniz.<\/li>\n<\/ul>\n","protected":false},"featured_media":2101,"comment_status":"open","ping_status":"closed","template":"","meta":[],"product_brand":[],"product_cat":[30,37,15],"product_tag":[],"class_list":{"0":"post-2100","1":"product","2":"type-product","3":"status-publish","4":"has-post-thumbnail","6":"product_cat-banyo-gerecleri","7":"product_cat-ev-gerecleri","8":"product_cat-tum-urunler","10":"first","11":"instock","12":"sale","13":"taxable","14":"shipping-taxable","15":"purchasable","16":"product-type-simple"},"yoast_head":"<!-- This site is optimized with the Yoast SEO plugin v27.2 - https:\/\/yoast.com\/product\/yoast-seo-wordpress\/ -->\n<title>Mermer Desenli Cam S\u0131v\u0131 Sabunluk |<\/title>\n<meta name=\"description\" content=\"Mermer desenin g\u00f6z al\u0131c\u0131l\u0131 formuyla beraber bu s\u0131v\u0131 sabunluk modeli ile banyonuzun tarz\u0131n\u0131 yenileyebilirsiniz. Kaliteli ve uygun fiyatl\u0131 sabunluk modelleri ile banyonuzda hijyeni sa\u011flay\u0131n.. \u2022. Mermer desenli sabunluk \u00fcr\u00fcn \u00f6zellikleri \u2022 malzeme : Cam \u2022. Y\u00fckseklik : 18cm\" \/>\n<meta name=\"robots\" content=\"index, follow, max-snippet:-1, max-image-preview:large, max-video-preview:-1\" \/>\n<link rel=\"canonical\" href=\"https:\/\/www.peraavm.com\/index.php\/urun\/mermer-desenli-cam-sivi-sabunluk\/\" \/>\n<meta property=\"og:locale\" content=\"tr_TR\" \/>\n<meta property=\"og:type\" content=\"article\" \/>\n<meta property=\"og:title\" content=\"Mermer Desenli Cam S\u0131v\u0131 Sabunluk |\" \/>\n<meta property=\"og:description\" content=\"Mermer desenin g\u00f6z al\u0131c\u0131l\u0131 formuyla beraber bu s\u0131v\u0131 sabunluk modeli ile banyonuzun tarz\u0131n\u0131 yenileyebilirsiniz. Kaliteli ve uygun fiyatl\u0131 sabunluk modelleri ile banyonuzda hijyeni sa\u011flay\u0131n.. \u2022. Mermer desenli sabunluk \u00fcr\u00fcn \u00f6zellikleri \u2022 malzeme : Cam \u2022. Y\u00fckseklik : 18cm\" \/>\n<meta property=\"og:url\" content=\"https:\/\/www.peraavm.com\/index.php\/urun\/mermer-desenli-cam-sivi-sabunluk\/\" \/>\n<meta property=\"article:modified_time\" content=\"2023-12-22T14:15:36+00:00\" \/>\n<meta property=\"og:image\" content=\"https:\/\/www.peraavm.com\/wp-content\/uploads\/2022\/01\/234234234-5.jpg\" \/>\n\t<meta property=\"og:image:width\" content=\"300\" \/>\n\t<meta property=\"og:image:height\" content=\"300\" \/>\n\t<meta property=\"og:image:type\" content=\"image\/jpeg\" \/>\n<meta name=\"twitter:card\" content=\"summary_large_image\" \/>\n<meta name=\"twitter:label1\" content=\"Tahmini okuma s\u00fcresi\" \/>\n\t<meta name=\"twitter:data1\" content=\"1 dakika\" \/>\n<script type=\"application\/ld+json\" class=\"yoast-schema-graph\">{\"@context\":\"https:\/\/schema.org\",\"@graph\":[{\"@type\":\"WebPage\",\"@id\":\"https:\/\/www.peraavm.com\/index.php\/urun\/mermer-desenli-cam-sivi-sabunluk\/\",\"url\":\"https:\/\/www.peraavm.com\/index.php\/urun\/mermer-desenli-cam-sivi-sabunluk\/\",\"name\":\"Mermer Desenli Cam S\u0131v\u0131 Sabunluk |\",\"isPartOf\":{\"@id\":\"https:\/\/www.peraavm.com\/#website\"},\"primaryImageOfPage\":{\"@id\":\"https:\/\/www.peraavm.com\/index.php\/urun\/mermer-desenli-cam-sivi-sabunluk\/#primaryimage\"},\"image\":{\"@id\":\"https:\/\/www.peraavm.com\/index.php\/urun\/mermer-desenli-cam-sivi-sabunluk\/#primaryimage\"},\"thumbnailUrl\":\"https:\/\/www.peraavm.com\/wp-content\/uploads\/2022\/01\/234234234-5.jpg\",\"datePublished\":\"2022-01-03T12:30:28+00:00\",\"dateModified\":\"2023-12-22T14:15:36+00:00\",\"description\":\"Mermer desenin g\u00f6z al\u0131c\u0131l\u0131 formuyla beraber bu s\u0131v\u0131 sabunluk modeli ile banyonuzun tarz\u0131n\u0131 yenileyebilirsiniz. Kaliteli ve uygun fiyatl\u0131 sabunluk modelleri ile banyonuzda hijyeni sa\u011flay\u0131n.. \u2022. Mermer desenli sabunluk \u00fcr\u00fcn \u00f6zellikleri \u2022 malzeme : Cam \u2022. Y\u00fckseklik : 18cm\",\"breadcrumb\":{\"@id\":\"https:\/\/www.peraavm.com\/index.php\/urun\/mermer-desenli-cam-sivi-sabunluk\/#breadcrumb\"},\"inLanguage\":\"tr\",\"potentialAction\":[{\"@type\":\"ReadAction\",\"target\":[\"https:\/\/www.peraavm.com\/index.php\/urun\/mermer-desenli-cam-sivi-sabunluk\/\"]}]},{\"@type\":\"ImageObject\",\"inLanguage\":\"tr\",\"@id\":\"https:\/\/www.peraavm.com\/index.php\/urun\/mermer-desenli-cam-sivi-sabunluk\/#primaryimage\",\"url\":\"https:\/\/www.peraavm.com\/wp-content\/uploads\/2022\/01\/234234234-5.jpg\",\"contentUrl\":\"https:\/\/www.peraavm.com\/wp-content\/uploads\/2022\/01\/234234234-5.jpg\",\"width\":300,\"height\":300},{\"@type\":\"BreadcrumbList\",\"@id\":\"https:\/\/www.peraavm.com\/index.php\/urun\/mermer-desenli-cam-sivi-sabunluk\/#breadcrumb\",\"itemListElement\":[{\"@type\":\"ListItem\",\"position\":1,\"name\":\"Anasayfa\",\"item\":\"https:\/\/www.peraavm.com\/\"},{\"@type\":\"ListItem\",\"position\":2,\"name\":\"Magaza\",\"item\":\"https:\/\/www.peraavm.com\/index.php\/magaza\/\"},{\"@type\":\"ListItem\",\"position\":3,\"name\":\"Mermer Desenli Cam S\u0131v\u0131 Sabunluk\"}]},{\"@type\":\"WebSite\",\"@id\":\"https:\/\/www.peraavm.com\/#website\",\"url\":\"https:\/\/www.peraavm.com\/\",\"name\":\"Pratikmagazam.com\",\"description\":\"\",\"publisher\":{\"@id\":\"https:\/\/www.peraavm.com\/#organization\"},\"potentialAction\":[{\"@type\":\"SearchAction\",\"target\":{\"@type\":\"EntryPoint\",\"urlTemplate\":\"https:\/\/www.peraavm.com\/?s={search_term_string}\"},\"query-input\":{\"@type\":\"PropertyValueSpecification\",\"valueRequired\":true,\"valueName\":\"search_term_string\"}}],\"inLanguage\":\"tr\"},{\"@type\":\"Organization\",\"@id\":\"https:\/\/www.peraavm.com\/#organization\",\"name\":\"pratikmagazam.com\",\"url\":\"https:\/\/www.peraavm.com\/\",\"logo\":{\"@type\":\"ImageObject\",\"inLanguage\":\"tr\",\"@id\":\"https:\/\/www.peraavm.com\/#\/schema\/logo\/image\/\",\"url\":\"https:\/\/www.pratikmagazam.com\/wp-content\/uploads\/2021\/11\/Ekran-Resmi-2021-11-17-08.16.13.png\",\"contentUrl\":\"https:\/\/www.pratikmagazam.com\/wp-content\/uploads\/2021\/11\/Ekran-Resmi-2021-11-17-08.16.13.png\",\"width\":477,\"height\":135,\"caption\":\"pratikmagazam.com\"},\"image\":{\"@id\":\"https:\/\/www.peraavm.com\/#\/schema\/logo\/image\/\"},\"sameAs\":[\"https:\/\/instagram.com\/pratikmagazam?utm_medium=copy_link\"]}]}<\/script>\n<!-- \/ Yoast SEO plugin. -->","yoast_head_json":{"title":"Mermer Desenli Cam S\u0131v\u0131 Sabunluk |","description":"Mermer desenin g\u00f6z al\u0131c\u0131l\u0131 formuyla beraber bu s\u0131v\u0131 sabunluk modeli ile banyonuzun tarz\u0131n\u0131 yenileyebilirsiniz. Kaliteli ve uygun fiyatl\u0131 sabunluk modelleri ile banyonuzda hijyeni sa\u011flay\u0131n.. \u2022. Mermer desenli sabunluk \u00fcr\u00fcn \u00f6zellikleri \u2022 malzeme : Cam \u2022. Y\u00fckseklik : 18cm","robots":{"index":"index","follow":"follow","max-snippet":"max-snippet:-1","max-image-preview":"max-image-preview:large","max-video-preview":"max-video-preview:-1"},"canonical":"https:\/\/www.peraavm.com\/index.php\/urun\/mermer-desenli-cam-sivi-sabunluk\/","og_locale":"tr_TR","og_type":"article","og_title":"Mermer Desenli Cam S\u0131v\u0131 Sabunluk |","og_description":"Mermer desenin g\u00f6z al\u0131c\u0131l\u0131 formuyla beraber bu s\u0131v\u0131 sabunluk modeli ile banyonuzun tarz\u0131n\u0131 yenileyebilirsiniz. Kaliteli ve uygun fiyatl\u0131 sabunluk modelleri ile banyonuzda hijyeni sa\u011flay\u0131n.. \u2022. Mermer desenli sabunluk \u00fcr\u00fcn \u00f6zellikleri \u2022 malzeme : Cam \u2022. Y\u00fckseklik : 18cm","og_url":"https:\/\/www.peraavm.com\/index.php\/urun\/mermer-desenli-cam-sivi-sabunluk\/","article_modified_time":"2023-12-22T14:15:36+00:00","og_image":[{"width":300,"height":300,"url":"https:\/\/www.peraavm.com\/wp-content\/uploads\/2022\/01\/234234234-5.jpg","type":"image\/jpeg"}],"twitter_card":"summary_large_image","twitter_misc":{"Tahmini okuma s\u00fcresi":"1 dakika"},"schema":{"@context":"https:\/\/schema.org","@graph":[{"@type":"WebPage","@id":"https:\/\/www.peraavm.com\/index.php\/urun\/mermer-desenli-cam-sivi-sabunluk\/","url":"https:\/\/www.peraavm.com\/index.php\/urun\/mermer-desenli-cam-sivi-sabunluk\/","name":"Mermer Desenli Cam S\u0131v\u0131 Sabunluk |","isPartOf":{"@id":"https:\/\/www.peraavm.com\/#website"},"primaryImageOfPage":{"@id":"https:\/\/www.peraavm.com\/index.php\/urun\/mermer-desenli-cam-sivi-sabunluk\/#primaryimage"},"image":{"@id":"https:\/\/www.peraavm.com\/index.php\/urun\/mermer-desenli-cam-sivi-sabunluk\/#primaryimage"},"thumbnailUrl":"https:\/\/www.peraavm.com\/wp-content\/uploads\/2022\/01\/234234234-5.jpg","datePublished":"2022-01-03T12:30:28+00:00","dateModified":"2023-12-22T14:15:36+00:00","description":"Mermer desenin g\u00f6z al\u0131c\u0131l\u0131 formuyla beraber bu s\u0131v\u0131 sabunluk modeli ile banyonuzun tarz\u0131n\u0131 yenileyebilirsiniz. Kaliteli ve uygun fiyatl\u0131 sabunluk modelleri ile banyonuzda hijyeni sa\u011flay\u0131n.. \u2022. Mermer desenli sabunluk \u00fcr\u00fcn \u00f6zellikleri \u2022 malzeme : Cam \u2022. Y\u00fckseklik : 18cm","breadcrumb":{"@id":"https:\/\/www.peraavm.com\/index.php\/urun\/mermer-desenli-cam-sivi-sabunluk\/#breadcrumb"},"inLanguage":"tr","potentialAction":[{"@type":"ReadAction","target":["https:\/\/www.peraavm.com\/index.php\/urun\/mermer-desenli-cam-sivi-sabunluk\/"]}]},{"@type":"ImageObject","inLanguage":"tr","@id":"https:\/\/www.peraavm.com\/index.php\/urun\/mermer-desenli-cam-sivi-sabunluk\/#primaryimage","url":"https:\/\/www.peraavm.com\/wp-content\/uploads\/2022\/01\/234234234-5.jpg","contentUrl":"https:\/\/www.peraavm.com\/wp-content\/uploads\/2022\/01\/234234234-5.jpg","width":300,"height":300},{"@type":"BreadcrumbList","@id":"https:\/\/www.peraavm.com\/index.php\/urun\/mermer-desenli-cam-sivi-sabunluk\/#breadcrumb","itemListElement":[{"@type":"ListItem","position":1,"name":"Anasayfa","item":"https:\/\/www.peraavm.com\/"},{"@type":"ListItem","position":2,"name":"Magaza","item":"https:\/\/www.peraavm.com\/index.php\/magaza\/"},{"@type":"ListItem","position":3,"name":"Mermer Desenli Cam S\u0131v\u0131 Sabunluk"}]},{"@type":"WebSite","@id":"https:\/\/www.peraavm.com\/#website","url":"https:\/\/www.peraavm.com\/","name":"Pratikmagazam.com","description":"","publisher":{"@id":"https:\/\/www.peraavm.com\/#organization"},"potentialAction":[{"@type":"SearchAction","target":{"@type":"EntryPoint","urlTemplate":"https:\/\/www.peraavm.com\/?s={search_term_string}"},"query-input":{"@type":"PropertyValueSpecification","valueRequired":true,"valueName":"search_term_string"}}],"inLanguage":"tr"},{"@type":"Organization","@id":"https:\/\/www.peraavm.com\/#organization","name":"pratikmagazam.com","url":"https:\/\/www.peraavm.com\/","logo":{"@type":"ImageObject","inLanguage":"tr","@id":"https:\/\/www.peraavm.com\/#\/schema\/logo\/image\/","url":"https:\/\/www.pratikmagazam.com\/wp-content\/uploads\/2021\/11\/Ekran-Resmi-2021-11-17-08.16.13.png","contentUrl":"https:\/\/www.pratikmagazam.com\/wp-content\/uploads\/2021\/11\/Ekran-Resmi-2021-11-17-08.16.13.png","width":477,"height":135,"caption":"pratikmagazam.com"},"image":{"@id":"https:\/\/www.peraavm.com\/#\/schema\/logo\/image\/"},"sameAs":["https:\/\/instagram.com\/pratikmagazam?utm_medium=copy_link"]}]}},"_links":{"self":[{"href":"https:\/\/www.peraavm.com\/index.php\/wp-json\/wp\/v2\/product\/2100","targetHints":{"allow":["GET"]}}],"collection":[{"href":"https:\/\/www.peraavm.com\/index.php\/wp-json\/wp\/v2\/product"}],"about":[{"href":"https:\/\/www.peraavm.com\/index.php\/wp-json\/wp\/v2\/types\/product"}],"replies":[{"embeddable":true,"href":"https:\/\/www.peraavm.com\/index.php\/wp-json\/wp\/v2\/comments?post=2100"}],"wp:featuredmedia":[{"embeddable":true,"href":"https:\/\/www.peraavm.com\/index.php\/wp-json\/wp\/v2\/media\/2101"}],"wp:attachment":[{"href":"https:\/\/www.peraavm.com\/index.php\/wp-json\/wp\/v2\/media?parent=2100"}],"wp:term":[{"taxonomy":"product_brand","embeddable":true,"href":"https:\/\/www.peraavm.com\/index.php\/wp-json\/wp\/v2\/product_brand?post=2100"},{"taxonomy":"product_cat","embeddable":true,"href":"https:\/\/www.peraavm.com\/index.php\/wp-json\/wp\/v2\/product_cat?post=2100"},{"taxonomy":"product_tag","embeddable":true,"href":"https:\/\/www.peraavm.com\/index.php\/wp-json\/wp\/v2\/product_tag?post=2100"}],"curies":[{"name":"wp","href":"https:\/\/api.w.org\/{rel}","templated":true}]}}