{"id":2146,"date":"2022-01-05T08:28:16","date_gmt":"2022-01-05T08:28:16","guid":{"rendered":"https:\/\/www.pratikmagazam.com\/?post_type=product&#038;p=2146"},"modified":"2023-12-22T14:15:37","modified_gmt":"2023-12-22T14:15:37","slug":"oto-arac-kor-nokta-engelleyici-tumsek-ayna-2-li","status":"publish","type":"product","link":"https:\/\/www.peraavm.com\/index.php\/urun\/oto-arac-kor-nokta-engelleyici-tumsek-ayna-2-li\/","title":{"rendered":"Oto Ara\u00e7 K\u00f6r Nokta Engelleyici T\u00fcmsek Ayna 2 Li"},"content":{"rendered":"<p>Oto Ara\u00e7 K\u00f6r Nokta Engelleyici T\u00fcmsek Ayna 2 LiAra\u00e7 aynas\u0131na monte edilerek kullan\u0131l\u0131r.T\u00fcmsek Ayna yap\u0131s\u0131 ile Ayna \u00fczerinden daha fazla alan g\u00f6rmenize olanak sa\u011flar.K\u00f6r Noktada herhangibir cisim, ara\u00e7, yaya kalmas\u0131n\u0131 engeller.\u00a0 Paket \u0130\u00e7eri\u011fi 2 adet<\/p>\n","protected":false},"excerpt":{"rendered":"<p>Oto Ara\u00e7 K\u00f6r Nokta Engelleyici T\u00fcmsek Ayna 2 LiAra\u00e7 aynas\u0131na monte edilerek kullan\u0131l\u0131r.T\u00fcmsek Ayna yap\u0131s\u0131 ile Ayna \u00fczerinden daha fazla alan g\u00f6rmenize olanak sa\u011flar.<\/p>\n","protected":false},"featured_media":2147,"comment_status":"open","ping_status":"closed","template":"","meta":[],"product_brand":[],"product_cat":[46,35,15],"product_tag":[],"class_list":{"0":"post-2146","1":"product","2":"type-product","3":"status-publish","4":"has-post-thumbnail","6":"product_cat-oto-ekipmanlari","7":"product_cat-oto-ve-motor-urunleri","8":"product_cat-tum-urunler","10":"first","11":"instock","12":"sale","13":"taxable","14":"shipping-taxable","15":"purchasable","16":"product-type-simple"},"yoast_head":"<!-- This site is optimized with the Yoast SEO plugin v27.2 - https:\/\/yoast.com\/product\/yoast-seo-wordpress\/ -->\n<title>Oto Ara\u00e7 K\u00f6r Nokta Engelleyici T\u00fcmsek Ayna 2 Li |<\/title>\n<meta name=\"description\" content=\"Oto Ara\u00e7 K\u00f6r Nokta Engelleyici T\u00fcmsek Ayna 2 LiAra\u00e7 aynas\u0131na monte edilerek kullan\u0131l\u0131r.T\u00fcmsek Ayna yap\u0131s\u0131 ile Ayna \u00fczerinden daha fazla alan g\u00f6rmenize olanak sa\u011flar.K\u00f6r Noktada herhangibir cisim, ara\u00e7, yaya kalmas\u0131n\u0131 engeller.\u00a0 Paket \u0130\u00e7eri\u011fi 2 adet\u00a0\" \/>\n<meta name=\"robots\" content=\"index, follow, max-snippet:-1, max-image-preview:large, max-video-preview:-1\" \/>\n<link rel=\"canonical\" href=\"https:\/\/www.peraavm.com\/index.php\/urun\/oto-arac-kor-nokta-engelleyici-tumsek-ayna-2-li\/\" \/>\n<meta property=\"og:locale\" content=\"tr_TR\" \/>\n<meta property=\"og:type\" content=\"article\" \/>\n<meta property=\"og:title\" content=\"Oto Ara\u00e7 K\u00f6r Nokta Engelleyici T\u00fcmsek Ayna 2 Li |\" \/>\n<meta property=\"og:description\" content=\"Oto Ara\u00e7 K\u00f6r Nokta Engelleyici T\u00fcmsek Ayna 2 LiAra\u00e7 aynas\u0131na monte edilerek kullan\u0131l\u0131r.T\u00fcmsek Ayna yap\u0131s\u0131 ile Ayna \u00fczerinden daha fazla alan g\u00f6rmenize olanak sa\u011flar.K\u00f6r Noktada herhangibir cisim, ara\u00e7, yaya kalmas\u0131n\u0131 engeller.\u00a0 Paket \u0130\u00e7eri\u011fi 2 adet\u00a0\" \/>\n<meta property=\"og:url\" content=\"https:\/\/www.peraavm.com\/index.php\/urun\/oto-arac-kor-nokta-engelleyici-tumsek-ayna-2-li\/\" \/>\n<meta property=\"article:modified_time\" content=\"2023-12-22T14:15:37+00:00\" \/>\n<meta property=\"og:image\" content=\"https:\/\/www.peraavm.com\/wp-content\/uploads\/2022\/01\/234234234-8.jpg\" \/>\n\t<meta property=\"og:image:width\" content=\"300\" \/>\n\t<meta property=\"og:image:height\" content=\"300\" \/>\n\t<meta property=\"og:image:type\" content=\"image\/jpeg\" \/>\n<meta name=\"twitter:card\" content=\"summary_large_image\" \/>\n<meta name=\"twitter:label1\" content=\"Tahmini okuma s\u00fcresi\" \/>\n\t<meta name=\"twitter:data1\" content=\"1 dakika\" \/>\n<script type=\"application\/ld+json\" class=\"yoast-schema-graph\">{\"@context\":\"https:\/\/schema.org\",\"@graph\":[{\"@type\":\"WebPage\",\"@id\":\"https:\/\/www.peraavm.com\/index.php\/urun\/oto-arac-kor-nokta-engelleyici-tumsek-ayna-2-li\/\",\"url\":\"https:\/\/www.peraavm.com\/index.php\/urun\/oto-arac-kor-nokta-engelleyici-tumsek-ayna-2-li\/\",\"name\":\"Oto Ara\u00e7 K\u00f6r Nokta Engelleyici T\u00fcmsek Ayna 2 Li |\",\"isPartOf\":{\"@id\":\"https:\/\/www.peraavm.com\/#website\"},\"primaryImageOfPage\":{\"@id\":\"https:\/\/www.peraavm.com\/index.php\/urun\/oto-arac-kor-nokta-engelleyici-tumsek-ayna-2-li\/#primaryimage\"},\"image\":{\"@id\":\"https:\/\/www.peraavm.com\/index.php\/urun\/oto-arac-kor-nokta-engelleyici-tumsek-ayna-2-li\/#primaryimage\"},\"thumbnailUrl\":\"https:\/\/www.peraavm.com\/wp-content\/uploads\/2022\/01\/234234234-8.jpg\",\"datePublished\":\"2022-01-05T08:28:16+00:00\",\"dateModified\":\"2023-12-22T14:15:37+00:00\",\"description\":\"Oto Ara\u00e7 K\u00f6r Nokta Engelleyici T\u00fcmsek Ayna 2 LiAra\u00e7 aynas\u0131na monte edilerek kullan\u0131l\u0131r.T\u00fcmsek Ayna yap\u0131s\u0131 ile Ayna \u00fczerinden daha fazla alan g\u00f6rmenize olanak sa\u011flar.K\u00f6r Noktada herhangibir cisim, ara\u00e7, yaya kalmas\u0131n\u0131 engeller.\u00a0 Paket \u0130\u00e7eri\u011fi 2 adet\u00a0\",\"breadcrumb\":{\"@id\":\"https:\/\/www.peraavm.com\/index.php\/urun\/oto-arac-kor-nokta-engelleyici-tumsek-ayna-2-li\/#breadcrumb\"},\"inLanguage\":\"tr\",\"potentialAction\":[{\"@type\":\"ReadAction\",\"target\":[\"https:\/\/www.peraavm.com\/index.php\/urun\/oto-arac-kor-nokta-engelleyici-tumsek-ayna-2-li\/\"]}]},{\"@type\":\"ImageObject\",\"inLanguage\":\"tr\",\"@id\":\"https:\/\/www.peraavm.com\/index.php\/urun\/oto-arac-kor-nokta-engelleyici-tumsek-ayna-2-li\/#primaryimage\",\"url\":\"https:\/\/www.peraavm.com\/wp-content\/uploads\/2022\/01\/234234234-8.jpg\",\"contentUrl\":\"https:\/\/www.peraavm.com\/wp-content\/uploads\/2022\/01\/234234234-8.jpg\",\"width\":300,\"height\":300},{\"@type\":\"BreadcrumbList\",\"@id\":\"https:\/\/www.peraavm.com\/index.php\/urun\/oto-arac-kor-nokta-engelleyici-tumsek-ayna-2-li\/#breadcrumb\",\"itemListElement\":[{\"@type\":\"ListItem\",\"position\":1,\"name\":\"Anasayfa\",\"item\":\"https:\/\/www.peraavm.com\/\"},{\"@type\":\"ListItem\",\"position\":2,\"name\":\"Magaza\",\"item\":\"https:\/\/www.peraavm.com\/index.php\/magaza\/\"},{\"@type\":\"ListItem\",\"position\":3,\"name\":\"Oto Ara\u00e7 K\u00f6r Nokta Engelleyici T\u00fcmsek Ayna 2 Li\"}]},{\"@type\":\"WebSite\",\"@id\":\"https:\/\/www.peraavm.com\/#website\",\"url\":\"https:\/\/www.peraavm.com\/\",\"name\":\"Pratikmagazam.com\",\"description\":\"\",\"publisher\":{\"@id\":\"https:\/\/www.peraavm.com\/#organization\"},\"potentialAction\":[{\"@type\":\"SearchAction\",\"target\":{\"@type\":\"EntryPoint\",\"urlTemplate\":\"https:\/\/www.peraavm.com\/?s={search_term_string}\"},\"query-input\":{\"@type\":\"PropertyValueSpecification\",\"valueRequired\":true,\"valueName\":\"search_term_string\"}}],\"inLanguage\":\"tr\"},{\"@type\":\"Organization\",\"@id\":\"https:\/\/www.peraavm.com\/#organization\",\"name\":\"pratikmagazam.com\",\"url\":\"https:\/\/www.peraavm.com\/\",\"logo\":{\"@type\":\"ImageObject\",\"inLanguage\":\"tr\",\"@id\":\"https:\/\/www.peraavm.com\/#\/schema\/logo\/image\/\",\"url\":\"https:\/\/www.pratikmagazam.com\/wp-content\/uploads\/2021\/11\/Ekran-Resmi-2021-11-17-08.16.13.png\",\"contentUrl\":\"https:\/\/www.pratikmagazam.com\/wp-content\/uploads\/2021\/11\/Ekran-Resmi-2021-11-17-08.16.13.png\",\"width\":477,\"height\":135,\"caption\":\"pratikmagazam.com\"},\"image\":{\"@id\":\"https:\/\/www.peraavm.com\/#\/schema\/logo\/image\/\"},\"sameAs\":[\"https:\/\/instagram.com\/pratikmagazam?utm_medium=copy_link\"]}]}<\/script>\n<!-- \/ Yoast SEO plugin. -->","yoast_head_json":{"title":"Oto Ara\u00e7 K\u00f6r Nokta Engelleyici T\u00fcmsek Ayna 2 Li |","description":"Oto Ara\u00e7 K\u00f6r Nokta Engelleyici T\u00fcmsek Ayna 2 LiAra\u00e7 aynas\u0131na monte edilerek kullan\u0131l\u0131r.T\u00fcmsek Ayna yap\u0131s\u0131 ile Ayna \u00fczerinden daha fazla alan g\u00f6rmenize olanak sa\u011flar.K\u00f6r Noktada herhangibir cisim, ara\u00e7, yaya kalmas\u0131n\u0131 engeller.\u00a0 Paket \u0130\u00e7eri\u011fi 2 adet\u00a0","robots":{"index":"index","follow":"follow","max-snippet":"max-snippet:-1","max-image-preview":"max-image-preview:large","max-video-preview":"max-video-preview:-1"},"canonical":"https:\/\/www.peraavm.com\/index.php\/urun\/oto-arac-kor-nokta-engelleyici-tumsek-ayna-2-li\/","og_locale":"tr_TR","og_type":"article","og_title":"Oto Ara\u00e7 K\u00f6r Nokta Engelleyici T\u00fcmsek Ayna 2 Li |","og_description":"Oto Ara\u00e7 K\u00f6r Nokta Engelleyici T\u00fcmsek Ayna 2 LiAra\u00e7 aynas\u0131na monte edilerek kullan\u0131l\u0131r.T\u00fcmsek Ayna yap\u0131s\u0131 ile Ayna \u00fczerinden daha fazla alan g\u00f6rmenize olanak sa\u011flar.K\u00f6r Noktada herhangibir cisim, ara\u00e7, yaya kalmas\u0131n\u0131 engeller.\u00a0 Paket \u0130\u00e7eri\u011fi 2 adet\u00a0","og_url":"https:\/\/www.peraavm.com\/index.php\/urun\/oto-arac-kor-nokta-engelleyici-tumsek-ayna-2-li\/","article_modified_time":"2023-12-22T14:15:37+00:00","og_image":[{"width":300,"height":300,"url":"https:\/\/www.peraavm.com\/wp-content\/uploads\/2022\/01\/234234234-8.jpg","type":"image\/jpeg"}],"twitter_card":"summary_large_image","twitter_misc":{"Tahmini okuma s\u00fcresi":"1 dakika"},"schema":{"@context":"https:\/\/schema.org","@graph":[{"@type":"WebPage","@id":"https:\/\/www.peraavm.com\/index.php\/urun\/oto-arac-kor-nokta-engelleyici-tumsek-ayna-2-li\/","url":"https:\/\/www.peraavm.com\/index.php\/urun\/oto-arac-kor-nokta-engelleyici-tumsek-ayna-2-li\/","name":"Oto Ara\u00e7 K\u00f6r Nokta Engelleyici T\u00fcmsek Ayna 2 Li |","isPartOf":{"@id":"https:\/\/www.peraavm.com\/#website"},"primaryImageOfPage":{"@id":"https:\/\/www.peraavm.com\/index.php\/urun\/oto-arac-kor-nokta-engelleyici-tumsek-ayna-2-li\/#primaryimage"},"image":{"@id":"https:\/\/www.peraavm.com\/index.php\/urun\/oto-arac-kor-nokta-engelleyici-tumsek-ayna-2-li\/#primaryimage"},"thumbnailUrl":"https:\/\/www.peraavm.com\/wp-content\/uploads\/2022\/01\/234234234-8.jpg","datePublished":"2022-01-05T08:28:16+00:00","dateModified":"2023-12-22T14:15:37+00:00","description":"Oto Ara\u00e7 K\u00f6r Nokta Engelleyici T\u00fcmsek Ayna 2 LiAra\u00e7 aynas\u0131na monte edilerek kullan\u0131l\u0131r.T\u00fcmsek Ayna yap\u0131s\u0131 ile Ayna \u00fczerinden daha fazla alan g\u00f6rmenize olanak sa\u011flar.K\u00f6r Noktada herhangibir cisim, ara\u00e7, yaya kalmas\u0131n\u0131 engeller.\u00a0 Paket \u0130\u00e7eri\u011fi 2 adet\u00a0","breadcrumb":{"@id":"https:\/\/www.peraavm.com\/index.php\/urun\/oto-arac-kor-nokta-engelleyici-tumsek-ayna-2-li\/#breadcrumb"},"inLanguage":"tr","potentialAction":[{"@type":"ReadAction","target":["https:\/\/www.peraavm.com\/index.php\/urun\/oto-arac-kor-nokta-engelleyici-tumsek-ayna-2-li\/"]}]},{"@type":"ImageObject","inLanguage":"tr","@id":"https:\/\/www.peraavm.com\/index.php\/urun\/oto-arac-kor-nokta-engelleyici-tumsek-ayna-2-li\/#primaryimage","url":"https:\/\/www.peraavm.com\/wp-content\/uploads\/2022\/01\/234234234-8.jpg","contentUrl":"https:\/\/www.peraavm.com\/wp-content\/uploads\/2022\/01\/234234234-8.jpg","width":300,"height":300},{"@type":"BreadcrumbList","@id":"https:\/\/www.peraavm.com\/index.php\/urun\/oto-arac-kor-nokta-engelleyici-tumsek-ayna-2-li\/#breadcrumb","itemListElement":[{"@type":"ListItem","position":1,"name":"Anasayfa","item":"https:\/\/www.peraavm.com\/"},{"@type":"ListItem","position":2,"name":"Magaza","item":"https:\/\/www.peraavm.com\/index.php\/magaza\/"},{"@type":"ListItem","position":3,"name":"Oto Ara\u00e7 K\u00f6r Nokta Engelleyici T\u00fcmsek Ayna 2 Li"}]},{"@type":"WebSite","@id":"https:\/\/www.peraavm.com\/#website","url":"https:\/\/www.peraavm.com\/","name":"Pratikmagazam.com","description":"","publisher":{"@id":"https:\/\/www.peraavm.com\/#organization"},"potentialAction":[{"@type":"SearchAction","target":{"@type":"EntryPoint","urlTemplate":"https:\/\/www.peraavm.com\/?s={search_term_string}"},"query-input":{"@type":"PropertyValueSpecification","valueRequired":true,"valueName":"search_term_string"}}],"inLanguage":"tr"},{"@type":"Organization","@id":"https:\/\/www.peraavm.com\/#organization","name":"pratikmagazam.com","url":"https:\/\/www.peraavm.com\/","logo":{"@type":"ImageObject","inLanguage":"tr","@id":"https:\/\/www.peraavm.com\/#\/schema\/logo\/image\/","url":"https:\/\/www.pratikmagazam.com\/wp-content\/uploads\/2021\/11\/Ekran-Resmi-2021-11-17-08.16.13.png","contentUrl":"https:\/\/www.pratikmagazam.com\/wp-content\/uploads\/2021\/11\/Ekran-Resmi-2021-11-17-08.16.13.png","width":477,"height":135,"caption":"pratikmagazam.com"},"image":{"@id":"https:\/\/www.peraavm.com\/#\/schema\/logo\/image\/"},"sameAs":["https:\/\/instagram.com\/pratikmagazam?utm_medium=copy_link"]}]}},"_links":{"self":[{"href":"https:\/\/www.peraavm.com\/index.php\/wp-json\/wp\/v2\/product\/2146","targetHints":{"allow":["GET"]}}],"collection":[{"href":"https:\/\/www.peraavm.com\/index.php\/wp-json\/wp\/v2\/product"}],"about":[{"href":"https:\/\/www.peraavm.com\/index.php\/wp-json\/wp\/v2\/types\/product"}],"replies":[{"embeddable":true,"href":"https:\/\/www.peraavm.com\/index.php\/wp-json\/wp\/v2\/comments?post=2146"}],"wp:featuredmedia":[{"embeddable":true,"href":"https:\/\/www.peraavm.com\/index.php\/wp-json\/wp\/v2\/media\/2147"}],"wp:attachment":[{"href":"https:\/\/www.peraavm.com\/index.php\/wp-json\/wp\/v2\/media?parent=2146"}],"wp:term":[{"taxonomy":"product_brand","embeddable":true,"href":"https:\/\/www.peraavm.com\/index.php\/wp-json\/wp\/v2\/product_brand?post=2146"},{"taxonomy":"product_cat","embeddable":true,"href":"https:\/\/www.peraavm.com\/index.php\/wp-json\/wp\/v2\/product_cat?post=2146"},{"taxonomy":"product_tag","embeddable":true,"href":"https:\/\/www.peraavm.com\/index.php\/wp-json\/wp\/v2\/product_tag?post=2146"}],"curies":[{"name":"wp","href":"https:\/\/api.w.org\/{rel}","templated":true}]}}