{"id":2176,"date":"2022-01-06T08:32:54","date_gmt":"2022-01-06T08:32:54","guid":{"rendered":"https:\/\/www.pratikmagazam.com\/?post_type=product&#038;p=2176"},"modified":"2026-01-17T11:25:48","modified_gmt":"2026-01-17T11:25:48","slug":"buzdolabi-ici-pratik-gecmeli-sise-rafi","status":"publish","type":"product","link":"https:\/\/www.peraavm.com\/index.php\/urun\/buzdolabi-ici-pratik-gecmeli-sise-rafi\/","title":{"rendered":"Buzdolab\u0131 \u0130\u00e7i Pratik Ge\u00e7meli \u015ei\u015fe Raf\u0131"},"content":{"rendered":"<ul class=\"detail-desc-list\">\n<li class=\"detail-desc-item\">\u00dcr\u00fcn\u00fcm\u00fcz y\u00fcksek performansl\u0131 sert plastikten \u00fcretilmi\u015ftir.<\/li>\n<li class=\"detail-desc-item\">Kanserojen madde i\u00e7ermez.<\/li>\n<li class=\"detail-desc-item\">Dolap i\u00e7i \u015fi\u015fe d\u00fczenleyici sayesinde art\u0131k buzdolaplar\u0131n\u0131z daha d\u00fczenli ve \u015f\u0131k.<\/li>\n<li class=\"detail-desc-item\">Buzdolab\u0131n\u0131n i\u00e7inde, banyoda, masan\u0131n \u00fczerinde vb. alanlarda kullanabilirsiniz.<\/li>\n<li class=\"detail-desc-item\">\u00dcst \u00fcste ge\u00e7irilebilme \u00f6zelli\u011fine sahiptir.<\/li>\n<li class=\"detail-desc-item\">Seyyar olmas\u0131 ve \u00fcst\u00fcste konulabilmesi sebebiyle buzdolab\u0131n\u0131z\u0131n her k\u00f6\u015fesini \u00f6zenle kullanman\u0131za olanak sa\u011flayacakt\u0131r.<\/li>\n<li class=\"detail-desc-item\">\u00dcr\u00fcn\u00fcm\u00fcz \u015eeffaf renktedir.<\/li>\n<li class=\"detail-desc-item\">\u00dcr\u00fcn \u00f6l\u00e7\u00fcleri: 20,5&#215;11,5&#215;10,5 cm.<\/li>\n<\/ul>\n","protected":false},"excerpt":{"rendered":"<ul class=\"detail-desc-list\">\n<li class=\"detail-desc-item\">\u00dcr\u00fcn\u00fcm\u00fcz y\u00fcksek performansl\u0131 sert plastikten \u00fcretilmi\u015ftir.<\/li>\n<li class=\"detail-desc-item\">Kanserojen madde i\u00e7ermez.<\/li>\n<li class=\"detail-desc-item\">Dolap i\u00e7i \u015fi\u015fe d\u00fczenleyici sayesinde art\u0131k buzdolaplar\u0131n\u0131z daha d\u00fczenli ve \u015f\u0131k.<\/li>\n<\/ul>\n","protected":false},"featured_media":2177,"comment_status":"open","ping_status":"closed","template":"","meta":[],"product_brand":[],"product_cat":[37,38,15],"product_tag":[],"class_list":{"0":"post-2176","1":"product","2":"type-product","3":"status-publish","4":"has-post-thumbnail","6":"product_cat-ev-gerecleri","7":"product_cat-her-eve-lazim-urunler","8":"product_cat-tum-urunler","10":"first","11":"instock","12":"sale","13":"taxable","14":"shipping-taxable","15":"purchasable","16":"product-type-simple"},"yoast_head":"<!-- This site is optimized with the Yoast SEO plugin v27.2 - https:\/\/yoast.com\/product\/yoast-seo-wordpress\/ -->\n<title>Buzdolab\u0131 \u0130\u00e7i Pratik Ge\u00e7meli \u015ei\u015fe Raf\u0131 |<\/title>\n<meta name=\"description\" content=\"\u00dcr\u00fcn\u00fcm\u00fcz y\u00fcksek performansl\u0131 sert plastikten \u00fcretilmi\u015ftir.Kanserojen madde i\u00e7ermez.Dolap i\u00e7i \u015fi\u015fe d\u00fczenleyici sayesinde art\u0131k buzdolaplar\u0131n\u0131z daha d\u00fczenli ve \u015f\u0131k.Buzdolab\u0131n\u0131n i\u00e7inde, banyoda, masan\u0131n \u00fczerinde vb. alanlarda kullanabilirsiniz.\u00dcst \u00fcste ge\u00e7irilebilme \u00f6zelli\u011fine sahiptir.Seyyar olmas\u0131 ve \u00fcst\u00fcste konulabilmesi sebebiyle buzdolab\u0131n\u0131z\u0131n her k\u00f6\u015fesini \u00f6zenle kullanman\u0131za olanak sa\u011flayacakt\u0131r.\u00dcr\u00fcn\u00fcm\u00fcz \u015eeffaf renktedir.\u00dcr\u00fcn \u00f6l\u00e7\u00fcleri: 20,5x11,5x10,5 cm.\" \/>\n<meta name=\"robots\" content=\"index, follow, max-snippet:-1, max-image-preview:large, max-video-preview:-1\" \/>\n<link rel=\"canonical\" href=\"https:\/\/www.peraavm.com\/index.php\/urun\/buzdolabi-ici-pratik-gecmeli-sise-rafi\/\" \/>\n<meta property=\"og:locale\" content=\"tr_TR\" \/>\n<meta property=\"og:type\" content=\"article\" \/>\n<meta property=\"og:title\" content=\"Buzdolab\u0131 \u0130\u00e7i Pratik Ge\u00e7meli \u015ei\u015fe Raf\u0131 |\" \/>\n<meta property=\"og:description\" content=\"\u00dcr\u00fcn\u00fcm\u00fcz y\u00fcksek performansl\u0131 sert plastikten \u00fcretilmi\u015ftir.Kanserojen madde i\u00e7ermez.Dolap i\u00e7i \u015fi\u015fe d\u00fczenleyici sayesinde art\u0131k buzdolaplar\u0131n\u0131z daha d\u00fczenli ve \u015f\u0131k.Buzdolab\u0131n\u0131n i\u00e7inde, banyoda, masan\u0131n \u00fczerinde vb. alanlarda kullanabilirsiniz.\u00dcst \u00fcste ge\u00e7irilebilme \u00f6zelli\u011fine sahiptir.Seyyar olmas\u0131 ve \u00fcst\u00fcste konulabilmesi sebebiyle buzdolab\u0131n\u0131z\u0131n her k\u00f6\u015fesini \u00f6zenle kullanman\u0131za olanak sa\u011flayacakt\u0131r.\u00dcr\u00fcn\u00fcm\u00fcz \u015eeffaf renktedir.\u00dcr\u00fcn \u00f6l\u00e7\u00fcleri: 20,5x11,5x10,5 cm.\" \/>\n<meta property=\"og:url\" content=\"https:\/\/www.peraavm.com\/index.php\/urun\/buzdolabi-ici-pratik-gecmeli-sise-rafi\/\" \/>\n<meta property=\"article:modified_time\" content=\"2026-01-17T11:25:48+00:00\" \/>\n<meta property=\"og:image\" content=\"https:\/\/www.peraavm.com\/wp-content\/uploads\/2022\/01\/erwerwer.jpg\" \/>\n\t<meta property=\"og:image:width\" content=\"300\" \/>\n\t<meta property=\"og:image:height\" content=\"300\" \/>\n\t<meta property=\"og:image:type\" content=\"image\/jpeg\" \/>\n<meta name=\"twitter:card\" content=\"summary_large_image\" \/>\n<meta name=\"twitter:label1\" content=\"Tahmini okuma s\u00fcresi\" \/>\n\t<meta name=\"twitter:data1\" content=\"1 dakika\" \/>\n<script type=\"application\/ld+json\" class=\"yoast-schema-graph\">{\"@context\":\"https:\/\/schema.org\",\"@graph\":[{\"@type\":\"WebPage\",\"@id\":\"https:\/\/www.peraavm.com\/index.php\/urun\/buzdolabi-ici-pratik-gecmeli-sise-rafi\/\",\"url\":\"https:\/\/www.peraavm.com\/index.php\/urun\/buzdolabi-ici-pratik-gecmeli-sise-rafi\/\",\"name\":\"Buzdolab\u0131 \u0130\u00e7i Pratik Ge\u00e7meli \u015ei\u015fe Raf\u0131 |\",\"isPartOf\":{\"@id\":\"https:\/\/www.peraavm.com\/#website\"},\"primaryImageOfPage\":{\"@id\":\"https:\/\/www.peraavm.com\/index.php\/urun\/buzdolabi-ici-pratik-gecmeli-sise-rafi\/#primaryimage\"},\"image\":{\"@id\":\"https:\/\/www.peraavm.com\/index.php\/urun\/buzdolabi-ici-pratik-gecmeli-sise-rafi\/#primaryimage\"},\"thumbnailUrl\":\"https:\/\/www.peraavm.com\/wp-content\/uploads\/2022\/01\/erwerwer.jpg\",\"datePublished\":\"2022-01-06T08:32:54+00:00\",\"dateModified\":\"2026-01-17T11:25:48+00:00\",\"description\":\"\u00dcr\u00fcn\u00fcm\u00fcz y\u00fcksek performansl\u0131 sert plastikten \u00fcretilmi\u015ftir.Kanserojen madde i\u00e7ermez.Dolap i\u00e7i \u015fi\u015fe d\u00fczenleyici sayesinde art\u0131k buzdolaplar\u0131n\u0131z daha d\u00fczenli ve \u015f\u0131k.Buzdolab\u0131n\u0131n i\u00e7inde, banyoda, masan\u0131n \u00fczerinde vb. alanlarda kullanabilirsiniz.\u00dcst \u00fcste ge\u00e7irilebilme \u00f6zelli\u011fine sahiptir.Seyyar olmas\u0131 ve \u00fcst\u00fcste konulabilmesi sebebiyle buzdolab\u0131n\u0131z\u0131n her k\u00f6\u015fesini \u00f6zenle kullanman\u0131za olanak sa\u011flayacakt\u0131r.\u00dcr\u00fcn\u00fcm\u00fcz \u015eeffaf renktedir.\u00dcr\u00fcn \u00f6l\u00e7\u00fcleri: 20,5x11,5x10,5 cm.\",\"breadcrumb\":{\"@id\":\"https:\/\/www.peraavm.com\/index.php\/urun\/buzdolabi-ici-pratik-gecmeli-sise-rafi\/#breadcrumb\"},\"inLanguage\":\"tr\",\"potentialAction\":[{\"@type\":\"ReadAction\",\"target\":[\"https:\/\/www.peraavm.com\/index.php\/urun\/buzdolabi-ici-pratik-gecmeli-sise-rafi\/\"]}]},{\"@type\":\"ImageObject\",\"inLanguage\":\"tr\",\"@id\":\"https:\/\/www.peraavm.com\/index.php\/urun\/buzdolabi-ici-pratik-gecmeli-sise-rafi\/#primaryimage\",\"url\":\"https:\/\/www.peraavm.com\/wp-content\/uploads\/2022\/01\/erwerwer.jpg\",\"contentUrl\":\"https:\/\/www.peraavm.com\/wp-content\/uploads\/2022\/01\/erwerwer.jpg\",\"width\":300,\"height\":300},{\"@type\":\"BreadcrumbList\",\"@id\":\"https:\/\/www.peraavm.com\/index.php\/urun\/buzdolabi-ici-pratik-gecmeli-sise-rafi\/#breadcrumb\",\"itemListElement\":[{\"@type\":\"ListItem\",\"position\":1,\"name\":\"Anasayfa\",\"item\":\"https:\/\/www.peraavm.com\/\"},{\"@type\":\"ListItem\",\"position\":2,\"name\":\"Magaza\",\"item\":\"https:\/\/www.peraavm.com\/index.php\/magaza\/\"},{\"@type\":\"ListItem\",\"position\":3,\"name\":\"Buzdolab\u0131 \u0130\u00e7i Pratik Ge\u00e7meli \u015ei\u015fe Raf\u0131\"}]},{\"@type\":\"WebSite\",\"@id\":\"https:\/\/www.peraavm.com\/#website\",\"url\":\"https:\/\/www.peraavm.com\/\",\"name\":\"Pratikmagazam.com\",\"description\":\"\",\"publisher\":{\"@id\":\"https:\/\/www.peraavm.com\/#organization\"},\"potentialAction\":[{\"@type\":\"SearchAction\",\"target\":{\"@type\":\"EntryPoint\",\"urlTemplate\":\"https:\/\/www.peraavm.com\/?s={search_term_string}\"},\"query-input\":{\"@type\":\"PropertyValueSpecification\",\"valueRequired\":true,\"valueName\":\"search_term_string\"}}],\"inLanguage\":\"tr\"},{\"@type\":\"Organization\",\"@id\":\"https:\/\/www.peraavm.com\/#organization\",\"name\":\"pratikmagazam.com\",\"url\":\"https:\/\/www.peraavm.com\/\",\"logo\":{\"@type\":\"ImageObject\",\"inLanguage\":\"tr\",\"@id\":\"https:\/\/www.peraavm.com\/#\/schema\/logo\/image\/\",\"url\":\"https:\/\/www.pratikmagazam.com\/wp-content\/uploads\/2021\/11\/Ekran-Resmi-2021-11-17-08.16.13.png\",\"contentUrl\":\"https:\/\/www.pratikmagazam.com\/wp-content\/uploads\/2021\/11\/Ekran-Resmi-2021-11-17-08.16.13.png\",\"width\":477,\"height\":135,\"caption\":\"pratikmagazam.com\"},\"image\":{\"@id\":\"https:\/\/www.peraavm.com\/#\/schema\/logo\/image\/\"},\"sameAs\":[\"https:\/\/instagram.com\/pratikmagazam?utm_medium=copy_link\"]}]}<\/script>\n<!-- \/ Yoast SEO plugin. -->","yoast_head_json":{"title":"Buzdolab\u0131 \u0130\u00e7i Pratik Ge\u00e7meli \u015ei\u015fe Raf\u0131 |","description":"\u00dcr\u00fcn\u00fcm\u00fcz y\u00fcksek performansl\u0131 sert plastikten \u00fcretilmi\u015ftir.Kanserojen madde i\u00e7ermez.Dolap i\u00e7i \u015fi\u015fe d\u00fczenleyici sayesinde art\u0131k buzdolaplar\u0131n\u0131z daha d\u00fczenli ve \u015f\u0131k.Buzdolab\u0131n\u0131n i\u00e7inde, banyoda, masan\u0131n \u00fczerinde vb. alanlarda kullanabilirsiniz.\u00dcst \u00fcste ge\u00e7irilebilme \u00f6zelli\u011fine sahiptir.Seyyar olmas\u0131 ve \u00fcst\u00fcste konulabilmesi sebebiyle buzdolab\u0131n\u0131z\u0131n her k\u00f6\u015fesini \u00f6zenle kullanman\u0131za olanak sa\u011flayacakt\u0131r.\u00dcr\u00fcn\u00fcm\u00fcz \u015eeffaf renktedir.\u00dcr\u00fcn \u00f6l\u00e7\u00fcleri: 20,5x11,5x10,5 cm.","robots":{"index":"index","follow":"follow","max-snippet":"max-snippet:-1","max-image-preview":"max-image-preview:large","max-video-preview":"max-video-preview:-1"},"canonical":"https:\/\/www.peraavm.com\/index.php\/urun\/buzdolabi-ici-pratik-gecmeli-sise-rafi\/","og_locale":"tr_TR","og_type":"article","og_title":"Buzdolab\u0131 \u0130\u00e7i Pratik Ge\u00e7meli \u015ei\u015fe Raf\u0131 |","og_description":"\u00dcr\u00fcn\u00fcm\u00fcz y\u00fcksek performansl\u0131 sert plastikten \u00fcretilmi\u015ftir.Kanserojen madde i\u00e7ermez.Dolap i\u00e7i \u015fi\u015fe d\u00fczenleyici sayesinde art\u0131k buzdolaplar\u0131n\u0131z daha d\u00fczenli ve \u015f\u0131k.Buzdolab\u0131n\u0131n i\u00e7inde, banyoda, masan\u0131n \u00fczerinde vb. alanlarda kullanabilirsiniz.\u00dcst \u00fcste ge\u00e7irilebilme \u00f6zelli\u011fine sahiptir.Seyyar olmas\u0131 ve \u00fcst\u00fcste konulabilmesi sebebiyle buzdolab\u0131n\u0131z\u0131n her k\u00f6\u015fesini \u00f6zenle kullanman\u0131za olanak sa\u011flayacakt\u0131r.\u00dcr\u00fcn\u00fcm\u00fcz \u015eeffaf renktedir.\u00dcr\u00fcn \u00f6l\u00e7\u00fcleri: 20,5x11,5x10,5 cm.","og_url":"https:\/\/www.peraavm.com\/index.php\/urun\/buzdolabi-ici-pratik-gecmeli-sise-rafi\/","article_modified_time":"2026-01-17T11:25:48+00:00","og_image":[{"width":300,"height":300,"url":"https:\/\/www.peraavm.com\/wp-content\/uploads\/2022\/01\/erwerwer.jpg","type":"image\/jpeg"}],"twitter_card":"summary_large_image","twitter_misc":{"Tahmini okuma s\u00fcresi":"1 dakika"},"schema":{"@context":"https:\/\/schema.org","@graph":[{"@type":"WebPage","@id":"https:\/\/www.peraavm.com\/index.php\/urun\/buzdolabi-ici-pratik-gecmeli-sise-rafi\/","url":"https:\/\/www.peraavm.com\/index.php\/urun\/buzdolabi-ici-pratik-gecmeli-sise-rafi\/","name":"Buzdolab\u0131 \u0130\u00e7i Pratik Ge\u00e7meli \u015ei\u015fe Raf\u0131 |","isPartOf":{"@id":"https:\/\/www.peraavm.com\/#website"},"primaryImageOfPage":{"@id":"https:\/\/www.peraavm.com\/index.php\/urun\/buzdolabi-ici-pratik-gecmeli-sise-rafi\/#primaryimage"},"image":{"@id":"https:\/\/www.peraavm.com\/index.php\/urun\/buzdolabi-ici-pratik-gecmeli-sise-rafi\/#primaryimage"},"thumbnailUrl":"https:\/\/www.peraavm.com\/wp-content\/uploads\/2022\/01\/erwerwer.jpg","datePublished":"2022-01-06T08:32:54+00:00","dateModified":"2026-01-17T11:25:48+00:00","description":"\u00dcr\u00fcn\u00fcm\u00fcz y\u00fcksek performansl\u0131 sert plastikten \u00fcretilmi\u015ftir.Kanserojen madde i\u00e7ermez.Dolap i\u00e7i \u015fi\u015fe d\u00fczenleyici sayesinde art\u0131k buzdolaplar\u0131n\u0131z daha d\u00fczenli ve \u015f\u0131k.Buzdolab\u0131n\u0131n i\u00e7inde, banyoda, masan\u0131n \u00fczerinde vb. alanlarda kullanabilirsiniz.\u00dcst \u00fcste ge\u00e7irilebilme \u00f6zelli\u011fine sahiptir.Seyyar olmas\u0131 ve \u00fcst\u00fcste konulabilmesi sebebiyle buzdolab\u0131n\u0131z\u0131n her k\u00f6\u015fesini \u00f6zenle kullanman\u0131za olanak sa\u011flayacakt\u0131r.\u00dcr\u00fcn\u00fcm\u00fcz \u015eeffaf renktedir.\u00dcr\u00fcn \u00f6l\u00e7\u00fcleri: 20,5x11,5x10,5 cm.","breadcrumb":{"@id":"https:\/\/www.peraavm.com\/index.php\/urun\/buzdolabi-ici-pratik-gecmeli-sise-rafi\/#breadcrumb"},"inLanguage":"tr","potentialAction":[{"@type":"ReadAction","target":["https:\/\/www.peraavm.com\/index.php\/urun\/buzdolabi-ici-pratik-gecmeli-sise-rafi\/"]}]},{"@type":"ImageObject","inLanguage":"tr","@id":"https:\/\/www.peraavm.com\/index.php\/urun\/buzdolabi-ici-pratik-gecmeli-sise-rafi\/#primaryimage","url":"https:\/\/www.peraavm.com\/wp-content\/uploads\/2022\/01\/erwerwer.jpg","contentUrl":"https:\/\/www.peraavm.com\/wp-content\/uploads\/2022\/01\/erwerwer.jpg","width":300,"height":300},{"@type":"BreadcrumbList","@id":"https:\/\/www.peraavm.com\/index.php\/urun\/buzdolabi-ici-pratik-gecmeli-sise-rafi\/#breadcrumb","itemListElement":[{"@type":"ListItem","position":1,"name":"Anasayfa","item":"https:\/\/www.peraavm.com\/"},{"@type":"ListItem","position":2,"name":"Magaza","item":"https:\/\/www.peraavm.com\/index.php\/magaza\/"},{"@type":"ListItem","position":3,"name":"Buzdolab\u0131 \u0130\u00e7i Pratik Ge\u00e7meli \u015ei\u015fe Raf\u0131"}]},{"@type":"WebSite","@id":"https:\/\/www.peraavm.com\/#website","url":"https:\/\/www.peraavm.com\/","name":"Pratikmagazam.com","description":"","publisher":{"@id":"https:\/\/www.peraavm.com\/#organization"},"potentialAction":[{"@type":"SearchAction","target":{"@type":"EntryPoint","urlTemplate":"https:\/\/www.peraavm.com\/?s={search_term_string}"},"query-input":{"@type":"PropertyValueSpecification","valueRequired":true,"valueName":"search_term_string"}}],"inLanguage":"tr"},{"@type":"Organization","@id":"https:\/\/www.peraavm.com\/#organization","name":"pratikmagazam.com","url":"https:\/\/www.peraavm.com\/","logo":{"@type":"ImageObject","inLanguage":"tr","@id":"https:\/\/www.peraavm.com\/#\/schema\/logo\/image\/","url":"https:\/\/www.pratikmagazam.com\/wp-content\/uploads\/2021\/11\/Ekran-Resmi-2021-11-17-08.16.13.png","contentUrl":"https:\/\/www.pratikmagazam.com\/wp-content\/uploads\/2021\/11\/Ekran-Resmi-2021-11-17-08.16.13.png","width":477,"height":135,"caption":"pratikmagazam.com"},"image":{"@id":"https:\/\/www.peraavm.com\/#\/schema\/logo\/image\/"},"sameAs":["https:\/\/instagram.com\/pratikmagazam?utm_medium=copy_link"]}]}},"_links":{"self":[{"href":"https:\/\/www.peraavm.com\/index.php\/wp-json\/wp\/v2\/product\/2176","targetHints":{"allow":["GET"]}}],"collection":[{"href":"https:\/\/www.peraavm.com\/index.php\/wp-json\/wp\/v2\/product"}],"about":[{"href":"https:\/\/www.peraavm.com\/index.php\/wp-json\/wp\/v2\/types\/product"}],"replies":[{"embeddable":true,"href":"https:\/\/www.peraavm.com\/index.php\/wp-json\/wp\/v2\/comments?post=2176"}],"wp:featuredmedia":[{"embeddable":true,"href":"https:\/\/www.peraavm.com\/index.php\/wp-json\/wp\/v2\/media\/2177"}],"wp:attachment":[{"href":"https:\/\/www.peraavm.com\/index.php\/wp-json\/wp\/v2\/media?parent=2176"}],"wp:term":[{"taxonomy":"product_brand","embeddable":true,"href":"https:\/\/www.peraavm.com\/index.php\/wp-json\/wp\/v2\/product_brand?post=2176"},{"taxonomy":"product_cat","embeddable":true,"href":"https:\/\/www.peraavm.com\/index.php\/wp-json\/wp\/v2\/product_cat?post=2176"},{"taxonomy":"product_tag","embeddable":true,"href":"https:\/\/www.peraavm.com\/index.php\/wp-json\/wp\/v2\/product_tag?post=2176"}],"curies":[{"name":"wp","href":"https:\/\/api.w.org\/{rel}","templated":true}]}}