{"id":2200,"date":"2022-01-10T13:21:45","date_gmt":"2022-01-10T13:21:45","guid":{"rendered":"https:\/\/www.pratikmagazam.com\/?post_type=product&#038;p=2200"},"modified":"2026-01-17T11:24:28","modified_gmt":"2026-01-17T11:24:28","slug":"yan-kesim-ikiz-konserve-sise-teneke-kapak-acacagi-0-paslanmaz-celik-puruzsuz-1-kalite-teneke-kutu-acacagi","status":"publish","type":"product","link":"https:\/\/www.peraavm.com\/index.php\/urun\/yan-kesim-ikiz-konserve-sise-teneke-kapak-acacagi-0-paslanmaz-celik-puruzsuz-1-kalite-teneke-kutu-acacagi\/","title":{"rendered":"Yan Kesim \u0130kiz  Konserve \u015ei\u015fe Teneke  Kapak A\u00e7aca\u011f\u0131 %100 Paslanmaz \u00c7elik P\u00fcr\u00fczs\u00fcz 1. Kalite Teneke Kutu A\u00e7aca\u011f\u0131"},"content":{"rendered":"<div>\n<h3 class=\"detail-name\">Yan Kesim Konserve \u015ei\u015fe Teneke A\u00e7aca\u011f\u0131 %100 Paslanmaz \u00c7elik P\u00fcr\u00fczs\u00fcz 1. Kalite Teneke Kutu A\u00e7aca\u011f\u0131<\/h3>\n<ul class=\"detail-desc-list\">\n<li class=\"detail-desc-item\">1 ADET \u00e7ok fonksiyonlu konserve a\u00e7aca\u011f\u0131 Konserve a\u00e7aca\u011f\u0131 paslanmaz \u00e7elik manuel teneke kutu a\u00e7aca\u011f\u0131 3-in-1 \u015fi\u015fe a\u00e7aca\u011f\u0131 mutfak restoran kamp Boyutlar: uzunluk 19 cm geni\u015fli\u011fi 5.2 cm y\u00fcksek 4.8 cm malzeme: 2CR13 paslanmaz \u00e7elik (b\u0131\u00e7ak kafas\u0131) +Plastik Kaplama Sap<\/li>\n<\/ul>\n<div><\/div>\n<\/div>\n","protected":false},"excerpt":{"rendered":"<div>\n<h3 class=\"detail-name\">Yan Kesim Konserve \u015ei\u015fe Teneke A\u00e7aca\u011f\u0131 %100 Paslanmaz \u00c7elik P\u00fcr\u00fczs\u00fcz 1. Kalite Teneke Kutu A\u00e7aca\u011f\u0131<\/h3>\n<ul class=\"detail-desc-list\">\n<li class=\"detail-desc-item\">1 ADET \u00e7ok fonksiyonlu konserve a\u00e7aca\u011f\u0131 Konserve a\u00e7aca\u011f\u0131 paslanmaz \u00e7elik manuel teneke kutu a\u00e7aca\u011f\u0131 3-in-1 \u015fi\u015fe a\u00e7aca\u011f\u0131 mutfak restoran kamp Boyutlar: uzunluk 19 cm geni\u015fli\u011fi 5.2 cm y\u00fcksek 4.8 cm malzeme: 2CR13 paslanmaz \u00e7elik (b\u0131\u00e7ak kafas\u0131) +Plastik Kaplama Sap<\/li>\n<\/ul>\n<div><\/div>\n<\/div>\n","protected":false},"featured_media":2201,"comment_status":"open","ping_status":"closed","template":"","meta":[],"product_brand":[],"product_cat":[37,29,15],"product_tag":[],"class_list":{"0":"post-2200","1":"product","2":"type-product","3":"status-publish","4":"has-post-thumbnail","6":"product_cat-ev-gerecleri","7":"product_cat-mutfak-gerecleri","8":"product_cat-tum-urunler","10":"first","11":"instock","12":"sale","13":"taxable","14":"shipping-taxable","15":"purchasable","16":"product-type-simple"},"yoast_head":"<!-- This site is optimized with the Yoast SEO plugin v27.2 - https:\/\/yoast.com\/product\/yoast-seo-wordpress\/ -->\n<title>Yan Kesim \u0130kiz Konserve \u015ei\u015fe Teneke Kapak A\u00e7aca\u011f\u0131 %100 Paslanmaz \u00c7elik P\u00fcr\u00fczs\u00fcz 1. Kalite Teneke Kutu A\u00e7aca\u011f\u0131 |<\/title>\n<meta name=\"description\" content=\"Yan Kesim Konserve \u015ei\u015fe Teneke A\u00e7aca\u011f\u0131 0 Paslanmaz \u00c7elik P\u00fcr\u00fczs\u00fcz 1. Kalite Teneke Kutu A\u00e7aca\u011f\u01311 ADET \u00e7ok fonksiyonlu konserve a\u00e7aca\u011f\u0131 Konserve a\u00e7aca\u011f\u0131 paslanmaz \u00e7elik manuel teneke kutu a\u00e7aca\u011f\u0131 3-in-1 \u015fi\u015fe a\u00e7aca\u011f\u0131 mutfak restoran kamp Boyutlar: uzunluk 19 cm geni\u015fli\u011fi 5.2 cm y\u00fcksek 4.8 cm malzeme: 2CR13 paslanmaz \u00e7elik (b\u0131\u00e7ak kafas\u0131) +Plastik Kaplama Sap\" \/>\n<meta name=\"robots\" content=\"index, follow, max-snippet:-1, max-image-preview:large, max-video-preview:-1\" \/>\n<link rel=\"canonical\" href=\"https:\/\/www.peraavm.com\/index.php\/urun\/yan-kesim-ikiz-konserve-sise-teneke-kapak-acacagi-0-paslanmaz-celik-puruzsuz-1-kalite-teneke-kutu-acacagi\/\" \/>\n<meta property=\"og:locale\" content=\"tr_TR\" \/>\n<meta property=\"og:type\" content=\"article\" \/>\n<meta property=\"og:title\" content=\"Yan Kesim \u0130kiz Konserve \u015ei\u015fe Teneke Kapak A\u00e7aca\u011f\u0131 %100 Paslanmaz \u00c7elik P\u00fcr\u00fczs\u00fcz 1. Kalite Teneke Kutu A\u00e7aca\u011f\u0131 |\" \/>\n<meta property=\"og:description\" content=\"Yan Kesim Konserve \u015ei\u015fe Teneke A\u00e7aca\u011f\u0131 0 Paslanmaz \u00c7elik P\u00fcr\u00fczs\u00fcz 1. Kalite Teneke Kutu A\u00e7aca\u011f\u01311 ADET \u00e7ok fonksiyonlu konserve a\u00e7aca\u011f\u0131 Konserve a\u00e7aca\u011f\u0131 paslanmaz \u00e7elik manuel teneke kutu a\u00e7aca\u011f\u0131 3-in-1 \u015fi\u015fe a\u00e7aca\u011f\u0131 mutfak restoran kamp Boyutlar: uzunluk 19 cm geni\u015fli\u011fi 5.2 cm y\u00fcksek 4.8 cm malzeme: 2CR13 paslanmaz \u00e7elik (b\u0131\u00e7ak kafas\u0131) +Plastik Kaplama Sap\" \/>\n<meta property=\"og:url\" content=\"https:\/\/www.peraavm.com\/index.php\/urun\/yan-kesim-ikiz-konserve-sise-teneke-kapak-acacagi-0-paslanmaz-celik-puruzsuz-1-kalite-teneke-kutu-acacagi\/\" \/>\n<meta property=\"article:modified_time\" content=\"2026-01-17T11:24:28+00:00\" \/>\n<meta property=\"og:image\" content=\"https:\/\/www.peraavm.com\/wp-content\/uploads\/2022\/01\/23423424-1.jpg\" \/>\n\t<meta property=\"og:image:width\" content=\"300\" \/>\n\t<meta property=\"og:image:height\" content=\"300\" \/>\n\t<meta property=\"og:image:type\" content=\"image\/jpeg\" \/>\n<meta name=\"twitter:card\" content=\"summary_large_image\" \/>\n<script type=\"application\/ld+json\" class=\"yoast-schema-graph\">{\"@context\":\"https:\/\/schema.org\",\"@graph\":[{\"@type\":\"WebPage\",\"@id\":\"https:\/\/www.peraavm.com\/index.php\/urun\/yan-kesim-ikiz-konserve-sise-teneke-kapak-acacagi-0-paslanmaz-celik-puruzsuz-1-kalite-teneke-kutu-acacagi\/\",\"url\":\"https:\/\/www.peraavm.com\/index.php\/urun\/yan-kesim-ikiz-konserve-sise-teneke-kapak-acacagi-0-paslanmaz-celik-puruzsuz-1-kalite-teneke-kutu-acacagi\/\",\"name\":\"Yan Kesim \u0130kiz Konserve \u015ei\u015fe Teneke Kapak A\u00e7aca\u011f\u0131 %100 Paslanmaz \u00c7elik P\u00fcr\u00fczs\u00fcz 1. Kalite Teneke Kutu A\u00e7aca\u011f\u0131 |\",\"isPartOf\":{\"@id\":\"https:\/\/www.peraavm.com\/#website\"},\"primaryImageOfPage\":{\"@id\":\"https:\/\/www.peraavm.com\/index.php\/urun\/yan-kesim-ikiz-konserve-sise-teneke-kapak-acacagi-0-paslanmaz-celik-puruzsuz-1-kalite-teneke-kutu-acacagi\/#primaryimage\"},\"image\":{\"@id\":\"https:\/\/www.peraavm.com\/index.php\/urun\/yan-kesim-ikiz-konserve-sise-teneke-kapak-acacagi-0-paslanmaz-celik-puruzsuz-1-kalite-teneke-kutu-acacagi\/#primaryimage\"},\"thumbnailUrl\":\"https:\/\/www.peraavm.com\/wp-content\/uploads\/2022\/01\/23423424-1.jpg\",\"datePublished\":\"2022-01-10T13:21:45+00:00\",\"dateModified\":\"2026-01-17T11:24:28+00:00\",\"description\":\"Yan Kesim Konserve \u015ei\u015fe Teneke A\u00e7aca\u011f\u0131 0 Paslanmaz \u00c7elik P\u00fcr\u00fczs\u00fcz 1. Kalite Teneke Kutu A\u00e7aca\u011f\u01311 ADET \u00e7ok fonksiyonlu konserve a\u00e7aca\u011f\u0131 Konserve a\u00e7aca\u011f\u0131 paslanmaz \u00e7elik manuel teneke kutu a\u00e7aca\u011f\u0131 3-in-1 \u015fi\u015fe a\u00e7aca\u011f\u0131 mutfak restoran kamp Boyutlar: uzunluk 19 cm geni\u015fli\u011fi 5.2 cm y\u00fcksek 4.8 cm malzeme: 2CR13 paslanmaz \u00e7elik (b\u0131\u00e7ak kafas\u0131) +Plastik Kaplama Sap\",\"breadcrumb\":{\"@id\":\"https:\/\/www.peraavm.com\/index.php\/urun\/yan-kesim-ikiz-konserve-sise-teneke-kapak-acacagi-0-paslanmaz-celik-puruzsuz-1-kalite-teneke-kutu-acacagi\/#breadcrumb\"},\"inLanguage\":\"tr\",\"potentialAction\":[{\"@type\":\"ReadAction\",\"target\":[\"https:\/\/www.peraavm.com\/index.php\/urun\/yan-kesim-ikiz-konserve-sise-teneke-kapak-acacagi-0-paslanmaz-celik-puruzsuz-1-kalite-teneke-kutu-acacagi\/\"]}]},{\"@type\":\"ImageObject\",\"inLanguage\":\"tr\",\"@id\":\"https:\/\/www.peraavm.com\/index.php\/urun\/yan-kesim-ikiz-konserve-sise-teneke-kapak-acacagi-0-paslanmaz-celik-puruzsuz-1-kalite-teneke-kutu-acacagi\/#primaryimage\",\"url\":\"https:\/\/www.peraavm.com\/wp-content\/uploads\/2022\/01\/23423424-1.jpg\",\"contentUrl\":\"https:\/\/www.peraavm.com\/wp-content\/uploads\/2022\/01\/23423424-1.jpg\",\"width\":300,\"height\":300},{\"@type\":\"BreadcrumbList\",\"@id\":\"https:\/\/www.peraavm.com\/index.php\/urun\/yan-kesim-ikiz-konserve-sise-teneke-kapak-acacagi-0-paslanmaz-celik-puruzsuz-1-kalite-teneke-kutu-acacagi\/#breadcrumb\",\"itemListElement\":[{\"@type\":\"ListItem\",\"position\":1,\"name\":\"Anasayfa\",\"item\":\"https:\/\/www.peraavm.com\/\"},{\"@type\":\"ListItem\",\"position\":2,\"name\":\"Magaza\",\"item\":\"https:\/\/www.peraavm.com\/index.php\/magaza\/\"},{\"@type\":\"ListItem\",\"position\":3,\"name\":\"Yan Kesim \u0130kiz Konserve \u015ei\u015fe Teneke Kapak A\u00e7aca\u011f\u0131 %100 Paslanmaz \u00c7elik P\u00fcr\u00fczs\u00fcz 1. Kalite Teneke Kutu A\u00e7aca\u011f\u0131\"}]},{\"@type\":\"WebSite\",\"@id\":\"https:\/\/www.peraavm.com\/#website\",\"url\":\"https:\/\/www.peraavm.com\/\",\"name\":\"Pratikmagazam.com\",\"description\":\"\",\"publisher\":{\"@id\":\"https:\/\/www.peraavm.com\/#organization\"},\"potentialAction\":[{\"@type\":\"SearchAction\",\"target\":{\"@type\":\"EntryPoint\",\"urlTemplate\":\"https:\/\/www.peraavm.com\/?s={search_term_string}\"},\"query-input\":{\"@type\":\"PropertyValueSpecification\",\"valueRequired\":true,\"valueName\":\"search_term_string\"}}],\"inLanguage\":\"tr\"},{\"@type\":\"Organization\",\"@id\":\"https:\/\/www.peraavm.com\/#organization\",\"name\":\"pratikmagazam.com\",\"url\":\"https:\/\/www.peraavm.com\/\",\"logo\":{\"@type\":\"ImageObject\",\"inLanguage\":\"tr\",\"@id\":\"https:\/\/www.peraavm.com\/#\/schema\/logo\/image\/\",\"url\":\"https:\/\/www.pratikmagazam.com\/wp-content\/uploads\/2021\/11\/Ekran-Resmi-2021-11-17-08.16.13.png\",\"contentUrl\":\"https:\/\/www.pratikmagazam.com\/wp-content\/uploads\/2021\/11\/Ekran-Resmi-2021-11-17-08.16.13.png\",\"width\":477,\"height\":135,\"caption\":\"pratikmagazam.com\"},\"image\":{\"@id\":\"https:\/\/www.peraavm.com\/#\/schema\/logo\/image\/\"},\"sameAs\":[\"https:\/\/instagram.com\/pratikmagazam?utm_medium=copy_link\"]}]}<\/script>\n<!-- \/ Yoast SEO plugin. -->","yoast_head_json":{"title":"Yan Kesim \u0130kiz Konserve \u015ei\u015fe Teneke Kapak A\u00e7aca\u011f\u0131 %100 Paslanmaz \u00c7elik P\u00fcr\u00fczs\u00fcz 1. Kalite Teneke Kutu A\u00e7aca\u011f\u0131 |","description":"Yan Kesim Konserve \u015ei\u015fe Teneke A\u00e7aca\u011f\u0131 0 Paslanmaz \u00c7elik P\u00fcr\u00fczs\u00fcz 1. Kalite Teneke Kutu A\u00e7aca\u011f\u01311 ADET \u00e7ok fonksiyonlu konserve a\u00e7aca\u011f\u0131 Konserve a\u00e7aca\u011f\u0131 paslanmaz \u00e7elik manuel teneke kutu a\u00e7aca\u011f\u0131 3-in-1 \u015fi\u015fe a\u00e7aca\u011f\u0131 mutfak restoran kamp Boyutlar: uzunluk 19 cm geni\u015fli\u011fi 5.2 cm y\u00fcksek 4.8 cm malzeme: 2CR13 paslanmaz \u00e7elik (b\u0131\u00e7ak kafas\u0131) +Plastik Kaplama Sap","robots":{"index":"index","follow":"follow","max-snippet":"max-snippet:-1","max-image-preview":"max-image-preview:large","max-video-preview":"max-video-preview:-1"},"canonical":"https:\/\/www.peraavm.com\/index.php\/urun\/yan-kesim-ikiz-konserve-sise-teneke-kapak-acacagi-0-paslanmaz-celik-puruzsuz-1-kalite-teneke-kutu-acacagi\/","og_locale":"tr_TR","og_type":"article","og_title":"Yan Kesim \u0130kiz Konserve \u015ei\u015fe Teneke Kapak A\u00e7aca\u011f\u0131 %100 Paslanmaz \u00c7elik P\u00fcr\u00fczs\u00fcz 1. Kalite Teneke Kutu A\u00e7aca\u011f\u0131 |","og_description":"Yan Kesim Konserve \u015ei\u015fe Teneke A\u00e7aca\u011f\u0131 0 Paslanmaz \u00c7elik P\u00fcr\u00fczs\u00fcz 1. Kalite Teneke Kutu A\u00e7aca\u011f\u01311 ADET \u00e7ok fonksiyonlu konserve a\u00e7aca\u011f\u0131 Konserve a\u00e7aca\u011f\u0131 paslanmaz \u00e7elik manuel teneke kutu a\u00e7aca\u011f\u0131 3-in-1 \u015fi\u015fe a\u00e7aca\u011f\u0131 mutfak restoran kamp Boyutlar: uzunluk 19 cm geni\u015fli\u011fi 5.2 cm y\u00fcksek 4.8 cm malzeme: 2CR13 paslanmaz \u00e7elik (b\u0131\u00e7ak kafas\u0131) +Plastik Kaplama Sap","og_url":"https:\/\/www.peraavm.com\/index.php\/urun\/yan-kesim-ikiz-konserve-sise-teneke-kapak-acacagi-0-paslanmaz-celik-puruzsuz-1-kalite-teneke-kutu-acacagi\/","article_modified_time":"2026-01-17T11:24:28+00:00","og_image":[{"width":300,"height":300,"url":"https:\/\/www.peraavm.com\/wp-content\/uploads\/2022\/01\/23423424-1.jpg","type":"image\/jpeg"}],"twitter_card":"summary_large_image","schema":{"@context":"https:\/\/schema.org","@graph":[{"@type":"WebPage","@id":"https:\/\/www.peraavm.com\/index.php\/urun\/yan-kesim-ikiz-konserve-sise-teneke-kapak-acacagi-0-paslanmaz-celik-puruzsuz-1-kalite-teneke-kutu-acacagi\/","url":"https:\/\/www.peraavm.com\/index.php\/urun\/yan-kesim-ikiz-konserve-sise-teneke-kapak-acacagi-0-paslanmaz-celik-puruzsuz-1-kalite-teneke-kutu-acacagi\/","name":"Yan Kesim \u0130kiz Konserve \u015ei\u015fe Teneke Kapak A\u00e7aca\u011f\u0131 %100 Paslanmaz \u00c7elik P\u00fcr\u00fczs\u00fcz 1. Kalite Teneke Kutu A\u00e7aca\u011f\u0131 |","isPartOf":{"@id":"https:\/\/www.peraavm.com\/#website"},"primaryImageOfPage":{"@id":"https:\/\/www.peraavm.com\/index.php\/urun\/yan-kesim-ikiz-konserve-sise-teneke-kapak-acacagi-0-paslanmaz-celik-puruzsuz-1-kalite-teneke-kutu-acacagi\/#primaryimage"},"image":{"@id":"https:\/\/www.peraavm.com\/index.php\/urun\/yan-kesim-ikiz-konserve-sise-teneke-kapak-acacagi-0-paslanmaz-celik-puruzsuz-1-kalite-teneke-kutu-acacagi\/#primaryimage"},"thumbnailUrl":"https:\/\/www.peraavm.com\/wp-content\/uploads\/2022\/01\/23423424-1.jpg","datePublished":"2022-01-10T13:21:45+00:00","dateModified":"2026-01-17T11:24:28+00:00","description":"Yan Kesim Konserve \u015ei\u015fe Teneke A\u00e7aca\u011f\u0131 0 Paslanmaz \u00c7elik P\u00fcr\u00fczs\u00fcz 1. Kalite Teneke Kutu A\u00e7aca\u011f\u01311 ADET \u00e7ok fonksiyonlu konserve a\u00e7aca\u011f\u0131 Konserve a\u00e7aca\u011f\u0131 paslanmaz \u00e7elik manuel teneke kutu a\u00e7aca\u011f\u0131 3-in-1 \u015fi\u015fe a\u00e7aca\u011f\u0131 mutfak restoran kamp Boyutlar: uzunluk 19 cm geni\u015fli\u011fi 5.2 cm y\u00fcksek 4.8 cm malzeme: 2CR13 paslanmaz \u00e7elik (b\u0131\u00e7ak kafas\u0131) +Plastik Kaplama Sap","breadcrumb":{"@id":"https:\/\/www.peraavm.com\/index.php\/urun\/yan-kesim-ikiz-konserve-sise-teneke-kapak-acacagi-0-paslanmaz-celik-puruzsuz-1-kalite-teneke-kutu-acacagi\/#breadcrumb"},"inLanguage":"tr","potentialAction":[{"@type":"ReadAction","target":["https:\/\/www.peraavm.com\/index.php\/urun\/yan-kesim-ikiz-konserve-sise-teneke-kapak-acacagi-0-paslanmaz-celik-puruzsuz-1-kalite-teneke-kutu-acacagi\/"]}]},{"@type":"ImageObject","inLanguage":"tr","@id":"https:\/\/www.peraavm.com\/index.php\/urun\/yan-kesim-ikiz-konserve-sise-teneke-kapak-acacagi-0-paslanmaz-celik-puruzsuz-1-kalite-teneke-kutu-acacagi\/#primaryimage","url":"https:\/\/www.peraavm.com\/wp-content\/uploads\/2022\/01\/23423424-1.jpg","contentUrl":"https:\/\/www.peraavm.com\/wp-content\/uploads\/2022\/01\/23423424-1.jpg","width":300,"height":300},{"@type":"BreadcrumbList","@id":"https:\/\/www.peraavm.com\/index.php\/urun\/yan-kesim-ikiz-konserve-sise-teneke-kapak-acacagi-0-paslanmaz-celik-puruzsuz-1-kalite-teneke-kutu-acacagi\/#breadcrumb","itemListElement":[{"@type":"ListItem","position":1,"name":"Anasayfa","item":"https:\/\/www.peraavm.com\/"},{"@type":"ListItem","position":2,"name":"Magaza","item":"https:\/\/www.peraavm.com\/index.php\/magaza\/"},{"@type":"ListItem","position":3,"name":"Yan Kesim \u0130kiz Konserve \u015ei\u015fe Teneke Kapak A\u00e7aca\u011f\u0131 %100 Paslanmaz \u00c7elik P\u00fcr\u00fczs\u00fcz 1. Kalite Teneke Kutu A\u00e7aca\u011f\u0131"}]},{"@type":"WebSite","@id":"https:\/\/www.peraavm.com\/#website","url":"https:\/\/www.peraavm.com\/","name":"Pratikmagazam.com","description":"","publisher":{"@id":"https:\/\/www.peraavm.com\/#organization"},"potentialAction":[{"@type":"SearchAction","target":{"@type":"EntryPoint","urlTemplate":"https:\/\/www.peraavm.com\/?s={search_term_string}"},"query-input":{"@type":"PropertyValueSpecification","valueRequired":true,"valueName":"search_term_string"}}],"inLanguage":"tr"},{"@type":"Organization","@id":"https:\/\/www.peraavm.com\/#organization","name":"pratikmagazam.com","url":"https:\/\/www.peraavm.com\/","logo":{"@type":"ImageObject","inLanguage":"tr","@id":"https:\/\/www.peraavm.com\/#\/schema\/logo\/image\/","url":"https:\/\/www.pratikmagazam.com\/wp-content\/uploads\/2021\/11\/Ekran-Resmi-2021-11-17-08.16.13.png","contentUrl":"https:\/\/www.pratikmagazam.com\/wp-content\/uploads\/2021\/11\/Ekran-Resmi-2021-11-17-08.16.13.png","width":477,"height":135,"caption":"pratikmagazam.com"},"image":{"@id":"https:\/\/www.peraavm.com\/#\/schema\/logo\/image\/"},"sameAs":["https:\/\/instagram.com\/pratikmagazam?utm_medium=copy_link"]}]}},"_links":{"self":[{"href":"https:\/\/www.peraavm.com\/index.php\/wp-json\/wp\/v2\/product\/2200","targetHints":{"allow":["GET"]}}],"collection":[{"href":"https:\/\/www.peraavm.com\/index.php\/wp-json\/wp\/v2\/product"}],"about":[{"href":"https:\/\/www.peraavm.com\/index.php\/wp-json\/wp\/v2\/types\/product"}],"replies":[{"embeddable":true,"href":"https:\/\/www.peraavm.com\/index.php\/wp-json\/wp\/v2\/comments?post=2200"}],"wp:featuredmedia":[{"embeddable":true,"href":"https:\/\/www.peraavm.com\/index.php\/wp-json\/wp\/v2\/media\/2201"}],"wp:attachment":[{"href":"https:\/\/www.peraavm.com\/index.php\/wp-json\/wp\/v2\/media?parent=2200"}],"wp:term":[{"taxonomy":"product_brand","embeddable":true,"href":"https:\/\/www.peraavm.com\/index.php\/wp-json\/wp\/v2\/product_brand?post=2200"},{"taxonomy":"product_cat","embeddable":true,"href":"https:\/\/www.peraavm.com\/index.php\/wp-json\/wp\/v2\/product_cat?post=2200"},{"taxonomy":"product_tag","embeddable":true,"href":"https:\/\/www.peraavm.com\/index.php\/wp-json\/wp\/v2\/product_tag?post=2200"}],"curies":[{"name":"wp","href":"https:\/\/api.w.org\/{rel}","templated":true}]}}