{"id":2255,"date":"2022-03-03T07:39:06","date_gmt":"2022-03-03T07:39:06","guid":{"rendered":"https:\/\/www.pratikmagazam.com\/?post_type=product&#038;p=2255"},"modified":"2026-01-17T11:23:46","modified_gmt":"2026-01-17T11:23:46","slug":"manuel-ustten-basmali-3-bicakli-kilitlenebilir-meyve-sebze-dograyici-el-rondosu","status":"publish","type":"product","link":"https:\/\/www.peraavm.com\/index.php\/urun\/manuel-ustten-basmali-3-bicakli-kilitlenebilir-meyve-sebze-dograyici-el-rondosu\/","title":{"rendered":"Manuel \u00dcstten Basmal\u0131 3 B\u0131\u00e7akl\u0131 Kilitlenebilir Meyve Sebze Do\u011fray\u0131c\u0131 El Rondosu"},"content":{"rendered":"<ul class=\"detail-desc-list\">\n<li>Do\u011framak istedi\u011finiz yiyecekleri hazneye koyduktan sonra. \u00fcst kapa\u011f\u0131 kapat\u0131n\u0131z. Basma butonunun g\u00fcvenlik kilidini a\u00e7\u0131n\u0131z. Avu\u00e7 i\u00e7inizle 5-10 defa basarak do\u011fray\u0131n\u0131z. Kilitlenebilir basma butonu sayesinde mutfa\u011f\u0131n\u0131zda yer kaplamaz. Taban\u0131ndaki conta. kaymay\u0131 \u00f6nler ve rahat kullan\u0131m sa\u011flar. Paslanmaz b\u0131\u00e7aklar\u0131 sayesinde sebze ve meyvelerinizi kolayca do\u011framan\u0131za yard\u0131mc\u0131 olur. Her t\u00fcrl\u00fc sebze. meyve. kuruyemi\u015fleri do\u011frayabilece\u011finiz rondo i\u015flerinizi kolayla\u015ft\u0131r\u0131r. Ergonomik tasar\u0131m. Kolay temizlik. \u00dcr\u00fcn sa\u011fl\u0131\u011fa zararl\u0131 hi\u00e7bir madde i\u00e7ermez<\/li>\n<\/ul>\n","protected":false},"excerpt":{"rendered":"<ul class=\"detail-desc-list\">\n<li>Do\u011framak istedi\u011finiz yiyecekleri hazneye koyduktan sonra. \u00fcst kapa\u011f\u0131 kapat\u0131n\u0131z. Basma butonunun g\u00fcvenlik kilidini a\u00e7\u0131n\u0131z. Avu\u00e7 i\u00e7inizle 5-10 defa basarak do\u011fray\u0131n\u0131z. Kilitlenebilir basma butonu sayesinde mutfa\u011f\u0131n\u0131zda yer kaplamaz. Taban\u0131ndaki conta. kaymay\u0131 \u00f6nler ve rahat kullan\u0131m sa\u011flar. Paslanmaz b\u0131\u00e7aklar\u0131 sayesinde sebze ve meyvelerinizi kolayca do\u011framan\u0131za yard\u0131mc\u0131 olur. Her t\u00fcrl\u00fc sebze. meyve. kuruyemi\u015fleri do\u011frayabilece\u011finiz rondo i\u015flerinizi kolayla\u015ft\u0131r\u0131r. Ergonomik tasar\u0131m. Kolay temizlik. \u00dcr\u00fcn sa\u011fl\u0131\u011fa zararl\u0131 hi\u00e7bir madde i\u00e7ermez<\/li>\n<\/ul>\n","protected":false},"featured_media":2256,"comment_status":"open","ping_status":"closed","template":"","meta":[],"product_brand":[],"product_cat":[37,29,15],"product_tag":[],"class_list":{"0":"post-2255","1":"product","2":"type-product","3":"status-publish","4":"has-post-thumbnail","6":"product_cat-ev-gerecleri","7":"product_cat-mutfak-gerecleri","8":"product_cat-tum-urunler","10":"first","11":"instock","12":"sale","13":"taxable","14":"shipping-taxable","15":"purchasable","16":"product-type-simple"},"yoast_head":"<!-- This site is optimized with the Yoast SEO plugin v27.2 - https:\/\/yoast.com\/product\/yoast-seo-wordpress\/ -->\n<title>Manuel \u00dcstten Basmal\u0131 3 B\u0131\u00e7akl\u0131 Kilitlenebilir Meyve Sebze Do\u011fray\u0131c\u0131 El Rondosu |<\/title>\n<meta name=\"description\" content=\"Do\u011framak istedi\u011finiz yiyecekleri hazneye koyduktan sonra. \u00fcst kapa\u011f\u0131 kapat\u0131n\u0131z. Basma butonunun g\u00fcvenlik kilidini a\u00e7\u0131n\u0131z. Avu\u00e7 i\u00e7inizle 5-10 defa basarak do\u011fray\u0131n\u0131z. Kilitlenebilir basma butonu sayesinde mutfa\u011f\u0131n\u0131zda yer kaplamaz. Taban\u0131ndaki conta. kaymay\u0131 \u00f6nler ve rahat kullan\u0131m sa\u011flar. Paslanmaz b\u0131\u00e7aklar\u0131 sayesinde sebze ve meyvelerinizi kolayca do\u011framan\u0131za yard\u0131mc\u0131 olur. Her t\u00fcrl\u00fc sebze. meyve. kuruyemi\u015fleri do\u011frayabilece\u011finiz rondo i\u015flerinizi kolayla\u015ft\u0131r\u0131r. Ergonomik tasar\u0131m. Kolay temizlik. \u00dcr\u00fcn sa\u011fl\u0131\u011fa zararl\u0131 hi\u00e7bir madde i\u00e7ermez\" \/>\n<meta name=\"robots\" content=\"index, follow, max-snippet:-1, max-image-preview:large, max-video-preview:-1\" \/>\n<link rel=\"canonical\" href=\"https:\/\/www.peraavm.com\/index.php\/urun\/manuel-ustten-basmali-3-bicakli-kilitlenebilir-meyve-sebze-dograyici-el-rondosu\/\" \/>\n<meta property=\"og:locale\" content=\"tr_TR\" \/>\n<meta property=\"og:type\" content=\"article\" \/>\n<meta property=\"og:title\" content=\"Manuel \u00dcstten Basmal\u0131 3 B\u0131\u00e7akl\u0131 Kilitlenebilir Meyve Sebze Do\u011fray\u0131c\u0131 El Rondosu |\" \/>\n<meta property=\"og:description\" content=\"Do\u011framak istedi\u011finiz yiyecekleri hazneye koyduktan sonra. \u00fcst kapa\u011f\u0131 kapat\u0131n\u0131z. Basma butonunun g\u00fcvenlik kilidini a\u00e7\u0131n\u0131z. Avu\u00e7 i\u00e7inizle 5-10 defa basarak do\u011fray\u0131n\u0131z. Kilitlenebilir basma butonu sayesinde mutfa\u011f\u0131n\u0131zda yer kaplamaz. Taban\u0131ndaki conta. kaymay\u0131 \u00f6nler ve rahat kullan\u0131m sa\u011flar. Paslanmaz b\u0131\u00e7aklar\u0131 sayesinde sebze ve meyvelerinizi kolayca do\u011framan\u0131za yard\u0131mc\u0131 olur. Her t\u00fcrl\u00fc sebze. meyve. kuruyemi\u015fleri do\u011frayabilece\u011finiz rondo i\u015flerinizi kolayla\u015ft\u0131r\u0131r. Ergonomik tasar\u0131m. Kolay temizlik. \u00dcr\u00fcn sa\u011fl\u0131\u011fa zararl\u0131 hi\u00e7bir madde i\u00e7ermez\" \/>\n<meta property=\"og:url\" content=\"https:\/\/www.peraavm.com\/index.php\/urun\/manuel-ustten-basmali-3-bicakli-kilitlenebilir-meyve-sebze-dograyici-el-rondosu\/\" \/>\n<meta property=\"article:modified_time\" content=\"2026-01-17T11:23:46+00:00\" \/>\n<meta property=\"og:image\" content=\"https:\/\/www.peraavm.com\/wp-content\/uploads\/2022\/03\/4334543-copy.jpg\" \/>\n\t<meta property=\"og:image:width\" content=\"300\" \/>\n\t<meta property=\"og:image:height\" content=\"300\" \/>\n\t<meta property=\"og:image:type\" content=\"image\/jpeg\" \/>\n<meta name=\"twitter:card\" content=\"summary_large_image\" \/>\n<meta name=\"twitter:label1\" content=\"Tahmini okuma s\u00fcresi\" \/>\n\t<meta name=\"twitter:data1\" content=\"1 dakika\" \/>\n<script type=\"application\/ld+json\" class=\"yoast-schema-graph\">{\"@context\":\"https:\/\/schema.org\",\"@graph\":[{\"@type\":\"WebPage\",\"@id\":\"https:\/\/www.peraavm.com\/index.php\/urun\/manuel-ustten-basmali-3-bicakli-kilitlenebilir-meyve-sebze-dograyici-el-rondosu\/\",\"url\":\"https:\/\/www.peraavm.com\/index.php\/urun\/manuel-ustten-basmali-3-bicakli-kilitlenebilir-meyve-sebze-dograyici-el-rondosu\/\",\"name\":\"Manuel \u00dcstten Basmal\u0131 3 B\u0131\u00e7akl\u0131 Kilitlenebilir Meyve Sebze Do\u011fray\u0131c\u0131 El Rondosu |\",\"isPartOf\":{\"@id\":\"https:\/\/www.peraavm.com\/#website\"},\"primaryImageOfPage\":{\"@id\":\"https:\/\/www.peraavm.com\/index.php\/urun\/manuel-ustten-basmali-3-bicakli-kilitlenebilir-meyve-sebze-dograyici-el-rondosu\/#primaryimage\"},\"image\":{\"@id\":\"https:\/\/www.peraavm.com\/index.php\/urun\/manuel-ustten-basmali-3-bicakli-kilitlenebilir-meyve-sebze-dograyici-el-rondosu\/#primaryimage\"},\"thumbnailUrl\":\"https:\/\/www.peraavm.com\/wp-content\/uploads\/2022\/03\/4334543-copy.jpg\",\"datePublished\":\"2022-03-03T07:39:06+00:00\",\"dateModified\":\"2026-01-17T11:23:46+00:00\",\"description\":\"Do\u011framak istedi\u011finiz yiyecekleri hazneye koyduktan sonra. \u00fcst kapa\u011f\u0131 kapat\u0131n\u0131z. Basma butonunun g\u00fcvenlik kilidini a\u00e7\u0131n\u0131z. Avu\u00e7 i\u00e7inizle 5-10 defa basarak do\u011fray\u0131n\u0131z. Kilitlenebilir basma butonu sayesinde mutfa\u011f\u0131n\u0131zda yer kaplamaz. Taban\u0131ndaki conta. kaymay\u0131 \u00f6nler ve rahat kullan\u0131m sa\u011flar. Paslanmaz b\u0131\u00e7aklar\u0131 sayesinde sebze ve meyvelerinizi kolayca do\u011framan\u0131za yard\u0131mc\u0131 olur. Her t\u00fcrl\u00fc sebze. meyve. kuruyemi\u015fleri do\u011frayabilece\u011finiz rondo i\u015flerinizi kolayla\u015ft\u0131r\u0131r. Ergonomik tasar\u0131m. Kolay temizlik. \u00dcr\u00fcn sa\u011fl\u0131\u011fa zararl\u0131 hi\u00e7bir madde i\u00e7ermez\",\"breadcrumb\":{\"@id\":\"https:\/\/www.peraavm.com\/index.php\/urun\/manuel-ustten-basmali-3-bicakli-kilitlenebilir-meyve-sebze-dograyici-el-rondosu\/#breadcrumb\"},\"inLanguage\":\"tr\",\"potentialAction\":[{\"@type\":\"ReadAction\",\"target\":[\"https:\/\/www.peraavm.com\/index.php\/urun\/manuel-ustten-basmali-3-bicakli-kilitlenebilir-meyve-sebze-dograyici-el-rondosu\/\"]}]},{\"@type\":\"ImageObject\",\"inLanguage\":\"tr\",\"@id\":\"https:\/\/www.peraavm.com\/index.php\/urun\/manuel-ustten-basmali-3-bicakli-kilitlenebilir-meyve-sebze-dograyici-el-rondosu\/#primaryimage\",\"url\":\"https:\/\/www.peraavm.com\/wp-content\/uploads\/2022\/03\/4334543-copy.jpg\",\"contentUrl\":\"https:\/\/www.peraavm.com\/wp-content\/uploads\/2022\/03\/4334543-copy.jpg\",\"width\":300,\"height\":300},{\"@type\":\"BreadcrumbList\",\"@id\":\"https:\/\/www.peraavm.com\/index.php\/urun\/manuel-ustten-basmali-3-bicakli-kilitlenebilir-meyve-sebze-dograyici-el-rondosu\/#breadcrumb\",\"itemListElement\":[{\"@type\":\"ListItem\",\"position\":1,\"name\":\"Anasayfa\",\"item\":\"https:\/\/www.peraavm.com\/\"},{\"@type\":\"ListItem\",\"position\":2,\"name\":\"Magaza\",\"item\":\"https:\/\/www.peraavm.com\/index.php\/magaza\/\"},{\"@type\":\"ListItem\",\"position\":3,\"name\":\"Manuel \u00dcstten Basmal\u0131 3 B\u0131\u00e7akl\u0131 Kilitlenebilir Meyve Sebze Do\u011fray\u0131c\u0131 El Rondosu\"}]},{\"@type\":\"WebSite\",\"@id\":\"https:\/\/www.peraavm.com\/#website\",\"url\":\"https:\/\/www.peraavm.com\/\",\"name\":\"Pratikmagazam.com\",\"description\":\"\",\"publisher\":{\"@id\":\"https:\/\/www.peraavm.com\/#organization\"},\"potentialAction\":[{\"@type\":\"SearchAction\",\"target\":{\"@type\":\"EntryPoint\",\"urlTemplate\":\"https:\/\/www.peraavm.com\/?s={search_term_string}\"},\"query-input\":{\"@type\":\"PropertyValueSpecification\",\"valueRequired\":true,\"valueName\":\"search_term_string\"}}],\"inLanguage\":\"tr\"},{\"@type\":\"Organization\",\"@id\":\"https:\/\/www.peraavm.com\/#organization\",\"name\":\"pratikmagazam.com\",\"url\":\"https:\/\/www.peraavm.com\/\",\"logo\":{\"@type\":\"ImageObject\",\"inLanguage\":\"tr\",\"@id\":\"https:\/\/www.peraavm.com\/#\/schema\/logo\/image\/\",\"url\":\"https:\/\/www.pratikmagazam.com\/wp-content\/uploads\/2021\/11\/Ekran-Resmi-2021-11-17-08.16.13.png\",\"contentUrl\":\"https:\/\/www.pratikmagazam.com\/wp-content\/uploads\/2021\/11\/Ekran-Resmi-2021-11-17-08.16.13.png\",\"width\":477,\"height\":135,\"caption\":\"pratikmagazam.com\"},\"image\":{\"@id\":\"https:\/\/www.peraavm.com\/#\/schema\/logo\/image\/\"},\"sameAs\":[\"https:\/\/instagram.com\/pratikmagazam?utm_medium=copy_link\"]}]}<\/script>\n<!-- \/ Yoast SEO plugin. -->","yoast_head_json":{"title":"Manuel \u00dcstten Basmal\u0131 3 B\u0131\u00e7akl\u0131 Kilitlenebilir Meyve Sebze Do\u011fray\u0131c\u0131 El Rondosu |","description":"Do\u011framak istedi\u011finiz yiyecekleri hazneye koyduktan sonra. \u00fcst kapa\u011f\u0131 kapat\u0131n\u0131z. Basma butonunun g\u00fcvenlik kilidini a\u00e7\u0131n\u0131z. Avu\u00e7 i\u00e7inizle 5-10 defa basarak do\u011fray\u0131n\u0131z. Kilitlenebilir basma butonu sayesinde mutfa\u011f\u0131n\u0131zda yer kaplamaz. Taban\u0131ndaki conta. kaymay\u0131 \u00f6nler ve rahat kullan\u0131m sa\u011flar. Paslanmaz b\u0131\u00e7aklar\u0131 sayesinde sebze ve meyvelerinizi kolayca do\u011framan\u0131za yard\u0131mc\u0131 olur. Her t\u00fcrl\u00fc sebze. meyve. kuruyemi\u015fleri do\u011frayabilece\u011finiz rondo i\u015flerinizi kolayla\u015ft\u0131r\u0131r. Ergonomik tasar\u0131m. Kolay temizlik. \u00dcr\u00fcn sa\u011fl\u0131\u011fa zararl\u0131 hi\u00e7bir madde i\u00e7ermez","robots":{"index":"index","follow":"follow","max-snippet":"max-snippet:-1","max-image-preview":"max-image-preview:large","max-video-preview":"max-video-preview:-1"},"canonical":"https:\/\/www.peraavm.com\/index.php\/urun\/manuel-ustten-basmali-3-bicakli-kilitlenebilir-meyve-sebze-dograyici-el-rondosu\/","og_locale":"tr_TR","og_type":"article","og_title":"Manuel \u00dcstten Basmal\u0131 3 B\u0131\u00e7akl\u0131 Kilitlenebilir Meyve Sebze Do\u011fray\u0131c\u0131 El Rondosu |","og_description":"Do\u011framak istedi\u011finiz yiyecekleri hazneye koyduktan sonra. \u00fcst kapa\u011f\u0131 kapat\u0131n\u0131z. Basma butonunun g\u00fcvenlik kilidini a\u00e7\u0131n\u0131z. Avu\u00e7 i\u00e7inizle 5-10 defa basarak do\u011fray\u0131n\u0131z. Kilitlenebilir basma butonu sayesinde mutfa\u011f\u0131n\u0131zda yer kaplamaz. Taban\u0131ndaki conta. kaymay\u0131 \u00f6nler ve rahat kullan\u0131m sa\u011flar. Paslanmaz b\u0131\u00e7aklar\u0131 sayesinde sebze ve meyvelerinizi kolayca do\u011framan\u0131za yard\u0131mc\u0131 olur. Her t\u00fcrl\u00fc sebze. meyve. kuruyemi\u015fleri do\u011frayabilece\u011finiz rondo i\u015flerinizi kolayla\u015ft\u0131r\u0131r. Ergonomik tasar\u0131m. Kolay temizlik. \u00dcr\u00fcn sa\u011fl\u0131\u011fa zararl\u0131 hi\u00e7bir madde i\u00e7ermez","og_url":"https:\/\/www.peraavm.com\/index.php\/urun\/manuel-ustten-basmali-3-bicakli-kilitlenebilir-meyve-sebze-dograyici-el-rondosu\/","article_modified_time":"2026-01-17T11:23:46+00:00","og_image":[{"width":300,"height":300,"url":"https:\/\/www.peraavm.com\/wp-content\/uploads\/2022\/03\/4334543-copy.jpg","type":"image\/jpeg"}],"twitter_card":"summary_large_image","twitter_misc":{"Tahmini okuma s\u00fcresi":"1 dakika"},"schema":{"@context":"https:\/\/schema.org","@graph":[{"@type":"WebPage","@id":"https:\/\/www.peraavm.com\/index.php\/urun\/manuel-ustten-basmali-3-bicakli-kilitlenebilir-meyve-sebze-dograyici-el-rondosu\/","url":"https:\/\/www.peraavm.com\/index.php\/urun\/manuel-ustten-basmali-3-bicakli-kilitlenebilir-meyve-sebze-dograyici-el-rondosu\/","name":"Manuel \u00dcstten Basmal\u0131 3 B\u0131\u00e7akl\u0131 Kilitlenebilir Meyve Sebze Do\u011fray\u0131c\u0131 El Rondosu |","isPartOf":{"@id":"https:\/\/www.peraavm.com\/#website"},"primaryImageOfPage":{"@id":"https:\/\/www.peraavm.com\/index.php\/urun\/manuel-ustten-basmali-3-bicakli-kilitlenebilir-meyve-sebze-dograyici-el-rondosu\/#primaryimage"},"image":{"@id":"https:\/\/www.peraavm.com\/index.php\/urun\/manuel-ustten-basmali-3-bicakli-kilitlenebilir-meyve-sebze-dograyici-el-rondosu\/#primaryimage"},"thumbnailUrl":"https:\/\/www.peraavm.com\/wp-content\/uploads\/2022\/03\/4334543-copy.jpg","datePublished":"2022-03-03T07:39:06+00:00","dateModified":"2026-01-17T11:23:46+00:00","description":"Do\u011framak istedi\u011finiz yiyecekleri hazneye koyduktan sonra. \u00fcst kapa\u011f\u0131 kapat\u0131n\u0131z. Basma butonunun g\u00fcvenlik kilidini a\u00e7\u0131n\u0131z. Avu\u00e7 i\u00e7inizle 5-10 defa basarak do\u011fray\u0131n\u0131z. Kilitlenebilir basma butonu sayesinde mutfa\u011f\u0131n\u0131zda yer kaplamaz. Taban\u0131ndaki conta. kaymay\u0131 \u00f6nler ve rahat kullan\u0131m sa\u011flar. Paslanmaz b\u0131\u00e7aklar\u0131 sayesinde sebze ve meyvelerinizi kolayca do\u011framan\u0131za yard\u0131mc\u0131 olur. Her t\u00fcrl\u00fc sebze. meyve. kuruyemi\u015fleri do\u011frayabilece\u011finiz rondo i\u015flerinizi kolayla\u015ft\u0131r\u0131r. Ergonomik tasar\u0131m. Kolay temizlik. \u00dcr\u00fcn sa\u011fl\u0131\u011fa zararl\u0131 hi\u00e7bir madde i\u00e7ermez","breadcrumb":{"@id":"https:\/\/www.peraavm.com\/index.php\/urun\/manuel-ustten-basmali-3-bicakli-kilitlenebilir-meyve-sebze-dograyici-el-rondosu\/#breadcrumb"},"inLanguage":"tr","potentialAction":[{"@type":"ReadAction","target":["https:\/\/www.peraavm.com\/index.php\/urun\/manuel-ustten-basmali-3-bicakli-kilitlenebilir-meyve-sebze-dograyici-el-rondosu\/"]}]},{"@type":"ImageObject","inLanguage":"tr","@id":"https:\/\/www.peraavm.com\/index.php\/urun\/manuel-ustten-basmali-3-bicakli-kilitlenebilir-meyve-sebze-dograyici-el-rondosu\/#primaryimage","url":"https:\/\/www.peraavm.com\/wp-content\/uploads\/2022\/03\/4334543-copy.jpg","contentUrl":"https:\/\/www.peraavm.com\/wp-content\/uploads\/2022\/03\/4334543-copy.jpg","width":300,"height":300},{"@type":"BreadcrumbList","@id":"https:\/\/www.peraavm.com\/index.php\/urun\/manuel-ustten-basmali-3-bicakli-kilitlenebilir-meyve-sebze-dograyici-el-rondosu\/#breadcrumb","itemListElement":[{"@type":"ListItem","position":1,"name":"Anasayfa","item":"https:\/\/www.peraavm.com\/"},{"@type":"ListItem","position":2,"name":"Magaza","item":"https:\/\/www.peraavm.com\/index.php\/magaza\/"},{"@type":"ListItem","position":3,"name":"Manuel \u00dcstten Basmal\u0131 3 B\u0131\u00e7akl\u0131 Kilitlenebilir Meyve Sebze Do\u011fray\u0131c\u0131 El Rondosu"}]},{"@type":"WebSite","@id":"https:\/\/www.peraavm.com\/#website","url":"https:\/\/www.peraavm.com\/","name":"Pratikmagazam.com","description":"","publisher":{"@id":"https:\/\/www.peraavm.com\/#organization"},"potentialAction":[{"@type":"SearchAction","target":{"@type":"EntryPoint","urlTemplate":"https:\/\/www.peraavm.com\/?s={search_term_string}"},"query-input":{"@type":"PropertyValueSpecification","valueRequired":true,"valueName":"search_term_string"}}],"inLanguage":"tr"},{"@type":"Organization","@id":"https:\/\/www.peraavm.com\/#organization","name":"pratikmagazam.com","url":"https:\/\/www.peraavm.com\/","logo":{"@type":"ImageObject","inLanguage":"tr","@id":"https:\/\/www.peraavm.com\/#\/schema\/logo\/image\/","url":"https:\/\/www.pratikmagazam.com\/wp-content\/uploads\/2021\/11\/Ekran-Resmi-2021-11-17-08.16.13.png","contentUrl":"https:\/\/www.pratikmagazam.com\/wp-content\/uploads\/2021\/11\/Ekran-Resmi-2021-11-17-08.16.13.png","width":477,"height":135,"caption":"pratikmagazam.com"},"image":{"@id":"https:\/\/www.peraavm.com\/#\/schema\/logo\/image\/"},"sameAs":["https:\/\/instagram.com\/pratikmagazam?utm_medium=copy_link"]}]}},"_links":{"self":[{"href":"https:\/\/www.peraavm.com\/index.php\/wp-json\/wp\/v2\/product\/2255","targetHints":{"allow":["GET"]}}],"collection":[{"href":"https:\/\/www.peraavm.com\/index.php\/wp-json\/wp\/v2\/product"}],"about":[{"href":"https:\/\/www.peraavm.com\/index.php\/wp-json\/wp\/v2\/types\/product"}],"replies":[{"embeddable":true,"href":"https:\/\/www.peraavm.com\/index.php\/wp-json\/wp\/v2\/comments?post=2255"}],"wp:featuredmedia":[{"embeddable":true,"href":"https:\/\/www.peraavm.com\/index.php\/wp-json\/wp\/v2\/media\/2256"}],"wp:attachment":[{"href":"https:\/\/www.peraavm.com\/index.php\/wp-json\/wp\/v2\/media?parent=2255"}],"wp:term":[{"taxonomy":"product_brand","embeddable":true,"href":"https:\/\/www.peraavm.com\/index.php\/wp-json\/wp\/v2\/product_brand?post=2255"},{"taxonomy":"product_cat","embeddable":true,"href":"https:\/\/www.peraavm.com\/index.php\/wp-json\/wp\/v2\/product_cat?post=2255"},{"taxonomy":"product_tag","embeddable":true,"href":"https:\/\/www.peraavm.com\/index.php\/wp-json\/wp\/v2\/product_tag?post=2255"}],"curies":[{"name":"wp","href":"https:\/\/api.w.org\/{rel}","templated":true}]}}