{"id":2332,"date":"2022-06-14T13:45:31","date_gmt":"2022-06-14T13:45:31","guid":{"rendered":"https:\/\/www.pratikmagazam.com\/?post_type=product&#038;p=2332"},"modified":"2023-12-22T14:15:45","modified_gmt":"2023-12-22T14:15:45","slug":"kurmali-kedi-egitim-oyuncagi-tuylu-fare","status":"publish","type":"product","link":"https:\/\/www.peraavm.com\/index.php\/urun\/kurmali-kedi-egitim-oyuncagi-tuylu-fare\/","title":{"rendered":"Kurmal\u0131 Kedi E\u011fitim Oyunca\u011f\u0131 T\u00fcyl\u00fc Fare"},"content":{"rendered":"","protected":false},"excerpt":{"rendered":"<ul class=\"detail-desc-list two-columns\">\n<li><strong>Kurmal\u0131 kedi e\u011fitim faresi, kedilerin reflekslerini geli\u015ftirmede ve hareket etmesini sa\u011flayarak sa\u011fl\u0131kl\u0131 kalmas\u0131na yard\u0131mc\u0131 olur.<\/strong><\/li>\n<li><strong>Kedi e\u011fitim faresini solunda bulunan kolu \u00e7evirerek kurup kedinizin \u00f6n\u00fcne b\u0131rak\u0131n, fare herhangi bir engelle kar\u015f\u0131la\u015fmad\u0131\u011f\u0131 s\u00fcrece belirli bir s\u00fcre ileri hareket ederek kedinizin dikkatini \u00e7eker.<\/strong><\/li>\n<li><strong>Kurmal\u0131 kedi e\u011fitim faresi, kedinizi zihinsel ve fiziksel olarak uyar\u0131r zinde tutar.<\/strong><\/li>\n<li><strong>Her cins kedi i\u00e7in uygundur.<\/strong><\/li>\n<li><strong>Boyutlar\u0131: 12 cm x 7 cm<\/strong><\/li>\n<li><strong>Renk: Siyah, Beyaz, Gri, Kahverengi (Stok durumuna g\u00f6re kar\u0131\u015f\u0131k g\u00f6nderilecektir.)<\/strong><\/li>\n<\/ul>\n","protected":false},"featured_media":2335,"comment_status":"open","ping_status":"closed","template":"","meta":[],"product_brand":[],"product_cat":[43,15],"product_tag":[],"class_list":{"0":"post-2332","1":"product","2":"type-product","3":"status-publish","4":"has-post-thumbnail","6":"product_cat-petshop","7":"product_cat-tum-urunler","9":"first","10":"instock","11":"sale","12":"taxable","13":"shipping-taxable","14":"purchasable","15":"product-type-simple"},"yoast_head":"<!-- This site is optimized with the Yoast SEO plugin v27.2 - https:\/\/yoast.com\/product\/yoast-seo-wordpress\/ -->\n<title>Kurmal\u0131 Kedi E\u011fitim Oyunca\u011f\u0131 T\u00fcyl\u00fc Fare |<\/title>\n<meta name=\"description\" content=\"Kurmal\u0131 Kedi E\u011fitim Oyunca\u011f\u0131 T\u00fcyl\u00fc Fare\" \/>\n<meta name=\"robots\" content=\"index, follow, max-snippet:-1, max-image-preview:large, max-video-preview:-1\" \/>\n<link rel=\"canonical\" href=\"https:\/\/www.peraavm.com\/index.php\/urun\/kurmali-kedi-egitim-oyuncagi-tuylu-fare\/\" \/>\n<meta property=\"og:locale\" content=\"tr_TR\" \/>\n<meta property=\"og:type\" content=\"article\" \/>\n<meta property=\"og:title\" content=\"Kurmal\u0131 Kedi E\u011fitim Oyunca\u011f\u0131 T\u00fcyl\u00fc Fare |\" \/>\n<meta property=\"og:description\" content=\"Kurmal\u0131 Kedi E\u011fitim Oyunca\u011f\u0131 T\u00fcyl\u00fc Fare\" \/>\n<meta property=\"og:url\" content=\"https:\/\/www.peraavm.com\/index.php\/urun\/kurmali-kedi-egitim-oyuncagi-tuylu-fare\/\" \/>\n<meta property=\"article:modified_time\" content=\"2023-12-22T14:15:45+00:00\" \/>\n<meta property=\"og:image\" content=\"https:\/\/www.peraavm.com\/wp-content\/uploads\/2022\/06\/345345435.jpg\" \/>\n\t<meta property=\"og:image:width\" content=\"300\" \/>\n\t<meta property=\"og:image:height\" content=\"300\" \/>\n\t<meta property=\"og:image:type\" content=\"image\/jpeg\" \/>\n<meta name=\"twitter:card\" content=\"summary_large_image\" \/>\n<script type=\"application\/ld+json\" class=\"yoast-schema-graph\">{\"@context\":\"https:\/\/schema.org\",\"@graph\":[{\"@type\":\"WebPage\",\"@id\":\"https:\/\/www.peraavm.com\/index.php\/urun\/kurmali-kedi-egitim-oyuncagi-tuylu-fare\/\",\"url\":\"https:\/\/www.peraavm.com\/index.php\/urun\/kurmali-kedi-egitim-oyuncagi-tuylu-fare\/\",\"name\":\"Kurmal\u0131 Kedi E\u011fitim Oyunca\u011f\u0131 T\u00fcyl\u00fc Fare |\",\"isPartOf\":{\"@id\":\"https:\/\/www.peraavm.com\/#website\"},\"primaryImageOfPage\":{\"@id\":\"https:\/\/www.peraavm.com\/index.php\/urun\/kurmali-kedi-egitim-oyuncagi-tuylu-fare\/#primaryimage\"},\"image\":{\"@id\":\"https:\/\/www.peraavm.com\/index.php\/urun\/kurmali-kedi-egitim-oyuncagi-tuylu-fare\/#primaryimage\"},\"thumbnailUrl\":\"https:\/\/www.peraavm.com\/wp-content\/uploads\/2022\/06\/345345435.jpg\",\"datePublished\":\"2022-06-14T13:45:31+00:00\",\"dateModified\":\"2023-12-22T14:15:45+00:00\",\"description\":\"Kurmal\u0131 Kedi E\u011fitim Oyunca\u011f\u0131 T\u00fcyl\u00fc Fare\",\"breadcrumb\":{\"@id\":\"https:\/\/www.peraavm.com\/index.php\/urun\/kurmali-kedi-egitim-oyuncagi-tuylu-fare\/#breadcrumb\"},\"inLanguage\":\"tr\",\"potentialAction\":[{\"@type\":\"ReadAction\",\"target\":[\"https:\/\/www.peraavm.com\/index.php\/urun\/kurmali-kedi-egitim-oyuncagi-tuylu-fare\/\"]}]},{\"@type\":\"ImageObject\",\"inLanguage\":\"tr\",\"@id\":\"https:\/\/www.peraavm.com\/index.php\/urun\/kurmali-kedi-egitim-oyuncagi-tuylu-fare\/#primaryimage\",\"url\":\"https:\/\/www.peraavm.com\/wp-content\/uploads\/2022\/06\/345345435.jpg\",\"contentUrl\":\"https:\/\/www.peraavm.com\/wp-content\/uploads\/2022\/06\/345345435.jpg\",\"width\":300,\"height\":300},{\"@type\":\"BreadcrumbList\",\"@id\":\"https:\/\/www.peraavm.com\/index.php\/urun\/kurmali-kedi-egitim-oyuncagi-tuylu-fare\/#breadcrumb\",\"itemListElement\":[{\"@type\":\"ListItem\",\"position\":1,\"name\":\"Anasayfa\",\"item\":\"https:\/\/www.peraavm.com\/\"},{\"@type\":\"ListItem\",\"position\":2,\"name\":\"Magaza\",\"item\":\"https:\/\/www.peraavm.com\/index.php\/magaza\/\"},{\"@type\":\"ListItem\",\"position\":3,\"name\":\"Kurmal\u0131 Kedi E\u011fitim Oyunca\u011f\u0131 T\u00fcyl\u00fc Fare\"}]},{\"@type\":\"WebSite\",\"@id\":\"https:\/\/www.peraavm.com\/#website\",\"url\":\"https:\/\/www.peraavm.com\/\",\"name\":\"Pratikmagazam.com\",\"description\":\"\",\"publisher\":{\"@id\":\"https:\/\/www.peraavm.com\/#organization\"},\"potentialAction\":[{\"@type\":\"SearchAction\",\"target\":{\"@type\":\"EntryPoint\",\"urlTemplate\":\"https:\/\/www.peraavm.com\/?s={search_term_string}\"},\"query-input\":{\"@type\":\"PropertyValueSpecification\",\"valueRequired\":true,\"valueName\":\"search_term_string\"}}],\"inLanguage\":\"tr\"},{\"@type\":\"Organization\",\"@id\":\"https:\/\/www.peraavm.com\/#organization\",\"name\":\"pratikmagazam.com\",\"url\":\"https:\/\/www.peraavm.com\/\",\"logo\":{\"@type\":\"ImageObject\",\"inLanguage\":\"tr\",\"@id\":\"https:\/\/www.peraavm.com\/#\/schema\/logo\/image\/\",\"url\":\"https:\/\/www.pratikmagazam.com\/wp-content\/uploads\/2021\/11\/Ekran-Resmi-2021-11-17-08.16.13.png\",\"contentUrl\":\"https:\/\/www.pratikmagazam.com\/wp-content\/uploads\/2021\/11\/Ekran-Resmi-2021-11-17-08.16.13.png\",\"width\":477,\"height\":135,\"caption\":\"pratikmagazam.com\"},\"image\":{\"@id\":\"https:\/\/www.peraavm.com\/#\/schema\/logo\/image\/\"},\"sameAs\":[\"https:\/\/instagram.com\/pratikmagazam?utm_medium=copy_link\"]}]}<\/script>\n<!-- \/ Yoast SEO plugin. -->","yoast_head_json":{"title":"Kurmal\u0131 Kedi E\u011fitim Oyunca\u011f\u0131 T\u00fcyl\u00fc Fare |","description":"Kurmal\u0131 Kedi E\u011fitim Oyunca\u011f\u0131 T\u00fcyl\u00fc Fare","robots":{"index":"index","follow":"follow","max-snippet":"max-snippet:-1","max-image-preview":"max-image-preview:large","max-video-preview":"max-video-preview:-1"},"canonical":"https:\/\/www.peraavm.com\/index.php\/urun\/kurmali-kedi-egitim-oyuncagi-tuylu-fare\/","og_locale":"tr_TR","og_type":"article","og_title":"Kurmal\u0131 Kedi E\u011fitim Oyunca\u011f\u0131 T\u00fcyl\u00fc Fare |","og_description":"Kurmal\u0131 Kedi E\u011fitim Oyunca\u011f\u0131 T\u00fcyl\u00fc Fare","og_url":"https:\/\/www.peraavm.com\/index.php\/urun\/kurmali-kedi-egitim-oyuncagi-tuylu-fare\/","article_modified_time":"2023-12-22T14:15:45+00:00","og_image":[{"width":300,"height":300,"url":"https:\/\/www.peraavm.com\/wp-content\/uploads\/2022\/06\/345345435.jpg","type":"image\/jpeg"}],"twitter_card":"summary_large_image","schema":{"@context":"https:\/\/schema.org","@graph":[{"@type":"WebPage","@id":"https:\/\/www.peraavm.com\/index.php\/urun\/kurmali-kedi-egitim-oyuncagi-tuylu-fare\/","url":"https:\/\/www.peraavm.com\/index.php\/urun\/kurmali-kedi-egitim-oyuncagi-tuylu-fare\/","name":"Kurmal\u0131 Kedi E\u011fitim Oyunca\u011f\u0131 T\u00fcyl\u00fc Fare |","isPartOf":{"@id":"https:\/\/www.peraavm.com\/#website"},"primaryImageOfPage":{"@id":"https:\/\/www.peraavm.com\/index.php\/urun\/kurmali-kedi-egitim-oyuncagi-tuylu-fare\/#primaryimage"},"image":{"@id":"https:\/\/www.peraavm.com\/index.php\/urun\/kurmali-kedi-egitim-oyuncagi-tuylu-fare\/#primaryimage"},"thumbnailUrl":"https:\/\/www.peraavm.com\/wp-content\/uploads\/2022\/06\/345345435.jpg","datePublished":"2022-06-14T13:45:31+00:00","dateModified":"2023-12-22T14:15:45+00:00","description":"Kurmal\u0131 Kedi E\u011fitim Oyunca\u011f\u0131 T\u00fcyl\u00fc Fare","breadcrumb":{"@id":"https:\/\/www.peraavm.com\/index.php\/urun\/kurmali-kedi-egitim-oyuncagi-tuylu-fare\/#breadcrumb"},"inLanguage":"tr","potentialAction":[{"@type":"ReadAction","target":["https:\/\/www.peraavm.com\/index.php\/urun\/kurmali-kedi-egitim-oyuncagi-tuylu-fare\/"]}]},{"@type":"ImageObject","inLanguage":"tr","@id":"https:\/\/www.peraavm.com\/index.php\/urun\/kurmali-kedi-egitim-oyuncagi-tuylu-fare\/#primaryimage","url":"https:\/\/www.peraavm.com\/wp-content\/uploads\/2022\/06\/345345435.jpg","contentUrl":"https:\/\/www.peraavm.com\/wp-content\/uploads\/2022\/06\/345345435.jpg","width":300,"height":300},{"@type":"BreadcrumbList","@id":"https:\/\/www.peraavm.com\/index.php\/urun\/kurmali-kedi-egitim-oyuncagi-tuylu-fare\/#breadcrumb","itemListElement":[{"@type":"ListItem","position":1,"name":"Anasayfa","item":"https:\/\/www.peraavm.com\/"},{"@type":"ListItem","position":2,"name":"Magaza","item":"https:\/\/www.peraavm.com\/index.php\/magaza\/"},{"@type":"ListItem","position":3,"name":"Kurmal\u0131 Kedi E\u011fitim Oyunca\u011f\u0131 T\u00fcyl\u00fc Fare"}]},{"@type":"WebSite","@id":"https:\/\/www.peraavm.com\/#website","url":"https:\/\/www.peraavm.com\/","name":"Pratikmagazam.com","description":"","publisher":{"@id":"https:\/\/www.peraavm.com\/#organization"},"potentialAction":[{"@type":"SearchAction","target":{"@type":"EntryPoint","urlTemplate":"https:\/\/www.peraavm.com\/?s={search_term_string}"},"query-input":{"@type":"PropertyValueSpecification","valueRequired":true,"valueName":"search_term_string"}}],"inLanguage":"tr"},{"@type":"Organization","@id":"https:\/\/www.peraavm.com\/#organization","name":"pratikmagazam.com","url":"https:\/\/www.peraavm.com\/","logo":{"@type":"ImageObject","inLanguage":"tr","@id":"https:\/\/www.peraavm.com\/#\/schema\/logo\/image\/","url":"https:\/\/www.pratikmagazam.com\/wp-content\/uploads\/2021\/11\/Ekran-Resmi-2021-11-17-08.16.13.png","contentUrl":"https:\/\/www.pratikmagazam.com\/wp-content\/uploads\/2021\/11\/Ekran-Resmi-2021-11-17-08.16.13.png","width":477,"height":135,"caption":"pratikmagazam.com"},"image":{"@id":"https:\/\/www.peraavm.com\/#\/schema\/logo\/image\/"},"sameAs":["https:\/\/instagram.com\/pratikmagazam?utm_medium=copy_link"]}]}},"_links":{"self":[{"href":"https:\/\/www.peraavm.com\/index.php\/wp-json\/wp\/v2\/product\/2332","targetHints":{"allow":["GET"]}}],"collection":[{"href":"https:\/\/www.peraavm.com\/index.php\/wp-json\/wp\/v2\/product"}],"about":[{"href":"https:\/\/www.peraavm.com\/index.php\/wp-json\/wp\/v2\/types\/product"}],"replies":[{"embeddable":true,"href":"https:\/\/www.peraavm.com\/index.php\/wp-json\/wp\/v2\/comments?post=2332"}],"wp:featuredmedia":[{"embeddable":true,"href":"https:\/\/www.peraavm.com\/index.php\/wp-json\/wp\/v2\/media\/2335"}],"wp:attachment":[{"href":"https:\/\/www.peraavm.com\/index.php\/wp-json\/wp\/v2\/media?parent=2332"}],"wp:term":[{"taxonomy":"product_brand","embeddable":true,"href":"https:\/\/www.peraavm.com\/index.php\/wp-json\/wp\/v2\/product_brand?post=2332"},{"taxonomy":"product_cat","embeddable":true,"href":"https:\/\/www.peraavm.com\/index.php\/wp-json\/wp\/v2\/product_cat?post=2332"},{"taxonomy":"product_tag","embeddable":true,"href":"https:\/\/www.peraavm.com\/index.php\/wp-json\/wp\/v2\/product_tag?post=2332"}],"curies":[{"name":"wp","href":"https:\/\/api.w.org\/{rel}","templated":true}]}}