{"id":2407,"date":"2022-10-28T07:51:42","date_gmt":"2022-10-28T07:51:42","guid":{"rendered":"https:\/\/www.pratikmagazam.com\/?post_type=product&#038;p=2407"},"modified":"2026-01-17T11:20:07","modified_gmt":"2026-01-17T11:20:07","slug":"mikrofiber-kalin-dokulu-oto-temizleme-ve-kurulama-havlusu-50x70-cm-1-adet-gri","status":"publish","type":"product","link":"https:\/\/www.peraavm.com\/index.php\/urun\/mikrofiber-kalin-dokulu-oto-temizleme-ve-kurulama-havlusu-50x70-cm-1-adet-gri\/","title":{"rendered":"Mikrofiber Kal\u0131n Dokulu Oto Temizleme Ve Kurulama Havlusu &#8211; 50&#215;70 Cm ( 1 Adet Gri )"},"content":{"rendered":"<ul>\n<li>\u00a0<i><u><b>Oto kaporta bezi jumbo boy 50&#215;70;<\/b><\/u><\/i><\/li>\n<li>\u00a0\u00a0\u00a0&#8211; s\u0131k dokunmu\u015f uzun havlar\u0131 sayesinde yumu\u015fakt\u0131r.<\/li>\n<li>\u00a0\u00a0\u00a0&#8211; arac\u0131n kaportas\u0131ndaki suyu kolayca emer.<\/li>\n<li>\u00a0\u00a0\u00a0&#8211; kaporta gibi geni\u015f y\u00fczeylerde jumbo boyu sayesinde elinize g\u00fczel oturarak kurulamada kullan\u0131m kolayl\u0131\u011f\u0131 sa\u011flar.<\/li>\n<li>\u00a0\u00a0\u00a0&#8211; kimyasallara ihtiya\u00e7 duymadan temizler<\/li>\n<li>\u00a0\u00a0\u00a0<b>&#8211; t\u00fcy, iz b\u0131rakmaz<\/b><\/li>\n<li>\u00a0\u00a0\u00a0&#8211; jantlar, i\u00e7 ve d\u0131\u015f araba temizli\u011fine uygundur.<\/li>\n<li>\u00a0\u00a0\u00a0&#8211; normal bir pamuklu bezin yar\u0131s\u0131 kadar s\u00fcrede kurur.<\/li>\n<li>\u00a0\u00a0\u00a0<b>&#8211; 100&#8217;lerce kez durulay\u0131n ve yeniden kullan\u0131n<\/b><\/li>\n<li>\u00a0\u00a0\u00a0<u><i><b>Kullan\u0131m talimat\u0131;<\/b><\/i><\/u><\/li>\n<li>\u00a0\u00a0\u00a0-\u00fcr\u00fcn\u00fc ilk kullan\u0131mda kal\u0131p sabunlu s\u0131cak suda bekletiniz. (30 dk) durulad\u0131ktan sonra kullan\u0131ma haz\u0131r hale gelmektedir.<\/li>\n<li>\u00a0\u00a0\u00a0<b>-kesinlikle yumu\u015fat\u0131c\u0131 kullan\u0131lmamas\u0131 gerekir.<\/b><\/li>\n<li>\u00a0\u00a0\u00a0<u><i><b>\u00dcr\u00fcn \u00f6zellikleri;<\/b><\/i><\/u><\/li>\n<li>\u00a0\u00a0\u00a0<i>-sahip oldu\u011fu yap\u0131 itibariyle g\u00f6zeneklerinde bakteri bulundurmaz.\u00a0\u00a0\u00a0<b>Tozu ve kiri i\u00e7ine hapseder.<\/b><\/i><\/li>\n<li>\u00a0\u00a0\u00a0<i>-deterjans\u0131z temizleme \u00f6zelli\u011fi sayesinde ast\u0131m, alerji, cilt hassasiyeti vb. Olan ki\u015filerin kullan\u0131m\u0131 i\u00e7in uygundur.<\/i><\/li>\n<li>\u00a0\u00a0\u00a0<u><i><b>Kullan\u0131m alanlar\u0131;<\/b><\/i><\/u><\/li>\n<li>\u00a0\u00a0\u00a0<i>-ara\u00e7 kaporta temizli\u011fi<\/i><\/li>\n<li>\u00a0\u00a0\u00a0<i>-ara\u00e7 i\u00e7 detay temizli\u011fi<\/i><\/li>\n<li>\u00a0\u00a0\u00a0<i>-cam temizli\u011fi<\/i><\/li>\n<\/ul>\n","protected":false},"excerpt":{"rendered":"<ul>\n<li><\/li>\n<li>\u00a0\u00a0\u00a0<u><i><b>Kullan\u0131m talimat\u0131;<\/b><\/i><\/u><\/li>\n<li>\u00a0\u00a0\u00a0-\u00fcr\u00fcn\u00fc ilk kullan\u0131mda kal\u0131p sabunlu s\u0131cak suda bekletiniz. (30 dk) durulad\u0131ktan sonra kullan\u0131ma haz\u0131r hale gelmektedir.<\/li>\n<li>\u00a0\u00a0\u00a0<b>-kesinlikle yumu\u015fat\u0131c\u0131 kullan\u0131lmamas\u0131 gerekir.<\/b><\/li>\n<li>\u00a0\u00a0\u00a0<u><i><b>\u00dcr\u00fcn \u00f6zellikleri;<\/b><\/i><\/u><\/li>\n<li>\u00a0\u00a0\u00a0<i>-sahip oldu\u011fu yap\u0131 itibariyle g\u00f6zeneklerinde bakteri bulundurmaz.\u00a0\u00a0\u00a0<b>Tozu ve kiri i\u00e7ine hapseder.<\/b><\/i><\/li>\n<li>\u00a0\u00a0\u00a0<i>-deterjans\u0131z temizleme \u00f6zelli\u011fi sayesinde ast\u0131m, alerji, cilt hassasiyeti vb. Olan ki\u015filerin kullan\u0131m\u0131 i\u00e7in uygundur.<\/i><\/li>\n<li>\u00a0\u00a0\u00a0<u><i><b>Kullan\u0131m alanlar\u0131;<\/b><\/i><\/u><\/li>\n<li>\u00a0\u00a0\u00a0<i>-ara\u00e7 kaporta temizli\u011fi<\/i><\/li>\n<li>\u00a0\u00a0\u00a0<i>-ara\u00e7 i\u00e7 detay temizli\u011fi<\/i><\/li>\n<li>\u00a0\u00a0\u00a0<i>-cam temizli\u011fi<\/i><\/li>\n<\/ul>\n","protected":false},"featured_media":2408,"comment_status":"open","ping_status":"closed","template":"","meta":[],"product_brand":[],"product_cat":[37,60,15],"product_tag":[],"class_list":{"0":"post-2407","1":"product","2":"type-product","3":"status-publish","4":"has-post-thumbnail","6":"product_cat-ev-gerecleri","7":"product_cat-pratik-temizlik-gerecleri","8":"product_cat-tum-urunler","10":"first","11":"instock","12":"sale","13":"taxable","14":"shipping-taxable","15":"purchasable","16":"product-type-simple"},"yoast_head":"<!-- This site is optimized with the Yoast SEO plugin v27.2 - https:\/\/yoast.com\/product\/yoast-seo-wordpress\/ -->\n<title>Mikrofiber Kal\u0131n Dokulu Oto Temizleme Ve Kurulama Havlusu - 50x70 Cm ( 1 Adet Gri ) |<\/title>\n<meta name=\"description\" content=\"Oto kaporta bezi jumbo boy 50x70; - s\u0131k dokunmu\u015f uzun havlar\u0131 sayesinde yumu\u015fakt\u0131r. - arac\u0131n kaportas\u0131ndaki suyu kolayca emer. - kaporta gibi geni\u015f y\u00fczeylerde jumbo boyu sayesinde elinize g\u00fczel oturarak kurulamada kullan\u0131m kolayl\u0131\u011f\u0131 sa\u011flar. - kimyasallara ihtiya\u00e7 duymadan temizler - t\u00fcy, iz b\u0131rakmaz - jantlar, i\u00e7 ve d\u0131\u015f araba temizli\u011fine uygundur. - normal bir pamuklu bezin yar\u0131s\u0131 kadar s\u00fcrede kurur. - 100&#039;lerce kez durulay\u0131n ve yeniden kullan\u0131n Kullan\u0131m talimat\u0131; -\u00fcr\u00fcn\u00fc ilk kullan\u0131mda kal\u0131p sabunlu s\u0131cak suda bekletiniz. (30 dk) durulad\u0131ktan sonra kullan\u0131ma haz\u0131r hale gelmektedir. -kesinlikle yumu\u015fat\u0131c\u0131 kullan\u0131lmamas\u0131 gerekir. \u00dcr\u00fcn \u00f6zellikleri; -sahip oldu\u011fu yap\u0131 itibariyle g\u00f6zeneklerinde bakteri bulundurmaz. Tozu ve kiri i\u00e7ine hapseder. -deterjans\u0131z temizleme \u00f6zelli\u011fi sayesinde ast\u0131m, alerji, cilt hassasiyeti vb. Olan ki\u015filerin kullan\u0131m\u0131 i\u00e7in uygundur. Kullan\u0131m alanlar\u0131; -ara\u00e7 kaporta temizli\u011fi -ara\u00e7 i\u00e7 detay temizli\u011fi -cam temizli\u011fi\" \/>\n<meta name=\"robots\" content=\"index, follow, max-snippet:-1, max-image-preview:large, max-video-preview:-1\" \/>\n<link rel=\"canonical\" href=\"https:\/\/www.peraavm.com\/index.php\/urun\/mikrofiber-kalin-dokulu-oto-temizleme-ve-kurulama-havlusu-50x70-cm-1-adet-gri\/\" \/>\n<meta property=\"og:locale\" content=\"tr_TR\" \/>\n<meta property=\"og:type\" content=\"article\" \/>\n<meta property=\"og:title\" content=\"Mikrofiber Kal\u0131n Dokulu Oto Temizleme Ve Kurulama Havlusu - 50x70 Cm ( 1 Adet Gri ) |\" \/>\n<meta property=\"og:description\" content=\"Oto kaporta bezi jumbo boy 50x70; - s\u0131k dokunmu\u015f uzun havlar\u0131 sayesinde yumu\u015fakt\u0131r. - arac\u0131n kaportas\u0131ndaki suyu kolayca emer. - kaporta gibi geni\u015f y\u00fczeylerde jumbo boyu sayesinde elinize g\u00fczel oturarak kurulamada kullan\u0131m kolayl\u0131\u011f\u0131 sa\u011flar. - kimyasallara ihtiya\u00e7 duymadan temizler - t\u00fcy, iz b\u0131rakmaz - jantlar, i\u00e7 ve d\u0131\u015f araba temizli\u011fine uygundur. - normal bir pamuklu bezin yar\u0131s\u0131 kadar s\u00fcrede kurur. - 100&#039;lerce kez durulay\u0131n ve yeniden kullan\u0131n Kullan\u0131m talimat\u0131; -\u00fcr\u00fcn\u00fc ilk kullan\u0131mda kal\u0131p sabunlu s\u0131cak suda bekletiniz. (30 dk) durulad\u0131ktan sonra kullan\u0131ma haz\u0131r hale gelmektedir. -kesinlikle yumu\u015fat\u0131c\u0131 kullan\u0131lmamas\u0131 gerekir. \u00dcr\u00fcn \u00f6zellikleri; -sahip oldu\u011fu yap\u0131 itibariyle g\u00f6zeneklerinde bakteri bulundurmaz. Tozu ve kiri i\u00e7ine hapseder. -deterjans\u0131z temizleme \u00f6zelli\u011fi sayesinde ast\u0131m, alerji, cilt hassasiyeti vb. Olan ki\u015filerin kullan\u0131m\u0131 i\u00e7in uygundur. Kullan\u0131m alanlar\u0131; -ara\u00e7 kaporta temizli\u011fi -ara\u00e7 i\u00e7 detay temizli\u011fi -cam temizli\u011fi\" \/>\n<meta property=\"og:url\" content=\"https:\/\/www.peraavm.com\/index.php\/urun\/mikrofiber-kalin-dokulu-oto-temizleme-ve-kurulama-havlusu-50x70-cm-1-adet-gri\/\" \/>\n<meta property=\"article:modified_time\" content=\"2026-01-17T11:20:07+00:00\" \/>\n<meta property=\"og:image\" content=\"https:\/\/www.peraavm.com\/wp-content\/uploads\/2022\/10\/2222222.jpg\" \/>\n\t<meta property=\"og:image:width\" content=\"300\" \/>\n\t<meta property=\"og:image:height\" content=\"300\" \/>\n\t<meta property=\"og:image:type\" content=\"image\/jpeg\" \/>\n<meta name=\"twitter:card\" content=\"summary_large_image\" \/>\n<meta name=\"twitter:label1\" content=\"Tahmini okuma s\u00fcresi\" \/>\n\t<meta name=\"twitter:data1\" content=\"1 dakika\" \/>\n<script type=\"application\/ld+json\" class=\"yoast-schema-graph\">{\"@context\":\"https:\/\/schema.org\",\"@graph\":[{\"@type\":\"WebPage\",\"@id\":\"https:\/\/www.peraavm.com\/index.php\/urun\/mikrofiber-kalin-dokulu-oto-temizleme-ve-kurulama-havlusu-50x70-cm-1-adet-gri\/\",\"url\":\"https:\/\/www.peraavm.com\/index.php\/urun\/mikrofiber-kalin-dokulu-oto-temizleme-ve-kurulama-havlusu-50x70-cm-1-adet-gri\/\",\"name\":\"Mikrofiber Kal\u0131n Dokulu Oto Temizleme Ve Kurulama Havlusu - 50x70 Cm ( 1 Adet Gri ) |\",\"isPartOf\":{\"@id\":\"https:\/\/www.peraavm.com\/#website\"},\"primaryImageOfPage\":{\"@id\":\"https:\/\/www.peraavm.com\/index.php\/urun\/mikrofiber-kalin-dokulu-oto-temizleme-ve-kurulama-havlusu-50x70-cm-1-adet-gri\/#primaryimage\"},\"image\":{\"@id\":\"https:\/\/www.peraavm.com\/index.php\/urun\/mikrofiber-kalin-dokulu-oto-temizleme-ve-kurulama-havlusu-50x70-cm-1-adet-gri\/#primaryimage\"},\"thumbnailUrl\":\"https:\/\/www.peraavm.com\/wp-content\/uploads\/2022\/10\/2222222.jpg\",\"datePublished\":\"2022-10-28T07:51:42+00:00\",\"dateModified\":\"2026-01-17T11:20:07+00:00\",\"description\":\"Oto kaporta bezi jumbo boy 50x70; - s\u0131k dokunmu\u015f uzun havlar\u0131 sayesinde yumu\u015fakt\u0131r. - arac\u0131n kaportas\u0131ndaki suyu kolayca emer. - kaporta gibi geni\u015f y\u00fczeylerde jumbo boyu sayesinde elinize g\u00fczel oturarak kurulamada kullan\u0131m kolayl\u0131\u011f\u0131 sa\u011flar. - kimyasallara ihtiya\u00e7 duymadan temizler - t\u00fcy, iz b\u0131rakmaz - jantlar, i\u00e7 ve d\u0131\u015f araba temizli\u011fine uygundur. - normal bir pamuklu bezin yar\u0131s\u0131 kadar s\u00fcrede kurur. - 100'lerce kez durulay\u0131n ve yeniden kullan\u0131n Kullan\u0131m talimat\u0131; -\u00fcr\u00fcn\u00fc ilk kullan\u0131mda kal\u0131p sabunlu s\u0131cak suda bekletiniz. (30 dk) durulad\u0131ktan sonra kullan\u0131ma haz\u0131r hale gelmektedir. -kesinlikle yumu\u015fat\u0131c\u0131 kullan\u0131lmamas\u0131 gerekir. \u00dcr\u00fcn \u00f6zellikleri; -sahip oldu\u011fu yap\u0131 itibariyle g\u00f6zeneklerinde bakteri bulundurmaz. Tozu ve kiri i\u00e7ine hapseder. -deterjans\u0131z temizleme \u00f6zelli\u011fi sayesinde ast\u0131m, alerji, cilt hassasiyeti vb. Olan ki\u015filerin kullan\u0131m\u0131 i\u00e7in uygundur. Kullan\u0131m alanlar\u0131; -ara\u00e7 kaporta temizli\u011fi -ara\u00e7 i\u00e7 detay temizli\u011fi -cam temizli\u011fi\",\"breadcrumb\":{\"@id\":\"https:\/\/www.peraavm.com\/index.php\/urun\/mikrofiber-kalin-dokulu-oto-temizleme-ve-kurulama-havlusu-50x70-cm-1-adet-gri\/#breadcrumb\"},\"inLanguage\":\"tr\",\"potentialAction\":[{\"@type\":\"ReadAction\",\"target\":[\"https:\/\/www.peraavm.com\/index.php\/urun\/mikrofiber-kalin-dokulu-oto-temizleme-ve-kurulama-havlusu-50x70-cm-1-adet-gri\/\"]}]},{\"@type\":\"ImageObject\",\"inLanguage\":\"tr\",\"@id\":\"https:\/\/www.peraavm.com\/index.php\/urun\/mikrofiber-kalin-dokulu-oto-temizleme-ve-kurulama-havlusu-50x70-cm-1-adet-gri\/#primaryimage\",\"url\":\"https:\/\/www.peraavm.com\/wp-content\/uploads\/2022\/10\/2222222.jpg\",\"contentUrl\":\"https:\/\/www.peraavm.com\/wp-content\/uploads\/2022\/10\/2222222.jpg\",\"width\":300,\"height\":300},{\"@type\":\"BreadcrumbList\",\"@id\":\"https:\/\/www.peraavm.com\/index.php\/urun\/mikrofiber-kalin-dokulu-oto-temizleme-ve-kurulama-havlusu-50x70-cm-1-adet-gri\/#breadcrumb\",\"itemListElement\":[{\"@type\":\"ListItem\",\"position\":1,\"name\":\"Anasayfa\",\"item\":\"https:\/\/www.peraavm.com\/\"},{\"@type\":\"ListItem\",\"position\":2,\"name\":\"Magaza\",\"item\":\"https:\/\/www.peraavm.com\/index.php\/magaza\/\"},{\"@type\":\"ListItem\",\"position\":3,\"name\":\"Mikrofiber Kal\u0131n Dokulu Oto Temizleme Ve Kurulama Havlusu &#8211; 50&#215;70 Cm ( 1 Adet Gri )\"}]},{\"@type\":\"WebSite\",\"@id\":\"https:\/\/www.peraavm.com\/#website\",\"url\":\"https:\/\/www.peraavm.com\/\",\"name\":\"Pratikmagazam.com\",\"description\":\"\",\"publisher\":{\"@id\":\"https:\/\/www.peraavm.com\/#organization\"},\"potentialAction\":[{\"@type\":\"SearchAction\",\"target\":{\"@type\":\"EntryPoint\",\"urlTemplate\":\"https:\/\/www.peraavm.com\/?s={search_term_string}\"},\"query-input\":{\"@type\":\"PropertyValueSpecification\",\"valueRequired\":true,\"valueName\":\"search_term_string\"}}],\"inLanguage\":\"tr\"},{\"@type\":\"Organization\",\"@id\":\"https:\/\/www.peraavm.com\/#organization\",\"name\":\"pratikmagazam.com\",\"url\":\"https:\/\/www.peraavm.com\/\",\"logo\":{\"@type\":\"ImageObject\",\"inLanguage\":\"tr\",\"@id\":\"https:\/\/www.peraavm.com\/#\/schema\/logo\/image\/\",\"url\":\"https:\/\/www.pratikmagazam.com\/wp-content\/uploads\/2021\/11\/Ekran-Resmi-2021-11-17-08.16.13.png\",\"contentUrl\":\"https:\/\/www.pratikmagazam.com\/wp-content\/uploads\/2021\/11\/Ekran-Resmi-2021-11-17-08.16.13.png\",\"width\":477,\"height\":135,\"caption\":\"pratikmagazam.com\"},\"image\":{\"@id\":\"https:\/\/www.peraavm.com\/#\/schema\/logo\/image\/\"},\"sameAs\":[\"https:\/\/instagram.com\/pratikmagazam?utm_medium=copy_link\"]}]}<\/script>\n<!-- \/ Yoast SEO plugin. -->","yoast_head_json":{"title":"Mikrofiber Kal\u0131n Dokulu Oto Temizleme Ve Kurulama Havlusu - 50x70 Cm ( 1 Adet Gri ) |","description":"Oto kaporta bezi jumbo boy 50x70; - s\u0131k dokunmu\u015f uzun havlar\u0131 sayesinde yumu\u015fakt\u0131r. - arac\u0131n kaportas\u0131ndaki suyu kolayca emer. - kaporta gibi geni\u015f y\u00fczeylerde jumbo boyu sayesinde elinize g\u00fczel oturarak kurulamada kullan\u0131m kolayl\u0131\u011f\u0131 sa\u011flar. - kimyasallara ihtiya\u00e7 duymadan temizler - t\u00fcy, iz b\u0131rakmaz - jantlar, i\u00e7 ve d\u0131\u015f araba temizli\u011fine uygundur. - normal bir pamuklu bezin yar\u0131s\u0131 kadar s\u00fcrede kurur. - 100'lerce kez durulay\u0131n ve yeniden kullan\u0131n Kullan\u0131m talimat\u0131; -\u00fcr\u00fcn\u00fc ilk kullan\u0131mda kal\u0131p sabunlu s\u0131cak suda bekletiniz. (30 dk) durulad\u0131ktan sonra kullan\u0131ma haz\u0131r hale gelmektedir. -kesinlikle yumu\u015fat\u0131c\u0131 kullan\u0131lmamas\u0131 gerekir. \u00dcr\u00fcn \u00f6zellikleri; -sahip oldu\u011fu yap\u0131 itibariyle g\u00f6zeneklerinde bakteri bulundurmaz. Tozu ve kiri i\u00e7ine hapseder. -deterjans\u0131z temizleme \u00f6zelli\u011fi sayesinde ast\u0131m, alerji, cilt hassasiyeti vb. Olan ki\u015filerin kullan\u0131m\u0131 i\u00e7in uygundur. Kullan\u0131m alanlar\u0131; -ara\u00e7 kaporta temizli\u011fi -ara\u00e7 i\u00e7 detay temizli\u011fi -cam temizli\u011fi","robots":{"index":"index","follow":"follow","max-snippet":"max-snippet:-1","max-image-preview":"max-image-preview:large","max-video-preview":"max-video-preview:-1"},"canonical":"https:\/\/www.peraavm.com\/index.php\/urun\/mikrofiber-kalin-dokulu-oto-temizleme-ve-kurulama-havlusu-50x70-cm-1-adet-gri\/","og_locale":"tr_TR","og_type":"article","og_title":"Mikrofiber Kal\u0131n Dokulu Oto Temizleme Ve Kurulama Havlusu - 50x70 Cm ( 1 Adet Gri ) |","og_description":"Oto kaporta bezi jumbo boy 50x70; - s\u0131k dokunmu\u015f uzun havlar\u0131 sayesinde yumu\u015fakt\u0131r. - arac\u0131n kaportas\u0131ndaki suyu kolayca emer. - kaporta gibi geni\u015f y\u00fczeylerde jumbo boyu sayesinde elinize g\u00fczel oturarak kurulamada kullan\u0131m kolayl\u0131\u011f\u0131 sa\u011flar. - kimyasallara ihtiya\u00e7 duymadan temizler - t\u00fcy, iz b\u0131rakmaz - jantlar, i\u00e7 ve d\u0131\u015f araba temizli\u011fine uygundur. - normal bir pamuklu bezin yar\u0131s\u0131 kadar s\u00fcrede kurur. - 100'lerce kez durulay\u0131n ve yeniden kullan\u0131n Kullan\u0131m talimat\u0131; -\u00fcr\u00fcn\u00fc ilk kullan\u0131mda kal\u0131p sabunlu s\u0131cak suda bekletiniz. (30 dk) durulad\u0131ktan sonra kullan\u0131ma haz\u0131r hale gelmektedir. -kesinlikle yumu\u015fat\u0131c\u0131 kullan\u0131lmamas\u0131 gerekir. \u00dcr\u00fcn \u00f6zellikleri; -sahip oldu\u011fu yap\u0131 itibariyle g\u00f6zeneklerinde bakteri bulundurmaz. Tozu ve kiri i\u00e7ine hapseder. -deterjans\u0131z temizleme \u00f6zelli\u011fi sayesinde ast\u0131m, alerji, cilt hassasiyeti vb. Olan ki\u015filerin kullan\u0131m\u0131 i\u00e7in uygundur. Kullan\u0131m alanlar\u0131; -ara\u00e7 kaporta temizli\u011fi -ara\u00e7 i\u00e7 detay temizli\u011fi -cam temizli\u011fi","og_url":"https:\/\/www.peraavm.com\/index.php\/urun\/mikrofiber-kalin-dokulu-oto-temizleme-ve-kurulama-havlusu-50x70-cm-1-adet-gri\/","article_modified_time":"2026-01-17T11:20:07+00:00","og_image":[{"width":300,"height":300,"url":"https:\/\/www.peraavm.com\/wp-content\/uploads\/2022\/10\/2222222.jpg","type":"image\/jpeg"}],"twitter_card":"summary_large_image","twitter_misc":{"Tahmini okuma s\u00fcresi":"1 dakika"},"schema":{"@context":"https:\/\/schema.org","@graph":[{"@type":"WebPage","@id":"https:\/\/www.peraavm.com\/index.php\/urun\/mikrofiber-kalin-dokulu-oto-temizleme-ve-kurulama-havlusu-50x70-cm-1-adet-gri\/","url":"https:\/\/www.peraavm.com\/index.php\/urun\/mikrofiber-kalin-dokulu-oto-temizleme-ve-kurulama-havlusu-50x70-cm-1-adet-gri\/","name":"Mikrofiber Kal\u0131n Dokulu Oto Temizleme Ve Kurulama Havlusu - 50x70 Cm ( 1 Adet Gri ) |","isPartOf":{"@id":"https:\/\/www.peraavm.com\/#website"},"primaryImageOfPage":{"@id":"https:\/\/www.peraavm.com\/index.php\/urun\/mikrofiber-kalin-dokulu-oto-temizleme-ve-kurulama-havlusu-50x70-cm-1-adet-gri\/#primaryimage"},"image":{"@id":"https:\/\/www.peraavm.com\/index.php\/urun\/mikrofiber-kalin-dokulu-oto-temizleme-ve-kurulama-havlusu-50x70-cm-1-adet-gri\/#primaryimage"},"thumbnailUrl":"https:\/\/www.peraavm.com\/wp-content\/uploads\/2022\/10\/2222222.jpg","datePublished":"2022-10-28T07:51:42+00:00","dateModified":"2026-01-17T11:20:07+00:00","description":"Oto kaporta bezi jumbo boy 50x70; - s\u0131k dokunmu\u015f uzun havlar\u0131 sayesinde yumu\u015fakt\u0131r. - arac\u0131n kaportas\u0131ndaki suyu kolayca emer. - kaporta gibi geni\u015f y\u00fczeylerde jumbo boyu sayesinde elinize g\u00fczel oturarak kurulamada kullan\u0131m kolayl\u0131\u011f\u0131 sa\u011flar. - kimyasallara ihtiya\u00e7 duymadan temizler - t\u00fcy, iz b\u0131rakmaz - jantlar, i\u00e7 ve d\u0131\u015f araba temizli\u011fine uygundur. - normal bir pamuklu bezin yar\u0131s\u0131 kadar s\u00fcrede kurur. - 100'lerce kez durulay\u0131n ve yeniden kullan\u0131n Kullan\u0131m talimat\u0131; -\u00fcr\u00fcn\u00fc ilk kullan\u0131mda kal\u0131p sabunlu s\u0131cak suda bekletiniz. (30 dk) durulad\u0131ktan sonra kullan\u0131ma haz\u0131r hale gelmektedir. -kesinlikle yumu\u015fat\u0131c\u0131 kullan\u0131lmamas\u0131 gerekir. \u00dcr\u00fcn \u00f6zellikleri; -sahip oldu\u011fu yap\u0131 itibariyle g\u00f6zeneklerinde bakteri bulundurmaz. Tozu ve kiri i\u00e7ine hapseder. -deterjans\u0131z temizleme \u00f6zelli\u011fi sayesinde ast\u0131m, alerji, cilt hassasiyeti vb. Olan ki\u015filerin kullan\u0131m\u0131 i\u00e7in uygundur. Kullan\u0131m alanlar\u0131; -ara\u00e7 kaporta temizli\u011fi -ara\u00e7 i\u00e7 detay temizli\u011fi -cam temizli\u011fi","breadcrumb":{"@id":"https:\/\/www.peraavm.com\/index.php\/urun\/mikrofiber-kalin-dokulu-oto-temizleme-ve-kurulama-havlusu-50x70-cm-1-adet-gri\/#breadcrumb"},"inLanguage":"tr","potentialAction":[{"@type":"ReadAction","target":["https:\/\/www.peraavm.com\/index.php\/urun\/mikrofiber-kalin-dokulu-oto-temizleme-ve-kurulama-havlusu-50x70-cm-1-adet-gri\/"]}]},{"@type":"ImageObject","inLanguage":"tr","@id":"https:\/\/www.peraavm.com\/index.php\/urun\/mikrofiber-kalin-dokulu-oto-temizleme-ve-kurulama-havlusu-50x70-cm-1-adet-gri\/#primaryimage","url":"https:\/\/www.peraavm.com\/wp-content\/uploads\/2022\/10\/2222222.jpg","contentUrl":"https:\/\/www.peraavm.com\/wp-content\/uploads\/2022\/10\/2222222.jpg","width":300,"height":300},{"@type":"BreadcrumbList","@id":"https:\/\/www.peraavm.com\/index.php\/urun\/mikrofiber-kalin-dokulu-oto-temizleme-ve-kurulama-havlusu-50x70-cm-1-adet-gri\/#breadcrumb","itemListElement":[{"@type":"ListItem","position":1,"name":"Anasayfa","item":"https:\/\/www.peraavm.com\/"},{"@type":"ListItem","position":2,"name":"Magaza","item":"https:\/\/www.peraavm.com\/index.php\/magaza\/"},{"@type":"ListItem","position":3,"name":"Mikrofiber Kal\u0131n Dokulu Oto Temizleme Ve Kurulama Havlusu &#8211; 50&#215;70 Cm ( 1 Adet Gri )"}]},{"@type":"WebSite","@id":"https:\/\/www.peraavm.com\/#website","url":"https:\/\/www.peraavm.com\/","name":"Pratikmagazam.com","description":"","publisher":{"@id":"https:\/\/www.peraavm.com\/#organization"},"potentialAction":[{"@type":"SearchAction","target":{"@type":"EntryPoint","urlTemplate":"https:\/\/www.peraavm.com\/?s={search_term_string}"},"query-input":{"@type":"PropertyValueSpecification","valueRequired":true,"valueName":"search_term_string"}}],"inLanguage":"tr"},{"@type":"Organization","@id":"https:\/\/www.peraavm.com\/#organization","name":"pratikmagazam.com","url":"https:\/\/www.peraavm.com\/","logo":{"@type":"ImageObject","inLanguage":"tr","@id":"https:\/\/www.peraavm.com\/#\/schema\/logo\/image\/","url":"https:\/\/www.pratikmagazam.com\/wp-content\/uploads\/2021\/11\/Ekran-Resmi-2021-11-17-08.16.13.png","contentUrl":"https:\/\/www.pratikmagazam.com\/wp-content\/uploads\/2021\/11\/Ekran-Resmi-2021-11-17-08.16.13.png","width":477,"height":135,"caption":"pratikmagazam.com"},"image":{"@id":"https:\/\/www.peraavm.com\/#\/schema\/logo\/image\/"},"sameAs":["https:\/\/instagram.com\/pratikmagazam?utm_medium=copy_link"]}]}},"_links":{"self":[{"href":"https:\/\/www.peraavm.com\/index.php\/wp-json\/wp\/v2\/product\/2407","targetHints":{"allow":["GET"]}}],"collection":[{"href":"https:\/\/www.peraavm.com\/index.php\/wp-json\/wp\/v2\/product"}],"about":[{"href":"https:\/\/www.peraavm.com\/index.php\/wp-json\/wp\/v2\/types\/product"}],"replies":[{"embeddable":true,"href":"https:\/\/www.peraavm.com\/index.php\/wp-json\/wp\/v2\/comments?post=2407"}],"wp:featuredmedia":[{"embeddable":true,"href":"https:\/\/www.peraavm.com\/index.php\/wp-json\/wp\/v2\/media\/2408"}],"wp:attachment":[{"href":"https:\/\/www.peraavm.com\/index.php\/wp-json\/wp\/v2\/media?parent=2407"}],"wp:term":[{"taxonomy":"product_brand","embeddable":true,"href":"https:\/\/www.peraavm.com\/index.php\/wp-json\/wp\/v2\/product_brand?post=2407"},{"taxonomy":"product_cat","embeddable":true,"href":"https:\/\/www.peraavm.com\/index.php\/wp-json\/wp\/v2\/product_cat?post=2407"},{"taxonomy":"product_tag","embeddable":true,"href":"https:\/\/www.peraavm.com\/index.php\/wp-json\/wp\/v2\/product_tag?post=2407"}],"curies":[{"name":"wp","href":"https:\/\/api.w.org\/{rel}","templated":true}]}}