{"id":2438,"date":"2022-10-28T09:51:56","date_gmt":"2022-10-28T09:51:56","guid":{"rendered":"https:\/\/www.pratikmagazam.com\/?post_type=product&#038;p=2438"},"modified":"2023-12-22T14:15:49","modified_gmt":"2023-12-22T14:15:49","slug":"mangal-yelpazesi-agiz-genisligi-27cm","status":"publish","type":"product","link":"https:\/\/www.peraavm.com\/index.php\/urun\/mangal-yelpazesi-agiz-genisligi-27cm\/","title":{"rendered":"Mangal Yelpazesi A\u011f\u0131z Geni\u015fli\u011fi 27cm"},"content":{"rendered":"<ul class=\"detail-desc-list\">\n<li>Mangal Yelpazesi Yaz aylar\u0131n\u0131n vazge\u00e7ilmezi mangal yakmak san\u0131ld\u0131\u011f\u0131 kadar kolay bir i\u015flem olmayaca\u011f\u0131ndan dolay\u0131, insanlar mangal yakarken \u00e7ok fazla zorlanmaktad\u0131rlar. Bu y\u00fczden sizlerde ilk kez bir mangal yak\u0131yorsan\u0131z, mutlaka elinizde bir adet mangal\u0131 k\u00f6zlemek i\u00e7in Mangal Yelpazesibulundurman\u0131z gerekiyor. Bu Mangal Yelpazesi sayesinde sizlerde ilk kez mangal yakarken ustalara ta\u015f \u00e7\u0131karacak ve mangal yakmaktan hi\u00e7 zorlanmayacaks\u0131n\u0131z. Mangal yakarken k\u00f6m\u00fcrlerin iyi bir \u015fekilde yanmas\u0131n\u0131 sa\u011flar. \u00dcr\u00fcn \u00d6zellikleri: Plastik malzemeden \u00fcretilmi\u015ftir. \u00dcr\u00fcn \u00d6l\u00e7\u00fcs\u00fc: Geni\u015flik: 27 cm Uzunluk: 26cm Paket \u0130\u00e7eri\u011fi: 1 Adet Mangal Yelpazesi Not: Stokta bulunan renklerden, kar\u0131\u015f\u0131k olarak g\u00f6nderilecektir.<\/li>\n<\/ul>\n","protected":false},"excerpt":{"rendered":"<ul class=\"detail-desc-list\">\n<li>Mangal Yelpazesi Yaz aylar\u0131n\u0131n vazge\u00e7ilmezi mangal yakmak san\u0131ld\u0131\u011f\u0131 kadar kolay bir i\u015flem olmayaca\u011f\u0131ndan dolay\u0131, insanlar mangal yakarken \u00e7ok fazla zorlanmaktad\u0131rlar. Bu y\u00fczden sizlerde ilk kez bir mangal yak\u0131yorsan\u0131z, mutlaka elinizde bir adet mangal\u0131 k\u00f6zlemek i\u00e7in Mangal Yelpazesibulundurman\u0131z gerekiyor.<\/li>\n<\/ul>\n","protected":false},"featured_media":2439,"comment_status":"open","ping_status":"closed","template":"","meta":[],"product_brand":[],"product_cat":[37,38,15],"product_tag":[],"class_list":{"0":"post-2438","1":"product","2":"type-product","3":"status-publish","4":"has-post-thumbnail","6":"product_cat-ev-gerecleri","7":"product_cat-her-eve-lazim-urunler","8":"product_cat-tum-urunler","10":"first","11":"instock","12":"sale","13":"taxable","14":"shipping-taxable","15":"purchasable","16":"product-type-simple"},"yoast_head":"<!-- This site is optimized with the Yoast SEO plugin v27.2 - https:\/\/yoast.com\/product\/yoast-seo-wordpress\/ -->\n<title>Mangal Yelpazesi A\u011f\u0131z Geni\u015fli\u011fi 27cm |<\/title>\n<meta name=\"description\" content=\"Mangal Yelpazesi Yaz aylar\u0131n\u0131n vazge\u00e7ilmezi mangal yakmak san\u0131ld\u0131\u011f\u0131 kadar kolay bir i\u015flem olmayaca\u011f\u0131ndan dolay\u0131, insanlar mangal yakarken \u00e7ok fazla zorlanmaktad\u0131rlar. Bu y\u00fczden sizlerde ilk kez bir mangal yak\u0131yorsan\u0131z, mutlaka elinizde bir adet mangal\u0131 k\u00f6zlemek i\u00e7in Mangal Yelpazesibulundurman\u0131z gerekiyor. Bu Mangal Yelpazesi sayesinde sizlerde ilk kez mangal yakarken ustalara ta\u015f \u00e7\u0131karacak ve mangal yakmaktan hi\u00e7 zorlanmayacaks\u0131n\u0131z. Mangal yakarken k\u00f6m\u00fcrlerin iyi bir \u015fekilde yanmas\u0131n\u0131 sa\u011flar. \u00dcr\u00fcn \u00d6zellikleri: Plastik malzemeden \u00fcretilmi\u015ftir. \u00dcr\u00fcn \u00d6l\u00e7\u00fcs\u00fc: Geni\u015flik: 27 cm Uzunluk: 26cm Paket \u0130\u00e7eri\u011fi: 1 Adet Mangal Yelpazesi Not: Stokta bulunan renklerden, kar\u0131\u015f\u0131k olarak g\u00f6nderilecektir.\" \/>\n<meta name=\"robots\" content=\"index, follow, max-snippet:-1, max-image-preview:large, max-video-preview:-1\" \/>\n<link rel=\"canonical\" href=\"https:\/\/www.peraavm.com\/index.php\/urun\/mangal-yelpazesi-agiz-genisligi-27cm\/\" \/>\n<meta property=\"og:locale\" content=\"tr_TR\" \/>\n<meta property=\"og:type\" content=\"article\" \/>\n<meta property=\"og:title\" content=\"Mangal Yelpazesi A\u011f\u0131z Geni\u015fli\u011fi 27cm |\" \/>\n<meta property=\"og:description\" content=\"Mangal Yelpazesi Yaz aylar\u0131n\u0131n vazge\u00e7ilmezi mangal yakmak san\u0131ld\u0131\u011f\u0131 kadar kolay bir i\u015flem olmayaca\u011f\u0131ndan dolay\u0131, insanlar mangal yakarken \u00e7ok fazla zorlanmaktad\u0131rlar. Bu y\u00fczden sizlerde ilk kez bir mangal yak\u0131yorsan\u0131z, mutlaka elinizde bir adet mangal\u0131 k\u00f6zlemek i\u00e7in Mangal Yelpazesibulundurman\u0131z gerekiyor. Bu Mangal Yelpazesi sayesinde sizlerde ilk kez mangal yakarken ustalara ta\u015f \u00e7\u0131karacak ve mangal yakmaktan hi\u00e7 zorlanmayacaks\u0131n\u0131z. Mangal yakarken k\u00f6m\u00fcrlerin iyi bir \u015fekilde yanmas\u0131n\u0131 sa\u011flar. \u00dcr\u00fcn \u00d6zellikleri: Plastik malzemeden \u00fcretilmi\u015ftir. \u00dcr\u00fcn \u00d6l\u00e7\u00fcs\u00fc: Geni\u015flik: 27 cm Uzunluk: 26cm Paket \u0130\u00e7eri\u011fi: 1 Adet Mangal Yelpazesi Not: Stokta bulunan renklerden, kar\u0131\u015f\u0131k olarak g\u00f6nderilecektir.\" \/>\n<meta property=\"og:url\" content=\"https:\/\/www.peraavm.com\/index.php\/urun\/mangal-yelpazesi-agiz-genisligi-27cm\/\" \/>\n<meta property=\"article:modified_time\" content=\"2023-12-22T14:15:49+00:00\" \/>\n<meta property=\"og:image\" content=\"https:\/\/www.peraavm.com\/wp-content\/uploads\/2022\/10\/4444444.jpg\" \/>\n\t<meta property=\"og:image:width\" content=\"300\" \/>\n\t<meta property=\"og:image:height\" content=\"300\" \/>\n\t<meta property=\"og:image:type\" content=\"image\/jpeg\" \/>\n<meta name=\"twitter:card\" content=\"summary_large_image\" \/>\n<meta name=\"twitter:label1\" content=\"Tahmini okuma s\u00fcresi\" \/>\n\t<meta name=\"twitter:data1\" content=\"1 dakika\" \/>\n<script type=\"application\/ld+json\" class=\"yoast-schema-graph\">{\"@context\":\"https:\/\/schema.org\",\"@graph\":[{\"@type\":\"WebPage\",\"@id\":\"https:\/\/www.peraavm.com\/index.php\/urun\/mangal-yelpazesi-agiz-genisligi-27cm\/\",\"url\":\"https:\/\/www.peraavm.com\/index.php\/urun\/mangal-yelpazesi-agiz-genisligi-27cm\/\",\"name\":\"Mangal Yelpazesi A\u011f\u0131z Geni\u015fli\u011fi 27cm |\",\"isPartOf\":{\"@id\":\"https:\/\/www.peraavm.com\/#website\"},\"primaryImageOfPage\":{\"@id\":\"https:\/\/www.peraavm.com\/index.php\/urun\/mangal-yelpazesi-agiz-genisligi-27cm\/#primaryimage\"},\"image\":{\"@id\":\"https:\/\/www.peraavm.com\/index.php\/urun\/mangal-yelpazesi-agiz-genisligi-27cm\/#primaryimage\"},\"thumbnailUrl\":\"https:\/\/www.peraavm.com\/wp-content\/uploads\/2022\/10\/4444444.jpg\",\"datePublished\":\"2022-10-28T09:51:56+00:00\",\"dateModified\":\"2023-12-22T14:15:49+00:00\",\"description\":\"Mangal Yelpazesi Yaz aylar\u0131n\u0131n vazge\u00e7ilmezi mangal yakmak san\u0131ld\u0131\u011f\u0131 kadar kolay bir i\u015flem olmayaca\u011f\u0131ndan dolay\u0131, insanlar mangal yakarken \u00e7ok fazla zorlanmaktad\u0131rlar. Bu y\u00fczden sizlerde ilk kez bir mangal yak\u0131yorsan\u0131z, mutlaka elinizde bir adet mangal\u0131 k\u00f6zlemek i\u00e7in Mangal Yelpazesibulundurman\u0131z gerekiyor. Bu Mangal Yelpazesi sayesinde sizlerde ilk kez mangal yakarken ustalara ta\u015f \u00e7\u0131karacak ve mangal yakmaktan hi\u00e7 zorlanmayacaks\u0131n\u0131z. Mangal yakarken k\u00f6m\u00fcrlerin iyi bir \u015fekilde yanmas\u0131n\u0131 sa\u011flar. \u00dcr\u00fcn \u00d6zellikleri: Plastik malzemeden \u00fcretilmi\u015ftir. \u00dcr\u00fcn \u00d6l\u00e7\u00fcs\u00fc: Geni\u015flik: 27 cm Uzunluk: 26cm Paket \u0130\u00e7eri\u011fi: 1 Adet Mangal Yelpazesi Not: Stokta bulunan renklerden, kar\u0131\u015f\u0131k olarak g\u00f6nderilecektir.\",\"breadcrumb\":{\"@id\":\"https:\/\/www.peraavm.com\/index.php\/urun\/mangal-yelpazesi-agiz-genisligi-27cm\/#breadcrumb\"},\"inLanguage\":\"tr\",\"potentialAction\":[{\"@type\":\"ReadAction\",\"target\":[\"https:\/\/www.peraavm.com\/index.php\/urun\/mangal-yelpazesi-agiz-genisligi-27cm\/\"]}]},{\"@type\":\"ImageObject\",\"inLanguage\":\"tr\",\"@id\":\"https:\/\/www.peraavm.com\/index.php\/urun\/mangal-yelpazesi-agiz-genisligi-27cm\/#primaryimage\",\"url\":\"https:\/\/www.peraavm.com\/wp-content\/uploads\/2022\/10\/4444444.jpg\",\"contentUrl\":\"https:\/\/www.peraavm.com\/wp-content\/uploads\/2022\/10\/4444444.jpg\",\"width\":300,\"height\":300},{\"@type\":\"BreadcrumbList\",\"@id\":\"https:\/\/www.peraavm.com\/index.php\/urun\/mangal-yelpazesi-agiz-genisligi-27cm\/#breadcrumb\",\"itemListElement\":[{\"@type\":\"ListItem\",\"position\":1,\"name\":\"Anasayfa\",\"item\":\"https:\/\/www.peraavm.com\/\"},{\"@type\":\"ListItem\",\"position\":2,\"name\":\"Magaza\",\"item\":\"https:\/\/www.peraavm.com\/index.php\/magaza\/\"},{\"@type\":\"ListItem\",\"position\":3,\"name\":\"Mangal Yelpazesi A\u011f\u0131z Geni\u015fli\u011fi 27cm\"}]},{\"@type\":\"WebSite\",\"@id\":\"https:\/\/www.peraavm.com\/#website\",\"url\":\"https:\/\/www.peraavm.com\/\",\"name\":\"Pratikmagazam.com\",\"description\":\"\",\"publisher\":{\"@id\":\"https:\/\/www.peraavm.com\/#organization\"},\"potentialAction\":[{\"@type\":\"SearchAction\",\"target\":{\"@type\":\"EntryPoint\",\"urlTemplate\":\"https:\/\/www.peraavm.com\/?s={search_term_string}\"},\"query-input\":{\"@type\":\"PropertyValueSpecification\",\"valueRequired\":true,\"valueName\":\"search_term_string\"}}],\"inLanguage\":\"tr\"},{\"@type\":\"Organization\",\"@id\":\"https:\/\/www.peraavm.com\/#organization\",\"name\":\"pratikmagazam.com\",\"url\":\"https:\/\/www.peraavm.com\/\",\"logo\":{\"@type\":\"ImageObject\",\"inLanguage\":\"tr\",\"@id\":\"https:\/\/www.peraavm.com\/#\/schema\/logo\/image\/\",\"url\":\"https:\/\/www.pratikmagazam.com\/wp-content\/uploads\/2021\/11\/Ekran-Resmi-2021-11-17-08.16.13.png\",\"contentUrl\":\"https:\/\/www.pratikmagazam.com\/wp-content\/uploads\/2021\/11\/Ekran-Resmi-2021-11-17-08.16.13.png\",\"width\":477,\"height\":135,\"caption\":\"pratikmagazam.com\"},\"image\":{\"@id\":\"https:\/\/www.peraavm.com\/#\/schema\/logo\/image\/\"},\"sameAs\":[\"https:\/\/instagram.com\/pratikmagazam?utm_medium=copy_link\"]}]}<\/script>\n<!-- \/ Yoast SEO plugin. -->","yoast_head_json":{"title":"Mangal Yelpazesi A\u011f\u0131z Geni\u015fli\u011fi 27cm |","description":"Mangal Yelpazesi Yaz aylar\u0131n\u0131n vazge\u00e7ilmezi mangal yakmak san\u0131ld\u0131\u011f\u0131 kadar kolay bir i\u015flem olmayaca\u011f\u0131ndan dolay\u0131, insanlar mangal yakarken \u00e7ok fazla zorlanmaktad\u0131rlar. Bu y\u00fczden sizlerde ilk kez bir mangal yak\u0131yorsan\u0131z, mutlaka elinizde bir adet mangal\u0131 k\u00f6zlemek i\u00e7in Mangal Yelpazesibulundurman\u0131z gerekiyor. Bu Mangal Yelpazesi sayesinde sizlerde ilk kez mangal yakarken ustalara ta\u015f \u00e7\u0131karacak ve mangal yakmaktan hi\u00e7 zorlanmayacaks\u0131n\u0131z. Mangal yakarken k\u00f6m\u00fcrlerin iyi bir \u015fekilde yanmas\u0131n\u0131 sa\u011flar. \u00dcr\u00fcn \u00d6zellikleri: Plastik malzemeden \u00fcretilmi\u015ftir. \u00dcr\u00fcn \u00d6l\u00e7\u00fcs\u00fc: Geni\u015flik: 27 cm Uzunluk: 26cm Paket \u0130\u00e7eri\u011fi: 1 Adet Mangal Yelpazesi Not: Stokta bulunan renklerden, kar\u0131\u015f\u0131k olarak g\u00f6nderilecektir.","robots":{"index":"index","follow":"follow","max-snippet":"max-snippet:-1","max-image-preview":"max-image-preview:large","max-video-preview":"max-video-preview:-1"},"canonical":"https:\/\/www.peraavm.com\/index.php\/urun\/mangal-yelpazesi-agiz-genisligi-27cm\/","og_locale":"tr_TR","og_type":"article","og_title":"Mangal Yelpazesi A\u011f\u0131z Geni\u015fli\u011fi 27cm |","og_description":"Mangal Yelpazesi Yaz aylar\u0131n\u0131n vazge\u00e7ilmezi mangal yakmak san\u0131ld\u0131\u011f\u0131 kadar kolay bir i\u015flem olmayaca\u011f\u0131ndan dolay\u0131, insanlar mangal yakarken \u00e7ok fazla zorlanmaktad\u0131rlar. Bu y\u00fczden sizlerde ilk kez bir mangal yak\u0131yorsan\u0131z, mutlaka elinizde bir adet mangal\u0131 k\u00f6zlemek i\u00e7in Mangal Yelpazesibulundurman\u0131z gerekiyor. Bu Mangal Yelpazesi sayesinde sizlerde ilk kez mangal yakarken ustalara ta\u015f \u00e7\u0131karacak ve mangal yakmaktan hi\u00e7 zorlanmayacaks\u0131n\u0131z. Mangal yakarken k\u00f6m\u00fcrlerin iyi bir \u015fekilde yanmas\u0131n\u0131 sa\u011flar. \u00dcr\u00fcn \u00d6zellikleri: Plastik malzemeden \u00fcretilmi\u015ftir. \u00dcr\u00fcn \u00d6l\u00e7\u00fcs\u00fc: Geni\u015flik: 27 cm Uzunluk: 26cm Paket \u0130\u00e7eri\u011fi: 1 Adet Mangal Yelpazesi Not: Stokta bulunan renklerden, kar\u0131\u015f\u0131k olarak g\u00f6nderilecektir.","og_url":"https:\/\/www.peraavm.com\/index.php\/urun\/mangal-yelpazesi-agiz-genisligi-27cm\/","article_modified_time":"2023-12-22T14:15:49+00:00","og_image":[{"width":300,"height":300,"url":"https:\/\/www.peraavm.com\/wp-content\/uploads\/2022\/10\/4444444.jpg","type":"image\/jpeg"}],"twitter_card":"summary_large_image","twitter_misc":{"Tahmini okuma s\u00fcresi":"1 dakika"},"schema":{"@context":"https:\/\/schema.org","@graph":[{"@type":"WebPage","@id":"https:\/\/www.peraavm.com\/index.php\/urun\/mangal-yelpazesi-agiz-genisligi-27cm\/","url":"https:\/\/www.peraavm.com\/index.php\/urun\/mangal-yelpazesi-agiz-genisligi-27cm\/","name":"Mangal Yelpazesi A\u011f\u0131z Geni\u015fli\u011fi 27cm |","isPartOf":{"@id":"https:\/\/www.peraavm.com\/#website"},"primaryImageOfPage":{"@id":"https:\/\/www.peraavm.com\/index.php\/urun\/mangal-yelpazesi-agiz-genisligi-27cm\/#primaryimage"},"image":{"@id":"https:\/\/www.peraavm.com\/index.php\/urun\/mangal-yelpazesi-agiz-genisligi-27cm\/#primaryimage"},"thumbnailUrl":"https:\/\/www.peraavm.com\/wp-content\/uploads\/2022\/10\/4444444.jpg","datePublished":"2022-10-28T09:51:56+00:00","dateModified":"2023-12-22T14:15:49+00:00","description":"Mangal Yelpazesi Yaz aylar\u0131n\u0131n vazge\u00e7ilmezi mangal yakmak san\u0131ld\u0131\u011f\u0131 kadar kolay bir i\u015flem olmayaca\u011f\u0131ndan dolay\u0131, insanlar mangal yakarken \u00e7ok fazla zorlanmaktad\u0131rlar. Bu y\u00fczden sizlerde ilk kez bir mangal yak\u0131yorsan\u0131z, mutlaka elinizde bir adet mangal\u0131 k\u00f6zlemek i\u00e7in Mangal Yelpazesibulundurman\u0131z gerekiyor. Bu Mangal Yelpazesi sayesinde sizlerde ilk kez mangal yakarken ustalara ta\u015f \u00e7\u0131karacak ve mangal yakmaktan hi\u00e7 zorlanmayacaks\u0131n\u0131z. Mangal yakarken k\u00f6m\u00fcrlerin iyi bir \u015fekilde yanmas\u0131n\u0131 sa\u011flar. \u00dcr\u00fcn \u00d6zellikleri: Plastik malzemeden \u00fcretilmi\u015ftir. \u00dcr\u00fcn \u00d6l\u00e7\u00fcs\u00fc: Geni\u015flik: 27 cm Uzunluk: 26cm Paket \u0130\u00e7eri\u011fi: 1 Adet Mangal Yelpazesi Not: Stokta bulunan renklerden, kar\u0131\u015f\u0131k olarak g\u00f6nderilecektir.","breadcrumb":{"@id":"https:\/\/www.peraavm.com\/index.php\/urun\/mangal-yelpazesi-agiz-genisligi-27cm\/#breadcrumb"},"inLanguage":"tr","potentialAction":[{"@type":"ReadAction","target":["https:\/\/www.peraavm.com\/index.php\/urun\/mangal-yelpazesi-agiz-genisligi-27cm\/"]}]},{"@type":"ImageObject","inLanguage":"tr","@id":"https:\/\/www.peraavm.com\/index.php\/urun\/mangal-yelpazesi-agiz-genisligi-27cm\/#primaryimage","url":"https:\/\/www.peraavm.com\/wp-content\/uploads\/2022\/10\/4444444.jpg","contentUrl":"https:\/\/www.peraavm.com\/wp-content\/uploads\/2022\/10\/4444444.jpg","width":300,"height":300},{"@type":"BreadcrumbList","@id":"https:\/\/www.peraavm.com\/index.php\/urun\/mangal-yelpazesi-agiz-genisligi-27cm\/#breadcrumb","itemListElement":[{"@type":"ListItem","position":1,"name":"Anasayfa","item":"https:\/\/www.peraavm.com\/"},{"@type":"ListItem","position":2,"name":"Magaza","item":"https:\/\/www.peraavm.com\/index.php\/magaza\/"},{"@type":"ListItem","position":3,"name":"Mangal Yelpazesi A\u011f\u0131z Geni\u015fli\u011fi 27cm"}]},{"@type":"WebSite","@id":"https:\/\/www.peraavm.com\/#website","url":"https:\/\/www.peraavm.com\/","name":"Pratikmagazam.com","description":"","publisher":{"@id":"https:\/\/www.peraavm.com\/#organization"},"potentialAction":[{"@type":"SearchAction","target":{"@type":"EntryPoint","urlTemplate":"https:\/\/www.peraavm.com\/?s={search_term_string}"},"query-input":{"@type":"PropertyValueSpecification","valueRequired":true,"valueName":"search_term_string"}}],"inLanguage":"tr"},{"@type":"Organization","@id":"https:\/\/www.peraavm.com\/#organization","name":"pratikmagazam.com","url":"https:\/\/www.peraavm.com\/","logo":{"@type":"ImageObject","inLanguage":"tr","@id":"https:\/\/www.peraavm.com\/#\/schema\/logo\/image\/","url":"https:\/\/www.pratikmagazam.com\/wp-content\/uploads\/2021\/11\/Ekran-Resmi-2021-11-17-08.16.13.png","contentUrl":"https:\/\/www.pratikmagazam.com\/wp-content\/uploads\/2021\/11\/Ekran-Resmi-2021-11-17-08.16.13.png","width":477,"height":135,"caption":"pratikmagazam.com"},"image":{"@id":"https:\/\/www.peraavm.com\/#\/schema\/logo\/image\/"},"sameAs":["https:\/\/instagram.com\/pratikmagazam?utm_medium=copy_link"]}]}},"_links":{"self":[{"href":"https:\/\/www.peraavm.com\/index.php\/wp-json\/wp\/v2\/product\/2438","targetHints":{"allow":["GET"]}}],"collection":[{"href":"https:\/\/www.peraavm.com\/index.php\/wp-json\/wp\/v2\/product"}],"about":[{"href":"https:\/\/www.peraavm.com\/index.php\/wp-json\/wp\/v2\/types\/product"}],"replies":[{"embeddable":true,"href":"https:\/\/www.peraavm.com\/index.php\/wp-json\/wp\/v2\/comments?post=2438"}],"wp:featuredmedia":[{"embeddable":true,"href":"https:\/\/www.peraavm.com\/index.php\/wp-json\/wp\/v2\/media\/2439"}],"wp:attachment":[{"href":"https:\/\/www.peraavm.com\/index.php\/wp-json\/wp\/v2\/media?parent=2438"}],"wp:term":[{"taxonomy":"product_brand","embeddable":true,"href":"https:\/\/www.peraavm.com\/index.php\/wp-json\/wp\/v2\/product_brand?post=2438"},{"taxonomy":"product_cat","embeddable":true,"href":"https:\/\/www.peraavm.com\/index.php\/wp-json\/wp\/v2\/product_cat?post=2438"},{"taxonomy":"product_tag","embeddable":true,"href":"https:\/\/www.peraavm.com\/index.php\/wp-json\/wp\/v2\/product_tag?post=2438"}],"curies":[{"name":"wp","href":"https:\/\/api.w.org\/{rel}","templated":true}]}}