{"id":2538,"date":"2023-02-16T09:03:19","date_gmt":"2023-02-16T09:03:19","guid":{"rendered":"https:\/\/www.pratikmagazam.com\/?post_type=product&#038;p=2538"},"modified":"2023-12-22T14:15:51","modified_gmt":"2023-12-22T14:15:51","slug":"cift-tarafli-paslanmaz-celik-rende","status":"publish","type":"product","link":"https:\/\/www.peraavm.com\/index.php\/urun\/cift-tarafli-paslanmaz-celik-rende\/","title":{"rendered":"\u00c7ift Tarafl\u0131 Paslanmaz \u00c7elik Rende"},"content":{"rendered":"<p>Rendeledi\u011finiz g\u0131dalar b\u00fct\u00fcn olarak kal\u0131r ve tazele\u011fini korur. Yan yat\u0131rarak da kullanabilirsiniz. B\u00f6ylece Rende yaparken yorulmaz hemde daha g\u00fcvenli rendeleme yapabilirsiniz. Bpa ve Sa\u011fl\u0131\u011fa zararl\u0131 madde \u0130\u00e7ermez. Son derece portatif kullan\u0131m sunar \u00d6l\u00e7\u00fcleri Y\u00fckseklik:21cm<\/p>\n","protected":false},"excerpt":{"rendered":"<p>Rendeledi\u011finiz g\u0131dalar b\u00fct\u00fcn olarak kal\u0131r ve tazele\u011fini korur. Yan yat\u0131rarak da kullanabilirsiniz. B\u00f6ylece Rende yaparken yorulmaz hemde daha g\u00fcvenli rendeleme yapabilirsiniz. Bpa ve Sa\u011fl\u0131\u011fa zararl\u0131 madde \u0130\u00e7ermez. Son derece portatif kullan\u0131m sunar \u00d6l\u00e7\u00fcleri Y\u00fckseklik:21cm<\/p>\n","protected":false},"featured_media":2539,"comment_status":"open","ping_status":"closed","template":"","meta":[],"product_brand":[],"product_cat":[37,29,15],"product_tag":[],"class_list":{"0":"post-2538","1":"product","2":"type-product","3":"status-publish","4":"has-post-thumbnail","6":"product_cat-ev-gerecleri","7":"product_cat-mutfak-gerecleri","8":"product_cat-tum-urunler","10":"first","11":"instock","12":"sale","13":"taxable","14":"shipping-taxable","15":"purchasable","16":"product-type-simple"},"yoast_head":"<!-- This site is optimized with the Yoast SEO plugin v27.2 - https:\/\/yoast.com\/product\/yoast-seo-wordpress\/ -->\n<title>\u00c7ift Tarafl\u0131 Paslanmaz \u00c7elik Rende |<\/title>\n<meta name=\"description\" content=\"\u00a0Rendeledi\u011finiz g\u0131dalar b\u00fct\u00fcn olarak kal\u0131r ve tazele\u011fini korur. Yan yat\u0131rarak da kullanabilirsiniz. B\u00f6ylece Rende yaparken yorulmaz hemde daha g\u00fcvenli rendeleme yapabilirsiniz. Bpa ve Sa\u011fl\u0131\u011fa zararl\u0131 madde \u0130\u00e7ermez. Son derece portatif kullan\u0131m sunar \u00d6l\u00e7\u00fcleri Y\u00fckseklik:21cm\" \/>\n<meta name=\"robots\" content=\"index, follow, max-snippet:-1, max-image-preview:large, max-video-preview:-1\" \/>\n<link rel=\"canonical\" href=\"https:\/\/www.peraavm.com\/index.php\/urun\/cift-tarafli-paslanmaz-celik-rende\/\" \/>\n<meta property=\"og:locale\" content=\"tr_TR\" \/>\n<meta property=\"og:type\" content=\"article\" \/>\n<meta property=\"og:title\" content=\"\u00c7ift Tarafl\u0131 Paslanmaz \u00c7elik Rende |\" \/>\n<meta property=\"og:description\" content=\"\u00a0Rendeledi\u011finiz g\u0131dalar b\u00fct\u00fcn olarak kal\u0131r ve tazele\u011fini korur. Yan yat\u0131rarak da kullanabilirsiniz. B\u00f6ylece Rende yaparken yorulmaz hemde daha g\u00fcvenli rendeleme yapabilirsiniz. Bpa ve Sa\u011fl\u0131\u011fa zararl\u0131 madde \u0130\u00e7ermez. Son derece portatif kullan\u0131m sunar \u00d6l\u00e7\u00fcleri Y\u00fckseklik:21cm\" \/>\n<meta property=\"og:url\" content=\"https:\/\/www.peraavm.com\/index.php\/urun\/cift-tarafli-paslanmaz-celik-rende\/\" \/>\n<meta property=\"article:modified_time\" content=\"2023-12-22T14:15:51+00:00\" \/>\n<meta property=\"og:image\" content=\"https:\/\/www.peraavm.com\/wp-content\/uploads\/2023\/02\/3453234423445.jpg\" \/>\n\t<meta property=\"og:image:width\" content=\"300\" \/>\n\t<meta property=\"og:image:height\" content=\"300\" \/>\n\t<meta property=\"og:image:type\" content=\"image\/jpeg\" \/>\n<meta name=\"twitter:card\" content=\"summary_large_image\" \/>\n<meta name=\"twitter:label1\" content=\"Tahmini okuma s\u00fcresi\" \/>\n\t<meta name=\"twitter:data1\" content=\"1 dakika\" \/>\n<script type=\"application\/ld+json\" class=\"yoast-schema-graph\">{\"@context\":\"https:\/\/schema.org\",\"@graph\":[{\"@type\":\"WebPage\",\"@id\":\"https:\/\/www.peraavm.com\/index.php\/urun\/cift-tarafli-paslanmaz-celik-rende\/\",\"url\":\"https:\/\/www.peraavm.com\/index.php\/urun\/cift-tarafli-paslanmaz-celik-rende\/\",\"name\":\"\u00c7ift Tarafl\u0131 Paslanmaz \u00c7elik Rende |\",\"isPartOf\":{\"@id\":\"https:\/\/www.peraavm.com\/#website\"},\"primaryImageOfPage\":{\"@id\":\"https:\/\/www.peraavm.com\/index.php\/urun\/cift-tarafli-paslanmaz-celik-rende\/#primaryimage\"},\"image\":{\"@id\":\"https:\/\/www.peraavm.com\/index.php\/urun\/cift-tarafli-paslanmaz-celik-rende\/#primaryimage\"},\"thumbnailUrl\":\"https:\/\/www.peraavm.com\/wp-content\/uploads\/2023\/02\/3453234423445.jpg\",\"datePublished\":\"2023-02-16T09:03:19+00:00\",\"dateModified\":\"2023-12-22T14:15:51+00:00\",\"description\":\"\u00a0Rendeledi\u011finiz g\u0131dalar b\u00fct\u00fcn olarak kal\u0131r ve tazele\u011fini korur. Yan yat\u0131rarak da kullanabilirsiniz. B\u00f6ylece Rende yaparken yorulmaz hemde daha g\u00fcvenli rendeleme yapabilirsiniz. Bpa ve Sa\u011fl\u0131\u011fa zararl\u0131 madde \u0130\u00e7ermez. Son derece portatif kullan\u0131m sunar \u00d6l\u00e7\u00fcleri Y\u00fckseklik:21cm\",\"breadcrumb\":{\"@id\":\"https:\/\/www.peraavm.com\/index.php\/urun\/cift-tarafli-paslanmaz-celik-rende\/#breadcrumb\"},\"inLanguage\":\"tr\",\"potentialAction\":[{\"@type\":\"ReadAction\",\"target\":[\"https:\/\/www.peraavm.com\/index.php\/urun\/cift-tarafli-paslanmaz-celik-rende\/\"]}]},{\"@type\":\"ImageObject\",\"inLanguage\":\"tr\",\"@id\":\"https:\/\/www.peraavm.com\/index.php\/urun\/cift-tarafli-paslanmaz-celik-rende\/#primaryimage\",\"url\":\"https:\/\/www.peraavm.com\/wp-content\/uploads\/2023\/02\/3453234423445.jpg\",\"contentUrl\":\"https:\/\/www.peraavm.com\/wp-content\/uploads\/2023\/02\/3453234423445.jpg\",\"width\":300,\"height\":300},{\"@type\":\"BreadcrumbList\",\"@id\":\"https:\/\/www.peraavm.com\/index.php\/urun\/cift-tarafli-paslanmaz-celik-rende\/#breadcrumb\",\"itemListElement\":[{\"@type\":\"ListItem\",\"position\":1,\"name\":\"Anasayfa\",\"item\":\"https:\/\/www.peraavm.com\/\"},{\"@type\":\"ListItem\",\"position\":2,\"name\":\"Magaza\",\"item\":\"https:\/\/www.peraavm.com\/index.php\/magaza\/\"},{\"@type\":\"ListItem\",\"position\":3,\"name\":\"\u00c7ift Tarafl\u0131 Paslanmaz \u00c7elik Rende\"}]},{\"@type\":\"WebSite\",\"@id\":\"https:\/\/www.peraavm.com\/#website\",\"url\":\"https:\/\/www.peraavm.com\/\",\"name\":\"Pratikmagazam.com\",\"description\":\"\",\"publisher\":{\"@id\":\"https:\/\/www.peraavm.com\/#organization\"},\"potentialAction\":[{\"@type\":\"SearchAction\",\"target\":{\"@type\":\"EntryPoint\",\"urlTemplate\":\"https:\/\/www.peraavm.com\/?s={search_term_string}\"},\"query-input\":{\"@type\":\"PropertyValueSpecification\",\"valueRequired\":true,\"valueName\":\"search_term_string\"}}],\"inLanguage\":\"tr\"},{\"@type\":\"Organization\",\"@id\":\"https:\/\/www.peraavm.com\/#organization\",\"name\":\"pratikmagazam.com\",\"url\":\"https:\/\/www.peraavm.com\/\",\"logo\":{\"@type\":\"ImageObject\",\"inLanguage\":\"tr\",\"@id\":\"https:\/\/www.peraavm.com\/#\/schema\/logo\/image\/\",\"url\":\"https:\/\/www.pratikmagazam.com\/wp-content\/uploads\/2021\/11\/Ekran-Resmi-2021-11-17-08.16.13.png\",\"contentUrl\":\"https:\/\/www.pratikmagazam.com\/wp-content\/uploads\/2021\/11\/Ekran-Resmi-2021-11-17-08.16.13.png\",\"width\":477,\"height\":135,\"caption\":\"pratikmagazam.com\"},\"image\":{\"@id\":\"https:\/\/www.peraavm.com\/#\/schema\/logo\/image\/\"},\"sameAs\":[\"https:\/\/instagram.com\/pratikmagazam?utm_medium=copy_link\"]}]}<\/script>\n<!-- \/ Yoast SEO plugin. -->","yoast_head_json":{"title":"\u00c7ift Tarafl\u0131 Paslanmaz \u00c7elik Rende |","description":"\u00a0Rendeledi\u011finiz g\u0131dalar b\u00fct\u00fcn olarak kal\u0131r ve tazele\u011fini korur. Yan yat\u0131rarak da kullanabilirsiniz. B\u00f6ylece Rende yaparken yorulmaz hemde daha g\u00fcvenli rendeleme yapabilirsiniz. Bpa ve Sa\u011fl\u0131\u011fa zararl\u0131 madde \u0130\u00e7ermez. Son derece portatif kullan\u0131m sunar \u00d6l\u00e7\u00fcleri Y\u00fckseklik:21cm","robots":{"index":"index","follow":"follow","max-snippet":"max-snippet:-1","max-image-preview":"max-image-preview:large","max-video-preview":"max-video-preview:-1"},"canonical":"https:\/\/www.peraavm.com\/index.php\/urun\/cift-tarafli-paslanmaz-celik-rende\/","og_locale":"tr_TR","og_type":"article","og_title":"\u00c7ift Tarafl\u0131 Paslanmaz \u00c7elik Rende |","og_description":"\u00a0Rendeledi\u011finiz g\u0131dalar b\u00fct\u00fcn olarak kal\u0131r ve tazele\u011fini korur. Yan yat\u0131rarak da kullanabilirsiniz. B\u00f6ylece Rende yaparken yorulmaz hemde daha g\u00fcvenli rendeleme yapabilirsiniz. Bpa ve Sa\u011fl\u0131\u011fa zararl\u0131 madde \u0130\u00e7ermez. Son derece portatif kullan\u0131m sunar \u00d6l\u00e7\u00fcleri Y\u00fckseklik:21cm","og_url":"https:\/\/www.peraavm.com\/index.php\/urun\/cift-tarafli-paslanmaz-celik-rende\/","article_modified_time":"2023-12-22T14:15:51+00:00","og_image":[{"width":300,"height":300,"url":"https:\/\/www.peraavm.com\/wp-content\/uploads\/2023\/02\/3453234423445.jpg","type":"image\/jpeg"}],"twitter_card":"summary_large_image","twitter_misc":{"Tahmini okuma s\u00fcresi":"1 dakika"},"schema":{"@context":"https:\/\/schema.org","@graph":[{"@type":"WebPage","@id":"https:\/\/www.peraavm.com\/index.php\/urun\/cift-tarafli-paslanmaz-celik-rende\/","url":"https:\/\/www.peraavm.com\/index.php\/urun\/cift-tarafli-paslanmaz-celik-rende\/","name":"\u00c7ift Tarafl\u0131 Paslanmaz \u00c7elik Rende |","isPartOf":{"@id":"https:\/\/www.peraavm.com\/#website"},"primaryImageOfPage":{"@id":"https:\/\/www.peraavm.com\/index.php\/urun\/cift-tarafli-paslanmaz-celik-rende\/#primaryimage"},"image":{"@id":"https:\/\/www.peraavm.com\/index.php\/urun\/cift-tarafli-paslanmaz-celik-rende\/#primaryimage"},"thumbnailUrl":"https:\/\/www.peraavm.com\/wp-content\/uploads\/2023\/02\/3453234423445.jpg","datePublished":"2023-02-16T09:03:19+00:00","dateModified":"2023-12-22T14:15:51+00:00","description":"\u00a0Rendeledi\u011finiz g\u0131dalar b\u00fct\u00fcn olarak kal\u0131r ve tazele\u011fini korur. Yan yat\u0131rarak da kullanabilirsiniz. B\u00f6ylece Rende yaparken yorulmaz hemde daha g\u00fcvenli rendeleme yapabilirsiniz. Bpa ve Sa\u011fl\u0131\u011fa zararl\u0131 madde \u0130\u00e7ermez. Son derece portatif kullan\u0131m sunar \u00d6l\u00e7\u00fcleri Y\u00fckseklik:21cm","breadcrumb":{"@id":"https:\/\/www.peraavm.com\/index.php\/urun\/cift-tarafli-paslanmaz-celik-rende\/#breadcrumb"},"inLanguage":"tr","potentialAction":[{"@type":"ReadAction","target":["https:\/\/www.peraavm.com\/index.php\/urun\/cift-tarafli-paslanmaz-celik-rende\/"]}]},{"@type":"ImageObject","inLanguage":"tr","@id":"https:\/\/www.peraavm.com\/index.php\/urun\/cift-tarafli-paslanmaz-celik-rende\/#primaryimage","url":"https:\/\/www.peraavm.com\/wp-content\/uploads\/2023\/02\/3453234423445.jpg","contentUrl":"https:\/\/www.peraavm.com\/wp-content\/uploads\/2023\/02\/3453234423445.jpg","width":300,"height":300},{"@type":"BreadcrumbList","@id":"https:\/\/www.peraavm.com\/index.php\/urun\/cift-tarafli-paslanmaz-celik-rende\/#breadcrumb","itemListElement":[{"@type":"ListItem","position":1,"name":"Anasayfa","item":"https:\/\/www.peraavm.com\/"},{"@type":"ListItem","position":2,"name":"Magaza","item":"https:\/\/www.peraavm.com\/index.php\/magaza\/"},{"@type":"ListItem","position":3,"name":"\u00c7ift Tarafl\u0131 Paslanmaz \u00c7elik Rende"}]},{"@type":"WebSite","@id":"https:\/\/www.peraavm.com\/#website","url":"https:\/\/www.peraavm.com\/","name":"Pratikmagazam.com","description":"","publisher":{"@id":"https:\/\/www.peraavm.com\/#organization"},"potentialAction":[{"@type":"SearchAction","target":{"@type":"EntryPoint","urlTemplate":"https:\/\/www.peraavm.com\/?s={search_term_string}"},"query-input":{"@type":"PropertyValueSpecification","valueRequired":true,"valueName":"search_term_string"}}],"inLanguage":"tr"},{"@type":"Organization","@id":"https:\/\/www.peraavm.com\/#organization","name":"pratikmagazam.com","url":"https:\/\/www.peraavm.com\/","logo":{"@type":"ImageObject","inLanguage":"tr","@id":"https:\/\/www.peraavm.com\/#\/schema\/logo\/image\/","url":"https:\/\/www.pratikmagazam.com\/wp-content\/uploads\/2021\/11\/Ekran-Resmi-2021-11-17-08.16.13.png","contentUrl":"https:\/\/www.pratikmagazam.com\/wp-content\/uploads\/2021\/11\/Ekran-Resmi-2021-11-17-08.16.13.png","width":477,"height":135,"caption":"pratikmagazam.com"},"image":{"@id":"https:\/\/www.peraavm.com\/#\/schema\/logo\/image\/"},"sameAs":["https:\/\/instagram.com\/pratikmagazam?utm_medium=copy_link"]}]}},"_links":{"self":[{"href":"https:\/\/www.peraavm.com\/index.php\/wp-json\/wp\/v2\/product\/2538","targetHints":{"allow":["GET"]}}],"collection":[{"href":"https:\/\/www.peraavm.com\/index.php\/wp-json\/wp\/v2\/product"}],"about":[{"href":"https:\/\/www.peraavm.com\/index.php\/wp-json\/wp\/v2\/types\/product"}],"replies":[{"embeddable":true,"href":"https:\/\/www.peraavm.com\/index.php\/wp-json\/wp\/v2\/comments?post=2538"}],"wp:featuredmedia":[{"embeddable":true,"href":"https:\/\/www.peraavm.com\/index.php\/wp-json\/wp\/v2\/media\/2539"}],"wp:attachment":[{"href":"https:\/\/www.peraavm.com\/index.php\/wp-json\/wp\/v2\/media?parent=2538"}],"wp:term":[{"taxonomy":"product_brand","embeddable":true,"href":"https:\/\/www.peraavm.com\/index.php\/wp-json\/wp\/v2\/product_brand?post=2538"},{"taxonomy":"product_cat","embeddable":true,"href":"https:\/\/www.peraavm.com\/index.php\/wp-json\/wp\/v2\/product_cat?post=2538"},{"taxonomy":"product_tag","embeddable":true,"href":"https:\/\/www.peraavm.com\/index.php\/wp-json\/wp\/v2\/product_tag?post=2538"}],"curies":[{"name":"wp","href":"https:\/\/api.w.org\/{rel}","templated":true}]}}