{"id":2578,"date":"2023-02-20T09:02:07","date_gmt":"2023-02-20T09:02:07","guid":{"rendered":"https:\/\/www.pratikmagazam.com\/?post_type=product&#038;p=2578"},"modified":"2023-12-22T14:15:53","modified_gmt":"2023-12-22T14:15:53","slug":"otomatik-mezura-60-cm","status":"publish","type":"product","link":"https:\/\/www.peraavm.com\/index.php\/urun\/otomatik-mezura-60-cm\/","title":{"rendered":"Otomatik Mezura 60 cm"},"content":{"rendered":"<ul>\n<li>Otomatik Mezura 60cm Otomatik \u00c7ift Tarafl\u0131 \u00d6l\u00e7\u00fcm Cep Mezuras\u0131 60cm \u00dcr\u00fcn Bilgisi: 60cm uzunlu\u011fundad\u0131r. Ortadaki d\u00fc\u011fmesine basarak otomatik olarak toplanmaktad\u0131r. Klasik terzi mezuras\u0131 \u015feklindedir ekonomik bir \u00fcr\u00fcnd\u00fcr. Hem inch hem de cm cinsinden \u00f6l\u00e7\u00fcm yap\u0131labilir. Ham maddesi nedeniyle olduk\u00e7a dayan\u0131kl\u0131 ve kullan\u0131\u015fl\u0131d\u0131r. Cepte kolayca ta\u015f\u0131nabilir. Benzer \u00dcr\u00fcn \u00c7e\u015fitlerimiz \u0130\u00e7in T\u0131klay\u0131n\u0131z.<\/li>\n<\/ul>\n","protected":false},"excerpt":{"rendered":"<ul class=\"detail-desc-list\">\n<li>Otomatik Mezura 60cm Otomatik \u00c7ift Tarafl\u0131 \u00d6l\u00e7\u00fcm Cep Mezuras\u0131 60cm \u00dcr\u00fcn Bilgisi: 60cm uzunlu\u011fundad\u0131r. Ortadaki d\u00fc\u011fmesine basarak otomatik olarak toplanmaktad\u0131r. Klasik terzi mezuras\u0131 \u015feklindedir ekonomik bir \u00fcr\u00fcnd\u00fcr. Hem inch hem de cm cinsinden \u00f6l\u00e7\u00fcm yap\u0131labilir. Ham maddesi nedeniyle olduk\u00e7a dayan\u0131kl\u0131 ve kullan\u0131\u015fl\u0131d\u0131r. Cepte kolayca ta\u015f\u0131nabilir. Benzer \u00dcr\u00fcn \u00c7e\u015fitlerimiz \u0130\u00e7in T\u0131klay\u0131n\u0131z.<\/li>\n<\/ul>\n","protected":false},"featured_media":2579,"comment_status":"open","ping_status":"closed","template":"","meta":[],"product_brand":[],"product_cat":[37,32,15],"product_tag":[],"class_list":{"0":"post-2578","1":"product","2":"type-product","3":"status-publish","4":"has-post-thumbnail","6":"product_cat-ev-gerecleri","7":"product_cat-hirdavat","8":"product_cat-tum-urunler","10":"first","11":"instock","12":"sale","13":"taxable","14":"shipping-taxable","15":"purchasable","16":"product-type-simple"},"yoast_head":"<!-- This site is optimized with the Yoast SEO plugin v27.2 - https:\/\/yoast.com\/product\/yoast-seo-wordpress\/ -->\n<title>Otomatik Mezura 60 cm |<\/title>\n<meta name=\"description\" content=\"Otomatik Mezura 60cm Otomatik \u00c7ift Tarafl\u0131 \u00d6l\u00e7\u00fcm Cep Mezuras\u0131 60cm \u00dcr\u00fcn Bilgisi: 60cm uzunlu\u011fundad\u0131r. Ortadaki d\u00fc\u011fmesine basarak otomatik olarak toplanmaktad\u0131r. Klasik terzi mezuras\u0131 \u015feklindedir ekonomik bir \u00fcr\u00fcnd\u00fcr. Hem inch hem de cm cinsinden \u00f6l\u00e7\u00fcm yap\u0131labilir. Ham maddesi nedeniyle olduk\u00e7a dayan\u0131kl\u0131 ve kullan\u0131\u015fl\u0131d\u0131r. Cepte kolayca ta\u015f\u0131nabilir. Benzer \u00dcr\u00fcn \u00c7e\u015fitlerimiz \u0130\u00e7in T\u0131klay\u0131n\u0131z.\" \/>\n<meta name=\"robots\" content=\"index, follow, max-snippet:-1, max-image-preview:large, max-video-preview:-1\" \/>\n<link rel=\"canonical\" href=\"https:\/\/www.peraavm.com\/index.php\/urun\/otomatik-mezura-60-cm\/\" \/>\n<meta property=\"og:locale\" content=\"tr_TR\" \/>\n<meta property=\"og:type\" content=\"article\" \/>\n<meta property=\"og:title\" content=\"Otomatik Mezura 60 cm |\" \/>\n<meta property=\"og:description\" content=\"Otomatik Mezura 60cm Otomatik \u00c7ift Tarafl\u0131 \u00d6l\u00e7\u00fcm Cep Mezuras\u0131 60cm \u00dcr\u00fcn Bilgisi: 60cm uzunlu\u011fundad\u0131r. Ortadaki d\u00fc\u011fmesine basarak otomatik olarak toplanmaktad\u0131r. Klasik terzi mezuras\u0131 \u015feklindedir ekonomik bir \u00fcr\u00fcnd\u00fcr. Hem inch hem de cm cinsinden \u00f6l\u00e7\u00fcm yap\u0131labilir. Ham maddesi nedeniyle olduk\u00e7a dayan\u0131kl\u0131 ve kullan\u0131\u015fl\u0131d\u0131r. Cepte kolayca ta\u015f\u0131nabilir. Benzer \u00dcr\u00fcn \u00c7e\u015fitlerimiz \u0130\u00e7in T\u0131klay\u0131n\u0131z.\" \/>\n<meta property=\"og:url\" content=\"https:\/\/www.peraavm.com\/index.php\/urun\/otomatik-mezura-60-cm\/\" \/>\n<meta property=\"article:modified_time\" content=\"2023-12-22T14:15:53+00:00\" \/>\n<meta property=\"og:image\" content=\"https:\/\/www.peraavm.com\/wp-content\/uploads\/2023\/02\/34532424345.jpg\" \/>\n\t<meta property=\"og:image:width\" content=\"300\" \/>\n\t<meta property=\"og:image:height\" content=\"300\" \/>\n\t<meta property=\"og:image:type\" content=\"image\/jpeg\" \/>\n<meta name=\"twitter:card\" content=\"summary_large_image\" \/>\n<meta name=\"twitter:label1\" content=\"Tahmini okuma s\u00fcresi\" \/>\n\t<meta name=\"twitter:data1\" content=\"1 dakika\" \/>\n<script type=\"application\/ld+json\" class=\"yoast-schema-graph\">{\"@context\":\"https:\/\/schema.org\",\"@graph\":[{\"@type\":\"WebPage\",\"@id\":\"https:\/\/www.peraavm.com\/index.php\/urun\/otomatik-mezura-60-cm\/\",\"url\":\"https:\/\/www.peraavm.com\/index.php\/urun\/otomatik-mezura-60-cm\/\",\"name\":\"Otomatik Mezura 60 cm |\",\"isPartOf\":{\"@id\":\"https:\/\/www.peraavm.com\/#website\"},\"primaryImageOfPage\":{\"@id\":\"https:\/\/www.peraavm.com\/index.php\/urun\/otomatik-mezura-60-cm\/#primaryimage\"},\"image\":{\"@id\":\"https:\/\/www.peraavm.com\/index.php\/urun\/otomatik-mezura-60-cm\/#primaryimage\"},\"thumbnailUrl\":\"https:\/\/www.peraavm.com\/wp-content\/uploads\/2023\/02\/34532424345.jpg\",\"datePublished\":\"2023-02-20T09:02:07+00:00\",\"dateModified\":\"2023-12-22T14:15:53+00:00\",\"description\":\"Otomatik Mezura 60cm Otomatik \u00c7ift Tarafl\u0131 \u00d6l\u00e7\u00fcm Cep Mezuras\u0131 60cm \u00dcr\u00fcn Bilgisi: 60cm uzunlu\u011fundad\u0131r. Ortadaki d\u00fc\u011fmesine basarak otomatik olarak toplanmaktad\u0131r. Klasik terzi mezuras\u0131 \u015feklindedir ekonomik bir \u00fcr\u00fcnd\u00fcr. Hem inch hem de cm cinsinden \u00f6l\u00e7\u00fcm yap\u0131labilir. Ham maddesi nedeniyle olduk\u00e7a dayan\u0131kl\u0131 ve kullan\u0131\u015fl\u0131d\u0131r. Cepte kolayca ta\u015f\u0131nabilir. Benzer \u00dcr\u00fcn \u00c7e\u015fitlerimiz \u0130\u00e7in T\u0131klay\u0131n\u0131z.\",\"breadcrumb\":{\"@id\":\"https:\/\/www.peraavm.com\/index.php\/urun\/otomatik-mezura-60-cm\/#breadcrumb\"},\"inLanguage\":\"tr\",\"potentialAction\":[{\"@type\":\"ReadAction\",\"target\":[\"https:\/\/www.peraavm.com\/index.php\/urun\/otomatik-mezura-60-cm\/\"]}]},{\"@type\":\"ImageObject\",\"inLanguage\":\"tr\",\"@id\":\"https:\/\/www.peraavm.com\/index.php\/urun\/otomatik-mezura-60-cm\/#primaryimage\",\"url\":\"https:\/\/www.peraavm.com\/wp-content\/uploads\/2023\/02\/34532424345.jpg\",\"contentUrl\":\"https:\/\/www.peraavm.com\/wp-content\/uploads\/2023\/02\/34532424345.jpg\",\"width\":300,\"height\":300},{\"@type\":\"BreadcrumbList\",\"@id\":\"https:\/\/www.peraavm.com\/index.php\/urun\/otomatik-mezura-60-cm\/#breadcrumb\",\"itemListElement\":[{\"@type\":\"ListItem\",\"position\":1,\"name\":\"Anasayfa\",\"item\":\"https:\/\/www.peraavm.com\/\"},{\"@type\":\"ListItem\",\"position\":2,\"name\":\"Magaza\",\"item\":\"https:\/\/www.peraavm.com\/index.php\/magaza\/\"},{\"@type\":\"ListItem\",\"position\":3,\"name\":\"Otomatik Mezura 60 cm\"}]},{\"@type\":\"WebSite\",\"@id\":\"https:\/\/www.peraavm.com\/#website\",\"url\":\"https:\/\/www.peraavm.com\/\",\"name\":\"Pratikmagazam.com\",\"description\":\"\",\"publisher\":{\"@id\":\"https:\/\/www.peraavm.com\/#organization\"},\"potentialAction\":[{\"@type\":\"SearchAction\",\"target\":{\"@type\":\"EntryPoint\",\"urlTemplate\":\"https:\/\/www.peraavm.com\/?s={search_term_string}\"},\"query-input\":{\"@type\":\"PropertyValueSpecification\",\"valueRequired\":true,\"valueName\":\"search_term_string\"}}],\"inLanguage\":\"tr\"},{\"@type\":\"Organization\",\"@id\":\"https:\/\/www.peraavm.com\/#organization\",\"name\":\"pratikmagazam.com\",\"url\":\"https:\/\/www.peraavm.com\/\",\"logo\":{\"@type\":\"ImageObject\",\"inLanguage\":\"tr\",\"@id\":\"https:\/\/www.peraavm.com\/#\/schema\/logo\/image\/\",\"url\":\"https:\/\/www.pratikmagazam.com\/wp-content\/uploads\/2021\/11\/Ekran-Resmi-2021-11-17-08.16.13.png\",\"contentUrl\":\"https:\/\/www.pratikmagazam.com\/wp-content\/uploads\/2021\/11\/Ekran-Resmi-2021-11-17-08.16.13.png\",\"width\":477,\"height\":135,\"caption\":\"pratikmagazam.com\"},\"image\":{\"@id\":\"https:\/\/www.peraavm.com\/#\/schema\/logo\/image\/\"},\"sameAs\":[\"https:\/\/instagram.com\/pratikmagazam?utm_medium=copy_link\"]}]}<\/script>\n<!-- \/ Yoast SEO plugin. -->","yoast_head_json":{"title":"Otomatik Mezura 60 cm |","description":"Otomatik Mezura 60cm Otomatik \u00c7ift Tarafl\u0131 \u00d6l\u00e7\u00fcm Cep Mezuras\u0131 60cm \u00dcr\u00fcn Bilgisi: 60cm uzunlu\u011fundad\u0131r. Ortadaki d\u00fc\u011fmesine basarak otomatik olarak toplanmaktad\u0131r. Klasik terzi mezuras\u0131 \u015feklindedir ekonomik bir \u00fcr\u00fcnd\u00fcr. Hem inch hem de cm cinsinden \u00f6l\u00e7\u00fcm yap\u0131labilir. Ham maddesi nedeniyle olduk\u00e7a dayan\u0131kl\u0131 ve kullan\u0131\u015fl\u0131d\u0131r. Cepte kolayca ta\u015f\u0131nabilir. Benzer \u00dcr\u00fcn \u00c7e\u015fitlerimiz \u0130\u00e7in T\u0131klay\u0131n\u0131z.","robots":{"index":"index","follow":"follow","max-snippet":"max-snippet:-1","max-image-preview":"max-image-preview:large","max-video-preview":"max-video-preview:-1"},"canonical":"https:\/\/www.peraavm.com\/index.php\/urun\/otomatik-mezura-60-cm\/","og_locale":"tr_TR","og_type":"article","og_title":"Otomatik Mezura 60 cm |","og_description":"Otomatik Mezura 60cm Otomatik \u00c7ift Tarafl\u0131 \u00d6l\u00e7\u00fcm Cep Mezuras\u0131 60cm \u00dcr\u00fcn Bilgisi: 60cm uzunlu\u011fundad\u0131r. Ortadaki d\u00fc\u011fmesine basarak otomatik olarak toplanmaktad\u0131r. Klasik terzi mezuras\u0131 \u015feklindedir ekonomik bir \u00fcr\u00fcnd\u00fcr. Hem inch hem de cm cinsinden \u00f6l\u00e7\u00fcm yap\u0131labilir. Ham maddesi nedeniyle olduk\u00e7a dayan\u0131kl\u0131 ve kullan\u0131\u015fl\u0131d\u0131r. Cepte kolayca ta\u015f\u0131nabilir. Benzer \u00dcr\u00fcn \u00c7e\u015fitlerimiz \u0130\u00e7in T\u0131klay\u0131n\u0131z.","og_url":"https:\/\/www.peraavm.com\/index.php\/urun\/otomatik-mezura-60-cm\/","article_modified_time":"2023-12-22T14:15:53+00:00","og_image":[{"width":300,"height":300,"url":"https:\/\/www.peraavm.com\/wp-content\/uploads\/2023\/02\/34532424345.jpg","type":"image\/jpeg"}],"twitter_card":"summary_large_image","twitter_misc":{"Tahmini okuma s\u00fcresi":"1 dakika"},"schema":{"@context":"https:\/\/schema.org","@graph":[{"@type":"WebPage","@id":"https:\/\/www.peraavm.com\/index.php\/urun\/otomatik-mezura-60-cm\/","url":"https:\/\/www.peraavm.com\/index.php\/urun\/otomatik-mezura-60-cm\/","name":"Otomatik Mezura 60 cm |","isPartOf":{"@id":"https:\/\/www.peraavm.com\/#website"},"primaryImageOfPage":{"@id":"https:\/\/www.peraavm.com\/index.php\/urun\/otomatik-mezura-60-cm\/#primaryimage"},"image":{"@id":"https:\/\/www.peraavm.com\/index.php\/urun\/otomatik-mezura-60-cm\/#primaryimage"},"thumbnailUrl":"https:\/\/www.peraavm.com\/wp-content\/uploads\/2023\/02\/34532424345.jpg","datePublished":"2023-02-20T09:02:07+00:00","dateModified":"2023-12-22T14:15:53+00:00","description":"Otomatik Mezura 60cm Otomatik \u00c7ift Tarafl\u0131 \u00d6l\u00e7\u00fcm Cep Mezuras\u0131 60cm \u00dcr\u00fcn Bilgisi: 60cm uzunlu\u011fundad\u0131r. Ortadaki d\u00fc\u011fmesine basarak otomatik olarak toplanmaktad\u0131r. Klasik terzi mezuras\u0131 \u015feklindedir ekonomik bir \u00fcr\u00fcnd\u00fcr. Hem inch hem de cm cinsinden \u00f6l\u00e7\u00fcm yap\u0131labilir. Ham maddesi nedeniyle olduk\u00e7a dayan\u0131kl\u0131 ve kullan\u0131\u015fl\u0131d\u0131r. Cepte kolayca ta\u015f\u0131nabilir. Benzer \u00dcr\u00fcn \u00c7e\u015fitlerimiz \u0130\u00e7in T\u0131klay\u0131n\u0131z.","breadcrumb":{"@id":"https:\/\/www.peraavm.com\/index.php\/urun\/otomatik-mezura-60-cm\/#breadcrumb"},"inLanguage":"tr","potentialAction":[{"@type":"ReadAction","target":["https:\/\/www.peraavm.com\/index.php\/urun\/otomatik-mezura-60-cm\/"]}]},{"@type":"ImageObject","inLanguage":"tr","@id":"https:\/\/www.peraavm.com\/index.php\/urun\/otomatik-mezura-60-cm\/#primaryimage","url":"https:\/\/www.peraavm.com\/wp-content\/uploads\/2023\/02\/34532424345.jpg","contentUrl":"https:\/\/www.peraavm.com\/wp-content\/uploads\/2023\/02\/34532424345.jpg","width":300,"height":300},{"@type":"BreadcrumbList","@id":"https:\/\/www.peraavm.com\/index.php\/urun\/otomatik-mezura-60-cm\/#breadcrumb","itemListElement":[{"@type":"ListItem","position":1,"name":"Anasayfa","item":"https:\/\/www.peraavm.com\/"},{"@type":"ListItem","position":2,"name":"Magaza","item":"https:\/\/www.peraavm.com\/index.php\/magaza\/"},{"@type":"ListItem","position":3,"name":"Otomatik Mezura 60 cm"}]},{"@type":"WebSite","@id":"https:\/\/www.peraavm.com\/#website","url":"https:\/\/www.peraavm.com\/","name":"Pratikmagazam.com","description":"","publisher":{"@id":"https:\/\/www.peraavm.com\/#organization"},"potentialAction":[{"@type":"SearchAction","target":{"@type":"EntryPoint","urlTemplate":"https:\/\/www.peraavm.com\/?s={search_term_string}"},"query-input":{"@type":"PropertyValueSpecification","valueRequired":true,"valueName":"search_term_string"}}],"inLanguage":"tr"},{"@type":"Organization","@id":"https:\/\/www.peraavm.com\/#organization","name":"pratikmagazam.com","url":"https:\/\/www.peraavm.com\/","logo":{"@type":"ImageObject","inLanguage":"tr","@id":"https:\/\/www.peraavm.com\/#\/schema\/logo\/image\/","url":"https:\/\/www.pratikmagazam.com\/wp-content\/uploads\/2021\/11\/Ekran-Resmi-2021-11-17-08.16.13.png","contentUrl":"https:\/\/www.pratikmagazam.com\/wp-content\/uploads\/2021\/11\/Ekran-Resmi-2021-11-17-08.16.13.png","width":477,"height":135,"caption":"pratikmagazam.com"},"image":{"@id":"https:\/\/www.peraavm.com\/#\/schema\/logo\/image\/"},"sameAs":["https:\/\/instagram.com\/pratikmagazam?utm_medium=copy_link"]}]}},"_links":{"self":[{"href":"https:\/\/www.peraavm.com\/index.php\/wp-json\/wp\/v2\/product\/2578","targetHints":{"allow":["GET"]}}],"collection":[{"href":"https:\/\/www.peraavm.com\/index.php\/wp-json\/wp\/v2\/product"}],"about":[{"href":"https:\/\/www.peraavm.com\/index.php\/wp-json\/wp\/v2\/types\/product"}],"replies":[{"embeddable":true,"href":"https:\/\/www.peraavm.com\/index.php\/wp-json\/wp\/v2\/comments?post=2578"}],"wp:featuredmedia":[{"embeddable":true,"href":"https:\/\/www.peraavm.com\/index.php\/wp-json\/wp\/v2\/media\/2579"}],"wp:attachment":[{"href":"https:\/\/www.peraavm.com\/index.php\/wp-json\/wp\/v2\/media?parent=2578"}],"wp:term":[{"taxonomy":"product_brand","embeddable":true,"href":"https:\/\/www.peraavm.com\/index.php\/wp-json\/wp\/v2\/product_brand?post=2578"},{"taxonomy":"product_cat","embeddable":true,"href":"https:\/\/www.peraavm.com\/index.php\/wp-json\/wp\/v2\/product_cat?post=2578"},{"taxonomy":"product_tag","embeddable":true,"href":"https:\/\/www.peraavm.com\/index.php\/wp-json\/wp\/v2\/product_tag?post=2578"}],"curies":[{"name":"wp","href":"https:\/\/api.w.org\/{rel}","templated":true}]}}