{"id":2653,"date":"2023-05-20T10:43:16","date_gmt":"2023-05-20T10:43:16","guid":{"rendered":"https:\/\/www.pratikmagazam.com\/?post_type=product&#038;p=2653"},"modified":"2023-12-22T14:15:55","modified_gmt":"2023-12-22T14:15:55","slug":"kedi-oyun-topu-fareli-haci-yatmaz-kedi-oyuncagi-evcil-hayvan-oyuncak","status":"publish","type":"product","link":"https:\/\/www.peraavm.com\/index.php\/urun\/kedi-oyun-topu-fareli-haci-yatmaz-kedi-oyuncagi-evcil-hayvan-oyuncak\/","title":{"rendered":"Kedi Oyun Topu Fareli Hac\u0131 Yatmaz Kedi Oyunca\u011f\u0131 Evcil Hayvan Oyuncak"},"content":{"rendered":"<ul class=\"detail-desc-list\">\n<li>Kedi Oyun Topu Fareli Hac\u0131 Yatmaz Kedi Oyunca\u011f\u0131 Evcil Hayvan Oyuncak Hafif bir \u00fcr\u00fcnd\u00fcr. Hac\u0131 yatmaz \u00f6zelli\u011fine sahiptir b\u00f6ylece kediniz her pati att\u0131\u011f\u0131nda sa\u011fa sola sallanacak, asla devrilmeyecek ve s\u00fcrekli hareket halinde olacak. B\u00f6ylece kedinizin daha \u00e7ok dikkatini \u00e7ekerek daha fazla oynamas\u0131n\u0131 sa\u011flayacak. \u00dcR\u00dcN \u00d6L\u00c7\u00dcLER\u0130: -Top \u00e7ap\u0131: 5.4 cm -Toplam y\u00fckseklik: 11 cm<\/li>\n<\/ul>\n","protected":false},"excerpt":{"rendered":"<ul class=\"detail-desc-list\">\n<li>Kedi Oyun Topu Fareli Hac\u0131 Yatmaz Kedi Oyunca\u011f\u0131 Evcil Hayvan Oyuncak Hafif bir \u00fcr\u00fcnd\u00fcr. Hac\u0131 yatmaz \u00f6zelli\u011fine sahiptir b\u00f6ylece kediniz her pati att\u0131\u011f\u0131nda sa\u011fa sola sallanacak, asla devrilmeyecek ve s\u00fcrekli hareket halinde olacak. B\u00f6ylece kedinizin daha \u00e7ok dikkatini \u00e7ekerek daha fazla oynamas\u0131n\u0131 sa\u011flayacak. \u00dcR\u00dcN \u00d6L\u00c7\u00dcLER\u0130: -Top \u00e7ap\u0131: 5.4 cm -Toplam y\u00fckseklik: 11 cm<\/li>\n<\/ul>\n","protected":false},"featured_media":2654,"comment_status":"open","ping_status":"closed","template":"","meta":[],"product_brand":[],"product_cat":[43,15],"product_tag":[],"class_list":{"0":"post-2653","1":"product","2":"type-product","3":"status-publish","4":"has-post-thumbnail","6":"product_cat-petshop","7":"product_cat-tum-urunler","9":"first","10":"instock","11":"sale","12":"taxable","13":"shipping-taxable","14":"purchasable","15":"product-type-simple"},"yoast_head":"<!-- This site is optimized with the Yoast SEO plugin v27.2 - https:\/\/yoast.com\/product\/yoast-seo-wordpress\/ -->\n<title>Kedi Oyun Topu Fareli Hac\u0131 Yatmaz Kedi Oyunca\u011f\u0131 Evcil Hayvan Oyuncak |<\/title>\n<meta name=\"description\" content=\"Kedi Oyun Topu Fareli Hac\u0131 Yatmaz Kedi Oyunca\u011f\u0131 Evcil Hayvan Oyuncak Hafif bir \u00fcr\u00fcnd\u00fcr. Hac\u0131 yatmaz \u00f6zelli\u011fine sahiptir b\u00f6ylece kediniz her pati att\u0131\u011f\u0131nda sa\u011fa sola sallanacak, asla devrilmeyecek ve s\u00fcrekli hareket halinde olacak. B\u00f6ylece kedinizin daha \u00e7ok dikkatini \u00e7ekerek daha fazla oynamas\u0131n\u0131 sa\u011flayacak. \u00dcR\u00dcN \u00d6L\u00c7\u00dcLER\u0130: -Top \u00e7ap\u0131: 5.4 cm -Toplam y\u00fckseklik: 11 cm\" \/>\n<meta name=\"robots\" content=\"index, follow, max-snippet:-1, max-image-preview:large, max-video-preview:-1\" \/>\n<link rel=\"canonical\" href=\"https:\/\/www.peraavm.com\/index.php\/urun\/kedi-oyun-topu-fareli-haci-yatmaz-kedi-oyuncagi-evcil-hayvan-oyuncak\/\" \/>\n<meta property=\"og:locale\" content=\"tr_TR\" \/>\n<meta property=\"og:type\" content=\"article\" \/>\n<meta property=\"og:title\" content=\"Kedi Oyun Topu Fareli Hac\u0131 Yatmaz Kedi Oyunca\u011f\u0131 Evcil Hayvan Oyuncak |\" \/>\n<meta property=\"og:description\" content=\"Kedi Oyun Topu Fareli Hac\u0131 Yatmaz Kedi Oyunca\u011f\u0131 Evcil Hayvan Oyuncak Hafif bir \u00fcr\u00fcnd\u00fcr. Hac\u0131 yatmaz \u00f6zelli\u011fine sahiptir b\u00f6ylece kediniz her pati att\u0131\u011f\u0131nda sa\u011fa sola sallanacak, asla devrilmeyecek ve s\u00fcrekli hareket halinde olacak. B\u00f6ylece kedinizin daha \u00e7ok dikkatini \u00e7ekerek daha fazla oynamas\u0131n\u0131 sa\u011flayacak. \u00dcR\u00dcN \u00d6L\u00c7\u00dcLER\u0130: -Top \u00e7ap\u0131: 5.4 cm -Toplam y\u00fckseklik: 11 cm\" \/>\n<meta property=\"og:url\" content=\"https:\/\/www.peraavm.com\/index.php\/urun\/kedi-oyun-topu-fareli-haci-yatmaz-kedi-oyuncagi-evcil-hayvan-oyuncak\/\" \/>\n<meta property=\"article:modified_time\" content=\"2023-12-22T14:15:55+00:00\" \/>\n<meta property=\"og:image\" content=\"https:\/\/www.peraavm.com\/wp-content\/uploads\/2023\/05\/34534543kedioyuncak.jpg\" \/>\n\t<meta property=\"og:image:width\" content=\"300\" \/>\n\t<meta property=\"og:image:height\" content=\"300\" \/>\n\t<meta property=\"og:image:type\" content=\"image\/jpeg\" \/>\n<meta name=\"twitter:card\" content=\"summary_large_image\" \/>\n<meta name=\"twitter:label1\" content=\"Tahmini okuma s\u00fcresi\" \/>\n\t<meta name=\"twitter:data1\" content=\"1 dakika\" \/>\n<script type=\"application\/ld+json\" class=\"yoast-schema-graph\">{\"@context\":\"https:\/\/schema.org\",\"@graph\":[{\"@type\":\"WebPage\",\"@id\":\"https:\/\/www.peraavm.com\/index.php\/urun\/kedi-oyun-topu-fareli-haci-yatmaz-kedi-oyuncagi-evcil-hayvan-oyuncak\/\",\"url\":\"https:\/\/www.peraavm.com\/index.php\/urun\/kedi-oyun-topu-fareli-haci-yatmaz-kedi-oyuncagi-evcil-hayvan-oyuncak\/\",\"name\":\"Kedi Oyun Topu Fareli Hac\u0131 Yatmaz Kedi Oyunca\u011f\u0131 Evcil Hayvan Oyuncak |\",\"isPartOf\":{\"@id\":\"https:\/\/www.peraavm.com\/#website\"},\"primaryImageOfPage\":{\"@id\":\"https:\/\/www.peraavm.com\/index.php\/urun\/kedi-oyun-topu-fareli-haci-yatmaz-kedi-oyuncagi-evcil-hayvan-oyuncak\/#primaryimage\"},\"image\":{\"@id\":\"https:\/\/www.peraavm.com\/index.php\/urun\/kedi-oyun-topu-fareli-haci-yatmaz-kedi-oyuncagi-evcil-hayvan-oyuncak\/#primaryimage\"},\"thumbnailUrl\":\"https:\/\/www.peraavm.com\/wp-content\/uploads\/2023\/05\/34534543kedioyuncak.jpg\",\"datePublished\":\"2023-05-20T10:43:16+00:00\",\"dateModified\":\"2023-12-22T14:15:55+00:00\",\"description\":\"Kedi Oyun Topu Fareli Hac\u0131 Yatmaz Kedi Oyunca\u011f\u0131 Evcil Hayvan Oyuncak Hafif bir \u00fcr\u00fcnd\u00fcr. Hac\u0131 yatmaz \u00f6zelli\u011fine sahiptir b\u00f6ylece kediniz her pati att\u0131\u011f\u0131nda sa\u011fa sola sallanacak, asla devrilmeyecek ve s\u00fcrekli hareket halinde olacak. B\u00f6ylece kedinizin daha \u00e7ok dikkatini \u00e7ekerek daha fazla oynamas\u0131n\u0131 sa\u011flayacak. \u00dcR\u00dcN \u00d6L\u00c7\u00dcLER\u0130: -Top \u00e7ap\u0131: 5.4 cm -Toplam y\u00fckseklik: 11 cm\",\"breadcrumb\":{\"@id\":\"https:\/\/www.peraavm.com\/index.php\/urun\/kedi-oyun-topu-fareli-haci-yatmaz-kedi-oyuncagi-evcil-hayvan-oyuncak\/#breadcrumb\"},\"inLanguage\":\"tr\",\"potentialAction\":[{\"@type\":\"ReadAction\",\"target\":[\"https:\/\/www.peraavm.com\/index.php\/urun\/kedi-oyun-topu-fareli-haci-yatmaz-kedi-oyuncagi-evcil-hayvan-oyuncak\/\"]}]},{\"@type\":\"ImageObject\",\"inLanguage\":\"tr\",\"@id\":\"https:\/\/www.peraavm.com\/index.php\/urun\/kedi-oyun-topu-fareli-haci-yatmaz-kedi-oyuncagi-evcil-hayvan-oyuncak\/#primaryimage\",\"url\":\"https:\/\/www.peraavm.com\/wp-content\/uploads\/2023\/05\/34534543kedioyuncak.jpg\",\"contentUrl\":\"https:\/\/www.peraavm.com\/wp-content\/uploads\/2023\/05\/34534543kedioyuncak.jpg\",\"width\":300,\"height\":300},{\"@type\":\"BreadcrumbList\",\"@id\":\"https:\/\/www.peraavm.com\/index.php\/urun\/kedi-oyun-topu-fareli-haci-yatmaz-kedi-oyuncagi-evcil-hayvan-oyuncak\/#breadcrumb\",\"itemListElement\":[{\"@type\":\"ListItem\",\"position\":1,\"name\":\"Anasayfa\",\"item\":\"https:\/\/www.peraavm.com\/\"},{\"@type\":\"ListItem\",\"position\":2,\"name\":\"Magaza\",\"item\":\"https:\/\/www.peraavm.com\/index.php\/magaza\/\"},{\"@type\":\"ListItem\",\"position\":3,\"name\":\"Kedi Oyun Topu Fareli Hac\u0131 Yatmaz Kedi Oyunca\u011f\u0131 Evcil Hayvan Oyuncak\"}]},{\"@type\":\"WebSite\",\"@id\":\"https:\/\/www.peraavm.com\/#website\",\"url\":\"https:\/\/www.peraavm.com\/\",\"name\":\"Pratikmagazam.com\",\"description\":\"\",\"publisher\":{\"@id\":\"https:\/\/www.peraavm.com\/#organization\"},\"potentialAction\":[{\"@type\":\"SearchAction\",\"target\":{\"@type\":\"EntryPoint\",\"urlTemplate\":\"https:\/\/www.peraavm.com\/?s={search_term_string}\"},\"query-input\":{\"@type\":\"PropertyValueSpecification\",\"valueRequired\":true,\"valueName\":\"search_term_string\"}}],\"inLanguage\":\"tr\"},{\"@type\":\"Organization\",\"@id\":\"https:\/\/www.peraavm.com\/#organization\",\"name\":\"pratikmagazam.com\",\"url\":\"https:\/\/www.peraavm.com\/\",\"logo\":{\"@type\":\"ImageObject\",\"inLanguage\":\"tr\",\"@id\":\"https:\/\/www.peraavm.com\/#\/schema\/logo\/image\/\",\"url\":\"https:\/\/www.pratikmagazam.com\/wp-content\/uploads\/2021\/11\/Ekran-Resmi-2021-11-17-08.16.13.png\",\"contentUrl\":\"https:\/\/www.pratikmagazam.com\/wp-content\/uploads\/2021\/11\/Ekran-Resmi-2021-11-17-08.16.13.png\",\"width\":477,\"height\":135,\"caption\":\"pratikmagazam.com\"},\"image\":{\"@id\":\"https:\/\/www.peraavm.com\/#\/schema\/logo\/image\/\"},\"sameAs\":[\"https:\/\/instagram.com\/pratikmagazam?utm_medium=copy_link\"]}]}<\/script>\n<!-- \/ Yoast SEO plugin. -->","yoast_head_json":{"title":"Kedi Oyun Topu Fareli Hac\u0131 Yatmaz Kedi Oyunca\u011f\u0131 Evcil Hayvan Oyuncak |","description":"Kedi Oyun Topu Fareli Hac\u0131 Yatmaz Kedi Oyunca\u011f\u0131 Evcil Hayvan Oyuncak Hafif bir \u00fcr\u00fcnd\u00fcr. Hac\u0131 yatmaz \u00f6zelli\u011fine sahiptir b\u00f6ylece kediniz her pati att\u0131\u011f\u0131nda sa\u011fa sola sallanacak, asla devrilmeyecek ve s\u00fcrekli hareket halinde olacak. B\u00f6ylece kedinizin daha \u00e7ok dikkatini \u00e7ekerek daha fazla oynamas\u0131n\u0131 sa\u011flayacak. \u00dcR\u00dcN \u00d6L\u00c7\u00dcLER\u0130: -Top \u00e7ap\u0131: 5.4 cm -Toplam y\u00fckseklik: 11 cm","robots":{"index":"index","follow":"follow","max-snippet":"max-snippet:-1","max-image-preview":"max-image-preview:large","max-video-preview":"max-video-preview:-1"},"canonical":"https:\/\/www.peraavm.com\/index.php\/urun\/kedi-oyun-topu-fareli-haci-yatmaz-kedi-oyuncagi-evcil-hayvan-oyuncak\/","og_locale":"tr_TR","og_type":"article","og_title":"Kedi Oyun Topu Fareli Hac\u0131 Yatmaz Kedi Oyunca\u011f\u0131 Evcil Hayvan Oyuncak |","og_description":"Kedi Oyun Topu Fareli Hac\u0131 Yatmaz Kedi Oyunca\u011f\u0131 Evcil Hayvan Oyuncak Hafif bir \u00fcr\u00fcnd\u00fcr. Hac\u0131 yatmaz \u00f6zelli\u011fine sahiptir b\u00f6ylece kediniz her pati att\u0131\u011f\u0131nda sa\u011fa sola sallanacak, asla devrilmeyecek ve s\u00fcrekli hareket halinde olacak. B\u00f6ylece kedinizin daha \u00e7ok dikkatini \u00e7ekerek daha fazla oynamas\u0131n\u0131 sa\u011flayacak. \u00dcR\u00dcN \u00d6L\u00c7\u00dcLER\u0130: -Top \u00e7ap\u0131: 5.4 cm -Toplam y\u00fckseklik: 11 cm","og_url":"https:\/\/www.peraavm.com\/index.php\/urun\/kedi-oyun-topu-fareli-haci-yatmaz-kedi-oyuncagi-evcil-hayvan-oyuncak\/","article_modified_time":"2023-12-22T14:15:55+00:00","og_image":[{"width":300,"height":300,"url":"https:\/\/www.peraavm.com\/wp-content\/uploads\/2023\/05\/34534543kedioyuncak.jpg","type":"image\/jpeg"}],"twitter_card":"summary_large_image","twitter_misc":{"Tahmini okuma s\u00fcresi":"1 dakika"},"schema":{"@context":"https:\/\/schema.org","@graph":[{"@type":"WebPage","@id":"https:\/\/www.peraavm.com\/index.php\/urun\/kedi-oyun-topu-fareli-haci-yatmaz-kedi-oyuncagi-evcil-hayvan-oyuncak\/","url":"https:\/\/www.peraavm.com\/index.php\/urun\/kedi-oyun-topu-fareli-haci-yatmaz-kedi-oyuncagi-evcil-hayvan-oyuncak\/","name":"Kedi Oyun Topu Fareli Hac\u0131 Yatmaz Kedi Oyunca\u011f\u0131 Evcil Hayvan Oyuncak |","isPartOf":{"@id":"https:\/\/www.peraavm.com\/#website"},"primaryImageOfPage":{"@id":"https:\/\/www.peraavm.com\/index.php\/urun\/kedi-oyun-topu-fareli-haci-yatmaz-kedi-oyuncagi-evcil-hayvan-oyuncak\/#primaryimage"},"image":{"@id":"https:\/\/www.peraavm.com\/index.php\/urun\/kedi-oyun-topu-fareli-haci-yatmaz-kedi-oyuncagi-evcil-hayvan-oyuncak\/#primaryimage"},"thumbnailUrl":"https:\/\/www.peraavm.com\/wp-content\/uploads\/2023\/05\/34534543kedioyuncak.jpg","datePublished":"2023-05-20T10:43:16+00:00","dateModified":"2023-12-22T14:15:55+00:00","description":"Kedi Oyun Topu Fareli Hac\u0131 Yatmaz Kedi Oyunca\u011f\u0131 Evcil Hayvan Oyuncak Hafif bir \u00fcr\u00fcnd\u00fcr. Hac\u0131 yatmaz \u00f6zelli\u011fine sahiptir b\u00f6ylece kediniz her pati att\u0131\u011f\u0131nda sa\u011fa sola sallanacak, asla devrilmeyecek ve s\u00fcrekli hareket halinde olacak. B\u00f6ylece kedinizin daha \u00e7ok dikkatini \u00e7ekerek daha fazla oynamas\u0131n\u0131 sa\u011flayacak. \u00dcR\u00dcN \u00d6L\u00c7\u00dcLER\u0130: -Top \u00e7ap\u0131: 5.4 cm -Toplam y\u00fckseklik: 11 cm","breadcrumb":{"@id":"https:\/\/www.peraavm.com\/index.php\/urun\/kedi-oyun-topu-fareli-haci-yatmaz-kedi-oyuncagi-evcil-hayvan-oyuncak\/#breadcrumb"},"inLanguage":"tr","potentialAction":[{"@type":"ReadAction","target":["https:\/\/www.peraavm.com\/index.php\/urun\/kedi-oyun-topu-fareli-haci-yatmaz-kedi-oyuncagi-evcil-hayvan-oyuncak\/"]}]},{"@type":"ImageObject","inLanguage":"tr","@id":"https:\/\/www.peraavm.com\/index.php\/urun\/kedi-oyun-topu-fareli-haci-yatmaz-kedi-oyuncagi-evcil-hayvan-oyuncak\/#primaryimage","url":"https:\/\/www.peraavm.com\/wp-content\/uploads\/2023\/05\/34534543kedioyuncak.jpg","contentUrl":"https:\/\/www.peraavm.com\/wp-content\/uploads\/2023\/05\/34534543kedioyuncak.jpg","width":300,"height":300},{"@type":"BreadcrumbList","@id":"https:\/\/www.peraavm.com\/index.php\/urun\/kedi-oyun-topu-fareli-haci-yatmaz-kedi-oyuncagi-evcil-hayvan-oyuncak\/#breadcrumb","itemListElement":[{"@type":"ListItem","position":1,"name":"Anasayfa","item":"https:\/\/www.peraavm.com\/"},{"@type":"ListItem","position":2,"name":"Magaza","item":"https:\/\/www.peraavm.com\/index.php\/magaza\/"},{"@type":"ListItem","position":3,"name":"Kedi Oyun Topu Fareli Hac\u0131 Yatmaz Kedi Oyunca\u011f\u0131 Evcil Hayvan Oyuncak"}]},{"@type":"WebSite","@id":"https:\/\/www.peraavm.com\/#website","url":"https:\/\/www.peraavm.com\/","name":"Pratikmagazam.com","description":"","publisher":{"@id":"https:\/\/www.peraavm.com\/#organization"},"potentialAction":[{"@type":"SearchAction","target":{"@type":"EntryPoint","urlTemplate":"https:\/\/www.peraavm.com\/?s={search_term_string}"},"query-input":{"@type":"PropertyValueSpecification","valueRequired":true,"valueName":"search_term_string"}}],"inLanguage":"tr"},{"@type":"Organization","@id":"https:\/\/www.peraavm.com\/#organization","name":"pratikmagazam.com","url":"https:\/\/www.peraavm.com\/","logo":{"@type":"ImageObject","inLanguage":"tr","@id":"https:\/\/www.peraavm.com\/#\/schema\/logo\/image\/","url":"https:\/\/www.pratikmagazam.com\/wp-content\/uploads\/2021\/11\/Ekran-Resmi-2021-11-17-08.16.13.png","contentUrl":"https:\/\/www.pratikmagazam.com\/wp-content\/uploads\/2021\/11\/Ekran-Resmi-2021-11-17-08.16.13.png","width":477,"height":135,"caption":"pratikmagazam.com"},"image":{"@id":"https:\/\/www.peraavm.com\/#\/schema\/logo\/image\/"},"sameAs":["https:\/\/instagram.com\/pratikmagazam?utm_medium=copy_link"]}]}},"_links":{"self":[{"href":"https:\/\/www.peraavm.com\/index.php\/wp-json\/wp\/v2\/product\/2653","targetHints":{"allow":["GET"]}}],"collection":[{"href":"https:\/\/www.peraavm.com\/index.php\/wp-json\/wp\/v2\/product"}],"about":[{"href":"https:\/\/www.peraavm.com\/index.php\/wp-json\/wp\/v2\/types\/product"}],"replies":[{"embeddable":true,"href":"https:\/\/www.peraavm.com\/index.php\/wp-json\/wp\/v2\/comments?post=2653"}],"wp:featuredmedia":[{"embeddable":true,"href":"https:\/\/www.peraavm.com\/index.php\/wp-json\/wp\/v2\/media\/2654"}],"wp:attachment":[{"href":"https:\/\/www.peraavm.com\/index.php\/wp-json\/wp\/v2\/media?parent=2653"}],"wp:term":[{"taxonomy":"product_brand","embeddable":true,"href":"https:\/\/www.peraavm.com\/index.php\/wp-json\/wp\/v2\/product_brand?post=2653"},{"taxonomy":"product_cat","embeddable":true,"href":"https:\/\/www.peraavm.com\/index.php\/wp-json\/wp\/v2\/product_cat?post=2653"},{"taxonomy":"product_tag","embeddable":true,"href":"https:\/\/www.peraavm.com\/index.php\/wp-json\/wp\/v2\/product_tag?post=2653"}],"curies":[{"name":"wp","href":"https:\/\/api.w.org\/{rel}","templated":true}]}}