{"id":2681,"date":"2023-05-22T10:12:26","date_gmt":"2023-05-22T10:12:26","guid":{"rendered":"https:\/\/www.pratikmagazam.com\/?post_type=product&#038;p=2681"},"modified":"2023-12-22T14:15:56","modified_gmt":"2023-12-22T14:15:56","slug":"zebra-polyester-orme-nitril-eldiven-eldiven-nitril","status":"publish","type":"product","link":"https:\/\/www.peraavm.com\/index.php\/urun\/zebra-polyester-orme-nitril-eldiven-eldiven-nitril\/","title":{"rendered":"Zebra Polyester \u00d6rme Nitril Eldiven ELD\u0130VEN N\u0130TR\u0130L"},"content":{"rendered":"<ul class=\"detail-desc-list\">\n<li>Kullan\u0131m Alanlar\u0131 A\u011fa\u00e7, a\u011fa\u00e7 \u00fcr\u00fcnleri ve mantar \u00fcr\u00fcnleri imalat\u0131, ka\u011f\u0131t ve ka\u011f\u0131t \u00fcr\u00fcnleri imalat\u0131, demir, \u00e7elik ve metal \u00fcr\u00fcnleri imalat\u0131, genel ama\u00e7l\u0131 makinelerin imalat\u0131, u\u00e7ak, demiryolu, otomotiv gibi ula\u015f\u0131m yolu imalatlar\u0131, bina ve bina d\u0131\u015f\u0131 in\u015faat \u00e7al\u0131\u015fmalar\u0131, ula\u015ft\u0131rma ve depolama \u00e7al\u0131\u015fmalar\u0131, cam ve cam \u00fcr\u00fcnleri imalat\u0131 s\u0131ras\u0131nda kavrama gerektiren i\u015flerde ve mekanik \u00e7al\u0131\u015fmalarda kullan\u0131m i\u00e7in uygundur. \u00d6zellikler Bu eldivenler kuru veya \u0131slak ortamlarda nesneleri tutmak i\u00e7in g\u00fc\u00e7l\u00fc kavrama \u00f6zelliklerine sahiptir. Sahip oldu\u011fu naylon astar\u0131 sayesinde daha konforlu, esnek ve dayan\u0131kl\u0131d\u0131r. Mikro k\u00f6p\u00fck nitril kaplamas\u0131 sayesinde de s\u0131v\u0131 ge\u00e7irmezli\u011fi ve \u00fcst\u00fcn \u00f6zellikler sunmaktad\u0131r. Avu\u00e7 k\u0131sm\u0131nda ekstra puan takviyesi bulunmaktad\u0131r. Astar Malzemesi 15-G Naylon Kaplama Malzemesi K\u00f6p\u00fck Nitril<\/li>\n<\/ul>\n","protected":false},"excerpt":{"rendered":"<ul class=\"detail-desc-list\">\n<li>Kullan\u0131m Alanlar\u0131 A\u011fa\u00e7, a\u011fa\u00e7 \u00fcr\u00fcnleri ve mantar \u00fcr\u00fcnleri imalat\u0131, ka\u011f\u0131t ve ka\u011f\u0131t \u00fcr\u00fcnleri imalat\u0131, demir, \u00e7elik ve metal \u00fcr\u00fcnleri imalat\u0131, genel ama\u00e7l\u0131 makinelerin imalat\u0131, u\u00e7ak, demiryolu, otomotiv gibi ula\u015f\u0131m yolu imalatlar\u0131, bina ve bina d\u0131\u015f\u0131 in\u015faat \u00e7al\u0131\u015fmalar\u0131, ula\u015ft\u0131rma ve depolama \u00e7al\u0131\u015fmalar\u0131, cam ve cam \u00fcr\u00fcnleri imalat\u0131 s\u0131ras\u0131nda kavrama gerektiren i\u015flerde ve mekanik \u00e7al\u0131\u015fmalarda kullan\u0131m i\u00e7in uygundur. \u00d6zellikler Bu eldivenler kuru veya \u0131slak ortamlarda nesneleri tutmak i\u00e7in g\u00fc\u00e7l\u00fc kavrama \u00f6zelliklerine sahiptir. Sahip oldu\u011fu naylon astar\u0131 sayesinde daha konforlu, esnek ve dayan\u0131kl\u0131d\u0131r. Mikro k\u00f6p\u00fck nitril kaplamas\u0131 sayesinde de s\u0131v\u0131 ge\u00e7irmezli\u011fi ve \u00fcst\u00fcn \u00f6zellikler sunmaktad\u0131r. Avu\u00e7 k\u0131sm\u0131nda ekstra puan takviyesi bulunmaktad\u0131r. Astar Malzemesi 15-G Naylon Kaplama Malzemesi K\u00f6p\u00fck Nitril<\/li>\n<\/ul>\n","protected":false},"featured_media":2682,"comment_status":"open","ping_status":"closed","template":"","meta":[],"product_brand":[],"product_cat":[37,32,15],"product_tag":[],"class_list":{"0":"post-2681","1":"product","2":"type-product","3":"status-publish","4":"has-post-thumbnail","6":"product_cat-ev-gerecleri","7":"product_cat-hirdavat","8":"product_cat-tum-urunler","10":"first","11":"instock","12":"sale","13":"taxable","14":"shipping-taxable","15":"purchasable","16":"product-type-simple"},"yoast_head":"<!-- This site is optimized with the Yoast SEO plugin v27.2 - https:\/\/yoast.com\/product\/yoast-seo-wordpress\/ -->\n<title>Zebra Polyester \u00d6rme Nitril Eldiven ELD\u0130VEN N\u0130TR\u0130L |<\/title>\n<meta name=\"description\" content=\"Kullan\u0131m Alanlar\u0131 A\u011fa\u00e7, a\u011fa\u00e7 \u00fcr\u00fcnleri ve mantar \u00fcr\u00fcnleri imalat\u0131, ka\u011f\u0131t ve ka\u011f\u0131t \u00fcr\u00fcnleri imalat\u0131, demir, \u00e7elik ve metal \u00fcr\u00fcnleri imalat\u0131, genel ama\u00e7l\u0131 makinelerin imalat\u0131, u\u00e7ak, demiryolu, otomotiv gibi ula\u015f\u0131m yolu imalatlar\u0131, bina ve bina d\u0131\u015f\u0131 in\u015faat \u00e7al\u0131\u015fmalar\u0131, ula\u015ft\u0131rma ve depolama \u00e7al\u0131\u015fmalar\u0131, cam ve cam \u00fcr\u00fcnleri imalat\u0131 s\u0131ras\u0131nda kavrama gerektiren i\u015flerde ve mekanik \u00e7al\u0131\u015fmalarda kullan\u0131m i\u00e7in uygundur. \u00d6zellikler Bu eldivenler kuru veya \u0131slak ortamlarda nesneleri tutmak i\u00e7in g\u00fc\u00e7l\u00fc kavrama \u00f6zelliklerine sahiptir. Sahip oldu\u011fu naylon astar\u0131 sayesinde daha konforlu, esnek ve dayan\u0131kl\u0131d\u0131r. Mikro k\u00f6p\u00fck nitril kaplamas\u0131 sayesinde de s\u0131v\u0131 ge\u00e7irmezli\u011fi ve \u00fcst\u00fcn \u00f6zellikler sunmaktad\u0131r. Avu\u00e7 k\u0131sm\u0131nda ekstra puan takviyesi bulunmaktad\u0131r. Astar Malzemesi 15-G Naylon Kaplama Malzemesi K\u00f6p\u00fck Nitril\" \/>\n<meta name=\"robots\" content=\"index, follow, max-snippet:-1, max-image-preview:large, max-video-preview:-1\" \/>\n<link rel=\"canonical\" href=\"https:\/\/www.peraavm.com\/index.php\/urun\/zebra-polyester-orme-nitril-eldiven-eldiven-nitril\/\" \/>\n<meta property=\"og:locale\" content=\"tr_TR\" \/>\n<meta property=\"og:type\" content=\"article\" \/>\n<meta property=\"og:title\" content=\"Zebra Polyester \u00d6rme Nitril Eldiven ELD\u0130VEN N\u0130TR\u0130L |\" \/>\n<meta property=\"og:description\" content=\"Kullan\u0131m Alanlar\u0131 A\u011fa\u00e7, a\u011fa\u00e7 \u00fcr\u00fcnleri ve mantar \u00fcr\u00fcnleri imalat\u0131, ka\u011f\u0131t ve ka\u011f\u0131t \u00fcr\u00fcnleri imalat\u0131, demir, \u00e7elik ve metal \u00fcr\u00fcnleri imalat\u0131, genel ama\u00e7l\u0131 makinelerin imalat\u0131, u\u00e7ak, demiryolu, otomotiv gibi ula\u015f\u0131m yolu imalatlar\u0131, bina ve bina d\u0131\u015f\u0131 in\u015faat \u00e7al\u0131\u015fmalar\u0131, ula\u015ft\u0131rma ve depolama \u00e7al\u0131\u015fmalar\u0131, cam ve cam \u00fcr\u00fcnleri imalat\u0131 s\u0131ras\u0131nda kavrama gerektiren i\u015flerde ve mekanik \u00e7al\u0131\u015fmalarda kullan\u0131m i\u00e7in uygundur. \u00d6zellikler Bu eldivenler kuru veya \u0131slak ortamlarda nesneleri tutmak i\u00e7in g\u00fc\u00e7l\u00fc kavrama \u00f6zelliklerine sahiptir. Sahip oldu\u011fu naylon astar\u0131 sayesinde daha konforlu, esnek ve dayan\u0131kl\u0131d\u0131r. Mikro k\u00f6p\u00fck nitril kaplamas\u0131 sayesinde de s\u0131v\u0131 ge\u00e7irmezli\u011fi ve \u00fcst\u00fcn \u00f6zellikler sunmaktad\u0131r. Avu\u00e7 k\u0131sm\u0131nda ekstra puan takviyesi bulunmaktad\u0131r. Astar Malzemesi 15-G Naylon Kaplama Malzemesi K\u00f6p\u00fck Nitril\" \/>\n<meta property=\"og:url\" content=\"https:\/\/www.peraavm.com\/index.php\/urun\/zebra-polyester-orme-nitril-eldiven-eldiven-nitril\/\" \/>\n<meta property=\"article:modified_time\" content=\"2023-12-22T14:15:56+00:00\" \/>\n<meta property=\"og:image\" content=\"https:\/\/www.peraavm.com\/wp-content\/uploads\/2023\/05\/234234234234ELDVV.jpg\" \/>\n\t<meta property=\"og:image:width\" content=\"300\" \/>\n\t<meta property=\"og:image:height\" content=\"300\" \/>\n\t<meta property=\"og:image:type\" content=\"image\/jpeg\" \/>\n<meta name=\"twitter:card\" content=\"summary_large_image\" \/>\n<meta name=\"twitter:label1\" content=\"Tahmini okuma s\u00fcresi\" \/>\n\t<meta name=\"twitter:data1\" content=\"1 dakika\" \/>\n<script type=\"application\/ld+json\" class=\"yoast-schema-graph\">{\"@context\":\"https:\/\/schema.org\",\"@graph\":[{\"@type\":\"WebPage\",\"@id\":\"https:\/\/www.peraavm.com\/index.php\/urun\/zebra-polyester-orme-nitril-eldiven-eldiven-nitril\/\",\"url\":\"https:\/\/www.peraavm.com\/index.php\/urun\/zebra-polyester-orme-nitril-eldiven-eldiven-nitril\/\",\"name\":\"Zebra Polyester \u00d6rme Nitril Eldiven ELD\u0130VEN N\u0130TR\u0130L |\",\"isPartOf\":{\"@id\":\"https:\/\/www.peraavm.com\/#website\"},\"primaryImageOfPage\":{\"@id\":\"https:\/\/www.peraavm.com\/index.php\/urun\/zebra-polyester-orme-nitril-eldiven-eldiven-nitril\/#primaryimage\"},\"image\":{\"@id\":\"https:\/\/www.peraavm.com\/index.php\/urun\/zebra-polyester-orme-nitril-eldiven-eldiven-nitril\/#primaryimage\"},\"thumbnailUrl\":\"https:\/\/www.peraavm.com\/wp-content\/uploads\/2023\/05\/234234234234ELDVV.jpg\",\"datePublished\":\"2023-05-22T10:12:26+00:00\",\"dateModified\":\"2023-12-22T14:15:56+00:00\",\"description\":\"Kullan\u0131m Alanlar\u0131 A\u011fa\u00e7, a\u011fa\u00e7 \u00fcr\u00fcnleri ve mantar \u00fcr\u00fcnleri imalat\u0131, ka\u011f\u0131t ve ka\u011f\u0131t \u00fcr\u00fcnleri imalat\u0131, demir, \u00e7elik ve metal \u00fcr\u00fcnleri imalat\u0131, genel ama\u00e7l\u0131 makinelerin imalat\u0131, u\u00e7ak, demiryolu, otomotiv gibi ula\u015f\u0131m yolu imalatlar\u0131, bina ve bina d\u0131\u015f\u0131 in\u015faat \u00e7al\u0131\u015fmalar\u0131, ula\u015ft\u0131rma ve depolama \u00e7al\u0131\u015fmalar\u0131, cam ve cam \u00fcr\u00fcnleri imalat\u0131 s\u0131ras\u0131nda kavrama gerektiren i\u015flerde ve mekanik \u00e7al\u0131\u015fmalarda kullan\u0131m i\u00e7in uygundur. \u00d6zellikler Bu eldivenler kuru veya \u0131slak ortamlarda nesneleri tutmak i\u00e7in g\u00fc\u00e7l\u00fc kavrama \u00f6zelliklerine sahiptir. Sahip oldu\u011fu naylon astar\u0131 sayesinde daha konforlu, esnek ve dayan\u0131kl\u0131d\u0131r. Mikro k\u00f6p\u00fck nitril kaplamas\u0131 sayesinde de s\u0131v\u0131 ge\u00e7irmezli\u011fi ve \u00fcst\u00fcn \u00f6zellikler sunmaktad\u0131r. Avu\u00e7 k\u0131sm\u0131nda ekstra puan takviyesi bulunmaktad\u0131r. Astar Malzemesi 15-G Naylon Kaplama Malzemesi K\u00f6p\u00fck Nitril\",\"breadcrumb\":{\"@id\":\"https:\/\/www.peraavm.com\/index.php\/urun\/zebra-polyester-orme-nitril-eldiven-eldiven-nitril\/#breadcrumb\"},\"inLanguage\":\"tr\",\"potentialAction\":[{\"@type\":\"ReadAction\",\"target\":[\"https:\/\/www.peraavm.com\/index.php\/urun\/zebra-polyester-orme-nitril-eldiven-eldiven-nitril\/\"]}]},{\"@type\":\"ImageObject\",\"inLanguage\":\"tr\",\"@id\":\"https:\/\/www.peraavm.com\/index.php\/urun\/zebra-polyester-orme-nitril-eldiven-eldiven-nitril\/#primaryimage\",\"url\":\"https:\/\/www.peraavm.com\/wp-content\/uploads\/2023\/05\/234234234234ELDVV.jpg\",\"contentUrl\":\"https:\/\/www.peraavm.com\/wp-content\/uploads\/2023\/05\/234234234234ELDVV.jpg\",\"width\":300,\"height\":300},{\"@type\":\"BreadcrumbList\",\"@id\":\"https:\/\/www.peraavm.com\/index.php\/urun\/zebra-polyester-orme-nitril-eldiven-eldiven-nitril\/#breadcrumb\",\"itemListElement\":[{\"@type\":\"ListItem\",\"position\":1,\"name\":\"Anasayfa\",\"item\":\"https:\/\/www.peraavm.com\/\"},{\"@type\":\"ListItem\",\"position\":2,\"name\":\"Magaza\",\"item\":\"https:\/\/www.peraavm.com\/index.php\/magaza\/\"},{\"@type\":\"ListItem\",\"position\":3,\"name\":\"Zebra Polyester \u00d6rme Nitril Eldiven ELD\u0130VEN N\u0130TR\u0130L\"}]},{\"@type\":\"WebSite\",\"@id\":\"https:\/\/www.peraavm.com\/#website\",\"url\":\"https:\/\/www.peraavm.com\/\",\"name\":\"Pratikmagazam.com\",\"description\":\"\",\"publisher\":{\"@id\":\"https:\/\/www.peraavm.com\/#organization\"},\"potentialAction\":[{\"@type\":\"SearchAction\",\"target\":{\"@type\":\"EntryPoint\",\"urlTemplate\":\"https:\/\/www.peraavm.com\/?s={search_term_string}\"},\"query-input\":{\"@type\":\"PropertyValueSpecification\",\"valueRequired\":true,\"valueName\":\"search_term_string\"}}],\"inLanguage\":\"tr\"},{\"@type\":\"Organization\",\"@id\":\"https:\/\/www.peraavm.com\/#organization\",\"name\":\"pratikmagazam.com\",\"url\":\"https:\/\/www.peraavm.com\/\",\"logo\":{\"@type\":\"ImageObject\",\"inLanguage\":\"tr\",\"@id\":\"https:\/\/www.peraavm.com\/#\/schema\/logo\/image\/\",\"url\":\"https:\/\/www.pratikmagazam.com\/wp-content\/uploads\/2021\/11\/Ekran-Resmi-2021-11-17-08.16.13.png\",\"contentUrl\":\"https:\/\/www.pratikmagazam.com\/wp-content\/uploads\/2021\/11\/Ekran-Resmi-2021-11-17-08.16.13.png\",\"width\":477,\"height\":135,\"caption\":\"pratikmagazam.com\"},\"image\":{\"@id\":\"https:\/\/www.peraavm.com\/#\/schema\/logo\/image\/\"},\"sameAs\":[\"https:\/\/instagram.com\/pratikmagazam?utm_medium=copy_link\"]}]}<\/script>\n<!-- \/ Yoast SEO plugin. -->","yoast_head_json":{"title":"Zebra Polyester \u00d6rme Nitril Eldiven ELD\u0130VEN N\u0130TR\u0130L |","description":"Kullan\u0131m Alanlar\u0131 A\u011fa\u00e7, a\u011fa\u00e7 \u00fcr\u00fcnleri ve mantar \u00fcr\u00fcnleri imalat\u0131, ka\u011f\u0131t ve ka\u011f\u0131t \u00fcr\u00fcnleri imalat\u0131, demir, \u00e7elik ve metal \u00fcr\u00fcnleri imalat\u0131, genel ama\u00e7l\u0131 makinelerin imalat\u0131, u\u00e7ak, demiryolu, otomotiv gibi ula\u015f\u0131m yolu imalatlar\u0131, bina ve bina d\u0131\u015f\u0131 in\u015faat \u00e7al\u0131\u015fmalar\u0131, ula\u015ft\u0131rma ve depolama \u00e7al\u0131\u015fmalar\u0131, cam ve cam \u00fcr\u00fcnleri imalat\u0131 s\u0131ras\u0131nda kavrama gerektiren i\u015flerde ve mekanik \u00e7al\u0131\u015fmalarda kullan\u0131m i\u00e7in uygundur. \u00d6zellikler Bu eldivenler kuru veya \u0131slak ortamlarda nesneleri tutmak i\u00e7in g\u00fc\u00e7l\u00fc kavrama \u00f6zelliklerine sahiptir. Sahip oldu\u011fu naylon astar\u0131 sayesinde daha konforlu, esnek ve dayan\u0131kl\u0131d\u0131r. Mikro k\u00f6p\u00fck nitril kaplamas\u0131 sayesinde de s\u0131v\u0131 ge\u00e7irmezli\u011fi ve \u00fcst\u00fcn \u00f6zellikler sunmaktad\u0131r. Avu\u00e7 k\u0131sm\u0131nda ekstra puan takviyesi bulunmaktad\u0131r. Astar Malzemesi 15-G Naylon Kaplama Malzemesi K\u00f6p\u00fck Nitril","robots":{"index":"index","follow":"follow","max-snippet":"max-snippet:-1","max-image-preview":"max-image-preview:large","max-video-preview":"max-video-preview:-1"},"canonical":"https:\/\/www.peraavm.com\/index.php\/urun\/zebra-polyester-orme-nitril-eldiven-eldiven-nitril\/","og_locale":"tr_TR","og_type":"article","og_title":"Zebra Polyester \u00d6rme Nitril Eldiven ELD\u0130VEN N\u0130TR\u0130L |","og_description":"Kullan\u0131m Alanlar\u0131 A\u011fa\u00e7, a\u011fa\u00e7 \u00fcr\u00fcnleri ve mantar \u00fcr\u00fcnleri imalat\u0131, ka\u011f\u0131t ve ka\u011f\u0131t \u00fcr\u00fcnleri imalat\u0131, demir, \u00e7elik ve metal \u00fcr\u00fcnleri imalat\u0131, genel ama\u00e7l\u0131 makinelerin imalat\u0131, u\u00e7ak, demiryolu, otomotiv gibi ula\u015f\u0131m yolu imalatlar\u0131, bina ve bina d\u0131\u015f\u0131 in\u015faat \u00e7al\u0131\u015fmalar\u0131, ula\u015ft\u0131rma ve depolama \u00e7al\u0131\u015fmalar\u0131, cam ve cam \u00fcr\u00fcnleri imalat\u0131 s\u0131ras\u0131nda kavrama gerektiren i\u015flerde ve mekanik \u00e7al\u0131\u015fmalarda kullan\u0131m i\u00e7in uygundur. \u00d6zellikler Bu eldivenler kuru veya \u0131slak ortamlarda nesneleri tutmak i\u00e7in g\u00fc\u00e7l\u00fc kavrama \u00f6zelliklerine sahiptir. Sahip oldu\u011fu naylon astar\u0131 sayesinde daha konforlu, esnek ve dayan\u0131kl\u0131d\u0131r. Mikro k\u00f6p\u00fck nitril kaplamas\u0131 sayesinde de s\u0131v\u0131 ge\u00e7irmezli\u011fi ve \u00fcst\u00fcn \u00f6zellikler sunmaktad\u0131r. Avu\u00e7 k\u0131sm\u0131nda ekstra puan takviyesi bulunmaktad\u0131r. Astar Malzemesi 15-G Naylon Kaplama Malzemesi K\u00f6p\u00fck Nitril","og_url":"https:\/\/www.peraavm.com\/index.php\/urun\/zebra-polyester-orme-nitril-eldiven-eldiven-nitril\/","article_modified_time":"2023-12-22T14:15:56+00:00","og_image":[{"width":300,"height":300,"url":"https:\/\/www.peraavm.com\/wp-content\/uploads\/2023\/05\/234234234234ELDVV.jpg","type":"image\/jpeg"}],"twitter_card":"summary_large_image","twitter_misc":{"Tahmini okuma s\u00fcresi":"1 dakika"},"schema":{"@context":"https:\/\/schema.org","@graph":[{"@type":"WebPage","@id":"https:\/\/www.peraavm.com\/index.php\/urun\/zebra-polyester-orme-nitril-eldiven-eldiven-nitril\/","url":"https:\/\/www.peraavm.com\/index.php\/urun\/zebra-polyester-orme-nitril-eldiven-eldiven-nitril\/","name":"Zebra Polyester \u00d6rme Nitril Eldiven ELD\u0130VEN N\u0130TR\u0130L |","isPartOf":{"@id":"https:\/\/www.peraavm.com\/#website"},"primaryImageOfPage":{"@id":"https:\/\/www.peraavm.com\/index.php\/urun\/zebra-polyester-orme-nitril-eldiven-eldiven-nitril\/#primaryimage"},"image":{"@id":"https:\/\/www.peraavm.com\/index.php\/urun\/zebra-polyester-orme-nitril-eldiven-eldiven-nitril\/#primaryimage"},"thumbnailUrl":"https:\/\/www.peraavm.com\/wp-content\/uploads\/2023\/05\/234234234234ELDVV.jpg","datePublished":"2023-05-22T10:12:26+00:00","dateModified":"2023-12-22T14:15:56+00:00","description":"Kullan\u0131m Alanlar\u0131 A\u011fa\u00e7, a\u011fa\u00e7 \u00fcr\u00fcnleri ve mantar \u00fcr\u00fcnleri imalat\u0131, ka\u011f\u0131t ve ka\u011f\u0131t \u00fcr\u00fcnleri imalat\u0131, demir, \u00e7elik ve metal \u00fcr\u00fcnleri imalat\u0131, genel ama\u00e7l\u0131 makinelerin imalat\u0131, u\u00e7ak, demiryolu, otomotiv gibi ula\u015f\u0131m yolu imalatlar\u0131, bina ve bina d\u0131\u015f\u0131 in\u015faat \u00e7al\u0131\u015fmalar\u0131, ula\u015ft\u0131rma ve depolama \u00e7al\u0131\u015fmalar\u0131, cam ve cam \u00fcr\u00fcnleri imalat\u0131 s\u0131ras\u0131nda kavrama gerektiren i\u015flerde ve mekanik \u00e7al\u0131\u015fmalarda kullan\u0131m i\u00e7in uygundur. \u00d6zellikler Bu eldivenler kuru veya \u0131slak ortamlarda nesneleri tutmak i\u00e7in g\u00fc\u00e7l\u00fc kavrama \u00f6zelliklerine sahiptir. Sahip oldu\u011fu naylon astar\u0131 sayesinde daha konforlu, esnek ve dayan\u0131kl\u0131d\u0131r. Mikro k\u00f6p\u00fck nitril kaplamas\u0131 sayesinde de s\u0131v\u0131 ge\u00e7irmezli\u011fi ve \u00fcst\u00fcn \u00f6zellikler sunmaktad\u0131r. Avu\u00e7 k\u0131sm\u0131nda ekstra puan takviyesi bulunmaktad\u0131r. Astar Malzemesi 15-G Naylon Kaplama Malzemesi K\u00f6p\u00fck Nitril","breadcrumb":{"@id":"https:\/\/www.peraavm.com\/index.php\/urun\/zebra-polyester-orme-nitril-eldiven-eldiven-nitril\/#breadcrumb"},"inLanguage":"tr","potentialAction":[{"@type":"ReadAction","target":["https:\/\/www.peraavm.com\/index.php\/urun\/zebra-polyester-orme-nitril-eldiven-eldiven-nitril\/"]}]},{"@type":"ImageObject","inLanguage":"tr","@id":"https:\/\/www.peraavm.com\/index.php\/urun\/zebra-polyester-orme-nitril-eldiven-eldiven-nitril\/#primaryimage","url":"https:\/\/www.peraavm.com\/wp-content\/uploads\/2023\/05\/234234234234ELDVV.jpg","contentUrl":"https:\/\/www.peraavm.com\/wp-content\/uploads\/2023\/05\/234234234234ELDVV.jpg","width":300,"height":300},{"@type":"BreadcrumbList","@id":"https:\/\/www.peraavm.com\/index.php\/urun\/zebra-polyester-orme-nitril-eldiven-eldiven-nitril\/#breadcrumb","itemListElement":[{"@type":"ListItem","position":1,"name":"Anasayfa","item":"https:\/\/www.peraavm.com\/"},{"@type":"ListItem","position":2,"name":"Magaza","item":"https:\/\/www.peraavm.com\/index.php\/magaza\/"},{"@type":"ListItem","position":3,"name":"Zebra Polyester \u00d6rme Nitril Eldiven ELD\u0130VEN N\u0130TR\u0130L"}]},{"@type":"WebSite","@id":"https:\/\/www.peraavm.com\/#website","url":"https:\/\/www.peraavm.com\/","name":"Pratikmagazam.com","description":"","publisher":{"@id":"https:\/\/www.peraavm.com\/#organization"},"potentialAction":[{"@type":"SearchAction","target":{"@type":"EntryPoint","urlTemplate":"https:\/\/www.peraavm.com\/?s={search_term_string}"},"query-input":{"@type":"PropertyValueSpecification","valueRequired":true,"valueName":"search_term_string"}}],"inLanguage":"tr"},{"@type":"Organization","@id":"https:\/\/www.peraavm.com\/#organization","name":"pratikmagazam.com","url":"https:\/\/www.peraavm.com\/","logo":{"@type":"ImageObject","inLanguage":"tr","@id":"https:\/\/www.peraavm.com\/#\/schema\/logo\/image\/","url":"https:\/\/www.pratikmagazam.com\/wp-content\/uploads\/2021\/11\/Ekran-Resmi-2021-11-17-08.16.13.png","contentUrl":"https:\/\/www.pratikmagazam.com\/wp-content\/uploads\/2021\/11\/Ekran-Resmi-2021-11-17-08.16.13.png","width":477,"height":135,"caption":"pratikmagazam.com"},"image":{"@id":"https:\/\/www.peraavm.com\/#\/schema\/logo\/image\/"},"sameAs":["https:\/\/instagram.com\/pratikmagazam?utm_medium=copy_link"]}]}},"_links":{"self":[{"href":"https:\/\/www.peraavm.com\/index.php\/wp-json\/wp\/v2\/product\/2681","targetHints":{"allow":["GET"]}}],"collection":[{"href":"https:\/\/www.peraavm.com\/index.php\/wp-json\/wp\/v2\/product"}],"about":[{"href":"https:\/\/www.peraavm.com\/index.php\/wp-json\/wp\/v2\/types\/product"}],"replies":[{"embeddable":true,"href":"https:\/\/www.peraavm.com\/index.php\/wp-json\/wp\/v2\/comments?post=2681"}],"wp:featuredmedia":[{"embeddable":true,"href":"https:\/\/www.peraavm.com\/index.php\/wp-json\/wp\/v2\/media\/2682"}],"wp:attachment":[{"href":"https:\/\/www.peraavm.com\/index.php\/wp-json\/wp\/v2\/media?parent=2681"}],"wp:term":[{"taxonomy":"product_brand","embeddable":true,"href":"https:\/\/www.peraavm.com\/index.php\/wp-json\/wp\/v2\/product_brand?post=2681"},{"taxonomy":"product_cat","embeddable":true,"href":"https:\/\/www.peraavm.com\/index.php\/wp-json\/wp\/v2\/product_cat?post=2681"},{"taxonomy":"product_tag","embeddable":true,"href":"https:\/\/www.peraavm.com\/index.php\/wp-json\/wp\/v2\/product_tag?post=2681"}],"curies":[{"name":"wp","href":"https:\/\/api.w.org\/{rel}","templated":true}]}}