{"id":2690,"date":"2023-05-22T10:34:08","date_gmt":"2023-05-22T10:34:08","guid":{"rendered":"https:\/\/www.pratikmagazam.com\/?post_type=product&#038;p=2690"},"modified":"2023-12-22T14:15:58","modified_gmt":"2023-12-22T14:15:58","slug":"profesyonel-dar-maket-bicagi-13-cm-uzunluk-2-cm-genislik","status":"publish","type":"product","link":"https:\/\/www.peraavm.com\/index.php\/urun\/profesyonel-dar-maket-bicagi-13-cm-uzunluk-2-cm-genislik\/","title":{"rendered":"Profesyonel Dar Maket B\u0131\u00e7a\u011f\u0131 13 Cm Uzunluk 2 Cm Geni\u015flik"},"content":{"rendered":"<ul class=\"detail-desc-list\">\n<li class=\"detail-desc-item\">Metal maket b\u0131\u00e7a\u011f\u0131 Metal g\u00f6vdeli, metal u\u00e7lu ve darbeye kar\u015f\u0131 dayan\u0131kl\u0131, uzun \u00f6m\u00fcrl\u00fc maket b\u0131\u00e7a\u011f\u0131. Evinizde, i\u015fyerinizde, \u00fcretimde rahatl\u0131kla kullanabilece\u011finiz metal maket b\u0131\u00e7a\u011f\u0131d\u0131r. Fal\u00e7ata yada maket b\u0131\u00e7a\u011f\u0131 metal veya plastik bir koruma s\u00fcrg\u00fcs\u00fc i\u00e7erisinde ileri geri hareket eden kilitleme mekanizmas\u0131 bulunan ve sabitlenen tek taraf\u0131 keskin b\u0131\u00e7akt\u0131r eskiden imalathanelerinde g\u00f6r\u00fclen keskin metal deri ve k\u00f6sele kesiminde kullan\u0131lmaktad\u0131r. B\u0131\u00e7a\u011f\u0131n etraf\u0131 tamamen kapal\u0131 oldu\u011fu i\u00e7in di\u011fer maket b\u0131\u00e7aklar\u0131na g\u00f6re daha g\u00fcvenlidir. Ancak b\u0131\u00e7a\u011f\u0131 gere\u011finden fazla d\u0131\u015far\u0131 \u00e7\u0131karmak istenmeyen kazalara sebep olabilir.<\/li>\n<\/ul>\n","protected":false},"excerpt":{"rendered":"<ul>\n<li>Metal maket b\u0131\u00e7a\u011f\u0131 Metal g\u00f6vdeli, metal u\u00e7lu ve darbeye kar\u015f\u0131 dayan\u0131kl\u0131, uzun \u00f6m\u00fcrl\u00fc maket b\u0131\u00e7a\u011f\u0131. Evinizde, i\u015fyerinizde, \u00fcretimde rahatl\u0131kla kullanabilece\u011finiz metal maket b\u0131\u00e7a\u011f\u0131d\u0131r. Fal\u00e7ata yada maket b\u0131\u00e7a\u011f\u0131 metal veya plastik bir koruma s\u00fcrg\u00fcs\u00fc i\u00e7erisinde ileri geri hareket eden kilitleme mekanizmas\u0131 bulunan ve sabitlenen tek taraf\u0131 keskin b\u0131\u00e7akt\u0131r eskiden imalathanelerinde g\u00f6r\u00fclen keskin metal deri ve k\u00f6sele kesiminde kullan\u0131lmaktad\u0131r. B\u0131\u00e7a\u011f\u0131n etraf\u0131 tamamen kapal\u0131 oldu\u011fu i\u00e7in di\u011fer maket b\u0131\u00e7aklar\u0131na g\u00f6re daha g\u00fcvenlidir. Ancak b\u0131\u00e7a\u011f\u0131 gere\u011finden fazla d\u0131\u015far\u0131 \u00e7\u0131karmak istenmeyen kazalara sebep olabilir.<\/li>\n<\/ul>\n","protected":false},"featured_media":2691,"comment_status":"open","ping_status":"closed","template":"","meta":[],"product_brand":[],"product_cat":[37,32,15],"product_tag":[],"class_list":{"0":"post-2690","1":"product","2":"type-product","3":"status-publish","4":"has-post-thumbnail","6":"product_cat-ev-gerecleri","7":"product_cat-hirdavat","8":"product_cat-tum-urunler","10":"first","11":"instock","12":"sale","13":"taxable","14":"shipping-taxable","15":"purchasable","16":"product-type-simple"},"yoast_head":"<!-- This site is optimized with the Yoast SEO plugin v27.2 - https:\/\/yoast.com\/product\/yoast-seo-wordpress\/ -->\n<title>Profesyonel Dar Maket B\u0131\u00e7a\u011f\u0131 13 Cm Uzunluk 2 Cm Geni\u015flik |<\/title>\n<meta name=\"description\" content=\"Metal maket b\u0131\u00e7a\u011f\u0131 Metal g\u00f6vdeli, metal u\u00e7lu ve darbeye kar\u015f\u0131 dayan\u0131kl\u0131, uzun \u00f6m\u00fcrl\u00fc maket b\u0131\u00e7a\u011f\u0131.\" \/>\n<meta name=\"robots\" content=\"index, follow, max-snippet:-1, max-image-preview:large, max-video-preview:-1\" \/>\n<link rel=\"canonical\" href=\"https:\/\/www.peraavm.com\/index.php\/urun\/profesyonel-dar-maket-bicagi-13-cm-uzunluk-2-cm-genislik\/\" \/>\n<meta property=\"og:locale\" content=\"tr_TR\" \/>\n<meta property=\"og:type\" content=\"article\" \/>\n<meta property=\"og:title\" content=\"Profesyonel Dar Maket B\u0131\u00e7a\u011f\u0131 13 Cm Uzunluk 2 Cm Geni\u015flik |\" \/>\n<meta property=\"og:description\" content=\"Metal maket b\u0131\u00e7a\u011f\u0131 Metal g\u00f6vdeli, metal u\u00e7lu ve darbeye kar\u015f\u0131 dayan\u0131kl\u0131, uzun \u00f6m\u00fcrl\u00fc maket b\u0131\u00e7a\u011f\u0131.\" \/>\n<meta property=\"og:url\" content=\"https:\/\/www.peraavm.com\/index.php\/urun\/profesyonel-dar-maket-bicagi-13-cm-uzunluk-2-cm-genislik\/\" \/>\n<meta property=\"article:modified_time\" content=\"2023-12-22T14:15:58+00:00\" \/>\n<meta property=\"og:image\" content=\"https:\/\/www.peraavm.com\/wp-content\/uploads\/2023\/05\/2342342343432423432.jpg\" \/>\n\t<meta property=\"og:image:width\" content=\"300\" \/>\n\t<meta property=\"og:image:height\" content=\"300\" \/>\n\t<meta property=\"og:image:type\" content=\"image\/jpeg\" \/>\n<meta name=\"twitter:card\" content=\"summary_large_image\" \/>\n<meta name=\"twitter:label1\" content=\"Tahmini okuma s\u00fcresi\" \/>\n\t<meta name=\"twitter:data1\" content=\"1 dakika\" \/>\n<script type=\"application\/ld+json\" class=\"yoast-schema-graph\">{\"@context\":\"https:\/\/schema.org\",\"@graph\":[{\"@type\":\"WebPage\",\"@id\":\"https:\/\/www.peraavm.com\/index.php\/urun\/profesyonel-dar-maket-bicagi-13-cm-uzunluk-2-cm-genislik\/\",\"url\":\"https:\/\/www.peraavm.com\/index.php\/urun\/profesyonel-dar-maket-bicagi-13-cm-uzunluk-2-cm-genislik\/\",\"name\":\"Profesyonel Dar Maket B\u0131\u00e7a\u011f\u0131 13 Cm Uzunluk 2 Cm Geni\u015flik |\",\"isPartOf\":{\"@id\":\"https:\/\/www.peraavm.com\/#website\"},\"primaryImageOfPage\":{\"@id\":\"https:\/\/www.peraavm.com\/index.php\/urun\/profesyonel-dar-maket-bicagi-13-cm-uzunluk-2-cm-genislik\/#primaryimage\"},\"image\":{\"@id\":\"https:\/\/www.peraavm.com\/index.php\/urun\/profesyonel-dar-maket-bicagi-13-cm-uzunluk-2-cm-genislik\/#primaryimage\"},\"thumbnailUrl\":\"https:\/\/www.peraavm.com\/wp-content\/uploads\/2023\/05\/2342342343432423432.jpg\",\"datePublished\":\"2023-05-22T10:34:08+00:00\",\"dateModified\":\"2023-12-22T14:15:58+00:00\",\"description\":\"Metal maket b\u0131\u00e7a\u011f\u0131 Metal g\u00f6vdeli, metal u\u00e7lu ve darbeye kar\u015f\u0131 dayan\u0131kl\u0131, uzun \u00f6m\u00fcrl\u00fc maket b\u0131\u00e7a\u011f\u0131.\",\"breadcrumb\":{\"@id\":\"https:\/\/www.peraavm.com\/index.php\/urun\/profesyonel-dar-maket-bicagi-13-cm-uzunluk-2-cm-genislik\/#breadcrumb\"},\"inLanguage\":\"tr\",\"potentialAction\":[{\"@type\":\"ReadAction\",\"target\":[\"https:\/\/www.peraavm.com\/index.php\/urun\/profesyonel-dar-maket-bicagi-13-cm-uzunluk-2-cm-genislik\/\"]}]},{\"@type\":\"ImageObject\",\"inLanguage\":\"tr\",\"@id\":\"https:\/\/www.peraavm.com\/index.php\/urun\/profesyonel-dar-maket-bicagi-13-cm-uzunluk-2-cm-genislik\/#primaryimage\",\"url\":\"https:\/\/www.peraavm.com\/wp-content\/uploads\/2023\/05\/2342342343432423432.jpg\",\"contentUrl\":\"https:\/\/www.peraavm.com\/wp-content\/uploads\/2023\/05\/2342342343432423432.jpg\",\"width\":300,\"height\":300},{\"@type\":\"BreadcrumbList\",\"@id\":\"https:\/\/www.peraavm.com\/index.php\/urun\/profesyonel-dar-maket-bicagi-13-cm-uzunluk-2-cm-genislik\/#breadcrumb\",\"itemListElement\":[{\"@type\":\"ListItem\",\"position\":1,\"name\":\"Anasayfa\",\"item\":\"https:\/\/www.peraavm.com\/\"},{\"@type\":\"ListItem\",\"position\":2,\"name\":\"Magaza\",\"item\":\"https:\/\/www.peraavm.com\/index.php\/magaza\/\"},{\"@type\":\"ListItem\",\"position\":3,\"name\":\"Profesyonel Dar Maket B\u0131\u00e7a\u011f\u0131 13 Cm Uzunluk 2 Cm Geni\u015flik\"}]},{\"@type\":\"WebSite\",\"@id\":\"https:\/\/www.peraavm.com\/#website\",\"url\":\"https:\/\/www.peraavm.com\/\",\"name\":\"Pratikmagazam.com\",\"description\":\"\",\"publisher\":{\"@id\":\"https:\/\/www.peraavm.com\/#organization\"},\"potentialAction\":[{\"@type\":\"SearchAction\",\"target\":{\"@type\":\"EntryPoint\",\"urlTemplate\":\"https:\/\/www.peraavm.com\/?s={search_term_string}\"},\"query-input\":{\"@type\":\"PropertyValueSpecification\",\"valueRequired\":true,\"valueName\":\"search_term_string\"}}],\"inLanguage\":\"tr\"},{\"@type\":\"Organization\",\"@id\":\"https:\/\/www.peraavm.com\/#organization\",\"name\":\"pratikmagazam.com\",\"url\":\"https:\/\/www.peraavm.com\/\",\"logo\":{\"@type\":\"ImageObject\",\"inLanguage\":\"tr\",\"@id\":\"https:\/\/www.peraavm.com\/#\/schema\/logo\/image\/\",\"url\":\"https:\/\/www.pratikmagazam.com\/wp-content\/uploads\/2021\/11\/Ekran-Resmi-2021-11-17-08.16.13.png\",\"contentUrl\":\"https:\/\/www.pratikmagazam.com\/wp-content\/uploads\/2021\/11\/Ekran-Resmi-2021-11-17-08.16.13.png\",\"width\":477,\"height\":135,\"caption\":\"pratikmagazam.com\"},\"image\":{\"@id\":\"https:\/\/www.peraavm.com\/#\/schema\/logo\/image\/\"},\"sameAs\":[\"https:\/\/instagram.com\/pratikmagazam?utm_medium=copy_link\"]}]}<\/script>\n<!-- \/ Yoast SEO plugin. -->","yoast_head_json":{"title":"Profesyonel Dar Maket B\u0131\u00e7a\u011f\u0131 13 Cm Uzunluk 2 Cm Geni\u015flik |","description":"Metal maket b\u0131\u00e7a\u011f\u0131 Metal g\u00f6vdeli, metal u\u00e7lu ve darbeye kar\u015f\u0131 dayan\u0131kl\u0131, uzun \u00f6m\u00fcrl\u00fc maket b\u0131\u00e7a\u011f\u0131.","robots":{"index":"index","follow":"follow","max-snippet":"max-snippet:-1","max-image-preview":"max-image-preview:large","max-video-preview":"max-video-preview:-1"},"canonical":"https:\/\/www.peraavm.com\/index.php\/urun\/profesyonel-dar-maket-bicagi-13-cm-uzunluk-2-cm-genislik\/","og_locale":"tr_TR","og_type":"article","og_title":"Profesyonel Dar Maket B\u0131\u00e7a\u011f\u0131 13 Cm Uzunluk 2 Cm Geni\u015flik |","og_description":"Metal maket b\u0131\u00e7a\u011f\u0131 Metal g\u00f6vdeli, metal u\u00e7lu ve darbeye kar\u015f\u0131 dayan\u0131kl\u0131, uzun \u00f6m\u00fcrl\u00fc maket b\u0131\u00e7a\u011f\u0131.","og_url":"https:\/\/www.peraavm.com\/index.php\/urun\/profesyonel-dar-maket-bicagi-13-cm-uzunluk-2-cm-genislik\/","article_modified_time":"2023-12-22T14:15:58+00:00","og_image":[{"width":300,"height":300,"url":"https:\/\/www.peraavm.com\/wp-content\/uploads\/2023\/05\/2342342343432423432.jpg","type":"image\/jpeg"}],"twitter_card":"summary_large_image","twitter_misc":{"Tahmini okuma s\u00fcresi":"1 dakika"},"schema":{"@context":"https:\/\/schema.org","@graph":[{"@type":"WebPage","@id":"https:\/\/www.peraavm.com\/index.php\/urun\/profesyonel-dar-maket-bicagi-13-cm-uzunluk-2-cm-genislik\/","url":"https:\/\/www.peraavm.com\/index.php\/urun\/profesyonel-dar-maket-bicagi-13-cm-uzunluk-2-cm-genislik\/","name":"Profesyonel Dar Maket B\u0131\u00e7a\u011f\u0131 13 Cm Uzunluk 2 Cm Geni\u015flik |","isPartOf":{"@id":"https:\/\/www.peraavm.com\/#website"},"primaryImageOfPage":{"@id":"https:\/\/www.peraavm.com\/index.php\/urun\/profesyonel-dar-maket-bicagi-13-cm-uzunluk-2-cm-genislik\/#primaryimage"},"image":{"@id":"https:\/\/www.peraavm.com\/index.php\/urun\/profesyonel-dar-maket-bicagi-13-cm-uzunluk-2-cm-genislik\/#primaryimage"},"thumbnailUrl":"https:\/\/www.peraavm.com\/wp-content\/uploads\/2023\/05\/2342342343432423432.jpg","datePublished":"2023-05-22T10:34:08+00:00","dateModified":"2023-12-22T14:15:58+00:00","description":"Metal maket b\u0131\u00e7a\u011f\u0131 Metal g\u00f6vdeli, metal u\u00e7lu ve darbeye kar\u015f\u0131 dayan\u0131kl\u0131, uzun \u00f6m\u00fcrl\u00fc maket b\u0131\u00e7a\u011f\u0131.","breadcrumb":{"@id":"https:\/\/www.peraavm.com\/index.php\/urun\/profesyonel-dar-maket-bicagi-13-cm-uzunluk-2-cm-genislik\/#breadcrumb"},"inLanguage":"tr","potentialAction":[{"@type":"ReadAction","target":["https:\/\/www.peraavm.com\/index.php\/urun\/profesyonel-dar-maket-bicagi-13-cm-uzunluk-2-cm-genislik\/"]}]},{"@type":"ImageObject","inLanguage":"tr","@id":"https:\/\/www.peraavm.com\/index.php\/urun\/profesyonel-dar-maket-bicagi-13-cm-uzunluk-2-cm-genislik\/#primaryimage","url":"https:\/\/www.peraavm.com\/wp-content\/uploads\/2023\/05\/2342342343432423432.jpg","contentUrl":"https:\/\/www.peraavm.com\/wp-content\/uploads\/2023\/05\/2342342343432423432.jpg","width":300,"height":300},{"@type":"BreadcrumbList","@id":"https:\/\/www.peraavm.com\/index.php\/urun\/profesyonel-dar-maket-bicagi-13-cm-uzunluk-2-cm-genislik\/#breadcrumb","itemListElement":[{"@type":"ListItem","position":1,"name":"Anasayfa","item":"https:\/\/www.peraavm.com\/"},{"@type":"ListItem","position":2,"name":"Magaza","item":"https:\/\/www.peraavm.com\/index.php\/magaza\/"},{"@type":"ListItem","position":3,"name":"Profesyonel Dar Maket B\u0131\u00e7a\u011f\u0131 13 Cm Uzunluk 2 Cm Geni\u015flik"}]},{"@type":"WebSite","@id":"https:\/\/www.peraavm.com\/#website","url":"https:\/\/www.peraavm.com\/","name":"Pratikmagazam.com","description":"","publisher":{"@id":"https:\/\/www.peraavm.com\/#organization"},"potentialAction":[{"@type":"SearchAction","target":{"@type":"EntryPoint","urlTemplate":"https:\/\/www.peraavm.com\/?s={search_term_string}"},"query-input":{"@type":"PropertyValueSpecification","valueRequired":true,"valueName":"search_term_string"}}],"inLanguage":"tr"},{"@type":"Organization","@id":"https:\/\/www.peraavm.com\/#organization","name":"pratikmagazam.com","url":"https:\/\/www.peraavm.com\/","logo":{"@type":"ImageObject","inLanguage":"tr","@id":"https:\/\/www.peraavm.com\/#\/schema\/logo\/image\/","url":"https:\/\/www.pratikmagazam.com\/wp-content\/uploads\/2021\/11\/Ekran-Resmi-2021-11-17-08.16.13.png","contentUrl":"https:\/\/www.pratikmagazam.com\/wp-content\/uploads\/2021\/11\/Ekran-Resmi-2021-11-17-08.16.13.png","width":477,"height":135,"caption":"pratikmagazam.com"},"image":{"@id":"https:\/\/www.peraavm.com\/#\/schema\/logo\/image\/"},"sameAs":["https:\/\/instagram.com\/pratikmagazam?utm_medium=copy_link"]}]}},"_links":{"self":[{"href":"https:\/\/www.peraavm.com\/index.php\/wp-json\/wp\/v2\/product\/2690","targetHints":{"allow":["GET"]}}],"collection":[{"href":"https:\/\/www.peraavm.com\/index.php\/wp-json\/wp\/v2\/product"}],"about":[{"href":"https:\/\/www.peraavm.com\/index.php\/wp-json\/wp\/v2\/types\/product"}],"replies":[{"embeddable":true,"href":"https:\/\/www.peraavm.com\/index.php\/wp-json\/wp\/v2\/comments?post=2690"}],"wp:featuredmedia":[{"embeddable":true,"href":"https:\/\/www.peraavm.com\/index.php\/wp-json\/wp\/v2\/media\/2691"}],"wp:attachment":[{"href":"https:\/\/www.peraavm.com\/index.php\/wp-json\/wp\/v2\/media?parent=2690"}],"wp:term":[{"taxonomy":"product_brand","embeddable":true,"href":"https:\/\/www.peraavm.com\/index.php\/wp-json\/wp\/v2\/product_brand?post=2690"},{"taxonomy":"product_cat","embeddable":true,"href":"https:\/\/www.peraavm.com\/index.php\/wp-json\/wp\/v2\/product_cat?post=2690"},{"taxonomy":"product_tag","embeddable":true,"href":"https:\/\/www.peraavm.com\/index.php\/wp-json\/wp\/v2\/product_tag?post=2690"}],"curies":[{"name":"wp","href":"https:\/\/api.w.org\/{rel}","templated":true}]}}