{"id":2715,"date":"2023-05-23T09:30:44","date_gmt":"2023-05-23T09:30:44","guid":{"rendered":"https:\/\/www.pratikmagazam.com\/?post_type=product&#038;p=2715"},"modified":"2023-12-22T14:15:58","modified_gmt":"2023-12-22T14:15:58","slug":"koruklu-frozen-pipet-100-lu","status":"publish","type":"product","link":"https:\/\/www.peraavm.com\/index.php\/urun\/koruklu-frozen-pipet-100-lu\/","title":{"rendered":"K\u00f6r\u00fckl\u00fc Frozen Pipet 100 L\u00fc"},"content":{"rendered":"<ul class=\"detail-desc-list\">\n<li>K\u00f6r\u00fckl\u00fc pipet. Ayn\u0131 pakette farkl\u0131 renkler mevcuttur. \u0130\u00e7eceklerinize estetik ve g\u00fczel bir g\u00f6r\u00fcn\u00fcm sa\u011flar. Do\u011fum g\u00fcn\u00fc , Parti , \u00d6zel g\u00fcn vb. g\u00fcnlerde ho\u015f bir sunum sa\u011flaman\u0131za yard\u0131mc\u0131 olur.<\/li>\n<\/ul>\n","protected":false},"excerpt":{"rendered":"<ul class=\"detail-desc-list\">\n<li>k\u00f6r\u00fckl\u00fc pipet. Ayn\u0131 pakette farkl\u0131 renkler mevcuttur. \u0130\u00e7eceklerinize estetik ve g\u00fczel bir g\u00f6r\u00fcn\u00fcm sa\u011flar. Do\u011fum g\u00fcn\u00fc , Parti , \u00d6zel g\u00fcn vb. g\u00fcnlerde ho\u015f bir sunum sa\u011flaman\u0131za yard\u0131mc\u0131 olur.<\/li>\n<\/ul>\n<div id=\"gtx-trans\" style=\"position: absolute; left: -101px; top: -3px;\">\n<div class=\"gtx-trans-icon\"><\/div>\n<\/div>\n","protected":false},"featured_media":2716,"comment_status":"open","ping_status":"closed","template":"","meta":[],"product_brand":[],"product_cat":[37,29,15],"product_tag":[],"class_list":{"0":"post-2715","1":"product","2":"type-product","3":"status-publish","4":"has-post-thumbnail","6":"product_cat-ev-gerecleri","7":"product_cat-mutfak-gerecleri","8":"product_cat-tum-urunler","10":"first","11":"instock","12":"sale","13":"taxable","14":"shipping-taxable","15":"purchasable","16":"product-type-simple"},"yoast_head":"<!-- This site is optimized with the Yoast SEO plugin v27.2 - https:\/\/yoast.com\/product\/yoast-seo-wordpress\/ -->\n<title>K\u00f6r\u00fckl\u00fc Frozen Pipet 100 L\u00fc |<\/title>\n<meta name=\"description\" content=\"K\u00f6r\u00fckl\u00fc pipet. Ayn\u0131 pakette farkl\u0131 renkler mevcuttur. \u0130\u00e7eceklerinize estetik ve g\u00fczel bir g\u00f6r\u00fcn\u00fcm sa\u011flar. Do\u011fum g\u00fcn\u00fc , Parti , \u00d6zel g\u00fcn vb. g\u00fcnlerde ho\u015f bir sunum sa\u011flaman\u0131za yard\u0131mc\u0131 olur.\" \/>\n<meta name=\"robots\" content=\"index, follow, max-snippet:-1, max-image-preview:large, max-video-preview:-1\" \/>\n<link rel=\"canonical\" href=\"https:\/\/www.peraavm.com\/index.php\/urun\/koruklu-frozen-pipet-100-lu\/\" \/>\n<meta property=\"og:locale\" content=\"tr_TR\" \/>\n<meta property=\"og:type\" content=\"article\" \/>\n<meta property=\"og:title\" content=\"K\u00f6r\u00fckl\u00fc Frozen Pipet 100 L\u00fc |\" \/>\n<meta property=\"og:description\" content=\"K\u00f6r\u00fckl\u00fc pipet. Ayn\u0131 pakette farkl\u0131 renkler mevcuttur. \u0130\u00e7eceklerinize estetik ve g\u00fczel bir g\u00f6r\u00fcn\u00fcm sa\u011flar. Do\u011fum g\u00fcn\u00fc , Parti , \u00d6zel g\u00fcn vb. g\u00fcnlerde ho\u015f bir sunum sa\u011flaman\u0131za yard\u0131mc\u0131 olur.\" \/>\n<meta property=\"og:url\" content=\"https:\/\/www.peraavm.com\/index.php\/urun\/koruklu-frozen-pipet-100-lu\/\" \/>\n<meta property=\"article:modified_time\" content=\"2023-12-22T14:15:58+00:00\" \/>\n<meta property=\"og:image\" content=\"https:\/\/www.peraavm.com\/wp-content\/uploads\/2023\/05\/23423423434pipipi.jpg\" \/>\n\t<meta property=\"og:image:width\" content=\"300\" \/>\n\t<meta property=\"og:image:height\" content=\"300\" \/>\n\t<meta property=\"og:image:type\" content=\"image\/jpeg\" \/>\n<meta name=\"twitter:card\" content=\"summary_large_image\" \/>\n<meta name=\"twitter:label1\" content=\"Tahmini okuma s\u00fcresi\" \/>\n\t<meta name=\"twitter:data1\" content=\"1 dakika\" \/>\n<script type=\"application\/ld+json\" class=\"yoast-schema-graph\">{\"@context\":\"https:\/\/schema.org\",\"@graph\":[{\"@type\":\"WebPage\",\"@id\":\"https:\/\/www.peraavm.com\/index.php\/urun\/koruklu-frozen-pipet-100-lu\/\",\"url\":\"https:\/\/www.peraavm.com\/index.php\/urun\/koruklu-frozen-pipet-100-lu\/\",\"name\":\"K\u00f6r\u00fckl\u00fc Frozen Pipet 100 L\u00fc |\",\"isPartOf\":{\"@id\":\"https:\/\/www.peraavm.com\/#website\"},\"primaryImageOfPage\":{\"@id\":\"https:\/\/www.peraavm.com\/index.php\/urun\/koruklu-frozen-pipet-100-lu\/#primaryimage\"},\"image\":{\"@id\":\"https:\/\/www.peraavm.com\/index.php\/urun\/koruklu-frozen-pipet-100-lu\/#primaryimage\"},\"thumbnailUrl\":\"https:\/\/www.peraavm.com\/wp-content\/uploads\/2023\/05\/23423423434pipipi.jpg\",\"datePublished\":\"2023-05-23T09:30:44+00:00\",\"dateModified\":\"2023-12-22T14:15:58+00:00\",\"description\":\"K\u00f6r\u00fckl\u00fc pipet. Ayn\u0131 pakette farkl\u0131 renkler mevcuttur. \u0130\u00e7eceklerinize estetik ve g\u00fczel bir g\u00f6r\u00fcn\u00fcm sa\u011flar. Do\u011fum g\u00fcn\u00fc , Parti , \u00d6zel g\u00fcn vb. g\u00fcnlerde ho\u015f bir sunum sa\u011flaman\u0131za yard\u0131mc\u0131 olur.\",\"breadcrumb\":{\"@id\":\"https:\/\/www.peraavm.com\/index.php\/urun\/koruklu-frozen-pipet-100-lu\/#breadcrumb\"},\"inLanguage\":\"tr\",\"potentialAction\":[{\"@type\":\"ReadAction\",\"target\":[\"https:\/\/www.peraavm.com\/index.php\/urun\/koruklu-frozen-pipet-100-lu\/\"]}]},{\"@type\":\"ImageObject\",\"inLanguage\":\"tr\",\"@id\":\"https:\/\/www.peraavm.com\/index.php\/urun\/koruklu-frozen-pipet-100-lu\/#primaryimage\",\"url\":\"https:\/\/www.peraavm.com\/wp-content\/uploads\/2023\/05\/23423423434pipipi.jpg\",\"contentUrl\":\"https:\/\/www.peraavm.com\/wp-content\/uploads\/2023\/05\/23423423434pipipi.jpg\",\"width\":300,\"height\":300},{\"@type\":\"BreadcrumbList\",\"@id\":\"https:\/\/www.peraavm.com\/index.php\/urun\/koruklu-frozen-pipet-100-lu\/#breadcrumb\",\"itemListElement\":[{\"@type\":\"ListItem\",\"position\":1,\"name\":\"Anasayfa\",\"item\":\"https:\/\/www.peraavm.com\/\"},{\"@type\":\"ListItem\",\"position\":2,\"name\":\"Magaza\",\"item\":\"https:\/\/www.peraavm.com\/index.php\/magaza\/\"},{\"@type\":\"ListItem\",\"position\":3,\"name\":\"K\u00f6r\u00fckl\u00fc Frozen Pipet 100 L\u00fc\"}]},{\"@type\":\"WebSite\",\"@id\":\"https:\/\/www.peraavm.com\/#website\",\"url\":\"https:\/\/www.peraavm.com\/\",\"name\":\"Pratikmagazam.com\",\"description\":\"\",\"publisher\":{\"@id\":\"https:\/\/www.peraavm.com\/#organization\"},\"potentialAction\":[{\"@type\":\"SearchAction\",\"target\":{\"@type\":\"EntryPoint\",\"urlTemplate\":\"https:\/\/www.peraavm.com\/?s={search_term_string}\"},\"query-input\":{\"@type\":\"PropertyValueSpecification\",\"valueRequired\":true,\"valueName\":\"search_term_string\"}}],\"inLanguage\":\"tr\"},{\"@type\":\"Organization\",\"@id\":\"https:\/\/www.peraavm.com\/#organization\",\"name\":\"pratikmagazam.com\",\"url\":\"https:\/\/www.peraavm.com\/\",\"logo\":{\"@type\":\"ImageObject\",\"inLanguage\":\"tr\",\"@id\":\"https:\/\/www.peraavm.com\/#\/schema\/logo\/image\/\",\"url\":\"https:\/\/www.pratikmagazam.com\/wp-content\/uploads\/2021\/11\/Ekran-Resmi-2021-11-17-08.16.13.png\",\"contentUrl\":\"https:\/\/www.pratikmagazam.com\/wp-content\/uploads\/2021\/11\/Ekran-Resmi-2021-11-17-08.16.13.png\",\"width\":477,\"height\":135,\"caption\":\"pratikmagazam.com\"},\"image\":{\"@id\":\"https:\/\/www.peraavm.com\/#\/schema\/logo\/image\/\"},\"sameAs\":[\"https:\/\/instagram.com\/pratikmagazam?utm_medium=copy_link\"]}]}<\/script>\n<!-- \/ Yoast SEO plugin. -->","yoast_head_json":{"title":"K\u00f6r\u00fckl\u00fc Frozen Pipet 100 L\u00fc |","description":"K\u00f6r\u00fckl\u00fc pipet. Ayn\u0131 pakette farkl\u0131 renkler mevcuttur. \u0130\u00e7eceklerinize estetik ve g\u00fczel bir g\u00f6r\u00fcn\u00fcm sa\u011flar. Do\u011fum g\u00fcn\u00fc , Parti , \u00d6zel g\u00fcn vb. g\u00fcnlerde ho\u015f bir sunum sa\u011flaman\u0131za yard\u0131mc\u0131 olur.","robots":{"index":"index","follow":"follow","max-snippet":"max-snippet:-1","max-image-preview":"max-image-preview:large","max-video-preview":"max-video-preview:-1"},"canonical":"https:\/\/www.peraavm.com\/index.php\/urun\/koruklu-frozen-pipet-100-lu\/","og_locale":"tr_TR","og_type":"article","og_title":"K\u00f6r\u00fckl\u00fc Frozen Pipet 100 L\u00fc |","og_description":"K\u00f6r\u00fckl\u00fc pipet. Ayn\u0131 pakette farkl\u0131 renkler mevcuttur. \u0130\u00e7eceklerinize estetik ve g\u00fczel bir g\u00f6r\u00fcn\u00fcm sa\u011flar. Do\u011fum g\u00fcn\u00fc , Parti , \u00d6zel g\u00fcn vb. g\u00fcnlerde ho\u015f bir sunum sa\u011flaman\u0131za yard\u0131mc\u0131 olur.","og_url":"https:\/\/www.peraavm.com\/index.php\/urun\/koruklu-frozen-pipet-100-lu\/","article_modified_time":"2023-12-22T14:15:58+00:00","og_image":[{"width":300,"height":300,"url":"https:\/\/www.peraavm.com\/wp-content\/uploads\/2023\/05\/23423423434pipipi.jpg","type":"image\/jpeg"}],"twitter_card":"summary_large_image","twitter_misc":{"Tahmini okuma s\u00fcresi":"1 dakika"},"schema":{"@context":"https:\/\/schema.org","@graph":[{"@type":"WebPage","@id":"https:\/\/www.peraavm.com\/index.php\/urun\/koruklu-frozen-pipet-100-lu\/","url":"https:\/\/www.peraavm.com\/index.php\/urun\/koruklu-frozen-pipet-100-lu\/","name":"K\u00f6r\u00fckl\u00fc Frozen Pipet 100 L\u00fc |","isPartOf":{"@id":"https:\/\/www.peraavm.com\/#website"},"primaryImageOfPage":{"@id":"https:\/\/www.peraavm.com\/index.php\/urun\/koruklu-frozen-pipet-100-lu\/#primaryimage"},"image":{"@id":"https:\/\/www.peraavm.com\/index.php\/urun\/koruklu-frozen-pipet-100-lu\/#primaryimage"},"thumbnailUrl":"https:\/\/www.peraavm.com\/wp-content\/uploads\/2023\/05\/23423423434pipipi.jpg","datePublished":"2023-05-23T09:30:44+00:00","dateModified":"2023-12-22T14:15:58+00:00","description":"K\u00f6r\u00fckl\u00fc pipet. Ayn\u0131 pakette farkl\u0131 renkler mevcuttur. \u0130\u00e7eceklerinize estetik ve g\u00fczel bir g\u00f6r\u00fcn\u00fcm sa\u011flar. Do\u011fum g\u00fcn\u00fc , Parti , \u00d6zel g\u00fcn vb. g\u00fcnlerde ho\u015f bir sunum sa\u011flaman\u0131za yard\u0131mc\u0131 olur.","breadcrumb":{"@id":"https:\/\/www.peraavm.com\/index.php\/urun\/koruklu-frozen-pipet-100-lu\/#breadcrumb"},"inLanguage":"tr","potentialAction":[{"@type":"ReadAction","target":["https:\/\/www.peraavm.com\/index.php\/urun\/koruklu-frozen-pipet-100-lu\/"]}]},{"@type":"ImageObject","inLanguage":"tr","@id":"https:\/\/www.peraavm.com\/index.php\/urun\/koruklu-frozen-pipet-100-lu\/#primaryimage","url":"https:\/\/www.peraavm.com\/wp-content\/uploads\/2023\/05\/23423423434pipipi.jpg","contentUrl":"https:\/\/www.peraavm.com\/wp-content\/uploads\/2023\/05\/23423423434pipipi.jpg","width":300,"height":300},{"@type":"BreadcrumbList","@id":"https:\/\/www.peraavm.com\/index.php\/urun\/koruklu-frozen-pipet-100-lu\/#breadcrumb","itemListElement":[{"@type":"ListItem","position":1,"name":"Anasayfa","item":"https:\/\/www.peraavm.com\/"},{"@type":"ListItem","position":2,"name":"Magaza","item":"https:\/\/www.peraavm.com\/index.php\/magaza\/"},{"@type":"ListItem","position":3,"name":"K\u00f6r\u00fckl\u00fc Frozen Pipet 100 L\u00fc"}]},{"@type":"WebSite","@id":"https:\/\/www.peraavm.com\/#website","url":"https:\/\/www.peraavm.com\/","name":"Pratikmagazam.com","description":"","publisher":{"@id":"https:\/\/www.peraavm.com\/#organization"},"potentialAction":[{"@type":"SearchAction","target":{"@type":"EntryPoint","urlTemplate":"https:\/\/www.peraavm.com\/?s={search_term_string}"},"query-input":{"@type":"PropertyValueSpecification","valueRequired":true,"valueName":"search_term_string"}}],"inLanguage":"tr"},{"@type":"Organization","@id":"https:\/\/www.peraavm.com\/#organization","name":"pratikmagazam.com","url":"https:\/\/www.peraavm.com\/","logo":{"@type":"ImageObject","inLanguage":"tr","@id":"https:\/\/www.peraavm.com\/#\/schema\/logo\/image\/","url":"https:\/\/www.pratikmagazam.com\/wp-content\/uploads\/2021\/11\/Ekran-Resmi-2021-11-17-08.16.13.png","contentUrl":"https:\/\/www.pratikmagazam.com\/wp-content\/uploads\/2021\/11\/Ekran-Resmi-2021-11-17-08.16.13.png","width":477,"height":135,"caption":"pratikmagazam.com"},"image":{"@id":"https:\/\/www.peraavm.com\/#\/schema\/logo\/image\/"},"sameAs":["https:\/\/instagram.com\/pratikmagazam?utm_medium=copy_link"]}]}},"_links":{"self":[{"href":"https:\/\/www.peraavm.com\/index.php\/wp-json\/wp\/v2\/product\/2715","targetHints":{"allow":["GET"]}}],"collection":[{"href":"https:\/\/www.peraavm.com\/index.php\/wp-json\/wp\/v2\/product"}],"about":[{"href":"https:\/\/www.peraavm.com\/index.php\/wp-json\/wp\/v2\/types\/product"}],"replies":[{"embeddable":true,"href":"https:\/\/www.peraavm.com\/index.php\/wp-json\/wp\/v2\/comments?post=2715"}],"wp:featuredmedia":[{"embeddable":true,"href":"https:\/\/www.peraavm.com\/index.php\/wp-json\/wp\/v2\/media\/2716"}],"wp:attachment":[{"href":"https:\/\/www.peraavm.com\/index.php\/wp-json\/wp\/v2\/media?parent=2715"}],"wp:term":[{"taxonomy":"product_brand","embeddable":true,"href":"https:\/\/www.peraavm.com\/index.php\/wp-json\/wp\/v2\/product_brand?post=2715"},{"taxonomy":"product_cat","embeddable":true,"href":"https:\/\/www.peraavm.com\/index.php\/wp-json\/wp\/v2\/product_cat?post=2715"},{"taxonomy":"product_tag","embeddable":true,"href":"https:\/\/www.peraavm.com\/index.php\/wp-json\/wp\/v2\/product_tag?post=2715"}],"curies":[{"name":"wp","href":"https:\/\/api.w.org\/{rel}","templated":true}]}}