{"id":3065,"date":"2026-01-17T10:32:14","date_gmt":"2026-01-17T10:32:14","guid":{"rendered":"https:\/\/www.peraavm.com\/?post_type=product&#038;p=3065"},"modified":"2026-01-19T13:23:14","modified_gmt":"2026-01-19T13:23:14","slug":"10-metre-yanmaz-isiya-dayanikli-aluminyum-bant-soba-boru-bandi-4510mt-aluminyum-folyo-bant","status":"publish","type":"product","link":"https:\/\/www.peraavm.com\/index.php\/urun\/10-metre-yanmaz-isiya-dayanikli-aluminyum-bant-soba-boru-bandi-4510mt-aluminyum-folyo-bant\/","title":{"rendered":"10 Metre Yanmaz Is\u0131ya Dayan\u0131kl\u0131 Al\u00fcminyum Bant Soba Boru Band\u0131 45*10mt Al\u00fcminyum Folyo Bant"},"content":{"rendered":"<h1><b>\u00dcr\u00fcn \u00d6zellikleri<\/b><\/h1>\n<p><b>GEN\u0130\u015eL\u0130K: 45cm<\/b><\/p>\n<p><b>UZUNLUK: 10mt.<\/b><\/p>\n<p><b>Araba kaportalar\u0131 veya \u0131s\u0131tma uygulamalar\u0131 gibi metal y\u00fczeyler \u00fczerindeki tamir i\u015flemleri i\u00e7in. g\u00fc\u00e7l\u00fc. dayan\u0131kl\u0131 al\u00fcminyum bant.<\/b><\/p>\n<p><b>\u2022 Koruma. kaplama ve tamir i\u00e7in uygundur<\/b><\/p>\n<p><b>\u2022 \u00c7at\u0131 ve oluk tamirleri i\u00e7in de kullan\u0131labilir<\/b><\/p>\n<p><b>\u2022 -40 \u00b0C ila +140 \u00b0C aras\u0131nda s\u0131cakl\u0131\u011fa kar\u015f\u0131 diren\u00e7li<\/b><\/p>\n<p><b>\u2022 Y\u00fcksek yap\u0131\u015fma kuvveti<\/b><\/p>\n<p><b>\u2022 Al\u00fcminyum folyo bant hareketli par\u00e7alar\u0131n birbirine tutturulduktan sonra sarma g\u00f6revi \u00fcstlenen par\u00e7ad\u0131r.<\/b><\/p>\n<p><b>\u2022 Ayr\u0131ca kaplama ve izolasyon uygulamalar\u0131nda a\u015f\u0131nma ve g\u00fcr\u00fclt\u00fc \u00f6nlemeye yard\u0131mc\u0131 olmaktad\u0131r.<\/b><\/p>\n<p><b>\u2022 Y\u00fcksek \u0131s\u0131ya olduk\u00e7a dayan\u0131kl\u0131d\u0131r.<\/b><\/p>\n<p><b>\u2022 A\u015f\u0131nmaya ve kimyasal maddelere dayan\u0131m\u0131 y\u00fcksek seviyelerdedir.<\/b><\/p>\n<p><b>\u2022 Son derece dayan\u0131kl\u0131 ve olduk\u00e7a y\u00fcksek dirence sahiptir.<\/b><\/p>\n<p><b>\u2022 Bu \u00f6zelli\u011finin yan\u0131 s\u0131ra neme ve pek \u00e7ok asit. solvente kar\u015f\u0131 olduk\u00e7a dayan\u0131kl\u0131d\u0131r.<\/b><\/p>\n<p><b>\u2022 D\u0131\u015f ortam hava ko\u015fullar\u0131nda rahatl\u0131kla kullan\u0131lmas\u0131 m\u00fcmk\u00fcnd\u00fcr.<\/b><\/p>\n<p><b>\u2022 Olduk\u00e7a geni\u015f \u00e7apl\u0131 kullan\u0131m imkan\u0131 sunmaktad\u0131r.<\/b><\/p>\n<p><b>\u2022 Hemen hemen her y\u00fczeye uyum sa\u011flayan ve ekstra g\u00f6r\u00fcn\u00fcm \u00f6zelli\u011fi bar\u0131nd\u0131rmaktad\u0131r.<\/b><\/p>\n<p><b>\u2022 \u00dcr\u00fcn 1.kalite y\u00fcksek dayan\u0131kl\u0131l\u0131k seviyesinde \u00fcretilmi\u015f bulunmaktad\u0131r. 2 ADET F\u0130YATIDIR<\/b><\/p>\n","protected":false},"excerpt":{"rendered":"<p><b>UZUNLUK: 10mt.<\/b><\/p>\n<p><b>Araba kaportalar\u0131 veya \u0131s\u0131tma uygulamalar\u0131 gibi metal y\u00fczeyler \u00fczerindeki tamir i\u015flemleri i\u00e7in. g\u00fc\u00e7l\u00fc. dayan\u0131kl\u0131 al\u00fcminyum bant.<\/b><\/p>\n<p>&nbsp;<\/p>\n","protected":false},"featured_media":3079,"comment_status":"open","ping_status":"closed","template":"","meta":[],"product_brand":[],"product_cat":[32,15],"product_tag":[73,75,74,76],"class_list":{"0":"post-3065","1":"product","2":"type-product","3":"status-publish","4":"has-post-thumbnail","6":"product_cat-hirdavat","7":"product_cat-tum-urunler","8":"product_tag-aluminyumbant","9":"product_tag-aluminyumfolyoyanmazbant","10":"product_tag-folyobant","11":"product_tag-sobabandi","13":"first","14":"instock","15":"taxable","16":"shipping-taxable","17":"purchasable","18":"product-type-simple"},"yoast_head":"<!-- This site is optimized with the Yoast SEO plugin v27.2 - https:\/\/yoast.com\/product\/yoast-seo-wordpress\/ -->\n<title>10 Metre Yanmaz Is\u0131ya Dayan\u0131kl\u0131 Al\u00fcminyum Bant Soba Boru Band\u0131 45*10mt Al\u00fcminyum Folyo Bant |<\/title>\n<meta name=\"description\" content=\"\u00dcr\u00fcn \u00d6zellikleriGEN\u0130\u015eL\u0130K: 45cmUZUNLUK: 10mt.Araba kaportalar\u0131 veya \u0131s\u0131tma uygulamalar\u0131 gibi metal y\u00fczeyler \u00fczerindeki tamir i\u015flemleri i\u00e7in. g\u00fc\u00e7l\u00fc. dayan\u0131kl\u0131 al\u00fcminyum bant.\u2022 Koruma. kaplama ve tamir i\u00e7in uygundur\u2022 \u00c7at\u0131 ve oluk tamirleri i\u00e7in de kullan\u0131labilir\u2022 -40 \u00b0C ila +140 \u00b0C aras\u0131nda s\u0131cakl\u0131\u011fa kar\u015f\u0131 diren\u00e7li\u2022 Y\u00fcksek yap\u0131\u015fma kuvveti\u2022 Al\u00fcminyum folyo bant hareketli par\u00e7alar\u0131n birbirine tutturulduktan sonra sarma g\u00f6revi \u00fcstlenen par\u00e7ad\u0131r.\u2022 Ayr\u0131ca kaplama ve izolasyon uygulamalar\u0131nda a\u015f\u0131nma ve g\u00fcr\u00fclt\u00fc \u00f6nlemeye yard\u0131mc\u0131 olmaktad\u0131r.\u2022 Y\u00fcksek \u0131s\u0131ya olduk\u00e7a dayan\u0131kl\u0131d\u0131r.\u2022 A\u015f\u0131nmaya ve kimyasal maddelere dayan\u0131m\u0131 y\u00fcksek seviyelerdedir.\u2022 Son derece dayan\u0131kl\u0131 ve olduk\u00e7a y\u00fcksek dirence sahiptir.\u2022 Bu \u00f6zelli\u011finin yan\u0131 s\u0131ra neme ve pek \u00e7ok asit. solvente kar\u015f\u0131 olduk\u00e7a dayan\u0131kl\u0131d\u0131r.\u2022 D\u0131\u015f ortam hava ko\u015fullar\u0131nda rahatl\u0131kla kullan\u0131lmas\u0131 m\u00fcmk\u00fcnd\u00fcr.\u2022 Olduk\u00e7a geni\u015f \u00e7apl\u0131 kullan\u0131m imkan\u0131 sunmaktad\u0131r.\u2022 Hemen hemen her y\u00fczeye uyum sa\u011flayan ve ekstra g\u00f6r\u00fcn\u00fcm \u00f6zelli\u011fi bar\u0131nd\u0131rmaktad\u0131r.\u2022 \u00dcr\u00fcn 1.kalite y\u00fcksek dayan\u0131kl\u0131l\u0131k seviyesinde \u00fcretilmi\u015f bulunmaktad\u0131r. 2 ADET F\u0130YATIDIR\" \/>\n<meta name=\"robots\" content=\"index, follow, max-snippet:-1, max-image-preview:large, max-video-preview:-1\" \/>\n<link rel=\"canonical\" href=\"https:\/\/www.peraavm.com\/index.php\/urun\/10-metre-yanmaz-isiya-dayanikli-aluminyum-bant-soba-boru-bandi-4510mt-aluminyum-folyo-bant\/\" \/>\n<meta property=\"og:locale\" content=\"tr_TR\" \/>\n<meta property=\"og:type\" content=\"article\" \/>\n<meta property=\"og:title\" content=\"10 Metre Yanmaz Is\u0131ya Dayan\u0131kl\u0131 Al\u00fcminyum Bant Soba Boru Band\u0131 45*10mt Al\u00fcminyum Folyo Bant |\" \/>\n<meta property=\"og:description\" content=\"\u00dcr\u00fcn \u00d6zellikleriGEN\u0130\u015eL\u0130K: 45cmUZUNLUK: 10mt.Araba kaportalar\u0131 veya \u0131s\u0131tma uygulamalar\u0131 gibi metal y\u00fczeyler \u00fczerindeki tamir i\u015flemleri i\u00e7in. g\u00fc\u00e7l\u00fc. dayan\u0131kl\u0131 al\u00fcminyum bant.\u2022 Koruma. kaplama ve tamir i\u00e7in uygundur\u2022 \u00c7at\u0131 ve oluk tamirleri i\u00e7in de kullan\u0131labilir\u2022 -40 \u00b0C ila +140 \u00b0C aras\u0131nda s\u0131cakl\u0131\u011fa kar\u015f\u0131 diren\u00e7li\u2022 Y\u00fcksek yap\u0131\u015fma kuvveti\u2022 Al\u00fcminyum folyo bant hareketli par\u00e7alar\u0131n birbirine tutturulduktan sonra sarma g\u00f6revi \u00fcstlenen par\u00e7ad\u0131r.\u2022 Ayr\u0131ca kaplama ve izolasyon uygulamalar\u0131nda a\u015f\u0131nma ve g\u00fcr\u00fclt\u00fc \u00f6nlemeye yard\u0131mc\u0131 olmaktad\u0131r.\u2022 Y\u00fcksek \u0131s\u0131ya olduk\u00e7a dayan\u0131kl\u0131d\u0131r.\u2022 A\u015f\u0131nmaya ve kimyasal maddelere dayan\u0131m\u0131 y\u00fcksek seviyelerdedir.\u2022 Son derece dayan\u0131kl\u0131 ve olduk\u00e7a y\u00fcksek dirence sahiptir.\u2022 Bu \u00f6zelli\u011finin yan\u0131 s\u0131ra neme ve pek \u00e7ok asit. solvente kar\u015f\u0131 olduk\u00e7a dayan\u0131kl\u0131d\u0131r.\u2022 D\u0131\u015f ortam hava ko\u015fullar\u0131nda rahatl\u0131kla kullan\u0131lmas\u0131 m\u00fcmk\u00fcnd\u00fcr.\u2022 Olduk\u00e7a geni\u015f \u00e7apl\u0131 kullan\u0131m imkan\u0131 sunmaktad\u0131r.\u2022 Hemen hemen her y\u00fczeye uyum sa\u011flayan ve ekstra g\u00f6r\u00fcn\u00fcm \u00f6zelli\u011fi bar\u0131nd\u0131rmaktad\u0131r.\u2022 \u00dcr\u00fcn 1.kalite y\u00fcksek dayan\u0131kl\u0131l\u0131k seviyesinde \u00fcretilmi\u015f bulunmaktad\u0131r. 2 ADET F\u0130YATIDIR\" \/>\n<meta property=\"og:url\" content=\"https:\/\/www.peraavm.com\/index.php\/urun\/10-metre-yanmaz-isiya-dayanikli-aluminyum-bant-soba-boru-bandi-4510mt-aluminyum-folyo-bant\/\" \/>\n<meta property=\"article:modified_time\" content=\"2026-01-19T13:23:14+00:00\" \/>\n<meta property=\"og:image\" content=\"https:\/\/www.peraavm.com\/wp-content\/uploads\/2026\/01\/4444-1.png\" \/>\n\t<meta property=\"og:image:width\" content=\"886\" \/>\n\t<meta property=\"og:image:height\" content=\"1049\" \/>\n\t<meta property=\"og:image:type\" content=\"image\/png\" \/>\n<meta name=\"twitter:card\" content=\"summary_large_image\" \/>\n<meta name=\"twitter:label1\" content=\"Tahmini okuma s\u00fcresi\" \/>\n\t<meta name=\"twitter:data1\" content=\"2 dakika\" \/>\n<script type=\"application\/ld+json\" class=\"yoast-schema-graph\">{\"@context\":\"https:\/\/schema.org\",\"@graph\":[{\"@type\":\"WebPage\",\"@id\":\"https:\/\/www.peraavm.com\/index.php\/urun\/10-metre-yanmaz-isiya-dayanikli-aluminyum-bant-soba-boru-bandi-4510mt-aluminyum-folyo-bant\/\",\"url\":\"https:\/\/www.peraavm.com\/index.php\/urun\/10-metre-yanmaz-isiya-dayanikli-aluminyum-bant-soba-boru-bandi-4510mt-aluminyum-folyo-bant\/\",\"name\":\"10 Metre Yanmaz Is\u0131ya Dayan\u0131kl\u0131 Al\u00fcminyum Bant Soba Boru Band\u0131 45*10mt Al\u00fcminyum Folyo Bant |\",\"isPartOf\":{\"@id\":\"https:\/\/www.peraavm.com\/#website\"},\"primaryImageOfPage\":{\"@id\":\"https:\/\/www.peraavm.com\/index.php\/urun\/10-metre-yanmaz-isiya-dayanikli-aluminyum-bant-soba-boru-bandi-4510mt-aluminyum-folyo-bant\/#primaryimage\"},\"image\":{\"@id\":\"https:\/\/www.peraavm.com\/index.php\/urun\/10-metre-yanmaz-isiya-dayanikli-aluminyum-bant-soba-boru-bandi-4510mt-aluminyum-folyo-bant\/#primaryimage\"},\"thumbnailUrl\":\"https:\/\/www.peraavm.com\/wp-content\/uploads\/2026\/01\/4444-1.png\",\"datePublished\":\"2026-01-17T10:32:14+00:00\",\"dateModified\":\"2026-01-19T13:23:14+00:00\",\"description\":\"\u00dcr\u00fcn \u00d6zellikleriGEN\u0130\u015eL\u0130K: 45cmUZUNLUK: 10mt.Araba kaportalar\u0131 veya \u0131s\u0131tma uygulamalar\u0131 gibi metal y\u00fczeyler \u00fczerindeki tamir i\u015flemleri i\u00e7in. g\u00fc\u00e7l\u00fc. dayan\u0131kl\u0131 al\u00fcminyum bant.\u2022 Koruma. kaplama ve tamir i\u00e7in uygundur\u2022 \u00c7at\u0131 ve oluk tamirleri i\u00e7in de kullan\u0131labilir\u2022 -40 \u00b0C ila +140 \u00b0C aras\u0131nda s\u0131cakl\u0131\u011fa kar\u015f\u0131 diren\u00e7li\u2022 Y\u00fcksek yap\u0131\u015fma kuvveti\u2022 Al\u00fcminyum folyo bant hareketli par\u00e7alar\u0131n birbirine tutturulduktan sonra sarma g\u00f6revi \u00fcstlenen par\u00e7ad\u0131r.\u2022 Ayr\u0131ca kaplama ve izolasyon uygulamalar\u0131nda a\u015f\u0131nma ve g\u00fcr\u00fclt\u00fc \u00f6nlemeye yard\u0131mc\u0131 olmaktad\u0131r.\u2022 Y\u00fcksek \u0131s\u0131ya olduk\u00e7a dayan\u0131kl\u0131d\u0131r.\u2022 A\u015f\u0131nmaya ve kimyasal maddelere dayan\u0131m\u0131 y\u00fcksek seviyelerdedir.\u2022 Son derece dayan\u0131kl\u0131 ve olduk\u00e7a y\u00fcksek dirence sahiptir.\u2022 Bu \u00f6zelli\u011finin yan\u0131 s\u0131ra neme ve pek \u00e7ok asit. solvente kar\u015f\u0131 olduk\u00e7a dayan\u0131kl\u0131d\u0131r.\u2022 D\u0131\u015f ortam hava ko\u015fullar\u0131nda rahatl\u0131kla kullan\u0131lmas\u0131 m\u00fcmk\u00fcnd\u00fcr.\u2022 Olduk\u00e7a geni\u015f \u00e7apl\u0131 kullan\u0131m imkan\u0131 sunmaktad\u0131r.\u2022 Hemen hemen her y\u00fczeye uyum sa\u011flayan ve ekstra g\u00f6r\u00fcn\u00fcm \u00f6zelli\u011fi bar\u0131nd\u0131rmaktad\u0131r.\u2022 \u00dcr\u00fcn 1.kalite y\u00fcksek dayan\u0131kl\u0131l\u0131k seviyesinde \u00fcretilmi\u015f bulunmaktad\u0131r. 2 ADET F\u0130YATIDIR\",\"breadcrumb\":{\"@id\":\"https:\/\/www.peraavm.com\/index.php\/urun\/10-metre-yanmaz-isiya-dayanikli-aluminyum-bant-soba-boru-bandi-4510mt-aluminyum-folyo-bant\/#breadcrumb\"},\"inLanguage\":\"tr\",\"potentialAction\":[{\"@type\":\"ReadAction\",\"target\":[\"https:\/\/www.peraavm.com\/index.php\/urun\/10-metre-yanmaz-isiya-dayanikli-aluminyum-bant-soba-boru-bandi-4510mt-aluminyum-folyo-bant\/\"]}]},{\"@type\":\"ImageObject\",\"inLanguage\":\"tr\",\"@id\":\"https:\/\/www.peraavm.com\/index.php\/urun\/10-metre-yanmaz-isiya-dayanikli-aluminyum-bant-soba-boru-bandi-4510mt-aluminyum-folyo-bant\/#primaryimage\",\"url\":\"https:\/\/www.peraavm.com\/wp-content\/uploads\/2026\/01\/4444-1.png\",\"contentUrl\":\"https:\/\/www.peraavm.com\/wp-content\/uploads\/2026\/01\/4444-1.png\",\"width\":886,\"height\":1049},{\"@type\":\"BreadcrumbList\",\"@id\":\"https:\/\/www.peraavm.com\/index.php\/urun\/10-metre-yanmaz-isiya-dayanikli-aluminyum-bant-soba-boru-bandi-4510mt-aluminyum-folyo-bant\/#breadcrumb\",\"itemListElement\":[{\"@type\":\"ListItem\",\"position\":1,\"name\":\"Anasayfa\",\"item\":\"https:\/\/www.peraavm.com\/\"},{\"@type\":\"ListItem\",\"position\":2,\"name\":\"Magaza\",\"item\":\"https:\/\/www.peraavm.com\/index.php\/magaza\/\"},{\"@type\":\"ListItem\",\"position\":3,\"name\":\"10 Metre Yanmaz Is\u0131ya Dayan\u0131kl\u0131 Al\u00fcminyum Bant Soba Boru Band\u0131 45*10mt Al\u00fcminyum Folyo Bant\"}]},{\"@type\":\"WebSite\",\"@id\":\"https:\/\/www.peraavm.com\/#website\",\"url\":\"https:\/\/www.peraavm.com\/\",\"name\":\"Pratikmagazam.com\",\"description\":\"\",\"publisher\":{\"@id\":\"https:\/\/www.peraavm.com\/#organization\"},\"potentialAction\":[{\"@type\":\"SearchAction\",\"target\":{\"@type\":\"EntryPoint\",\"urlTemplate\":\"https:\/\/www.peraavm.com\/?s={search_term_string}\"},\"query-input\":{\"@type\":\"PropertyValueSpecification\",\"valueRequired\":true,\"valueName\":\"search_term_string\"}}],\"inLanguage\":\"tr\"},{\"@type\":\"Organization\",\"@id\":\"https:\/\/www.peraavm.com\/#organization\",\"name\":\"pratikmagazam.com\",\"url\":\"https:\/\/www.peraavm.com\/\",\"logo\":{\"@type\":\"ImageObject\",\"inLanguage\":\"tr\",\"@id\":\"https:\/\/www.peraavm.com\/#\/schema\/logo\/image\/\",\"url\":\"https:\/\/www.pratikmagazam.com\/wp-content\/uploads\/2021\/11\/Ekran-Resmi-2021-11-17-08.16.13.png\",\"contentUrl\":\"https:\/\/www.pratikmagazam.com\/wp-content\/uploads\/2021\/11\/Ekran-Resmi-2021-11-17-08.16.13.png\",\"width\":477,\"height\":135,\"caption\":\"pratikmagazam.com\"},\"image\":{\"@id\":\"https:\/\/www.peraavm.com\/#\/schema\/logo\/image\/\"},\"sameAs\":[\"https:\/\/instagram.com\/pratikmagazam?utm_medium=copy_link\"]}]}<\/script>\n<!-- \/ Yoast SEO plugin. -->","yoast_head_json":{"title":"10 Metre Yanmaz Is\u0131ya Dayan\u0131kl\u0131 Al\u00fcminyum Bant Soba Boru Band\u0131 45*10mt Al\u00fcminyum Folyo Bant |","description":"\u00dcr\u00fcn \u00d6zellikleriGEN\u0130\u015eL\u0130K: 45cmUZUNLUK: 10mt.Araba kaportalar\u0131 veya \u0131s\u0131tma uygulamalar\u0131 gibi metal y\u00fczeyler \u00fczerindeki tamir i\u015flemleri i\u00e7in. g\u00fc\u00e7l\u00fc. dayan\u0131kl\u0131 al\u00fcminyum bant.\u2022 Koruma. kaplama ve tamir i\u00e7in uygundur\u2022 \u00c7at\u0131 ve oluk tamirleri i\u00e7in de kullan\u0131labilir\u2022 -40 \u00b0C ila +140 \u00b0C aras\u0131nda s\u0131cakl\u0131\u011fa kar\u015f\u0131 diren\u00e7li\u2022 Y\u00fcksek yap\u0131\u015fma kuvveti\u2022 Al\u00fcminyum folyo bant hareketli par\u00e7alar\u0131n birbirine tutturulduktan sonra sarma g\u00f6revi \u00fcstlenen par\u00e7ad\u0131r.\u2022 Ayr\u0131ca kaplama ve izolasyon uygulamalar\u0131nda a\u015f\u0131nma ve g\u00fcr\u00fclt\u00fc \u00f6nlemeye yard\u0131mc\u0131 olmaktad\u0131r.\u2022 Y\u00fcksek \u0131s\u0131ya olduk\u00e7a dayan\u0131kl\u0131d\u0131r.\u2022 A\u015f\u0131nmaya ve kimyasal maddelere dayan\u0131m\u0131 y\u00fcksek seviyelerdedir.\u2022 Son derece dayan\u0131kl\u0131 ve olduk\u00e7a y\u00fcksek dirence sahiptir.\u2022 Bu \u00f6zelli\u011finin yan\u0131 s\u0131ra neme ve pek \u00e7ok asit. solvente kar\u015f\u0131 olduk\u00e7a dayan\u0131kl\u0131d\u0131r.\u2022 D\u0131\u015f ortam hava ko\u015fullar\u0131nda rahatl\u0131kla kullan\u0131lmas\u0131 m\u00fcmk\u00fcnd\u00fcr.\u2022 Olduk\u00e7a geni\u015f \u00e7apl\u0131 kullan\u0131m imkan\u0131 sunmaktad\u0131r.\u2022 Hemen hemen her y\u00fczeye uyum sa\u011flayan ve ekstra g\u00f6r\u00fcn\u00fcm \u00f6zelli\u011fi bar\u0131nd\u0131rmaktad\u0131r.\u2022 \u00dcr\u00fcn 1.kalite y\u00fcksek dayan\u0131kl\u0131l\u0131k seviyesinde \u00fcretilmi\u015f bulunmaktad\u0131r. 2 ADET F\u0130YATIDIR","robots":{"index":"index","follow":"follow","max-snippet":"max-snippet:-1","max-image-preview":"max-image-preview:large","max-video-preview":"max-video-preview:-1"},"canonical":"https:\/\/www.peraavm.com\/index.php\/urun\/10-metre-yanmaz-isiya-dayanikli-aluminyum-bant-soba-boru-bandi-4510mt-aluminyum-folyo-bant\/","og_locale":"tr_TR","og_type":"article","og_title":"10 Metre Yanmaz Is\u0131ya Dayan\u0131kl\u0131 Al\u00fcminyum Bant Soba Boru Band\u0131 45*10mt Al\u00fcminyum Folyo Bant |","og_description":"\u00dcr\u00fcn \u00d6zellikleriGEN\u0130\u015eL\u0130K: 45cmUZUNLUK: 10mt.Araba kaportalar\u0131 veya \u0131s\u0131tma uygulamalar\u0131 gibi metal y\u00fczeyler \u00fczerindeki tamir i\u015flemleri i\u00e7in. g\u00fc\u00e7l\u00fc. dayan\u0131kl\u0131 al\u00fcminyum bant.\u2022 Koruma. kaplama ve tamir i\u00e7in uygundur\u2022 \u00c7at\u0131 ve oluk tamirleri i\u00e7in de kullan\u0131labilir\u2022 -40 \u00b0C ila +140 \u00b0C aras\u0131nda s\u0131cakl\u0131\u011fa kar\u015f\u0131 diren\u00e7li\u2022 Y\u00fcksek yap\u0131\u015fma kuvveti\u2022 Al\u00fcminyum folyo bant hareketli par\u00e7alar\u0131n birbirine tutturulduktan sonra sarma g\u00f6revi \u00fcstlenen par\u00e7ad\u0131r.\u2022 Ayr\u0131ca kaplama ve izolasyon uygulamalar\u0131nda a\u015f\u0131nma ve g\u00fcr\u00fclt\u00fc \u00f6nlemeye yard\u0131mc\u0131 olmaktad\u0131r.\u2022 Y\u00fcksek \u0131s\u0131ya olduk\u00e7a dayan\u0131kl\u0131d\u0131r.\u2022 A\u015f\u0131nmaya ve kimyasal maddelere dayan\u0131m\u0131 y\u00fcksek seviyelerdedir.\u2022 Son derece dayan\u0131kl\u0131 ve olduk\u00e7a y\u00fcksek dirence sahiptir.\u2022 Bu \u00f6zelli\u011finin yan\u0131 s\u0131ra neme ve pek \u00e7ok asit. solvente kar\u015f\u0131 olduk\u00e7a dayan\u0131kl\u0131d\u0131r.\u2022 D\u0131\u015f ortam hava ko\u015fullar\u0131nda rahatl\u0131kla kullan\u0131lmas\u0131 m\u00fcmk\u00fcnd\u00fcr.\u2022 Olduk\u00e7a geni\u015f \u00e7apl\u0131 kullan\u0131m imkan\u0131 sunmaktad\u0131r.\u2022 Hemen hemen her y\u00fczeye uyum sa\u011flayan ve ekstra g\u00f6r\u00fcn\u00fcm \u00f6zelli\u011fi bar\u0131nd\u0131rmaktad\u0131r.\u2022 \u00dcr\u00fcn 1.kalite y\u00fcksek dayan\u0131kl\u0131l\u0131k seviyesinde \u00fcretilmi\u015f bulunmaktad\u0131r. 2 ADET F\u0130YATIDIR","og_url":"https:\/\/www.peraavm.com\/index.php\/urun\/10-metre-yanmaz-isiya-dayanikli-aluminyum-bant-soba-boru-bandi-4510mt-aluminyum-folyo-bant\/","article_modified_time":"2026-01-19T13:23:14+00:00","og_image":[{"width":886,"height":1049,"url":"https:\/\/www.peraavm.com\/wp-content\/uploads\/2026\/01\/4444-1.png","type":"image\/png"}],"twitter_card":"summary_large_image","twitter_misc":{"Tahmini okuma s\u00fcresi":"2 dakika"},"schema":{"@context":"https:\/\/schema.org","@graph":[{"@type":"WebPage","@id":"https:\/\/www.peraavm.com\/index.php\/urun\/10-metre-yanmaz-isiya-dayanikli-aluminyum-bant-soba-boru-bandi-4510mt-aluminyum-folyo-bant\/","url":"https:\/\/www.peraavm.com\/index.php\/urun\/10-metre-yanmaz-isiya-dayanikli-aluminyum-bant-soba-boru-bandi-4510mt-aluminyum-folyo-bant\/","name":"10 Metre Yanmaz Is\u0131ya Dayan\u0131kl\u0131 Al\u00fcminyum Bant Soba Boru Band\u0131 45*10mt Al\u00fcminyum Folyo Bant |","isPartOf":{"@id":"https:\/\/www.peraavm.com\/#website"},"primaryImageOfPage":{"@id":"https:\/\/www.peraavm.com\/index.php\/urun\/10-metre-yanmaz-isiya-dayanikli-aluminyum-bant-soba-boru-bandi-4510mt-aluminyum-folyo-bant\/#primaryimage"},"image":{"@id":"https:\/\/www.peraavm.com\/index.php\/urun\/10-metre-yanmaz-isiya-dayanikli-aluminyum-bant-soba-boru-bandi-4510mt-aluminyum-folyo-bant\/#primaryimage"},"thumbnailUrl":"https:\/\/www.peraavm.com\/wp-content\/uploads\/2026\/01\/4444-1.png","datePublished":"2026-01-17T10:32:14+00:00","dateModified":"2026-01-19T13:23:14+00:00","description":"\u00dcr\u00fcn \u00d6zellikleriGEN\u0130\u015eL\u0130K: 45cmUZUNLUK: 10mt.Araba kaportalar\u0131 veya \u0131s\u0131tma uygulamalar\u0131 gibi metal y\u00fczeyler \u00fczerindeki tamir i\u015flemleri i\u00e7in. g\u00fc\u00e7l\u00fc. dayan\u0131kl\u0131 al\u00fcminyum bant.\u2022 Koruma. kaplama ve tamir i\u00e7in uygundur\u2022 \u00c7at\u0131 ve oluk tamirleri i\u00e7in de kullan\u0131labilir\u2022 -40 \u00b0C ila +140 \u00b0C aras\u0131nda s\u0131cakl\u0131\u011fa kar\u015f\u0131 diren\u00e7li\u2022 Y\u00fcksek yap\u0131\u015fma kuvveti\u2022 Al\u00fcminyum folyo bant hareketli par\u00e7alar\u0131n birbirine tutturulduktan sonra sarma g\u00f6revi \u00fcstlenen par\u00e7ad\u0131r.\u2022 Ayr\u0131ca kaplama ve izolasyon uygulamalar\u0131nda a\u015f\u0131nma ve g\u00fcr\u00fclt\u00fc \u00f6nlemeye yard\u0131mc\u0131 olmaktad\u0131r.\u2022 Y\u00fcksek \u0131s\u0131ya olduk\u00e7a dayan\u0131kl\u0131d\u0131r.\u2022 A\u015f\u0131nmaya ve kimyasal maddelere dayan\u0131m\u0131 y\u00fcksek seviyelerdedir.\u2022 Son derece dayan\u0131kl\u0131 ve olduk\u00e7a y\u00fcksek dirence sahiptir.\u2022 Bu \u00f6zelli\u011finin yan\u0131 s\u0131ra neme ve pek \u00e7ok asit. solvente kar\u015f\u0131 olduk\u00e7a dayan\u0131kl\u0131d\u0131r.\u2022 D\u0131\u015f ortam hava ko\u015fullar\u0131nda rahatl\u0131kla kullan\u0131lmas\u0131 m\u00fcmk\u00fcnd\u00fcr.\u2022 Olduk\u00e7a geni\u015f \u00e7apl\u0131 kullan\u0131m imkan\u0131 sunmaktad\u0131r.\u2022 Hemen hemen her y\u00fczeye uyum sa\u011flayan ve ekstra g\u00f6r\u00fcn\u00fcm \u00f6zelli\u011fi bar\u0131nd\u0131rmaktad\u0131r.\u2022 \u00dcr\u00fcn 1.kalite y\u00fcksek dayan\u0131kl\u0131l\u0131k seviyesinde \u00fcretilmi\u015f bulunmaktad\u0131r. 2 ADET F\u0130YATIDIR","breadcrumb":{"@id":"https:\/\/www.peraavm.com\/index.php\/urun\/10-metre-yanmaz-isiya-dayanikli-aluminyum-bant-soba-boru-bandi-4510mt-aluminyum-folyo-bant\/#breadcrumb"},"inLanguage":"tr","potentialAction":[{"@type":"ReadAction","target":["https:\/\/www.peraavm.com\/index.php\/urun\/10-metre-yanmaz-isiya-dayanikli-aluminyum-bant-soba-boru-bandi-4510mt-aluminyum-folyo-bant\/"]}]},{"@type":"ImageObject","inLanguage":"tr","@id":"https:\/\/www.peraavm.com\/index.php\/urun\/10-metre-yanmaz-isiya-dayanikli-aluminyum-bant-soba-boru-bandi-4510mt-aluminyum-folyo-bant\/#primaryimage","url":"https:\/\/www.peraavm.com\/wp-content\/uploads\/2026\/01\/4444-1.png","contentUrl":"https:\/\/www.peraavm.com\/wp-content\/uploads\/2026\/01\/4444-1.png","width":886,"height":1049},{"@type":"BreadcrumbList","@id":"https:\/\/www.peraavm.com\/index.php\/urun\/10-metre-yanmaz-isiya-dayanikli-aluminyum-bant-soba-boru-bandi-4510mt-aluminyum-folyo-bant\/#breadcrumb","itemListElement":[{"@type":"ListItem","position":1,"name":"Anasayfa","item":"https:\/\/www.peraavm.com\/"},{"@type":"ListItem","position":2,"name":"Magaza","item":"https:\/\/www.peraavm.com\/index.php\/magaza\/"},{"@type":"ListItem","position":3,"name":"10 Metre Yanmaz Is\u0131ya Dayan\u0131kl\u0131 Al\u00fcminyum Bant Soba Boru Band\u0131 45*10mt Al\u00fcminyum Folyo Bant"}]},{"@type":"WebSite","@id":"https:\/\/www.peraavm.com\/#website","url":"https:\/\/www.peraavm.com\/","name":"Pratikmagazam.com","description":"","publisher":{"@id":"https:\/\/www.peraavm.com\/#organization"},"potentialAction":[{"@type":"SearchAction","target":{"@type":"EntryPoint","urlTemplate":"https:\/\/www.peraavm.com\/?s={search_term_string}"},"query-input":{"@type":"PropertyValueSpecification","valueRequired":true,"valueName":"search_term_string"}}],"inLanguage":"tr"},{"@type":"Organization","@id":"https:\/\/www.peraavm.com\/#organization","name":"pratikmagazam.com","url":"https:\/\/www.peraavm.com\/","logo":{"@type":"ImageObject","inLanguage":"tr","@id":"https:\/\/www.peraavm.com\/#\/schema\/logo\/image\/","url":"https:\/\/www.pratikmagazam.com\/wp-content\/uploads\/2021\/11\/Ekran-Resmi-2021-11-17-08.16.13.png","contentUrl":"https:\/\/www.pratikmagazam.com\/wp-content\/uploads\/2021\/11\/Ekran-Resmi-2021-11-17-08.16.13.png","width":477,"height":135,"caption":"pratikmagazam.com"},"image":{"@id":"https:\/\/www.peraavm.com\/#\/schema\/logo\/image\/"},"sameAs":["https:\/\/instagram.com\/pratikmagazam?utm_medium=copy_link"]}]}},"_links":{"self":[{"href":"https:\/\/www.peraavm.com\/index.php\/wp-json\/wp\/v2\/product\/3065","targetHints":{"allow":["GET"]}}],"collection":[{"href":"https:\/\/www.peraavm.com\/index.php\/wp-json\/wp\/v2\/product"}],"about":[{"href":"https:\/\/www.peraavm.com\/index.php\/wp-json\/wp\/v2\/types\/product"}],"replies":[{"embeddable":true,"href":"https:\/\/www.peraavm.com\/index.php\/wp-json\/wp\/v2\/comments?post=3065"}],"wp:featuredmedia":[{"embeddable":true,"href":"https:\/\/www.peraavm.com\/index.php\/wp-json\/wp\/v2\/media\/3079"}],"wp:attachment":[{"href":"https:\/\/www.peraavm.com\/index.php\/wp-json\/wp\/v2\/media?parent=3065"}],"wp:term":[{"taxonomy":"product_brand","embeddable":true,"href":"https:\/\/www.peraavm.com\/index.php\/wp-json\/wp\/v2\/product_brand?post=3065"},{"taxonomy":"product_cat","embeddable":true,"href":"https:\/\/www.peraavm.com\/index.php\/wp-json\/wp\/v2\/product_cat?post=3065"},{"taxonomy":"product_tag","embeddable":true,"href":"https:\/\/www.peraavm.com\/index.php\/wp-json\/wp\/v2\/product_tag?post=3065"}],"curies":[{"name":"wp","href":"https:\/\/api.w.org\/{rel}","templated":true}]}}