{"id":3126,"date":"2026-01-21T08:16:16","date_gmt":"2026-01-21T08:16:16","guid":{"rendered":"https:\/\/www.peraavm.com\/?post_type=product&#038;p=3126"},"modified":"2026-01-21T08:20:23","modified_gmt":"2026-01-21T08:20:23","slug":"paslanmaz-cezve-no-7-buyuk-boy-kahve-cezvesi-metal-9-fincan-cap-11-cm-900ml","status":"publish","type":"product","link":"https:\/\/www.peraavm.com\/index.php\/urun\/paslanmaz-cezve-no-7-buyuk-boy-kahve-cezvesi-metal-9-fincan-cap-11-cm-900ml\/","title":{"rendered":"Paslanmaz Cezve No.7 B\u00fcy\u00fck Boy &#8211; Kahve Cezvesi Metal ( 9 fincan- \u00e7ap 11 cm 900ml )"},"content":{"rendered":"<div><b>\u00a0Y\u00fcksek kaliteli \u00e7elik malzemeden \u00fcretilmi\u015f, uzun \u00f6m\u00fcrl\u00fc kullan\u0131m sunar.- B\u00fcy\u00fck boy tasar\u0131m\u0131 ile geni\u015f kapasiteye sahip olup, birden fazla fincan kahve haz\u0131rlama imkan\u0131 sa\u011flar.- Dayan\u0131kl\u0131 yap\u0131s\u0131 sayesinde s\u0131k kullan\u0131ma uygun ve kolay temizlenebilir \u00f6zelliktedir.- T\u00fcrk men\u015feli olmas\u0131yla yerel kaynakl\u0131 \u00fcr\u00fcnlerin tercih edilmesini destekler.<\/b><\/div>\n<div><\/div>\n<div><b>( 9 fincan- \u00e7ap 11 cm 900ml )<\/b><\/div>\n<div><b>Paslanmaz \u00c7elik Cezve<\/b><\/div>\n<ul>\n<li>\u00a0<b>PASLANMAZ 430 KAL\u0130TE \u00c7EL\u0130K CEZVE YANMAZ BAGAL\u0130T KULP\u00a0<\/b><b>Paslanmaz \u00e7elik yap\u0131s\u0131 sayesinde kahve pi\u015firmeden tutun, \u00e7ok<\/b><\/li>\n<\/ul>\n","protected":false},"excerpt":{"rendered":"<div><b>\u00a0Y\u00fcksek kaliteli \u00e7elik malzemeden \u00fcretilmi\u015f, uzun \u00f6m\u00fcrl\u00fc kullan\u0131m sunar.- B\u00fcy\u00fck boy tasar\u0131m\u0131 ile geni\u015f kapasiteye sahip olup, birden fazla fincan kahve haz\u0131rlama imkan\u0131 sa\u011flar.- Dayan\u0131kl\u0131 yap\u0131s\u0131 sayesinde s\u0131k kullan\u0131ma uygun ve kolay temizlenebilir \u00f6zelliktedir.- T\u00fcrk men\u015feli olmas\u0131yla yerel kaynakl\u0131 \u00fcr\u00fcnlerin tercih edilmesini destekler.<\/b><\/div>\n<div><\/div>\n<div><b>( 9 fincan- \u00e7ap 11 cm 900ml )<\/b><\/div>\n<div><b>Paslanmaz \u00c7elik Cezve<\/b><\/div>\n<ul>\n<li>\u00a0<b>PASLANMAZ 430 KAL\u0130TE \u00c7EL\u0130K CEZVE YANMAZ BAGAL\u0130T KULP\u00a0<\/b><b>Paslanmaz \u00e7elik yap\u0131s\u0131 sayesinde kahve pi\u015firmeden tutun, \u00e7ok<\/b><\/li>\n<\/ul>\n","protected":false},"featured_media":3129,"comment_status":"open","ping_status":"closed","template":"","meta":[],"product_brand":[],"product_cat":[29,15],"product_tag":[],"class_list":{"0":"post-3126","1":"product","2":"type-product","3":"status-publish","4":"has-post-thumbnail","6":"product_cat-mutfak-gerecleri","7":"product_cat-tum-urunler","9":"first","10":"instock","11":"sale","12":"taxable","13":"shipping-taxable","14":"purchasable","15":"product-type-simple"},"yoast_head":"<!-- This site is optimized with the Yoast SEO plugin v27.2 - https:\/\/yoast.com\/product\/yoast-seo-wordpress\/ -->\n<title>Paslanmaz Cezve No.7 B\u00fcy\u00fck Boy - Kahve Cezvesi Metal ( 9 fincan- \u00e7ap 11 cm 900ml ) |<\/title>\n<meta name=\"description\" content=\"Y\u00fcksek kaliteli \u00e7elik malzemeden \u00fcretilmi\u015f, uzun \u00f6m\u00fcrl\u00fc kullan\u0131m sunar.- B\u00fcy\u00fck boy tasar\u0131m\u0131 ile geni\u015f kapasiteye sahip olup, birden fazla fincan kahve haz\u0131rlama imkan\u0131 sa\u011flar.- Dayan\u0131kl\u0131 yap\u0131s\u0131 sayesinde s\u0131k kullan\u0131ma uygun ve kolay temizlenebilir \u00f6zelliktedir.- T\u00fcrk men\u015feli olmas\u0131yla yerel kaynakl\u0131 \u00fcr\u00fcnlerin tercih edilmesini destekler.( 9 fincan- \u00e7ap 11 cm 900ml )Paslanmaz \u00c7elik Cezve PASLANMAZ 430 KAL\u0130TE \u00c7EL\u0130K CEZVE YANMAZ BAGAL\u0130T KULP Paslanmaz \u00e7elik yap\u0131s\u0131 sayesinde kahve pi\u015firmeden tutun, \u00e7ok\" \/>\n<meta name=\"robots\" content=\"index, follow, max-snippet:-1, max-image-preview:large, max-video-preview:-1\" \/>\n<link rel=\"canonical\" href=\"https:\/\/www.peraavm.com\/index.php\/urun\/paslanmaz-cezve-no-7-buyuk-boy-kahve-cezvesi-metal-9-fincan-cap-11-cm-900ml\/\" \/>\n<meta property=\"og:locale\" content=\"tr_TR\" \/>\n<meta property=\"og:type\" content=\"article\" \/>\n<meta property=\"og:title\" content=\"Paslanmaz Cezve No.7 B\u00fcy\u00fck Boy - Kahve Cezvesi Metal ( 9 fincan- \u00e7ap 11 cm 900ml ) |\" \/>\n<meta property=\"og:description\" content=\"Y\u00fcksek kaliteli \u00e7elik malzemeden \u00fcretilmi\u015f, uzun \u00f6m\u00fcrl\u00fc kullan\u0131m sunar.- B\u00fcy\u00fck boy tasar\u0131m\u0131 ile geni\u015f kapasiteye sahip olup, birden fazla fincan kahve haz\u0131rlama imkan\u0131 sa\u011flar.- Dayan\u0131kl\u0131 yap\u0131s\u0131 sayesinde s\u0131k kullan\u0131ma uygun ve kolay temizlenebilir \u00f6zelliktedir.- T\u00fcrk men\u015feli olmas\u0131yla yerel kaynakl\u0131 \u00fcr\u00fcnlerin tercih edilmesini destekler.( 9 fincan- \u00e7ap 11 cm 900ml )Paslanmaz \u00c7elik Cezve PASLANMAZ 430 KAL\u0130TE \u00c7EL\u0130K CEZVE YANMAZ BAGAL\u0130T KULP Paslanmaz \u00e7elik yap\u0131s\u0131 sayesinde kahve pi\u015firmeden tutun, \u00e7ok\" \/>\n<meta property=\"og:url\" content=\"https:\/\/www.peraavm.com\/index.php\/urun\/paslanmaz-cezve-no-7-buyuk-boy-kahve-cezvesi-metal-9-fincan-cap-11-cm-900ml\/\" \/>\n<meta property=\"article:modified_time\" content=\"2026-01-21T08:20:23+00:00\" \/>\n<meta property=\"og:image\" content=\"https:\/\/www.peraavm.com\/wp-content\/uploads\/2026\/01\/444444444.png\" \/>\n\t<meta property=\"og:image:width\" content=\"398\" \/>\n\t<meta property=\"og:image:height\" content=\"472\" \/>\n\t<meta property=\"og:image:type\" content=\"image\/png\" \/>\n<meta name=\"twitter:card\" content=\"summary_large_image\" \/>\n<meta name=\"twitter:label1\" content=\"Tahmini okuma s\u00fcresi\" \/>\n\t<meta name=\"twitter:data1\" content=\"1 dakika\" \/>\n<script type=\"application\/ld+json\" class=\"yoast-schema-graph\">{\"@context\":\"https:\/\/schema.org\",\"@graph\":[{\"@type\":\"WebPage\",\"@id\":\"https:\/\/www.peraavm.com\/index.php\/urun\/paslanmaz-cezve-no-7-buyuk-boy-kahve-cezvesi-metal-9-fincan-cap-11-cm-900ml\/\",\"url\":\"https:\/\/www.peraavm.com\/index.php\/urun\/paslanmaz-cezve-no-7-buyuk-boy-kahve-cezvesi-metal-9-fincan-cap-11-cm-900ml\/\",\"name\":\"Paslanmaz Cezve No.7 B\u00fcy\u00fck Boy - Kahve Cezvesi Metal ( 9 fincan- \u00e7ap 11 cm 900ml ) |\",\"isPartOf\":{\"@id\":\"https:\/\/www.peraavm.com\/#website\"},\"primaryImageOfPage\":{\"@id\":\"https:\/\/www.peraavm.com\/index.php\/urun\/paslanmaz-cezve-no-7-buyuk-boy-kahve-cezvesi-metal-9-fincan-cap-11-cm-900ml\/#primaryimage\"},\"image\":{\"@id\":\"https:\/\/www.peraavm.com\/index.php\/urun\/paslanmaz-cezve-no-7-buyuk-boy-kahve-cezvesi-metal-9-fincan-cap-11-cm-900ml\/#primaryimage\"},\"thumbnailUrl\":\"https:\/\/www.peraavm.com\/wp-content\/uploads\/2026\/01\/444444444.png\",\"datePublished\":\"2026-01-21T08:16:16+00:00\",\"dateModified\":\"2026-01-21T08:20:23+00:00\",\"description\":\"Y\u00fcksek kaliteli \u00e7elik malzemeden \u00fcretilmi\u015f, uzun \u00f6m\u00fcrl\u00fc kullan\u0131m sunar.- B\u00fcy\u00fck boy tasar\u0131m\u0131 ile geni\u015f kapasiteye sahip olup, birden fazla fincan kahve haz\u0131rlama imkan\u0131 sa\u011flar.- Dayan\u0131kl\u0131 yap\u0131s\u0131 sayesinde s\u0131k kullan\u0131ma uygun ve kolay temizlenebilir \u00f6zelliktedir.- T\u00fcrk men\u015feli olmas\u0131yla yerel kaynakl\u0131 \u00fcr\u00fcnlerin tercih edilmesini destekler.( 9 fincan- \u00e7ap 11 cm 900ml )Paslanmaz \u00c7elik Cezve PASLANMAZ 430 KAL\u0130TE \u00c7EL\u0130K CEZVE YANMAZ BAGAL\u0130T KULP Paslanmaz \u00e7elik yap\u0131s\u0131 sayesinde kahve pi\u015firmeden tutun, \u00e7ok\",\"breadcrumb\":{\"@id\":\"https:\/\/www.peraavm.com\/index.php\/urun\/paslanmaz-cezve-no-7-buyuk-boy-kahve-cezvesi-metal-9-fincan-cap-11-cm-900ml\/#breadcrumb\"},\"inLanguage\":\"tr\",\"potentialAction\":[{\"@type\":\"ReadAction\",\"target\":[\"https:\/\/www.peraavm.com\/index.php\/urun\/paslanmaz-cezve-no-7-buyuk-boy-kahve-cezvesi-metal-9-fincan-cap-11-cm-900ml\/\"]}]},{\"@type\":\"ImageObject\",\"inLanguage\":\"tr\",\"@id\":\"https:\/\/www.peraavm.com\/index.php\/urun\/paslanmaz-cezve-no-7-buyuk-boy-kahve-cezvesi-metal-9-fincan-cap-11-cm-900ml\/#primaryimage\",\"url\":\"https:\/\/www.peraavm.com\/wp-content\/uploads\/2026\/01\/444444444.png\",\"contentUrl\":\"https:\/\/www.peraavm.com\/wp-content\/uploads\/2026\/01\/444444444.png\",\"width\":398,\"height\":472},{\"@type\":\"BreadcrumbList\",\"@id\":\"https:\/\/www.peraavm.com\/index.php\/urun\/paslanmaz-cezve-no-7-buyuk-boy-kahve-cezvesi-metal-9-fincan-cap-11-cm-900ml\/#breadcrumb\",\"itemListElement\":[{\"@type\":\"ListItem\",\"position\":1,\"name\":\"Anasayfa\",\"item\":\"https:\/\/www.peraavm.com\/\"},{\"@type\":\"ListItem\",\"position\":2,\"name\":\"Magaza\",\"item\":\"https:\/\/www.peraavm.com\/index.php\/magaza\/\"},{\"@type\":\"ListItem\",\"position\":3,\"name\":\"Paslanmaz Cezve No.7 B\u00fcy\u00fck Boy &#8211; Kahve Cezvesi Metal ( 9 fincan- \u00e7ap 11 cm 900ml )\"}]},{\"@type\":\"WebSite\",\"@id\":\"https:\/\/www.peraavm.com\/#website\",\"url\":\"https:\/\/www.peraavm.com\/\",\"name\":\"Pratikmagazam.com\",\"description\":\"\",\"publisher\":{\"@id\":\"https:\/\/www.peraavm.com\/#organization\"},\"potentialAction\":[{\"@type\":\"SearchAction\",\"target\":{\"@type\":\"EntryPoint\",\"urlTemplate\":\"https:\/\/www.peraavm.com\/?s={search_term_string}\"},\"query-input\":{\"@type\":\"PropertyValueSpecification\",\"valueRequired\":true,\"valueName\":\"search_term_string\"}}],\"inLanguage\":\"tr\"},{\"@type\":\"Organization\",\"@id\":\"https:\/\/www.peraavm.com\/#organization\",\"name\":\"pratikmagazam.com\",\"url\":\"https:\/\/www.peraavm.com\/\",\"logo\":{\"@type\":\"ImageObject\",\"inLanguage\":\"tr\",\"@id\":\"https:\/\/www.peraavm.com\/#\/schema\/logo\/image\/\",\"url\":\"https:\/\/www.pratikmagazam.com\/wp-content\/uploads\/2021\/11\/Ekran-Resmi-2021-11-17-08.16.13.png\",\"contentUrl\":\"https:\/\/www.pratikmagazam.com\/wp-content\/uploads\/2021\/11\/Ekran-Resmi-2021-11-17-08.16.13.png\",\"width\":477,\"height\":135,\"caption\":\"pratikmagazam.com\"},\"image\":{\"@id\":\"https:\/\/www.peraavm.com\/#\/schema\/logo\/image\/\"},\"sameAs\":[\"https:\/\/instagram.com\/pratikmagazam?utm_medium=copy_link\"]}]}<\/script>\n<!-- \/ Yoast SEO plugin. -->","yoast_head_json":{"title":"Paslanmaz Cezve No.7 B\u00fcy\u00fck Boy - Kahve Cezvesi Metal ( 9 fincan- \u00e7ap 11 cm 900ml ) |","description":"Y\u00fcksek kaliteli \u00e7elik malzemeden \u00fcretilmi\u015f, uzun \u00f6m\u00fcrl\u00fc kullan\u0131m sunar.- B\u00fcy\u00fck boy tasar\u0131m\u0131 ile geni\u015f kapasiteye sahip olup, birden fazla fincan kahve haz\u0131rlama imkan\u0131 sa\u011flar.- Dayan\u0131kl\u0131 yap\u0131s\u0131 sayesinde s\u0131k kullan\u0131ma uygun ve kolay temizlenebilir \u00f6zelliktedir.- T\u00fcrk men\u015feli olmas\u0131yla yerel kaynakl\u0131 \u00fcr\u00fcnlerin tercih edilmesini destekler.( 9 fincan- \u00e7ap 11 cm 900ml )Paslanmaz \u00c7elik Cezve PASLANMAZ 430 KAL\u0130TE \u00c7EL\u0130K CEZVE YANMAZ BAGAL\u0130T KULP Paslanmaz \u00e7elik yap\u0131s\u0131 sayesinde kahve pi\u015firmeden tutun, \u00e7ok","robots":{"index":"index","follow":"follow","max-snippet":"max-snippet:-1","max-image-preview":"max-image-preview:large","max-video-preview":"max-video-preview:-1"},"canonical":"https:\/\/www.peraavm.com\/index.php\/urun\/paslanmaz-cezve-no-7-buyuk-boy-kahve-cezvesi-metal-9-fincan-cap-11-cm-900ml\/","og_locale":"tr_TR","og_type":"article","og_title":"Paslanmaz Cezve No.7 B\u00fcy\u00fck Boy - Kahve Cezvesi Metal ( 9 fincan- \u00e7ap 11 cm 900ml ) |","og_description":"Y\u00fcksek kaliteli \u00e7elik malzemeden \u00fcretilmi\u015f, uzun \u00f6m\u00fcrl\u00fc kullan\u0131m sunar.- B\u00fcy\u00fck boy tasar\u0131m\u0131 ile geni\u015f kapasiteye sahip olup, birden fazla fincan kahve haz\u0131rlama imkan\u0131 sa\u011flar.- Dayan\u0131kl\u0131 yap\u0131s\u0131 sayesinde s\u0131k kullan\u0131ma uygun ve kolay temizlenebilir \u00f6zelliktedir.- T\u00fcrk men\u015feli olmas\u0131yla yerel kaynakl\u0131 \u00fcr\u00fcnlerin tercih edilmesini destekler.( 9 fincan- \u00e7ap 11 cm 900ml )Paslanmaz \u00c7elik Cezve PASLANMAZ 430 KAL\u0130TE \u00c7EL\u0130K CEZVE YANMAZ BAGAL\u0130T KULP Paslanmaz \u00e7elik yap\u0131s\u0131 sayesinde kahve pi\u015firmeden tutun, \u00e7ok","og_url":"https:\/\/www.peraavm.com\/index.php\/urun\/paslanmaz-cezve-no-7-buyuk-boy-kahve-cezvesi-metal-9-fincan-cap-11-cm-900ml\/","article_modified_time":"2026-01-21T08:20:23+00:00","og_image":[{"width":398,"height":472,"url":"https:\/\/www.peraavm.com\/wp-content\/uploads\/2026\/01\/444444444.png","type":"image\/png"}],"twitter_card":"summary_large_image","twitter_misc":{"Tahmini okuma s\u00fcresi":"1 dakika"},"schema":{"@context":"https:\/\/schema.org","@graph":[{"@type":"WebPage","@id":"https:\/\/www.peraavm.com\/index.php\/urun\/paslanmaz-cezve-no-7-buyuk-boy-kahve-cezvesi-metal-9-fincan-cap-11-cm-900ml\/","url":"https:\/\/www.peraavm.com\/index.php\/urun\/paslanmaz-cezve-no-7-buyuk-boy-kahve-cezvesi-metal-9-fincan-cap-11-cm-900ml\/","name":"Paslanmaz Cezve No.7 B\u00fcy\u00fck Boy - Kahve Cezvesi Metal ( 9 fincan- \u00e7ap 11 cm 900ml ) |","isPartOf":{"@id":"https:\/\/www.peraavm.com\/#website"},"primaryImageOfPage":{"@id":"https:\/\/www.peraavm.com\/index.php\/urun\/paslanmaz-cezve-no-7-buyuk-boy-kahve-cezvesi-metal-9-fincan-cap-11-cm-900ml\/#primaryimage"},"image":{"@id":"https:\/\/www.peraavm.com\/index.php\/urun\/paslanmaz-cezve-no-7-buyuk-boy-kahve-cezvesi-metal-9-fincan-cap-11-cm-900ml\/#primaryimage"},"thumbnailUrl":"https:\/\/www.peraavm.com\/wp-content\/uploads\/2026\/01\/444444444.png","datePublished":"2026-01-21T08:16:16+00:00","dateModified":"2026-01-21T08:20:23+00:00","description":"Y\u00fcksek kaliteli \u00e7elik malzemeden \u00fcretilmi\u015f, uzun \u00f6m\u00fcrl\u00fc kullan\u0131m sunar.- B\u00fcy\u00fck boy tasar\u0131m\u0131 ile geni\u015f kapasiteye sahip olup, birden fazla fincan kahve haz\u0131rlama imkan\u0131 sa\u011flar.- Dayan\u0131kl\u0131 yap\u0131s\u0131 sayesinde s\u0131k kullan\u0131ma uygun ve kolay temizlenebilir \u00f6zelliktedir.- T\u00fcrk men\u015feli olmas\u0131yla yerel kaynakl\u0131 \u00fcr\u00fcnlerin tercih edilmesini destekler.( 9 fincan- \u00e7ap 11 cm 900ml )Paslanmaz \u00c7elik Cezve PASLANMAZ 430 KAL\u0130TE \u00c7EL\u0130K CEZVE YANMAZ BAGAL\u0130T KULP Paslanmaz \u00e7elik yap\u0131s\u0131 sayesinde kahve pi\u015firmeden tutun, \u00e7ok","breadcrumb":{"@id":"https:\/\/www.peraavm.com\/index.php\/urun\/paslanmaz-cezve-no-7-buyuk-boy-kahve-cezvesi-metal-9-fincan-cap-11-cm-900ml\/#breadcrumb"},"inLanguage":"tr","potentialAction":[{"@type":"ReadAction","target":["https:\/\/www.peraavm.com\/index.php\/urun\/paslanmaz-cezve-no-7-buyuk-boy-kahve-cezvesi-metal-9-fincan-cap-11-cm-900ml\/"]}]},{"@type":"ImageObject","inLanguage":"tr","@id":"https:\/\/www.peraavm.com\/index.php\/urun\/paslanmaz-cezve-no-7-buyuk-boy-kahve-cezvesi-metal-9-fincan-cap-11-cm-900ml\/#primaryimage","url":"https:\/\/www.peraavm.com\/wp-content\/uploads\/2026\/01\/444444444.png","contentUrl":"https:\/\/www.peraavm.com\/wp-content\/uploads\/2026\/01\/444444444.png","width":398,"height":472},{"@type":"BreadcrumbList","@id":"https:\/\/www.peraavm.com\/index.php\/urun\/paslanmaz-cezve-no-7-buyuk-boy-kahve-cezvesi-metal-9-fincan-cap-11-cm-900ml\/#breadcrumb","itemListElement":[{"@type":"ListItem","position":1,"name":"Anasayfa","item":"https:\/\/www.peraavm.com\/"},{"@type":"ListItem","position":2,"name":"Magaza","item":"https:\/\/www.peraavm.com\/index.php\/magaza\/"},{"@type":"ListItem","position":3,"name":"Paslanmaz Cezve No.7 B\u00fcy\u00fck Boy &#8211; Kahve Cezvesi Metal ( 9 fincan- \u00e7ap 11 cm 900ml )"}]},{"@type":"WebSite","@id":"https:\/\/www.peraavm.com\/#website","url":"https:\/\/www.peraavm.com\/","name":"Pratikmagazam.com","description":"","publisher":{"@id":"https:\/\/www.peraavm.com\/#organization"},"potentialAction":[{"@type":"SearchAction","target":{"@type":"EntryPoint","urlTemplate":"https:\/\/www.peraavm.com\/?s={search_term_string}"},"query-input":{"@type":"PropertyValueSpecification","valueRequired":true,"valueName":"search_term_string"}}],"inLanguage":"tr"},{"@type":"Organization","@id":"https:\/\/www.peraavm.com\/#organization","name":"pratikmagazam.com","url":"https:\/\/www.peraavm.com\/","logo":{"@type":"ImageObject","inLanguage":"tr","@id":"https:\/\/www.peraavm.com\/#\/schema\/logo\/image\/","url":"https:\/\/www.pratikmagazam.com\/wp-content\/uploads\/2021\/11\/Ekran-Resmi-2021-11-17-08.16.13.png","contentUrl":"https:\/\/www.pratikmagazam.com\/wp-content\/uploads\/2021\/11\/Ekran-Resmi-2021-11-17-08.16.13.png","width":477,"height":135,"caption":"pratikmagazam.com"},"image":{"@id":"https:\/\/www.peraavm.com\/#\/schema\/logo\/image\/"},"sameAs":["https:\/\/instagram.com\/pratikmagazam?utm_medium=copy_link"]}]}},"_links":{"self":[{"href":"https:\/\/www.peraavm.com\/index.php\/wp-json\/wp\/v2\/product\/3126","targetHints":{"allow":["GET"]}}],"collection":[{"href":"https:\/\/www.peraavm.com\/index.php\/wp-json\/wp\/v2\/product"}],"about":[{"href":"https:\/\/www.peraavm.com\/index.php\/wp-json\/wp\/v2\/types\/product"}],"replies":[{"embeddable":true,"href":"https:\/\/www.peraavm.com\/index.php\/wp-json\/wp\/v2\/comments?post=3126"}],"wp:featuredmedia":[{"embeddable":true,"href":"https:\/\/www.peraavm.com\/index.php\/wp-json\/wp\/v2\/media\/3129"}],"wp:attachment":[{"href":"https:\/\/www.peraavm.com\/index.php\/wp-json\/wp\/v2\/media?parent=3126"}],"wp:term":[{"taxonomy":"product_brand","embeddable":true,"href":"https:\/\/www.peraavm.com\/index.php\/wp-json\/wp\/v2\/product_brand?post=3126"},{"taxonomy":"product_cat","embeddable":true,"href":"https:\/\/www.peraavm.com\/index.php\/wp-json\/wp\/v2\/product_cat?post=3126"},{"taxonomy":"product_tag","embeddable":true,"href":"https:\/\/www.peraavm.com\/index.php\/wp-json\/wp\/v2\/product_tag?post=3126"}],"curies":[{"name":"wp","href":"https:\/\/api.w.org\/{rel}","templated":true}]}}