{"id":3132,"date":"2026-01-21T08:20:58","date_gmt":"2026-01-21T08:20:58","guid":{"rendered":"https:\/\/www.peraavm.com\/?post_type=product&#038;p=3132"},"modified":"2026-01-21T08:24:36","modified_gmt":"2026-01-21T08:24:36","slug":"paslanmaz-cezve-sutluk-buyuk-boy","status":"publish","type":"product","link":"https:\/\/www.peraavm.com\/index.php\/urun\/paslanmaz-cezve-sutluk-buyuk-boy\/","title":{"rendered":"Paslanmaz Cezve S\u00fctl\u00fck B\u00fcy\u00fck Boy"},"content":{"rendered":"<div class=\"content-description-container\">\n<p class=\"product-description-content\"><strong>&#8211; Dayan\u0131kl\u0131 \u00e7elik malzemesi ile uzun \u00f6m\u00fcrl\u00fc kullan\u0131m sunar.<\/strong><\/p>\n<p class=\"product-description-content\"><strong>&#8211; Tek par\u00e7a halinde gelen bu set, mutfakta pratiklik sa\u011flar.<\/strong><\/p>\n<p class=\"product-description-content\"><strong>&#8211; \u015e\u0131k g\u00fcm\u00fc\u015f rengiyle mutfa\u011f\u0131n\u0131za modern bir dokunu\u015f katar.<\/strong><\/p>\n<p class=\"product-description-content\"><strong>&#8211; Kolay temizlenebilir yap\u0131s\u0131 sayesinde hijyenik bir kullan\u0131m imkan\u0131 tan\u0131r.<\/strong><\/p>\n<\/div>\n","protected":false},"excerpt":{"rendered":"<div class=\"content-description-container\">\n<p class=\"product-description-content\">&#8211; Dayan\u0131kl\u0131 \u00e7elik malzemesi ile uzun \u00f6m\u00fcrl\u00fc kullan\u0131m sunar.<\/p>\n<p class=\"product-description-content\">&#8211; Tek par\u00e7a halinde gelen bu set, mutfakta pratiklik sa\u011flar.<\/p>\n<p class=\"product-description-content\">&#8211; \u015e\u0131k g\u00fcm\u00fc\u015f rengiyle mutfa\u011f\u0131n\u0131za modern bir dokunu\u015f katar.<\/p>\n<p class=\"product-description-content\">&#8211; Kolay temizlenebilir yap\u0131s\u0131 sayesinde hijyenik bir kullan\u0131m imkan\u0131 tan\u0131r.<\/p>\n<\/div>\n","protected":false},"featured_media":3133,"comment_status":"open","ping_status":"closed","template":"","meta":[],"product_brand":[],"product_cat":[29,15],"product_tag":[],"class_list":{"0":"post-3132","1":"product","2":"type-product","3":"status-publish","4":"has-post-thumbnail","6":"product_cat-mutfak-gerecleri","7":"product_cat-tum-urunler","9":"first","10":"instock","11":"sale","12":"taxable","13":"shipping-taxable","14":"purchasable","15":"product-type-simple"},"yoast_head":"<!-- This site is optimized with the Yoast SEO plugin v27.2 - https:\/\/yoast.com\/product\/yoast-seo-wordpress\/ -->\n<title>Paslanmaz Cezve S\u00fctl\u00fck B\u00fcy\u00fck Boy |<\/title>\n<meta name=\"description\" content=\"\u00dcr\u00fcn A\u00e7\u0131klamas\u0131- Dayan\u0131kl\u0131 \u00e7elik malzemesi ile uzun \u00f6m\u00fcrl\u00fc kullan\u0131m sunar.- Tek par\u00e7a halinde gelen bu set, mutfakta pratiklik sa\u011flar.- \u015e\u0131k g\u00fcm\u00fc\u015f rengiyle mutfa\u011f\u0131n\u0131za modern bir dokunu\u015f katar.- Kolay temizlenebilir yap\u0131s\u0131 sayesinde hijyenik bir kullan\u0131m imkan\u0131 tan\u0131r.\" \/>\n<meta name=\"robots\" content=\"index, follow, max-snippet:-1, max-image-preview:large, max-video-preview:-1\" \/>\n<link rel=\"canonical\" href=\"https:\/\/www.peraavm.com\/index.php\/urun\/paslanmaz-cezve-sutluk-buyuk-boy\/\" \/>\n<meta property=\"og:locale\" content=\"tr_TR\" \/>\n<meta property=\"og:type\" content=\"article\" \/>\n<meta property=\"og:title\" content=\"Paslanmaz Cezve S\u00fctl\u00fck B\u00fcy\u00fck Boy |\" \/>\n<meta property=\"og:description\" content=\"\u00dcr\u00fcn A\u00e7\u0131klamas\u0131- Dayan\u0131kl\u0131 \u00e7elik malzemesi ile uzun \u00f6m\u00fcrl\u00fc kullan\u0131m sunar.- Tek par\u00e7a halinde gelen bu set, mutfakta pratiklik sa\u011flar.- \u015e\u0131k g\u00fcm\u00fc\u015f rengiyle mutfa\u011f\u0131n\u0131za modern bir dokunu\u015f katar.- Kolay temizlenebilir yap\u0131s\u0131 sayesinde hijyenik bir kullan\u0131m imkan\u0131 tan\u0131r.\" \/>\n<meta property=\"og:url\" content=\"https:\/\/www.peraavm.com\/index.php\/urun\/paslanmaz-cezve-sutluk-buyuk-boy\/\" \/>\n<meta property=\"article:modified_time\" content=\"2026-01-21T08:24:36+00:00\" \/>\n<meta property=\"og:image\" content=\"https:\/\/www.peraavm.com\/wp-content\/uploads\/2026\/01\/555555-Recovered.png\" \/>\n\t<meta property=\"og:image:width\" content=\"398\" \/>\n\t<meta property=\"og:image:height\" content=\"472\" \/>\n\t<meta property=\"og:image:type\" content=\"image\/png\" \/>\n<meta name=\"twitter:card\" content=\"summary_large_image\" \/>\n<meta name=\"twitter:label1\" content=\"Tahmini okuma s\u00fcresi\" \/>\n\t<meta name=\"twitter:data1\" content=\"1 dakika\" \/>\n<script type=\"application\/ld+json\" class=\"yoast-schema-graph\">{\"@context\":\"https:\/\/schema.org\",\"@graph\":[{\"@type\":\"WebPage\",\"@id\":\"https:\/\/www.peraavm.com\/index.php\/urun\/paslanmaz-cezve-sutluk-buyuk-boy\/\",\"url\":\"https:\/\/www.peraavm.com\/index.php\/urun\/paslanmaz-cezve-sutluk-buyuk-boy\/\",\"name\":\"Paslanmaz Cezve S\u00fctl\u00fck B\u00fcy\u00fck Boy |\",\"isPartOf\":{\"@id\":\"https:\/\/www.peraavm.com\/#website\"},\"primaryImageOfPage\":{\"@id\":\"https:\/\/www.peraavm.com\/index.php\/urun\/paslanmaz-cezve-sutluk-buyuk-boy\/#primaryimage\"},\"image\":{\"@id\":\"https:\/\/www.peraavm.com\/index.php\/urun\/paslanmaz-cezve-sutluk-buyuk-boy\/#primaryimage\"},\"thumbnailUrl\":\"https:\/\/www.peraavm.com\/wp-content\/uploads\/2026\/01\/555555-Recovered.png\",\"datePublished\":\"2026-01-21T08:20:58+00:00\",\"dateModified\":\"2026-01-21T08:24:36+00:00\",\"description\":\"\u00dcr\u00fcn A\u00e7\u0131klamas\u0131- Dayan\u0131kl\u0131 \u00e7elik malzemesi ile uzun \u00f6m\u00fcrl\u00fc kullan\u0131m sunar.- Tek par\u00e7a halinde gelen bu set, mutfakta pratiklik sa\u011flar.- \u015e\u0131k g\u00fcm\u00fc\u015f rengiyle mutfa\u011f\u0131n\u0131za modern bir dokunu\u015f katar.- Kolay temizlenebilir yap\u0131s\u0131 sayesinde hijyenik bir kullan\u0131m imkan\u0131 tan\u0131r.\",\"breadcrumb\":{\"@id\":\"https:\/\/www.peraavm.com\/index.php\/urun\/paslanmaz-cezve-sutluk-buyuk-boy\/#breadcrumb\"},\"inLanguage\":\"tr\",\"potentialAction\":[{\"@type\":\"ReadAction\",\"target\":[\"https:\/\/www.peraavm.com\/index.php\/urun\/paslanmaz-cezve-sutluk-buyuk-boy\/\"]}]},{\"@type\":\"ImageObject\",\"inLanguage\":\"tr\",\"@id\":\"https:\/\/www.peraavm.com\/index.php\/urun\/paslanmaz-cezve-sutluk-buyuk-boy\/#primaryimage\",\"url\":\"https:\/\/www.peraavm.com\/wp-content\/uploads\/2026\/01\/555555-Recovered.png\",\"contentUrl\":\"https:\/\/www.peraavm.com\/wp-content\/uploads\/2026\/01\/555555-Recovered.png\",\"width\":398,\"height\":472},{\"@type\":\"BreadcrumbList\",\"@id\":\"https:\/\/www.peraavm.com\/index.php\/urun\/paslanmaz-cezve-sutluk-buyuk-boy\/#breadcrumb\",\"itemListElement\":[{\"@type\":\"ListItem\",\"position\":1,\"name\":\"Anasayfa\",\"item\":\"https:\/\/www.peraavm.com\/\"},{\"@type\":\"ListItem\",\"position\":2,\"name\":\"Magaza\",\"item\":\"https:\/\/www.peraavm.com\/index.php\/magaza\/\"},{\"@type\":\"ListItem\",\"position\":3,\"name\":\"Paslanmaz Cezve S\u00fctl\u00fck B\u00fcy\u00fck Boy\"}]},{\"@type\":\"WebSite\",\"@id\":\"https:\/\/www.peraavm.com\/#website\",\"url\":\"https:\/\/www.peraavm.com\/\",\"name\":\"Pratikmagazam.com\",\"description\":\"\",\"publisher\":{\"@id\":\"https:\/\/www.peraavm.com\/#organization\"},\"potentialAction\":[{\"@type\":\"SearchAction\",\"target\":{\"@type\":\"EntryPoint\",\"urlTemplate\":\"https:\/\/www.peraavm.com\/?s={search_term_string}\"},\"query-input\":{\"@type\":\"PropertyValueSpecification\",\"valueRequired\":true,\"valueName\":\"search_term_string\"}}],\"inLanguage\":\"tr\"},{\"@type\":\"Organization\",\"@id\":\"https:\/\/www.peraavm.com\/#organization\",\"name\":\"pratikmagazam.com\",\"url\":\"https:\/\/www.peraavm.com\/\",\"logo\":{\"@type\":\"ImageObject\",\"inLanguage\":\"tr\",\"@id\":\"https:\/\/www.peraavm.com\/#\/schema\/logo\/image\/\",\"url\":\"https:\/\/www.pratikmagazam.com\/wp-content\/uploads\/2021\/11\/Ekran-Resmi-2021-11-17-08.16.13.png\",\"contentUrl\":\"https:\/\/www.pratikmagazam.com\/wp-content\/uploads\/2021\/11\/Ekran-Resmi-2021-11-17-08.16.13.png\",\"width\":477,\"height\":135,\"caption\":\"pratikmagazam.com\"},\"image\":{\"@id\":\"https:\/\/www.peraavm.com\/#\/schema\/logo\/image\/\"},\"sameAs\":[\"https:\/\/instagram.com\/pratikmagazam?utm_medium=copy_link\"]}]}<\/script>\n<!-- \/ Yoast SEO plugin. -->","yoast_head_json":{"title":"Paslanmaz Cezve S\u00fctl\u00fck B\u00fcy\u00fck Boy |","description":"\u00dcr\u00fcn A\u00e7\u0131klamas\u0131- Dayan\u0131kl\u0131 \u00e7elik malzemesi ile uzun \u00f6m\u00fcrl\u00fc kullan\u0131m sunar.- Tek par\u00e7a halinde gelen bu set, mutfakta pratiklik sa\u011flar.- \u015e\u0131k g\u00fcm\u00fc\u015f rengiyle mutfa\u011f\u0131n\u0131za modern bir dokunu\u015f katar.- Kolay temizlenebilir yap\u0131s\u0131 sayesinde hijyenik bir kullan\u0131m imkan\u0131 tan\u0131r.","robots":{"index":"index","follow":"follow","max-snippet":"max-snippet:-1","max-image-preview":"max-image-preview:large","max-video-preview":"max-video-preview:-1"},"canonical":"https:\/\/www.peraavm.com\/index.php\/urun\/paslanmaz-cezve-sutluk-buyuk-boy\/","og_locale":"tr_TR","og_type":"article","og_title":"Paslanmaz Cezve S\u00fctl\u00fck B\u00fcy\u00fck Boy |","og_description":"\u00dcr\u00fcn A\u00e7\u0131klamas\u0131- Dayan\u0131kl\u0131 \u00e7elik malzemesi ile uzun \u00f6m\u00fcrl\u00fc kullan\u0131m sunar.- Tek par\u00e7a halinde gelen bu set, mutfakta pratiklik sa\u011flar.- \u015e\u0131k g\u00fcm\u00fc\u015f rengiyle mutfa\u011f\u0131n\u0131za modern bir dokunu\u015f katar.- Kolay temizlenebilir yap\u0131s\u0131 sayesinde hijyenik bir kullan\u0131m imkan\u0131 tan\u0131r.","og_url":"https:\/\/www.peraavm.com\/index.php\/urun\/paslanmaz-cezve-sutluk-buyuk-boy\/","article_modified_time":"2026-01-21T08:24:36+00:00","og_image":[{"width":398,"height":472,"url":"https:\/\/www.peraavm.com\/wp-content\/uploads\/2026\/01\/555555-Recovered.png","type":"image\/png"}],"twitter_card":"summary_large_image","twitter_misc":{"Tahmini okuma s\u00fcresi":"1 dakika"},"schema":{"@context":"https:\/\/schema.org","@graph":[{"@type":"WebPage","@id":"https:\/\/www.peraavm.com\/index.php\/urun\/paslanmaz-cezve-sutluk-buyuk-boy\/","url":"https:\/\/www.peraavm.com\/index.php\/urun\/paslanmaz-cezve-sutluk-buyuk-boy\/","name":"Paslanmaz Cezve S\u00fctl\u00fck B\u00fcy\u00fck Boy |","isPartOf":{"@id":"https:\/\/www.peraavm.com\/#website"},"primaryImageOfPage":{"@id":"https:\/\/www.peraavm.com\/index.php\/urun\/paslanmaz-cezve-sutluk-buyuk-boy\/#primaryimage"},"image":{"@id":"https:\/\/www.peraavm.com\/index.php\/urun\/paslanmaz-cezve-sutluk-buyuk-boy\/#primaryimage"},"thumbnailUrl":"https:\/\/www.peraavm.com\/wp-content\/uploads\/2026\/01\/555555-Recovered.png","datePublished":"2026-01-21T08:20:58+00:00","dateModified":"2026-01-21T08:24:36+00:00","description":"\u00dcr\u00fcn A\u00e7\u0131klamas\u0131- Dayan\u0131kl\u0131 \u00e7elik malzemesi ile uzun \u00f6m\u00fcrl\u00fc kullan\u0131m sunar.- Tek par\u00e7a halinde gelen bu set, mutfakta pratiklik sa\u011flar.- \u015e\u0131k g\u00fcm\u00fc\u015f rengiyle mutfa\u011f\u0131n\u0131za modern bir dokunu\u015f katar.- Kolay temizlenebilir yap\u0131s\u0131 sayesinde hijyenik bir kullan\u0131m imkan\u0131 tan\u0131r.","breadcrumb":{"@id":"https:\/\/www.peraavm.com\/index.php\/urun\/paslanmaz-cezve-sutluk-buyuk-boy\/#breadcrumb"},"inLanguage":"tr","potentialAction":[{"@type":"ReadAction","target":["https:\/\/www.peraavm.com\/index.php\/urun\/paslanmaz-cezve-sutluk-buyuk-boy\/"]}]},{"@type":"ImageObject","inLanguage":"tr","@id":"https:\/\/www.peraavm.com\/index.php\/urun\/paslanmaz-cezve-sutluk-buyuk-boy\/#primaryimage","url":"https:\/\/www.peraavm.com\/wp-content\/uploads\/2026\/01\/555555-Recovered.png","contentUrl":"https:\/\/www.peraavm.com\/wp-content\/uploads\/2026\/01\/555555-Recovered.png","width":398,"height":472},{"@type":"BreadcrumbList","@id":"https:\/\/www.peraavm.com\/index.php\/urun\/paslanmaz-cezve-sutluk-buyuk-boy\/#breadcrumb","itemListElement":[{"@type":"ListItem","position":1,"name":"Anasayfa","item":"https:\/\/www.peraavm.com\/"},{"@type":"ListItem","position":2,"name":"Magaza","item":"https:\/\/www.peraavm.com\/index.php\/magaza\/"},{"@type":"ListItem","position":3,"name":"Paslanmaz Cezve S\u00fctl\u00fck B\u00fcy\u00fck Boy"}]},{"@type":"WebSite","@id":"https:\/\/www.peraavm.com\/#website","url":"https:\/\/www.peraavm.com\/","name":"Pratikmagazam.com","description":"","publisher":{"@id":"https:\/\/www.peraavm.com\/#organization"},"potentialAction":[{"@type":"SearchAction","target":{"@type":"EntryPoint","urlTemplate":"https:\/\/www.peraavm.com\/?s={search_term_string}"},"query-input":{"@type":"PropertyValueSpecification","valueRequired":true,"valueName":"search_term_string"}}],"inLanguage":"tr"},{"@type":"Organization","@id":"https:\/\/www.peraavm.com\/#organization","name":"pratikmagazam.com","url":"https:\/\/www.peraavm.com\/","logo":{"@type":"ImageObject","inLanguage":"tr","@id":"https:\/\/www.peraavm.com\/#\/schema\/logo\/image\/","url":"https:\/\/www.pratikmagazam.com\/wp-content\/uploads\/2021\/11\/Ekran-Resmi-2021-11-17-08.16.13.png","contentUrl":"https:\/\/www.pratikmagazam.com\/wp-content\/uploads\/2021\/11\/Ekran-Resmi-2021-11-17-08.16.13.png","width":477,"height":135,"caption":"pratikmagazam.com"},"image":{"@id":"https:\/\/www.peraavm.com\/#\/schema\/logo\/image\/"},"sameAs":["https:\/\/instagram.com\/pratikmagazam?utm_medium=copy_link"]}]}},"_links":{"self":[{"href":"https:\/\/www.peraavm.com\/index.php\/wp-json\/wp\/v2\/product\/3132","targetHints":{"allow":["GET"]}}],"collection":[{"href":"https:\/\/www.peraavm.com\/index.php\/wp-json\/wp\/v2\/product"}],"about":[{"href":"https:\/\/www.peraavm.com\/index.php\/wp-json\/wp\/v2\/types\/product"}],"replies":[{"embeddable":true,"href":"https:\/\/www.peraavm.com\/index.php\/wp-json\/wp\/v2\/comments?post=3132"}],"wp:featuredmedia":[{"embeddable":true,"href":"https:\/\/www.peraavm.com\/index.php\/wp-json\/wp\/v2\/media\/3133"}],"wp:attachment":[{"href":"https:\/\/www.peraavm.com\/index.php\/wp-json\/wp\/v2\/media?parent=3132"}],"wp:term":[{"taxonomy":"product_brand","embeddable":true,"href":"https:\/\/www.peraavm.com\/index.php\/wp-json\/wp\/v2\/product_brand?post=3132"},{"taxonomy":"product_cat","embeddable":true,"href":"https:\/\/www.peraavm.com\/index.php\/wp-json\/wp\/v2\/product_cat?post=3132"},{"taxonomy":"product_tag","embeddable":true,"href":"https:\/\/www.peraavm.com\/index.php\/wp-json\/wp\/v2\/product_tag?post=3132"}],"curies":[{"name":"wp","href":"https:\/\/api.w.org\/{rel}","templated":true}]}}