{"id":3135,"date":"2026-01-21T08:25:29","date_gmt":"2026-01-21T08:25:29","guid":{"rendered":"https:\/\/www.peraavm.com\/?post_type=product&#038;p=3135"},"modified":"2026-01-21T08:26:30","modified_gmt":"2026-01-21T08:26:30","slug":"cezve-no-6-buyuk-boy-kahve-cezvesi-metal-8-fincan-cap-10-cm-800-ml","status":"publish","type":"product","link":"https:\/\/www.peraavm.com\/index.php\/urun\/cezve-no-6-buyuk-boy-kahve-cezvesi-metal-8-fincan-cap-10-cm-800-ml\/","title":{"rendered":"Cezve No.6 B\u00fcy\u00fck Boy &#8211; Kahve Cezvesi Metal ( 8 fincan- \u00e7ap 10 cm 800 ml )"},"content":{"rendered":"<div id=\"product-description\">\n<div class=\"product-description visible\" data-drroot=\"product-description\" data-fragment=\"product-description\">\n<div id=\"product-content-wrapper\" class=\"product-content-wrapper__text content-description-content\" data-testid=\"product-description-content\">\n<div id=\"rich-content-wrapper\">\n<div>&#8211;\u00a0<b>Y\u00fcksek kaliteli \u00e7elik malzemeden \u00fcretilmi\u015f, uzun \u00f6m\u00fcrl\u00fc kullan\u0131m sunar.- B\u00fcy\u00fck boy tasar\u0131m\u0131 ile 8 fincana kadar kahve haz\u0131rlama kapasitesine sahiptir.- 10 cm \u00e7ap\u0131nda geni\u015f taban\u0131 sayesinde \u0131s\u0131y\u0131 e\u015fit \u015fekilde da\u011f\u0131tarak m\u00fckemmel pi\u015firme performans\u0131 sa\u011flar.- 800 ml kapasitesiyle tek seferde b\u00fcy\u00fck miktarlarda kahve yapman\u0131z\u0131 m\u00fcmk\u00fcn k\u0131lar.- Men\u015fei T\u00fcrkiye&#8217;den gelen bu \u00fcr\u00fcn, yerli \u00fcretim avantaj\u0131n\u0131 yans\u0131t\u0131rken uluslararas\u0131 standartlara uygun kaliteye sahiptir.<\/b><\/div>\n<div><b>\u00a0<\/b><\/div>\n<div><b>Kahve Cezvesi Metal ( 8 fincan- \u00e7ap 10 cm 800 ml )<\/b><\/div>\n<\/div>\n<\/div>\n<\/div>\n<\/div>\n<div id=\"product-feedback\">\n<div class=\"product-feedback\" data-testid=\"product-feedback\" data-fragment=\"product-feedback\"><\/div>\n<\/div>\n<div id=\"collection-recommendation\">\n<div class=\"collection-recommendation-wrapper\" data-fragment=\"collection-recommendation\"><\/div>\n<\/div>\n","protected":false},"excerpt":{"rendered":"<div id=\"product-description\">\n<div class=\"product-description visible\" data-drroot=\"product-description\" data-fragment=\"product-description\">\n<div id=\"product-content-wrapper\" class=\"product-content-wrapper__text content-description-content\" data-testid=\"product-description-content\">\n<div id=\"rich-content-wrapper\">\n<div>&#8211;\u00a0<b>Y\u00fcksek kaliteli \u00e7elik malzemeden \u00fcretilmi\u015f, uzun \u00f6m\u00fcrl\u00fc kullan\u0131m sunar.- B\u00fcy\u00fck boy tasar\u0131m\u0131 ile 8 fincana kadar kahve haz\u0131rlama kapasitesine sahiptir.- 10 cm \u00e7ap\u0131nda geni\u015f taban\u0131 sayesinde \u0131s\u0131y\u0131 e\u015fit \u015fekilde da\u011f\u0131tarak m\u00fckemmel pi\u015firme performans\u0131 sa\u011flar.- 800 ml kapasitesiyle tek seferde b\u00fcy\u00fck miktarlarda kahve yapman\u0131z\u0131 m\u00fcmk\u00fcn k\u0131lar.- Men\u015fei T\u00fcrkiye&#8217;den gelen bu \u00fcr\u00fcn, yerli \u00fcretim avantaj\u0131n\u0131 yans\u0131t\u0131rken uluslararas\u0131 standartlara uygun kaliteye sahiptir.<\/b><\/div>\n<div><b>\u00a0<\/b><\/div>\n<div><b>Kahve Cezvesi Metal ( 8 fincan- \u00e7ap 10 cm 800 ml )<\/b><\/div>\n<\/div>\n<\/div>\n<\/div>\n<\/div>\n<div id=\"product-feedback\">\n<div class=\"product-feedback\" data-testid=\"product-feedback\" data-fragment=\"product-feedback\"><\/div>\n<\/div>\n<div id=\"collection-recommendation\">\n<div class=\"collection-recommendation-wrapper\" data-fragment=\"collection-recommendation\"><\/div>\n<\/div>\n","protected":false},"featured_media":3129,"comment_status":"open","ping_status":"closed","template":"","meta":[],"product_brand":[],"product_cat":[29,15],"product_tag":[],"class_list":{"0":"post-3135","1":"product","2":"type-product","3":"status-publish","4":"has-post-thumbnail","6":"product_cat-mutfak-gerecleri","7":"product_cat-tum-urunler","9":"first","10":"instock","11":"sale","12":"taxable","13":"shipping-taxable","14":"purchasable","15":"product-type-simple"},"yoast_head":"<!-- This site is optimized with the Yoast SEO plugin v27.2 - https:\/\/yoast.com\/product\/yoast-seo-wordpress\/ -->\n<title>Cezve No.6 B\u00fcy\u00fck Boy - Kahve Cezvesi Metal ( 8 fincan- \u00e7ap 10 cm 800 ml ) |<\/title>\n<meta name=\"description\" content=\"- Y\u00fcksek kaliteli \u00e7elik malzemeden \u00fcretilmi\u015f, uzun \u00f6m\u00fcrl\u00fc kullan\u0131m sunar.- B\u00fcy\u00fck boy tasar\u0131m\u0131 ile 8 fincana kadar kahve haz\u0131rlama kapasitesine sahiptir.- 10 cm \u00e7ap\u0131nda geni\u015f taban\u0131 sayesinde \u0131s\u0131y\u0131 e\u015fit \u015fekilde da\u011f\u0131tarak m\u00fckemmel pi\u015firme performans\u0131 sa\u011flar.- 800 ml kapasitesiyle tek seferde b\u00fcy\u00fck miktarlarda kahve yapman\u0131z\u0131 m\u00fcmk\u00fcn k\u0131lar.- Men\u015fei T\u00fcrkiye&#039;den gelen bu \u00fcr\u00fcn, yerli \u00fcretim avantaj\u0131n\u0131 yans\u0131t\u0131rken uluslararas\u0131 standartlara uygun kaliteye sahiptir.Kahve Cezvesi Metal ( 8 fincan- \u00e7ap 10 cm 800 ml )\" \/>\n<meta name=\"robots\" content=\"index, follow, max-snippet:-1, max-image-preview:large, max-video-preview:-1\" \/>\n<link rel=\"canonical\" href=\"https:\/\/www.peraavm.com\/index.php\/urun\/cezve-no-6-buyuk-boy-kahve-cezvesi-metal-8-fincan-cap-10-cm-800-ml\/\" \/>\n<meta property=\"og:locale\" content=\"tr_TR\" \/>\n<meta property=\"og:type\" content=\"article\" \/>\n<meta property=\"og:title\" content=\"Cezve No.6 B\u00fcy\u00fck Boy - Kahve Cezvesi Metal ( 8 fincan- \u00e7ap 10 cm 800 ml ) |\" \/>\n<meta property=\"og:description\" content=\"- Y\u00fcksek kaliteli \u00e7elik malzemeden \u00fcretilmi\u015f, uzun \u00f6m\u00fcrl\u00fc kullan\u0131m sunar.- B\u00fcy\u00fck boy tasar\u0131m\u0131 ile 8 fincana kadar kahve haz\u0131rlama kapasitesine sahiptir.- 10 cm \u00e7ap\u0131nda geni\u015f taban\u0131 sayesinde \u0131s\u0131y\u0131 e\u015fit \u015fekilde da\u011f\u0131tarak m\u00fckemmel pi\u015firme performans\u0131 sa\u011flar.- 800 ml kapasitesiyle tek seferde b\u00fcy\u00fck miktarlarda kahve yapman\u0131z\u0131 m\u00fcmk\u00fcn k\u0131lar.- Men\u015fei T\u00fcrkiye&#039;den gelen bu \u00fcr\u00fcn, yerli \u00fcretim avantaj\u0131n\u0131 yans\u0131t\u0131rken uluslararas\u0131 standartlara uygun kaliteye sahiptir.Kahve Cezvesi Metal ( 8 fincan- \u00e7ap 10 cm 800 ml )\" \/>\n<meta property=\"og:url\" content=\"https:\/\/www.peraavm.com\/index.php\/urun\/cezve-no-6-buyuk-boy-kahve-cezvesi-metal-8-fincan-cap-10-cm-800-ml\/\" \/>\n<meta property=\"article:modified_time\" content=\"2026-01-21T08:26:30+00:00\" \/>\n<meta property=\"og:image\" content=\"https:\/\/www.peraavm.com\/wp-content\/uploads\/2026\/01\/444444444.png\" \/>\n\t<meta property=\"og:image:width\" content=\"398\" \/>\n\t<meta property=\"og:image:height\" content=\"472\" \/>\n\t<meta property=\"og:image:type\" content=\"image\/png\" \/>\n<meta name=\"twitter:card\" content=\"summary_large_image\" \/>\n<meta name=\"twitter:label1\" content=\"Tahmini okuma s\u00fcresi\" \/>\n\t<meta name=\"twitter:data1\" content=\"1 dakika\" \/>\n<script type=\"application\/ld+json\" class=\"yoast-schema-graph\">{\"@context\":\"https:\/\/schema.org\",\"@graph\":[{\"@type\":\"WebPage\",\"@id\":\"https:\/\/www.peraavm.com\/index.php\/urun\/cezve-no-6-buyuk-boy-kahve-cezvesi-metal-8-fincan-cap-10-cm-800-ml\/\",\"url\":\"https:\/\/www.peraavm.com\/index.php\/urun\/cezve-no-6-buyuk-boy-kahve-cezvesi-metal-8-fincan-cap-10-cm-800-ml\/\",\"name\":\"Cezve No.6 B\u00fcy\u00fck Boy - Kahve Cezvesi Metal ( 8 fincan- \u00e7ap 10 cm 800 ml ) |\",\"isPartOf\":{\"@id\":\"https:\/\/www.peraavm.com\/#website\"},\"primaryImageOfPage\":{\"@id\":\"https:\/\/www.peraavm.com\/index.php\/urun\/cezve-no-6-buyuk-boy-kahve-cezvesi-metal-8-fincan-cap-10-cm-800-ml\/#primaryimage\"},\"image\":{\"@id\":\"https:\/\/www.peraavm.com\/index.php\/urun\/cezve-no-6-buyuk-boy-kahve-cezvesi-metal-8-fincan-cap-10-cm-800-ml\/#primaryimage\"},\"thumbnailUrl\":\"https:\/\/www.peraavm.com\/wp-content\/uploads\/2026\/01\/444444444.png\",\"datePublished\":\"2026-01-21T08:25:29+00:00\",\"dateModified\":\"2026-01-21T08:26:30+00:00\",\"description\":\"- Y\u00fcksek kaliteli \u00e7elik malzemeden \u00fcretilmi\u015f, uzun \u00f6m\u00fcrl\u00fc kullan\u0131m sunar.- B\u00fcy\u00fck boy tasar\u0131m\u0131 ile 8 fincana kadar kahve haz\u0131rlama kapasitesine sahiptir.- 10 cm \u00e7ap\u0131nda geni\u015f taban\u0131 sayesinde \u0131s\u0131y\u0131 e\u015fit \u015fekilde da\u011f\u0131tarak m\u00fckemmel pi\u015firme performans\u0131 sa\u011flar.- 800 ml kapasitesiyle tek seferde b\u00fcy\u00fck miktarlarda kahve yapman\u0131z\u0131 m\u00fcmk\u00fcn k\u0131lar.- Men\u015fei T\u00fcrkiye'den gelen bu \u00fcr\u00fcn, yerli \u00fcretim avantaj\u0131n\u0131 yans\u0131t\u0131rken uluslararas\u0131 standartlara uygun kaliteye sahiptir.Kahve Cezvesi Metal ( 8 fincan- \u00e7ap 10 cm 800 ml )\",\"breadcrumb\":{\"@id\":\"https:\/\/www.peraavm.com\/index.php\/urun\/cezve-no-6-buyuk-boy-kahve-cezvesi-metal-8-fincan-cap-10-cm-800-ml\/#breadcrumb\"},\"inLanguage\":\"tr\",\"potentialAction\":[{\"@type\":\"ReadAction\",\"target\":[\"https:\/\/www.peraavm.com\/index.php\/urun\/cezve-no-6-buyuk-boy-kahve-cezvesi-metal-8-fincan-cap-10-cm-800-ml\/\"]}]},{\"@type\":\"ImageObject\",\"inLanguage\":\"tr\",\"@id\":\"https:\/\/www.peraavm.com\/index.php\/urun\/cezve-no-6-buyuk-boy-kahve-cezvesi-metal-8-fincan-cap-10-cm-800-ml\/#primaryimage\",\"url\":\"https:\/\/www.peraavm.com\/wp-content\/uploads\/2026\/01\/444444444.png\",\"contentUrl\":\"https:\/\/www.peraavm.com\/wp-content\/uploads\/2026\/01\/444444444.png\",\"width\":398,\"height\":472},{\"@type\":\"BreadcrumbList\",\"@id\":\"https:\/\/www.peraavm.com\/index.php\/urun\/cezve-no-6-buyuk-boy-kahve-cezvesi-metal-8-fincan-cap-10-cm-800-ml\/#breadcrumb\",\"itemListElement\":[{\"@type\":\"ListItem\",\"position\":1,\"name\":\"Anasayfa\",\"item\":\"https:\/\/www.peraavm.com\/\"},{\"@type\":\"ListItem\",\"position\":2,\"name\":\"Magaza\",\"item\":\"https:\/\/www.peraavm.com\/index.php\/magaza\/\"},{\"@type\":\"ListItem\",\"position\":3,\"name\":\"Cezve No.6 B\u00fcy\u00fck Boy &#8211; Kahve Cezvesi Metal ( 8 fincan- \u00e7ap 10 cm 800 ml )\"}]},{\"@type\":\"WebSite\",\"@id\":\"https:\/\/www.peraavm.com\/#website\",\"url\":\"https:\/\/www.peraavm.com\/\",\"name\":\"Pratikmagazam.com\",\"description\":\"\",\"publisher\":{\"@id\":\"https:\/\/www.peraavm.com\/#organization\"},\"potentialAction\":[{\"@type\":\"SearchAction\",\"target\":{\"@type\":\"EntryPoint\",\"urlTemplate\":\"https:\/\/www.peraavm.com\/?s={search_term_string}\"},\"query-input\":{\"@type\":\"PropertyValueSpecification\",\"valueRequired\":true,\"valueName\":\"search_term_string\"}}],\"inLanguage\":\"tr\"},{\"@type\":\"Organization\",\"@id\":\"https:\/\/www.peraavm.com\/#organization\",\"name\":\"pratikmagazam.com\",\"url\":\"https:\/\/www.peraavm.com\/\",\"logo\":{\"@type\":\"ImageObject\",\"inLanguage\":\"tr\",\"@id\":\"https:\/\/www.peraavm.com\/#\/schema\/logo\/image\/\",\"url\":\"https:\/\/www.pratikmagazam.com\/wp-content\/uploads\/2021\/11\/Ekran-Resmi-2021-11-17-08.16.13.png\",\"contentUrl\":\"https:\/\/www.pratikmagazam.com\/wp-content\/uploads\/2021\/11\/Ekran-Resmi-2021-11-17-08.16.13.png\",\"width\":477,\"height\":135,\"caption\":\"pratikmagazam.com\"},\"image\":{\"@id\":\"https:\/\/www.peraavm.com\/#\/schema\/logo\/image\/\"},\"sameAs\":[\"https:\/\/instagram.com\/pratikmagazam?utm_medium=copy_link\"]}]}<\/script>\n<!-- \/ Yoast SEO plugin. -->","yoast_head_json":{"title":"Cezve No.6 B\u00fcy\u00fck Boy - Kahve Cezvesi Metal ( 8 fincan- \u00e7ap 10 cm 800 ml ) |","description":"- Y\u00fcksek kaliteli \u00e7elik malzemeden \u00fcretilmi\u015f, uzun \u00f6m\u00fcrl\u00fc kullan\u0131m sunar.- B\u00fcy\u00fck boy tasar\u0131m\u0131 ile 8 fincana kadar kahve haz\u0131rlama kapasitesine sahiptir.- 10 cm \u00e7ap\u0131nda geni\u015f taban\u0131 sayesinde \u0131s\u0131y\u0131 e\u015fit \u015fekilde da\u011f\u0131tarak m\u00fckemmel pi\u015firme performans\u0131 sa\u011flar.- 800 ml kapasitesiyle tek seferde b\u00fcy\u00fck miktarlarda kahve yapman\u0131z\u0131 m\u00fcmk\u00fcn k\u0131lar.- Men\u015fei T\u00fcrkiye'den gelen bu \u00fcr\u00fcn, yerli \u00fcretim avantaj\u0131n\u0131 yans\u0131t\u0131rken uluslararas\u0131 standartlara uygun kaliteye sahiptir.Kahve Cezvesi Metal ( 8 fincan- \u00e7ap 10 cm 800 ml )","robots":{"index":"index","follow":"follow","max-snippet":"max-snippet:-1","max-image-preview":"max-image-preview:large","max-video-preview":"max-video-preview:-1"},"canonical":"https:\/\/www.peraavm.com\/index.php\/urun\/cezve-no-6-buyuk-boy-kahve-cezvesi-metal-8-fincan-cap-10-cm-800-ml\/","og_locale":"tr_TR","og_type":"article","og_title":"Cezve No.6 B\u00fcy\u00fck Boy - Kahve Cezvesi Metal ( 8 fincan- \u00e7ap 10 cm 800 ml ) |","og_description":"- Y\u00fcksek kaliteli \u00e7elik malzemeden \u00fcretilmi\u015f, uzun \u00f6m\u00fcrl\u00fc kullan\u0131m sunar.- B\u00fcy\u00fck boy tasar\u0131m\u0131 ile 8 fincana kadar kahve haz\u0131rlama kapasitesine sahiptir.- 10 cm \u00e7ap\u0131nda geni\u015f taban\u0131 sayesinde \u0131s\u0131y\u0131 e\u015fit \u015fekilde da\u011f\u0131tarak m\u00fckemmel pi\u015firme performans\u0131 sa\u011flar.- 800 ml kapasitesiyle tek seferde b\u00fcy\u00fck miktarlarda kahve yapman\u0131z\u0131 m\u00fcmk\u00fcn k\u0131lar.- Men\u015fei T\u00fcrkiye'den gelen bu \u00fcr\u00fcn, yerli \u00fcretim avantaj\u0131n\u0131 yans\u0131t\u0131rken uluslararas\u0131 standartlara uygun kaliteye sahiptir.Kahve Cezvesi Metal ( 8 fincan- \u00e7ap 10 cm 800 ml )","og_url":"https:\/\/www.peraavm.com\/index.php\/urun\/cezve-no-6-buyuk-boy-kahve-cezvesi-metal-8-fincan-cap-10-cm-800-ml\/","article_modified_time":"2026-01-21T08:26:30+00:00","og_image":[{"width":398,"height":472,"url":"https:\/\/www.peraavm.com\/wp-content\/uploads\/2026\/01\/444444444.png","type":"image\/png"}],"twitter_card":"summary_large_image","twitter_misc":{"Tahmini okuma s\u00fcresi":"1 dakika"},"schema":{"@context":"https:\/\/schema.org","@graph":[{"@type":"WebPage","@id":"https:\/\/www.peraavm.com\/index.php\/urun\/cezve-no-6-buyuk-boy-kahve-cezvesi-metal-8-fincan-cap-10-cm-800-ml\/","url":"https:\/\/www.peraavm.com\/index.php\/urun\/cezve-no-6-buyuk-boy-kahve-cezvesi-metal-8-fincan-cap-10-cm-800-ml\/","name":"Cezve No.6 B\u00fcy\u00fck Boy - Kahve Cezvesi Metal ( 8 fincan- \u00e7ap 10 cm 800 ml ) |","isPartOf":{"@id":"https:\/\/www.peraavm.com\/#website"},"primaryImageOfPage":{"@id":"https:\/\/www.peraavm.com\/index.php\/urun\/cezve-no-6-buyuk-boy-kahve-cezvesi-metal-8-fincan-cap-10-cm-800-ml\/#primaryimage"},"image":{"@id":"https:\/\/www.peraavm.com\/index.php\/urun\/cezve-no-6-buyuk-boy-kahve-cezvesi-metal-8-fincan-cap-10-cm-800-ml\/#primaryimage"},"thumbnailUrl":"https:\/\/www.peraavm.com\/wp-content\/uploads\/2026\/01\/444444444.png","datePublished":"2026-01-21T08:25:29+00:00","dateModified":"2026-01-21T08:26:30+00:00","description":"- Y\u00fcksek kaliteli \u00e7elik malzemeden \u00fcretilmi\u015f, uzun \u00f6m\u00fcrl\u00fc kullan\u0131m sunar.- B\u00fcy\u00fck boy tasar\u0131m\u0131 ile 8 fincana kadar kahve haz\u0131rlama kapasitesine sahiptir.- 10 cm \u00e7ap\u0131nda geni\u015f taban\u0131 sayesinde \u0131s\u0131y\u0131 e\u015fit \u015fekilde da\u011f\u0131tarak m\u00fckemmel pi\u015firme performans\u0131 sa\u011flar.- 800 ml kapasitesiyle tek seferde b\u00fcy\u00fck miktarlarda kahve yapman\u0131z\u0131 m\u00fcmk\u00fcn k\u0131lar.- Men\u015fei T\u00fcrkiye'den gelen bu \u00fcr\u00fcn, yerli \u00fcretim avantaj\u0131n\u0131 yans\u0131t\u0131rken uluslararas\u0131 standartlara uygun kaliteye sahiptir.Kahve Cezvesi Metal ( 8 fincan- \u00e7ap 10 cm 800 ml )","breadcrumb":{"@id":"https:\/\/www.peraavm.com\/index.php\/urun\/cezve-no-6-buyuk-boy-kahve-cezvesi-metal-8-fincan-cap-10-cm-800-ml\/#breadcrumb"},"inLanguage":"tr","potentialAction":[{"@type":"ReadAction","target":["https:\/\/www.peraavm.com\/index.php\/urun\/cezve-no-6-buyuk-boy-kahve-cezvesi-metal-8-fincan-cap-10-cm-800-ml\/"]}]},{"@type":"ImageObject","inLanguage":"tr","@id":"https:\/\/www.peraavm.com\/index.php\/urun\/cezve-no-6-buyuk-boy-kahve-cezvesi-metal-8-fincan-cap-10-cm-800-ml\/#primaryimage","url":"https:\/\/www.peraavm.com\/wp-content\/uploads\/2026\/01\/444444444.png","contentUrl":"https:\/\/www.peraavm.com\/wp-content\/uploads\/2026\/01\/444444444.png","width":398,"height":472},{"@type":"BreadcrumbList","@id":"https:\/\/www.peraavm.com\/index.php\/urun\/cezve-no-6-buyuk-boy-kahve-cezvesi-metal-8-fincan-cap-10-cm-800-ml\/#breadcrumb","itemListElement":[{"@type":"ListItem","position":1,"name":"Anasayfa","item":"https:\/\/www.peraavm.com\/"},{"@type":"ListItem","position":2,"name":"Magaza","item":"https:\/\/www.peraavm.com\/index.php\/magaza\/"},{"@type":"ListItem","position":3,"name":"Cezve No.6 B\u00fcy\u00fck Boy &#8211; Kahve Cezvesi Metal ( 8 fincan- \u00e7ap 10 cm 800 ml )"}]},{"@type":"WebSite","@id":"https:\/\/www.peraavm.com\/#website","url":"https:\/\/www.peraavm.com\/","name":"Pratikmagazam.com","description":"","publisher":{"@id":"https:\/\/www.peraavm.com\/#organization"},"potentialAction":[{"@type":"SearchAction","target":{"@type":"EntryPoint","urlTemplate":"https:\/\/www.peraavm.com\/?s={search_term_string}"},"query-input":{"@type":"PropertyValueSpecification","valueRequired":true,"valueName":"search_term_string"}}],"inLanguage":"tr"},{"@type":"Organization","@id":"https:\/\/www.peraavm.com\/#organization","name":"pratikmagazam.com","url":"https:\/\/www.peraavm.com\/","logo":{"@type":"ImageObject","inLanguage":"tr","@id":"https:\/\/www.peraavm.com\/#\/schema\/logo\/image\/","url":"https:\/\/www.pratikmagazam.com\/wp-content\/uploads\/2021\/11\/Ekran-Resmi-2021-11-17-08.16.13.png","contentUrl":"https:\/\/www.pratikmagazam.com\/wp-content\/uploads\/2021\/11\/Ekran-Resmi-2021-11-17-08.16.13.png","width":477,"height":135,"caption":"pratikmagazam.com"},"image":{"@id":"https:\/\/www.peraavm.com\/#\/schema\/logo\/image\/"},"sameAs":["https:\/\/instagram.com\/pratikmagazam?utm_medium=copy_link"]}]}},"_links":{"self":[{"href":"https:\/\/www.peraavm.com\/index.php\/wp-json\/wp\/v2\/product\/3135","targetHints":{"allow":["GET"]}}],"collection":[{"href":"https:\/\/www.peraavm.com\/index.php\/wp-json\/wp\/v2\/product"}],"about":[{"href":"https:\/\/www.peraavm.com\/index.php\/wp-json\/wp\/v2\/types\/product"}],"replies":[{"embeddable":true,"href":"https:\/\/www.peraavm.com\/index.php\/wp-json\/wp\/v2\/comments?post=3135"}],"wp:featuredmedia":[{"embeddable":true,"href":"https:\/\/www.peraavm.com\/index.php\/wp-json\/wp\/v2\/media\/3129"}],"wp:attachment":[{"href":"https:\/\/www.peraavm.com\/index.php\/wp-json\/wp\/v2\/media?parent=3135"}],"wp:term":[{"taxonomy":"product_brand","embeddable":true,"href":"https:\/\/www.peraavm.com\/index.php\/wp-json\/wp\/v2\/product_brand?post=3135"},{"taxonomy":"product_cat","embeddable":true,"href":"https:\/\/www.peraavm.com\/index.php\/wp-json\/wp\/v2\/product_cat?post=3135"},{"taxonomy":"product_tag","embeddable":true,"href":"https:\/\/www.peraavm.com\/index.php\/wp-json\/wp\/v2\/product_tag?post=3135"}],"curies":[{"name":"wp","href":"https:\/\/api.w.org\/{rel}","templated":true}]}}