{"id":3136,"date":"2026-01-21T08:26:56","date_gmt":"2026-01-21T08:26:56","guid":{"rendered":"https:\/\/www.peraavm.com\/?post_type=product&#038;p=3136"},"modified":"2026-01-21T08:28:10","modified_gmt":"2026-01-21T08:28:10","slug":"paslanmaz-cezve-no4","status":"publish","type":"product","link":"https:\/\/www.peraavm.com\/index.php\/urun\/paslanmaz-cezve-no4\/","title":{"rendered":"Paslanmaz Cezve No:4"},"content":{"rendered":"<div id=\"product-description\">\n<div class=\"product-description visible\" data-drroot=\"product-description\" data-fragment=\"product-description\">\n<div id=\"product-content-wrapper\" class=\"product-content-wrapper__text content-description-content\" data-testid=\"product-description-content\">\n<div id=\"rich-content-wrapper\"><\/div>\n<\/div>\n<\/div>\n<\/div>\n<div id=\"product-feedback\">\n<div class=\"product-feedback\" data-testid=\"product-feedback\" data-fragment=\"product-feedback\">\n<ul>\n<li>\u00a0<b>PASLANMAZ 430 KAL\u0130TE \u00c7EL\u0130K CEZVE YANMAZ Bakalit Kulp Paslanmaz \u00e7elik yap\u0131s\u0131 sayesinde kahve pi\u015firmeden tutun, \u00e7ok ama\u00e7l\u0131 kullan\u0131ma uygundur.<\/b><b><br \/>\n<\/b><\/li>\n<li>\u00a0<b>ince kulp tasar\u0131m\u0131yla dikkat \u00e7eken k\u0131sm\u0131 \u0131s\u0131ya dayan\u0131kl\u0131d\u0131r.<\/b><b><br \/>\n<\/b><\/li>\n<li>\u00a0<b>Sa\u011fl\u0131kl\u0131 ve g\u00f6n\u00fcl rahatl\u0131\u011f\u0131yla kullanabilirsiniz.<\/b><\/li>\n<li>\u00a0<b>8,5 cm X 8 cm<\/b><\/li>\n<\/ul>\n<\/div>\n<\/div>\n<div id=\"collection-recommendation\">\n<div class=\"collection-recommendation-wrapper\" data-fragment=\"collection-recommendation\"><\/div>\n<\/div>\n","protected":false},"excerpt":{"rendered":"<div id=\"product-description\">\n<div class=\"product-description visible\" data-drroot=\"product-description\" data-fragment=\"product-description\">\n<div id=\"product-content-wrapper\" class=\"product-content-wrapper__text content-description-content\" data-testid=\"product-description-content\">\n<div id=\"rich-content-wrapper\">\n<div>\n<ul>\n<li>\u00a0<b>PASLANMAZ 430 KAL\u0130TE \u00c7EL\u0130K CEZVE YANMAZ Bakalit Kulp Paslanmaz \u00e7elik yap\u0131s\u0131 sayesinde kahve pi\u015firmeden tutun, \u00e7ok ama\u00e7l\u0131 kullan\u0131ma uygundur.<\/b><b><br \/>\n<\/b><\/li>\n<li>\u00a0<b>ince kulp tasar\u0131m\u0131yla dikkat \u00e7eken k\u0131sm\u0131 \u0131s\u0131ya dayan\u0131kl\u0131d\u0131r.<\/b><b><br \/>\n<\/b><\/li>\n<li>\u00a0<b>Sa\u011fl\u0131kl\u0131 ve g\u00f6n\u00fcl rahatl\u0131\u011f\u0131yla kullanabilirsiniz.<\/b><\/li>\n<li>\u00a0<b>8,5 cm X 8 cm<\/b><\/li>\n<\/ul>\n<\/div>\n<\/div>\n<\/div>\n<\/div>\n<\/div>\n<div id=\"product-feedback\">\n<div class=\"product-feedback\" data-testid=\"product-feedback\" data-fragment=\"product-feedback\"><\/div>\n<\/div>\n<div id=\"collection-recommendation\">\n<div class=\"collection-recommendation-wrapper\" data-fragment=\"collection-recommendation\"><\/div>\n<\/div>\n","protected":false},"featured_media":3129,"comment_status":"open","ping_status":"closed","template":"","meta":[],"product_brand":[],"product_cat":[29,15],"product_tag":[],"class_list":{"0":"post-3136","1":"product","2":"type-product","3":"status-publish","4":"has-post-thumbnail","6":"product_cat-mutfak-gerecleri","7":"product_cat-tum-urunler","9":"first","10":"instock","11":"sale","12":"taxable","13":"shipping-taxable","14":"purchasable","15":"product-type-simple"},"yoast_head":"<!-- This site is optimized with the Yoast SEO plugin v27.2 - https:\/\/yoast.com\/product\/yoast-seo-wordpress\/ -->\n<title>Paslanmaz Cezve No:4 |<\/title>\n<meta name=\"description\" content=\"PASLANMAZ 430 KAL\u0130TE \u00c7EL\u0130K CEZVE YANMAZ Bakalit Kulp Paslanmaz \u00e7elik yap\u0131s\u0131 sayesinde kahve pi\u015firmeden tutun, \u00e7ok ama\u00e7l\u0131 kullan\u0131ma uygundur. ince kulp tasar\u0131m\u0131yla dikkat \u00e7eken k\u0131sm\u0131 \u0131s\u0131ya dayan\u0131kl\u0131d\u0131r. Sa\u011fl\u0131kl\u0131 ve g\u00f6n\u00fcl rahatl\u0131\u011f\u0131yla kullanabilirsiniz. 8,5 cm X 8 cm\" \/>\n<meta name=\"robots\" content=\"index, follow, max-snippet:-1, max-image-preview:large, max-video-preview:-1\" \/>\n<link rel=\"canonical\" href=\"https:\/\/www.peraavm.com\/index.php\/urun\/paslanmaz-cezve-no4\/\" \/>\n<meta property=\"og:locale\" content=\"tr_TR\" \/>\n<meta property=\"og:type\" content=\"article\" \/>\n<meta property=\"og:title\" content=\"Paslanmaz Cezve No:4 |\" \/>\n<meta property=\"og:description\" content=\"PASLANMAZ 430 KAL\u0130TE \u00c7EL\u0130K CEZVE YANMAZ Bakalit Kulp Paslanmaz \u00e7elik yap\u0131s\u0131 sayesinde kahve pi\u015firmeden tutun, \u00e7ok ama\u00e7l\u0131 kullan\u0131ma uygundur. ince kulp tasar\u0131m\u0131yla dikkat \u00e7eken k\u0131sm\u0131 \u0131s\u0131ya dayan\u0131kl\u0131d\u0131r. Sa\u011fl\u0131kl\u0131 ve g\u00f6n\u00fcl rahatl\u0131\u011f\u0131yla kullanabilirsiniz. 8,5 cm X 8 cm\" \/>\n<meta property=\"og:url\" content=\"https:\/\/www.peraavm.com\/index.php\/urun\/paslanmaz-cezve-no4\/\" \/>\n<meta property=\"article:modified_time\" content=\"2026-01-21T08:28:10+00:00\" \/>\n<meta property=\"og:image\" content=\"https:\/\/www.peraavm.com\/wp-content\/uploads\/2026\/01\/444444444.png\" \/>\n\t<meta property=\"og:image:width\" content=\"398\" \/>\n\t<meta property=\"og:image:height\" content=\"472\" \/>\n\t<meta property=\"og:image:type\" content=\"image\/png\" \/>\n<meta name=\"twitter:card\" content=\"summary_large_image\" \/>\n<meta name=\"twitter:label1\" content=\"Tahmini okuma s\u00fcresi\" \/>\n\t<meta name=\"twitter:data1\" content=\"1 dakika\" \/>\n<script type=\"application\/ld+json\" class=\"yoast-schema-graph\">{\"@context\":\"https:\/\/schema.org\",\"@graph\":[{\"@type\":\"WebPage\",\"@id\":\"https:\/\/www.peraavm.com\/index.php\/urun\/paslanmaz-cezve-no4\/\",\"url\":\"https:\/\/www.peraavm.com\/index.php\/urun\/paslanmaz-cezve-no4\/\",\"name\":\"Paslanmaz Cezve No:4 |\",\"isPartOf\":{\"@id\":\"https:\/\/www.peraavm.com\/#website\"},\"primaryImageOfPage\":{\"@id\":\"https:\/\/www.peraavm.com\/index.php\/urun\/paslanmaz-cezve-no4\/#primaryimage\"},\"image\":{\"@id\":\"https:\/\/www.peraavm.com\/index.php\/urun\/paslanmaz-cezve-no4\/#primaryimage\"},\"thumbnailUrl\":\"https:\/\/www.peraavm.com\/wp-content\/uploads\/2026\/01\/444444444.png\",\"datePublished\":\"2026-01-21T08:26:56+00:00\",\"dateModified\":\"2026-01-21T08:28:10+00:00\",\"description\":\"PASLANMAZ 430 KAL\u0130TE \u00c7EL\u0130K CEZVE YANMAZ Bakalit Kulp Paslanmaz \u00e7elik yap\u0131s\u0131 sayesinde kahve pi\u015firmeden tutun, \u00e7ok ama\u00e7l\u0131 kullan\u0131ma uygundur. ince kulp tasar\u0131m\u0131yla dikkat \u00e7eken k\u0131sm\u0131 \u0131s\u0131ya dayan\u0131kl\u0131d\u0131r. Sa\u011fl\u0131kl\u0131 ve g\u00f6n\u00fcl rahatl\u0131\u011f\u0131yla kullanabilirsiniz. 8,5 cm X 8 cm\",\"breadcrumb\":{\"@id\":\"https:\/\/www.peraavm.com\/index.php\/urun\/paslanmaz-cezve-no4\/#breadcrumb\"},\"inLanguage\":\"tr\",\"potentialAction\":[{\"@type\":\"ReadAction\",\"target\":[\"https:\/\/www.peraavm.com\/index.php\/urun\/paslanmaz-cezve-no4\/\"]}]},{\"@type\":\"ImageObject\",\"inLanguage\":\"tr\",\"@id\":\"https:\/\/www.peraavm.com\/index.php\/urun\/paslanmaz-cezve-no4\/#primaryimage\",\"url\":\"https:\/\/www.peraavm.com\/wp-content\/uploads\/2026\/01\/444444444.png\",\"contentUrl\":\"https:\/\/www.peraavm.com\/wp-content\/uploads\/2026\/01\/444444444.png\",\"width\":398,\"height\":472},{\"@type\":\"BreadcrumbList\",\"@id\":\"https:\/\/www.peraavm.com\/index.php\/urun\/paslanmaz-cezve-no4\/#breadcrumb\",\"itemListElement\":[{\"@type\":\"ListItem\",\"position\":1,\"name\":\"Anasayfa\",\"item\":\"https:\/\/www.peraavm.com\/\"},{\"@type\":\"ListItem\",\"position\":2,\"name\":\"Magaza\",\"item\":\"https:\/\/www.peraavm.com\/index.php\/magaza\/\"},{\"@type\":\"ListItem\",\"position\":3,\"name\":\"Paslanmaz Cezve No:4\"}]},{\"@type\":\"WebSite\",\"@id\":\"https:\/\/www.peraavm.com\/#website\",\"url\":\"https:\/\/www.peraavm.com\/\",\"name\":\"Pratikmagazam.com\",\"description\":\"\",\"publisher\":{\"@id\":\"https:\/\/www.peraavm.com\/#organization\"},\"potentialAction\":[{\"@type\":\"SearchAction\",\"target\":{\"@type\":\"EntryPoint\",\"urlTemplate\":\"https:\/\/www.peraavm.com\/?s={search_term_string}\"},\"query-input\":{\"@type\":\"PropertyValueSpecification\",\"valueRequired\":true,\"valueName\":\"search_term_string\"}}],\"inLanguage\":\"tr\"},{\"@type\":\"Organization\",\"@id\":\"https:\/\/www.peraavm.com\/#organization\",\"name\":\"pratikmagazam.com\",\"url\":\"https:\/\/www.peraavm.com\/\",\"logo\":{\"@type\":\"ImageObject\",\"inLanguage\":\"tr\",\"@id\":\"https:\/\/www.peraavm.com\/#\/schema\/logo\/image\/\",\"url\":\"https:\/\/www.pratikmagazam.com\/wp-content\/uploads\/2021\/11\/Ekran-Resmi-2021-11-17-08.16.13.png\",\"contentUrl\":\"https:\/\/www.pratikmagazam.com\/wp-content\/uploads\/2021\/11\/Ekran-Resmi-2021-11-17-08.16.13.png\",\"width\":477,\"height\":135,\"caption\":\"pratikmagazam.com\"},\"image\":{\"@id\":\"https:\/\/www.peraavm.com\/#\/schema\/logo\/image\/\"},\"sameAs\":[\"https:\/\/instagram.com\/pratikmagazam?utm_medium=copy_link\"]}]}<\/script>\n<!-- \/ Yoast SEO plugin. -->","yoast_head_json":{"title":"Paslanmaz Cezve No:4 |","description":"PASLANMAZ 430 KAL\u0130TE \u00c7EL\u0130K CEZVE YANMAZ Bakalit Kulp Paslanmaz \u00e7elik yap\u0131s\u0131 sayesinde kahve pi\u015firmeden tutun, \u00e7ok ama\u00e7l\u0131 kullan\u0131ma uygundur. ince kulp tasar\u0131m\u0131yla dikkat \u00e7eken k\u0131sm\u0131 \u0131s\u0131ya dayan\u0131kl\u0131d\u0131r. Sa\u011fl\u0131kl\u0131 ve g\u00f6n\u00fcl rahatl\u0131\u011f\u0131yla kullanabilirsiniz. 8,5 cm X 8 cm","robots":{"index":"index","follow":"follow","max-snippet":"max-snippet:-1","max-image-preview":"max-image-preview:large","max-video-preview":"max-video-preview:-1"},"canonical":"https:\/\/www.peraavm.com\/index.php\/urun\/paslanmaz-cezve-no4\/","og_locale":"tr_TR","og_type":"article","og_title":"Paslanmaz Cezve No:4 |","og_description":"PASLANMAZ 430 KAL\u0130TE \u00c7EL\u0130K CEZVE YANMAZ Bakalit Kulp Paslanmaz \u00e7elik yap\u0131s\u0131 sayesinde kahve pi\u015firmeden tutun, \u00e7ok ama\u00e7l\u0131 kullan\u0131ma uygundur. ince kulp tasar\u0131m\u0131yla dikkat \u00e7eken k\u0131sm\u0131 \u0131s\u0131ya dayan\u0131kl\u0131d\u0131r. Sa\u011fl\u0131kl\u0131 ve g\u00f6n\u00fcl rahatl\u0131\u011f\u0131yla kullanabilirsiniz. 8,5 cm X 8 cm","og_url":"https:\/\/www.peraavm.com\/index.php\/urun\/paslanmaz-cezve-no4\/","article_modified_time":"2026-01-21T08:28:10+00:00","og_image":[{"width":398,"height":472,"url":"https:\/\/www.peraavm.com\/wp-content\/uploads\/2026\/01\/444444444.png","type":"image\/png"}],"twitter_card":"summary_large_image","twitter_misc":{"Tahmini okuma s\u00fcresi":"1 dakika"},"schema":{"@context":"https:\/\/schema.org","@graph":[{"@type":"WebPage","@id":"https:\/\/www.peraavm.com\/index.php\/urun\/paslanmaz-cezve-no4\/","url":"https:\/\/www.peraavm.com\/index.php\/urun\/paslanmaz-cezve-no4\/","name":"Paslanmaz Cezve No:4 |","isPartOf":{"@id":"https:\/\/www.peraavm.com\/#website"},"primaryImageOfPage":{"@id":"https:\/\/www.peraavm.com\/index.php\/urun\/paslanmaz-cezve-no4\/#primaryimage"},"image":{"@id":"https:\/\/www.peraavm.com\/index.php\/urun\/paslanmaz-cezve-no4\/#primaryimage"},"thumbnailUrl":"https:\/\/www.peraavm.com\/wp-content\/uploads\/2026\/01\/444444444.png","datePublished":"2026-01-21T08:26:56+00:00","dateModified":"2026-01-21T08:28:10+00:00","description":"PASLANMAZ 430 KAL\u0130TE \u00c7EL\u0130K CEZVE YANMAZ Bakalit Kulp Paslanmaz \u00e7elik yap\u0131s\u0131 sayesinde kahve pi\u015firmeden tutun, \u00e7ok ama\u00e7l\u0131 kullan\u0131ma uygundur. ince kulp tasar\u0131m\u0131yla dikkat \u00e7eken k\u0131sm\u0131 \u0131s\u0131ya dayan\u0131kl\u0131d\u0131r. Sa\u011fl\u0131kl\u0131 ve g\u00f6n\u00fcl rahatl\u0131\u011f\u0131yla kullanabilirsiniz. 8,5 cm X 8 cm","breadcrumb":{"@id":"https:\/\/www.peraavm.com\/index.php\/urun\/paslanmaz-cezve-no4\/#breadcrumb"},"inLanguage":"tr","potentialAction":[{"@type":"ReadAction","target":["https:\/\/www.peraavm.com\/index.php\/urun\/paslanmaz-cezve-no4\/"]}]},{"@type":"ImageObject","inLanguage":"tr","@id":"https:\/\/www.peraavm.com\/index.php\/urun\/paslanmaz-cezve-no4\/#primaryimage","url":"https:\/\/www.peraavm.com\/wp-content\/uploads\/2026\/01\/444444444.png","contentUrl":"https:\/\/www.peraavm.com\/wp-content\/uploads\/2026\/01\/444444444.png","width":398,"height":472},{"@type":"BreadcrumbList","@id":"https:\/\/www.peraavm.com\/index.php\/urun\/paslanmaz-cezve-no4\/#breadcrumb","itemListElement":[{"@type":"ListItem","position":1,"name":"Anasayfa","item":"https:\/\/www.peraavm.com\/"},{"@type":"ListItem","position":2,"name":"Magaza","item":"https:\/\/www.peraavm.com\/index.php\/magaza\/"},{"@type":"ListItem","position":3,"name":"Paslanmaz Cezve No:4"}]},{"@type":"WebSite","@id":"https:\/\/www.peraavm.com\/#website","url":"https:\/\/www.peraavm.com\/","name":"Pratikmagazam.com","description":"","publisher":{"@id":"https:\/\/www.peraavm.com\/#organization"},"potentialAction":[{"@type":"SearchAction","target":{"@type":"EntryPoint","urlTemplate":"https:\/\/www.peraavm.com\/?s={search_term_string}"},"query-input":{"@type":"PropertyValueSpecification","valueRequired":true,"valueName":"search_term_string"}}],"inLanguage":"tr"},{"@type":"Organization","@id":"https:\/\/www.peraavm.com\/#organization","name":"pratikmagazam.com","url":"https:\/\/www.peraavm.com\/","logo":{"@type":"ImageObject","inLanguage":"tr","@id":"https:\/\/www.peraavm.com\/#\/schema\/logo\/image\/","url":"https:\/\/www.pratikmagazam.com\/wp-content\/uploads\/2021\/11\/Ekran-Resmi-2021-11-17-08.16.13.png","contentUrl":"https:\/\/www.pratikmagazam.com\/wp-content\/uploads\/2021\/11\/Ekran-Resmi-2021-11-17-08.16.13.png","width":477,"height":135,"caption":"pratikmagazam.com"},"image":{"@id":"https:\/\/www.peraavm.com\/#\/schema\/logo\/image\/"},"sameAs":["https:\/\/instagram.com\/pratikmagazam?utm_medium=copy_link"]}]}},"_links":{"self":[{"href":"https:\/\/www.peraavm.com\/index.php\/wp-json\/wp\/v2\/product\/3136","targetHints":{"allow":["GET"]}}],"collection":[{"href":"https:\/\/www.peraavm.com\/index.php\/wp-json\/wp\/v2\/product"}],"about":[{"href":"https:\/\/www.peraavm.com\/index.php\/wp-json\/wp\/v2\/types\/product"}],"replies":[{"embeddable":true,"href":"https:\/\/www.peraavm.com\/index.php\/wp-json\/wp\/v2\/comments?post=3136"}],"wp:featuredmedia":[{"embeddable":true,"href":"https:\/\/www.peraavm.com\/index.php\/wp-json\/wp\/v2\/media\/3129"}],"wp:attachment":[{"href":"https:\/\/www.peraavm.com\/index.php\/wp-json\/wp\/v2\/media?parent=3136"}],"wp:term":[{"taxonomy":"product_brand","embeddable":true,"href":"https:\/\/www.peraavm.com\/index.php\/wp-json\/wp\/v2\/product_brand?post=3136"},{"taxonomy":"product_cat","embeddable":true,"href":"https:\/\/www.peraavm.com\/index.php\/wp-json\/wp\/v2\/product_cat?post=3136"},{"taxonomy":"product_tag","embeddable":true,"href":"https:\/\/www.peraavm.com\/index.php\/wp-json\/wp\/v2\/product_tag?post=3136"}],"curies":[{"name":"wp","href":"https:\/\/api.w.org\/{rel}","templated":true}]}}