{"id":3137,"date":"2026-01-21T09:05:53","date_gmt":"2026-01-21T09:05:53","guid":{"rendered":"https:\/\/www.peraavm.com\/?post_type=product&#038;p=3137"},"modified":"2026-01-21T09:05:53","modified_gmt":"2026-01-21T09:05:53","slug":"kristal-sekerlik-sert-plastik","status":"publish","type":"product","link":"https:\/\/www.peraavm.com\/index.php\/urun\/kristal-sekerlik-sert-plastik\/","title":{"rendered":"Kristal \u015eekerlik Sert Plastik"},"content":{"rendered":"<p class=\"product-description-content\"><strong>&#8211; \u015e\u0131k ve modern tasar\u0131m\u0131yla mutfaklar\u0131n\u0131za estetik bir dokunu\u015f katan Kristal \u015eekerlik, plastik malzemeden \u00fcretilmi\u015ftir.<\/strong><\/p>\n<p class=\"product-description-content\"><strong>&#8211; Tek par\u00e7a halinde gelen bu \u015fekerlik, kullan\u0131m kolayl\u0131\u011f\u0131 sa\u011flar ve pratik bir saklama \u00e7\u00f6z\u00fcm\u00fc sunar.<\/strong><\/p>\n<p class=\"product-description-content\"><strong>&#8211; Dayan\u0131kl\u0131 plastik yap\u0131s\u0131 sayesinde uzun \u00f6m\u00fcrl\u00fc kullan\u0131m vaat eder ve kolay temizlenebilir \u00f6zelli\u011fiyle hijyenik bir deneyim sunar.<\/strong><\/p>\n","protected":false},"excerpt":{"rendered":"<p class=\"product-description-content\">&#8211; \u015e\u0131k ve modern tasar\u0131m\u0131yla mutfaklar\u0131n\u0131za estetik bir dokunu\u015f katan Kristal \u015eekerlik, plastik malzemeden \u00fcretilmi\u015ftir.<\/p>\n<p class=\"product-description-content\">&#8211; Tek par\u00e7a halinde gelen bu \u015fekerlik, kullan\u0131m kolayl\u0131\u011f\u0131 sa\u011flar ve pratik bir saklama \u00e7\u00f6z\u00fcm\u00fc sunar.<\/p>\n<p class=\"product-description-content\">&#8211; Dayan\u0131kl\u0131 plastik yap\u0131s\u0131 sayesinde uzun \u00f6m\u00fcrl\u00fc kullan\u0131m vaat eder ve kolay temizlenebilir \u00f6zelli\u011fiyle hijyenik bir deneyim sunar.<\/p>\n","protected":false},"featured_media":3138,"comment_status":"open","ping_status":"closed","template":"","meta":[],"product_brand":[],"product_cat":[29,15],"product_tag":[],"class_list":{"0":"post-3137","1":"product","2":"type-product","3":"status-publish","4":"has-post-thumbnail","6":"product_cat-mutfak-gerecleri","7":"product_cat-tum-urunler","9":"first","10":"instock","11":"sale","12":"taxable","13":"shipping-taxable","14":"purchasable","15":"product-type-simple"},"yoast_head":"<!-- This site is optimized with the Yoast SEO plugin v27.2 - https:\/\/yoast.com\/product\/yoast-seo-wordpress\/ -->\n<title>Kristal \u015eekerlik Sert Plastik |<\/title>\n<meta name=\"description\" content=\"- \u015e\u0131k ve modern tasar\u0131m\u0131yla mutfaklar\u0131n\u0131za estetik bir dokunu\u015f katan Kristal \u015eekerlik, plastik malzemeden \u00fcretilmi\u015ftir.- Tek par\u00e7a halinde gelen bu \u015fekerlik, kullan\u0131m kolayl\u0131\u011f\u0131 sa\u011flar ve pratik bir saklama \u00e7\u00f6z\u00fcm\u00fc sunar.- Dayan\u0131kl\u0131 plastik yap\u0131s\u0131 sayesinde uzun \u00f6m\u00fcrl\u00fc kullan\u0131m vaat eder ve kolay temizlenebilir \u00f6zelli\u011fiyle hijyenik bir deneyim sunar.\" \/>\n<meta name=\"robots\" content=\"index, follow, max-snippet:-1, max-image-preview:large, max-video-preview:-1\" \/>\n<link rel=\"canonical\" href=\"https:\/\/www.peraavm.com\/index.php\/urun\/kristal-sekerlik-sert-plastik\/\" \/>\n<meta property=\"og:locale\" content=\"tr_TR\" \/>\n<meta property=\"og:type\" content=\"article\" \/>\n<meta property=\"og:title\" content=\"Kristal \u015eekerlik Sert Plastik |\" \/>\n<meta property=\"og:description\" content=\"- \u015e\u0131k ve modern tasar\u0131m\u0131yla mutfaklar\u0131n\u0131za estetik bir dokunu\u015f katan Kristal \u015eekerlik, plastik malzemeden \u00fcretilmi\u015ftir.- Tek par\u00e7a halinde gelen bu \u015fekerlik, kullan\u0131m kolayl\u0131\u011f\u0131 sa\u011flar ve pratik bir saklama \u00e7\u00f6z\u00fcm\u00fc sunar.- Dayan\u0131kl\u0131 plastik yap\u0131s\u0131 sayesinde uzun \u00f6m\u00fcrl\u00fc kullan\u0131m vaat eder ve kolay temizlenebilir \u00f6zelli\u011fiyle hijyenik bir deneyim sunar.\" \/>\n<meta property=\"og:url\" content=\"https:\/\/www.peraavm.com\/index.php\/urun\/kristal-sekerlik-sert-plastik\/\" \/>\n<meta property=\"og:image\" content=\"https:\/\/www.peraavm.com\/wp-content\/uploads\/2026\/01\/665756756756756756.png\" \/>\n\t<meta property=\"og:image:width\" content=\"398\" \/>\n\t<meta property=\"og:image:height\" content=\"472\" \/>\n\t<meta property=\"og:image:type\" content=\"image\/png\" \/>\n<meta name=\"twitter:card\" content=\"summary_large_image\" \/>\n<meta name=\"twitter:label1\" content=\"Tahmini okuma s\u00fcresi\" \/>\n\t<meta name=\"twitter:data1\" content=\"1 dakika\" \/>\n<script type=\"application\/ld+json\" class=\"yoast-schema-graph\">{\"@context\":\"https:\/\/schema.org\",\"@graph\":[{\"@type\":\"WebPage\",\"@id\":\"https:\/\/www.peraavm.com\/index.php\/urun\/kristal-sekerlik-sert-plastik\/\",\"url\":\"https:\/\/www.peraavm.com\/index.php\/urun\/kristal-sekerlik-sert-plastik\/\",\"name\":\"Kristal \u015eekerlik Sert Plastik |\",\"isPartOf\":{\"@id\":\"https:\/\/www.peraavm.com\/#website\"},\"primaryImageOfPage\":{\"@id\":\"https:\/\/www.peraavm.com\/index.php\/urun\/kristal-sekerlik-sert-plastik\/#primaryimage\"},\"image\":{\"@id\":\"https:\/\/www.peraavm.com\/index.php\/urun\/kristal-sekerlik-sert-plastik\/#primaryimage\"},\"thumbnailUrl\":\"https:\/\/www.peraavm.com\/wp-content\/uploads\/2026\/01\/665756756756756756.png\",\"datePublished\":\"2026-01-21T09:05:53+00:00\",\"description\":\"- \u015e\u0131k ve modern tasar\u0131m\u0131yla mutfaklar\u0131n\u0131za estetik bir dokunu\u015f katan Kristal \u015eekerlik, plastik malzemeden \u00fcretilmi\u015ftir.- Tek par\u00e7a halinde gelen bu \u015fekerlik, kullan\u0131m kolayl\u0131\u011f\u0131 sa\u011flar ve pratik bir saklama \u00e7\u00f6z\u00fcm\u00fc sunar.- Dayan\u0131kl\u0131 plastik yap\u0131s\u0131 sayesinde uzun \u00f6m\u00fcrl\u00fc kullan\u0131m vaat eder ve kolay temizlenebilir \u00f6zelli\u011fiyle hijyenik bir deneyim sunar.\",\"breadcrumb\":{\"@id\":\"https:\/\/www.peraavm.com\/index.php\/urun\/kristal-sekerlik-sert-plastik\/#breadcrumb\"},\"inLanguage\":\"tr\",\"potentialAction\":[{\"@type\":\"ReadAction\",\"target\":[\"https:\/\/www.peraavm.com\/index.php\/urun\/kristal-sekerlik-sert-plastik\/\"]}]},{\"@type\":\"ImageObject\",\"inLanguage\":\"tr\",\"@id\":\"https:\/\/www.peraavm.com\/index.php\/urun\/kristal-sekerlik-sert-plastik\/#primaryimage\",\"url\":\"https:\/\/www.peraavm.com\/wp-content\/uploads\/2026\/01\/665756756756756756.png\",\"contentUrl\":\"https:\/\/www.peraavm.com\/wp-content\/uploads\/2026\/01\/665756756756756756.png\",\"width\":398,\"height\":472},{\"@type\":\"BreadcrumbList\",\"@id\":\"https:\/\/www.peraavm.com\/index.php\/urun\/kristal-sekerlik-sert-plastik\/#breadcrumb\",\"itemListElement\":[{\"@type\":\"ListItem\",\"position\":1,\"name\":\"Anasayfa\",\"item\":\"https:\/\/www.peraavm.com\/\"},{\"@type\":\"ListItem\",\"position\":2,\"name\":\"Magaza\",\"item\":\"https:\/\/www.peraavm.com\/index.php\/magaza\/\"},{\"@type\":\"ListItem\",\"position\":3,\"name\":\"Kristal \u015eekerlik Sert Plastik\"}]},{\"@type\":\"WebSite\",\"@id\":\"https:\/\/www.peraavm.com\/#website\",\"url\":\"https:\/\/www.peraavm.com\/\",\"name\":\"Pratikmagazam.com\",\"description\":\"\",\"publisher\":{\"@id\":\"https:\/\/www.peraavm.com\/#organization\"},\"potentialAction\":[{\"@type\":\"SearchAction\",\"target\":{\"@type\":\"EntryPoint\",\"urlTemplate\":\"https:\/\/www.peraavm.com\/?s={search_term_string}\"},\"query-input\":{\"@type\":\"PropertyValueSpecification\",\"valueRequired\":true,\"valueName\":\"search_term_string\"}}],\"inLanguage\":\"tr\"},{\"@type\":\"Organization\",\"@id\":\"https:\/\/www.peraavm.com\/#organization\",\"name\":\"pratikmagazam.com\",\"url\":\"https:\/\/www.peraavm.com\/\",\"logo\":{\"@type\":\"ImageObject\",\"inLanguage\":\"tr\",\"@id\":\"https:\/\/www.peraavm.com\/#\/schema\/logo\/image\/\",\"url\":\"https:\/\/www.pratikmagazam.com\/wp-content\/uploads\/2021\/11\/Ekran-Resmi-2021-11-17-08.16.13.png\",\"contentUrl\":\"https:\/\/www.pratikmagazam.com\/wp-content\/uploads\/2021\/11\/Ekran-Resmi-2021-11-17-08.16.13.png\",\"width\":477,\"height\":135,\"caption\":\"pratikmagazam.com\"},\"image\":{\"@id\":\"https:\/\/www.peraavm.com\/#\/schema\/logo\/image\/\"},\"sameAs\":[\"https:\/\/instagram.com\/pratikmagazam?utm_medium=copy_link\"]}]}<\/script>\n<!-- \/ Yoast SEO plugin. -->","yoast_head_json":{"title":"Kristal \u015eekerlik Sert Plastik |","description":"- \u015e\u0131k ve modern tasar\u0131m\u0131yla mutfaklar\u0131n\u0131za estetik bir dokunu\u015f katan Kristal \u015eekerlik, plastik malzemeden \u00fcretilmi\u015ftir.- Tek par\u00e7a halinde gelen bu \u015fekerlik, kullan\u0131m kolayl\u0131\u011f\u0131 sa\u011flar ve pratik bir saklama \u00e7\u00f6z\u00fcm\u00fc sunar.- Dayan\u0131kl\u0131 plastik yap\u0131s\u0131 sayesinde uzun \u00f6m\u00fcrl\u00fc kullan\u0131m vaat eder ve kolay temizlenebilir \u00f6zelli\u011fiyle hijyenik bir deneyim sunar.","robots":{"index":"index","follow":"follow","max-snippet":"max-snippet:-1","max-image-preview":"max-image-preview:large","max-video-preview":"max-video-preview:-1"},"canonical":"https:\/\/www.peraavm.com\/index.php\/urun\/kristal-sekerlik-sert-plastik\/","og_locale":"tr_TR","og_type":"article","og_title":"Kristal \u015eekerlik Sert Plastik |","og_description":"- \u015e\u0131k ve modern tasar\u0131m\u0131yla mutfaklar\u0131n\u0131za estetik bir dokunu\u015f katan Kristal \u015eekerlik, plastik malzemeden \u00fcretilmi\u015ftir.- Tek par\u00e7a halinde gelen bu \u015fekerlik, kullan\u0131m kolayl\u0131\u011f\u0131 sa\u011flar ve pratik bir saklama \u00e7\u00f6z\u00fcm\u00fc sunar.- Dayan\u0131kl\u0131 plastik yap\u0131s\u0131 sayesinde uzun \u00f6m\u00fcrl\u00fc kullan\u0131m vaat eder ve kolay temizlenebilir \u00f6zelli\u011fiyle hijyenik bir deneyim sunar.","og_url":"https:\/\/www.peraavm.com\/index.php\/urun\/kristal-sekerlik-sert-plastik\/","og_image":[{"width":398,"height":472,"url":"https:\/\/www.peraavm.com\/wp-content\/uploads\/2026\/01\/665756756756756756.png","type":"image\/png"}],"twitter_card":"summary_large_image","twitter_misc":{"Tahmini okuma s\u00fcresi":"1 dakika"},"schema":{"@context":"https:\/\/schema.org","@graph":[{"@type":"WebPage","@id":"https:\/\/www.peraavm.com\/index.php\/urun\/kristal-sekerlik-sert-plastik\/","url":"https:\/\/www.peraavm.com\/index.php\/urun\/kristal-sekerlik-sert-plastik\/","name":"Kristal \u015eekerlik Sert Plastik |","isPartOf":{"@id":"https:\/\/www.peraavm.com\/#website"},"primaryImageOfPage":{"@id":"https:\/\/www.peraavm.com\/index.php\/urun\/kristal-sekerlik-sert-plastik\/#primaryimage"},"image":{"@id":"https:\/\/www.peraavm.com\/index.php\/urun\/kristal-sekerlik-sert-plastik\/#primaryimage"},"thumbnailUrl":"https:\/\/www.peraavm.com\/wp-content\/uploads\/2026\/01\/665756756756756756.png","datePublished":"2026-01-21T09:05:53+00:00","description":"- \u015e\u0131k ve modern tasar\u0131m\u0131yla mutfaklar\u0131n\u0131za estetik bir dokunu\u015f katan Kristal \u015eekerlik, plastik malzemeden \u00fcretilmi\u015ftir.- Tek par\u00e7a halinde gelen bu \u015fekerlik, kullan\u0131m kolayl\u0131\u011f\u0131 sa\u011flar ve pratik bir saklama \u00e7\u00f6z\u00fcm\u00fc sunar.- Dayan\u0131kl\u0131 plastik yap\u0131s\u0131 sayesinde uzun \u00f6m\u00fcrl\u00fc kullan\u0131m vaat eder ve kolay temizlenebilir \u00f6zelli\u011fiyle hijyenik bir deneyim sunar.","breadcrumb":{"@id":"https:\/\/www.peraavm.com\/index.php\/urun\/kristal-sekerlik-sert-plastik\/#breadcrumb"},"inLanguage":"tr","potentialAction":[{"@type":"ReadAction","target":["https:\/\/www.peraavm.com\/index.php\/urun\/kristal-sekerlik-sert-plastik\/"]}]},{"@type":"ImageObject","inLanguage":"tr","@id":"https:\/\/www.peraavm.com\/index.php\/urun\/kristal-sekerlik-sert-plastik\/#primaryimage","url":"https:\/\/www.peraavm.com\/wp-content\/uploads\/2026\/01\/665756756756756756.png","contentUrl":"https:\/\/www.peraavm.com\/wp-content\/uploads\/2026\/01\/665756756756756756.png","width":398,"height":472},{"@type":"BreadcrumbList","@id":"https:\/\/www.peraavm.com\/index.php\/urun\/kristal-sekerlik-sert-plastik\/#breadcrumb","itemListElement":[{"@type":"ListItem","position":1,"name":"Anasayfa","item":"https:\/\/www.peraavm.com\/"},{"@type":"ListItem","position":2,"name":"Magaza","item":"https:\/\/www.peraavm.com\/index.php\/magaza\/"},{"@type":"ListItem","position":3,"name":"Kristal \u015eekerlik Sert Plastik"}]},{"@type":"WebSite","@id":"https:\/\/www.peraavm.com\/#website","url":"https:\/\/www.peraavm.com\/","name":"Pratikmagazam.com","description":"","publisher":{"@id":"https:\/\/www.peraavm.com\/#organization"},"potentialAction":[{"@type":"SearchAction","target":{"@type":"EntryPoint","urlTemplate":"https:\/\/www.peraavm.com\/?s={search_term_string}"},"query-input":{"@type":"PropertyValueSpecification","valueRequired":true,"valueName":"search_term_string"}}],"inLanguage":"tr"},{"@type":"Organization","@id":"https:\/\/www.peraavm.com\/#organization","name":"pratikmagazam.com","url":"https:\/\/www.peraavm.com\/","logo":{"@type":"ImageObject","inLanguage":"tr","@id":"https:\/\/www.peraavm.com\/#\/schema\/logo\/image\/","url":"https:\/\/www.pratikmagazam.com\/wp-content\/uploads\/2021\/11\/Ekran-Resmi-2021-11-17-08.16.13.png","contentUrl":"https:\/\/www.pratikmagazam.com\/wp-content\/uploads\/2021\/11\/Ekran-Resmi-2021-11-17-08.16.13.png","width":477,"height":135,"caption":"pratikmagazam.com"},"image":{"@id":"https:\/\/www.peraavm.com\/#\/schema\/logo\/image\/"},"sameAs":["https:\/\/instagram.com\/pratikmagazam?utm_medium=copy_link"]}]}},"_links":{"self":[{"href":"https:\/\/www.peraavm.com\/index.php\/wp-json\/wp\/v2\/product\/3137","targetHints":{"allow":["GET"]}}],"collection":[{"href":"https:\/\/www.peraavm.com\/index.php\/wp-json\/wp\/v2\/product"}],"about":[{"href":"https:\/\/www.peraavm.com\/index.php\/wp-json\/wp\/v2\/types\/product"}],"replies":[{"embeddable":true,"href":"https:\/\/www.peraavm.com\/index.php\/wp-json\/wp\/v2\/comments?post=3137"}],"wp:featuredmedia":[{"embeddable":true,"href":"https:\/\/www.peraavm.com\/index.php\/wp-json\/wp\/v2\/media\/3138"}],"wp:attachment":[{"href":"https:\/\/www.peraavm.com\/index.php\/wp-json\/wp\/v2\/media?parent=3137"}],"wp:term":[{"taxonomy":"product_brand","embeddable":true,"href":"https:\/\/www.peraavm.com\/index.php\/wp-json\/wp\/v2\/product_brand?post=3137"},{"taxonomy":"product_cat","embeddable":true,"href":"https:\/\/www.peraavm.com\/index.php\/wp-json\/wp\/v2\/product_cat?post=3137"},{"taxonomy":"product_tag","embeddable":true,"href":"https:\/\/www.peraavm.com\/index.php\/wp-json\/wp\/v2\/product_tag?post=3137"}],"curies":[{"name":"wp","href":"https:\/\/api.w.org\/{rel}","templated":true}]}}