{"id":3163,"date":"2026-01-29T13:30:12","date_gmt":"2026-01-29T13:30:12","guid":{"rendered":"https:\/\/www.peraavm.com\/?post_type=product&#038;p=3163"},"modified":"2026-01-29T13:31:03","modified_gmt":"2026-01-29T13:31:03","slug":"10-metre-8-mm-kalinlik-orgu-ip-halat-branda-cadir-tente-baglama-ipi-kopya-2","status":"publish","type":"product","link":"https:\/\/www.peraavm.com\/index.php\/urun\/10-metre-8-mm-kalinlik-orgu-ip-halat-branda-cadir-tente-baglama-ipi-kopya-2\/","title":{"rendered":"10 Metre 8 Mm Kal\u0131nl\u0131k \u00d6rg\u00fc Ip Halat Branda \u00c7ad\u0131r Tente Ba\u011flama Ipi"},"content":{"rendered":"<ul class=\"detail-desc-list\">\n<li>10 METRE 8 MM KALINLIK \u00d6RG\u00dc \u0130P BRANDA \u00c7ADIR TENTE BA\u011eLAMA \u0130P\u0130 DAYANIKLI \u00d6RME GERG\u0130 \u0130P\u0130 \u0130P KALINLI\u011eI 8 MM D\u0130R. \u00dcR\u00dcN OLDUK\u00c7A SA\u011eLAMDIR.UZAMA YADA KOPMA OLMAZ.<\/li>\n<\/ul>\n","protected":false},"excerpt":{"rendered":"<ul class=\"detail-desc-list\">\n<li>10 METRE 8 MM KALINLIK \u00d6RG\u00dc \u0130P BRANDA \u00c7ADIR TENTE BA\u011eLAMA \u0130P\u0130 DAYANIKLI \u00d6RME GERG\u0130 \u0130P\u0130 \u0130P KALINLI\u011eI 8 MM D\u0130R. \u00dcR\u00dcN OLDUK\u00c7A SA\u011eLAMDIR.UZAMA YADA KOPMA OLMAZ.<\/li>\n<\/ul>\n","protected":false},"featured_media":2723,"comment_status":"open","ping_status":"closed","template":"","meta":[],"product_brand":[],"product_cat":[37,32,15],"product_tag":[],"class_list":{"0":"post-3163","1":"product","2":"type-product","3":"status-publish","4":"has-post-thumbnail","6":"product_cat-ev-gerecleri","7":"product_cat-hirdavat","8":"product_cat-tum-urunler","10":"first","11":"instock","12":"sale","13":"taxable","14":"shipping-taxable","15":"purchasable","16":"product-type-simple"},"yoast_head":"<!-- This site is optimized with the Yoast SEO plugin v27.2 - https:\/\/yoast.com\/product\/yoast-seo-wordpress\/ -->\n<title>10 Metre 8 Mm Kal\u0131nl\u0131k \u00d6rg\u00fc Ip Halat Branda \u00c7ad\u0131r Tente Ba\u011flama Ipi |<\/title>\n<meta name=\"description\" content=\"10 METRE 8 MM KALINLIK \u00d6RG\u00dc \u0130P BRANDA \u00c7ADIR TENTE BA\u011eLAMA \u0130P\u0130 DAYANIKLI \u00d6RME GERG\u0130 \u0130P\u0130 \u0130P KALINLI\u011eI 8 MM D\u0130R. \u00dcR\u00dcN OLDUK\u00c7A SA\u011eLAMDIR.UZAMA YADA KOPMA OLMAZ.\" \/>\n<meta name=\"robots\" content=\"index, follow, max-snippet:-1, max-image-preview:large, max-video-preview:-1\" \/>\n<link rel=\"canonical\" href=\"https:\/\/www.peraavm.com\/index.php\/urun\/10-metre-8-mm-kalinlik-orgu-ip-halat-branda-cadir-tente-baglama-ipi-kopya-2\/\" \/>\n<meta property=\"og:locale\" content=\"tr_TR\" \/>\n<meta property=\"og:type\" content=\"article\" \/>\n<meta property=\"og:title\" content=\"10 Metre 8 Mm Kal\u0131nl\u0131k \u00d6rg\u00fc Ip Halat Branda \u00c7ad\u0131r Tente Ba\u011flama Ipi |\" \/>\n<meta property=\"og:description\" content=\"10 METRE 8 MM KALINLIK \u00d6RG\u00dc \u0130P BRANDA \u00c7ADIR TENTE BA\u011eLAMA \u0130P\u0130 DAYANIKLI \u00d6RME GERG\u0130 \u0130P\u0130 \u0130P KALINLI\u011eI 8 MM D\u0130R. \u00dcR\u00dcN OLDUK\u00c7A SA\u011eLAMDIR.UZAMA YADA KOPMA OLMAZ.\" \/>\n<meta property=\"og:url\" content=\"https:\/\/www.peraavm.com\/index.php\/urun\/10-metre-8-mm-kalinlik-orgu-ip-halat-branda-cadir-tente-baglama-ipi-kopya-2\/\" \/>\n<meta property=\"article:modified_time\" content=\"2026-01-29T13:31:03+00:00\" \/>\n<meta property=\"og:image\" content=\"https:\/\/www.peraavm.com\/wp-content\/uploads\/2023\/05\/88888234324234hlt8.jpg\" \/>\n\t<meta property=\"og:image:width\" content=\"300\" \/>\n\t<meta property=\"og:image:height\" content=\"300\" \/>\n\t<meta property=\"og:image:type\" content=\"image\/jpeg\" \/>\n<meta name=\"twitter:card\" content=\"summary_large_image\" \/>\n<meta name=\"twitter:label1\" content=\"Tahmini okuma s\u00fcresi\" \/>\n\t<meta name=\"twitter:data1\" content=\"1 dakika\" \/>\n<script type=\"application\/ld+json\" class=\"yoast-schema-graph\">{\"@context\":\"https:\/\/schema.org\",\"@graph\":[{\"@type\":\"WebPage\",\"@id\":\"https:\/\/www.peraavm.com\/index.php\/urun\/10-metre-8-mm-kalinlik-orgu-ip-halat-branda-cadir-tente-baglama-ipi-kopya-2\/\",\"url\":\"https:\/\/www.peraavm.com\/index.php\/urun\/10-metre-8-mm-kalinlik-orgu-ip-halat-branda-cadir-tente-baglama-ipi-kopya-2\/\",\"name\":\"10 Metre 8 Mm Kal\u0131nl\u0131k \u00d6rg\u00fc Ip Halat Branda \u00c7ad\u0131r Tente Ba\u011flama Ipi |\",\"isPartOf\":{\"@id\":\"https:\/\/www.peraavm.com\/#website\"},\"primaryImageOfPage\":{\"@id\":\"https:\/\/www.peraavm.com\/index.php\/urun\/10-metre-8-mm-kalinlik-orgu-ip-halat-branda-cadir-tente-baglama-ipi-kopya-2\/#primaryimage\"},\"image\":{\"@id\":\"https:\/\/www.peraavm.com\/index.php\/urun\/10-metre-8-mm-kalinlik-orgu-ip-halat-branda-cadir-tente-baglama-ipi-kopya-2\/#primaryimage\"},\"thumbnailUrl\":\"https:\/\/www.peraavm.com\/wp-content\/uploads\/2023\/05\/88888234324234hlt8.jpg\",\"datePublished\":\"2026-01-29T13:30:12+00:00\",\"dateModified\":\"2026-01-29T13:31:03+00:00\",\"description\":\"10 METRE 8 MM KALINLIK \u00d6RG\u00dc \u0130P BRANDA \u00c7ADIR TENTE BA\u011eLAMA \u0130P\u0130 DAYANIKLI \u00d6RME GERG\u0130 \u0130P\u0130 \u0130P KALINLI\u011eI 8 MM D\u0130R. \u00dcR\u00dcN OLDUK\u00c7A SA\u011eLAMDIR.UZAMA YADA KOPMA OLMAZ.\",\"breadcrumb\":{\"@id\":\"https:\/\/www.peraavm.com\/index.php\/urun\/10-metre-8-mm-kalinlik-orgu-ip-halat-branda-cadir-tente-baglama-ipi-kopya-2\/#breadcrumb\"},\"inLanguage\":\"tr\",\"potentialAction\":[{\"@type\":\"ReadAction\",\"target\":[\"https:\/\/www.peraavm.com\/index.php\/urun\/10-metre-8-mm-kalinlik-orgu-ip-halat-branda-cadir-tente-baglama-ipi-kopya-2\/\"]}]},{\"@type\":\"ImageObject\",\"inLanguage\":\"tr\",\"@id\":\"https:\/\/www.peraavm.com\/index.php\/urun\/10-metre-8-mm-kalinlik-orgu-ip-halat-branda-cadir-tente-baglama-ipi-kopya-2\/#primaryimage\",\"url\":\"https:\/\/www.peraavm.com\/wp-content\/uploads\/2023\/05\/88888234324234hlt8.jpg\",\"contentUrl\":\"https:\/\/www.peraavm.com\/wp-content\/uploads\/2023\/05\/88888234324234hlt8.jpg\",\"width\":300,\"height\":300},{\"@type\":\"BreadcrumbList\",\"@id\":\"https:\/\/www.peraavm.com\/index.php\/urun\/10-metre-8-mm-kalinlik-orgu-ip-halat-branda-cadir-tente-baglama-ipi-kopya-2\/#breadcrumb\",\"itemListElement\":[{\"@type\":\"ListItem\",\"position\":1,\"name\":\"Anasayfa\",\"item\":\"https:\/\/www.peraavm.com\/\"},{\"@type\":\"ListItem\",\"position\":2,\"name\":\"Magaza\",\"item\":\"https:\/\/www.peraavm.com\/index.php\/magaza\/\"},{\"@type\":\"ListItem\",\"position\":3,\"name\":\"10 Metre 8 Mm Kal\u0131nl\u0131k \u00d6rg\u00fc Ip Halat Branda \u00c7ad\u0131r Tente Ba\u011flama Ipi\"}]},{\"@type\":\"WebSite\",\"@id\":\"https:\/\/www.peraavm.com\/#website\",\"url\":\"https:\/\/www.peraavm.com\/\",\"name\":\"Pratikmagazam.com\",\"description\":\"\",\"publisher\":{\"@id\":\"https:\/\/www.peraavm.com\/#organization\"},\"potentialAction\":[{\"@type\":\"SearchAction\",\"target\":{\"@type\":\"EntryPoint\",\"urlTemplate\":\"https:\/\/www.peraavm.com\/?s={search_term_string}\"},\"query-input\":{\"@type\":\"PropertyValueSpecification\",\"valueRequired\":true,\"valueName\":\"search_term_string\"}}],\"inLanguage\":\"tr\"},{\"@type\":\"Organization\",\"@id\":\"https:\/\/www.peraavm.com\/#organization\",\"name\":\"pratikmagazam.com\",\"url\":\"https:\/\/www.peraavm.com\/\",\"logo\":{\"@type\":\"ImageObject\",\"inLanguage\":\"tr\",\"@id\":\"https:\/\/www.peraavm.com\/#\/schema\/logo\/image\/\",\"url\":\"https:\/\/www.pratikmagazam.com\/wp-content\/uploads\/2021\/11\/Ekran-Resmi-2021-11-17-08.16.13.png\",\"contentUrl\":\"https:\/\/www.pratikmagazam.com\/wp-content\/uploads\/2021\/11\/Ekran-Resmi-2021-11-17-08.16.13.png\",\"width\":477,\"height\":135,\"caption\":\"pratikmagazam.com\"},\"image\":{\"@id\":\"https:\/\/www.peraavm.com\/#\/schema\/logo\/image\/\"},\"sameAs\":[\"https:\/\/instagram.com\/pratikmagazam?utm_medium=copy_link\"]}]}<\/script>\n<!-- \/ Yoast SEO plugin. -->","yoast_head_json":{"title":"10 Metre 8 Mm Kal\u0131nl\u0131k \u00d6rg\u00fc Ip Halat Branda \u00c7ad\u0131r Tente Ba\u011flama Ipi |","description":"10 METRE 8 MM KALINLIK \u00d6RG\u00dc \u0130P BRANDA \u00c7ADIR TENTE BA\u011eLAMA \u0130P\u0130 DAYANIKLI \u00d6RME GERG\u0130 \u0130P\u0130 \u0130P KALINLI\u011eI 8 MM D\u0130R. \u00dcR\u00dcN OLDUK\u00c7A SA\u011eLAMDIR.UZAMA YADA KOPMA OLMAZ.","robots":{"index":"index","follow":"follow","max-snippet":"max-snippet:-1","max-image-preview":"max-image-preview:large","max-video-preview":"max-video-preview:-1"},"canonical":"https:\/\/www.peraavm.com\/index.php\/urun\/10-metre-8-mm-kalinlik-orgu-ip-halat-branda-cadir-tente-baglama-ipi-kopya-2\/","og_locale":"tr_TR","og_type":"article","og_title":"10 Metre 8 Mm Kal\u0131nl\u0131k \u00d6rg\u00fc Ip Halat Branda \u00c7ad\u0131r Tente Ba\u011flama Ipi |","og_description":"10 METRE 8 MM KALINLIK \u00d6RG\u00dc \u0130P BRANDA \u00c7ADIR TENTE BA\u011eLAMA \u0130P\u0130 DAYANIKLI \u00d6RME GERG\u0130 \u0130P\u0130 \u0130P KALINLI\u011eI 8 MM D\u0130R. \u00dcR\u00dcN OLDUK\u00c7A SA\u011eLAMDIR.UZAMA YADA KOPMA OLMAZ.","og_url":"https:\/\/www.peraavm.com\/index.php\/urun\/10-metre-8-mm-kalinlik-orgu-ip-halat-branda-cadir-tente-baglama-ipi-kopya-2\/","article_modified_time":"2026-01-29T13:31:03+00:00","og_image":[{"width":300,"height":300,"url":"https:\/\/www.peraavm.com\/wp-content\/uploads\/2023\/05\/88888234324234hlt8.jpg","type":"image\/jpeg"}],"twitter_card":"summary_large_image","twitter_misc":{"Tahmini okuma s\u00fcresi":"1 dakika"},"schema":{"@context":"https:\/\/schema.org","@graph":[{"@type":"WebPage","@id":"https:\/\/www.peraavm.com\/index.php\/urun\/10-metre-8-mm-kalinlik-orgu-ip-halat-branda-cadir-tente-baglama-ipi-kopya-2\/","url":"https:\/\/www.peraavm.com\/index.php\/urun\/10-metre-8-mm-kalinlik-orgu-ip-halat-branda-cadir-tente-baglama-ipi-kopya-2\/","name":"10 Metre 8 Mm Kal\u0131nl\u0131k \u00d6rg\u00fc Ip Halat Branda \u00c7ad\u0131r Tente Ba\u011flama Ipi |","isPartOf":{"@id":"https:\/\/www.peraavm.com\/#website"},"primaryImageOfPage":{"@id":"https:\/\/www.peraavm.com\/index.php\/urun\/10-metre-8-mm-kalinlik-orgu-ip-halat-branda-cadir-tente-baglama-ipi-kopya-2\/#primaryimage"},"image":{"@id":"https:\/\/www.peraavm.com\/index.php\/urun\/10-metre-8-mm-kalinlik-orgu-ip-halat-branda-cadir-tente-baglama-ipi-kopya-2\/#primaryimage"},"thumbnailUrl":"https:\/\/www.peraavm.com\/wp-content\/uploads\/2023\/05\/88888234324234hlt8.jpg","datePublished":"2026-01-29T13:30:12+00:00","dateModified":"2026-01-29T13:31:03+00:00","description":"10 METRE 8 MM KALINLIK \u00d6RG\u00dc \u0130P BRANDA \u00c7ADIR TENTE BA\u011eLAMA \u0130P\u0130 DAYANIKLI \u00d6RME GERG\u0130 \u0130P\u0130 \u0130P KALINLI\u011eI 8 MM D\u0130R. \u00dcR\u00dcN OLDUK\u00c7A SA\u011eLAMDIR.UZAMA YADA KOPMA OLMAZ.","breadcrumb":{"@id":"https:\/\/www.peraavm.com\/index.php\/urun\/10-metre-8-mm-kalinlik-orgu-ip-halat-branda-cadir-tente-baglama-ipi-kopya-2\/#breadcrumb"},"inLanguage":"tr","potentialAction":[{"@type":"ReadAction","target":["https:\/\/www.peraavm.com\/index.php\/urun\/10-metre-8-mm-kalinlik-orgu-ip-halat-branda-cadir-tente-baglama-ipi-kopya-2\/"]}]},{"@type":"ImageObject","inLanguage":"tr","@id":"https:\/\/www.peraavm.com\/index.php\/urun\/10-metre-8-mm-kalinlik-orgu-ip-halat-branda-cadir-tente-baglama-ipi-kopya-2\/#primaryimage","url":"https:\/\/www.peraavm.com\/wp-content\/uploads\/2023\/05\/88888234324234hlt8.jpg","contentUrl":"https:\/\/www.peraavm.com\/wp-content\/uploads\/2023\/05\/88888234324234hlt8.jpg","width":300,"height":300},{"@type":"BreadcrumbList","@id":"https:\/\/www.peraavm.com\/index.php\/urun\/10-metre-8-mm-kalinlik-orgu-ip-halat-branda-cadir-tente-baglama-ipi-kopya-2\/#breadcrumb","itemListElement":[{"@type":"ListItem","position":1,"name":"Anasayfa","item":"https:\/\/www.peraavm.com\/"},{"@type":"ListItem","position":2,"name":"Magaza","item":"https:\/\/www.peraavm.com\/index.php\/magaza\/"},{"@type":"ListItem","position":3,"name":"10 Metre 8 Mm Kal\u0131nl\u0131k \u00d6rg\u00fc Ip Halat Branda \u00c7ad\u0131r Tente Ba\u011flama Ipi"}]},{"@type":"WebSite","@id":"https:\/\/www.peraavm.com\/#website","url":"https:\/\/www.peraavm.com\/","name":"Pratikmagazam.com","description":"","publisher":{"@id":"https:\/\/www.peraavm.com\/#organization"},"potentialAction":[{"@type":"SearchAction","target":{"@type":"EntryPoint","urlTemplate":"https:\/\/www.peraavm.com\/?s={search_term_string}"},"query-input":{"@type":"PropertyValueSpecification","valueRequired":true,"valueName":"search_term_string"}}],"inLanguage":"tr"},{"@type":"Organization","@id":"https:\/\/www.peraavm.com\/#organization","name":"pratikmagazam.com","url":"https:\/\/www.peraavm.com\/","logo":{"@type":"ImageObject","inLanguage":"tr","@id":"https:\/\/www.peraavm.com\/#\/schema\/logo\/image\/","url":"https:\/\/www.pratikmagazam.com\/wp-content\/uploads\/2021\/11\/Ekran-Resmi-2021-11-17-08.16.13.png","contentUrl":"https:\/\/www.pratikmagazam.com\/wp-content\/uploads\/2021\/11\/Ekran-Resmi-2021-11-17-08.16.13.png","width":477,"height":135,"caption":"pratikmagazam.com"},"image":{"@id":"https:\/\/www.peraavm.com\/#\/schema\/logo\/image\/"},"sameAs":["https:\/\/instagram.com\/pratikmagazam?utm_medium=copy_link"]}]}},"_links":{"self":[{"href":"https:\/\/www.peraavm.com\/index.php\/wp-json\/wp\/v2\/product\/3163","targetHints":{"allow":["GET"]}}],"collection":[{"href":"https:\/\/www.peraavm.com\/index.php\/wp-json\/wp\/v2\/product"}],"about":[{"href":"https:\/\/www.peraavm.com\/index.php\/wp-json\/wp\/v2\/types\/product"}],"replies":[{"embeddable":true,"href":"https:\/\/www.peraavm.com\/index.php\/wp-json\/wp\/v2\/comments?post=3163"}],"wp:featuredmedia":[{"embeddable":true,"href":"https:\/\/www.peraavm.com\/index.php\/wp-json\/wp\/v2\/media\/2723"}],"wp:attachment":[{"href":"https:\/\/www.peraavm.com\/index.php\/wp-json\/wp\/v2\/media?parent=3163"}],"wp:term":[{"taxonomy":"product_brand","embeddable":true,"href":"https:\/\/www.peraavm.com\/index.php\/wp-json\/wp\/v2\/product_brand?post=3163"},{"taxonomy":"product_cat","embeddable":true,"href":"https:\/\/www.peraavm.com\/index.php\/wp-json\/wp\/v2\/product_cat?post=3163"},{"taxonomy":"product_tag","embeddable":true,"href":"https:\/\/www.peraavm.com\/index.php\/wp-json\/wp\/v2\/product_tag?post=3163"}],"curies":[{"name":"wp","href":"https:\/\/api.w.org\/{rel}","templated":true}]}}