{"id":3183,"date":"2026-02-27T08:08:43","date_gmt":"2026-02-27T08:08:43","guid":{"rendered":"https:\/\/www.peraavm.com\/?post_type=product&#038;p=3183"},"modified":"2026-02-27T08:09:16","modified_gmt":"2026-02-27T08:09:16","slug":"profesyonel-yildiz-tornavida-24cm","status":"publish","type":"product","link":"https:\/\/www.peraavm.com\/index.php\/urun\/profesyonel-yildiz-tornavida-24cm\/","title":{"rendered":"Profesyonel Y\u0131ld\u0131z Tornavida 24cm"},"content":{"rendered":"<p><strong>Profesyonel Y\u0131ld\u0131z Tornavida, her evin ve at\u00f6lyenin vazge\u00e7ilmez bir par\u00e7as\u0131 olmaya aday. K\u0131rm\u0131z\u0131 rengiyle dikkat \u00e7eken bu tornavida, hem estetik hem de i\u015flevselli\u011fi bir arada sunuyor. Elinize ald\u0131\u011f\u0131n\u0131zda, sa\u011flam yap\u0131s\u0131 ve ergonomik tasar\u0131m\u0131 sayesinde i\u015flerinizi daha kolay ve h\u0131zl\u0131 bir \u015fekilde yapabilece\u011finizi hissedeceksiniz.<\/strong><\/p>\n<p><strong>Bu tornavida, dayan\u0131kl\u0131l\u0131\u011f\u0131 ve uzun \u00f6m\u00fcrl\u00fc kullan\u0131m\u0131 ile \u00f6ne \u00e7\u0131k\u0131yor. Her t\u00fcrl\u00fc vida s\u0131kma ve gev\u015fetme i\u015flemlerinde g\u00fcvenle kullanabilece\u011finiz bu \u00fcr\u00fcn, profesyonel ve amat\u00f6r kullan\u0131c\u0131lar i\u00e7in ideal bir se\u00e7im. \u00dcst\u00fcn kalite malzemelerden \u00fcretilmi\u015f olmas\u0131, uzun y\u0131llar boyunca ilk g\u00fcnk\u00fc performans\u0131n\u0131 korumas\u0131n\u0131 sa\u011fl\u0131yor.<\/strong><\/p>\n<p><strong>SPRENDA Profesyonel Y\u0131ld\u0131z Tornavida, hem evdeki k\u00fc\u00e7\u00fck tamirat i\u015flerinizde hem de daha b\u00fcy\u00fck projelerde size yard\u0131mc\u0131 olacak. Kullan\u0131m\u0131 kolay ve pratik olan bu \u00fcr\u00fcn, i\u015flerinizi h\u0131zland\u0131r\u0131rken ayn\u0131 zamanda daha az efor harcaman\u0131z\u0131 sa\u011fl\u0131yor.<\/strong><\/p>\n<p><strong>her an elinizin alt\u0131nda olmas\u0131n\u0131 isteyece\u011finiz bir ara\u00e7 olacak. G\u00fcvenilir ve etkili bir i\u015f orta\u011f\u0131 ar\u0131yorsan\u0131z, Y\u0131ld\u0131z Tornavida tam size g\u00f6re!<\/strong><\/p>\n<h4><strong>\u00d6ne \u00c7\u0131kan \u00d6zellikler:<\/strong><\/h4>\n<ul>\n<li><strong>\u00a0Ergonomik tasar\u0131m:\u00a0Kullan\u0131m s\u0131ras\u0131nda rahatl\u0131k ve kontrol sa\u011flar.<\/strong><\/li>\n<li><strong>\u00a0Dayan\u0131kl\u0131 yap\u0131:\u00a0Uzun s\u00fcreli ve g\u00fcvenli kullan\u0131m sunar.<\/strong><\/li>\n<li><strong>\u00a0\u00c7e\u015fitli renk ve beden se\u00e7enekleri:\u00a0Her ihtiyaca uygun alternatifler sunar.<\/strong><\/li>\n<\/ul>\n","protected":false},"excerpt":{"rendered":"<p><strong>Profesyonel Y\u0131ld\u0131z Tornavida, her evin ve at\u00f6lyenin vazge\u00e7ilmez bir par\u00e7as\u0131 olmaya aday. K\u0131rm\u0131z\u0131 rengiyle dikkat \u00e7eken bu tornavida, hem estetik hem de i\u015flevselli\u011fi bir arada sunuyor. Elinize ald\u0131\u011f\u0131n\u0131zda, sa\u011flam yap\u0131s\u0131 ve ergonomik tasar\u0131m\u0131 sayesinde i\u015flerinizi daha kolay ve h\u0131zl\u0131 bir \u015fekilde yapabilece\u011finizi hissedeceksiniz.<\/strong><\/p>\n<p>&nbsp;<\/p>\n","protected":false},"featured_media":3182,"comment_status":"open","ping_status":"closed","template":"","meta":[],"product_brand":[],"product_cat":[32,15],"product_tag":[],"class_list":{"0":"post-3183","1":"product","2":"type-product","3":"status-publish","4":"has-post-thumbnail","6":"product_cat-hirdavat","7":"product_cat-tum-urunler","9":"first","10":"instock","11":"sale","12":"taxable","13":"shipping-taxable","14":"purchasable","15":"product-type-simple"},"yoast_head":"<!-- This site is optimized with the Yoast SEO plugin v27.2 - https:\/\/yoast.com\/product\/yoast-seo-wordpress\/ -->\n<title>Profesyonel Y\u0131ld\u0131z Tornavida 24cm |<\/title>\n<meta name=\"description\" content=\"Profesyonel Y\u0131ld\u0131z Tornavida, her evin ve at\u00f6lyenin vazge\u00e7ilmez bir par\u00e7as\u0131 olmaya aday. K\u0131rm\u0131z\u0131 rengiyle dikkat \u00e7eken bu tornavida, hem estetik hem de i\u015flevselli\u011fi bir arada sunuyor. Elinize ald\u0131\u011f\u0131n\u0131zda, sa\u011flam yap\u0131s\u0131 ve ergonomik tasar\u0131m\u0131 sayesinde i\u015flerinizi daha kolay ve h\u0131zl\u0131 bir \u015fekilde yapabilece\u011finizi hissedeceksiniz.Bu tornavida, dayan\u0131kl\u0131l\u0131\u011f\u0131 ve uzun \u00f6m\u00fcrl\u00fc kullan\u0131m\u0131 ile \u00f6ne \u00e7\u0131k\u0131yor. Her t\u00fcrl\u00fc vida s\u0131kma ve gev\u015fetme i\u015flemlerinde g\u00fcvenle kullanabilece\u011finiz bu \u00fcr\u00fcn, profesyonel ve amat\u00f6r kullan\u0131c\u0131lar i\u00e7in ideal bir se\u00e7im. \u00dcst\u00fcn kalite malzemelerden \u00fcretilmi\u015f olmas\u0131, uzun y\u0131llar boyunca ilk g\u00fcnk\u00fc performans\u0131n\u0131 korumas\u0131n\u0131 sa\u011fl\u0131yor.SPRENDA Profesyonel Y\u0131ld\u0131z Tornavida, hem evdeki k\u00fc\u00e7\u00fck tamirat i\u015flerinizde hem de daha b\u00fcy\u00fck projelerde size yard\u0131mc\u0131 olacak. Kullan\u0131m\u0131 kolay ve pratik olan bu \u00fcr\u00fcn, i\u015flerinizi h\u0131zland\u0131r\u0131rken ayn\u0131 zamanda daha az efor harcaman\u0131z\u0131 sa\u011fl\u0131yor.her an elinizin alt\u0131nda olmas\u0131n\u0131 isteyece\u011finiz bir ara\u00e7 olacak. G\u00fcvenilir ve etkili bir i\u015f orta\u011f\u0131 ar\u0131yorsan\u0131z, Y\u0131ld\u0131z Tornavida tam size g\u00f6re!\u00d6ne \u00c7\u0131kan \u00d6zellikler: Ergonomik tasar\u0131m: Kullan\u0131m s\u0131ras\u0131nda rahatl\u0131k ve kontrol sa\u011flar. Dayan\u0131kl\u0131 yap\u0131: Uzun s\u00fcreli ve g\u00fcvenli kullan\u0131m sunar. \u00c7e\u015fitli renk ve beden se\u00e7enekleri: Her ihtiyaca uygun alternatifler sunar.\" \/>\n<meta name=\"robots\" content=\"index, follow, max-snippet:-1, max-image-preview:large, max-video-preview:-1\" \/>\n<link rel=\"canonical\" href=\"https:\/\/www.peraavm.com\/index.php\/urun\/profesyonel-yildiz-tornavida-24cm\/\" \/>\n<meta property=\"og:locale\" content=\"tr_TR\" \/>\n<meta property=\"og:type\" content=\"article\" \/>\n<meta property=\"og:title\" content=\"Profesyonel Y\u0131ld\u0131z Tornavida 24cm |\" \/>\n<meta property=\"og:description\" content=\"Profesyonel Y\u0131ld\u0131z Tornavida, her evin ve at\u00f6lyenin vazge\u00e7ilmez bir par\u00e7as\u0131 olmaya aday. K\u0131rm\u0131z\u0131 rengiyle dikkat \u00e7eken bu tornavida, hem estetik hem de i\u015flevselli\u011fi bir arada sunuyor. Elinize ald\u0131\u011f\u0131n\u0131zda, sa\u011flam yap\u0131s\u0131 ve ergonomik tasar\u0131m\u0131 sayesinde i\u015flerinizi daha kolay ve h\u0131zl\u0131 bir \u015fekilde yapabilece\u011finizi hissedeceksiniz.Bu tornavida, dayan\u0131kl\u0131l\u0131\u011f\u0131 ve uzun \u00f6m\u00fcrl\u00fc kullan\u0131m\u0131 ile \u00f6ne \u00e7\u0131k\u0131yor. Her t\u00fcrl\u00fc vida s\u0131kma ve gev\u015fetme i\u015flemlerinde g\u00fcvenle kullanabilece\u011finiz bu \u00fcr\u00fcn, profesyonel ve amat\u00f6r kullan\u0131c\u0131lar i\u00e7in ideal bir se\u00e7im. \u00dcst\u00fcn kalite malzemelerden \u00fcretilmi\u015f olmas\u0131, uzun y\u0131llar boyunca ilk g\u00fcnk\u00fc performans\u0131n\u0131 korumas\u0131n\u0131 sa\u011fl\u0131yor.SPRENDA Profesyonel Y\u0131ld\u0131z Tornavida, hem evdeki k\u00fc\u00e7\u00fck tamirat i\u015flerinizde hem de daha b\u00fcy\u00fck projelerde size yard\u0131mc\u0131 olacak. Kullan\u0131m\u0131 kolay ve pratik olan bu \u00fcr\u00fcn, i\u015flerinizi h\u0131zland\u0131r\u0131rken ayn\u0131 zamanda daha az efor harcaman\u0131z\u0131 sa\u011fl\u0131yor.her an elinizin alt\u0131nda olmas\u0131n\u0131 isteyece\u011finiz bir ara\u00e7 olacak. G\u00fcvenilir ve etkili bir i\u015f orta\u011f\u0131 ar\u0131yorsan\u0131z, Y\u0131ld\u0131z Tornavida tam size g\u00f6re!\u00d6ne \u00c7\u0131kan \u00d6zellikler: Ergonomik tasar\u0131m: Kullan\u0131m s\u0131ras\u0131nda rahatl\u0131k ve kontrol sa\u011flar. Dayan\u0131kl\u0131 yap\u0131: Uzun s\u00fcreli ve g\u00fcvenli kullan\u0131m sunar. \u00c7e\u015fitli renk ve beden se\u00e7enekleri: Her ihtiyaca uygun alternatifler sunar.\" \/>\n<meta property=\"og:url\" content=\"https:\/\/www.peraavm.com\/index.php\/urun\/profesyonel-yildiz-tornavida-24cm\/\" \/>\n<meta property=\"article:modified_time\" content=\"2026-02-27T08:09:16+00:00\" \/>\n<meta property=\"og:image\" content=\"https:\/\/www.peraavm.com\/wp-content\/uploads\/2026\/02\/333333.jpg\" \/>\n\t<meta property=\"og:image:width\" content=\"392\" \/>\n\t<meta property=\"og:image:height\" content=\"421\" \/>\n\t<meta property=\"og:image:type\" content=\"image\/jpeg\" \/>\n<meta name=\"twitter:card\" content=\"summary_large_image\" \/>\n<meta name=\"twitter:label1\" content=\"Tahmini okuma s\u00fcresi\" \/>\n\t<meta name=\"twitter:data1\" content=\"2 dakika\" \/>\n<script type=\"application\/ld+json\" class=\"yoast-schema-graph\">{\"@context\":\"https:\/\/schema.org\",\"@graph\":[{\"@type\":\"WebPage\",\"@id\":\"https:\/\/www.peraavm.com\/index.php\/urun\/profesyonel-yildiz-tornavida-24cm\/\",\"url\":\"https:\/\/www.peraavm.com\/index.php\/urun\/profesyonel-yildiz-tornavida-24cm\/\",\"name\":\"Profesyonel Y\u0131ld\u0131z Tornavida 24cm |\",\"isPartOf\":{\"@id\":\"https:\/\/www.peraavm.com\/#website\"},\"primaryImageOfPage\":{\"@id\":\"https:\/\/www.peraavm.com\/index.php\/urun\/profesyonel-yildiz-tornavida-24cm\/#primaryimage\"},\"image\":{\"@id\":\"https:\/\/www.peraavm.com\/index.php\/urun\/profesyonel-yildiz-tornavida-24cm\/#primaryimage\"},\"thumbnailUrl\":\"https:\/\/www.peraavm.com\/wp-content\/uploads\/2026\/02\/333333.jpg\",\"datePublished\":\"2026-02-27T08:08:43+00:00\",\"dateModified\":\"2026-02-27T08:09:16+00:00\",\"description\":\"Profesyonel Y\u0131ld\u0131z Tornavida, her evin ve at\u00f6lyenin vazge\u00e7ilmez bir par\u00e7as\u0131 olmaya aday. K\u0131rm\u0131z\u0131 rengiyle dikkat \u00e7eken bu tornavida, hem estetik hem de i\u015flevselli\u011fi bir arada sunuyor. Elinize ald\u0131\u011f\u0131n\u0131zda, sa\u011flam yap\u0131s\u0131 ve ergonomik tasar\u0131m\u0131 sayesinde i\u015flerinizi daha kolay ve h\u0131zl\u0131 bir \u015fekilde yapabilece\u011finizi hissedeceksiniz.Bu tornavida, dayan\u0131kl\u0131l\u0131\u011f\u0131 ve uzun \u00f6m\u00fcrl\u00fc kullan\u0131m\u0131 ile \u00f6ne \u00e7\u0131k\u0131yor. Her t\u00fcrl\u00fc vida s\u0131kma ve gev\u015fetme i\u015flemlerinde g\u00fcvenle kullanabilece\u011finiz bu \u00fcr\u00fcn, profesyonel ve amat\u00f6r kullan\u0131c\u0131lar i\u00e7in ideal bir se\u00e7im. \u00dcst\u00fcn kalite malzemelerden \u00fcretilmi\u015f olmas\u0131, uzun y\u0131llar boyunca ilk g\u00fcnk\u00fc performans\u0131n\u0131 korumas\u0131n\u0131 sa\u011fl\u0131yor.SPRENDA Profesyonel Y\u0131ld\u0131z Tornavida, hem evdeki k\u00fc\u00e7\u00fck tamirat i\u015flerinizde hem de daha b\u00fcy\u00fck projelerde size yard\u0131mc\u0131 olacak. Kullan\u0131m\u0131 kolay ve pratik olan bu \u00fcr\u00fcn, i\u015flerinizi h\u0131zland\u0131r\u0131rken ayn\u0131 zamanda daha az efor harcaman\u0131z\u0131 sa\u011fl\u0131yor.her an elinizin alt\u0131nda olmas\u0131n\u0131 isteyece\u011finiz bir ara\u00e7 olacak. G\u00fcvenilir ve etkili bir i\u015f orta\u011f\u0131 ar\u0131yorsan\u0131z, Y\u0131ld\u0131z Tornavida tam size g\u00f6re!\u00d6ne \u00c7\u0131kan \u00d6zellikler: Ergonomik tasar\u0131m: Kullan\u0131m s\u0131ras\u0131nda rahatl\u0131k ve kontrol sa\u011flar. Dayan\u0131kl\u0131 yap\u0131: Uzun s\u00fcreli ve g\u00fcvenli kullan\u0131m sunar. \u00c7e\u015fitli renk ve beden se\u00e7enekleri: Her ihtiyaca uygun alternatifler sunar.\",\"breadcrumb\":{\"@id\":\"https:\/\/www.peraavm.com\/index.php\/urun\/profesyonel-yildiz-tornavida-24cm\/#breadcrumb\"},\"inLanguage\":\"tr\",\"potentialAction\":[{\"@type\":\"ReadAction\",\"target\":[\"https:\/\/www.peraavm.com\/index.php\/urun\/profesyonel-yildiz-tornavida-24cm\/\"]}]},{\"@type\":\"ImageObject\",\"inLanguage\":\"tr\",\"@id\":\"https:\/\/www.peraavm.com\/index.php\/urun\/profesyonel-yildiz-tornavida-24cm\/#primaryimage\",\"url\":\"https:\/\/www.peraavm.com\/wp-content\/uploads\/2026\/02\/333333.jpg\",\"contentUrl\":\"https:\/\/www.peraavm.com\/wp-content\/uploads\/2026\/02\/333333.jpg\",\"width\":392,\"height\":421},{\"@type\":\"BreadcrumbList\",\"@id\":\"https:\/\/www.peraavm.com\/index.php\/urun\/profesyonel-yildiz-tornavida-24cm\/#breadcrumb\",\"itemListElement\":[{\"@type\":\"ListItem\",\"position\":1,\"name\":\"Anasayfa\",\"item\":\"https:\/\/www.peraavm.com\/\"},{\"@type\":\"ListItem\",\"position\":2,\"name\":\"Magaza\",\"item\":\"https:\/\/www.peraavm.com\/index.php\/magaza\/\"},{\"@type\":\"ListItem\",\"position\":3,\"name\":\"Profesyonel Y\u0131ld\u0131z Tornavida 24cm\"}]},{\"@type\":\"WebSite\",\"@id\":\"https:\/\/www.peraavm.com\/#website\",\"url\":\"https:\/\/www.peraavm.com\/\",\"name\":\"Pratikmagazam.com\",\"description\":\"\",\"publisher\":{\"@id\":\"https:\/\/www.peraavm.com\/#organization\"},\"potentialAction\":[{\"@type\":\"SearchAction\",\"target\":{\"@type\":\"EntryPoint\",\"urlTemplate\":\"https:\/\/www.peraavm.com\/?s={search_term_string}\"},\"query-input\":{\"@type\":\"PropertyValueSpecification\",\"valueRequired\":true,\"valueName\":\"search_term_string\"}}],\"inLanguage\":\"tr\"},{\"@type\":\"Organization\",\"@id\":\"https:\/\/www.peraavm.com\/#organization\",\"name\":\"pratikmagazam.com\",\"url\":\"https:\/\/www.peraavm.com\/\",\"logo\":{\"@type\":\"ImageObject\",\"inLanguage\":\"tr\",\"@id\":\"https:\/\/www.peraavm.com\/#\/schema\/logo\/image\/\",\"url\":\"https:\/\/www.pratikmagazam.com\/wp-content\/uploads\/2021\/11\/Ekran-Resmi-2021-11-17-08.16.13.png\",\"contentUrl\":\"https:\/\/www.pratikmagazam.com\/wp-content\/uploads\/2021\/11\/Ekran-Resmi-2021-11-17-08.16.13.png\",\"width\":477,\"height\":135,\"caption\":\"pratikmagazam.com\"},\"image\":{\"@id\":\"https:\/\/www.peraavm.com\/#\/schema\/logo\/image\/\"},\"sameAs\":[\"https:\/\/instagram.com\/pratikmagazam?utm_medium=copy_link\"]}]}<\/script>\n<!-- \/ Yoast SEO plugin. -->","yoast_head_json":{"title":"Profesyonel Y\u0131ld\u0131z Tornavida 24cm |","description":"Profesyonel Y\u0131ld\u0131z Tornavida, her evin ve at\u00f6lyenin vazge\u00e7ilmez bir par\u00e7as\u0131 olmaya aday. K\u0131rm\u0131z\u0131 rengiyle dikkat \u00e7eken bu tornavida, hem estetik hem de i\u015flevselli\u011fi bir arada sunuyor. Elinize ald\u0131\u011f\u0131n\u0131zda, sa\u011flam yap\u0131s\u0131 ve ergonomik tasar\u0131m\u0131 sayesinde i\u015flerinizi daha kolay ve h\u0131zl\u0131 bir \u015fekilde yapabilece\u011finizi hissedeceksiniz.Bu tornavida, dayan\u0131kl\u0131l\u0131\u011f\u0131 ve uzun \u00f6m\u00fcrl\u00fc kullan\u0131m\u0131 ile \u00f6ne \u00e7\u0131k\u0131yor. Her t\u00fcrl\u00fc vida s\u0131kma ve gev\u015fetme i\u015flemlerinde g\u00fcvenle kullanabilece\u011finiz bu \u00fcr\u00fcn, profesyonel ve amat\u00f6r kullan\u0131c\u0131lar i\u00e7in ideal bir se\u00e7im. \u00dcst\u00fcn kalite malzemelerden \u00fcretilmi\u015f olmas\u0131, uzun y\u0131llar boyunca ilk g\u00fcnk\u00fc performans\u0131n\u0131 korumas\u0131n\u0131 sa\u011fl\u0131yor.SPRENDA Profesyonel Y\u0131ld\u0131z Tornavida, hem evdeki k\u00fc\u00e7\u00fck tamirat i\u015flerinizde hem de daha b\u00fcy\u00fck projelerde size yard\u0131mc\u0131 olacak. Kullan\u0131m\u0131 kolay ve pratik olan bu \u00fcr\u00fcn, i\u015flerinizi h\u0131zland\u0131r\u0131rken ayn\u0131 zamanda daha az efor harcaman\u0131z\u0131 sa\u011fl\u0131yor.her an elinizin alt\u0131nda olmas\u0131n\u0131 isteyece\u011finiz bir ara\u00e7 olacak. G\u00fcvenilir ve etkili bir i\u015f orta\u011f\u0131 ar\u0131yorsan\u0131z, Y\u0131ld\u0131z Tornavida tam size g\u00f6re!\u00d6ne \u00c7\u0131kan \u00d6zellikler: Ergonomik tasar\u0131m: Kullan\u0131m s\u0131ras\u0131nda rahatl\u0131k ve kontrol sa\u011flar. Dayan\u0131kl\u0131 yap\u0131: Uzun s\u00fcreli ve g\u00fcvenli kullan\u0131m sunar. \u00c7e\u015fitli renk ve beden se\u00e7enekleri: Her ihtiyaca uygun alternatifler sunar.","robots":{"index":"index","follow":"follow","max-snippet":"max-snippet:-1","max-image-preview":"max-image-preview:large","max-video-preview":"max-video-preview:-1"},"canonical":"https:\/\/www.peraavm.com\/index.php\/urun\/profesyonel-yildiz-tornavida-24cm\/","og_locale":"tr_TR","og_type":"article","og_title":"Profesyonel Y\u0131ld\u0131z Tornavida 24cm |","og_description":"Profesyonel Y\u0131ld\u0131z Tornavida, her evin ve at\u00f6lyenin vazge\u00e7ilmez bir par\u00e7as\u0131 olmaya aday. K\u0131rm\u0131z\u0131 rengiyle dikkat \u00e7eken bu tornavida, hem estetik hem de i\u015flevselli\u011fi bir arada sunuyor. Elinize ald\u0131\u011f\u0131n\u0131zda, sa\u011flam yap\u0131s\u0131 ve ergonomik tasar\u0131m\u0131 sayesinde i\u015flerinizi daha kolay ve h\u0131zl\u0131 bir \u015fekilde yapabilece\u011finizi hissedeceksiniz.Bu tornavida, dayan\u0131kl\u0131l\u0131\u011f\u0131 ve uzun \u00f6m\u00fcrl\u00fc kullan\u0131m\u0131 ile \u00f6ne \u00e7\u0131k\u0131yor. Her t\u00fcrl\u00fc vida s\u0131kma ve gev\u015fetme i\u015flemlerinde g\u00fcvenle kullanabilece\u011finiz bu \u00fcr\u00fcn, profesyonel ve amat\u00f6r kullan\u0131c\u0131lar i\u00e7in ideal bir se\u00e7im. \u00dcst\u00fcn kalite malzemelerden \u00fcretilmi\u015f olmas\u0131, uzun y\u0131llar boyunca ilk g\u00fcnk\u00fc performans\u0131n\u0131 korumas\u0131n\u0131 sa\u011fl\u0131yor.SPRENDA Profesyonel Y\u0131ld\u0131z Tornavida, hem evdeki k\u00fc\u00e7\u00fck tamirat i\u015flerinizde hem de daha b\u00fcy\u00fck projelerde size yard\u0131mc\u0131 olacak. Kullan\u0131m\u0131 kolay ve pratik olan bu \u00fcr\u00fcn, i\u015flerinizi h\u0131zland\u0131r\u0131rken ayn\u0131 zamanda daha az efor harcaman\u0131z\u0131 sa\u011fl\u0131yor.her an elinizin alt\u0131nda olmas\u0131n\u0131 isteyece\u011finiz bir ara\u00e7 olacak. G\u00fcvenilir ve etkili bir i\u015f orta\u011f\u0131 ar\u0131yorsan\u0131z, Y\u0131ld\u0131z Tornavida tam size g\u00f6re!\u00d6ne \u00c7\u0131kan \u00d6zellikler: Ergonomik tasar\u0131m: Kullan\u0131m s\u0131ras\u0131nda rahatl\u0131k ve kontrol sa\u011flar. Dayan\u0131kl\u0131 yap\u0131: Uzun s\u00fcreli ve g\u00fcvenli kullan\u0131m sunar. \u00c7e\u015fitli renk ve beden se\u00e7enekleri: Her ihtiyaca uygun alternatifler sunar.","og_url":"https:\/\/www.peraavm.com\/index.php\/urun\/profesyonel-yildiz-tornavida-24cm\/","article_modified_time":"2026-02-27T08:09:16+00:00","og_image":[{"width":392,"height":421,"url":"https:\/\/www.peraavm.com\/wp-content\/uploads\/2026\/02\/333333.jpg","type":"image\/jpeg"}],"twitter_card":"summary_large_image","twitter_misc":{"Tahmini okuma s\u00fcresi":"2 dakika"},"schema":{"@context":"https:\/\/schema.org","@graph":[{"@type":"WebPage","@id":"https:\/\/www.peraavm.com\/index.php\/urun\/profesyonel-yildiz-tornavida-24cm\/","url":"https:\/\/www.peraavm.com\/index.php\/urun\/profesyonel-yildiz-tornavida-24cm\/","name":"Profesyonel Y\u0131ld\u0131z Tornavida 24cm |","isPartOf":{"@id":"https:\/\/www.peraavm.com\/#website"},"primaryImageOfPage":{"@id":"https:\/\/www.peraavm.com\/index.php\/urun\/profesyonel-yildiz-tornavida-24cm\/#primaryimage"},"image":{"@id":"https:\/\/www.peraavm.com\/index.php\/urun\/profesyonel-yildiz-tornavida-24cm\/#primaryimage"},"thumbnailUrl":"https:\/\/www.peraavm.com\/wp-content\/uploads\/2026\/02\/333333.jpg","datePublished":"2026-02-27T08:08:43+00:00","dateModified":"2026-02-27T08:09:16+00:00","description":"Profesyonel Y\u0131ld\u0131z Tornavida, her evin ve at\u00f6lyenin vazge\u00e7ilmez bir par\u00e7as\u0131 olmaya aday. K\u0131rm\u0131z\u0131 rengiyle dikkat \u00e7eken bu tornavida, hem estetik hem de i\u015flevselli\u011fi bir arada sunuyor. Elinize ald\u0131\u011f\u0131n\u0131zda, sa\u011flam yap\u0131s\u0131 ve ergonomik tasar\u0131m\u0131 sayesinde i\u015flerinizi daha kolay ve h\u0131zl\u0131 bir \u015fekilde yapabilece\u011finizi hissedeceksiniz.Bu tornavida, dayan\u0131kl\u0131l\u0131\u011f\u0131 ve uzun \u00f6m\u00fcrl\u00fc kullan\u0131m\u0131 ile \u00f6ne \u00e7\u0131k\u0131yor. Her t\u00fcrl\u00fc vida s\u0131kma ve gev\u015fetme i\u015flemlerinde g\u00fcvenle kullanabilece\u011finiz bu \u00fcr\u00fcn, profesyonel ve amat\u00f6r kullan\u0131c\u0131lar i\u00e7in ideal bir se\u00e7im. \u00dcst\u00fcn kalite malzemelerden \u00fcretilmi\u015f olmas\u0131, uzun y\u0131llar boyunca ilk g\u00fcnk\u00fc performans\u0131n\u0131 korumas\u0131n\u0131 sa\u011fl\u0131yor.SPRENDA Profesyonel Y\u0131ld\u0131z Tornavida, hem evdeki k\u00fc\u00e7\u00fck tamirat i\u015flerinizde hem de daha b\u00fcy\u00fck projelerde size yard\u0131mc\u0131 olacak. Kullan\u0131m\u0131 kolay ve pratik olan bu \u00fcr\u00fcn, i\u015flerinizi h\u0131zland\u0131r\u0131rken ayn\u0131 zamanda daha az efor harcaman\u0131z\u0131 sa\u011fl\u0131yor.her an elinizin alt\u0131nda olmas\u0131n\u0131 isteyece\u011finiz bir ara\u00e7 olacak. G\u00fcvenilir ve etkili bir i\u015f orta\u011f\u0131 ar\u0131yorsan\u0131z, Y\u0131ld\u0131z Tornavida tam size g\u00f6re!\u00d6ne \u00c7\u0131kan \u00d6zellikler: Ergonomik tasar\u0131m: Kullan\u0131m s\u0131ras\u0131nda rahatl\u0131k ve kontrol sa\u011flar. Dayan\u0131kl\u0131 yap\u0131: Uzun s\u00fcreli ve g\u00fcvenli kullan\u0131m sunar. \u00c7e\u015fitli renk ve beden se\u00e7enekleri: Her ihtiyaca uygun alternatifler sunar.","breadcrumb":{"@id":"https:\/\/www.peraavm.com\/index.php\/urun\/profesyonel-yildiz-tornavida-24cm\/#breadcrumb"},"inLanguage":"tr","potentialAction":[{"@type":"ReadAction","target":["https:\/\/www.peraavm.com\/index.php\/urun\/profesyonel-yildiz-tornavida-24cm\/"]}]},{"@type":"ImageObject","inLanguage":"tr","@id":"https:\/\/www.peraavm.com\/index.php\/urun\/profesyonel-yildiz-tornavida-24cm\/#primaryimage","url":"https:\/\/www.peraavm.com\/wp-content\/uploads\/2026\/02\/333333.jpg","contentUrl":"https:\/\/www.peraavm.com\/wp-content\/uploads\/2026\/02\/333333.jpg","width":392,"height":421},{"@type":"BreadcrumbList","@id":"https:\/\/www.peraavm.com\/index.php\/urun\/profesyonel-yildiz-tornavida-24cm\/#breadcrumb","itemListElement":[{"@type":"ListItem","position":1,"name":"Anasayfa","item":"https:\/\/www.peraavm.com\/"},{"@type":"ListItem","position":2,"name":"Magaza","item":"https:\/\/www.peraavm.com\/index.php\/magaza\/"},{"@type":"ListItem","position":3,"name":"Profesyonel Y\u0131ld\u0131z Tornavida 24cm"}]},{"@type":"WebSite","@id":"https:\/\/www.peraavm.com\/#website","url":"https:\/\/www.peraavm.com\/","name":"Pratikmagazam.com","description":"","publisher":{"@id":"https:\/\/www.peraavm.com\/#organization"},"potentialAction":[{"@type":"SearchAction","target":{"@type":"EntryPoint","urlTemplate":"https:\/\/www.peraavm.com\/?s={search_term_string}"},"query-input":{"@type":"PropertyValueSpecification","valueRequired":true,"valueName":"search_term_string"}}],"inLanguage":"tr"},{"@type":"Organization","@id":"https:\/\/www.peraavm.com\/#organization","name":"pratikmagazam.com","url":"https:\/\/www.peraavm.com\/","logo":{"@type":"ImageObject","inLanguage":"tr","@id":"https:\/\/www.peraavm.com\/#\/schema\/logo\/image\/","url":"https:\/\/www.pratikmagazam.com\/wp-content\/uploads\/2021\/11\/Ekran-Resmi-2021-11-17-08.16.13.png","contentUrl":"https:\/\/www.pratikmagazam.com\/wp-content\/uploads\/2021\/11\/Ekran-Resmi-2021-11-17-08.16.13.png","width":477,"height":135,"caption":"pratikmagazam.com"},"image":{"@id":"https:\/\/www.peraavm.com\/#\/schema\/logo\/image\/"},"sameAs":["https:\/\/instagram.com\/pratikmagazam?utm_medium=copy_link"]}]}},"_links":{"self":[{"href":"https:\/\/www.peraavm.com\/index.php\/wp-json\/wp\/v2\/product\/3183","targetHints":{"allow":["GET"]}}],"collection":[{"href":"https:\/\/www.peraavm.com\/index.php\/wp-json\/wp\/v2\/product"}],"about":[{"href":"https:\/\/www.peraavm.com\/index.php\/wp-json\/wp\/v2\/types\/product"}],"replies":[{"embeddable":true,"href":"https:\/\/www.peraavm.com\/index.php\/wp-json\/wp\/v2\/comments?post=3183"}],"wp:featuredmedia":[{"embeddable":true,"href":"https:\/\/www.peraavm.com\/index.php\/wp-json\/wp\/v2\/media\/3182"}],"wp:attachment":[{"href":"https:\/\/www.peraavm.com\/index.php\/wp-json\/wp\/v2\/media?parent=3183"}],"wp:term":[{"taxonomy":"product_brand","embeddable":true,"href":"https:\/\/www.peraavm.com\/index.php\/wp-json\/wp\/v2\/product_brand?post=3183"},{"taxonomy":"product_cat","embeddable":true,"href":"https:\/\/www.peraavm.com\/index.php\/wp-json\/wp\/v2\/product_cat?post=3183"},{"taxonomy":"product_tag","embeddable":true,"href":"https:\/\/www.peraavm.com\/index.php\/wp-json\/wp\/v2\/product_tag?post=3183"}],"curies":[{"name":"wp","href":"https:\/\/api.w.org\/{rel}","templated":true}]}}