{"id":694,"date":"2021-11-24T08:21:17","date_gmt":"2021-11-24T08:21:17","guid":{"rendered":"https:\/\/www.pratikmagazam.com\/?post_type=product&#038;p=694"},"modified":"2026-01-17T12:08:45","modified_gmt":"2026-01-17T12:08:45","slug":"buyuk-boy-kafes-sekilli-hamur-kesici-rulet-tart-kesme-aparati","status":"publish","type":"product","link":"https:\/\/www.peraavm.com\/index.php\/urun\/buyuk-boy-kafes-sekilli-hamur-kesici-rulet-tart-kesme-aparati\/","title":{"rendered":"B\u00fcy\u00fck Boy Kafes \u015eekilli Hamur Kesici Rulet Tart Kesme Aparat\u0131"},"content":{"rendered":"<p>Kafes \u015eekilli Hamur Kesici<\/p>\n<ul>\n<li>En : 12 Cm Boy : 19 Cm<\/li>\n<li>\u00dcr\u00fcn, Son Derece Kolay Kullan\u0131ml\u0131d\u0131r, Sanki Bir Boya Rulosu Gibi Sadece D\u00f6nd\u00fcrerek Hamurunuza Kolayca \u015eekil Verebilirsiniz. Bu Yolla Enfes Milf\u00f6y \u00dcr\u00fcnleri Yapabilir, Yarat\u0131c\u0131l\u0131\u011f\u0131n\u0131z\u0131 Kullanarak, Farkl\u0131 \u015eekil Ve G\u00f6r\u00fcn\u00fcmlerde Pasta, Kurabiye, Hamur Tatl\u0131lar\u0131, Turtalar Ve Kekler Haz\u0131rlayabilirsiniz. Mutfakta Zaman Ge\u00e7irmeyi Seven Herkesin Keyifle Kullanabilece\u011fi Bir Alettir. Bula\u015f\u0131k Makinesinde Y\u0131kanabilir Olmas\u0131 Da, \u00dcr\u00fcn\u00fcn Bir Ba\u015fka \u0130yi \u00d6zelli\u011fidir. B\u00f6ylece Temizli\u011fi \u0130le De Zaman Kaybetmenize Gerek Kalmaz. Hamur Kesici Hamur Silindiri G\u0131da Temas\u0131na Uygun Plastik T\u00fcr\u00fcnden \u00dcretilerek \u0130nsan Sa\u011fl\u0131\u011f\u0131na Zarar Verici Maddeler \u0130\u00e7ermez.<\/li>\n<\/ul>\n","protected":false},"excerpt":{"rendered":"<p>Kafes \u015eekilli Hamur Kesici<\/p>\n<ul>\n<li>En : 12 Cm Boy : 19 Cm<\/li>\n<li>\u00dcr\u00fcn, Son Derece Kolay Kullan\u0131ml\u0131d\u0131r, Sanki Bir Boya Rulosu Gibi Sadece D\u00f6nd\u00fcrerek Hamurunuza Kolayca \u015eekil Verebilirsiniz. Bu Yolla Enfes Milf\u00f6y \u00dcr\u00fcnleri Yapabilir, Yarat\u0131c\u0131l\u0131\u011f\u0131n\u0131z\u0131 Kullanarak, Farkl\u0131 \u015eekil Ve G\u00f6r\u00fcn\u00fcmlerde Pasta, Kurabiye, Hamur Tatl\u0131lar\u0131, Turtalar Ve Kekler Haz\u0131rlayabilirsiniz. Mutfakta Zaman Ge\u00e7irmeyi Seven Herkesin Keyifle Kullanabilece\u011fi Bir Alettir. Bula\u015f\u0131k Makinesinde Y\u0131kanabilir Olmas\u0131 Da, \u00dcr\u00fcn\u00fcn Bir Ba\u015fka \u0130yi \u00d6zelli\u011fidir. B\u00f6ylece Temizli\u011fi \u0130le De Zaman Kaybetmenize Gerek Kalmaz. Hamur Kesici Hamur Silindiri G\u0131da Temas\u0131na Uygun Plastik T\u00fcr\u00fcnden \u00dcretilerek \u0130nsan Sa\u011fl\u0131\u011f\u0131na Zarar Verici Maddeler \u0130\u00e7ermez.<\/li>\n<\/ul>\n","protected":false},"featured_media":695,"comment_status":"open","ping_status":"closed","template":"","meta":[],"product_brand":[],"product_cat":[37,29,15],"product_tag":[],"class_list":{"0":"post-694","1":"product","2":"type-product","3":"status-publish","4":"has-post-thumbnail","6":"product_cat-ev-gerecleri","7":"product_cat-mutfak-gerecleri","8":"product_cat-tum-urunler","10":"first","11":"instock","12":"sale","13":"taxable","14":"shipping-taxable","15":"purchasable","16":"product-type-simple"},"yoast_head":"<!-- This site is optimized with the Yoast SEO plugin v27.2 - https:\/\/yoast.com\/product\/yoast-seo-wordpress\/ -->\n<title>B\u00fcy\u00fck Boy Kafes \u015eekilli Hamur Kesici Rulet Tart Kesme Aparat\u0131 |<\/title>\n<meta name=\"description\" content=\"Kafes \u015eekilli Hamur KesiciEn : 12 Cm Boy : 19 Cm\u00dcr\u00fcn, Son Derece Kolay Kullan\u0131ml\u0131d\u0131r, Sanki Bir Boya Rulosu Gibi Sadece D\u00f6nd\u00fcrerek Hamurunuza Kolayca \u015eekil Verebilirsiniz. Bu Yolla Enfes Milf\u00f6y \u00dcr\u00fcnleri Yapabilir, Yarat\u0131c\u0131l\u0131\u011f\u0131n\u0131z\u0131 Kullanarak, Farkl\u0131 \u015eekil Ve G\u00f6r\u00fcn\u00fcmlerde Pasta, Kurabiye, Hamur Tatl\u0131lar\u0131, Turtalar Ve Kekler Haz\u0131rlayabilirsiniz. Mutfakta Zaman Ge\u00e7irmeyi Seven Herkesin Keyifle Kullanabilece\u011fi Bir Alettir. Bula\u015f\u0131k Makinesinde Y\u0131kanabilir Olmas\u0131 Da, \u00dcr\u00fcn\u00fcn Bir Ba\u015fka \u0130yi \u00d6zelli\u011fidir. B\u00f6ylece Temizli\u011fi \u0130le De Zaman Kaybetmenize Gerek Kalmaz. Hamur Kesici Hamur Silindiri G\u0131da Temas\u0131na Uygun Plastik T\u00fcr\u00fcnden \u00dcretilerek \u0130nsan Sa\u011fl\u0131\u011f\u0131na Zarar Verici Maddeler \u0130\u00e7ermez.\" \/>\n<meta name=\"robots\" content=\"index, follow, max-snippet:-1, max-image-preview:large, max-video-preview:-1\" \/>\n<link rel=\"canonical\" href=\"https:\/\/www.peraavm.com\/index.php\/urun\/buyuk-boy-kafes-sekilli-hamur-kesici-rulet-tart-kesme-aparati\/\" \/>\n<meta property=\"og:locale\" content=\"tr_TR\" \/>\n<meta property=\"og:type\" content=\"article\" \/>\n<meta property=\"og:title\" content=\"B\u00fcy\u00fck Boy Kafes \u015eekilli Hamur Kesici Rulet Tart Kesme Aparat\u0131 |\" \/>\n<meta property=\"og:description\" content=\"Kafes \u015eekilli Hamur KesiciEn : 12 Cm Boy : 19 Cm\u00dcr\u00fcn, Son Derece Kolay Kullan\u0131ml\u0131d\u0131r, Sanki Bir Boya Rulosu Gibi Sadece D\u00f6nd\u00fcrerek Hamurunuza Kolayca \u015eekil Verebilirsiniz. Bu Yolla Enfes Milf\u00f6y \u00dcr\u00fcnleri Yapabilir, Yarat\u0131c\u0131l\u0131\u011f\u0131n\u0131z\u0131 Kullanarak, Farkl\u0131 \u015eekil Ve G\u00f6r\u00fcn\u00fcmlerde Pasta, Kurabiye, Hamur Tatl\u0131lar\u0131, Turtalar Ve Kekler Haz\u0131rlayabilirsiniz. Mutfakta Zaman Ge\u00e7irmeyi Seven Herkesin Keyifle Kullanabilece\u011fi Bir Alettir. Bula\u015f\u0131k Makinesinde Y\u0131kanabilir Olmas\u0131 Da, \u00dcr\u00fcn\u00fcn Bir Ba\u015fka \u0130yi \u00d6zelli\u011fidir. B\u00f6ylece Temizli\u011fi \u0130le De Zaman Kaybetmenize Gerek Kalmaz. Hamur Kesici Hamur Silindiri G\u0131da Temas\u0131na Uygun Plastik T\u00fcr\u00fcnden \u00dcretilerek \u0130nsan Sa\u011fl\u0131\u011f\u0131na Zarar Verici Maddeler \u0130\u00e7ermez.\" \/>\n<meta property=\"og:url\" content=\"https:\/\/www.peraavm.com\/index.php\/urun\/buyuk-boy-kafes-sekilli-hamur-kesici-rulet-tart-kesme-aparati\/\" \/>\n<meta property=\"article:modified_time\" content=\"2026-01-17T12:08:45+00:00\" \/>\n<meta property=\"og:image\" content=\"https:\/\/www.peraavm.com\/wp-content\/uploads\/2021\/11\/werwerwer.jpg\" \/>\n\t<meta property=\"og:image:width\" content=\"300\" \/>\n\t<meta property=\"og:image:height\" content=\"300\" \/>\n\t<meta property=\"og:image:type\" content=\"image\/jpeg\" \/>\n<meta name=\"twitter:card\" content=\"summary_large_image\" \/>\n<meta name=\"twitter:label1\" content=\"Tahmini okuma s\u00fcresi\" \/>\n\t<meta name=\"twitter:data1\" content=\"1 dakika\" \/>\n<script type=\"application\/ld+json\" class=\"yoast-schema-graph\">{\"@context\":\"https:\/\/schema.org\",\"@graph\":[{\"@type\":\"WebPage\",\"@id\":\"https:\/\/www.peraavm.com\/index.php\/urun\/buyuk-boy-kafes-sekilli-hamur-kesici-rulet-tart-kesme-aparati\/\",\"url\":\"https:\/\/www.peraavm.com\/index.php\/urun\/buyuk-boy-kafes-sekilli-hamur-kesici-rulet-tart-kesme-aparati\/\",\"name\":\"B\u00fcy\u00fck Boy Kafes \u015eekilli Hamur Kesici Rulet Tart Kesme Aparat\u0131 |\",\"isPartOf\":{\"@id\":\"https:\/\/www.peraavm.com\/#website\"},\"primaryImageOfPage\":{\"@id\":\"https:\/\/www.peraavm.com\/index.php\/urun\/buyuk-boy-kafes-sekilli-hamur-kesici-rulet-tart-kesme-aparati\/#primaryimage\"},\"image\":{\"@id\":\"https:\/\/www.peraavm.com\/index.php\/urun\/buyuk-boy-kafes-sekilli-hamur-kesici-rulet-tart-kesme-aparati\/#primaryimage\"},\"thumbnailUrl\":\"https:\/\/www.peraavm.com\/wp-content\/uploads\/2021\/11\/werwerwer.jpg\",\"datePublished\":\"2021-11-24T08:21:17+00:00\",\"dateModified\":\"2026-01-17T12:08:45+00:00\",\"description\":\"Kafes \u015eekilli Hamur KesiciEn : 12 Cm Boy : 19 Cm\u00dcr\u00fcn, Son Derece Kolay Kullan\u0131ml\u0131d\u0131r, Sanki Bir Boya Rulosu Gibi Sadece D\u00f6nd\u00fcrerek Hamurunuza Kolayca \u015eekil Verebilirsiniz. Bu Yolla Enfes Milf\u00f6y \u00dcr\u00fcnleri Yapabilir, Yarat\u0131c\u0131l\u0131\u011f\u0131n\u0131z\u0131 Kullanarak, Farkl\u0131 \u015eekil Ve G\u00f6r\u00fcn\u00fcmlerde Pasta, Kurabiye, Hamur Tatl\u0131lar\u0131, Turtalar Ve Kekler Haz\u0131rlayabilirsiniz. Mutfakta Zaman Ge\u00e7irmeyi Seven Herkesin Keyifle Kullanabilece\u011fi Bir Alettir. Bula\u015f\u0131k Makinesinde Y\u0131kanabilir Olmas\u0131 Da, \u00dcr\u00fcn\u00fcn Bir Ba\u015fka \u0130yi \u00d6zelli\u011fidir. B\u00f6ylece Temizli\u011fi \u0130le De Zaman Kaybetmenize Gerek Kalmaz. Hamur Kesici Hamur Silindiri G\u0131da Temas\u0131na Uygun Plastik T\u00fcr\u00fcnden \u00dcretilerek \u0130nsan Sa\u011fl\u0131\u011f\u0131na Zarar Verici Maddeler \u0130\u00e7ermez.\",\"breadcrumb\":{\"@id\":\"https:\/\/www.peraavm.com\/index.php\/urun\/buyuk-boy-kafes-sekilli-hamur-kesici-rulet-tart-kesme-aparati\/#breadcrumb\"},\"inLanguage\":\"tr\",\"potentialAction\":[{\"@type\":\"ReadAction\",\"target\":[\"https:\/\/www.peraavm.com\/index.php\/urun\/buyuk-boy-kafes-sekilli-hamur-kesici-rulet-tart-kesme-aparati\/\"]}]},{\"@type\":\"ImageObject\",\"inLanguage\":\"tr\",\"@id\":\"https:\/\/www.peraavm.com\/index.php\/urun\/buyuk-boy-kafes-sekilli-hamur-kesici-rulet-tart-kesme-aparati\/#primaryimage\",\"url\":\"https:\/\/www.peraavm.com\/wp-content\/uploads\/2021\/11\/werwerwer.jpg\",\"contentUrl\":\"https:\/\/www.peraavm.com\/wp-content\/uploads\/2021\/11\/werwerwer.jpg\",\"width\":300,\"height\":300},{\"@type\":\"BreadcrumbList\",\"@id\":\"https:\/\/www.peraavm.com\/index.php\/urun\/buyuk-boy-kafes-sekilli-hamur-kesici-rulet-tart-kesme-aparati\/#breadcrumb\",\"itemListElement\":[{\"@type\":\"ListItem\",\"position\":1,\"name\":\"Anasayfa\",\"item\":\"https:\/\/www.peraavm.com\/\"},{\"@type\":\"ListItem\",\"position\":2,\"name\":\"Magaza\",\"item\":\"https:\/\/www.peraavm.com\/index.php\/magaza\/\"},{\"@type\":\"ListItem\",\"position\":3,\"name\":\"B\u00fcy\u00fck Boy Kafes \u015eekilli Hamur Kesici Rulet Tart Kesme Aparat\u0131\"}]},{\"@type\":\"WebSite\",\"@id\":\"https:\/\/www.peraavm.com\/#website\",\"url\":\"https:\/\/www.peraavm.com\/\",\"name\":\"Pratikmagazam.com\",\"description\":\"\",\"publisher\":{\"@id\":\"https:\/\/www.peraavm.com\/#organization\"},\"potentialAction\":[{\"@type\":\"SearchAction\",\"target\":{\"@type\":\"EntryPoint\",\"urlTemplate\":\"https:\/\/www.peraavm.com\/?s={search_term_string}\"},\"query-input\":{\"@type\":\"PropertyValueSpecification\",\"valueRequired\":true,\"valueName\":\"search_term_string\"}}],\"inLanguage\":\"tr\"},{\"@type\":\"Organization\",\"@id\":\"https:\/\/www.peraavm.com\/#organization\",\"name\":\"pratikmagazam.com\",\"url\":\"https:\/\/www.peraavm.com\/\",\"logo\":{\"@type\":\"ImageObject\",\"inLanguage\":\"tr\",\"@id\":\"https:\/\/www.peraavm.com\/#\/schema\/logo\/image\/\",\"url\":\"https:\/\/www.pratikmagazam.com\/wp-content\/uploads\/2021\/11\/Ekran-Resmi-2021-11-17-08.16.13.png\",\"contentUrl\":\"https:\/\/www.pratikmagazam.com\/wp-content\/uploads\/2021\/11\/Ekran-Resmi-2021-11-17-08.16.13.png\",\"width\":477,\"height\":135,\"caption\":\"pratikmagazam.com\"},\"image\":{\"@id\":\"https:\/\/www.peraavm.com\/#\/schema\/logo\/image\/\"},\"sameAs\":[\"https:\/\/instagram.com\/pratikmagazam?utm_medium=copy_link\"]}]}<\/script>\n<!-- \/ Yoast SEO plugin. -->","yoast_head_json":{"title":"B\u00fcy\u00fck Boy Kafes \u015eekilli Hamur Kesici Rulet Tart Kesme Aparat\u0131 |","description":"Kafes \u015eekilli Hamur KesiciEn : 12 Cm Boy : 19 Cm\u00dcr\u00fcn, Son Derece Kolay Kullan\u0131ml\u0131d\u0131r, Sanki Bir Boya Rulosu Gibi Sadece D\u00f6nd\u00fcrerek Hamurunuza Kolayca \u015eekil Verebilirsiniz. Bu Yolla Enfes Milf\u00f6y \u00dcr\u00fcnleri Yapabilir, Yarat\u0131c\u0131l\u0131\u011f\u0131n\u0131z\u0131 Kullanarak, Farkl\u0131 \u015eekil Ve G\u00f6r\u00fcn\u00fcmlerde Pasta, Kurabiye, Hamur Tatl\u0131lar\u0131, Turtalar Ve Kekler Haz\u0131rlayabilirsiniz. Mutfakta Zaman Ge\u00e7irmeyi Seven Herkesin Keyifle Kullanabilece\u011fi Bir Alettir. Bula\u015f\u0131k Makinesinde Y\u0131kanabilir Olmas\u0131 Da, \u00dcr\u00fcn\u00fcn Bir Ba\u015fka \u0130yi \u00d6zelli\u011fidir. B\u00f6ylece Temizli\u011fi \u0130le De Zaman Kaybetmenize Gerek Kalmaz. Hamur Kesici Hamur Silindiri G\u0131da Temas\u0131na Uygun Plastik T\u00fcr\u00fcnden \u00dcretilerek \u0130nsan Sa\u011fl\u0131\u011f\u0131na Zarar Verici Maddeler \u0130\u00e7ermez.","robots":{"index":"index","follow":"follow","max-snippet":"max-snippet:-1","max-image-preview":"max-image-preview:large","max-video-preview":"max-video-preview:-1"},"canonical":"https:\/\/www.peraavm.com\/index.php\/urun\/buyuk-boy-kafes-sekilli-hamur-kesici-rulet-tart-kesme-aparati\/","og_locale":"tr_TR","og_type":"article","og_title":"B\u00fcy\u00fck Boy Kafes \u015eekilli Hamur Kesici Rulet Tart Kesme Aparat\u0131 |","og_description":"Kafes \u015eekilli Hamur KesiciEn : 12 Cm Boy : 19 Cm\u00dcr\u00fcn, Son Derece Kolay Kullan\u0131ml\u0131d\u0131r, Sanki Bir Boya Rulosu Gibi Sadece D\u00f6nd\u00fcrerek Hamurunuza Kolayca \u015eekil Verebilirsiniz. Bu Yolla Enfes Milf\u00f6y \u00dcr\u00fcnleri Yapabilir, Yarat\u0131c\u0131l\u0131\u011f\u0131n\u0131z\u0131 Kullanarak, Farkl\u0131 \u015eekil Ve G\u00f6r\u00fcn\u00fcmlerde Pasta, Kurabiye, Hamur Tatl\u0131lar\u0131, Turtalar Ve Kekler Haz\u0131rlayabilirsiniz. Mutfakta Zaman Ge\u00e7irmeyi Seven Herkesin Keyifle Kullanabilece\u011fi Bir Alettir. Bula\u015f\u0131k Makinesinde Y\u0131kanabilir Olmas\u0131 Da, \u00dcr\u00fcn\u00fcn Bir Ba\u015fka \u0130yi \u00d6zelli\u011fidir. B\u00f6ylece Temizli\u011fi \u0130le De Zaman Kaybetmenize Gerek Kalmaz. Hamur Kesici Hamur Silindiri G\u0131da Temas\u0131na Uygun Plastik T\u00fcr\u00fcnden \u00dcretilerek \u0130nsan Sa\u011fl\u0131\u011f\u0131na Zarar Verici Maddeler \u0130\u00e7ermez.","og_url":"https:\/\/www.peraavm.com\/index.php\/urun\/buyuk-boy-kafes-sekilli-hamur-kesici-rulet-tart-kesme-aparati\/","article_modified_time":"2026-01-17T12:08:45+00:00","og_image":[{"width":300,"height":300,"url":"https:\/\/www.peraavm.com\/wp-content\/uploads\/2021\/11\/werwerwer.jpg","type":"image\/jpeg"}],"twitter_card":"summary_large_image","twitter_misc":{"Tahmini okuma s\u00fcresi":"1 dakika"},"schema":{"@context":"https:\/\/schema.org","@graph":[{"@type":"WebPage","@id":"https:\/\/www.peraavm.com\/index.php\/urun\/buyuk-boy-kafes-sekilli-hamur-kesici-rulet-tart-kesme-aparati\/","url":"https:\/\/www.peraavm.com\/index.php\/urun\/buyuk-boy-kafes-sekilli-hamur-kesici-rulet-tart-kesme-aparati\/","name":"B\u00fcy\u00fck Boy Kafes \u015eekilli Hamur Kesici Rulet Tart Kesme Aparat\u0131 |","isPartOf":{"@id":"https:\/\/www.peraavm.com\/#website"},"primaryImageOfPage":{"@id":"https:\/\/www.peraavm.com\/index.php\/urun\/buyuk-boy-kafes-sekilli-hamur-kesici-rulet-tart-kesme-aparati\/#primaryimage"},"image":{"@id":"https:\/\/www.peraavm.com\/index.php\/urun\/buyuk-boy-kafes-sekilli-hamur-kesici-rulet-tart-kesme-aparati\/#primaryimage"},"thumbnailUrl":"https:\/\/www.peraavm.com\/wp-content\/uploads\/2021\/11\/werwerwer.jpg","datePublished":"2021-11-24T08:21:17+00:00","dateModified":"2026-01-17T12:08:45+00:00","description":"Kafes \u015eekilli Hamur KesiciEn : 12 Cm Boy : 19 Cm\u00dcr\u00fcn, Son Derece Kolay Kullan\u0131ml\u0131d\u0131r, Sanki Bir Boya Rulosu Gibi Sadece D\u00f6nd\u00fcrerek Hamurunuza Kolayca \u015eekil Verebilirsiniz. Bu Yolla Enfes Milf\u00f6y \u00dcr\u00fcnleri Yapabilir, Yarat\u0131c\u0131l\u0131\u011f\u0131n\u0131z\u0131 Kullanarak, Farkl\u0131 \u015eekil Ve G\u00f6r\u00fcn\u00fcmlerde Pasta, Kurabiye, Hamur Tatl\u0131lar\u0131, Turtalar Ve Kekler Haz\u0131rlayabilirsiniz. Mutfakta Zaman Ge\u00e7irmeyi Seven Herkesin Keyifle Kullanabilece\u011fi Bir Alettir. Bula\u015f\u0131k Makinesinde Y\u0131kanabilir Olmas\u0131 Da, \u00dcr\u00fcn\u00fcn Bir Ba\u015fka \u0130yi \u00d6zelli\u011fidir. B\u00f6ylece Temizli\u011fi \u0130le De Zaman Kaybetmenize Gerek Kalmaz. Hamur Kesici Hamur Silindiri G\u0131da Temas\u0131na Uygun Plastik T\u00fcr\u00fcnden \u00dcretilerek \u0130nsan Sa\u011fl\u0131\u011f\u0131na Zarar Verici Maddeler \u0130\u00e7ermez.","breadcrumb":{"@id":"https:\/\/www.peraavm.com\/index.php\/urun\/buyuk-boy-kafes-sekilli-hamur-kesici-rulet-tart-kesme-aparati\/#breadcrumb"},"inLanguage":"tr","potentialAction":[{"@type":"ReadAction","target":["https:\/\/www.peraavm.com\/index.php\/urun\/buyuk-boy-kafes-sekilli-hamur-kesici-rulet-tart-kesme-aparati\/"]}]},{"@type":"ImageObject","inLanguage":"tr","@id":"https:\/\/www.peraavm.com\/index.php\/urun\/buyuk-boy-kafes-sekilli-hamur-kesici-rulet-tart-kesme-aparati\/#primaryimage","url":"https:\/\/www.peraavm.com\/wp-content\/uploads\/2021\/11\/werwerwer.jpg","contentUrl":"https:\/\/www.peraavm.com\/wp-content\/uploads\/2021\/11\/werwerwer.jpg","width":300,"height":300},{"@type":"BreadcrumbList","@id":"https:\/\/www.peraavm.com\/index.php\/urun\/buyuk-boy-kafes-sekilli-hamur-kesici-rulet-tart-kesme-aparati\/#breadcrumb","itemListElement":[{"@type":"ListItem","position":1,"name":"Anasayfa","item":"https:\/\/www.peraavm.com\/"},{"@type":"ListItem","position":2,"name":"Magaza","item":"https:\/\/www.peraavm.com\/index.php\/magaza\/"},{"@type":"ListItem","position":3,"name":"B\u00fcy\u00fck Boy Kafes \u015eekilli Hamur Kesici Rulet Tart Kesme Aparat\u0131"}]},{"@type":"WebSite","@id":"https:\/\/www.peraavm.com\/#website","url":"https:\/\/www.peraavm.com\/","name":"Pratikmagazam.com","description":"","publisher":{"@id":"https:\/\/www.peraavm.com\/#organization"},"potentialAction":[{"@type":"SearchAction","target":{"@type":"EntryPoint","urlTemplate":"https:\/\/www.peraavm.com\/?s={search_term_string}"},"query-input":{"@type":"PropertyValueSpecification","valueRequired":true,"valueName":"search_term_string"}}],"inLanguage":"tr"},{"@type":"Organization","@id":"https:\/\/www.peraavm.com\/#organization","name":"pratikmagazam.com","url":"https:\/\/www.peraavm.com\/","logo":{"@type":"ImageObject","inLanguage":"tr","@id":"https:\/\/www.peraavm.com\/#\/schema\/logo\/image\/","url":"https:\/\/www.pratikmagazam.com\/wp-content\/uploads\/2021\/11\/Ekran-Resmi-2021-11-17-08.16.13.png","contentUrl":"https:\/\/www.pratikmagazam.com\/wp-content\/uploads\/2021\/11\/Ekran-Resmi-2021-11-17-08.16.13.png","width":477,"height":135,"caption":"pratikmagazam.com"},"image":{"@id":"https:\/\/www.peraavm.com\/#\/schema\/logo\/image\/"},"sameAs":["https:\/\/instagram.com\/pratikmagazam?utm_medium=copy_link"]}]}},"_links":{"self":[{"href":"https:\/\/www.peraavm.com\/index.php\/wp-json\/wp\/v2\/product\/694","targetHints":{"allow":["GET"]}}],"collection":[{"href":"https:\/\/www.peraavm.com\/index.php\/wp-json\/wp\/v2\/product"}],"about":[{"href":"https:\/\/www.peraavm.com\/index.php\/wp-json\/wp\/v2\/types\/product"}],"replies":[{"embeddable":true,"href":"https:\/\/www.peraavm.com\/index.php\/wp-json\/wp\/v2\/comments?post=694"}],"wp:featuredmedia":[{"embeddable":true,"href":"https:\/\/www.peraavm.com\/index.php\/wp-json\/wp\/v2\/media\/695"}],"wp:attachment":[{"href":"https:\/\/www.peraavm.com\/index.php\/wp-json\/wp\/v2\/media?parent=694"}],"wp:term":[{"taxonomy":"product_brand","embeddable":true,"href":"https:\/\/www.peraavm.com\/index.php\/wp-json\/wp\/v2\/product_brand?post=694"},{"taxonomy":"product_cat","embeddable":true,"href":"https:\/\/www.peraavm.com\/index.php\/wp-json\/wp\/v2\/product_cat?post=694"},{"taxonomy":"product_tag","embeddable":true,"href":"https:\/\/www.peraavm.com\/index.php\/wp-json\/wp\/v2\/product_tag?post=694"}],"curies":[{"name":"wp","href":"https:\/\/api.w.org\/{rel}","templated":true}]}}