{"id":704,"date":"2021-11-24T08:39:06","date_gmt":"2021-11-24T08:39:06","guid":{"rendered":"https:\/\/www.pratikmagazam.com\/?post_type=product&#038;p=704"},"modified":"2026-01-17T12:08:23","modified_gmt":"2026-01-17T12:08:23","slug":"silikon-iz-yapmayan-mandal-12-adet","status":"publish","type":"product","link":"https:\/\/www.peraavm.com\/index.php\/urun\/silikon-iz-yapmayan-mandal-12-adet\/","title":{"rendered":"Silikon \u0130z Yapmayan Mandal 12 Adet"},"content":{"rendered":"<h3>Silikon \u0130z Yapmayan Mandal 12 Adet<\/h3>\n<ul>\n<li>Silikon iz yapmayan mandal Giyisilerinizi kuruturken mandallar\u0131n b\u0131rakt\u0131\u011f\u0131 izlerden kurtulmak istiyorsan\u0131z bu mandallar tam size g\u00f6re iz b\u0131rakmayan silikon u\u00e7lar\u0131yla giyisilerinizi mandallar\u0131n izi kalmadan kurutabilirsiniz Paket i\u00e7eri\u011fi: 1 adet 12&#8217;li iz yapmayan silikon mandal set<\/li>\n<\/ul>\n","protected":false},"excerpt":{"rendered":"<h3>Silikon \u0130z Yapmayan Mandal 12 Adet<\/h3>\n<ul>\n<li>Silikon iz yapmayan mandal Giyisilerinizi kuruturken mandallar\u0131n b\u0131rakt\u0131\u011f\u0131 izlerden kurtulmak istiyorsan\u0131z bu mandallar tam size g\u00f6re iz b\u0131rakmayan silikon u\u00e7lar\u0131yla giyisilerinizi mandallar\u0131n izi kalmadan kurutabilirsiniz Paket i\u00e7eri\u011fi: 1 adet 12&#8217;li iz yapmayan silikon mandal set<\/li>\n<\/ul>\n","protected":false},"featured_media":706,"comment_status":"open","ping_status":"closed","template":"","meta":[],"product_brand":[],"product_cat":[30,37,38,15],"product_tag":[],"class_list":{"0":"post-704","1":"product","2":"type-product","3":"status-publish","4":"has-post-thumbnail","6":"product_cat-banyo-gerecleri","7":"product_cat-ev-gerecleri","8":"product_cat-her-eve-lazim-urunler","9":"product_cat-tum-urunler","11":"first","12":"instock","13":"sale","14":"taxable","15":"shipping-taxable","16":"purchasable","17":"product-type-simple"},"yoast_head":"<!-- This site is optimized with the Yoast SEO plugin v27.2 - https:\/\/yoast.com\/product\/yoast-seo-wordpress\/ -->\n<title>Silikon \u0130z Yapmayan Mandal 12 Adet |<\/title>\n<meta name=\"description\" content=\"Silikon \u0130z Yapmayan Mandal 12 AdetSilikon iz yapmayan mandal Giyisilerinizi kuruturken mandallar\u0131n b\u0131rakt\u0131\u011f\u0131 izlerden kurtulmak istiyorsan\u0131z bu mandallar tam size g\u00f6re iz b\u0131rakmayan silikon u\u00e7lar\u0131yla giyisilerinizi mandallar\u0131n izi kalmadan kurutabilirsiniz Paket i\u00e7eri\u011fi: 1 adet 12&#039;li iz yapmayan silikon mandal set\" \/>\n<meta name=\"robots\" content=\"index, follow, max-snippet:-1, max-image-preview:large, max-video-preview:-1\" \/>\n<link rel=\"canonical\" href=\"https:\/\/www.peraavm.com\/index.php\/urun\/silikon-iz-yapmayan-mandal-12-adet\/\" \/>\n<meta property=\"og:locale\" content=\"tr_TR\" \/>\n<meta property=\"og:type\" content=\"article\" \/>\n<meta property=\"og:title\" content=\"Silikon \u0130z Yapmayan Mandal 12 Adet |\" \/>\n<meta property=\"og:description\" content=\"Silikon \u0130z Yapmayan Mandal 12 AdetSilikon iz yapmayan mandal Giyisilerinizi kuruturken mandallar\u0131n b\u0131rakt\u0131\u011f\u0131 izlerden kurtulmak istiyorsan\u0131z bu mandallar tam size g\u00f6re iz b\u0131rakmayan silikon u\u00e7lar\u0131yla giyisilerinizi mandallar\u0131n izi kalmadan kurutabilirsiniz Paket i\u00e7eri\u011fi: 1 adet 12&#039;li iz yapmayan silikon mandal set\" \/>\n<meta property=\"og:url\" content=\"https:\/\/www.peraavm.com\/index.php\/urun\/silikon-iz-yapmayan-mandal-12-adet\/\" \/>\n<meta property=\"article:modified_time\" content=\"2026-01-17T12:08:23+00:00\" \/>\n<meta property=\"og:image\" content=\"https:\/\/www.peraavm.com\/wp-content\/uploads\/2021\/11\/345345-3.jpg\" \/>\n\t<meta property=\"og:image:width\" content=\"300\" \/>\n\t<meta property=\"og:image:height\" content=\"300\" \/>\n\t<meta property=\"og:image:type\" content=\"image\/jpeg\" \/>\n<meta name=\"twitter:card\" content=\"summary_large_image\" \/>\n<script type=\"application\/ld+json\" class=\"yoast-schema-graph\">{\"@context\":\"https:\/\/schema.org\",\"@graph\":[{\"@type\":\"WebPage\",\"@id\":\"https:\/\/www.peraavm.com\/index.php\/urun\/silikon-iz-yapmayan-mandal-12-adet\/\",\"url\":\"https:\/\/www.peraavm.com\/index.php\/urun\/silikon-iz-yapmayan-mandal-12-adet\/\",\"name\":\"Silikon \u0130z Yapmayan Mandal 12 Adet |\",\"isPartOf\":{\"@id\":\"https:\/\/www.peraavm.com\/#website\"},\"primaryImageOfPage\":{\"@id\":\"https:\/\/www.peraavm.com\/index.php\/urun\/silikon-iz-yapmayan-mandal-12-adet\/#primaryimage\"},\"image\":{\"@id\":\"https:\/\/www.peraavm.com\/index.php\/urun\/silikon-iz-yapmayan-mandal-12-adet\/#primaryimage\"},\"thumbnailUrl\":\"https:\/\/www.peraavm.com\/wp-content\/uploads\/2021\/11\/345345-3.jpg\",\"datePublished\":\"2021-11-24T08:39:06+00:00\",\"dateModified\":\"2026-01-17T12:08:23+00:00\",\"description\":\"Silikon \u0130z Yapmayan Mandal 12 AdetSilikon iz yapmayan mandal Giyisilerinizi kuruturken mandallar\u0131n b\u0131rakt\u0131\u011f\u0131 izlerden kurtulmak istiyorsan\u0131z bu mandallar tam size g\u00f6re iz b\u0131rakmayan silikon u\u00e7lar\u0131yla giyisilerinizi mandallar\u0131n izi kalmadan kurutabilirsiniz Paket i\u00e7eri\u011fi: 1 adet 12'li iz yapmayan silikon mandal set\",\"breadcrumb\":{\"@id\":\"https:\/\/www.peraavm.com\/index.php\/urun\/silikon-iz-yapmayan-mandal-12-adet\/#breadcrumb\"},\"inLanguage\":\"tr\",\"potentialAction\":[{\"@type\":\"ReadAction\",\"target\":[\"https:\/\/www.peraavm.com\/index.php\/urun\/silikon-iz-yapmayan-mandal-12-adet\/\"]}]},{\"@type\":\"ImageObject\",\"inLanguage\":\"tr\",\"@id\":\"https:\/\/www.peraavm.com\/index.php\/urun\/silikon-iz-yapmayan-mandal-12-adet\/#primaryimage\",\"url\":\"https:\/\/www.peraavm.com\/wp-content\/uploads\/2021\/11\/345345-3.jpg\",\"contentUrl\":\"https:\/\/www.peraavm.com\/wp-content\/uploads\/2021\/11\/345345-3.jpg\",\"width\":300,\"height\":300},{\"@type\":\"BreadcrumbList\",\"@id\":\"https:\/\/www.peraavm.com\/index.php\/urun\/silikon-iz-yapmayan-mandal-12-adet\/#breadcrumb\",\"itemListElement\":[{\"@type\":\"ListItem\",\"position\":1,\"name\":\"Anasayfa\",\"item\":\"https:\/\/www.peraavm.com\/\"},{\"@type\":\"ListItem\",\"position\":2,\"name\":\"Magaza\",\"item\":\"https:\/\/www.peraavm.com\/index.php\/magaza\/\"},{\"@type\":\"ListItem\",\"position\":3,\"name\":\"Silikon \u0130z Yapmayan Mandal 12 Adet\"}]},{\"@type\":\"WebSite\",\"@id\":\"https:\/\/www.peraavm.com\/#website\",\"url\":\"https:\/\/www.peraavm.com\/\",\"name\":\"Pratikmagazam.com\",\"description\":\"\",\"publisher\":{\"@id\":\"https:\/\/www.peraavm.com\/#organization\"},\"potentialAction\":[{\"@type\":\"SearchAction\",\"target\":{\"@type\":\"EntryPoint\",\"urlTemplate\":\"https:\/\/www.peraavm.com\/?s={search_term_string}\"},\"query-input\":{\"@type\":\"PropertyValueSpecification\",\"valueRequired\":true,\"valueName\":\"search_term_string\"}}],\"inLanguage\":\"tr\"},{\"@type\":\"Organization\",\"@id\":\"https:\/\/www.peraavm.com\/#organization\",\"name\":\"pratikmagazam.com\",\"url\":\"https:\/\/www.peraavm.com\/\",\"logo\":{\"@type\":\"ImageObject\",\"inLanguage\":\"tr\",\"@id\":\"https:\/\/www.peraavm.com\/#\/schema\/logo\/image\/\",\"url\":\"https:\/\/www.pratikmagazam.com\/wp-content\/uploads\/2021\/11\/Ekran-Resmi-2021-11-17-08.16.13.png\",\"contentUrl\":\"https:\/\/www.pratikmagazam.com\/wp-content\/uploads\/2021\/11\/Ekran-Resmi-2021-11-17-08.16.13.png\",\"width\":477,\"height\":135,\"caption\":\"pratikmagazam.com\"},\"image\":{\"@id\":\"https:\/\/www.peraavm.com\/#\/schema\/logo\/image\/\"},\"sameAs\":[\"https:\/\/instagram.com\/pratikmagazam?utm_medium=copy_link\"]}]}<\/script>\n<!-- \/ Yoast SEO plugin. -->","yoast_head_json":{"title":"Silikon \u0130z Yapmayan Mandal 12 Adet |","description":"Silikon \u0130z Yapmayan Mandal 12 AdetSilikon iz yapmayan mandal Giyisilerinizi kuruturken mandallar\u0131n b\u0131rakt\u0131\u011f\u0131 izlerden kurtulmak istiyorsan\u0131z bu mandallar tam size g\u00f6re iz b\u0131rakmayan silikon u\u00e7lar\u0131yla giyisilerinizi mandallar\u0131n izi kalmadan kurutabilirsiniz Paket i\u00e7eri\u011fi: 1 adet 12'li iz yapmayan silikon mandal set","robots":{"index":"index","follow":"follow","max-snippet":"max-snippet:-1","max-image-preview":"max-image-preview:large","max-video-preview":"max-video-preview:-1"},"canonical":"https:\/\/www.peraavm.com\/index.php\/urun\/silikon-iz-yapmayan-mandal-12-adet\/","og_locale":"tr_TR","og_type":"article","og_title":"Silikon \u0130z Yapmayan Mandal 12 Adet |","og_description":"Silikon \u0130z Yapmayan Mandal 12 AdetSilikon iz yapmayan mandal Giyisilerinizi kuruturken mandallar\u0131n b\u0131rakt\u0131\u011f\u0131 izlerden kurtulmak istiyorsan\u0131z bu mandallar tam size g\u00f6re iz b\u0131rakmayan silikon u\u00e7lar\u0131yla giyisilerinizi mandallar\u0131n izi kalmadan kurutabilirsiniz Paket i\u00e7eri\u011fi: 1 adet 12'li iz yapmayan silikon mandal set","og_url":"https:\/\/www.peraavm.com\/index.php\/urun\/silikon-iz-yapmayan-mandal-12-adet\/","article_modified_time":"2026-01-17T12:08:23+00:00","og_image":[{"width":300,"height":300,"url":"https:\/\/www.peraavm.com\/wp-content\/uploads\/2021\/11\/345345-3.jpg","type":"image\/jpeg"}],"twitter_card":"summary_large_image","schema":{"@context":"https:\/\/schema.org","@graph":[{"@type":"WebPage","@id":"https:\/\/www.peraavm.com\/index.php\/urun\/silikon-iz-yapmayan-mandal-12-adet\/","url":"https:\/\/www.peraavm.com\/index.php\/urun\/silikon-iz-yapmayan-mandal-12-adet\/","name":"Silikon \u0130z Yapmayan Mandal 12 Adet |","isPartOf":{"@id":"https:\/\/www.peraavm.com\/#website"},"primaryImageOfPage":{"@id":"https:\/\/www.peraavm.com\/index.php\/urun\/silikon-iz-yapmayan-mandal-12-adet\/#primaryimage"},"image":{"@id":"https:\/\/www.peraavm.com\/index.php\/urun\/silikon-iz-yapmayan-mandal-12-adet\/#primaryimage"},"thumbnailUrl":"https:\/\/www.peraavm.com\/wp-content\/uploads\/2021\/11\/345345-3.jpg","datePublished":"2021-11-24T08:39:06+00:00","dateModified":"2026-01-17T12:08:23+00:00","description":"Silikon \u0130z Yapmayan Mandal 12 AdetSilikon iz yapmayan mandal Giyisilerinizi kuruturken mandallar\u0131n b\u0131rakt\u0131\u011f\u0131 izlerden kurtulmak istiyorsan\u0131z bu mandallar tam size g\u00f6re iz b\u0131rakmayan silikon u\u00e7lar\u0131yla giyisilerinizi mandallar\u0131n izi kalmadan kurutabilirsiniz Paket i\u00e7eri\u011fi: 1 adet 12'li iz yapmayan silikon mandal set","breadcrumb":{"@id":"https:\/\/www.peraavm.com\/index.php\/urun\/silikon-iz-yapmayan-mandal-12-adet\/#breadcrumb"},"inLanguage":"tr","potentialAction":[{"@type":"ReadAction","target":["https:\/\/www.peraavm.com\/index.php\/urun\/silikon-iz-yapmayan-mandal-12-adet\/"]}]},{"@type":"ImageObject","inLanguage":"tr","@id":"https:\/\/www.peraavm.com\/index.php\/urun\/silikon-iz-yapmayan-mandal-12-adet\/#primaryimage","url":"https:\/\/www.peraavm.com\/wp-content\/uploads\/2021\/11\/345345-3.jpg","contentUrl":"https:\/\/www.peraavm.com\/wp-content\/uploads\/2021\/11\/345345-3.jpg","width":300,"height":300},{"@type":"BreadcrumbList","@id":"https:\/\/www.peraavm.com\/index.php\/urun\/silikon-iz-yapmayan-mandal-12-adet\/#breadcrumb","itemListElement":[{"@type":"ListItem","position":1,"name":"Anasayfa","item":"https:\/\/www.peraavm.com\/"},{"@type":"ListItem","position":2,"name":"Magaza","item":"https:\/\/www.peraavm.com\/index.php\/magaza\/"},{"@type":"ListItem","position":3,"name":"Silikon \u0130z Yapmayan Mandal 12 Adet"}]},{"@type":"WebSite","@id":"https:\/\/www.peraavm.com\/#website","url":"https:\/\/www.peraavm.com\/","name":"Pratikmagazam.com","description":"","publisher":{"@id":"https:\/\/www.peraavm.com\/#organization"},"potentialAction":[{"@type":"SearchAction","target":{"@type":"EntryPoint","urlTemplate":"https:\/\/www.peraavm.com\/?s={search_term_string}"},"query-input":{"@type":"PropertyValueSpecification","valueRequired":true,"valueName":"search_term_string"}}],"inLanguage":"tr"},{"@type":"Organization","@id":"https:\/\/www.peraavm.com\/#organization","name":"pratikmagazam.com","url":"https:\/\/www.peraavm.com\/","logo":{"@type":"ImageObject","inLanguage":"tr","@id":"https:\/\/www.peraavm.com\/#\/schema\/logo\/image\/","url":"https:\/\/www.pratikmagazam.com\/wp-content\/uploads\/2021\/11\/Ekran-Resmi-2021-11-17-08.16.13.png","contentUrl":"https:\/\/www.pratikmagazam.com\/wp-content\/uploads\/2021\/11\/Ekran-Resmi-2021-11-17-08.16.13.png","width":477,"height":135,"caption":"pratikmagazam.com"},"image":{"@id":"https:\/\/www.peraavm.com\/#\/schema\/logo\/image\/"},"sameAs":["https:\/\/instagram.com\/pratikmagazam?utm_medium=copy_link"]}]}},"_links":{"self":[{"href":"https:\/\/www.peraavm.com\/index.php\/wp-json\/wp\/v2\/product\/704","targetHints":{"allow":["GET"]}}],"collection":[{"href":"https:\/\/www.peraavm.com\/index.php\/wp-json\/wp\/v2\/product"}],"about":[{"href":"https:\/\/www.peraavm.com\/index.php\/wp-json\/wp\/v2\/types\/product"}],"replies":[{"embeddable":true,"href":"https:\/\/www.peraavm.com\/index.php\/wp-json\/wp\/v2\/comments?post=704"}],"wp:featuredmedia":[{"embeddable":true,"href":"https:\/\/www.peraavm.com\/index.php\/wp-json\/wp\/v2\/media\/706"}],"wp:attachment":[{"href":"https:\/\/www.peraavm.com\/index.php\/wp-json\/wp\/v2\/media?parent=704"}],"wp:term":[{"taxonomy":"product_brand","embeddable":true,"href":"https:\/\/www.peraavm.com\/index.php\/wp-json\/wp\/v2\/product_brand?post=704"},{"taxonomy":"product_cat","embeddable":true,"href":"https:\/\/www.peraavm.com\/index.php\/wp-json\/wp\/v2\/product_cat?post=704"},{"taxonomy":"product_tag","embeddable":true,"href":"https:\/\/www.peraavm.com\/index.php\/wp-json\/wp\/v2\/product_tag?post=704"}],"curies":[{"name":"wp","href":"https:\/\/api.w.org\/{rel}","templated":true}]}}