{"id":773,"date":"2021-11-25T09:19:55","date_gmt":"2021-11-25T09:19:55","guid":{"rendered":"https:\/\/www.pratikmagazam.com\/?post_type=product&#038;p=773"},"modified":"2026-01-17T12:06:57","modified_gmt":"2026-01-17T12:06:57","slug":"duz-tornavida-5x100-mm","status":"publish","type":"product","link":"https:\/\/www.peraavm.com\/index.php\/urun\/duz-tornavida-5x100-mm\/","title":{"rendered":"D\u00fcz Tornavida 5&#215;100 Mm"},"content":{"rendered":"<p>D\u00fcz Tornavida, tamirat i\u015flerinizde vidalama ve s\u00f6kme ama\u00e7l\u0131 kullanabilece\u011finiz bir alettir. \u00d6l\u00e7\u00fc 5&#215;100 mm Sap Sel\u00fcloz asetat Malzeme Krom vanadyum<\/p>\n","protected":false},"excerpt":{"rendered":"<p>D\u00fcz Tornavida, tamirat i\u015flerinizde vidalama ve s\u00f6kme ama\u00e7l\u0131 kullanabilece\u011finiz bir alettir. \u00d6l\u00e7\u00fc 5&#215;100 mm Sap Sel\u00fcloz asetat Malzeme Krom vanadyum<\/p>\n","protected":false},"featured_media":774,"comment_status":"open","ping_status":"closed","template":"","meta":[],"product_brand":[],"product_cat":[37,32,15],"product_tag":[],"class_list":{"0":"post-773","1":"product","2":"type-product","3":"status-publish","4":"has-post-thumbnail","6":"product_cat-ev-gerecleri","7":"product_cat-hirdavat","8":"product_cat-tum-urunler","10":"first","11":"instock","12":"sale","13":"taxable","14":"shipping-taxable","15":"purchasable","16":"product-type-simple"},"yoast_head":"<!-- This site is optimized with the Yoast SEO plugin v27.2 - https:\/\/yoast.com\/product\/yoast-seo-wordpress\/ -->\n<title>D\u00fcz Tornavida 5x100 Mm |<\/title>\n<meta name=\"description\" content=\"D\u00fcz Tornavida, tamirat i\u015flerinizde vidalama ve s\u00f6kme ama\u00e7l\u0131 kullanabilece\u011finiz bir alettir. \u00d6l\u00e7\u00fc 5x100 mm Sap Sel\u00fcloz asetat Malzeme Krom vanadyum\" \/>\n<meta name=\"robots\" content=\"index, follow, max-snippet:-1, max-image-preview:large, max-video-preview:-1\" \/>\n<link rel=\"canonical\" href=\"https:\/\/www.peraavm.com\/index.php\/urun\/duz-tornavida-5x100-mm\/\" \/>\n<meta property=\"og:locale\" content=\"tr_TR\" \/>\n<meta property=\"og:type\" content=\"article\" \/>\n<meta property=\"og:title\" content=\"D\u00fcz Tornavida 5x100 Mm |\" \/>\n<meta property=\"og:description\" content=\"D\u00fcz Tornavida, tamirat i\u015flerinizde vidalama ve s\u00f6kme ama\u00e7l\u0131 kullanabilece\u011finiz bir alettir. \u00d6l\u00e7\u00fc 5x100 mm Sap Sel\u00fcloz asetat Malzeme Krom vanadyum\" \/>\n<meta property=\"og:url\" content=\"https:\/\/www.peraavm.com\/index.php\/urun\/duz-tornavida-5x100-mm\/\" \/>\n<meta property=\"article:modified_time\" content=\"2026-01-17T12:06:57+00:00\" \/>\n<meta property=\"og:image\" content=\"https:\/\/www.peraavm.com\/wp-content\/uploads\/2021\/11\/2342342341.jpg\" \/>\n\t<meta property=\"og:image:width\" content=\"300\" \/>\n\t<meta property=\"og:image:height\" content=\"300\" \/>\n\t<meta property=\"og:image:type\" content=\"image\/jpeg\" \/>\n<meta name=\"twitter:card\" content=\"summary_large_image\" \/>\n<meta name=\"twitter:label1\" content=\"Tahmini okuma s\u00fcresi\" \/>\n\t<meta name=\"twitter:data1\" content=\"1 dakika\" \/>\n<script type=\"application\/ld+json\" class=\"yoast-schema-graph\">{\"@context\":\"https:\/\/schema.org\",\"@graph\":[{\"@type\":\"WebPage\",\"@id\":\"https:\/\/www.peraavm.com\/index.php\/urun\/duz-tornavida-5x100-mm\/\",\"url\":\"https:\/\/www.peraavm.com\/index.php\/urun\/duz-tornavida-5x100-mm\/\",\"name\":\"D\u00fcz Tornavida 5x100 Mm |\",\"isPartOf\":{\"@id\":\"https:\/\/www.peraavm.com\/#website\"},\"primaryImageOfPage\":{\"@id\":\"https:\/\/www.peraavm.com\/index.php\/urun\/duz-tornavida-5x100-mm\/#primaryimage\"},\"image\":{\"@id\":\"https:\/\/www.peraavm.com\/index.php\/urun\/duz-tornavida-5x100-mm\/#primaryimage\"},\"thumbnailUrl\":\"https:\/\/www.peraavm.com\/wp-content\/uploads\/2021\/11\/2342342341.jpg\",\"datePublished\":\"2021-11-25T09:19:55+00:00\",\"dateModified\":\"2026-01-17T12:06:57+00:00\",\"description\":\"D\u00fcz Tornavida, tamirat i\u015flerinizde vidalama ve s\u00f6kme ama\u00e7l\u0131 kullanabilece\u011finiz bir alettir. \u00d6l\u00e7\u00fc 5x100 mm Sap Sel\u00fcloz asetat Malzeme Krom vanadyum\",\"breadcrumb\":{\"@id\":\"https:\/\/www.peraavm.com\/index.php\/urun\/duz-tornavida-5x100-mm\/#breadcrumb\"},\"inLanguage\":\"tr\",\"potentialAction\":[{\"@type\":\"ReadAction\",\"target\":[\"https:\/\/www.peraavm.com\/index.php\/urun\/duz-tornavida-5x100-mm\/\"]}]},{\"@type\":\"ImageObject\",\"inLanguage\":\"tr\",\"@id\":\"https:\/\/www.peraavm.com\/index.php\/urun\/duz-tornavida-5x100-mm\/#primaryimage\",\"url\":\"https:\/\/www.peraavm.com\/wp-content\/uploads\/2021\/11\/2342342341.jpg\",\"contentUrl\":\"https:\/\/www.peraavm.com\/wp-content\/uploads\/2021\/11\/2342342341.jpg\",\"width\":300,\"height\":300},{\"@type\":\"BreadcrumbList\",\"@id\":\"https:\/\/www.peraavm.com\/index.php\/urun\/duz-tornavida-5x100-mm\/#breadcrumb\",\"itemListElement\":[{\"@type\":\"ListItem\",\"position\":1,\"name\":\"Anasayfa\",\"item\":\"https:\/\/www.peraavm.com\/\"},{\"@type\":\"ListItem\",\"position\":2,\"name\":\"Magaza\",\"item\":\"https:\/\/www.peraavm.com\/index.php\/magaza\/\"},{\"@type\":\"ListItem\",\"position\":3,\"name\":\"D\u00fcz Tornavida 5&#215;100 Mm\"}]},{\"@type\":\"WebSite\",\"@id\":\"https:\/\/www.peraavm.com\/#website\",\"url\":\"https:\/\/www.peraavm.com\/\",\"name\":\"Pratikmagazam.com\",\"description\":\"\",\"publisher\":{\"@id\":\"https:\/\/www.peraavm.com\/#organization\"},\"potentialAction\":[{\"@type\":\"SearchAction\",\"target\":{\"@type\":\"EntryPoint\",\"urlTemplate\":\"https:\/\/www.peraavm.com\/?s={search_term_string}\"},\"query-input\":{\"@type\":\"PropertyValueSpecification\",\"valueRequired\":true,\"valueName\":\"search_term_string\"}}],\"inLanguage\":\"tr\"},{\"@type\":\"Organization\",\"@id\":\"https:\/\/www.peraavm.com\/#organization\",\"name\":\"pratikmagazam.com\",\"url\":\"https:\/\/www.peraavm.com\/\",\"logo\":{\"@type\":\"ImageObject\",\"inLanguage\":\"tr\",\"@id\":\"https:\/\/www.peraavm.com\/#\/schema\/logo\/image\/\",\"url\":\"https:\/\/www.pratikmagazam.com\/wp-content\/uploads\/2021\/11\/Ekran-Resmi-2021-11-17-08.16.13.png\",\"contentUrl\":\"https:\/\/www.pratikmagazam.com\/wp-content\/uploads\/2021\/11\/Ekran-Resmi-2021-11-17-08.16.13.png\",\"width\":477,\"height\":135,\"caption\":\"pratikmagazam.com\"},\"image\":{\"@id\":\"https:\/\/www.peraavm.com\/#\/schema\/logo\/image\/\"},\"sameAs\":[\"https:\/\/instagram.com\/pratikmagazam?utm_medium=copy_link\"]}]}<\/script>\n<!-- \/ Yoast SEO plugin. -->","yoast_head_json":{"title":"D\u00fcz Tornavida 5x100 Mm |","description":"D\u00fcz Tornavida, tamirat i\u015flerinizde vidalama ve s\u00f6kme ama\u00e7l\u0131 kullanabilece\u011finiz bir alettir. \u00d6l\u00e7\u00fc 5x100 mm Sap Sel\u00fcloz asetat Malzeme Krom vanadyum","robots":{"index":"index","follow":"follow","max-snippet":"max-snippet:-1","max-image-preview":"max-image-preview:large","max-video-preview":"max-video-preview:-1"},"canonical":"https:\/\/www.peraavm.com\/index.php\/urun\/duz-tornavida-5x100-mm\/","og_locale":"tr_TR","og_type":"article","og_title":"D\u00fcz Tornavida 5x100 Mm |","og_description":"D\u00fcz Tornavida, tamirat i\u015flerinizde vidalama ve s\u00f6kme ama\u00e7l\u0131 kullanabilece\u011finiz bir alettir. \u00d6l\u00e7\u00fc 5x100 mm Sap Sel\u00fcloz asetat Malzeme Krom vanadyum","og_url":"https:\/\/www.peraavm.com\/index.php\/urun\/duz-tornavida-5x100-mm\/","article_modified_time":"2026-01-17T12:06:57+00:00","og_image":[{"width":300,"height":300,"url":"https:\/\/www.peraavm.com\/wp-content\/uploads\/2021\/11\/2342342341.jpg","type":"image\/jpeg"}],"twitter_card":"summary_large_image","twitter_misc":{"Tahmini okuma s\u00fcresi":"1 dakika"},"schema":{"@context":"https:\/\/schema.org","@graph":[{"@type":"WebPage","@id":"https:\/\/www.peraavm.com\/index.php\/urun\/duz-tornavida-5x100-mm\/","url":"https:\/\/www.peraavm.com\/index.php\/urun\/duz-tornavida-5x100-mm\/","name":"D\u00fcz Tornavida 5x100 Mm |","isPartOf":{"@id":"https:\/\/www.peraavm.com\/#website"},"primaryImageOfPage":{"@id":"https:\/\/www.peraavm.com\/index.php\/urun\/duz-tornavida-5x100-mm\/#primaryimage"},"image":{"@id":"https:\/\/www.peraavm.com\/index.php\/urun\/duz-tornavida-5x100-mm\/#primaryimage"},"thumbnailUrl":"https:\/\/www.peraavm.com\/wp-content\/uploads\/2021\/11\/2342342341.jpg","datePublished":"2021-11-25T09:19:55+00:00","dateModified":"2026-01-17T12:06:57+00:00","description":"D\u00fcz Tornavida, tamirat i\u015flerinizde vidalama ve s\u00f6kme ama\u00e7l\u0131 kullanabilece\u011finiz bir alettir. \u00d6l\u00e7\u00fc 5x100 mm Sap Sel\u00fcloz asetat Malzeme Krom vanadyum","breadcrumb":{"@id":"https:\/\/www.peraavm.com\/index.php\/urun\/duz-tornavida-5x100-mm\/#breadcrumb"},"inLanguage":"tr","potentialAction":[{"@type":"ReadAction","target":["https:\/\/www.peraavm.com\/index.php\/urun\/duz-tornavida-5x100-mm\/"]}]},{"@type":"ImageObject","inLanguage":"tr","@id":"https:\/\/www.peraavm.com\/index.php\/urun\/duz-tornavida-5x100-mm\/#primaryimage","url":"https:\/\/www.peraavm.com\/wp-content\/uploads\/2021\/11\/2342342341.jpg","contentUrl":"https:\/\/www.peraavm.com\/wp-content\/uploads\/2021\/11\/2342342341.jpg","width":300,"height":300},{"@type":"BreadcrumbList","@id":"https:\/\/www.peraavm.com\/index.php\/urun\/duz-tornavida-5x100-mm\/#breadcrumb","itemListElement":[{"@type":"ListItem","position":1,"name":"Anasayfa","item":"https:\/\/www.peraavm.com\/"},{"@type":"ListItem","position":2,"name":"Magaza","item":"https:\/\/www.peraavm.com\/index.php\/magaza\/"},{"@type":"ListItem","position":3,"name":"D\u00fcz Tornavida 5&#215;100 Mm"}]},{"@type":"WebSite","@id":"https:\/\/www.peraavm.com\/#website","url":"https:\/\/www.peraavm.com\/","name":"Pratikmagazam.com","description":"","publisher":{"@id":"https:\/\/www.peraavm.com\/#organization"},"potentialAction":[{"@type":"SearchAction","target":{"@type":"EntryPoint","urlTemplate":"https:\/\/www.peraavm.com\/?s={search_term_string}"},"query-input":{"@type":"PropertyValueSpecification","valueRequired":true,"valueName":"search_term_string"}}],"inLanguage":"tr"},{"@type":"Organization","@id":"https:\/\/www.peraavm.com\/#organization","name":"pratikmagazam.com","url":"https:\/\/www.peraavm.com\/","logo":{"@type":"ImageObject","inLanguage":"tr","@id":"https:\/\/www.peraavm.com\/#\/schema\/logo\/image\/","url":"https:\/\/www.pratikmagazam.com\/wp-content\/uploads\/2021\/11\/Ekran-Resmi-2021-11-17-08.16.13.png","contentUrl":"https:\/\/www.pratikmagazam.com\/wp-content\/uploads\/2021\/11\/Ekran-Resmi-2021-11-17-08.16.13.png","width":477,"height":135,"caption":"pratikmagazam.com"},"image":{"@id":"https:\/\/www.peraavm.com\/#\/schema\/logo\/image\/"},"sameAs":["https:\/\/instagram.com\/pratikmagazam?utm_medium=copy_link"]}]}},"_links":{"self":[{"href":"https:\/\/www.peraavm.com\/index.php\/wp-json\/wp\/v2\/product\/773","targetHints":{"allow":["GET"]}}],"collection":[{"href":"https:\/\/www.peraavm.com\/index.php\/wp-json\/wp\/v2\/product"}],"about":[{"href":"https:\/\/www.peraavm.com\/index.php\/wp-json\/wp\/v2\/types\/product"}],"replies":[{"embeddable":true,"href":"https:\/\/www.peraavm.com\/index.php\/wp-json\/wp\/v2\/comments?post=773"}],"wp:featuredmedia":[{"embeddable":true,"href":"https:\/\/www.peraavm.com\/index.php\/wp-json\/wp\/v2\/media\/774"}],"wp:attachment":[{"href":"https:\/\/www.peraavm.com\/index.php\/wp-json\/wp\/v2\/media?parent=773"}],"wp:term":[{"taxonomy":"product_brand","embeddable":true,"href":"https:\/\/www.peraavm.com\/index.php\/wp-json\/wp\/v2\/product_brand?post=773"},{"taxonomy":"product_cat","embeddable":true,"href":"https:\/\/www.peraavm.com\/index.php\/wp-json\/wp\/v2\/product_cat?post=773"},{"taxonomy":"product_tag","embeddable":true,"href":"https:\/\/www.peraavm.com\/index.php\/wp-json\/wp\/v2\/product_tag?post=773"}],"curies":[{"name":"wp","href":"https:\/\/api.w.org\/{rel}","templated":true}]}}