{"id":975,"date":"2021-11-29T09:08:09","date_gmt":"2021-11-29T09:08:09","guid":{"rendered":"https:\/\/www.pratikmagazam.com\/?post_type=product&#038;p=975"},"modified":"2026-01-17T12:16:04","modified_gmt":"2026-01-17T12:16:04","slug":"mutfak-banyo-dolap-ici-ve-tezgah-ustu-duzenleyici-raf-20x45-cm","status":"publish","type":"product","link":"https:\/\/www.peraavm.com\/index.php\/urun\/mutfak-banyo-dolap-ici-ve-tezgah-ustu-duzenleyici-raf-20x45-cm\/","title":{"rendered":"Mutfak Banyo Dolap I\u00e7i Ve Tezgah \u00dcst\u00fc D\u00fczenleyici Raf (20&#215;45 Cm)"},"content":{"rendered":"<h3 class=\"detail-name\">Mutfak Banyo Dolap I\u00e7i Ve Tezgah \u00dcst\u00fc D\u00fczenleyici Raf (20&#215;45 Cm)<\/h3>\n<ul class=\"detail-desc-list\">\n<li class=\"detail-desc-item\">Mutfak Banyo Dolap I\u00e7i Ve Tezgah \u00dcst\u00fc D\u00fczenleyici Raf (20&#215;45 Cm) Mutfak dolaplar\u0131n\u0131z\u0131 daha kullan\u0131\u015fl\u0131 hale getirecek ve yerden tasarruf etmenizi sa\u011flayacak d\u00fczenleyicidirMutfak dolab\u0131nda, tezgah \u00fczerinde, kiler dolab\u0131nda ve daha bir\u00e7ok farkl\u0131 yerde kullanabilece\u011finiz pratik bir raft\u0131rAlt k\u0131sm\u0131n\u0131 ve \u00fcst k\u0131sm\u0131n\u0131 diledi\u011finiz gibi kullanabilece\u011finiz raf\u0131n ayaklar\u0131 krom kaplamad\u0131r.Raf Ayaklar\u0131nda Silikon Korumalar mevcuttur her iki metal raf aya\u011f\u0131ndaki iki adet olmak \u00fczere tezgah \u00fcst\u00fcnde veya \u00fcst \u00fcste yerle\u015ftirdi\u011finizde silikon korumalar sayesinde raflar\u0131n\u0131z veya tezgahlar\u0131n\u0131z zarar g\u00f6rmez.Tabak, bardak, kase gibi t\u00fcm mutfak gere\u00e7lerinizi rahatl\u0131kla ta\u015f\u0131yabilir\u00dcst \u00fcste kullan\u0131labilen ge\u00e7me sistemlidir. Bu sistem sayesinde istedi\u011finiz kadar raf\u0131 \u00fcst \u00fcste yerle\u015ftirdi\u011finizde tek bir v\u00fccut gibi hareket ettirebileceksiniz.Kal\u0131n Plastik \u0131zgara tabla sarkma yapmaz bozulmaz\u00dcr\u00fcn \u00d6l\u00e7\u00fcleri: 20 cm x 45 cm x 16 cm<\/li>\n<\/ul>\n","protected":false},"excerpt":{"rendered":"<h3 class=\"detail-name\">Mutfak Banyo Dolap I\u00e7i Ve Tezgah \u00dcst\u00fc D\u00fczenleyici Raf (20&#215;45 Cm)<\/h3>\n<ul class=\"detail-desc-list\">\n<li class=\"detail-desc-item\">Mutfak Banyo Dolap I\u00e7i Ve Tezgah \u00dcst\u00fc D\u00fczenleyici Raf (20&#215;45 Cm) Mutfak dolaplar\u0131n\u0131z\u0131 daha kullan\u0131\u015fl\u0131 hale getirecek ve yerden tasarruf etmenizi sa\u011flayacak d\u00fczenleyicidirMutfak dolab\u0131nda, tezgah \u00fczerinde, kiler dolab\u0131nda ve daha bir\u00e7ok farkl\u0131 yerde kullanabilece\u011finiz pratik bir raft\u0131rAlt k\u0131sm\u0131n\u0131 ve \u00fcst k\u0131sm\u0131n\u0131 diledi\u011finiz gibi kullanabilece\u011finiz raf\u0131n ayaklar\u0131 krom kaplamad\u0131r.Raf Ayaklar\u0131nda Silikon Korumalar mevcuttur her iki metal raf aya\u011f\u0131ndaki iki adet olmak \u00fczere tezgah \u00fcst\u00fcnde veya \u00fcst \u00fcste yerle\u015ftirdi\u011finizde silikon korumalar sayesinde raflar\u0131n\u0131z veya tezgahlar\u0131n\u0131z zarar g\u00f6rmez.Tabak, bardak, kase gibi t\u00fcm mutfak gere\u00e7lerinizi rahatl\u0131kla ta\u015f\u0131yabilir\u00dcst \u00fcste kullan\u0131labilen ge\u00e7me sistemlidir. Bu sistem sayesinde istedi\u011finiz kadar raf\u0131 \u00fcst \u00fcste yerle\u015ftirdi\u011finizde tek bir v\u00fccut gibi hareket ettirebileceksiniz.Kal\u0131n Plastik \u0131zgara tabla sarkma yapmaz bozulmaz\u00dcr\u00fcn \u00d6l\u00e7\u00fcleri: 20 cm x 45 cm x 16 cm<\/li>\n<\/ul>\n","protected":false},"featured_media":976,"comment_status":"open","ping_status":"closed","template":"","meta":[],"product_brand":[],"product_cat":[37,29,15],"product_tag":[],"class_list":{"0":"post-975","1":"product","2":"type-product","3":"status-publish","4":"has-post-thumbnail","6":"product_cat-ev-gerecleri","7":"product_cat-mutfak-gerecleri","8":"product_cat-tum-urunler","10":"first","11":"instock","12":"sale","13":"taxable","14":"shipping-taxable","15":"purchasable","16":"product-type-simple"},"yoast_head":"<!-- This site is optimized with the Yoast SEO plugin v27.2 - https:\/\/yoast.com\/product\/yoast-seo-wordpress\/ -->\n<title>Mutfak Banyo Dolap I\u00e7i Ve Tezgah \u00dcst\u00fc D\u00fczenleyici Raf (20x45 Cm) |<\/title>\n<meta name=\"description\" content=\"Mutfak Banyo Dolap I\u00e7i Ve Tezgah \u00dcst\u00fc D\u00fczenleyici Raf (20x45 Cm)Mutfak Banyo Dolap I\u00e7i Ve Tezgah \u00dcst\u00fc D\u00fczenleyici Raf (20x45 Cm) Mutfak dolaplar\u0131n\u0131z\u0131 daha kullan\u0131\u015fl\u0131 hale getirecek ve yerden tasarruf etmenizi sa\u011flayacak d\u00fczenleyicidirMutfak dolab\u0131nda, tezgah \u00fczerinde, kiler dolab\u0131nda ve daha bir\u00e7ok farkl\u0131 yerde kullanabilece\u011finiz pratik bir raft\u0131rAlt k\u0131sm\u0131n\u0131 ve \u00fcst k\u0131sm\u0131n\u0131 diledi\u011finiz gibi kullanabilece\u011finiz raf\u0131n ayaklar\u0131 krom kaplamad\u0131r.Raf Ayaklar\u0131nda Silikon Korumalar mevcuttur her iki metal raf aya\u011f\u0131ndaki iki adet olmak \u00fczere tezgah \u00fcst\u00fcnde veya \u00fcst \u00fcste yerle\u015ftirdi\u011finizde silikon korumalar sayesinde raflar\u0131n\u0131z veya tezgahlar\u0131n\u0131z zarar g\u00f6rmez.Tabak, bardak, kase gibi t\u00fcm mutfak gere\u00e7lerinizi rahatl\u0131kla ta\u015f\u0131yabilir\u00dcst \u00fcste kullan\u0131labilen ge\u00e7me sistemlidir. Bu sistem sayesinde istedi\u011finiz kadar raf\u0131 \u00fcst \u00fcste yerle\u015ftirdi\u011finizde tek bir v\u00fccut gibi hareket ettirebileceksiniz.Kal\u0131n Plastik \u0131zgara tabla sarkma yapmaz bozulmaz\u00dcr\u00fcn \u00d6l\u00e7\u00fcleri: 20 cm x 45 cm x 16 cm\" \/>\n<meta name=\"robots\" content=\"index, follow, max-snippet:-1, max-image-preview:large, max-video-preview:-1\" \/>\n<link rel=\"canonical\" href=\"https:\/\/www.peraavm.com\/index.php\/urun\/mutfak-banyo-dolap-ici-ve-tezgah-ustu-duzenleyici-raf-20x45-cm\/\" \/>\n<meta property=\"og:locale\" content=\"tr_TR\" \/>\n<meta property=\"og:type\" content=\"article\" \/>\n<meta property=\"og:title\" content=\"Mutfak Banyo Dolap I\u00e7i Ve Tezgah \u00dcst\u00fc D\u00fczenleyici Raf (20x45 Cm) |\" \/>\n<meta property=\"og:description\" content=\"Mutfak Banyo Dolap I\u00e7i Ve Tezgah \u00dcst\u00fc D\u00fczenleyici Raf (20x45 Cm)Mutfak Banyo Dolap I\u00e7i Ve Tezgah \u00dcst\u00fc D\u00fczenleyici Raf (20x45 Cm) Mutfak dolaplar\u0131n\u0131z\u0131 daha kullan\u0131\u015fl\u0131 hale getirecek ve yerden tasarruf etmenizi sa\u011flayacak d\u00fczenleyicidirMutfak dolab\u0131nda, tezgah \u00fczerinde, kiler dolab\u0131nda ve daha bir\u00e7ok farkl\u0131 yerde kullanabilece\u011finiz pratik bir raft\u0131rAlt k\u0131sm\u0131n\u0131 ve \u00fcst k\u0131sm\u0131n\u0131 diledi\u011finiz gibi kullanabilece\u011finiz raf\u0131n ayaklar\u0131 krom kaplamad\u0131r.Raf Ayaklar\u0131nda Silikon Korumalar mevcuttur her iki metal raf aya\u011f\u0131ndaki iki adet olmak \u00fczere tezgah \u00fcst\u00fcnde veya \u00fcst \u00fcste yerle\u015ftirdi\u011finizde silikon korumalar sayesinde raflar\u0131n\u0131z veya tezgahlar\u0131n\u0131z zarar g\u00f6rmez.Tabak, bardak, kase gibi t\u00fcm mutfak gere\u00e7lerinizi rahatl\u0131kla ta\u015f\u0131yabilir\u00dcst \u00fcste kullan\u0131labilen ge\u00e7me sistemlidir. Bu sistem sayesinde istedi\u011finiz kadar raf\u0131 \u00fcst \u00fcste yerle\u015ftirdi\u011finizde tek bir v\u00fccut gibi hareket ettirebileceksiniz.Kal\u0131n Plastik \u0131zgara tabla sarkma yapmaz bozulmaz\u00dcr\u00fcn \u00d6l\u00e7\u00fcleri: 20 cm x 45 cm x 16 cm\" \/>\n<meta property=\"og:url\" content=\"https:\/\/www.peraavm.com\/index.php\/urun\/mutfak-banyo-dolap-ici-ve-tezgah-ustu-duzenleyici-raf-20x45-cm\/\" \/>\n<meta property=\"article:modified_time\" content=\"2026-01-17T12:16:04+00:00\" \/>\n<meta property=\"og:image\" content=\"https:\/\/www.peraavm.com\/wp-content\/uploads\/2021\/11\/s\u0327ablon-foto-site-1.jpg\" \/>\n\t<meta property=\"og:image:width\" content=\"300\" \/>\n\t<meta property=\"og:image:height\" content=\"300\" \/>\n\t<meta property=\"og:image:type\" content=\"image\/jpeg\" \/>\n<meta name=\"twitter:card\" content=\"summary_large_image\" \/>\n<meta name=\"twitter:label1\" content=\"Tahmini okuma s\u00fcresi\" \/>\n\t<meta name=\"twitter:data1\" content=\"1 dakika\" \/>\n<script type=\"application\/ld+json\" class=\"yoast-schema-graph\">{\"@context\":\"https:\/\/schema.org\",\"@graph\":[{\"@type\":\"WebPage\",\"@id\":\"https:\/\/www.peraavm.com\/index.php\/urun\/mutfak-banyo-dolap-ici-ve-tezgah-ustu-duzenleyici-raf-20x45-cm\/\",\"url\":\"https:\/\/www.peraavm.com\/index.php\/urun\/mutfak-banyo-dolap-ici-ve-tezgah-ustu-duzenleyici-raf-20x45-cm\/\",\"name\":\"Mutfak Banyo Dolap I\u00e7i Ve Tezgah \u00dcst\u00fc D\u00fczenleyici Raf (20x45 Cm) |\",\"isPartOf\":{\"@id\":\"https:\/\/www.peraavm.com\/#website\"},\"primaryImageOfPage\":{\"@id\":\"https:\/\/www.peraavm.com\/index.php\/urun\/mutfak-banyo-dolap-ici-ve-tezgah-ustu-duzenleyici-raf-20x45-cm\/#primaryimage\"},\"image\":{\"@id\":\"https:\/\/www.peraavm.com\/index.php\/urun\/mutfak-banyo-dolap-ici-ve-tezgah-ustu-duzenleyici-raf-20x45-cm\/#primaryimage\"},\"thumbnailUrl\":\"https:\/\/www.peraavm.com\/wp-content\/uploads\/2021\/11\/s\u0327ablon-foto-site-1.jpg\",\"datePublished\":\"2021-11-29T09:08:09+00:00\",\"dateModified\":\"2026-01-17T12:16:04+00:00\",\"description\":\"Mutfak Banyo Dolap I\u00e7i Ve Tezgah \u00dcst\u00fc D\u00fczenleyici Raf (20x45 Cm)Mutfak Banyo Dolap I\u00e7i Ve Tezgah \u00dcst\u00fc D\u00fczenleyici Raf (20x45 Cm) Mutfak dolaplar\u0131n\u0131z\u0131 daha kullan\u0131\u015fl\u0131 hale getirecek ve yerden tasarruf etmenizi sa\u011flayacak d\u00fczenleyicidirMutfak dolab\u0131nda, tezgah \u00fczerinde, kiler dolab\u0131nda ve daha bir\u00e7ok farkl\u0131 yerde kullanabilece\u011finiz pratik bir raft\u0131rAlt k\u0131sm\u0131n\u0131 ve \u00fcst k\u0131sm\u0131n\u0131 diledi\u011finiz gibi kullanabilece\u011finiz raf\u0131n ayaklar\u0131 krom kaplamad\u0131r.Raf Ayaklar\u0131nda Silikon Korumalar mevcuttur her iki metal raf aya\u011f\u0131ndaki iki adet olmak \u00fczere tezgah \u00fcst\u00fcnde veya \u00fcst \u00fcste yerle\u015ftirdi\u011finizde silikon korumalar sayesinde raflar\u0131n\u0131z veya tezgahlar\u0131n\u0131z zarar g\u00f6rmez.Tabak, bardak, kase gibi t\u00fcm mutfak gere\u00e7lerinizi rahatl\u0131kla ta\u015f\u0131yabilir\u00dcst \u00fcste kullan\u0131labilen ge\u00e7me sistemlidir. Bu sistem sayesinde istedi\u011finiz kadar raf\u0131 \u00fcst \u00fcste yerle\u015ftirdi\u011finizde tek bir v\u00fccut gibi hareket ettirebileceksiniz.Kal\u0131n Plastik \u0131zgara tabla sarkma yapmaz bozulmaz\u00dcr\u00fcn \u00d6l\u00e7\u00fcleri: 20 cm x 45 cm x 16 cm\",\"breadcrumb\":{\"@id\":\"https:\/\/www.peraavm.com\/index.php\/urun\/mutfak-banyo-dolap-ici-ve-tezgah-ustu-duzenleyici-raf-20x45-cm\/#breadcrumb\"},\"inLanguage\":\"tr\",\"potentialAction\":[{\"@type\":\"ReadAction\",\"target\":[\"https:\/\/www.peraavm.com\/index.php\/urun\/mutfak-banyo-dolap-ici-ve-tezgah-ustu-duzenleyici-raf-20x45-cm\/\"]}]},{\"@type\":\"ImageObject\",\"inLanguage\":\"tr\",\"@id\":\"https:\/\/www.peraavm.com\/index.php\/urun\/mutfak-banyo-dolap-ici-ve-tezgah-ustu-duzenleyici-raf-20x45-cm\/#primaryimage\",\"url\":\"https:\/\/www.peraavm.com\/wp-content\/uploads\/2021\/11\/s\u0327ablon-foto-site-1.jpg\",\"contentUrl\":\"https:\/\/www.peraavm.com\/wp-content\/uploads\/2021\/11\/s\u0327ablon-foto-site-1.jpg\",\"width\":300,\"height\":300},{\"@type\":\"BreadcrumbList\",\"@id\":\"https:\/\/www.peraavm.com\/index.php\/urun\/mutfak-banyo-dolap-ici-ve-tezgah-ustu-duzenleyici-raf-20x45-cm\/#breadcrumb\",\"itemListElement\":[{\"@type\":\"ListItem\",\"position\":1,\"name\":\"Anasayfa\",\"item\":\"https:\/\/www.peraavm.com\/\"},{\"@type\":\"ListItem\",\"position\":2,\"name\":\"Magaza\",\"item\":\"https:\/\/www.peraavm.com\/index.php\/magaza\/\"},{\"@type\":\"ListItem\",\"position\":3,\"name\":\"Mutfak Banyo Dolap I\u00e7i Ve Tezgah \u00dcst\u00fc D\u00fczenleyici Raf (20&#215;45 Cm)\"}]},{\"@type\":\"WebSite\",\"@id\":\"https:\/\/www.peraavm.com\/#website\",\"url\":\"https:\/\/www.peraavm.com\/\",\"name\":\"Pratikmagazam.com\",\"description\":\"\",\"publisher\":{\"@id\":\"https:\/\/www.peraavm.com\/#organization\"},\"potentialAction\":[{\"@type\":\"SearchAction\",\"target\":{\"@type\":\"EntryPoint\",\"urlTemplate\":\"https:\/\/www.peraavm.com\/?s={search_term_string}\"},\"query-input\":{\"@type\":\"PropertyValueSpecification\",\"valueRequired\":true,\"valueName\":\"search_term_string\"}}],\"inLanguage\":\"tr\"},{\"@type\":\"Organization\",\"@id\":\"https:\/\/www.peraavm.com\/#organization\",\"name\":\"pratikmagazam.com\",\"url\":\"https:\/\/www.peraavm.com\/\",\"logo\":{\"@type\":\"ImageObject\",\"inLanguage\":\"tr\",\"@id\":\"https:\/\/www.peraavm.com\/#\/schema\/logo\/image\/\",\"url\":\"https:\/\/www.pratikmagazam.com\/wp-content\/uploads\/2021\/11\/Ekran-Resmi-2021-11-17-08.16.13.png\",\"contentUrl\":\"https:\/\/www.pratikmagazam.com\/wp-content\/uploads\/2021\/11\/Ekran-Resmi-2021-11-17-08.16.13.png\",\"width\":477,\"height\":135,\"caption\":\"pratikmagazam.com\"},\"image\":{\"@id\":\"https:\/\/www.peraavm.com\/#\/schema\/logo\/image\/\"},\"sameAs\":[\"https:\/\/instagram.com\/pratikmagazam?utm_medium=copy_link\"]}]}<\/script>\n<!-- \/ Yoast SEO plugin. -->","yoast_head_json":{"title":"Mutfak Banyo Dolap I\u00e7i Ve Tezgah \u00dcst\u00fc D\u00fczenleyici Raf (20x45 Cm) |","description":"Mutfak Banyo Dolap I\u00e7i Ve Tezgah \u00dcst\u00fc D\u00fczenleyici Raf (20x45 Cm)Mutfak Banyo Dolap I\u00e7i Ve Tezgah \u00dcst\u00fc D\u00fczenleyici Raf (20x45 Cm) Mutfak dolaplar\u0131n\u0131z\u0131 daha kullan\u0131\u015fl\u0131 hale getirecek ve yerden tasarruf etmenizi sa\u011flayacak d\u00fczenleyicidirMutfak dolab\u0131nda, tezgah \u00fczerinde, kiler dolab\u0131nda ve daha bir\u00e7ok farkl\u0131 yerde kullanabilece\u011finiz pratik bir raft\u0131rAlt k\u0131sm\u0131n\u0131 ve \u00fcst k\u0131sm\u0131n\u0131 diledi\u011finiz gibi kullanabilece\u011finiz raf\u0131n ayaklar\u0131 krom kaplamad\u0131r.Raf Ayaklar\u0131nda Silikon Korumalar mevcuttur her iki metal raf aya\u011f\u0131ndaki iki adet olmak \u00fczere tezgah \u00fcst\u00fcnde veya \u00fcst \u00fcste yerle\u015ftirdi\u011finizde silikon korumalar sayesinde raflar\u0131n\u0131z veya tezgahlar\u0131n\u0131z zarar g\u00f6rmez.Tabak, bardak, kase gibi t\u00fcm mutfak gere\u00e7lerinizi rahatl\u0131kla ta\u015f\u0131yabilir\u00dcst \u00fcste kullan\u0131labilen ge\u00e7me sistemlidir. Bu sistem sayesinde istedi\u011finiz kadar raf\u0131 \u00fcst \u00fcste yerle\u015ftirdi\u011finizde tek bir v\u00fccut gibi hareket ettirebileceksiniz.Kal\u0131n Plastik \u0131zgara tabla sarkma yapmaz bozulmaz\u00dcr\u00fcn \u00d6l\u00e7\u00fcleri: 20 cm x 45 cm x 16 cm","robots":{"index":"index","follow":"follow","max-snippet":"max-snippet:-1","max-image-preview":"max-image-preview:large","max-video-preview":"max-video-preview:-1"},"canonical":"https:\/\/www.peraavm.com\/index.php\/urun\/mutfak-banyo-dolap-ici-ve-tezgah-ustu-duzenleyici-raf-20x45-cm\/","og_locale":"tr_TR","og_type":"article","og_title":"Mutfak Banyo Dolap I\u00e7i Ve Tezgah \u00dcst\u00fc D\u00fczenleyici Raf (20x45 Cm) |","og_description":"Mutfak Banyo Dolap I\u00e7i Ve Tezgah \u00dcst\u00fc D\u00fczenleyici Raf (20x45 Cm)Mutfak Banyo Dolap I\u00e7i Ve Tezgah \u00dcst\u00fc D\u00fczenleyici Raf (20x45 Cm) Mutfak dolaplar\u0131n\u0131z\u0131 daha kullan\u0131\u015fl\u0131 hale getirecek ve yerden tasarruf etmenizi sa\u011flayacak d\u00fczenleyicidirMutfak dolab\u0131nda, tezgah \u00fczerinde, kiler dolab\u0131nda ve daha bir\u00e7ok farkl\u0131 yerde kullanabilece\u011finiz pratik bir raft\u0131rAlt k\u0131sm\u0131n\u0131 ve \u00fcst k\u0131sm\u0131n\u0131 diledi\u011finiz gibi kullanabilece\u011finiz raf\u0131n ayaklar\u0131 krom kaplamad\u0131r.Raf Ayaklar\u0131nda Silikon Korumalar mevcuttur her iki metal raf aya\u011f\u0131ndaki iki adet olmak \u00fczere tezgah \u00fcst\u00fcnde veya \u00fcst \u00fcste yerle\u015ftirdi\u011finizde silikon korumalar sayesinde raflar\u0131n\u0131z veya tezgahlar\u0131n\u0131z zarar g\u00f6rmez.Tabak, bardak, kase gibi t\u00fcm mutfak gere\u00e7lerinizi rahatl\u0131kla ta\u015f\u0131yabilir\u00dcst \u00fcste kullan\u0131labilen ge\u00e7me sistemlidir. Bu sistem sayesinde istedi\u011finiz kadar raf\u0131 \u00fcst \u00fcste yerle\u015ftirdi\u011finizde tek bir v\u00fccut gibi hareket ettirebileceksiniz.Kal\u0131n Plastik \u0131zgara tabla sarkma yapmaz bozulmaz\u00dcr\u00fcn \u00d6l\u00e7\u00fcleri: 20 cm x 45 cm x 16 cm","og_url":"https:\/\/www.peraavm.com\/index.php\/urun\/mutfak-banyo-dolap-ici-ve-tezgah-ustu-duzenleyici-raf-20x45-cm\/","article_modified_time":"2026-01-17T12:16:04+00:00","og_image":[{"width":300,"height":300,"url":"https:\/\/www.peraavm.com\/wp-content\/uploads\/2021\/11\/s\u0327ablon-foto-site-1.jpg","type":"image\/jpeg"}],"twitter_card":"summary_large_image","twitter_misc":{"Tahmini okuma s\u00fcresi":"1 dakika"},"schema":{"@context":"https:\/\/schema.org","@graph":[{"@type":"WebPage","@id":"https:\/\/www.peraavm.com\/index.php\/urun\/mutfak-banyo-dolap-ici-ve-tezgah-ustu-duzenleyici-raf-20x45-cm\/","url":"https:\/\/www.peraavm.com\/index.php\/urun\/mutfak-banyo-dolap-ici-ve-tezgah-ustu-duzenleyici-raf-20x45-cm\/","name":"Mutfak Banyo Dolap I\u00e7i Ve Tezgah \u00dcst\u00fc D\u00fczenleyici Raf (20x45 Cm) |","isPartOf":{"@id":"https:\/\/www.peraavm.com\/#website"},"primaryImageOfPage":{"@id":"https:\/\/www.peraavm.com\/index.php\/urun\/mutfak-banyo-dolap-ici-ve-tezgah-ustu-duzenleyici-raf-20x45-cm\/#primaryimage"},"image":{"@id":"https:\/\/www.peraavm.com\/index.php\/urun\/mutfak-banyo-dolap-ici-ve-tezgah-ustu-duzenleyici-raf-20x45-cm\/#primaryimage"},"thumbnailUrl":"https:\/\/www.peraavm.com\/wp-content\/uploads\/2021\/11\/s\u0327ablon-foto-site-1.jpg","datePublished":"2021-11-29T09:08:09+00:00","dateModified":"2026-01-17T12:16:04+00:00","description":"Mutfak Banyo Dolap I\u00e7i Ve Tezgah \u00dcst\u00fc D\u00fczenleyici Raf (20x45 Cm)Mutfak Banyo Dolap I\u00e7i Ve Tezgah \u00dcst\u00fc D\u00fczenleyici Raf (20x45 Cm) Mutfak dolaplar\u0131n\u0131z\u0131 daha kullan\u0131\u015fl\u0131 hale getirecek ve yerden tasarruf etmenizi sa\u011flayacak d\u00fczenleyicidirMutfak dolab\u0131nda, tezgah \u00fczerinde, kiler dolab\u0131nda ve daha bir\u00e7ok farkl\u0131 yerde kullanabilece\u011finiz pratik bir raft\u0131rAlt k\u0131sm\u0131n\u0131 ve \u00fcst k\u0131sm\u0131n\u0131 diledi\u011finiz gibi kullanabilece\u011finiz raf\u0131n ayaklar\u0131 krom kaplamad\u0131r.Raf Ayaklar\u0131nda Silikon Korumalar mevcuttur her iki metal raf aya\u011f\u0131ndaki iki adet olmak \u00fczere tezgah \u00fcst\u00fcnde veya \u00fcst \u00fcste yerle\u015ftirdi\u011finizde silikon korumalar sayesinde raflar\u0131n\u0131z veya tezgahlar\u0131n\u0131z zarar g\u00f6rmez.Tabak, bardak, kase gibi t\u00fcm mutfak gere\u00e7lerinizi rahatl\u0131kla ta\u015f\u0131yabilir\u00dcst \u00fcste kullan\u0131labilen ge\u00e7me sistemlidir. Bu sistem sayesinde istedi\u011finiz kadar raf\u0131 \u00fcst \u00fcste yerle\u015ftirdi\u011finizde tek bir v\u00fccut gibi hareket ettirebileceksiniz.Kal\u0131n Plastik \u0131zgara tabla sarkma yapmaz bozulmaz\u00dcr\u00fcn \u00d6l\u00e7\u00fcleri: 20 cm x 45 cm x 16 cm","breadcrumb":{"@id":"https:\/\/www.peraavm.com\/index.php\/urun\/mutfak-banyo-dolap-ici-ve-tezgah-ustu-duzenleyici-raf-20x45-cm\/#breadcrumb"},"inLanguage":"tr","potentialAction":[{"@type":"ReadAction","target":["https:\/\/www.peraavm.com\/index.php\/urun\/mutfak-banyo-dolap-ici-ve-tezgah-ustu-duzenleyici-raf-20x45-cm\/"]}]},{"@type":"ImageObject","inLanguage":"tr","@id":"https:\/\/www.peraavm.com\/index.php\/urun\/mutfak-banyo-dolap-ici-ve-tezgah-ustu-duzenleyici-raf-20x45-cm\/#primaryimage","url":"https:\/\/www.peraavm.com\/wp-content\/uploads\/2021\/11\/s\u0327ablon-foto-site-1.jpg","contentUrl":"https:\/\/www.peraavm.com\/wp-content\/uploads\/2021\/11\/s\u0327ablon-foto-site-1.jpg","width":300,"height":300},{"@type":"BreadcrumbList","@id":"https:\/\/www.peraavm.com\/index.php\/urun\/mutfak-banyo-dolap-ici-ve-tezgah-ustu-duzenleyici-raf-20x45-cm\/#breadcrumb","itemListElement":[{"@type":"ListItem","position":1,"name":"Anasayfa","item":"https:\/\/www.peraavm.com\/"},{"@type":"ListItem","position":2,"name":"Magaza","item":"https:\/\/www.peraavm.com\/index.php\/magaza\/"},{"@type":"ListItem","position":3,"name":"Mutfak Banyo Dolap I\u00e7i Ve Tezgah \u00dcst\u00fc D\u00fczenleyici Raf (20&#215;45 Cm)"}]},{"@type":"WebSite","@id":"https:\/\/www.peraavm.com\/#website","url":"https:\/\/www.peraavm.com\/","name":"Pratikmagazam.com","description":"","publisher":{"@id":"https:\/\/www.peraavm.com\/#organization"},"potentialAction":[{"@type":"SearchAction","target":{"@type":"EntryPoint","urlTemplate":"https:\/\/www.peraavm.com\/?s={search_term_string}"},"query-input":{"@type":"PropertyValueSpecification","valueRequired":true,"valueName":"search_term_string"}}],"inLanguage":"tr"},{"@type":"Organization","@id":"https:\/\/www.peraavm.com\/#organization","name":"pratikmagazam.com","url":"https:\/\/www.peraavm.com\/","logo":{"@type":"ImageObject","inLanguage":"tr","@id":"https:\/\/www.peraavm.com\/#\/schema\/logo\/image\/","url":"https:\/\/www.pratikmagazam.com\/wp-content\/uploads\/2021\/11\/Ekran-Resmi-2021-11-17-08.16.13.png","contentUrl":"https:\/\/www.pratikmagazam.com\/wp-content\/uploads\/2021\/11\/Ekran-Resmi-2021-11-17-08.16.13.png","width":477,"height":135,"caption":"pratikmagazam.com"},"image":{"@id":"https:\/\/www.peraavm.com\/#\/schema\/logo\/image\/"},"sameAs":["https:\/\/instagram.com\/pratikmagazam?utm_medium=copy_link"]}]}},"_links":{"self":[{"href":"https:\/\/www.peraavm.com\/index.php\/wp-json\/wp\/v2\/product\/975","targetHints":{"allow":["GET"]}}],"collection":[{"href":"https:\/\/www.peraavm.com\/index.php\/wp-json\/wp\/v2\/product"}],"about":[{"href":"https:\/\/www.peraavm.com\/index.php\/wp-json\/wp\/v2\/types\/product"}],"replies":[{"embeddable":true,"href":"https:\/\/www.peraavm.com\/index.php\/wp-json\/wp\/v2\/comments?post=975"}],"wp:featuredmedia":[{"embeddable":true,"href":"https:\/\/www.peraavm.com\/index.php\/wp-json\/wp\/v2\/media\/976"}],"wp:attachment":[{"href":"https:\/\/www.peraavm.com\/index.php\/wp-json\/wp\/v2\/media?parent=975"}],"wp:term":[{"taxonomy":"product_brand","embeddable":true,"href":"https:\/\/www.peraavm.com\/index.php\/wp-json\/wp\/v2\/product_brand?post=975"},{"taxonomy":"product_cat","embeddable":true,"href":"https:\/\/www.peraavm.com\/index.php\/wp-json\/wp\/v2\/product_cat?post=975"},{"taxonomy":"product_tag","embeddable":true,"href":"https:\/\/www.peraavm.com\/index.php\/wp-json\/wp\/v2\/product_tag?post=975"}],"curies":[{"name":"wp","href":"https:\/\/api.w.org\/{rel}","templated":true}]}}