{"id":979,"date":"2021-11-29T09:11:43","date_gmt":"2021-11-29T09:11:43","guid":{"rendered":"https:\/\/www.pratikmagazam.com\/?post_type=product&#038;p=979"},"modified":"2026-01-17T12:15:48","modified_gmt":"2026-01-17T12:15:48","slug":"mutfak-masasi-tezgah-ustu-dolap-ici-raf-duzenleyici","status":"publish","type":"product","link":"https:\/\/www.peraavm.com\/index.php\/urun\/mutfak-masasi-tezgah-ustu-dolap-ici-raf-duzenleyici\/","title":{"rendered":"Mutfak Masas\u0131 Tezgah \u00dcst\u00fc Dolap I\u00e7i Raf D\u00fczenleyici"},"content":{"rendered":"<h3 class=\"detail-name\">Mutfak Masas\u0131 Tezgah \u00dcst\u00fc Dolap I\u00e7i Raf D\u00fczenleyici<\/h3>\n<ul class=\"detail-desc-list\">\n<li class=\"detail-desc-item\">Mutfak Masas\u0131 Tezgah \u00dcst\u00fc Dolap I\u00e7i Raf D\u00fczenleyici \u00dcr\u00fcn \u00f6l\u00e7\u00fcleri: 14x30cm paket i\u00e7eri\u011fi: 1 adet pratik mutfak raf\u0131<\/li>\n<\/ul>\n","protected":false},"excerpt":{"rendered":"<h3 class=\"detail-name\">Mutfak Masas\u0131 Tezgah \u00dcst\u00fc Dolap I\u00e7i Raf D\u00fczenleyici<\/h3>\n<ul class=\"detail-desc-list\">\n<li class=\"detail-desc-item\">Mutfak Masas\u0131 Tezgah \u00dcst\u00fc Dolap I\u00e7i Raf D\u00fczenleyici \u00dcr\u00fcn \u00f6l\u00e7\u00fcleri: 14x30cm paket i\u00e7eri\u011fi: 1 adet pratik mutfak raf\u0131<\/li>\n<\/ul>\n","protected":false},"featured_media":980,"comment_status":"open","ping_status":"closed","template":"","meta":[],"product_brand":[],"product_cat":[37,29,15],"product_tag":[],"class_list":{"0":"post-979","1":"product","2":"type-product","3":"status-publish","4":"has-post-thumbnail","6":"product_cat-ev-gerecleri","7":"product_cat-mutfak-gerecleri","8":"product_cat-tum-urunler","10":"first","11":"instock","12":"sale","13":"taxable","14":"shipping-taxable","15":"purchasable","16":"product-type-simple"},"yoast_head":"<!-- This site is optimized with the Yoast SEO plugin v27.2 - https:\/\/yoast.com\/product\/yoast-seo-wordpress\/ -->\n<title>Mutfak Masas\u0131 Tezgah \u00dcst\u00fc Dolap I\u00e7i Raf D\u00fczenleyici |<\/title>\n<meta name=\"description\" content=\"Mutfak Masas\u0131 Tezgah \u00dcst\u00fc Dolap I\u00e7i Raf D\u00fczenleyiciMutfak Masas\u0131 Tezgah \u00dcst\u00fc Dolap I\u00e7i Raf D\u00fczenleyici \u00dcr\u00fcn \u00f6l\u00e7\u00fcleri: 14x30cm paket i\u00e7eri\u011fi: 1 adet pratik mutfak raf\u0131\" \/>\n<meta name=\"robots\" content=\"index, follow, max-snippet:-1, max-image-preview:large, max-video-preview:-1\" \/>\n<link rel=\"canonical\" href=\"https:\/\/www.peraavm.com\/index.php\/urun\/mutfak-masasi-tezgah-ustu-dolap-ici-raf-duzenleyici\/\" \/>\n<meta property=\"og:locale\" content=\"tr_TR\" \/>\n<meta property=\"og:type\" content=\"article\" \/>\n<meta property=\"og:title\" content=\"Mutfak Masas\u0131 Tezgah \u00dcst\u00fc Dolap I\u00e7i Raf D\u00fczenleyici |\" \/>\n<meta property=\"og:description\" content=\"Mutfak Masas\u0131 Tezgah \u00dcst\u00fc Dolap I\u00e7i Raf D\u00fczenleyiciMutfak Masas\u0131 Tezgah \u00dcst\u00fc Dolap I\u00e7i Raf D\u00fczenleyici \u00dcr\u00fcn \u00f6l\u00e7\u00fcleri: 14x30cm paket i\u00e7eri\u011fi: 1 adet pratik mutfak raf\u0131\" \/>\n<meta property=\"og:url\" content=\"https:\/\/www.peraavm.com\/index.php\/urun\/mutfak-masasi-tezgah-ustu-dolap-ici-raf-duzenleyici\/\" \/>\n<meta property=\"article:modified_time\" content=\"2026-01-17T12:15:48+00:00\" \/>\n<meta property=\"og:image\" content=\"https:\/\/www.peraavm.com\/wp-content\/uploads\/2021\/11\/s\u0327ablon-foto-site-2.jpg\" \/>\n\t<meta property=\"og:image:width\" content=\"300\" \/>\n\t<meta property=\"og:image:height\" content=\"300\" \/>\n\t<meta property=\"og:image:type\" content=\"image\/jpeg\" \/>\n<meta name=\"twitter:card\" content=\"summary_large_image\" \/>\n<meta name=\"twitter:label1\" content=\"Tahmini okuma s\u00fcresi\" \/>\n\t<meta name=\"twitter:data1\" content=\"1 dakika\" \/>\n<script type=\"application\/ld+json\" class=\"yoast-schema-graph\">{\"@context\":\"https:\/\/schema.org\",\"@graph\":[{\"@type\":\"WebPage\",\"@id\":\"https:\/\/www.peraavm.com\/index.php\/urun\/mutfak-masasi-tezgah-ustu-dolap-ici-raf-duzenleyici\/\",\"url\":\"https:\/\/www.peraavm.com\/index.php\/urun\/mutfak-masasi-tezgah-ustu-dolap-ici-raf-duzenleyici\/\",\"name\":\"Mutfak Masas\u0131 Tezgah \u00dcst\u00fc Dolap I\u00e7i Raf D\u00fczenleyici |\",\"isPartOf\":{\"@id\":\"https:\/\/www.peraavm.com\/#website\"},\"primaryImageOfPage\":{\"@id\":\"https:\/\/www.peraavm.com\/index.php\/urun\/mutfak-masasi-tezgah-ustu-dolap-ici-raf-duzenleyici\/#primaryimage\"},\"image\":{\"@id\":\"https:\/\/www.peraavm.com\/index.php\/urun\/mutfak-masasi-tezgah-ustu-dolap-ici-raf-duzenleyici\/#primaryimage\"},\"thumbnailUrl\":\"https:\/\/www.peraavm.com\/wp-content\/uploads\/2021\/11\/s\u0327ablon-foto-site-2.jpg\",\"datePublished\":\"2021-11-29T09:11:43+00:00\",\"dateModified\":\"2026-01-17T12:15:48+00:00\",\"description\":\"Mutfak Masas\u0131 Tezgah \u00dcst\u00fc Dolap I\u00e7i Raf D\u00fczenleyiciMutfak Masas\u0131 Tezgah \u00dcst\u00fc Dolap I\u00e7i Raf D\u00fczenleyici \u00dcr\u00fcn \u00f6l\u00e7\u00fcleri: 14x30cm paket i\u00e7eri\u011fi: 1 adet pratik mutfak raf\u0131\",\"breadcrumb\":{\"@id\":\"https:\/\/www.peraavm.com\/index.php\/urun\/mutfak-masasi-tezgah-ustu-dolap-ici-raf-duzenleyici\/#breadcrumb\"},\"inLanguage\":\"tr\",\"potentialAction\":[{\"@type\":\"ReadAction\",\"target\":[\"https:\/\/www.peraavm.com\/index.php\/urun\/mutfak-masasi-tezgah-ustu-dolap-ici-raf-duzenleyici\/\"]}]},{\"@type\":\"ImageObject\",\"inLanguage\":\"tr\",\"@id\":\"https:\/\/www.peraavm.com\/index.php\/urun\/mutfak-masasi-tezgah-ustu-dolap-ici-raf-duzenleyici\/#primaryimage\",\"url\":\"https:\/\/www.peraavm.com\/wp-content\/uploads\/2021\/11\/s\u0327ablon-foto-site-2.jpg\",\"contentUrl\":\"https:\/\/www.peraavm.com\/wp-content\/uploads\/2021\/11\/s\u0327ablon-foto-site-2.jpg\",\"width\":300,\"height\":300},{\"@type\":\"BreadcrumbList\",\"@id\":\"https:\/\/www.peraavm.com\/index.php\/urun\/mutfak-masasi-tezgah-ustu-dolap-ici-raf-duzenleyici\/#breadcrumb\",\"itemListElement\":[{\"@type\":\"ListItem\",\"position\":1,\"name\":\"Anasayfa\",\"item\":\"https:\/\/www.peraavm.com\/\"},{\"@type\":\"ListItem\",\"position\":2,\"name\":\"Magaza\",\"item\":\"https:\/\/www.peraavm.com\/index.php\/magaza\/\"},{\"@type\":\"ListItem\",\"position\":3,\"name\":\"Mutfak Masas\u0131 Tezgah \u00dcst\u00fc Dolap I\u00e7i Raf D\u00fczenleyici\"}]},{\"@type\":\"WebSite\",\"@id\":\"https:\/\/www.peraavm.com\/#website\",\"url\":\"https:\/\/www.peraavm.com\/\",\"name\":\"Pratikmagazam.com\",\"description\":\"\",\"publisher\":{\"@id\":\"https:\/\/www.peraavm.com\/#organization\"},\"potentialAction\":[{\"@type\":\"SearchAction\",\"target\":{\"@type\":\"EntryPoint\",\"urlTemplate\":\"https:\/\/www.peraavm.com\/?s={search_term_string}\"},\"query-input\":{\"@type\":\"PropertyValueSpecification\",\"valueRequired\":true,\"valueName\":\"search_term_string\"}}],\"inLanguage\":\"tr\"},{\"@type\":\"Organization\",\"@id\":\"https:\/\/www.peraavm.com\/#organization\",\"name\":\"pratikmagazam.com\",\"url\":\"https:\/\/www.peraavm.com\/\",\"logo\":{\"@type\":\"ImageObject\",\"inLanguage\":\"tr\",\"@id\":\"https:\/\/www.peraavm.com\/#\/schema\/logo\/image\/\",\"url\":\"https:\/\/www.pratikmagazam.com\/wp-content\/uploads\/2021\/11\/Ekran-Resmi-2021-11-17-08.16.13.png\",\"contentUrl\":\"https:\/\/www.pratikmagazam.com\/wp-content\/uploads\/2021\/11\/Ekran-Resmi-2021-11-17-08.16.13.png\",\"width\":477,\"height\":135,\"caption\":\"pratikmagazam.com\"},\"image\":{\"@id\":\"https:\/\/www.peraavm.com\/#\/schema\/logo\/image\/\"},\"sameAs\":[\"https:\/\/instagram.com\/pratikmagazam?utm_medium=copy_link\"]}]}<\/script>\n<!-- \/ Yoast SEO plugin. -->","yoast_head_json":{"title":"Mutfak Masas\u0131 Tezgah \u00dcst\u00fc Dolap I\u00e7i Raf D\u00fczenleyici |","description":"Mutfak Masas\u0131 Tezgah \u00dcst\u00fc Dolap I\u00e7i Raf D\u00fczenleyiciMutfak Masas\u0131 Tezgah \u00dcst\u00fc Dolap I\u00e7i Raf D\u00fczenleyici \u00dcr\u00fcn \u00f6l\u00e7\u00fcleri: 14x30cm paket i\u00e7eri\u011fi: 1 adet pratik mutfak raf\u0131","robots":{"index":"index","follow":"follow","max-snippet":"max-snippet:-1","max-image-preview":"max-image-preview:large","max-video-preview":"max-video-preview:-1"},"canonical":"https:\/\/www.peraavm.com\/index.php\/urun\/mutfak-masasi-tezgah-ustu-dolap-ici-raf-duzenleyici\/","og_locale":"tr_TR","og_type":"article","og_title":"Mutfak Masas\u0131 Tezgah \u00dcst\u00fc Dolap I\u00e7i Raf D\u00fczenleyici |","og_description":"Mutfak Masas\u0131 Tezgah \u00dcst\u00fc Dolap I\u00e7i Raf D\u00fczenleyiciMutfak Masas\u0131 Tezgah \u00dcst\u00fc Dolap I\u00e7i Raf D\u00fczenleyici \u00dcr\u00fcn \u00f6l\u00e7\u00fcleri: 14x30cm paket i\u00e7eri\u011fi: 1 adet pratik mutfak raf\u0131","og_url":"https:\/\/www.peraavm.com\/index.php\/urun\/mutfak-masasi-tezgah-ustu-dolap-ici-raf-duzenleyici\/","article_modified_time":"2026-01-17T12:15:48+00:00","og_image":[{"width":300,"height":300,"url":"https:\/\/www.peraavm.com\/wp-content\/uploads\/2021\/11\/s\u0327ablon-foto-site-2.jpg","type":"image\/jpeg"}],"twitter_card":"summary_large_image","twitter_misc":{"Tahmini okuma s\u00fcresi":"1 dakika"},"schema":{"@context":"https:\/\/schema.org","@graph":[{"@type":"WebPage","@id":"https:\/\/www.peraavm.com\/index.php\/urun\/mutfak-masasi-tezgah-ustu-dolap-ici-raf-duzenleyici\/","url":"https:\/\/www.peraavm.com\/index.php\/urun\/mutfak-masasi-tezgah-ustu-dolap-ici-raf-duzenleyici\/","name":"Mutfak Masas\u0131 Tezgah \u00dcst\u00fc Dolap I\u00e7i Raf D\u00fczenleyici |","isPartOf":{"@id":"https:\/\/www.peraavm.com\/#website"},"primaryImageOfPage":{"@id":"https:\/\/www.peraavm.com\/index.php\/urun\/mutfak-masasi-tezgah-ustu-dolap-ici-raf-duzenleyici\/#primaryimage"},"image":{"@id":"https:\/\/www.peraavm.com\/index.php\/urun\/mutfak-masasi-tezgah-ustu-dolap-ici-raf-duzenleyici\/#primaryimage"},"thumbnailUrl":"https:\/\/www.peraavm.com\/wp-content\/uploads\/2021\/11\/s\u0327ablon-foto-site-2.jpg","datePublished":"2021-11-29T09:11:43+00:00","dateModified":"2026-01-17T12:15:48+00:00","description":"Mutfak Masas\u0131 Tezgah \u00dcst\u00fc Dolap I\u00e7i Raf D\u00fczenleyiciMutfak Masas\u0131 Tezgah \u00dcst\u00fc Dolap I\u00e7i Raf D\u00fczenleyici \u00dcr\u00fcn \u00f6l\u00e7\u00fcleri: 14x30cm paket i\u00e7eri\u011fi: 1 adet pratik mutfak raf\u0131","breadcrumb":{"@id":"https:\/\/www.peraavm.com\/index.php\/urun\/mutfak-masasi-tezgah-ustu-dolap-ici-raf-duzenleyici\/#breadcrumb"},"inLanguage":"tr","potentialAction":[{"@type":"ReadAction","target":["https:\/\/www.peraavm.com\/index.php\/urun\/mutfak-masasi-tezgah-ustu-dolap-ici-raf-duzenleyici\/"]}]},{"@type":"ImageObject","inLanguage":"tr","@id":"https:\/\/www.peraavm.com\/index.php\/urun\/mutfak-masasi-tezgah-ustu-dolap-ici-raf-duzenleyici\/#primaryimage","url":"https:\/\/www.peraavm.com\/wp-content\/uploads\/2021\/11\/s\u0327ablon-foto-site-2.jpg","contentUrl":"https:\/\/www.peraavm.com\/wp-content\/uploads\/2021\/11\/s\u0327ablon-foto-site-2.jpg","width":300,"height":300},{"@type":"BreadcrumbList","@id":"https:\/\/www.peraavm.com\/index.php\/urun\/mutfak-masasi-tezgah-ustu-dolap-ici-raf-duzenleyici\/#breadcrumb","itemListElement":[{"@type":"ListItem","position":1,"name":"Anasayfa","item":"https:\/\/www.peraavm.com\/"},{"@type":"ListItem","position":2,"name":"Magaza","item":"https:\/\/www.peraavm.com\/index.php\/magaza\/"},{"@type":"ListItem","position":3,"name":"Mutfak Masas\u0131 Tezgah \u00dcst\u00fc Dolap I\u00e7i Raf D\u00fczenleyici"}]},{"@type":"WebSite","@id":"https:\/\/www.peraavm.com\/#website","url":"https:\/\/www.peraavm.com\/","name":"Pratikmagazam.com","description":"","publisher":{"@id":"https:\/\/www.peraavm.com\/#organization"},"potentialAction":[{"@type":"SearchAction","target":{"@type":"EntryPoint","urlTemplate":"https:\/\/www.peraavm.com\/?s={search_term_string}"},"query-input":{"@type":"PropertyValueSpecification","valueRequired":true,"valueName":"search_term_string"}}],"inLanguage":"tr"},{"@type":"Organization","@id":"https:\/\/www.peraavm.com\/#organization","name":"pratikmagazam.com","url":"https:\/\/www.peraavm.com\/","logo":{"@type":"ImageObject","inLanguage":"tr","@id":"https:\/\/www.peraavm.com\/#\/schema\/logo\/image\/","url":"https:\/\/www.pratikmagazam.com\/wp-content\/uploads\/2021\/11\/Ekran-Resmi-2021-11-17-08.16.13.png","contentUrl":"https:\/\/www.pratikmagazam.com\/wp-content\/uploads\/2021\/11\/Ekran-Resmi-2021-11-17-08.16.13.png","width":477,"height":135,"caption":"pratikmagazam.com"},"image":{"@id":"https:\/\/www.peraavm.com\/#\/schema\/logo\/image\/"},"sameAs":["https:\/\/instagram.com\/pratikmagazam?utm_medium=copy_link"]}]}},"_links":{"self":[{"href":"https:\/\/www.peraavm.com\/index.php\/wp-json\/wp\/v2\/product\/979","targetHints":{"allow":["GET"]}}],"collection":[{"href":"https:\/\/www.peraavm.com\/index.php\/wp-json\/wp\/v2\/product"}],"about":[{"href":"https:\/\/www.peraavm.com\/index.php\/wp-json\/wp\/v2\/types\/product"}],"replies":[{"embeddable":true,"href":"https:\/\/www.peraavm.com\/index.php\/wp-json\/wp\/v2\/comments?post=979"}],"wp:featuredmedia":[{"embeddable":true,"href":"https:\/\/www.peraavm.com\/index.php\/wp-json\/wp\/v2\/media\/980"}],"wp:attachment":[{"href":"https:\/\/www.peraavm.com\/index.php\/wp-json\/wp\/v2\/media?parent=979"}],"wp:term":[{"taxonomy":"product_brand","embeddable":true,"href":"https:\/\/www.peraavm.com\/index.php\/wp-json\/wp\/v2\/product_brand?post=979"},{"taxonomy":"product_cat","embeddable":true,"href":"https:\/\/www.peraavm.com\/index.php\/wp-json\/wp\/v2\/product_cat?post=979"},{"taxonomy":"product_tag","embeddable":true,"href":"https:\/\/www.peraavm.com\/index.php\/wp-json\/wp\/v2\/product_tag?post=979"}],"curies":[{"name":"wp","href":"https:\/\/api.w.org\/{rel}","templated":true}]}}